{"id":28,"date":"2022-09-05T08:23:11","date_gmt":"2022-09-05T08:23:11","guid":{"rendered":"https:\/\/fishfoodmachinery.com\/?page_id=28"},"modified":"2022-09-08T10:21:38","modified_gmt":"2022-09-08T10:21:38","slug":"about-us","status":"publish","type":"page","link":"https:\/\/fishfoodmachinery.com\/es\/about-us\/","title":{"rendered":"Sobre nosotros"},"content":{"rendered":"<h2 class=\"wp-block-heading\" id=\"h-taizy-machinery-the-reliable-fish-feed-pellet-machine-manufacturer-supplier\"><strong>Taizy Machinery: el fabricante y proveedor confiable de m\u00e1quinas peletizadoras para alimento para peces<\/strong><\/h2>    <div class=\"wp-block-media-text alignwide is-stacked-on-mobile\"><figure class=\"wp-block-media-text__media\"><img loading=\"lazy\" decoding=\"async\" width=\"720\" height=\"350\" src=\"https:\/\/fishfoodmachinery.com\/wp-content\/uploads\/2022\/09\/fish-feed-pellet-mill-in-stock.webp\" alt=\"Molino de pellets de alimento para peces en stock\" class=\"wp-image-161 size-full\" title=\"\" srcset=\"https:\/\/fishfoodmachinery.com\/wp-content\/uploads\/2022\/09\/fish-feed-pellet-mill-in-stock.webp 720w, https:\/\/fishfoodmachinery.com\/wp-content\/uploads\/2022\/09\/fish-feed-pellet-mill-in-stock-300x146.webp 300w\" sizes=\"auto, (max-width: 720px) 100vw, 720px\" \/><\/figure><div class=\"wp-block-media-text__content\"> <p class=\"translation-block\">Taizy Machinery es un fabricante y proveedor profesional y de confianza de la <a href=\"https:\/\/fishfoodmachinery.com\/es\/product\/floating-fish-feed-machine\/\" target=\"_blank\" rel=\"noreferrer noopener\">m\u00e1quina de pellets para piensos de pescado<\/a>.<\/p> <\/div><\/div>    <p class=\"translation-block\">Nuestras extrusoras de pellets para piensos de pescado son muy populares en el extranjero y a menudo se suministran a distribuidores, as\u00ed como a proyectos licitados. Los principales pa\u00edses son <strong>Per\u00fa, Angola, Malasia, B\u00e9lgica, Ghana, N\u00edger<\/strong>, etc. Si est\u00e1 interesado, \u00a1bienvenido a <a href=\"https:\/\/fishfoodmachinery.com\/es\/contact-us\/\" target=\"_blank\" rel=\"noreferrer noopener\">contactarnos<\/a>!<\/p>    <h2 class=\"wp-block-heading\" id=\"h-exhibitions-held-abroad\"><strong>Exposiciones realizadas en el extranjero<\/strong><\/h2>    <p>Ya nos han invitado a participar en varias exposiciones en el extranjero, lo que demuestra que nuestra empresa Taizy es muy s\u00f3lida, tiene cierta reputaci\u00f3n en el extranjero y es una empresa en la que nuestros clientes pueden confiar.<\/p>   <div class=\"wp-block-image\"> <figure class=\"aligncenter size-full\"><img loading=\"lazy\" decoding=\"async\" width=\"750\" height=\"750\" src=\"https:\/\/fishfoodmachinery.com\/wp-content\/uploads\/2022\/09\/Exhibition.webp\" alt=\"Exhibici\u00f3n\" class=\"wp-image-214\" title=\"\" srcset=\"https:\/\/fishfoodmachinery.com\/wp-content\/uploads\/2022\/09\/Exhibition.webp 750w, https:\/\/fishfoodmachinery.com\/wp-content\/uploads\/2022\/09\/Exhibition-300x300.webp 300w, https:\/\/fishfoodmachinery.com\/wp-content\/uploads\/2022\/09\/Exhibition-150x150.webp 150w\" sizes=\"auto, (max-width: 750px) 100vw, 750px\" \/><figcaption>Exhibici\u00f3n<\/figcaption><\/figure> <\/div>   <h2 class=\"wp-block-heading\" id=\"h-horned-certificates\"><strong>Certificados con cuernos<\/strong><\/h2>    <p>La empresa Taizy cuenta con una variedad de certificados que demuestran firmemente la calidad superior de las m\u00e1quinas peletizadoras de alimento para peces de nuestra empresa.<\/p>    <figure class=\"wp-block-image size-full\"><img loading=\"lazy\" decoding=\"async\" width=\"750\" height=\"750\" src=\"https:\/\/fishfoodmachinery.com\/wp-content\/uploads\/2022\/09\/Certificate.webp\" alt=\"Certificado\" class=\"wp-image-211\" title=\"\" srcset=\"https:\/\/fishfoodmachinery.com\/wp-content\/uploads\/2022\/09\/Certificate.webp 750w, https:\/\/fishfoodmachinery.com\/wp-content\/uploads\/2022\/09\/Certificate-300x300.webp 300w, https:\/\/fishfoodmachinery.com\/wp-content\/uploads\/2022\/09\/Certificate-150x150.webp 150w\" sizes=\"auto, (max-width: 750px) 100vw, 750px\" \/><figcaption>Certificado<\/figcaption><\/figure>    <h2 class=\"wp-block-heading\" id=\"h-customer-feedback\"><strong>Comentarios de los clientes<\/strong><\/h2>    <div class=\"wp-block-media-text alignwide is-stacked-on-mobile\"><figure class=\"wp-block-media-text__media\"><img loading=\"lazy\" decoding=\"async\" width=\"541\" height=\"939\" src=\"https:\/\/fishfoodmachinery.com\/wp-content\/uploads\/2022\/09\/customer-feedback.webp\" alt=\"comentarios de los clientes\" class=\"wp-image-216 size-full\" title=\"\" srcset=\"https:\/\/fishfoodmachinery.com\/wp-content\/uploads\/2022\/09\/customer-feedback.webp 541w, https:\/\/fishfoodmachinery.com\/wp-content\/uploads\/2022\/09\/customer-feedback-173x300.webp 173w\" sizes=\"auto, (max-width: 541px) 100vw, 541px\" \/><\/figure><div class=\"wp-block-media-text__content\"> <p>La imagen de la izquierda es lo que uno de nuestros clientes distribuidores dijo sobre nosotros. <\/p>    <p>De esto podemos ver que no solo nuestras m\u00e1quinas son de excelente calidad, sino que nuestro personal de ventas tambi\u00e9n tiene un rico conocimiento profesional y un servicio considerado.<\/p> <\/div><\/div>","protected":false},"excerpt":{"rendered":"<p>Taizy Machinery &#8211; the reliable fish feed pellet machine manufacturer &amp; supplier Taizy Machinery is a professional and trustworthy manufacturer and supplier of the fish food pellet machine. Our fish food pellet mills are very popular overseas and are often supplied to distributors as well as tender projects. The main countries are Peru, Angola, Malaysia, [&hellip;]<\/p>\n","protected":false},"author":1,"featured_media":0,"parent":0,"menu_order":0,"comment_status":"closed","ping_status":"closed","template":"","meta":{"footnotes":""},"class_list":["post-28","page","type-page","status-publish","hentry"],"_links":{"self":[{"href":"https:\/\/fishfoodmachinery.com\/es\/wp-json\/wp\/v2\/pages\/28","targetHints":{"allow":["GET"]}}],"collection":[{"href":"https:\/\/fishfoodmachinery.com\/es\/wp-json\/wp\/v2\/pages"}],"about":[{"href":"https:\/\/fishfoodmachinery.com\/es\/wp-json\/wp\/v2\/types\/page"}],"author":[{"embeddable":true,"href":"https:\/\/fishfoodmachinery.com\/es\/wp-json\/wp\/v2\/users\/1"}],"replies":[{"embeddable":true,"href":"https:\/\/fishfoodmachinery.com\/es\/wp-json\/wp\/v2\/comments?post=28"}],"version-history":[{"count":0,"href":"https:\/\/fishfoodmachinery.com\/es\/wp-json\/wp\/v2\/pages\/28\/revisions"}],"wp:attachment":[{"href":"https:\/\/fishfoodmachinery.com\/es\/wp-json\/wp\/v2\/media?parent=28"}],"curies":[{"name":"wp","href":"https:\/\/api.w.org\/{rel}","templated":true}]}}