{"id":42,"date":"2022-09-05T08:49:15","date_gmt":"2022-09-05T08:49:15","guid":{"rendered":"https:\/\/fishfoodmachinery.com\/?post_type=product&#038;p=42"},"modified":"2024-06-13T16:36:49","modified_gmt":"2024-06-13T08:36:49","slug":"floating-fish-feed-machine","status":"publish","type":"product","link":"https:\/\/fishfoodmachinery.com\/es\/product\/floating-fish-feed-machine\/","title":{"rendered":"M\u00e1quina flotante de alimentaci\u00f3n de peces para la fabricaci\u00f3n de pellets de pescado"},"content":{"rendered":"<p class=\"translation-block\">La <strong>m\u00e1quina de alimento flotante para peces<\/strong> convierte la harina de soja, el salvado de arroz, la harina de pescado, la harina de hueso, la harina de ma\u00edz, la harina, etc. en pellets de alimento para peces con varias formas mediante calentamiento y extrusi\u00f3n. Tiene una capacidad de 40-350kg\/h, incluso m\u00e1s. <\/p>    <p>Las piscifactor\u00edas o los distribuidores est\u00e1n muy dispuestos a invertir en este tipo de m\u00e1quina de pellets de alimento para peces. Esta f\u00e1brica de pellets flotante para alimento para peces es econ\u00f3micamente eficiente y adecuada para uso industrial o comercial.<\/p>    <p class=\"translation-block\">Adem\u00e1s, la m\u00e1quina de pellet de alimento para peces Taizy es muy popular en el extranjero, como en <strong>Per\u00fa, Ghana, N\u00edger, Angola, Malasia, B\u00e9lgica<\/strong>, etc.<\/p>    <figure class=\"wp-block-embed is-type-video is-provider-youtube wp-block-embed-youtube wp-embed-aspect-16-9 wp-has-aspect-ratio\"><div class=\"wp-block-embed__wrapper\"> <iframe loading=\"lazy\" title=\"2022 M\u00e1quina de pellets flotante para alimentaci\u00f3n de peces | M\u00e1quina extrusora de alimento para peces para piscicultura #fishfeed\" width=\"500\" height=\"281\" src=\"https:\/\/www.youtube.com\/embed\/gKKTHR1NSBY?feature=oembed\" frameborder=\"0\" allow=\"accelerometer; autoplay; clipboard-write; encrypted-media; gyroscope; picture-in-picture; web-share\" referrerpolicy=\"strict-origin-when-cross-origin\" allowfullscreen><\/iframe> <\/div><figcaption class=\"wp-element-caption\">V\u00eddeo sobre c\u00f3mo hacer pellets de alimento para peces flotantes<\/figcaption><\/figure>    <h2 class=\"wp-block-heading\" id=\"h-what-is-the-floating-fish-feed-machine\"><strong>\u00bfQu\u00e9 es la m\u00e1quina flotante de alimentaci\u00f3n para peces?<\/strong><strong><\/strong><\/h2>    <p>La peletizadora flotante para alimento para peces es una m\u00e1quina para llevar a cabo diversas producciones de alimento acu\u00e1tico. Adem\u00e1s, tambi\u00e9n tenemos disponible la l\u00ednea de procesamiento de alimentos para peces. <\/p>    <p>El tama\u00f1o de la f\u00e1brica de pellets de pienso es \u03c61 mm, \u03c61,5 mm, \u03c62 mm, \u03c63 mm, \u03c63,5 mm, \u03c64 mm, \u03c65 mm, \u03c66,8 mm y varias formas. De todos modos, si desea producir alimento para peces, \u00a1bienvenido a contactarnos!<\/p>    <figure class=\"wp-block-gallery aligncenter has-nested-images columns-default is-cropped wp-block-gallery-2 is-layout-flex wp-block-gallery-is-layout-flex\"> <figure class=\"wp-block-image size-full\"><img loading=\"lazy\" decoding=\"async\" width=\"720\" height=\"540\" data-id=\"107\" src=\"https:\/\/fishfoodmachinery.com\/wp-content\/uploads\/2022\/09\/electric-motor-fish-feed-machine.webp\" alt=\"maquina-de-alimentacion-de-peces-con-motor-electrico\" class=\"wp-image-107\" title=\"\" srcset=\"https:\/\/fishfoodmachinery.com\/wp-content\/uploads\/2022\/09\/electric-motor-fish-feed-machine.webp 720w, https:\/\/fishfoodmachinery.com\/wp-content\/uploads\/2022\/09\/electric-motor-fish-feed-machine-300x225.webp 300w\" sizes=\"auto, (max-width: 720px) 100vw, 720px\" \/><figcaption class=\"wp-element-caption\">M\u00e1quina de alimentaci\u00f3n de peces con motor el\u00e9ctrico<\/figcaption><\/figure>    <figure class=\"wp-block-image size-full\"><img loading=\"lazy\" decoding=\"async\" width=\"720\" height=\"540\" data-id=\"106\" src=\"https:\/\/fishfoodmachinery.com\/wp-content\/uploads\/2022\/09\/diesel-engine-floating-fish-feed-pellet-mill.webp\" alt=\"Molino-de-pellets-para-alimento-para-peces-flotante-con-motor-di\u00e9sel\" class=\"wp-image-106\" title=\"\" srcset=\"https:\/\/fishfoodmachinery.com\/wp-content\/uploads\/2022\/09\/diesel-engine-floating-fish-feed-pellet-mill.webp 720w, https:\/\/fishfoodmachinery.com\/wp-content\/uploads\/2022\/09\/diesel-engine-floating-fish-feed-pellet-mill-300x225.webp 300w\" sizes=\"auto, (max-width: 720px) 100vw, 720px\" \/><figcaption class=\"wp-element-caption\">Molino de pellets flotante para alimento de peces con motor di\u00e9sel<\/figcaption><\/figure> <\/figure>    <h2 class=\"wp-block-heading\"><strong>Focos de peletizadora flotante para alimento de peces<\/strong><\/h2>    <ul class=\"wp-block-list\"> <li><strong>Producci\u00f3n de 40-350 kg\/h<\/strong>: Produzca pellets de alimento para peces de alta calidad r\u00e1pidamente y en grandes cantidades para satisfacer las necesidades de las granjas a gran escala.<\/li>    <li><strong>Operaci\u00f3n f\u00e1cil<\/strong>: Utilice \u00fanicamente el gabinete de control para operar la m\u00e1quina peletizadora de alimento para peces, incluso sin que los t\u00e9cnicos profesionales puedan operarla f\u00e1cilmente.<\/li>    <li><strong>Producci\u00f3n de pellets de alimento para peces diversos.<\/strong>: Esta m\u00e1quina extrusora de alimento para peces puede producir alimento para bagre, alimento para tilapia, alimento para carpa herb\u00edvora, etc.<\/li>    <li><strong>Excelente calidad de pellets<\/strong>: Los pellets de alimento para peces tienen un tama\u00f1o uniforme, una textura compacta y una nutrici\u00f3n equilibrada, lo que puede mejorar la tasa de alimentaci\u00f3n y la tasa de crecimiento de los peces.<\/li> <\/ul>    <h2 class=\"wp-block-heading\" id=\"h-specifications-of-the-fish-feed-making-feed-pellet-machine\"><strong>Especificaciones de la m\u00e1quina de fabricaci\u00f3n de piensos para peces <\/strong><\/h2>    <h3 class=\"wp-block-heading\" id=\"h-electric-floating-fish-feed-machine\"><strong>M\u00e1quina el\u00e9ctrica de alimentaci\u00f3n de peces flotante<\/strong><strong><\/strong><\/h3>    <figure class=\"wp-block-table\"><table><tbody><tr><td>Modelo<\/td><td>Capacidad<\/td><td>Poder principal<\/td><td>poder de corte<\/td><td>Alimentaci\u00f3n de alimentaci\u00f3n<\/td><td>Di\u00e1metro del tornillo<\/td><td>Tama\u00f1o<\/td><td>Peso<\/td><\/tr><tr><td>DGP-40<\/td><td>40-50kg\/hora<\/td><td>7,5kW<\/td><td>0,4kW<\/td><td>0,4kW<\/td><td>40mm<\/td><td>1260*860*1250mm<\/td><td>290kg<\/td><\/tr><tr><td>DGP-60<\/td><td>150kg\/hora<\/td><td>15kW<\/td><td>0,4kW<\/td><td>0,4kW<\/td><td>60mm<\/td><td>1450*950*1430mm<\/td><td>480 kilos<\/td><\/tr><tr><td>DGP-70<\/td><td>180-250kg\/hora<\/td><td>18,5kW<\/td><td>0,4kW<\/td><td>0,4kW<\/td><td>70mm<\/td><td>1600*1400*1450mm<\/td><td>600 kilos<\/td><\/tr><tr><td>DGP-80<\/td><td>300-350kg\/hora<\/td><td>22kW<\/td><td>0,4kW<\/td><td>0,4kW<\/td><td>80mm<\/td><td>1850*1470*1500mm<\/td><td>800 kilos<\/td><\/tr><\/tbody><\/table><figcaption class=\"wp-element-caption\">Datos t\u00e9cnicos de la m\u00e1quina para fabricar alimentos para peces con motor el\u00e9ctrico<\/figcaption><\/figure>    <h3 class=\"wp-block-heading\" id=\"h-diesel-engine-floating-fish-feed-pellet-machine\"><strong>Peletizadora flotante de alimento para peces con motor di\u00e9sel<\/strong><strong><\/strong><\/h3>    <figure class=\"wp-block-table\"><table><tbody><tr><td>Modelo<\/td><td>Capacidad<\/td><td>Poder principal<\/td><td>poder de corte<\/td><td>Alimentaci\u00f3n de alimentaci\u00f3n<\/td><td>Di\u00e1metro del tornillo<\/td><td>Tama\u00f1o<\/td><td>Peso<\/td><\/tr><tr><td>DGP-40<\/td><td>40-50kg\/hora<\/td><td>12HP<\/td><td>0,4kW<\/td><td>0,4kW<\/td><td>40mm<\/td><td>1400*1350*1100mm<\/td><td>390 kilos<\/td><\/tr><tr><td>DGP-60<\/td><td>150kg\/hora<\/td><td>22HP<\/td><td>0,4kW<\/td><td>0,4kW<\/td><td>60mm<\/td><td>1450*950*1430mm<\/td><td>590 kilos<\/td><\/tr><tr><td>DGP-70<\/td><td>180-250kg\/hora<\/td><td>25 CV<\/td><td>0,4kW<\/td><td>0,4kW<\/td><td>70mm<\/td><td>1640*1550*1080mm<\/td><td>780 kilos<\/td><\/tr><tr><td>DGP-80<\/td><td>300-350kg\/hora<\/td><td>35HP<\/td><td>0,4kW<\/td><td>0,4kW<\/td><td>80mm<\/td><td>1700*1400*1000mm<\/td><td>1000 kilos<\/td><\/tr><\/tbody><\/table><figcaption class=\"wp-element-caption\">Par\u00e1metros t\u00e9cnicos de la peletizadora de alimento para peces con motor di\u00e9sel<\/figcaption><\/figure>    <h2 class=\"wp-block-heading\" id=\"h-molds-and-feed-pellets-display\"><strong>Expositor de moldes y pellets de pienso.<\/strong><\/h2>    <div class=\"wp-block-media-text alignwide is-stacked-on-mobile\"><figure class=\"wp-block-media-text__media\"><img loading=\"lazy\" decoding=\"async\" width=\"720\" height=\"450\" src=\"https:\/\/fishfoodmachinery.com\/wp-content\/uploads\/2022\/09\/feed-pellet-moulds.webp\" alt=\"moldes de pellets de alimentaci\u00f3n\" class=\"wp-image-84 size-full\" title=\"\" srcset=\"https:\/\/fishfoodmachinery.com\/wp-content\/uploads\/2022\/09\/feed-pellet-moulds.webp 720w, https:\/\/fishfoodmachinery.com\/wp-content\/uploads\/2022\/09\/feed-pellet-moulds-300x188.webp 300w\" sizes=\"auto, (max-width: 720px) 100vw, 720px\" \/><\/figure><div class=\"wp-block-media-text__content\"> <p>Varios moldes pueden producir diferentes pellets de alimento. T\u00fa simplemente eliges lo que quieres.<\/p> <\/div><\/div>    <div class=\"wp-block-media-text alignwide has-media-on-the-right is-stacked-on-mobile\"><div class=\"wp-block-media-text__content\"> <p>La m\u00e1quina de pellets de alimento para peces Taizy puede producir varios pellets de alimento para peces. Los detalles se muestran en la imagen de la derecha.<\/p> <\/div><figure class=\"wp-block-media-text__media\"><img loading=\"lazy\" decoding=\"async\" width=\"720\" height=\"540\" src=\"https:\/\/fishfoodmachinery.com\/wp-content\/uploads\/2022\/09\/various-fish-feed-pellets.webp\" alt=\"varios pellets de alimento para peces\" class=\"wp-image-184 size-full\" title=\"\" srcset=\"https:\/\/fishfoodmachinery.com\/wp-content\/uploads\/2022\/09\/various-fish-feed-pellets.webp 720w, https:\/\/fishfoodmachinery.com\/wp-content\/uploads\/2022\/09\/various-fish-feed-pellets-300x225.webp 300w\" sizes=\"auto, (max-width: 720px) 100vw, 720px\" \/><\/figure><\/div>    <h2 class=\"wp-block-heading\" id=\"h-raw-materials-for-fish-feed-pellets\"><strong>Materias primas para pellets de alimento para peces<\/strong><strong><\/strong><\/h2>    <p>Las materias primas pueden ser harina de soja, colza, salvado de arroz, harina de pescado, harina de huesos, harina de ma\u00edz, harina, etc.\u00a0Hay varios granos disponibles. <\/p>    <p>\u00a1Esta m\u00e1quina flotante de alimento para peces es un equipo extrusor de alimento profesional que utiliza estas materias primas para producir varios gr\u00e1nulos de alimento!<\/p>   <div class=\"wp-block-image\"> <figure class=\"aligncenter size-full\"><img loading=\"lazy\" decoding=\"async\" width=\"720\" height=\"500\" src=\"https:\/\/fishfoodmachinery.com\/wp-content\/uploads\/2022\/09\/raw-materials.webp\" alt=\"materias primas\" class=\"wp-image-109\" title=\"\" srcset=\"https:\/\/fishfoodmachinery.com\/wp-content\/uploads\/2022\/09\/raw-materials.webp 720w, https:\/\/fishfoodmachinery.com\/wp-content\/uploads\/2022\/09\/raw-materials-300x208.webp 300w\" sizes=\"auto, (max-width: 720px) 100vw, 720px\" \/><figcaption class=\"wp-element-caption\">materias primas<\/figcaption><\/figure> <\/div>   <h2 class=\"wp-block-heading\" id=\"h-applications-of-the-fish-feed-pelleting-machine\"><strong><strong>Aplicaciones de la m\u00e1quina granuladora de alimento para peces<\/strong><\/strong><\/h2>    <ul class=\"wp-block-list\"> <li><strong>Varios peces<\/strong>: carpa herb\u00edvora, peces ornamentales, peces marinos, anguila, carpa, tilapia, camar\u00f3n blanco sudamericano, locha, bagre, lenguado, esturi\u00f3n, etc.<\/li>    <li><strong>Mascotas<\/strong>: perros, gatos, loros, conejos, etc.<\/li>    <li><strong>Otros<\/strong>: tortugas, camarones, etc.<\/li> <\/ul>    <h2 class=\"wp-block-heading\" id=\"h-structure-of-the-fish-feed-pellet-machine\"><strong>Estructura de la peletizadora flotante para alimento de peces<\/strong><\/h2>    <p>La m\u00e1quina infladora en seco tipo DGP se compone principalmente de un alimentador, un dispositivo de inflado por extrusi\u00f3n, un sistema de potencia y transmisi\u00f3n, un marco, un sistema de control el\u00e9ctrico, etc. Esta m\u00e1quina peletizadora para alimento para peces tiene un excelente dise\u00f1o y una estructura razonable, lo cual es beneficioso para los usuarios.<\/p>   <div class=\"wp-block-image\"> <figure class=\"aligncenter size-full\"><img loading=\"lazy\" decoding=\"async\" width=\"720\" height=\"720\" src=\"https:\/\/fishfoodmachinery.com\/wp-content\/uploads\/2022\/09\/fish-feed-pellet-machine.webp\" alt=\"peletizadora de alimento para peces\" class=\"wp-image-113\" title=\"\" srcset=\"https:\/\/fishfoodmachinery.com\/wp-content\/uploads\/2022\/09\/fish-feed-pellet-machine.webp 720w, https:\/\/fishfoodmachinery.com\/wp-content\/uploads\/2022\/09\/fish-feed-pellet-machine-300x300.webp 300w, https:\/\/fishfoodmachinery.com\/wp-content\/uploads\/2022\/09\/fish-feed-pellet-machine-150x150.webp 150w\" sizes=\"auto, (max-width: 720px) 100vw, 720px\" \/><figcaption class=\"wp-element-caption\">peletizadora de alimento para peces<\/figcaption><\/figure> <\/div>   <h2 class=\"wp-block-heading\" id=\"h-how-does-the-floating-fish-feed-machine-work\"><strong>\u00bfC\u00f3mo funciona la m\u00e1quina flotante de alimentaci\u00f3n para peces?<\/strong><strong><\/strong><\/h2>   <div id=\"rank-math-howto\" class=\"rank-math-block\" > <div class=\"rank-math-howto-description\">  <\/div>  <div class=\"rank-math-steps\"> <div id=\"howto-step-1705052074061\" class=\"rank-math-step\"> <h3 class=\"rank-math-step-title\"><strong>Alimentaci\u00f3n de materias primas<\/strong><\/h3> <div class=\"rank-math-step-content\"><p>Los ingredientes del alimento para peces, como harina de pescado, harina de soja, harina de ma\u00edz, etc., que han sido cient\u00edficamente formulados y combinados, se pesan con precisi\u00f3n y luego se colocan uniformemente en la tolva de la m\u00e1quina flotante de alimento para peces.<\/p> <\/div> <\/div> <div id=\"howto-step-1705052323060\" class=\"rank-math-step\"> <h3 class=\"rank-math-step-title\"><strong>Procesamiento de extrusi\u00f3n y expansi\u00f3n por calor.<\/strong><\/h3> <div class=\"rank-math-step-content\"><p>Encienda el equipo y las materias primas se procesar\u00e1n mediante la funci\u00f3n avanzada de calentamiento y expansi\u00f3n dentro de la m\u00e1quina peletizadora de alimento para peces. <br \/>Bajo altas temperaturas y presi\u00f3n, las materias primas se cocinan completamente y forman una estructura f\u00e1cil de digerir y absorber y, al mismo tiempo, se extruyen y moldean en la forma y tama\u00f1o requeridos.<\/p> <\/div> <\/div> <div id=\"howto-step-1705052357343\" class=\"rank-math-step\"> <h3 class=\"rank-math-step-title\"><strong>Descarga de pellets de pescado terminado<\/strong><\/h3> <div class=\"rank-math-step-content\"><p>Los gr\u00e1nulos de alimento para peces expandidos y moldeados terminados se descargan autom\u00e1ticamente desde el puerto de descarga de la m\u00e1quina de alimento para peces flotante despu\u00e9s de alcanzar la dureza y densidad deseadas. <br \/>Estos gr\u00e1nulos de alimento para peces, nutritivos y moderadamente flotantes, no solo son f\u00e1ciles de almacenar y transportar, sino que tambi\u00e9n favorecen la alimentaci\u00f3n de los peces, lo que mejora en gran medida los beneficios de la acuicultura.<\/p> <\/div> <\/div> <\/div> <\/div>       <h2 class=\"wp-block-heading\" id=\"h-successful-case-2-sets-of-model-40-and-2-sets-of-model-60-small-floating-fish-feed-machine-shipped-to-peru\"><strong>Casos exitosos de m\u00e1quina para fabricar alimentos para peces.<\/strong><\/h2>    <p class=\"translation-block\"><strong>2 juegos de modelo-40 y 2 juegos de modelo-60 peque\u00f1as m\u00e1quinas de alimento flotante para peces enviadas a Per\u00fa<\/strong><\/p>    <p>Un cliente de Per\u00fa pregunt\u00f3 acerca de la peque\u00f1a m\u00e1quina de pellets para alimento para peces a la venta. La m\u00e1quina peletizadora de alimento para peces puede producir varios pellets de alimento. El cliente peruano compr\u00f3 la mini m\u00e1quina de alimentaci\u00f3n para peces para su cliente. <\/p>    <p>Nuestro gerente de ventas le envi\u00f3 los detalles de la m\u00e1quina. Despu\u00e9s de revisarlo, el cliente qued\u00f3 muy satisfecho y confirm\u00f3 varias preguntas nuevamente. Despu\u00e9s de eso, pidi\u00f3 un total de 4 juegos: 2 juegos de el\u00e9ctricos y 2 juegos de motores di\u00e9sel. Y empaquetamos la m\u00e1quina en la caja de madera y la enviamos a su destino.<\/p>   <div class=\"wp-block-image\"> <figure class=\"aligncenter size-full\"><img loading=\"lazy\" decoding=\"async\" width=\"720\" height=\"540\" src=\"https:\/\/fishfoodmachinery.com\/wp-content\/uploads\/2022\/09\/package-the-floating-fish-feed-pellet-machine.webp\" alt=\"Empaquetar la peletizadora flotante para alimento de peces\" class=\"wp-image-115\" title=\"\" srcset=\"https:\/\/fishfoodmachinery.com\/wp-content\/uploads\/2022\/09\/package-the-floating-fish-feed-pellet-machine.webp 720w, https:\/\/fishfoodmachinery.com\/wp-content\/uploads\/2022\/09\/package-the-floating-fish-feed-pellet-machine-300x225.webp 300w\" sizes=\"auto, (max-width: 720px) 100vw, 720px\" \/><figcaption class=\"wp-element-caption\">Empaquetar la m\u00e1quina de pellets de alimento para peces<\/figcaption><\/figure> <\/div>   <p class=\"translation-block\"><strong>M\u00e1quina de pellet de alimento para peces m\u00e1s vendida enviada a Burkina Faso<\/strong><\/p>    <p>Nuestra m\u00e1quina flotante de alimento para peces se ha instalado con \u00e9xito en una base de acuicultura a gran escala en Burkina Faso, un pa\u00eds de \u00c1frica occidental, lo que ha mejorado significativamente la eficiencia y la calidad de la producci\u00f3n local de alimento.<\/p>    <p>Mediante la introducci\u00f3n de equipos avanzados, la granja ha reducido los costos operativos, ha aumentado el crecimiento y la producci\u00f3n de peces e inyectado un fuerte impulso al desarrollo de la industria pesquera en Burkina Faso.<\/p>    <figure class=\"wp-block-gallery aligncenter has-nested-images columns-default is-cropped wp-block-gallery-3 is-layout-flex wp-block-gallery-is-layout-flex\"> <figure class=\"wp-block-image size-large\"><img loading=\"lazy\" decoding=\"async\" width=\"540\" height=\"720\" data-id=\"741\" src=\"https:\/\/fishfoodmachinery.com\/wp-content\/uploads\/2023\/11\/fish-feed-pellet-making-machine.webp\" alt=\"M\u00e1quina para fabricar pellets de alimento para peces\" class=\"wp-image-741\" title=\"\" srcset=\"https:\/\/fishfoodmachinery.com\/wp-content\/uploads\/2023\/11\/fish-feed-pellet-making-machine.webp 540w, https:\/\/fishfoodmachinery.com\/wp-content\/uploads\/2023\/11\/fish-feed-pellet-making-machine-225x300.webp 225w\" sizes=\"auto, (max-width: 540px) 100vw, 540px\" \/><figcaption class=\"wp-element-caption\">M\u00e1quina para fabricar pellets de alimento para peces<\/figcaption><\/figure>    <figure class=\"wp-block-image size-large\"><img loading=\"lazy\" decoding=\"async\" width=\"540\" height=\"720\" data-id=\"742\" src=\"https:\/\/fishfoodmachinery.com\/wp-content\/uploads\/2023\/11\/package-of-floating-fish-feed-making-machine.webp\" alt=\"Paquete de m\u00e1quina para fabricar alimentos flotantes para peces.\" class=\"wp-image-742\" title=\"\" srcset=\"https:\/\/fishfoodmachinery.com\/wp-content\/uploads\/2023\/11\/package-of-floating-fish-feed-making-machine.webp 540w, https:\/\/fishfoodmachinery.com\/wp-content\/uploads\/2023\/11\/package-of-floating-fish-feed-making-machine-225x300.webp 225w\" sizes=\"auto, (max-width: 540px) 100vw, 540px\" \/><figcaption class=\"wp-element-caption\">Paquete de m\u00e1quina para fabricar alimentos flotantes para peces<\/figcaption><\/figure> <\/figure>    <h2 class=\"wp-block-heading\"><strong>\u00bfPor qu\u00e9 elegir Taizy como fabricante y proveedor de m\u00e1quinas flotantes de alimentaci\u00f3n para peces?<\/strong><\/h2>    <ul class=\"wp-block-list\"> <li><strong>Servicio personalizado profesional<\/strong>: Proporcionamos planes de dise\u00f1o y configuraci\u00f3n personalizados seg\u00fan las necesidades de los clientes y podemos producir alimentos flotantes para peces con diferentes especificaciones, formas y nutrientes para satisfacer las necesidades diversificadas de la acuicultura.<\/li>    <li><strong>Capacidad de producci\u00f3n eficiente<\/strong>: Las m\u00e1quinas de alimentaci\u00f3n para peces Taizy son altamente productivas y energ\u00e9ticamente eficientes, con una amplia gama de modelos desde 40 kg hasta 350 kg por hora, lo que le ayuda a mejorar la eficiencia de la producci\u00f3n y reducir los costos operativos.<\/li>    <li><strong>Buena reputaci\u00f3n en la industria.<\/strong>: La marca Taizy goza de una gran reputaci\u00f3n y buena reputaci\u00f3n en el pa\u00eds y en el extranjero, la confiabilidad de sus productos y servicio postventa es reconocida por la mayor\u00eda de los usuarios, elegir Taize significa elegir tranquilidad y \u00e9xito.<\/li> <\/ul>    <h2 class=\"wp-block-heading\"><strong>\u00a1Comience su negocio de fabricaci\u00f3n de pellets de alimento para peces ahora!<\/strong><\/h2>    <p class=\"translation-block\">\u00a1Hoy es el mejor momento para comenzar tu negocio de <a href=\"https:\/\/en.wikipedia.org\/wiki\/Commercial_fish_feed\" target=\"_blank\" rel=\"noopener\">pellets de alimento para peces<\/a>! Con la ayuda de la avanzada tecnolog\u00eda de molino de pellets de alimento para peces, puedes convertir r\u00e1pidamente materias primas de alta calidad en pellets de alimento para peces con alto valor nutricional. <\/p>    <p class=\"translation-block\">Cont\u00e1ctanos para descubrir c\u00f3mo podemos ayudarte no solo con m\u00e1quinas individuales, sino tambi\u00e9n con <a href=\"https:\/\/fishfoodmachinery.com\/es\/product\/small-floating-fish-feed-production-line\/\">l\u00edneas de producci\u00f3n de pellets de pescado<\/a> para la producci\u00f3n de pellets de alimento de alta calidad.<\/p>","protected":false},"excerpt":{"rendered":"<p>La m\u00e1quina flotante de alimento para peces utiliza harina de ma\u00edz, harina, etc. para producir alimento acu\u00e1tico para diversos peces, camarones, tortugas, etc. con una capacidad de 40-350 kg\/h. <\/p>","protected":false},"author":1,"featured_media":122,"parent":0,"template":"","tags":[15,12,24,14,16,10],"product-type":[8],"class_list":["post-42","product","type-product","status-publish","has-post-thumbnail","hentry","tag-animal-feed-pellet-machine","tag-dog-food-making-machine","tag-fish-feed","tag-fish-feed-extruder","tag-fish-feed-pellet-making-machine","tag-floating-fish-feed-production-line","product-type-fish-feed-pellet-machine"],"_links":{"self":[{"href":"https:\/\/fishfoodmachinery.com\/es\/wp-json\/wp\/v2\/product\/42","targetHints":{"allow":["GET"]}}],"collection":[{"href":"https:\/\/fishfoodmachinery.com\/es\/wp-json\/wp\/v2\/product"}],"about":[{"href":"https:\/\/fishfoodmachinery.com\/es\/wp-json\/wp\/v2\/types\/product"}],"author":[{"embeddable":true,"href":"https:\/\/fishfoodmachinery.com\/es\/wp-json\/wp\/v2\/users\/1"}],"wp:featuredmedia":[{"embeddable":true,"href":"https:\/\/fishfoodmachinery.com\/es\/wp-json\/wp\/v2\/media\/122"}],"wp:attachment":[{"href":"https:\/\/fishfoodmachinery.com\/es\/wp-json\/wp\/v2\/media?parent=42"}],"wp:term":[{"taxonomy":"post_tag","embeddable":true,"href":"https:\/\/fishfoodmachinery.com\/es\/wp-json\/wp\/v2\/tags?post=42"},{"taxonomy":"product-type","embeddable":true,"href":"https:\/\/fishfoodmachinery.com\/es\/wp-json\/wp\/v2\/product-type?post=42"}],"curies":[{"name":"wp","href":"https:\/\/api.w.org\/{rel}","templated":true}]}}