{"id":49,"date":"2022-09-06T03:45:34","date_gmt":"2022-09-06T03:45:34","guid":{"rendered":"https:\/\/fishfoodmachinery.com\/?post_type=product&#038;p=49"},"modified":"2024-06-11T17:19:39","modified_gmt":"2024-06-11T09:19:39","slug":"small-floating-fish-feed-production-line","status":"publish","type":"product","link":"https:\/\/fishfoodmachinery.com\/es\/product\/small-floating-fish-feed-production-line\/","title":{"rendered":"L\u00ednea de producci\u00f3n de alimento para peces flotantes peque\u00f1os"},"content":{"rendered":"<p class=\"translation-block\">Esta <strong>l\u00ednea de producci\u00f3n de alimento para peces flotante<\/strong> puede producir alimento para peces de varias formas y rendimientos mediante trituraci\u00f3n, mezcla, extrusi\u00f3n y secado. Tiene una salida de 40-350kg\/h, adecuada para plantas de acuicultura peque\u00f1as y medianas, etc. <\/p>    <p>Los alimentos producidos se pueden utilizar para los siguientes animales: todo tipo de peces, loros, camarones, etc. La l\u00ednea completa de producci\u00f3n de alimentos para peces es flexible, si est\u00e1 interesado en esto, \u00a1cont\u00e1ctenos!<\/p>    <figure class=\"wp-block-embed is-type-video is-provider-youtube wp-block-embed-youtube wp-embed-aspect-16-9 wp-has-aspect-ratio\"><div class=\"wp-block-embed__wrapper\"> <iframe loading=\"lazy\" title=\"L\u00ednea de producci\u00f3n de pellets de alimento flotante para peces simple y pr\u00e1ctica | C\u00f3mo hacer pellets de pienso #pellets\" width=\"500\" height=\"281\" src=\"https:\/\/www.youtube.com\/embed\/9BjNa9qqZpA?feature=oembed\" frameborder=\"0\" allow=\"accelerometer; autoplay; clipboard-write; encrypted-media; gyroscope; picture-in-picture; web-share\" referrerpolicy=\"strict-origin-when-cross-origin\" allowfullscreen><\/iframe> <\/div><figcaption class=\"wp-element-caption\">V\u00eddeo de introducci\u00f3n de la sencilla y pr\u00e1ctica l\u00ednea de producci\u00f3n de piensos flotantes para peces.<\/figcaption><\/figure>    <h2 class=\"wp-block-heading\" id=\"h-feed-pellet-sizes-and-shapes-that-can-be-produced\"><strong>Tama\u00f1os y formas de pellets de alimento que se pueden producir<\/strong><\/h2>    <p>Nuestra l\u00ednea de producci\u00f3n de alimento flotante para peces puede producir pellets de alimento de varios tama\u00f1os y formas, dependiendo de nuestros moldes. Nuestros moldes pueden producir varias formas de pellets de alimento, \u00a1p\u00f3ngase en contacto con nosotros para obtener m\u00e1s informaci\u00f3n!<\/p>   <div class=\"wp-block-image\"> <figure class=\"aligncenter size-full\"><img loading=\"lazy\" decoding=\"async\" width=\"720\" height=\"450\" src=\"https:\/\/fishfoodmachinery.com\/wp-content\/uploads\/2022\/09\/feed-pellet-moulds.webp\" alt=\"moldes de pellets de alimentaci\u00f3n\" class=\"wp-image-84\" title=\"\" srcset=\"https:\/\/fishfoodmachinery.com\/wp-content\/uploads\/2022\/09\/feed-pellet-moulds.webp 720w, https:\/\/fishfoodmachinery.com\/wp-content\/uploads\/2022\/09\/feed-pellet-moulds-300x188.webp 300w\" sizes=\"auto, (max-width: 720px) 100vw, 720px\" \/><figcaption class=\"wp-element-caption\">moldes de pellets de alimentaci\u00f3n<\/figcaption><\/figure> <\/div>   <h2 class=\"wp-block-heading\" id=\"h-how-to-produce-fish-food-pellets-in-taizy-floating-fish-feed-production-line\"><strong>\u00bfC\u00f3mo producir pellets de alimento para peces en la l\u00ednea de producci\u00f3n de alimento flotante para peces Taizy?<\/strong><\/h2>    <p>La producci\u00f3n de alimento para peces tiene los siguientes pasos en general:<\/p>    <div class=\"wp-block-media-text alignwide is-stacked-on-mobile\"><figure class=\"wp-block-media-text__media\"><img loading=\"lazy\" decoding=\"async\" width=\"720\" height=\"540\" src=\"https:\/\/fishfoodmachinery.com\/wp-content\/uploads\/2022\/09\/9FQ-disk-mill-machine.webp\" alt=\"Fresadora de discos 9FQ\" class=\"wp-image-86 size-full\" title=\"\" srcset=\"https:\/\/fishfoodmachinery.com\/wp-content\/uploads\/2022\/09\/9FQ-disk-mill-machine.webp 720w, https:\/\/fishfoodmachinery.com\/wp-content\/uploads\/2022\/09\/9FQ-disk-mill-machine-300x225.webp 300w\" sizes=\"auto, (max-width: 720px) 100vw, 720px\" \/><\/figure><div class=\"wp-block-media-text__content\"> <p class=\"translation-block\"><strong>Materiales de trituraci\u00f3n: m\u00e1quina 9FQ\/molino de disco<\/strong><\/p>    <p>Este paso consiste principalmente en triturar las materias primas. 9FQ o la m\u00e1quina trituradora son aplicables. La forma de elegir el adecuado depende de la capacidad de producci\u00f3n.<\/p> <\/div><\/div>    <div class=\"wp-block-media-text alignwide has-media-on-the-right is-stacked-on-mobile\"><div class=\"wp-block-media-text__content\"> <p class=\"translation-block\"><strong>Materiales de mezcla: m\u00e1quina mezcladora de alimento para peces<\/strong><\/p>    <p>Su funci\u00f3n es mezclar uniformemente, uniformar los materiales.<\/p> <\/div><figure class=\"wp-block-media-text__media\"><img loading=\"lazy\" decoding=\"async\" width=\"720\" height=\"540\" src=\"https:\/\/fishfoodmachinery.com\/wp-content\/uploads\/2022\/09\/fish-feed-mixer-machine.webp\" alt=\"m\u00e1quina mezcladora de alimento para peces\" class=\"wp-image-89 size-full\" title=\"\" srcset=\"https:\/\/fishfoodmachinery.com\/wp-content\/uploads\/2022\/09\/fish-feed-mixer-machine.webp 720w, https:\/\/fishfoodmachinery.com\/wp-content\/uploads\/2022\/09\/fish-feed-mixer-machine-300x225.webp 300w\" sizes=\"auto, (max-width: 720px) 100vw, 720px\" \/><\/figure><\/div>    <div class=\"wp-block-media-text alignwide is-stacked-on-mobile\"><figure class=\"wp-block-media-text__media\"><img loading=\"lazy\" decoding=\"async\" width=\"720\" height=\"540\" src=\"https:\/\/fishfoodmachinery.com\/wp-content\/uploads\/2022\/09\/screw-elevator.webp\" alt=\"elevador de tornillo\" class=\"wp-image-91 size-full\" title=\"\" srcset=\"https:\/\/fishfoodmachinery.com\/wp-content\/uploads\/2022\/09\/screw-elevator.webp 720w, https:\/\/fishfoodmachinery.com\/wp-content\/uploads\/2022\/09\/screw-elevator-300x225.webp 300w\" sizes=\"auto, (max-width: 720px) 100vw, 720px\" \/><\/figure><div class=\"wp-block-media-text__content\"> <p class=\"translation-block\"><strong>Elevaci\u00f3n: elevador de tornillo<\/strong><\/p>    <p>Env\u00ede los materiales del Paso 2 a la m\u00e1quina de pellets de pescado. Por supuesto, el parto tambi\u00e9n est\u00e1 bien.<\/p> <\/div><\/div>    <div class=\"wp-block-media-text alignwide has-media-on-the-right is-stacked-on-mobile\"><div class=\"wp-block-media-text__content\"> <p class=\"translation-block\"><strong>Producci\u00f3n de los pellets de alimento: <a href=\"https:\/\/fishfoodmachinery.com\/es\/product\/floating-fish-feed-machine\/\" target=\"_blank\" rel=\"noreferrer noopener\">m\u00e1quina de producci\u00f3n de alimento para peces flotante<\/a><\/strong><\/p>    <p>La m\u00e1quina flotante de alimento para peces es la pieza clave para producir excelentes pellets de alimento para peces. S\u00f3lo cambiando los moldes se pueden conseguir los diferentes tama\u00f1os y formas de pellets.<\/p> <\/div><figure class=\"wp-block-media-text__media\"><img loading=\"lazy\" decoding=\"async\" width=\"720\" height=\"540\" src=\"https:\/\/fishfoodmachinery.com\/wp-content\/uploads\/2022\/09\/fish-feed-production-machine.webp\" alt=\"m\u00e1quina de producci\u00f3n de alimento para peces\" class=\"wp-image-92 size-full\" title=\"\" srcset=\"https:\/\/fishfoodmachinery.com\/wp-content\/uploads\/2022\/09\/fish-feed-production-machine.webp 720w, https:\/\/fishfoodmachinery.com\/wp-content\/uploads\/2022\/09\/fish-feed-production-machine-300x225.webp 300w\" sizes=\"auto, (max-width: 720px) 100vw, 720px\" \/><\/figure><\/div>    <div class=\"wp-block-media-text alignwide is-stacked-on-mobile\"><figure class=\"wp-block-media-text__media\"><img loading=\"lazy\" decoding=\"async\" width=\"720\" height=\"540\" src=\"https:\/\/fishfoodmachinery.com\/wp-content\/uploads\/2022\/09\/dryer.webp\" alt=\"secadora\" class=\"wp-image-97 size-full\" title=\"\" srcset=\"https:\/\/fishfoodmachinery.com\/wp-content\/uploads\/2022\/09\/dryer.webp 720w, https:\/\/fishfoodmachinery.com\/wp-content\/uploads\/2022\/09\/dryer-300x225.webp 300w\" sizes=\"auto, (max-width: 720px) 100vw, 720px\" \/><\/figure><div class=\"wp-block-media-text__content\"> <p class=\"translation-block\"><strong>Secado de los pellets: secadora<\/strong><\/p>    <p>Hay dos tipos: secador vertical y secador de cinta. La funci\u00f3n es prolongar el tiempo de secado, haciendo que el pellet est\u00e9 m\u00e1s seco.<\/p>    <p>El secador vertical es peque\u00f1o y rentable.<\/p>    <p>El secador de cinta es en realidad de metal y tiene las ventajas del material de acero inoxidable de alta temperatura.<\/p> <\/div><\/div>    <div class=\"wp-block-media-text alignwide has-media-on-the-right is-stacked-on-mobile\"><div class=\"wp-block-media-text__content\"> <p class=\"translation-block\"><strong>Condimentaci\u00f3n: m\u00e1quina de condimentaci\u00f3n<\/strong><\/p>    <p>En este paso, puedes agregar especias o aceite en aerosol.<\/p>    <p>Agregar especias: hace que el alimento en pellets sea m\u00e1s atractivo para peces, perros y gatos.<\/p>    <p>Aceite de pulverizaci\u00f3n: 1) superficie lisa; 2) resistente a la humedad.<\/p> <\/div><figure class=\"wp-block-media-text__media\"><img loading=\"lazy\" decoding=\"async\" width=\"720\" height=\"540\" src=\"https:\/\/fishfoodmachinery.com\/wp-content\/uploads\/2022\/09\/seasoning-machine-spraying-machine.webp\" alt=\"m\u00e1quina de condimento y m\u00e1quina de pulverizaci\u00f3n\" class=\"wp-image-95 size-full\" title=\"\" srcset=\"https:\/\/fishfoodmachinery.com\/wp-content\/uploads\/2022\/09\/seasoning-machine-spraying-machine.webp 720w, https:\/\/fishfoodmachinery.com\/wp-content\/uploads\/2022\/09\/seasoning-machine-spraying-machine-300x225.webp 300w\" sizes=\"auto, (max-width: 720px) 100vw, 720px\" \/><\/figure><\/div>    <h2 class=\"wp-block-heading\"><strong>Ventajas de la l\u00ednea de producci\u00f3n de alimento flotante para peces<\/strong><\/h2>    <ul class=\"wp-block-list\"> <li><strong>Bajo costo<\/strong>: La l\u00ednea de producci\u00f3n de pellets de alimento para peces peque\u00f1os tiene un bajo costo de inversi\u00f3n, lo que es adecuada para peque\u00f1os y medianos agricultores y puede reducir efectivamente la inversi\u00f3n inicial.<\/li>    <li><strong>Peque\u00f1a huella de pie<\/strong>: El equipo tiene una estructura compacta y cubre un \u00e1rea peque\u00f1a, lo que es adecuado para granjas o peque\u00f1as plantas de procesamiento con espacio limitado.<\/li>    <li><strong>F\u00e1cil de operar<\/strong>: El equipo es f\u00e1cil de usar y de operar. No requiere t\u00e9cnicos profesionales y puede ser utilizado f\u00e1cilmente por agricultores comunes.<\/li>    <li><strong>Fuerte flexibilidad<\/strong>: Esta l\u00ednea de producci\u00f3n de alimentos flotantes para peces puede ajustar el volumen de producci\u00f3n seg\u00fan la demanda, tener una gran flexibilidad y adaptarse a las necesidades de producci\u00f3n de diferentes escalas.<\/li>    <li><strong>Mantenimiento conveniente<\/strong>: Estructura simple del equipo, f\u00e1cil mantenimiento, bajos costos diarios de mantenimiento y reparaci\u00f3n, larga vida \u00fatil.<\/li> <\/ul>    <h2 class=\"wp-block-heading\" id=\"h-technical-parameters-of-the-fish-feed-production-machine\"><strong>Par\u00e1metros t\u00e9cnicos de la m\u00e1quina de producci\u00f3n de alimento para peces.<\/strong><\/h2>    <figure class=\"wp-block-table\"><table><tbody><tr><td>Modelo<\/td><td>Capacidad<\/td><td>Poder principal<\/td><td>poder de corte<\/td><td>Alimentaci\u00f3n de alimentaci\u00f3n<\/td><td>Di\u00e1metro del tornillo<\/td><td>Tama\u00f1o<\/td><td>Peso<\/td><\/tr><tr><td>DGP-40<\/td><td>40-50kg\/hora<\/td><td>7,5kW<\/td><td>0,4kW<\/td><td>0,4kW<\/td><td>40mm<\/td><td>1260*860*1250mm<\/td><td>290kg<\/td><\/tr><tr><td>DGP-60<\/td><td>150kg\/hora<\/td><td>15kW<\/td><td>0,4kW<\/td><td>0,4kW<\/td><td>60mm<\/td><td>1450*950*1430mm<\/td><td>480 kilos<\/td><\/tr><tr><td>DGP-70<\/td><td>180-250kg\/hora<\/td><td>18,5kW<\/td><td>0,4kW<\/td><td>0,4kW<\/td><td>70mm<\/td><td>1600*1400*1450mm<\/td><td>600 kilos<\/td><\/tr><tr><td>DGP-80<\/td><td>300-350kg\/hora<\/td><td>22kW<\/td><td>0,4kW<\/td><td>0,4kW<\/td><td>80mm<\/td><td>1850*1470*1500m<\/td><td>800 kilos<\/td><\/tr><\/tbody><\/table><figcaption class=\"wp-element-caption\">Especificaciones de la m\u00e1quina de pellets de alimento para peces<\/figcaption><\/figure>    <p>En general, se basa en la producci\u00f3n de la m\u00e1quina extrusora de alimento para peces para determinar la producci\u00f3n espec\u00edfica de la l\u00ednea de producci\u00f3n de pellets de alimento para peces, seleccionar la salida de la m\u00e1quina extrusora de alimento para peces y luego combinar el equipo posterior requerido.<\/p>    <h2 class=\"wp-block-heading\" id=\"h-successful-case-200-300kg-h-floating-fish-feed-production-process-to-cote-d-ivoire\"><strong><strong>Caso exitoso: proceso de producci\u00f3n de alimento flotante para peces de 200-300 kg\/h en Costa de Marfil<\/strong><\/strong><\/h2>    <p>Este cliente quer\u00eda que la m\u00e1quina flotante de alimento para peces produjera entre 200 y 300 kg por hora. Seg\u00fan sus necesidades nuestro responsable comercial le recomend\u00f3 la m\u00e1quina tipo 80 correspondiente. Adem\u00e1s, tambi\u00e9n quer\u00eda una secadora, un elevador y una batidora para mejorar la eficiencia. <\/p>    <p>Nuestro director de ventas recomend\u00f3 entonces la m\u00e1quina adecuada seg\u00fan sus necesidades y su presupuesto financiero. Finalmente compr\u00f3 una mezcladora, dos secadoras, dos elevadores y una prensa de pellets para alimento para peces.<\/p>   <div class=\"wp-block-image\"> <figure class=\"aligncenter size-full\"><img loading=\"lazy\" decoding=\"async\" width=\"720\" height=\"350\" src=\"https:\/\/fishfoodmachinery.com\/wp-content\/uploads\/2022\/09\/200-300kg-per-hour-fish-feed-production-line.webp\" alt=\"L\u00ednea de producci\u00f3n de alimento para peces de 200-300 kg por hora\" class=\"wp-image-100\" title=\"\" srcset=\"https:\/\/fishfoodmachinery.com\/wp-content\/uploads\/2022\/09\/200-300kg-per-hour-fish-feed-production-line.webp 720w, https:\/\/fishfoodmachinery.com\/wp-content\/uploads\/2022\/09\/200-300kg-per-hour-fish-feed-production-line-300x146.webp 300w\" sizes=\"auto, (max-width: 720px) 100vw, 720px\" \/><figcaption class=\"wp-element-caption\">L\u00ednea de producci\u00f3n de alimento para peces de 200-300 kg por hora<\/figcaption><\/figure> <\/div>   <h2 class=\"wp-block-heading\"><strong>Ponte en contacto con nosotros ahora.<\/strong><\/h2>    <p class=\"translation-block\">Si est\u00e1s interesado en la l\u00ednea de producci\u00f3n de alimento para peces flotante, cont\u00e1ctanos y te proporcionaremos la soluci\u00f3n \u00f3ptima para la fabricaci\u00f3n de <a href=\"https:\/\/en.wikipedia.org\/wiki\/Commercial_fish_feed\" target=\"_blank\" rel=\"noopener\">alimento para peces<\/a>!<\/p>","protected":false},"excerpt":{"rendered":"<p>La l\u00ednea de producci\u00f3n de alimento flotante para peces es una l\u00ednea completa de procesamiento de alimento para peces para fabricar pellets para peces, loros, camarones, etc., con una capacidad de 40-350 kg\/h.<\/p>","protected":false},"author":1,"featured_media":116,"parent":0,"template":"","tags":[12,24,13,11,10],"product-type":[7],"class_list":["post-49","product","type-product","status-publish","has-post-thumbnail","hentry","tag-dog-food-making-machine","tag-fish-feed","tag-fish-feed-extruder-machine","tag-floating-fish-feed-machine","tag-floating-fish-feed-production-line","product-type-production-line"],"_links":{"self":[{"href":"https:\/\/fishfoodmachinery.com\/es\/wp-json\/wp\/v2\/product\/49","targetHints":{"allow":["GET"]}}],"collection":[{"href":"https:\/\/fishfoodmachinery.com\/es\/wp-json\/wp\/v2\/product"}],"about":[{"href":"https:\/\/fishfoodmachinery.com\/es\/wp-json\/wp\/v2\/types\/product"}],"author":[{"embeddable":true,"href":"https:\/\/fishfoodmachinery.com\/es\/wp-json\/wp\/v2\/users\/1"}],"wp:featuredmedia":[{"embeddable":true,"href":"https:\/\/fishfoodmachinery.com\/es\/wp-json\/wp\/v2\/media\/116"}],"wp:attachment":[{"href":"https:\/\/fishfoodmachinery.com\/es\/wp-json\/wp\/v2\/media?parent=49"}],"wp:term":[{"taxonomy":"post_tag","embeddable":true,"href":"https:\/\/fishfoodmachinery.com\/es\/wp-json\/wp\/v2\/tags?post=49"},{"taxonomy":"product-type","embeddable":true,"href":"https:\/\/fishfoodmachinery.com\/es\/wp-json\/wp\/v2\/product-type?post=49"}],"curies":[{"name":"wp","href":"https:\/\/api.w.org\/{rel}","templated":true}]}}