{"id":515,"date":"2023-05-08T10:40:27","date_gmt":"2023-05-08T02:40:27","guid":{"rendered":"https:\/\/fishfoodmachinery.com\/?post_type=product&#038;p=515"},"modified":"2024-06-13T18:29:35","modified_gmt":"2024-06-13T10:29:35","slug":"fish-feed-processing-line","status":"publish","type":"product","link":"https:\/\/fishfoodmachinery.com\/es\/product\/fish-feed-processing-line\/","title":{"rendered":"Gran l\u00ednea de procesamiento de alimento para peces para la fabricaci\u00f3n de pellets de alimento"},"content":{"rendered":"<p class=\"translation-block\">Esta <strong>l\u00ednea de procesamiento de alimentos para peces<\/strong> est\u00e1 dise\u00f1ada para la producci\u00f3n de grandes pellets de alimento para peces con una producci\u00f3n de 180-600 kg por hora.<\/p>    <figure class=\"wp-block-embed is-type-video is-provider-youtube wp-block-embed-youtube wp-embed-aspect-16-9 wp-has-aspect-ratio\"><div class=\"wp-block-embed__wrapper\"> <iframe loading=\"lazy\" title=\"El poder de la gran l\u00ednea de producci\u00f3n de alimento para peces flotante: \u00a1Pellets de alimento para peces de alta calidad para la acuicultura!\" width=\"500\" height=\"281\" src=\"https:\/\/www.youtube.com\/embed\/yFO01XPddfc?start=32&#038;feature=oembed\" frameborder=\"0\" allow=\"accelerometer; autoplay; clipboard-write; encrypted-media; gyroscope; picture-in-picture; web-share\" referrerpolicy=\"strict-origin-when-cross-origin\" allowfullscreen><\/iframe> <\/div><figcaption class=\"wp-element-caption\">Video de la l\u00ednea de la m\u00e1quina para fabricar pellets de alimento para peces<\/figcaption><\/figure>    <p>Los pellets de alimento para peces son un alimento esencial para el proceso de acuicultura. Con el continuo desarrollo de la industria de la acuicultura, la demanda de pellets de alimento para peces tambi\u00e9n est\u00e1 aumentando.<\/p>    <figure class=\"wp-block-gallery aligncenter has-nested-images columns-default is-cropped wp-block-gallery-2 is-layout-flex wp-block-gallery-is-layout-flex\"> <figure class=\"wp-block-image size-large\"><img loading=\"lazy\" decoding=\"async\" width=\"720\" height=\"540\" data-id=\"184\" src=\"https:\/\/fishfoodmachinery.com\/wp-content\/uploads\/2022\/09\/various-fish-feed-pellets.webp\" alt=\"varios pellets de alimento para peces\" class=\"wp-image-184\" title=\"\" srcset=\"https:\/\/fishfoodmachinery.com\/wp-content\/uploads\/2022\/09\/various-fish-feed-pellets.webp 720w, https:\/\/fishfoodmachinery.com\/wp-content\/uploads\/2022\/09\/various-fish-feed-pellets-300x225.webp 300w\" sizes=\"auto, (max-width: 720px) 100vw, 720px\" \/><figcaption class=\"wp-element-caption\">Varios pellets de alimento para peces<\/figcaption><\/figure>    <figure class=\"wp-block-image size-large\"><img loading=\"lazy\" decoding=\"async\" width=\"540\" height=\"540\" data-id=\"402\" src=\"https:\/\/fishfoodmachinery.com\/wp-content\/uploads\/2023\/01\/floating-fish-pellets.webp\" alt=\"pellets de pescado flotante\" class=\"wp-image-402\" title=\"\" srcset=\"https:\/\/fishfoodmachinery.com\/wp-content\/uploads\/2023\/01\/floating-fish-pellets.webp 540w, https:\/\/fishfoodmachinery.com\/wp-content\/uploads\/2023\/01\/floating-fish-pellets-300x300.webp 300w, https:\/\/fishfoodmachinery.com\/wp-content\/uploads\/2023\/01\/floating-fish-pellets-150x150.webp 150w\" sizes=\"auto, (max-width: 540px) 100vw, 540px\" \/><figcaption class=\"wp-element-caption\">Pellets de pescado flotante<\/figcaption><\/figure> <\/figure>    <p>Para satisfacer la demanda del mercado, naci\u00f3 la l\u00ednea de procesamiento de alimentos para peces. Puede procesar y tratar diferentes tipos de materias primas a trav\u00e9s de una serie de procesamientos y finalmente producir pellets de alimento de alta calidad adecuados para diferentes animales y mascotas de acuicultura.<\/p>    <h2 class=\"wp-block-heading\"><strong>\u00bfQu\u00e9 es la l\u00ednea de procesamiento de alimento flotante para peces?<\/strong><\/h2>    <p>La l\u00ednea de producci\u00f3n de pellets de alimento para peces es un tipo de equipo de l\u00ednea de producci\u00f3n que se utiliza especialmente para producir alimentos para animales acu\u00e1ticos como peces, camarones, cangrejos y pargos.<\/p>   <div class=\"wp-block-image\"> <figure class=\"aligncenter size-full\"><img loading=\"lazy\" decoding=\"async\" width=\"720\" height=\"540\" src=\"https:\/\/fishfoodmachinery.com\/wp-content\/uploads\/2023\/05\/floating-fish-feed-processing-line.webp\" alt=\"L\u00ednea de procesamiento de alimento flotante para peces.\" class=\"wp-image-542\" title=\"\" srcset=\"https:\/\/fishfoodmachinery.com\/wp-content\/uploads\/2023\/05\/floating-fish-feed-processing-line.webp 720w, https:\/\/fishfoodmachinery.com\/wp-content\/uploads\/2023\/05\/floating-fish-feed-processing-line-300x225.webp 300w\" sizes=\"auto, (max-width: 720px) 100vw, 720px\" \/><figcaption class=\"wp-element-caption\">L\u00ednea de procesamiento de alimento flotante para peces.<\/figcaption><\/figure> <\/div>   <p>Produce pellets de pienso de diversas especificaciones y formas mediante el proceso de mezcla, trituraci\u00f3n, modulaci\u00f3n y extrusi\u00f3n de diversos materiales alimentarios. Al ajustar par\u00e1metros como la composici\u00f3n, el tama\u00f1o y la forma de los pellets de alimento, se pueden producir pellets de alimento de alta calidad adecuados para diferentes animales acu\u00e1ticos.<\/p>    <p>La aplicaci\u00f3n de la l\u00ednea de procesamiento de alimento flotante para peces puede mejorar la eficiencia de producci\u00f3n de la industria acu\u00edcola, reducir el desperdicio de alimento y mejorar los beneficios econ\u00f3micos de la acuicultura.<\/p>    <h2 class=\"wp-block-heading\"><strong>Lista de m\u00e1quinas para fabricar piensos granulados en la l\u00ednea de producci\u00f3n de piensos para peces.<\/strong><\/h2>   <div class=\"wp-block-image\"> <figure class=\"aligncenter size-full\"><img loading=\"lazy\" decoding=\"async\" width=\"720\" height=\"370\" src=\"https:\/\/fishfoodmachinery.com\/wp-content\/uploads\/2023\/05\/hammer-mill.webp\" alt=\"molino de martillos\" class=\"wp-image-552\" title=\"\" srcset=\"https:\/\/fishfoodmachinery.com\/wp-content\/uploads\/2023\/05\/hammer-mill.webp 720w, https:\/\/fishfoodmachinery.com\/wp-content\/uploads\/2023\/05\/hammer-mill-300x154.webp 300w\" sizes=\"auto, (max-width: 720px) 100vw, 720px\" \/><figcaption class=\"wp-element-caption\">molino de martillos<\/figcaption><\/figure> <\/div>  <div class=\"wp-block-image\"> <figure class=\"aligncenter size-full\"><img loading=\"lazy\" decoding=\"async\" width=\"720\" height=\"370\" src=\"https:\/\/fishfoodmachinery.com\/wp-content\/uploads\/2023\/05\/mixer.webp\" alt=\"mezclador\" class=\"wp-image-553\" title=\"\" srcset=\"https:\/\/fishfoodmachinery.com\/wp-content\/uploads\/2023\/05\/mixer.webp 720w, https:\/\/fishfoodmachinery.com\/wp-content\/uploads\/2023\/05\/mixer-300x154.webp 300w\" sizes=\"auto, (max-width: 720px) 100vw, 720px\" \/><figcaption class=\"wp-element-caption\">mezclador<\/figcaption><\/figure> <\/div>  <div class=\"wp-block-image\"> <figure class=\"aligncenter size-full\"><img loading=\"lazy\" decoding=\"async\" width=\"720\" height=\"370\" src=\"https:\/\/fishfoodmachinery.com\/wp-content\/uploads\/2023\/05\/screw-conveyor.webp\" alt=\"tornillo transportador\" class=\"wp-image-554\" title=\"\" srcset=\"https:\/\/fishfoodmachinery.com\/wp-content\/uploads\/2023\/05\/screw-conveyor.webp 720w, https:\/\/fishfoodmachinery.com\/wp-content\/uploads\/2023\/05\/screw-conveyor-300x154.webp 300w\" sizes=\"auto, (max-width: 720px) 100vw, 720px\" \/><figcaption class=\"wp-element-caption\">tornillo transportador<\/figcaption><\/figure> <\/div>  <div class=\"wp-block-image\"> <figure class=\"aligncenter size-full\"><a href=\"https:\/\/fishfoodmachinery.com\/es\/product\/floating-fish-feed-machine\/\"><img loading=\"lazy\" decoding=\"async\" width=\"720\" height=\"370\" src=\"https:\/\/fishfoodmachinery.com\/wp-content\/uploads\/2023\/05\/fish-feed-machine.webp\" alt=\"m\u00e1quina de alimentaci\u00f3n de peces\" class=\"wp-image-555\" title=\"\" srcset=\"https:\/\/fishfoodmachinery.com\/wp-content\/uploads\/2023\/05\/fish-feed-machine.webp 720w, https:\/\/fishfoodmachinery.com\/wp-content\/uploads\/2023\/05\/fish-feed-machine-300x154.webp 300w\" sizes=\"auto, (max-width: 720px) 100vw, 720px\" \/><\/a><figcaption class=\"wp-element-caption\">m\u00e1quina de alimentaci\u00f3n de peces<\/figcaption><\/figure> <\/div>  <div class=\"wp-block-image\"> <figure class=\"aligncenter size-full\"><img loading=\"lazy\" decoding=\"async\" width=\"720\" height=\"370\" src=\"https:\/\/fishfoodmachinery.com\/wp-content\/uploads\/2023\/05\/dryer-machine.webp\" alt=\"secadora\" class=\"wp-image-556\" title=\"\" srcset=\"https:\/\/fishfoodmachinery.com\/wp-content\/uploads\/2023\/05\/dryer-machine.webp 720w, https:\/\/fishfoodmachinery.com\/wp-content\/uploads\/2023\/05\/dryer-machine-300x154.webp 300w\" sizes=\"auto, (max-width: 720px) 100vw, 720px\" \/><figcaption class=\"wp-element-caption\">secadora<\/figcaption><\/figure> <\/div>  <div class=\"wp-block-image\"> <figure class=\"aligncenter size-full\"><img loading=\"lazy\" decoding=\"async\" width=\"720\" height=\"370\" src=\"https:\/\/fishfoodmachinery.com\/wp-content\/uploads\/2023\/05\/seasoning-machine.webp\" alt=\"maquina de sazonar\" class=\"wp-image-557\" title=\"\" srcset=\"https:\/\/fishfoodmachinery.com\/wp-content\/uploads\/2023\/05\/seasoning-machine.webp 720w, https:\/\/fishfoodmachinery.com\/wp-content\/uploads\/2023\/05\/seasoning-machine-300x154.webp 300w\" sizes=\"auto, (max-width: 720px) 100vw, 720px\" \/><figcaption class=\"wp-element-caption\">maquina de sazonar<\/figcaption><\/figure> <\/div>  <div class=\"wp-block-image\"> <figure class=\"aligncenter size-full\"><img loading=\"lazy\" decoding=\"async\" width=\"720\" height=\"370\" src=\"https:\/\/fishfoodmachinery.com\/wp-content\/uploads\/2023\/05\/package-machine.webp\" alt=\"m\u00e1quina de embalaje\" class=\"wp-image-558\" title=\"\" srcset=\"https:\/\/fishfoodmachinery.com\/wp-content\/uploads\/2023\/05\/package-machine.webp 720w, https:\/\/fishfoodmachinery.com\/wp-content\/uploads\/2023\/05\/package-machine-300x154.webp 300w\" sizes=\"auto, (max-width: 720px) 100vw, 720px\" \/><figcaption class=\"wp-element-caption\">m\u00e1quina de embalaje<\/figcaption><\/figure> <\/div>   <h2 class=\"wp-block-heading\"><strong>\u00bfCu\u00e1les son las materias primas de los piensos para peces?<\/strong><\/h2>    <ul class=\"wp-block-list\"> <li><strong>Materias primas de origen vegetal<\/strong>: como harina de soja, ma\u00edz, trigo, soja, harina de semilla de algod\u00f3n, etc. Estas materias primas contienen una gran cantidad de prote\u00ednas, carbohidratos y grasas y otros nutrientes.<\/li>    <li><strong>Materias primas animales<\/strong>: como harina de pescado, harina de camarones, harina de carne y huesos, etc. Estas materias primas son ricas en prote\u00ednas de alta calidad, oligoelementos y otros nutrientes.<\/li>    <li><strong>Materias primas mixtas<\/strong>: como torta de soja, cebo para pescado, algas, prote\u00edna en polvo, amino\u00e1cidos, etc. Estas materias primas pueden mejorar el valor nutricional y el sabor del pienso hasta cierto punto.<\/li>    <li><strong>Otras materias primas<\/strong>: como levadura en polvo, vitaminas, minerales, acidificantes, enzimas, etc. Estas materias primas se pueden utilizar para mejorar la calidad y el sabor de los piensos, y tambi\u00e9n mejorar la inmunidad y el nivel de salud de los peces.<\/li> <\/ul>    <p>Y existe una amplia variedad de materias primas utilizadas en la alimentaci\u00f3n de peces, y se pueden implementar de manera flexible diferentes tipos y proporciones de materias primas de acuerdo con las necesidades alimentarias de las diferentes especies y etapas de crecimiento de los peces.<\/p>    <h2 class=\"wp-block-heading\"><strong>\u00bfC\u00f3mo se procesan los alimentos para peces?<\/strong> &#8211; <strong>Procedimientos de la l\u00ednea de procesamiento de alimentos para peces.<\/strong><\/h2>    <ul class=\"wp-block-list\"> <li>Trituraci\u00f3n de la materia prima: las materias primas se triturar\u00e1n, lo que har\u00e1 que las part\u00edculas de la materia prima tengan un tama\u00f1o uniforme y un procesamiento f\u00e1cil de seguir.<\/li>    <li>Mezcla de materias primas: mezcle diferentes materias primas seg\u00fan una proporci\u00f3n determinada para elaborar una f\u00f3rmula determinada y garantizar el equilibrio nutricional del alimento.<\/li>    <li>Extrusi\u00f3n: Las materias primas se forman y presionan a trav\u00e9s de moldes y rodillos para formar una determinada forma de gr\u00e1nulos.<\/li>    <li>Secado y enfriamiento: Los gr\u00e1nulos de alimento para peces con forma se secan y se enfr\u00edan para que se sequen por dentro y no queden pegajosos por fuera.<\/li>    <li>Tratamiento de condimentos: agregue varios sabores que les gusten a los peces para que el alimento sea m\u00e1s delicioso<\/li>    <li>Embalaje y almacenamiento: Los pellets de alimento para peces producidos se envasan y almacenan para su venta y uso.<\/li> <\/ul>    <h2 class=\"wp-block-heading\"><strong>Aplicaciones de la l\u00ednea de procesamiento de alimento flotante para peces.<\/strong><\/h2>    <figure class=\"wp-block-gallery aligncenter has-nested-images columns-default is-cropped wp-block-gallery-3 is-layout-flex wp-block-gallery-is-layout-flex\"> <figure class=\"wp-block-image size-large\"><img loading=\"lazy\" decoding=\"async\" width=\"720\" height=\"540\" data-id=\"544\" src=\"https:\/\/fishfoodmachinery.com\/wp-content\/uploads\/2023\/05\/applications-of-the-fish-feed-processing-line.webp\" alt=\"Aplicaciones de la l\u00ednea de procesamiento de alimentos para peces.\" class=\"wp-image-544\" title=\"\" srcset=\"https:\/\/fishfoodmachinery.com\/wp-content\/uploads\/2023\/05\/applications-of-the-fish-feed-processing-line.webp 720w, https:\/\/fishfoodmachinery.com\/wp-content\/uploads\/2023\/05\/applications-of-the-fish-feed-processing-line-300x225.webp 300w\" sizes=\"auto, (max-width: 720px) 100vw, 720px\" \/><figcaption class=\"wp-element-caption\">Aplicaciones de la l\u00ednea de procesamiento de alimentos para peces<\/figcaption><\/figure>    <figure class=\"wp-block-image size-large\"><img loading=\"lazy\" decoding=\"async\" width=\"720\" height=\"540\" data-id=\"545\" src=\"https:\/\/fishfoodmachinery.com\/wp-content\/uploads\/2023\/05\/feed-pellets.webp\" alt=\"pellets de alimentaci\u00f3n\" class=\"wp-image-545\" title=\"\" srcset=\"https:\/\/fishfoodmachinery.com\/wp-content\/uploads\/2023\/05\/feed-pellets.webp 720w, https:\/\/fishfoodmachinery.com\/wp-content\/uploads\/2023\/05\/feed-pellets-300x225.webp 300w\" sizes=\"auto, (max-width: 720px) 100vw, 720px\" \/><figcaption class=\"wp-element-caption\">Pellets de alimentaci\u00f3n<\/figcaption><\/figure> <\/figure>    <ul class=\"wp-block-list\"> <li>Piscicultura: aplicable al cultivo de muchos tipos de peces, como peces de agua dulce y de mar.<\/li>    <li>Cr\u00eda de camarones: langosta, camarones, langostinos y otras clases de camarones.<\/li>    <li>Crianza de cangrejos: cangrejos peludos, cangrejos de r\u00edo y otras clases de cangrejos.<\/li>    <li>Cultivo de pargos: pargos, tortugas mordedoras y muchos otros reptiles.<\/li>    <li>Cultivo de otros animales acu\u00e1ticos: almejas, ostras, pepinos de mar y muchos otros animales acu\u00e1ticos.<\/li>    <li>Crianza de animales de compa\u00f1\u00eda: perros, gatos, p\u00e1jaros, loros, etc.<\/li> <\/ul>    <h2 class=\"wp-block-heading\"><strong>Ventajas de utilizar la l\u00ednea de procesamiento de alimentos para peces <\/strong><\/h2>   <div class=\"wp-block-image\"> <figure class=\"aligncenter size-full\"><img loading=\"lazy\" decoding=\"async\" width=\"720\" height=\"540\" src=\"https:\/\/fishfoodmachinery.com\/wp-content\/uploads\/2023\/05\/large-capacity-fish-feed-processing-line.webp\" alt=\"L\u00ednea de procesamiento de alimentos para peces de gran capacidad.\" class=\"wp-image-549\" title=\"\" srcset=\"https:\/\/fishfoodmachinery.com\/wp-content\/uploads\/2023\/05\/large-capacity-fish-feed-processing-line.webp 720w, https:\/\/fishfoodmachinery.com\/wp-content\/uploads\/2023\/05\/large-capacity-fish-feed-processing-line-300x225.webp 300w\" sizes=\"auto, (max-width: 720px) 100vw, 720px\" \/><figcaption class=\"wp-element-caption\">L\u00ednea de procesamiento de alimentos para peces de gran capacidad.<\/figcaption><\/figure> <\/div>   <ol class=\"wp-block-list\"> <li>Los gr\u00e1nulos de alimento producidos por la l\u00ednea de procesamiento de alimento flotante para peces tienen una forma regular y un tama\u00f1o uniforme, lo que favorece la alimentaci\u00f3n, digesti\u00f3n y absorci\u00f3n de los peces.<\/li>    <li>Los pellets de alimento tienen buen sabor y textura equilibrada, lo que favorece la mejora del apetito y la tasa de crecimiento de los peces.<\/li>    <li>Los pellets de pienso fabricados por <a href=\"https:\/\/taizyagromachine.com\/product\/fish-feed-extruder\/\" target=\"_blank\" rel=\"noreferrer noopener\">m\u00e1quina flotante de alimentaci\u00f3n de peces<\/a> tener una composici\u00f3n nutricional equilibrada, que pueda satisfacer las necesidades nutricionales de diferentes especies y etapas de crecimiento de los peces.<\/li>    <li>Alta eficiencia de producci\u00f3n, puede realizar producci\u00f3n autom\u00e1tica, mejorar la eficiencia de producci\u00f3n y reducir los costos de producci\u00f3n.<\/li>    <li>Puede producir pellets de alimento de diversas especificaciones y formas, que pueden satisfacer las necesidades alimentarias de diferentes peces.<\/li>    <li>Los gr\u00e1nulos de alimento tienen una forma s\u00f3lida y tienen buena resistencia al agua, lo que puede reducir el desperdicio de alimento y la contaminaci\u00f3n del agua.<\/li> <\/ol>    <h2 class=\"wp-block-heading\"><strong>Caso exitoso: l\u00ednea de producci\u00f3n de pellets de alimento flotante para peces de 300-350 kg\/h vendida a la India<\/strong><\/h2>    <p>Un proveedor de la India compr\u00f3 una l\u00ednea de procesamiento de alimento para peces de 300-350 kg\/h para producir pellets de pescado de alta calidad para satisfacer la demanda del mercado local. <\/p>    <p>La l\u00ednea fue cuidadosamente dise\u00f1ada y fabricada para cumplir con los requisitos de producci\u00f3n de alta intensidad y alta eficiencia. <\/p>    <p>El cliente valor\u00f3 mucho la calidad y estabilidad de la l\u00ednea y tambi\u00e9n expres\u00f3 que continuar\u00e1n cooperando con nosotros para desarrollar juntos el mercado local.<\/p>    <figure class=\"wp-block-gallery aligncenter has-nested-images columns-default is-cropped wp-block-gallery-4 is-layout-flex wp-block-gallery-is-layout-flex\"> <figure class=\"wp-block-image size-large\"><img loading=\"lazy\" decoding=\"async\" width=\"600\" height=\"540\" data-id=\"547\" src=\"https:\/\/fishfoodmachinery.com\/wp-content\/uploads\/2023\/05\/fish-feed-pellet-machine-for-sale.webp\" alt=\"M\u00e1quina de pellets de alimentaci\u00f3n para peces a la venta\" class=\"wp-image-547\" title=\"\" srcset=\"https:\/\/fishfoodmachinery.com\/wp-content\/uploads\/2023\/05\/fish-feed-pellet-machine-for-sale.webp 600w, https:\/\/fishfoodmachinery.com\/wp-content\/uploads\/2023\/05\/fish-feed-pellet-machine-for-sale-300x270.webp 300w\" sizes=\"auto, (max-width: 600px) 100vw, 600px\" \/><figcaption class=\"wp-element-caption\">M\u00e1quina de pellets de alimentaci\u00f3n para peces a la venta<\/figcaption><\/figure>    <figure class=\"wp-block-image size-large\"><img loading=\"lazy\" decoding=\"async\" width=\"600\" height=\"540\" data-id=\"548\" src=\"https:\/\/fishfoodmachinery.com\/wp-content\/uploads\/2023\/05\/package-and-shipping.webp\" alt=\"paquete y env\u00edo\" class=\"wp-image-548\" title=\"\" srcset=\"https:\/\/fishfoodmachinery.com\/wp-content\/uploads\/2023\/05\/package-and-shipping.webp 600w, https:\/\/fishfoodmachinery.com\/wp-content\/uploads\/2023\/05\/package-and-shipping-300x270.webp 300w\" sizes=\"auto, (max-width: 600px) 100vw, 600px\" \/><figcaption class=\"wp-element-caption\">Paquete y env\u00edo<\/figcaption><\/figure> <\/figure>","protected":false},"excerpt":{"rendered":"<p>La l\u00ednea de procesamiento de alimento para peces est\u00e1 dise\u00f1ada para la producci\u00f3n de pellets de alimento para peces de gran tama\u00f1o con una producci\u00f3n de 180 a 600 kg por hora, a partir de harina de ma\u00edz, salvado de arroz, etc. <\/p>","protected":false},"author":1,"featured_media":518,"parent":0,"template":"","tags":[24],"product-type":[7],"class_list":["post-515","product","type-product","status-publish","has-post-thumbnail","hentry","tag-fish-feed","product-type-production-line"],"_links":{"self":[{"href":"https:\/\/fishfoodmachinery.com\/es\/wp-json\/wp\/v2\/product\/515","targetHints":{"allow":["GET"]}}],"collection":[{"href":"https:\/\/fishfoodmachinery.com\/es\/wp-json\/wp\/v2\/product"}],"about":[{"href":"https:\/\/fishfoodmachinery.com\/es\/wp-json\/wp\/v2\/types\/product"}],"author":[{"embeddable":true,"href":"https:\/\/fishfoodmachinery.com\/es\/wp-json\/wp\/v2\/users\/1"}],"wp:featuredmedia":[{"embeddable":true,"href":"https:\/\/fishfoodmachinery.com\/es\/wp-json\/wp\/v2\/media\/518"}],"wp:attachment":[{"href":"https:\/\/fishfoodmachinery.com\/es\/wp-json\/wp\/v2\/media?parent=515"}],"wp:term":[{"taxonomy":"post_tag","embeddable":true,"href":"https:\/\/fishfoodmachinery.com\/es\/wp-json\/wp\/v2\/tags?post=515"},{"taxonomy":"product-type","embeddable":true,"href":"https:\/\/fishfoodmachinery.com\/es\/wp-json\/wp\/v2\/product-type?post=515"}],"curies":[{"name":"wp","href":"https:\/\/api.w.org\/{rel}","templated":true}]}}