{"id":61,"date":"2022-09-06T06:23:56","date_gmt":"2022-09-06T06:23:56","guid":{"rendered":"https:\/\/fishfoodmachinery.com\/?post_type=product&#038;p=61"},"modified":"2025-03-14T17:53:16","modified_gmt":"2025-03-14T09:53:16","slug":"dog-food-making-machine","status":"publish","type":"product","link":"https:\/\/fishfoodmachinery.com\/es\/product\/dog-food-making-machine\/","title":{"rendered":"M\u00e1quina para hacer comida para perros | m\u00e1quina de comida para mascotas"},"content":{"rendered":"<p>Esta m\u00e1quina de fabricaci\u00f3n de alimentos para perros se usa para producir alimento para varias mascotas, como gatos, perros, tortugas, loros, etc. La m\u00e1quina de alimentos para mascotas tiene varias capacidades y puede estar equipada con la l\u00ednea de producci\u00f3n de pellets de alimentaci\u00f3n correspondiente. Esta m\u00e1quina de comida para perros puede producir varios tipos de alimentos para mascotas de forma peculiar, que es muy atractiva para las mascotas. Adem\u00e1s, el alimento producido es rico en valor nutricional, que es beneficioso para el crecimiento de los animales. Si est\u00e1 interesado en este tipo de m\u00e1quina, \u00a1bienvenido a contactarnos!<\/p>    <figure class=\"wp-block-embed is-type-video is-provider-youtube wp-block-embed-youtube wp-embed-aspect-16-9 wp-has-aspect-ratio\"><div class=\"wp-block-embed__wrapper\"> <iframe loading=\"lazy\" title=\"Producci\u00f3n de alimentos para mascotas de alta calidad | M\u00e1quina de pellets de alimentaci\u00f3n de pescado para comida para perros y gatos desde China\" width=\"500\" height=\"281\" src=\"https:\/\/www.youtube.com\/embed\/Fl3OMKCRPe0?feature=oembed\" frameborder=\"0\" allow=\"accelerometer; autoplay; clipboard-write; encrypted-media; gyroscope; picture-in-picture; web-share\" referrerpolicy=\"strict-origin-when-cross-origin\" allowfullscreen><\/iframe> <\/div><figcaption class=\"wp-element-caption\">m\u00e1quina de comida para mascotas<\/figcaption><\/figure>    <h2 class=\"wp-block-heading\" id=\"h-advantages-of-the-dog-food-making-machine\"><strong>Ventajas de la m\u00e1quina para hacer comida para perros<\/strong><strong><\/strong><\/h2>    <ol class=\"wp-block-list\"> <li>Una amplia gama de aplicaciones. La m\u00e1quina autom\u00e1tica de comida para perros puede producir pellets de alimento para perros, gatos, tortugas, loros, peces, etc.<\/li>    <li>Varias capacidades. Esta extrusora de alimentos para mascotas a la venta tiene una capacidad que oscila entre 40 kg por hora y 350 kg por hora. Por supuesto, si desea una mayor capacidad, tambi\u00e9n podemos proporcionarle equipos de fabricaci\u00f3n de alimentos para perros.<\/li>    <li>Pienso rico en formas de pellets. El <a href=\"https:\/\/fishfoodmachinery.com\/es\/product\/floating-fish-feed-machine\/\" target=\"_blank\" rel=\"noreferrer noopener\">extrusora de comida para perros<\/a> Tiene diferentes modelos para producir formas de pienso atractivas y hermosas.<\/li>    <li>Producir piensos que se adapten al gusto de los animales. Este fabricante de alimentos para perros puede producir este tipo de alimento, que se adapta m\u00e1s al sabor del alimento para animales.<\/li> <\/ol>   <div class=\"wp-block-image\"> <figure class=\"aligncenter size-full\"><img loading=\"lazy\" decoding=\"async\" width=\"720\" height=\"540\" src=\"https:\/\/fishfoodmachinery.com\/wp-content\/uploads\/2022\/09\/feed-pellet-machine-in-stock.webp\" alt=\"m\u00e1quina de pellets de alimentaci\u00f3n en stock\" class=\"wp-image-129\" title=\"\" srcset=\"https:\/\/fishfoodmachinery.com\/wp-content\/uploads\/2022\/09\/feed-pellet-machine-in-stock.webp 720w, https:\/\/fishfoodmachinery.com\/wp-content\/uploads\/2022\/09\/feed-pellet-machine-in-stock-300x225.webp 300w\" sizes=\"auto, (max-width: 720px) 100vw, 720px\" \/><figcaption class=\"wp-element-caption\">m\u00e1quina de pellets de alimentaci\u00f3n en stock<\/figcaption><\/figure> <\/div>   <h2 class=\"wp-block-heading\" id=\"h-why-produce-dog-food\"><strong>\u00bfPor qu\u00e9 producir comida para perros?<\/strong><\/h2>    <p>Porque la comida para perros producida por la m\u00e1quina productora de comida para perros tiene muchas ventajas.<\/p>    <ol class=\"wp-block-list\"> <li>La comida para perros contiene nutrientes para que los perros mejoren la inmunidad, puede mejorar en gran medida la capacidad del perro para resistir enfermedades, no es f\u00e1cil enfermarse y prolongar la vida del perro.<\/li>    <li>La comida para perros tiene un bajo contenido de humedad, es f\u00e1cil de almacenar y no es f\u00e1cil estropear sus ventajas. Esto puede garantizar la seguridad alimentaria de las mascotas, para evitar que las mascotas recojan alimentos vencidos, mohosos o en mal estado causados \u200b\u200bpor una variedad de enfermedades.<\/li>    <li>Una variedad de especificaciones de empaque de alimentos para perros, f\u00e1ciles de usar, f\u00e1ciles de transportar, que pueden cumplirse en diferentes entornos, permiten que la mascota coma la mejor comida.<\/li> <\/ol>   <div class=\"wp-block-image\"> <figure class=\"aligncenter size-full\"><img loading=\"lazy\" decoding=\"async\" width=\"720\" height=\"200\" src=\"https:\/\/fishfoodmachinery.com\/wp-content\/uploads\/2022\/09\/pet-food-products.webp\" alt=\"productos alimenticios para mascotas\" class=\"wp-image-124\" title=\"\" srcset=\"https:\/\/fishfoodmachinery.com\/wp-content\/uploads\/2022\/09\/pet-food-products.webp 720w, https:\/\/fishfoodmachinery.com\/wp-content\/uploads\/2022\/09\/pet-food-products-300x83.webp 300w\" sizes=\"auto, (max-width: 720px) 100vw, 720px\" \/><figcaption class=\"wp-element-caption\">productos alimenticios para mascotas<\/figcaption><\/figure> <\/div>   <h2 class=\"wp-block-heading\" id=\"h-taizy-machinery-the-top-choice-for-dog-food-making-machine\"><strong>Taizy Machinery: la mejor opci\u00f3n para m\u00e1quinas para fabricar comida para perros<\/strong><strong><\/strong><\/h2>    <ul class=\"wp-block-list\"> <li>Integrado con producci\u00f3n y ventas. La empresa Taizy tiene el negocio de fabricaci\u00f3n y comercializaci\u00f3n en conjunto, lo que es m\u00e1s profesional en la industria de pellets para piensos.<\/li>    <li>Precio competitivo. Porque tenemos nuestra propia f\u00e1brica y tambi\u00e9n prestamos atenci\u00f3n a la calidad de la m\u00e1quina. La m\u00e1quina para hacer comida para gatos tiene ventajas de precio. En comparaci\u00f3n con otras empresas, la m\u00e1quina Taizy para hacer comida para perros tiene un precio econ\u00f3mico y buena calidad.<\/li>    <li>Per\u00edodo de garant\u00eda de un a\u00f1o. Despu\u00e9s de comprar la maquinaria de procesamiento de alimentos para mascotas, tendr\u00e1 un per\u00edodo de garant\u00eda de un a\u00f1o.<\/li>    <li>Servicio de soporte. Tambi\u00e9n brindamos servicio en l\u00ednea, soporte de video, manual de la m\u00e1quina, etc.<\/li> <\/ul>    <h2 class=\"wp-block-heading\" id=\"h-successful-case-the-dog-food-machine-for-sale-to-angola\"><strong>Caso exitoso: <a href=\"https:\/\/taizyagromachine.com\/info\/dog-food-making-machine-sold-to-angola\/?swcfpc=1\" target=\"_blank\" rel=\"noreferrer noopener\">La m\u00e1quina de comida para perros a la venta en Angola.<\/a><\/strong><\/h2>    <p>El cliente de Angola pregunt\u00f3 sobre la m\u00e1quina de producci\u00f3n de comida para perros. Porque tiene una planta de piensos granulados para vender diversos alimentos para mascotas. Nuestro gerente de ventas present\u00f3 detalladamente nuestra m\u00e1quina peletizadora de alimentos para mascotas y envi\u00f3 la informaci\u00f3n relevante de la m\u00e1quina. El cliente de Angola solicit\u00f3 algunos detalles de la m\u00e1quina, como modelo, potencia, etc. Despu\u00e9s de confirmar todos los detalles, firmamos el acuerdo.<\/p>   <div class=\"wp-block-image\"> <figure class=\"aligncenter size-full\"><img loading=\"lazy\" decoding=\"async\" width=\"720\" height=\"540\" src=\"https:\/\/fishfoodmachinery.com\/wp-content\/uploads\/2022\/09\/pet-food-machine-package.webp\" alt=\"paquete de m\u00e1quina de comida para mascotas\" class=\"wp-image-132\" title=\"\" srcset=\"https:\/\/fishfoodmachinery.com\/wp-content\/uploads\/2022\/09\/pet-food-machine-package.webp 720w, https:\/\/fishfoodmachinery.com\/wp-content\/uploads\/2022\/09\/pet-food-machine-package-300x225.webp 300w\" sizes=\"auto, (max-width: 720px) 100vw, 720px\" \/><figcaption class=\"wp-element-caption\">paquete de m\u00e1quina de comida para mascotas<\/figcaption><\/figure> <\/div>   <h2 class=\"wp-block-heading\" id=\"h-technical-parameters-of-commercial-dog-good-making-machine\"><strong>Par\u00e1metros t\u00e9cnicos de la m\u00e1quina comercial para fabricar productos para perros.<\/strong><strong><\/strong><\/h2>    <figure class=\"wp-block-table\"><table><tbody><tr><td>Modelo<\/td><td>Capacidad<\/td><td>Poder principal<\/td><td>poder de corte<\/td><td>Alimentaci\u00f3n de alimentaci\u00f3n<\/td><td>Di\u00e1metro del tornillo<\/td><td>Tama\u00f1o<\/td><td>Peso<\/td><\/tr><tr><td>DGP-40<\/td><td>40-50kg\/hora<\/td><td>7,5kW<\/td><td>0,4kW<\/td><td>0,4kW<\/td><td>40mm<\/td><td>1260*860*1250mm<\/td><td>290kg<\/td><\/tr><tr><td>DGP-60<\/td><td>150kg\/hora<\/td><td>15kW<\/td><td>0,4kW<\/td><td>0,4kW<\/td><td>60mm<\/td><td>1450*950*1430mm<\/td><td>480 kilos<\/td><\/tr><tr><td>DGP-70<\/td><td>180-250kg\/hora<\/td><td>18,5kW<\/td><td>0,4kW<\/td><td>0,4kW<\/td><td>70mm<\/td><td>1600*1400*1450mm<\/td><td>600 kilos<\/td><\/tr><tr><td>DGP-80<\/td><td>300-350kg\/hora<\/td><td>22kW<\/td><td>0,4kW<\/td><td>0,4kW<\/td><td>80mm<\/td><td>1850*1470*1500m<\/td><td>800 kilos<\/td><\/tr><\/tbody><\/table><figcaption class=\"wp-element-caption\">Datos de la m\u00e1quina de fabricaci\u00f3n de alimentos para perros y gatos<\/figcaption><\/figure>    <h2 class=\"wp-block-heading\"><strong>V\u00eddeo de funcionamiento de la m\u00e1quina para hacer comida para perros.<\/strong><\/h2>    <figure class=\"wp-block-embed is-type-video is-provider-youtube wp-block-embed-youtube wp-embed-aspect-16-9 wp-has-aspect-ratio\"><div class=\"wp-block-embed__wrapper\"> <iframe loading=\"lazy\" title=\"M\u00e1quina para hacer comida para perros | M\u00e1quina procesadora de alimentos secos para mascotas | M\u00e1quina de pellets para alimentaci\u00f3n de peces #petfood\" width=\"500\" height=\"281\" src=\"https:\/\/www.youtube.com\/embed\/mtaRugKvzg0?feature=oembed\" frameborder=\"0\" allow=\"accelerometer; autoplay; clipboard-write; encrypted-media; gyroscope; picture-in-picture; web-share\" referrerpolicy=\"strict-origin-when-cross-origin\" allowfullscreen><\/iframe> <\/div><figcaption class=\"wp-element-caption\">maquina para hacer comida para perros<\/figcaption><\/figure>","protected":false},"excerpt":{"rendered":"<p>This dog food making machine is used to produce feed for various pets, such as cats, dogs, turtles, parrots, etc. The pet food machine has various capacities and can be equipped with the corresponding feed pellet production line. This dog food machine can produce various kinds of peculiar-shaped pet food, which is very attractive for [&hellip;]<\/p>\n","protected":false},"author":1,"featured_media":126,"parent":0,"template":"","tags":[24,13,11,17],"product-type":[8],"class_list":["post-61","product","type-product","status-publish","has-post-thumbnail","hentry","tag-fish-feed","tag-fish-feed-extruder-machine","tag-floating-fish-feed-machine","tag-new-type-fish-feed-extruder-machine","product-type-fish-feed-pellet-machine"],"_links":{"self":[{"href":"https:\/\/fishfoodmachinery.com\/es\/wp-json\/wp\/v2\/product\/61","targetHints":{"allow":["GET"]}}],"collection":[{"href":"https:\/\/fishfoodmachinery.com\/es\/wp-json\/wp\/v2\/product"}],"about":[{"href":"https:\/\/fishfoodmachinery.com\/es\/wp-json\/wp\/v2\/types\/product"}],"author":[{"embeddable":true,"href":"https:\/\/fishfoodmachinery.com\/es\/wp-json\/wp\/v2\/users\/1"}],"wp:featuredmedia":[{"embeddable":true,"href":"https:\/\/fishfoodmachinery.com\/es\/wp-json\/wp\/v2\/media\/126"}],"wp:attachment":[{"href":"https:\/\/fishfoodmachinery.com\/es\/wp-json\/wp\/v2\/media?parent=61"}],"wp:term":[{"taxonomy":"post_tag","embeddable":true,"href":"https:\/\/fishfoodmachinery.com\/es\/wp-json\/wp\/v2\/tags?post=61"},{"taxonomy":"product-type","embeddable":true,"href":"https:\/\/fishfoodmachinery.com\/es\/wp-json\/wp\/v2\/product-type?post=61"}],"curies":[{"name":"wp","href":"https:\/\/api.w.org\/{rel}","templated":true}]}}