{"id":63,"date":"2022-09-06T06:27:36","date_gmt":"2022-09-06T06:27:36","guid":{"rendered":"https:\/\/fishfoodmachinery.com\/?post_type=product&#038;p=63"},"modified":"2024-06-11T16:55:30","modified_gmt":"2024-06-11T08:55:30","slug":"animal-feed-pellet-machine-for-sale","status":"publish","type":"product","link":"https:\/\/fishfoodmachinery.com\/es\/product\/animal-feed-pellet-machine-for-sale\/","title":{"rendered":"M\u00e1quina de pellets para alimentaci\u00f3n animal para pollos, vacas, ovejas, patos y conejos"},"content":{"rendered":"<p class=\"translation-block\"><strong>Animal feed pellet machine<\/strong>, also called flat die pellet mill, feed pellet mill, is mainly used to produce various kinds of animal feed, such as cattle, rabbits, pigs, chickens, sheep, and so on. <\/p>    <p>La capacidad de producci\u00f3n oscila entre 120 kg por hora y 1200 kg por hora. Por lo tanto, no importa el tama\u00f1o de su f\u00e1brica o corral de engorde, nuestra m\u00e1quina peletizadora para alimento para ganado siempre satisfar\u00e1 sus necesidades.<\/p>    <p>Adem\u00e1s, nuestro equipo de granulaci\u00f3n cuenta con el certificado CE. Y a menudo se venden al por mayor. Si est\u00e1s interesado en este tipo de m\u00e1quina, \u00a1ponte en contacto con nosotros!<\/p>    <figure class=\"wp-block-embed is-type-video is-provider-youtube wp-block-embed-youtube wp-embed-aspect-16-9 wp-has-aspect-ratio\"><div class=\"wp-block-embed__wrapper\"> <iframe loading=\"lazy\" title=\"Gran oferta de prensa de pellets para piensos para aves de corral, piensos para ganado y piensos para conejos: M\u00e1quina para fabricar piensos\" width=\"500\" height=\"281\" src=\"https:\/\/www.youtube.com\/embed\/9AQQHeaSnsM?feature=oembed\" frameborder=\"0\" allow=\"accelerometer; autoplay; clipboard-write; encrypted-media; gyroscope; picture-in-picture; web-share\" referrerpolicy=\"strict-origin-when-cross-origin\" allowfullscreen><\/iframe> <\/div><figcaption class=\"wp-element-caption\">V\u00eddeo de trabajo de la m\u00e1quina granuladora de piensos para animales.<\/figcaption><\/figure>    <h2 class=\"wp-block-heading\" id=\"h-applications-of-the-animal-feed-pellets-making-machine\"><strong>Aplicaciones de la m\u00e1quina para fabricar pellets de pienso para animales.<\/strong><strong><\/strong><\/h2>    <p class=\"translation-block\">The<strong>\u00a0<\/strong>animal pellet machine has a wide range of applications, feed pellets for animals. Details are listed as below:<\/p>   <div class=\"wp-block-image\"> <figure class=\"aligncenter size-full\"><img loading=\"lazy\" decoding=\"async\" width=\"750\" height=\"710\" src=\"https:\/\/fishfoodmachinery.com\/wp-content\/uploads\/2022\/09\/cattle-poultry-feed-pellets-making.webp\" alt=\"Fabricaci\u00f3n de pellets de alimentaci\u00f3n para ganado vacuno y aves de corral.\" class=\"wp-image-135\" title=\"\" srcset=\"https:\/\/fishfoodmachinery.com\/wp-content\/uploads\/2022\/09\/cattle-poultry-feed-pellets-making.webp 750w, https:\/\/fishfoodmachinery.com\/wp-content\/uploads\/2022\/09\/cattle-poultry-feed-pellets-making-300x284.webp 300w\" sizes=\"auto, (max-width: 750px) 100vw, 750px\" \/><figcaption class=\"wp-element-caption\">Fabricaci\u00f3n de pellets de alimentaci\u00f3n para ganado vacuno y aves de corral.<\/figcaption><\/figure> <\/div>   <h2 class=\"wp-block-heading\" id=\"h-commercial-animal-feed-pellet-machine-for-sale\"><strong>M\u00e1quina de pellets para alimentaci\u00f3n animal comercial a la venta<\/strong><strong><\/strong><\/h2>    <h3 class=\"wp-block-heading\" id=\"h-1st-type-electric-chicken-feed-pellet-machine\"><strong>1er tipo: peletizadora el\u00e9ctrica para alimento de pollos<\/strong><\/h3>    <figure class=\"wp-block-gallery aligncenter has-nested-images columns-default is-cropped wp-block-gallery-2 is-layout-flex wp-block-gallery-is-layout-flex\"> <figure class=\"wp-block-image size-large\"><img loading=\"lazy\" decoding=\"async\" width=\"720\" height=\"540\" data-id=\"137\" src=\"https:\/\/fishfoodmachinery.com\/wp-content\/uploads\/2022\/09\/electric-motor-chicken-feed-pellet-machine.webp\" alt=\"M\u00e1quina de pellets de alimentaci\u00f3n de pollo con motor el\u00e9ctrico\" class=\"wp-image-137\" title=\"\" srcset=\"https:\/\/fishfoodmachinery.com\/wp-content\/uploads\/2022\/09\/electric-motor-chicken-feed-pellet-machine.webp 720w, https:\/\/fishfoodmachinery.com\/wp-content\/uploads\/2022\/09\/electric-motor-chicken-feed-pellet-machine-300x225.webp 300w\" sizes=\"auto, (max-width: 720px) 100vw, 720px\" \/><figcaption class=\"wp-element-caption\">M\u00e1quina de pellets de alimentaci\u00f3n de pollo con motor el\u00e9ctrico<\/figcaption><\/figure>    <figure class=\"wp-block-image size-large\"><img loading=\"lazy\" decoding=\"async\" width=\"2560\" height=\"1920\" data-id=\"138\" src=\"https:\/\/fishfoodmachinery.com\/wp-content\/uploads\/2022\/09\/integrated-electric-poultry-feed-pellet-machine.webp\" alt=\"peletizadora el\u00e9ctrica integrada para alimentaci\u00f3n de aves de corral\" class=\"wp-image-138\" title=\"\" srcset=\"https:\/\/fishfoodmachinery.com\/wp-content\/uploads\/2022\/09\/integrated-electric-poultry-feed-pellet-machine.webp 2560w, https:\/\/fishfoodmachinery.com\/wp-content\/uploads\/2022\/09\/integrated-electric-poultry-feed-pellet-machine-300x225.webp 300w, https:\/\/fishfoodmachinery.com\/wp-content\/uploads\/2022\/09\/integrated-electric-poultry-feed-pellet-machine-1024x768.webp 1024w, https:\/\/fishfoodmachinery.com\/wp-content\/uploads\/2022\/09\/integrated-electric-poultry-feed-pellet-machine-768x576.webp 768w, https:\/\/fishfoodmachinery.com\/wp-content\/uploads\/2022\/09\/integrated-electric-poultry-feed-pellet-machine-1536x1152.webp 1536w, https:\/\/fishfoodmachinery.com\/wp-content\/uploads\/2022\/09\/integrated-electric-poultry-feed-pellet-machine-2048x1536.webp 2048w\" sizes=\"auto, (max-width: 2560px) 100vw, 2560px\" \/><figcaption class=\"wp-element-caption\">Peletizadora el\u00e9ctrica integrada para alimentaci\u00f3n de aves de corral<\/figcaption><\/figure> <\/figure>    <h3 class=\"wp-block-heading\" id=\"h-2nd-type-diesel-engine-rabbit-pellet-making-machine\"><strong>2do tipo: m\u00e1quina para fabricar pellets de conejo con motor di\u00e9sel<\/strong><\/h3>   <div class=\"wp-block-image\"> <figure class=\"aligncenter size-full\"><img loading=\"lazy\" decoding=\"async\" width=\"720\" height=\"540\" src=\"https:\/\/fishfoodmachinery.com\/wp-content\/uploads\/2022\/09\/diesel-engine-feed-pellet-mill.webp\" alt=\"molino de pellets de alimentaci\u00f3n con motor diesel\" class=\"wp-image-140\" title=\"\" srcset=\"https:\/\/fishfoodmachinery.com\/wp-content\/uploads\/2022\/09\/diesel-engine-feed-pellet-mill.webp 720w, https:\/\/fishfoodmachinery.com\/wp-content\/uploads\/2022\/09\/diesel-engine-feed-pellet-mill-300x225.webp 300w\" sizes=\"auto, (max-width: 720px) 100vw, 720px\" \/><figcaption class=\"wp-element-caption\">molino de pellets de alimentaci\u00f3n con motor diesel<\/figcaption><\/figure> <\/div>   <h3 class=\"wp-block-heading\" id=\"h-3rd-type-gasoline-rabbit-pellet-making-machine\"><strong>3er tipo: m\u00e1quina para fabricar pellets de conejo a gasolina<\/strong><\/h3>    <figure class=\"wp-block-gallery aligncenter has-nested-images columns-default is-cropped wp-block-gallery-3 is-layout-flex wp-block-gallery-is-layout-flex\"> <figure class=\"wp-block-image size-large\"><img loading=\"lazy\" decoding=\"async\" width=\"720\" height=\"540\" data-id=\"141\" src=\"https:\/\/fishfoodmachinery.com\/wp-content\/uploads\/2022\/09\/gasoline-engine-feed-pellet-mill.webp\" alt=\"Molino de pellets de alimentaci\u00f3n con motor de gasolina\" class=\"wp-image-141\" title=\"\" srcset=\"https:\/\/fishfoodmachinery.com\/wp-content\/uploads\/2022\/09\/gasoline-engine-feed-pellet-mill.webp 720w, https:\/\/fishfoodmachinery.com\/wp-content\/uploads\/2022\/09\/gasoline-engine-feed-pellet-mill-300x225.webp 300w\" sizes=\"auto, (max-width: 720px) 100vw, 720px\" \/><figcaption class=\"wp-element-caption\">Molino de pellets de alimentaci\u00f3n para motores de gasolina<\/figcaption><\/figure>    <figure class=\"wp-block-image size-large\"><img loading=\"lazy\" decoding=\"async\" width=\"720\" height=\"540\" data-id=\"142\" src=\"https:\/\/fishfoodmachinery.com\/wp-content\/uploads\/2022\/09\/gasoline-engine-flat-die-pellet-mill.webp\" alt=\"Molino de pellets de matriz plana con motor de gasolina\" class=\"wp-image-142\" title=\"\" srcset=\"https:\/\/fishfoodmachinery.com\/wp-content\/uploads\/2022\/09\/gasoline-engine-flat-die-pellet-mill.webp 720w, https:\/\/fishfoodmachinery.com\/wp-content\/uploads\/2022\/09\/gasoline-engine-flat-die-pellet-mill-300x225.webp 300w\" sizes=\"auto, (max-width: 720px) 100vw, 720px\" \/><figcaption class=\"wp-element-caption\">Molino de pellets de matriz plana con motor de gasolina<\/figcaption><\/figure> <\/figure>    <h3 class=\"wp-block-heading\" id=\"h-4th-type-pto-driven-goat-feed-pellet-making-machine\"><strong>Cuarto tipo: m\u00e1quina para fabricar pellets de alimento para cabras accionada por toma de fuerza<\/strong><\/h3>   <div class=\"wp-block-image\"> <figure class=\"aligncenter size-full\"><img loading=\"lazy\" decoding=\"async\" width=\"720\" height=\"540\" src=\"https:\/\/fishfoodmachinery.com\/wp-content\/uploads\/2022\/09\/PTO-driven-feed-pellet-making-machine.webp\" alt=\"M\u00e1quina para fabricar pellets de pienso accionada por toma de fuerza\" class=\"wp-image-145\" title=\"\" srcset=\"https:\/\/fishfoodmachinery.com\/wp-content\/uploads\/2022\/09\/PTO-driven-feed-pellet-making-machine.webp 720w, https:\/\/fishfoodmachinery.com\/wp-content\/uploads\/2022\/09\/PTO-driven-feed-pellet-making-machine-300x225.webp 300w\" sizes=\"auto, (max-width: 720px) 100vw, 720px\" \/><figcaption class=\"wp-element-caption\">M\u00e1quina para fabricar pellets de pienso accionada por toma de fuerza<\/figcaption><\/figure> <\/div>   <h2 class=\"wp-block-heading\" id=\"h-spotlights-of-the-cattle-feed-pellet-machine\"><strong>Focos de la peletizadora de pienso para ganado<\/strong><strong><\/strong><\/h2>    <ol class=\"wp-block-list\" style=\"list-style-type:1\"> <li>La f\u00e1brica de pellets para alimento para pollos tiene una estructura simple, liviana y de f\u00e1cil operaci\u00f3n.<\/li>    <li>Esta m\u00e1quina peletizadora para alimento animal puede producir alimento para ganado, alimento para cabras, alimento para conejos, alimento para cerdos, alimento para conejos, etc.<\/li>    <li>La capacidad var\u00eda de 120 kg a 1200 kg. Si desea la l\u00ednea de producci\u00f3n, tambi\u00e9n tenemos disponible la planta de pellets para alimento para ganado.<\/li> <\/ol>    <h2 class=\"wp-block-heading\" id=\"h-technical-parameters-of-the-animal-feed-pellet-machine\"><strong>Par\u00e1metros t\u00e9cnicos de la peletizadora de alimentaci\u00f3n animal.<\/strong><strong><\/strong><\/h2>    <figure class=\"wp-block-table\"><table><tbody><tr><td>Modelo&nbsp;<\/td><td>Capacidad<\/td><td>Fuerza<\/td><td>Di\u00e1metro de la placa del molde<\/td><td>Tama\u00f1o<\/td><td>Peso<\/td><\/tr><tr><td>KL-120<\/td><td>120kg\/hora<\/td><td>3kW<\/td><td>120mm<\/td><td>750*320*610mm<\/td><td>100 kilos<\/td><\/tr><tr><td>KL-150<\/td><td>150kg\/hora<\/td><td>3kW<\/td><td>150mm<\/td><td>750*350*650mm<\/td><td>190kg<\/td><\/tr><tr><td>KL-210<\/td><td>400kg\/h<\/td><td>7,5kW<\/td><td>210 mm<\/td><td>1000*450*960mm<\/td><td>230 kilos<\/td><\/tr><tr><td>KBL-260<\/td><td>800kg\/h<\/td><td>15kW<\/td><td>260 mm<\/td><td>1460*460*1150mm<\/td><td>360 kilos<\/td><\/tr><tr><td>KBL-300<\/td><td>1000-1200kg\/hora<\/td><td>22kW<\/td><td>300 mm<\/td><td>1360*570*1150mm<\/td><td>450 kilos<\/td><\/tr><\/tbody><\/table><figcaption class=\"wp-element-caption\">par\u00e1metros del peletizador de alimentaci\u00f3n<\/figcaption><\/figure>    <h2 class=\"wp-block-heading\" id=\"h-consumable-parts-of-the-poultry-animal-feed-pellet-machine\"><strong>Piezas consumibles de la m\u00e1quina de pellets para piensos para aves de corral<\/strong><\/h2>    <p class=\"translation-block\"><strong>Press roller and mold plate<\/strong><\/p>    <p>Lo anterior son los materiales consumibles. Por lo tanto, cuando utilice la f\u00e1brica de pellets para pienso para conejos, preste atenci\u00f3n a esta parte.<\/p>   <div class=\"wp-block-image\"> <figure class=\"aligncenter size-full\"><img loading=\"lazy\" decoding=\"async\" width=\"720\" height=\"500\" src=\"https:\/\/fishfoodmachinery.com\/wp-content\/uploads\/2022\/09\/press-roller-and-mould-plate.webp\" alt=\"rodillo de presi\u00f3n y placa de molde\" class=\"wp-image-147\" title=\"\" srcset=\"https:\/\/fishfoodmachinery.com\/wp-content\/uploads\/2022\/09\/press-roller-and-mould-plate.webp 720w, https:\/\/fishfoodmachinery.com\/wp-content\/uploads\/2022\/09\/press-roller-and-mould-plate-300x208.webp 300w\" sizes=\"auto, (max-width: 720px) 100vw, 720px\" \/><figcaption class=\"wp-element-caption\">rodillo de presi\u00f3n y placa de molde<\/figcaption><\/figure> <\/div>   <h2 class=\"wp-block-heading\" id=\"h-start-a-mini-production-line-for-feed-pellets\"><strong>Iniciar una mini l\u00ednea de producci\u00f3n de pellets de pienso<\/strong><strong><\/strong><\/h2>    <p>En realidad, si tiene suficiente presupuesto, puede considerar comprar una l\u00ednea de producci\u00f3n de pellets de alimento para animales simple.<\/p>    <p>Cortadora de paja\/trituradora de hierba\/cortadora de paja y trituradora de grano\u2192mezcladora\u2192tolva\u2192m\u00e1quina de pellets para alimentaci\u00f3n animal<\/p>    <p>Uno simple: molino de grano combinado cortador de paja \u2192 molino de pellets para alimentaci\u00f3n animal<\/p>    <p>\u00a0\u00a0\u00a0\u00a0\u00a0\u00a0\u00a0\u00a0\u00a0\u00a0 9FQ \u2192 m\u00e1quina para fabricar piensos para cabras<\/p>    <h2 class=\"wp-block-heading\" id=\"h-successful-case-the-animal-food-pellet-machine-shipping-to-nigeria\"><strong>Caso de \u00e9xito: env\u00edo de la m\u00e1quina de pellets para alimentos animales a Nigeria<\/strong><\/h2>    <p class=\"translation-block\">The Nigerian client first looked for the <a href=\"https:\/\/fishfoodmachinery.com\/es\/product\/floating-fish-feed-machine\/\" target=\"_blank\" rel=\"noreferrer noopener\">fish floating feed machine<\/a> to produce the chicken feed. During the communication, our sales manager got the news that his budget was insufficient. Thus, the sales manager recommended the animal feed pellets making machine. <\/p>    <p>Esta m\u00e1quina para fabricar pellets para pollo tiene un precio ventajoso y la misma funci\u00f3n. A trav\u00e9s del chat, el cliente nigeriano conoc\u00eda la m\u00e1quina y prefer\u00eda esta peletizadora de pienso. Finalmente, pidi\u00f3 5 juegos y exigi\u00f3 que se los enviaran a Nigeria.<\/p>   <div class=\"wp-block-image\"> <figure class=\"aligncenter size-full\"><img loading=\"lazy\" decoding=\"async\" width=\"750\" height=\"562\" src=\"https:\/\/fishfoodmachinery.com\/wp-content\/uploads\/2022\/09\/feed-pellet-making-machine-in-stock.webp\" alt=\"M\u00e1quina para fabricar pellets de alimentaci\u00f3n en stock\" class=\"wp-image-146\" title=\"\" srcset=\"https:\/\/fishfoodmachinery.com\/wp-content\/uploads\/2022\/09\/feed-pellet-making-machine-in-stock.webp 750w, https:\/\/fishfoodmachinery.com\/wp-content\/uploads\/2022\/09\/feed-pellet-making-machine-in-stock-300x225.webp 300w\" sizes=\"auto, (max-width: 750px) 100vw, 750px\" \/><figcaption class=\"wp-element-caption\">M\u00e1quina para fabricar pellets de alimentaci\u00f3n en stock<\/figcaption><\/figure> <\/div>   <h2 class=\"wp-block-heading\"><strong>\u00a1Cont\u00e1ctenos para m\u00e1s detalles de la m\u00e1quina!<\/strong><\/h2>    <p class=\"translation-block\">Do you want a cost-effective pellet mill for <a href=\"https:\/\/en.wikipedia.org\/wiki\/Animal_feed\" target=\"_blank\" rel=\"noopener\">animal feed<\/a> production? If so, contact us and we will provide you with the optimal solution.<\/p>","protected":false},"excerpt":{"rendered":"<p>La m\u00e1quina peletizadora para alimento animal se utiliza principalmente para producir diversos tipos de alimento para animales, como ganado vacuno, conejos, cerdos, pollos y ovejas, con una capacidad de 120-1200 kg\/h.<\/p>","protected":false},"author":1,"featured_media":134,"parent":0,"template":"","tags":[53],"product-type":[9],"class_list":["post-63","product","type-product","status-publish","has-post-thumbnail","hentry","tag-animal-feed","product-type-animal-feed-pellet-machine"],"_links":{"self":[{"href":"https:\/\/fishfoodmachinery.com\/es\/wp-json\/wp\/v2\/product\/63","targetHints":{"allow":["GET"]}}],"collection":[{"href":"https:\/\/fishfoodmachinery.com\/es\/wp-json\/wp\/v2\/product"}],"about":[{"href":"https:\/\/fishfoodmachinery.com\/es\/wp-json\/wp\/v2\/types\/product"}],"author":[{"embeddable":true,"href":"https:\/\/fishfoodmachinery.com\/es\/wp-json\/wp\/v2\/users\/1"}],"wp:featuredmedia":[{"embeddable":true,"href":"https:\/\/fishfoodmachinery.com\/es\/wp-json\/wp\/v2\/media\/134"}],"wp:attachment":[{"href":"https:\/\/fishfoodmachinery.com\/es\/wp-json\/wp\/v2\/media?parent=63"}],"wp:term":[{"taxonomy":"post_tag","embeddable":true,"href":"https:\/\/fishfoodmachinery.com\/es\/wp-json\/wp\/v2\/tags?post=63"},{"taxonomy":"product-type","embeddable":true,"href":"https:\/\/fishfoodmachinery.com\/es\/wp-json\/wp\/v2\/product-type?post=63"}],"curies":[{"name":"wp","href":"https:\/\/api.w.org\/{rel}","templated":true}]}}