{"id":67,"date":"2022-09-06T06:31:46","date_gmt":"2022-09-06T06:31:46","guid":{"rendered":"https:\/\/fishfoodmachinery.com\/?post_type=product&#038;p=67"},"modified":"2024-12-23T11:19:31","modified_gmt":"2024-12-23T03:19:31","slug":"new-type-fish-pellet-making-machine","status":"publish","type":"product","link":"https:\/\/fishfoodmachinery.com\/es\/product\/new-type-fish-pellet-making-machine\/","title":{"rendered":"Nuevo tipo de m\u00e1quina para fabricar pellets de pescado"},"content":{"rendered":"<p class=\"translation-block\">This fish pellet making machine is newly designed on the basis of the previous<a href=\"https:\/\/fishfoodmachinery.com\/es\/product\/floating-fish-feed-machine\/\" target=\"_blank\" rel=\"noreferrer noopener\"> floating fish food making machine<\/a>. This fish pellet mill has an integrated structure, more convenient and easy to use. It has the same function: produce various feed pellets. The fish food processing machine is manufactured under the strict quality control system, so, the machine quality is good. Besides, Taizy floating fish food machine is exported to Peru, Angola, Niger, Ghana, etc. If you are interested, get in touch with us immediately for more information!<\/p>    <h2 class=\"wp-block-heading\" id=\"h-structure-of-the-floating-fish-pellet-making-machine\"><strong>Estructura de la m\u00e1quina para fabricar pellets de pescado flotante.<\/strong><\/h2>    <p class=\"translation-block\">En realidad, la composici\u00f3n de la <a href=\"https:\/\/taizyagromachine.com\/product\/fish-feed-extruder\/\" target=\"_blank\" rel=\"noreferrer noopener\">m\u00e1quina para fabricar pienso para peces en venta<\/a> es muy f\u00e1cil de entender. El dispositivo de control de la m\u00e1quina est\u00e1 en una condici\u00f3n cerrada. Controlar la m\u00e1quina solo requiere operar el panel de control externo. Seg\u00fan el proceso de producci\u00f3n, la m\u00e1quina tiene aproximadamente entrada, calentamiento, cuchilla de corte y salida.<\/p>   <div class=\"wp-block-image\"> <figure class=\"aligncenter size-full\"><img loading=\"lazy\" decoding=\"async\" width=\"720\" height=\"540\" src=\"https:\/\/fishfoodmachinery.com\/wp-content\/uploads\/2022\/09\/floating-fish-feed-pellet-machine-structure.webp\" alt=\"Estructura flotante de la m\u00e1quina de pellets de alimentaci\u00f3n de peces\" class=\"wp-image-153\" title=\"\" srcset=\"https:\/\/fishfoodmachinery.com\/wp-content\/uploads\/2022\/09\/floating-fish-feed-pellet-machine-structure.webp 720w, https:\/\/fishfoodmachinery.com\/wp-content\/uploads\/2022\/09\/floating-fish-feed-pellet-machine-structure-300x225.webp 300w\" sizes=\"auto, (max-width: 720px) 100vw, 720px\" \/><figcaption class=\"wp-element-caption\">Estructura flotante de la m\u00e1quina de pellets de alimentaci\u00f3n de peces<\/figcaption><\/figure> <\/div>   <h2 class=\"wp-block-heading\" id=\"h-advantages-of-the-fish-feed-pellet-making-machine\"><strong>Ventajas de la m\u00e1quina para fabricar pellets de alimento para peces<\/strong><strong><\/strong><\/h2>    <ul class=\"wp-block-list\" type=\"1\"> <li>Estructura simple, amplia adaptabilidad.<\/li>    <li>Menos espacio y poco ruido.<\/li>    <li>El pienso en pellets es m\u00e1s propicio para el almacenamiento.<\/li>    <li>Alimentar a los animales puede obtener mayores beneficios econ\u00f3micos.<\/li>    <li>Los pellets de pienso producidos tienen una superficie lisa y una maduraci\u00f3n interna, lo que puede mejorar la digesti\u00f3n y absorci\u00f3n de nutrientes.<\/li>    <li>El proceso de formaci\u00f3n de pellets de la m\u00e1quina para fabricar pellets de pescado puede reducir las enfermedades del sistema digestivo de varios insectos.<\/li> <\/ul>    <h2 class=\"wp-block-heading\" id=\"h-what-are-the-spotlights-of-the-new-type-fish-feed-pelleting-machine\"><strong>\u00bfCu\u00e1les son los aspectos m\u00e1s destacados de la nueva m\u00e1quina granuladora de alimento para peces?<\/strong><\/h2>    <ul class=\"wp-block-list\" type=\"1\"> <li>Estructura de m\u00e1quina integrada, bajo nivel de ruido.<\/li>    <li>F\u00e1cil operaci\u00f3n, solo opere en el panel de control.<\/li>    <li>Uso m\u00e1s conveniente de la m\u00e1quina.<\/li>    <li>Sencillo de reemplazar los moldes.<\/li>    <li>Tecnolog\u00eda avanzada, produciendo un pienso m\u00e1s atractivo y sabroso.<\/li> <\/ul>   <div class=\"wp-block-image\"> <figure class=\"aligncenter size-full\"><img loading=\"lazy\" decoding=\"async\" width=\"720\" height=\"540\" src=\"https:\/\/fishfoodmachinery.com\/wp-content\/uploads\/2022\/09\/newly-designed-fish-pellet-machine.webp\" alt=\"peletizadora de pescado de nuevo dise\u00f1o\" class=\"wp-image-155\" title=\"\" srcset=\"https:\/\/fishfoodmachinery.com\/wp-content\/uploads\/2022\/09\/newly-designed-fish-pellet-machine.webp 720w, https:\/\/fishfoodmachinery.com\/wp-content\/uploads\/2022\/09\/newly-designed-fish-pellet-machine-300x225.webp 300w\" sizes=\"auto, (max-width: 720px) 100vw, 720px\" \/><figcaption class=\"wp-element-caption\">peletizadora de pescado de nuevo dise\u00f1o<\/figcaption><\/figure> <\/div>   <h2 class=\"wp-block-heading\" id=\"h-successful-case-floating-fish-feed-pellet-machine-delivered-to-cote-d-ivoire\"><strong>Caso de \u00e9xito: m\u00e1quina de pellets flotante para alimento para peces entregada a Costa de Marfil<\/strong><\/h2>    <p>Este cliente es un cliente habitual. Esta vez fue una compra repetida. Por eso le recomendamos nuestra nueva f\u00e1brica de pellets para alimento para peces. Adem\u00e1s, presentamos las caracter\u00edsticas ventajosas de esta nueva m\u00e1quina para fabricar pellets de pescado. Gracias a la larga cooperaci\u00f3n, se gener\u00f3 confianza, por lo que el cliente realiz\u00f3 un pedido. Despu\u00e9s de recibir la m\u00e1quina y usarla durante un tiempo, dijo que los comentarios de los clientes fueron particularmente buenos y que era una m\u00e1quina muy pr\u00e1ctica.<\/p>   <div class=\"wp-block-image\"> <figure class=\"aligncenter size-full\"><img loading=\"lazy\" decoding=\"async\" width=\"720\" height=\"540\" src=\"https:\/\/fishfoodmachinery.com\/wp-content\/uploads\/2022\/09\/new-type-floating-fish-food-machine-in-stock.webp\" alt=\"Nuevo tipo de m\u00e1quina flotante para alimento de peces en stock\" class=\"wp-image-156\" title=\"\" srcset=\"https:\/\/fishfoodmachinery.com\/wp-content\/uploads\/2022\/09\/new-type-floating-fish-food-machine-in-stock.webp 720w, https:\/\/fishfoodmachinery.com\/wp-content\/uploads\/2022\/09\/new-type-floating-fish-food-machine-in-stock-300x225.webp 300w\" sizes=\"auto, (max-width: 720px) 100vw, 720px\" \/><figcaption class=\"wp-element-caption\">Nuevo tipo de m\u00e1quina flotante para alimento de peces en stock<\/figcaption><\/figure> <\/div>   <h2 class=\"wp-block-heading\" id=\"h-technical-parameters-of-the-commercial-fish-pellet-making-machine\"><strong>Par\u00e1metros t\u00e9cnicos de la m\u00e1quina comercial para fabricar pellets de pescado.<\/strong><strong><\/strong><\/h2>    <figure class=\"wp-block-table\"><table><tbody><tr><td>Modelo<\/td><td>Capacidad<\/td><td>Poder principal<\/td><td>poder de corte<\/td><td>Alimentaci\u00f3n de alimentaci\u00f3n<\/td><td>Di\u00e1metro del tornillo<\/td><td>Tama\u00f1o<\/td><td>Peso<\/td><\/tr><tr><td>DGP-40<\/td><td>40-50kg\/hora<\/td><td>7,5kW<\/td><td>0,4kW<\/td><td>0,4kW<\/td><td>40mm<\/td><td>1260*860*1250mm<\/td><td>290kg<\/td><\/tr><tr><td>DGP-60<\/td><td>150kg\/hora<\/td><td>15kW<\/td><td>0,4kW<\/td><td>0,4kW<\/td><td>60mm<\/td><td>1450*950*1430mm<\/td><td>480 kilos<\/td><\/tr><tr><td>DGP-70<\/td><td>180-250kg\/hora<\/td><td>18,5kW<\/td><td>0,4kW<\/td><td>0,4kW<\/td><td>70mm<\/td><td>1600*1400*1450mm<\/td><td>600 kilos<\/td><\/tr><tr><td>DGP-80<\/td><td>300-350kg\/hora<\/td><td>22kW<\/td><td>0,4kW<\/td><td>0,4kW<\/td><td>80mm<\/td><td>1850*1470*1500m<\/td><td>800 kilos<\/td><\/tr><\/tbody><\/table><\/figure>","protected":false},"excerpt":{"rendered":"<p>This fish pellet making machine is newly designed on the basis of the previous floating fish food making machine. This fish pellet mill has an integrated structure, more convenient and easy to use. It has the same function: produce various feed pellets. The fish food processing machine is manufactured under the strict quality control system, [&hellip;]<\/p>\n","protected":false},"author":1,"featured_media":150,"parent":0,"template":"","tags":[24,20,10,19],"product-type":[8],"class_list":["post-67","product","type-product","status-publish","has-post-thumbnail","hentry","tag-fish-feed","tag-fish-feed-pellet-machine","tag-floating-fish-feed-production-line","tag-pet-food-making-machine","product-type-fish-feed-pellet-machine"],"_links":{"self":[{"href":"https:\/\/fishfoodmachinery.com\/es\/wp-json\/wp\/v2\/product\/67","targetHints":{"allow":["GET"]}}],"collection":[{"href":"https:\/\/fishfoodmachinery.com\/es\/wp-json\/wp\/v2\/product"}],"about":[{"href":"https:\/\/fishfoodmachinery.com\/es\/wp-json\/wp\/v2\/types\/product"}],"author":[{"embeddable":true,"href":"https:\/\/fishfoodmachinery.com\/es\/wp-json\/wp\/v2\/users\/1"}],"wp:featuredmedia":[{"embeddable":true,"href":"https:\/\/fishfoodmachinery.com\/es\/wp-json\/wp\/v2\/media\/150"}],"wp:attachment":[{"href":"https:\/\/fishfoodmachinery.com\/es\/wp-json\/wp\/v2\/media?parent=67"}],"wp:term":[{"taxonomy":"post_tag","embeddable":true,"href":"https:\/\/fishfoodmachinery.com\/es\/wp-json\/wp\/v2\/tags?post=67"},{"taxonomy":"product-type","embeddable":true,"href":"https:\/\/fishfoodmachinery.com\/es\/wp-json\/wp\/v2\/product-type?post=67"}],"curies":[{"name":"wp","href":"https:\/\/api.w.org\/{rel}","templated":true}]}}