{"id":70,"date":"2022-09-06T06:34:15","date_gmt":"2022-09-06T06:34:15","guid":{"rendered":"https:\/\/fishfoodmachinery.com\/?post_type=product&#038;p=70"},"modified":"2024-12-23T11:19:50","modified_gmt":"2024-12-23T03:19:50","slug":"dry-type-fish-feed-extruder-machine","status":"publish","type":"product","link":"https:\/\/fishfoodmachinery.com\/es\/product\/dry-type-fish-feed-extruder-machine\/","title":{"rendered":"M\u00e1quina extrusora de alimento para peces de tipo seco"},"content":{"rendered":"<p class=\"translation-block\">Esta m\u00e1quina extrusora de alimento para peces se utiliza para la producci\u00f3n de pellets de alimento para peces mediante el m\u00e9todo seco. Est\u00e1 principalmente separada del \u00e1rea de producci\u00f3n de pellets de alimento para peces h\u00famedo. Este m\u00e9todo seco de <a href=\"https:\/\/taizyagromachine.com\/product\/fish-feed-extruder\/?swcfpc=1\" target=\"_blank\" rel=\"noreferrer noopener\">m\u00e1quina de inflado de alimento para peces<\/a> tritura y mezcla directamente las materias primas que se inflan directamente en pellets, muy conveniente y eficiente. \u00a1Si est\u00e1 interesado en este tipo de m\u00e1quina, cont\u00e1ctenos!<\/p>    <h2 class=\"wp-block-heading\" id=\"h-why-use-dry-puffing-instead-of-wet-puffing\"><strong>\u00bfPor qu\u00e9 utilizar inflado seco en lugar de inflado h\u00famedo?<\/strong><strong><\/strong><\/h2>    <ul class=\"wp-block-list\" type=\"1\"> <li>Mejorar la tasa de utilizaci\u00f3n digestiva del material. El material se fabrica directamente y se aumenta la tasa de utilizaci\u00f3n.<\/li>    <li>Reducir el contenido bacteriano del material. Debido a que es una temperatura alta instant\u00e1nea, puede reducir las bacterias hasta cierto punto.<\/li> <\/ul>   <div class=\"wp-block-image\"> <figure class=\"aligncenter size-full\"><img loading=\"lazy\" decoding=\"async\" width=\"720\" height=\"720\" src=\"https:\/\/fishfoodmachinery.com\/wp-content\/uploads\/2022\/09\/fish-feed-pellet-machine.webp\" alt=\"peletizadora de alimento para peces\" class=\"wp-image-113\" title=\"\" srcset=\"https:\/\/fishfoodmachinery.com\/wp-content\/uploads\/2022\/09\/fish-feed-pellet-machine.webp 720w, https:\/\/fishfoodmachinery.com\/wp-content\/uploads\/2022\/09\/fish-feed-pellet-machine-300x300.webp 300w, https:\/\/fishfoodmachinery.com\/wp-content\/uploads\/2022\/09\/fish-feed-pellet-machine-150x150.webp 150w\" sizes=\"auto, (max-width: 720px) 100vw, 720px\" \/><figcaption class=\"wp-element-caption\">peletizadora de alimento para peces<\/figcaption><\/figure> <\/div>   <h2 class=\"wp-block-heading\" id=\"h-taizy-machinery-the-top-fish-feed-extruder-machine-manufacturer-supplier\"><strong><a href=\"https:\/\/fishfoodmachinery.com\/es\/about-us\/\" target=\"_blank\" rel=\"noreferrer noopener\">Maquinaria Taizy<\/a>\u2013 el principal fabricante y proveedor de m\u00e1quinas extrusoras de alimento para peces<\/strong><\/h2>    <ol class=\"wp-block-list\" type=\"1\"> <li>Proporcionar las m\u00e1quinas completas. Porque en Taizy, no solo tenemos la m\u00e1quina peletizadora de alimento para peces de tipo seco, sino que tambi\u00e9n ofrecemos la l\u00ednea de producci\u00f3n de alimento para peces. Puedes comprar lo que necesitas de inmediato, muy conveniente.<\/li>    <li>Personal de ventas profesional. Nuestro personal est\u00e1 muy familiarizado con la extrusora de alimentos para mascotas y puede recomendarle la base de m\u00e1quina m\u00e1s adecuada a sus necesidades.<\/li>    <li>Precio competitivo. Estamos integrados con la fabricaci\u00f3n y el suministro, por lo que nuestra m\u00e1quina tiene ventajas de precio.<\/li>    <li>Servicio postventa. Taizy tambi\u00e9n ofrece servicio posventa para respaldar el negocio del cliente y utilizar la m\u00e1quina sin problemas.<\/li> <\/ol>    <h2 class=\"wp-block-heading\" id=\"h-how-to-purchase-taizy-fish-feed-extruder-machine\"><strong>\u00bfC\u00f3mo comprar la m\u00e1quina extrusora de alimento para peces Taizy?<\/strong><\/h2>    <p>Cuando est\u00e9 interesado en comprar una prensa de pellets para alimento para peces, puede comprarla de nuestra parte siguiendo algunos pasos.<\/p>    <ul class=\"wp-block-list\"> <li>Cont\u00e1ctenos: v\u00eda WhatsApp o correo electr\u00f3nico est\u00e1n disponibles.<\/li>    <li>Contrate un gerente de ventas: contrataremos a una persona profesional para que interact\u00fae con usted y le presente la informaci\u00f3n relevante de la m\u00e1quina.<\/li>    <li>Realizar el pedido: El comprador determinar\u00e1 los detalles de la m\u00e1quina a trav\u00e9s de comunicaci\u00f3n.<\/li>    <li>Firmar el contrato: firmar el contrato de pedido y determinar el m\u00e9todo de pago y otras cuestiones.<\/li>    <li>Producci\u00f3n y pago: Pague el dep\u00f3sito e inicie la producci\u00f3n de la m\u00e1quina; Una vez finalizada la producci\u00f3n, pague el saldo y organice la entrega.<\/li>    <li>Transporte: Una vez completados todos los procesos anteriores, empaquetaremos la m\u00e1quina y llegar\u00e1 a su destino por v\u00eda mar\u00edtima (en general).<\/li> <\/ul>   <div class=\"wp-block-image\"> <figure class=\"aligncenter size-full\"><img loading=\"lazy\" decoding=\"async\" width=\"720\" height=\"350\" src=\"https:\/\/fishfoodmachinery.com\/wp-content\/uploads\/2022\/09\/fish-feed-pellet-mill-in-stock.webp\" alt=\"Molino de pellets de alimento para peces en stock\" class=\"wp-image-161\" title=\"\" srcset=\"https:\/\/fishfoodmachinery.com\/wp-content\/uploads\/2022\/09\/fish-feed-pellet-mill-in-stock.webp 720w, https:\/\/fishfoodmachinery.com\/wp-content\/uploads\/2022\/09\/fish-feed-pellet-mill-in-stock-300x146.webp 300w\" sizes=\"auto, (max-width: 720px) 100vw, 720px\" \/><figcaption class=\"wp-element-caption\">Molino de pellets de alimento para peces en stock<\/figcaption><\/figure> <\/div>   <h2 class=\"wp-block-heading\" id=\"h-successful-case-100-150kg-h-fish-feed-pellet-mill-exported-to-peru\"><strong><strong>Caso exitoso: f\u00e1brica de pellets de alimento para peces de 100-150 kg\/h exportada a Per\u00fa<\/strong><\/strong><\/h2>    <p>Nuestra m\u00e1quina para fabricar alimentos flotantes para peces de tipo seco es tan popular que a menudo conseguimos que nuestros distribuidores nos la compren. Este cliente peruano es un distribuidor que import\u00f3 esta m\u00e1quina de Taizy anteriormente y la vendi\u00f3 muy bien, por lo que esta vez nos la volvi\u00f3 a comprar. Dijo que nuestra m\u00e1quina tiene buen rendimiento, alta eficiencia y amplia aplicaci\u00f3n, y a los clientes les gusta mucho esta m\u00e1quina.<\/p>   <div class=\"wp-block-image\"> <figure class=\"aligncenter size-full\"><img loading=\"lazy\" decoding=\"async\" width=\"720\" height=\"540\" src=\"https:\/\/fishfoodmachinery.com\/wp-content\/uploads\/2022\/09\/fish-feed-extruder-machine-manufacturer.webp\" alt=\"fabricante de m\u00e1quinas extrusoras de alimento para peces\" class=\"wp-image-160\" title=\"\" srcset=\"https:\/\/fishfoodmachinery.com\/wp-content\/uploads\/2022\/09\/fish-feed-extruder-machine-manufacturer.webp 720w, https:\/\/fishfoodmachinery.com\/wp-content\/uploads\/2022\/09\/fish-feed-extruder-machine-manufacturer-300x225.webp 300w\" sizes=\"auto, (max-width: 720px) 100vw, 720px\" \/><figcaption class=\"wp-element-caption\">fabricante de m\u00e1quinas extrusoras de alimento para peces<\/figcaption><\/figure> <\/div>   <h2 class=\"wp-block-heading\" id=\"h-technical-parameters-of-the-floating-fish-feed-extruder-machine\"><strong>Par\u00e1metros t\u00e9cnicos del <a href=\"https:\/\/fishfoodmachinery.com\/es\/product\/floating-fish-feed-machine\/\" target=\"_blank\" rel=\"noreferrer noopener\">m\u00e1quina extrusora de alimento flotante para peces<\/a><\/strong><\/h2>    <figure class=\"wp-block-table\"><table><tbody><tr><td>Modelo<\/td><td>Capacidad<\/td><td>Poder principal<\/td><td>poder de corte<\/td><td>Alimentaci\u00f3n de alimentaci\u00f3n<\/td><td>Di\u00e1metro del tornillo<\/td><td>Tama\u00f1o<\/td><td>Peso<\/td><\/tr><tr><td>DGP-40<\/td><td>40-50kg\/hora<\/td><td>7,5kW<\/td><td>0,4kW<\/td><td>0,4kW<\/td><td>40mm<\/td><td>1260*860*1250mm<\/td><td>290kg<\/td><\/tr><tr><td>DGP-60<\/td><td>150kg\/hora<\/td><td>15kW<\/td><td>0,4kW<\/td><td>0,4kW<\/td><td>60mm<\/td><td>1450*950*1430mm<\/td><td>480 kilos<\/td><\/tr><tr><td>DGP-70<\/td><td>180-250kg\/hora<\/td><td>18,5kW<\/td><td>0,4kW<\/td><td>0,4kW<\/td><td>70mm<\/td><td>1600*1400*1450mm<\/td><td>600 kilos<\/td><\/tr><tr><td>DGP-80<\/td><td>300-350kg\/hora<\/td><td>22kW<\/td><td>0,4kW<\/td><td>0,4kW<\/td><td>80mm<\/td><td>1850*1470*1500m<\/td><td>800 kilos<\/td><\/tr><\/tbody><\/table><\/figure>    <h2 class=\"wp-block-heading\"><strong>Video de trabajo de la m\u00e1quina extrusora de alimento para peces de tipo seco.<\/strong><\/h2>    <figure class=\"wp-block-embed is-type-video is-provider-youtube wp-block-embed-youtube wp-embed-aspect-16-9 wp-has-aspect-ratio\"><div class=\"wp-block-embed__wrapper\"> <iframe loading=\"lazy\" title=\"M\u00e1quina extrusora de alimento flotante para peces | M\u00e1quina de alimentaci\u00f3n de peces flotante de tipo seco #fishfeed\" width=\"500\" height=\"281\" src=\"https:\/\/www.youtube.com\/embed\/XbMUnzECEDo?feature=oembed\" frameborder=\"0\" allow=\"accelerometer; autoplay; clipboard-write; encrypted-media; gyroscope; picture-in-picture; web-share\" referrerpolicy=\"strict-origin-when-cross-origin\" allowfullscreen><\/iframe> <\/div><\/figure>","protected":false},"excerpt":{"rendered":"<p>This fish feed extruder machine&nbsp;is used for the production of fish food pellets by the dry method. It is mainly separated from the wet fish food pellet production area. This dry method of fish food puffing machine directly crushed and mixed raw materials directly puffed into pellets, very convenient and efficient. If you are interested [&hellip;]<\/p>\n","protected":false},"author":1,"featured_media":157,"parent":0,"template":"","tags":[15,24,23,10,22,21],"product-type":[8],"class_list":["post-70","product","type-product","status-publish","has-post-thumbnail","hentry","tag-animal-feed-pellet-machine","tag-fish-feed","tag-floating-fish-feed-pellet-machine","tag-floating-fish-feed-production-line","tag-new-type-fish-feed-pellet-machine","tag-pet-food-machine","product-type-fish-feed-pellet-machine"],"_links":{"self":[{"href":"https:\/\/fishfoodmachinery.com\/es\/wp-json\/wp\/v2\/product\/70","targetHints":{"allow":["GET"]}}],"collection":[{"href":"https:\/\/fishfoodmachinery.com\/es\/wp-json\/wp\/v2\/product"}],"about":[{"href":"https:\/\/fishfoodmachinery.com\/es\/wp-json\/wp\/v2\/types\/product"}],"author":[{"embeddable":true,"href":"https:\/\/fishfoodmachinery.com\/es\/wp-json\/wp\/v2\/users\/1"}],"wp:featuredmedia":[{"embeddable":true,"href":"https:\/\/fishfoodmachinery.com\/es\/wp-json\/wp\/v2\/media\/157"}],"wp:attachment":[{"href":"https:\/\/fishfoodmachinery.com\/es\/wp-json\/wp\/v2\/media?parent=70"}],"wp:term":[{"taxonomy":"post_tag","embeddable":true,"href":"https:\/\/fishfoodmachinery.com\/es\/wp-json\/wp\/v2\/tags?post=70"},{"taxonomy":"product-type","embeddable":true,"href":"https:\/\/fishfoodmachinery.com\/es\/wp-json\/wp\/v2\/product-type?post=70"}],"curies":[{"name":"wp","href":"https:\/\/api.w.org\/{rel}","templated":true}]}}