{"id":706,"date":"2023-09-22T17:06:06","date_gmt":"2023-09-22T09:06:06","guid":{"rendered":"https:\/\/fishfoodmachinery.com\/?post_type=product&#038;p=706"},"modified":"2024-06-13T18:27:02","modified_gmt":"2024-06-13T10:27:02","slug":"feed-pellet-production-line","status":"publish","type":"product","link":"https:\/\/fishfoodmachinery.com\/es\/product\/feed-pellet-production-line\/","title":{"rendered":"Planta de pellets para piensos para ganado vacuno y producci\u00f3n de piensos para pollos."},"content":{"rendered":"<p class=\"translation-block\"><strong>Feed pellet production line<\/strong> is specially used for processing various animal feed, such as chicken feed, cattle feed, etc. It includes several processes such as raw material crushing, mixing, pressing, cooling and packaging. <\/p>    <p>La capacidad var\u00eda de 150 kg\/h a 800 kg\/h, lo que puede satisfacer las plantas de pellets de alimentaci\u00f3n desde peque\u00f1a hasta gran escala.<\/p>   <div class=\"wp-block-image\"> <figure class=\"aligncenter size-full\"><img loading=\"lazy\" decoding=\"async\" width=\"720\" height=\"540\" src=\"https:\/\/fishfoodmachinery.com\/wp-content\/uploads\/2023\/09\/animal-feed-pellet-production-line-.webp\" alt=\"L\u00ednea de producci\u00f3n de pellets para piensos para animales.\" class=\"wp-image-716\" title=\"\" srcset=\"https:\/\/fishfoodmachinery.com\/wp-content\/uploads\/2023\/09\/animal-feed-pellet-production-line-.webp 720w, https:\/\/fishfoodmachinery.com\/wp-content\/uploads\/2023\/09\/animal-feed-pellet-production-line--300x225.webp 300w\" sizes=\"auto, (max-width: 720px) 100vw, 720px\" \/><figcaption class=\"wp-element-caption\">L\u00ednea de producci\u00f3n de pellets para piensos para animales. <\/figcaption><\/figure> <\/div>   <p>A trav\u00e9s de esta l\u00ednea de producci\u00f3n, diversas materias primas, como cereales, prote\u00ednas, vitaminas, etc., pueden procesarse y transformarse en alimentos granulados uniformes y de alta calidad, adecuados para diferentes campos de cr\u00eda, como aves, ganader\u00eda, acuicultura y pronto. <\/p>    <p>La automatizaci\u00f3n y la alta eficiencia de la l\u00ednea de producci\u00f3n de pellets de pienso para animales mejoran la calidad y el rendimiento de la producci\u00f3n de piensos y ayudan a la industria agr\u00edcola a proporcionar piensos m\u00e1s sanos y nutritivos.<\/p>    <h2 class=\"wp-block-heading\"><strong>Necesidad de fabricar pellets para alimentaci\u00f3n animal.<\/strong><\/h2>    <p>La producci\u00f3n de piensos en pellets es una parte necesaria de la ganader\u00eda y avicultura moderna. Garantiza que los animales de granja reciban una nutrici\u00f3n integral al tomar una variedad de materias primas, incluidos cereales, prote\u00ednas, vitaminas, etc., y procesarlas cient\u00edficamente para convertirlas en alimento granulado uniforme. <\/p>    <p>Esto no s\u00f3lo aumenta la tasa de crecimiento y el peso del ganado y las aves de corral, sino que tambi\u00e9n mejora la calidad del producto. La uniformidad de las part\u00edculas de alimento reduce el desperdicio de alimento y reduce la contaminaci\u00f3n ambiental.<\/p>   <div class=\"wp-block-image\"> <figure class=\"aligncenter size-full\"><img loading=\"lazy\" decoding=\"async\" width=\"720\" height=\"540\" src=\"https:\/\/fishfoodmachinery.com\/wp-content\/uploads\/2023\/09\/animal-feed-pellet-plant-machine.webp\" alt=\"M\u00e1quina de planta de pellets para alimentaci\u00f3n animal\" class=\"wp-image-717\" title=\"\" srcset=\"https:\/\/fishfoodmachinery.com\/wp-content\/uploads\/2023\/09\/animal-feed-pellet-plant-machine.webp 720w, https:\/\/fishfoodmachinery.com\/wp-content\/uploads\/2023\/09\/animal-feed-pellet-plant-machine-300x225.webp 300w\" sizes=\"auto, (max-width: 720px) 100vw, 720px\" \/><figcaption class=\"wp-element-caption\">M\u00e1quina de planta de pellets para alimentaci\u00f3n animal<\/figcaption><\/figure> <\/div>   <p>Adem\u00e1s, la automatizaci\u00f3n de la l\u00ednea de alimentaci\u00f3n de pellets mejora la eficiencia de la producci\u00f3n y reduce los costos de producci\u00f3n. <\/p>    <p>Por lo tanto, la producci\u00f3n de piensos en pellets es esencial para satisfacer la creciente demanda agr\u00edcola y mejorar la seguridad alimentaria y la agricultura sostenible.<\/p>    <h2 class=\"wp-block-heading\"><strong>Proceso de producci\u00f3n de pellets de pienso.<\/strong><\/h2>   <div id=\"rank-math-howto\" class=\"rank-math-block\" > <div class=\"rank-math-howto-description\">  <p>El proceso de la l\u00ednea de producci\u00f3n de pellets de alimento para ganado incluye los siguientes pasos: preparaci\u00f3n de la materia prima, trituraci\u00f3n de la materia prima, mezcla, moldeado de pellets, enfriamiento y empaque.<\/p>  <\/div>  <div class=\"rank-math-steps\"> <div id=\"howto-step-1695372539563\" class=\"rank-math-step\"> <h3 class=\"rank-math-step-title\">Preparaci\u00f3n de materias primas<\/h3> <div class=\"rank-math-step-content\"><p>Prepare sus materias primas para la producci\u00f3n de piensos granulados como cereales, granos de ma\u00edz, salvado de arroz, etc.<\/p> <\/div> <\/div> <div id=\"howto-step-1695372599965\" class=\"rank-math-step\"> <h3 class=\"rank-math-step-title\">Aplastante<\/h3> <div class=\"rank-math-step-content\"><p>Los ingredientes preparados se trituran para formar part\u00edculas finas.<\/p> <\/div> <\/div> <div id=\"howto-step-1695372621269\" class=\"rank-math-step\"> <h3 class=\"rank-math-step-title\">Mezclando<\/h3> <div class=\"rank-math-step-content\"><p>Se mezclan bien los ingredientes triturados y luego se a\u00f1aden los nutrientes que se quieran a\u00f1adir, como prote\u00ednas, vitaminas, etc.<\/p> <\/div> <\/div> <div id=\"howto-step-1695372626381\" class=\"rank-math-step\"> <h3 class=\"rank-math-step-title\">Moldura<\/h3> <div class=\"rank-math-step-content\"><p class=\"translation-block\">After mixing, feed pellets are produced using a <a href=\"https:\/\/fishfoodmachinery.com\/es\/product\/animal-feed-pellet-machine-for-sale\/\">flat die pellet mill<\/a>. High temperatures and pressure allow the production of feed pellets in the desired size and length.<\/p> <\/div> <\/div> <div id=\"howto-step-1695372634629\" class=\"rank-math-step\"> <h3 class=\"rank-math-step-title\">Enfriamiento<\/h3> <div class=\"rank-math-step-content\"><p>Posteriormente, los gr\u00e1nulos deben enfriarse para mejorar la vida \u00fatil.<\/p> <\/div> <\/div> <div id=\"howto-step-1695372642285\" class=\"rank-math-step\"> <h3 class=\"rank-math-step-title\">embalaje<\/h3> <div class=\"rank-math-step-content\"><p>Finalmente, los pellets de alimento se pesan y envasan mediante la m\u00e1quina empacadora cuantitativa. Luego podr\u00e1 vender los pellets de alimento para obtener ganancias.<\/p> <\/div> <\/div> <\/div> <\/div>       <h2 class=\"wp-block-heading\"><strong>Equipos utilizados en la l\u00ednea de producci\u00f3n de pellets de alimento para animales.<\/strong><\/h2>    <div class=\"wp-block-columns is-layout-flex wp-container-core-columns-is-layout-9d6595d7 wp-block-columns-is-layout-flex\"> <div class=\"wp-block-column is-layout-flow wp-block-column-is-layout-flow\"> <figure class=\"wp-block-image size-full\"><img loading=\"lazy\" decoding=\"async\" width=\"720\" height=\"540\" src=\"https:\/\/fishfoodmachinery.com\/wp-content\/uploads\/2023\/09\/crushing-machine.webp\" alt=\"maquina trituradora\" class=\"wp-image-718\" title=\"\" srcset=\"https:\/\/fishfoodmachinery.com\/wp-content\/uploads\/2023\/09\/crushing-machine.webp 720w, https:\/\/fishfoodmachinery.com\/wp-content\/uploads\/2023\/09\/crushing-machine-300x225.webp 300w\" sizes=\"auto, (max-width: 720px) 100vw, 720px\" \/><figcaption class=\"wp-element-caption\">Maquina trituradora<\/figcaption><\/figure> <\/div>    <div class=\"wp-block-column is-vertically-aligned-center is-layout-flow wp-block-column-is-layout-flow\"> <p class=\"has-text-align-center translation-block\"><strong>Hammer mill<\/strong><\/p> <\/div> <\/div>    <div class=\"wp-block-columns is-layout-flex wp-container-core-columns-is-layout-9d6595d7 wp-block-columns-is-layout-flex\"> <div class=\"wp-block-column is-vertically-aligned-center is-layout-flow wp-block-column-is-layout-flow\"> <p class=\"has-text-align-center translation-block\"><strong>Mixer<\/strong><\/p> <\/div>    <div class=\"wp-block-column is-layout-flow wp-block-column-is-layout-flow\"> <figure class=\"wp-block-image size-full\"><img loading=\"lazy\" decoding=\"async\" width=\"720\" height=\"540\" src=\"https:\/\/fishfoodmachinery.com\/wp-content\/uploads\/2023\/09\/mixer.webp\" alt=\"mezclador\" class=\"wp-image-719\" title=\"\" srcset=\"https:\/\/fishfoodmachinery.com\/wp-content\/uploads\/2023\/09\/mixer.webp 720w, https:\/\/fishfoodmachinery.com\/wp-content\/uploads\/2023\/09\/mixer-300x225.webp 300w\" sizes=\"auto, (max-width: 720px) 100vw, 720px\" \/><figcaption class=\"wp-element-caption\">Mezclador<\/figcaption><\/figure> <\/div> <\/div>    <div class=\"wp-block-columns is-layout-flex wp-container-core-columns-is-layout-9d6595d7 wp-block-columns-is-layout-flex\"> <div class=\"wp-block-column is-layout-flow wp-block-column-is-layout-flow\"> <figure class=\"wp-block-image size-full\"><img loading=\"lazy\" decoding=\"async\" width=\"720\" height=\"540\" src=\"https:\/\/fishfoodmachinery.com\/wp-content\/uploads\/2023\/09\/feed-pellet-machine.webp\" alt=\"m\u00e1quina de pellets de alimentaci\u00f3n\" class=\"wp-image-723\" title=\"\" srcset=\"https:\/\/fishfoodmachinery.com\/wp-content\/uploads\/2023\/09\/feed-pellet-machine.webp 720w, https:\/\/fishfoodmachinery.com\/wp-content\/uploads\/2023\/09\/feed-pellet-machine-300x225.webp 300w\" sizes=\"auto, (max-width: 720px) 100vw, 720px\" \/><figcaption class=\"wp-element-caption\">M\u00e1quina de pellets de alimentaci\u00f3n<\/figcaption><\/figure> <\/div>    <div class=\"wp-block-column is-vertically-aligned-center is-layout-flow wp-block-column-is-layout-flow\"> <p class=\"has-text-align-center translation-block\"><strong>Animal feed pellet machine<\/strong><\/p> <\/div> <\/div>    <div class=\"wp-block-columns is-layout-flex wp-container-core-columns-is-layout-9d6595d7 wp-block-columns-is-layout-flex\"> <div class=\"wp-block-column is-vertically-aligned-center is-layout-flow wp-block-column-is-layout-flow\"> <p class=\"has-text-align-center translation-block\"><strong>Packaging machine<\/strong><\/p> <\/div>    <div class=\"wp-block-column is-layout-flow wp-block-column-is-layout-flow\"> <figure class=\"wp-block-image size-full\"><img loading=\"lazy\" decoding=\"async\" width=\"720\" height=\"540\" src=\"https:\/\/fishfoodmachinery.com\/wp-content\/uploads\/2023\/09\/packaging-machine.webp\" alt=\"maquina de empacado\" class=\"wp-image-725\" title=\"\" srcset=\"https:\/\/fishfoodmachinery.com\/wp-content\/uploads\/2023\/09\/packaging-machine.webp 720w, https:\/\/fishfoodmachinery.com\/wp-content\/uploads\/2023\/09\/packaging-machine-300x225.webp 300w\" sizes=\"auto, (max-width: 720px) 100vw, 720px\" \/><figcaption class=\"wp-element-caption\">Maquina de empacado<\/figcaption><\/figure> <\/div> <\/div>    <h2 class=\"wp-block-heading\"><strong>Caracter\u00edsticas de la l\u00ednea de producci\u00f3n de pellets de alimento para pollos.<\/strong><\/h2>   <div class=\"wp-block-image\"> <figure class=\"aligncenter size-full\"><img loading=\"lazy\" decoding=\"async\" width=\"720\" height=\"540\" src=\"https:\/\/fishfoodmachinery.com\/wp-content\/uploads\/2023\/09\/cattle-feed-pellet-production-line.webp\" alt=\"L\u00ednea de producci\u00f3n de pellets de alimento para ganado\" class=\"wp-image-727\" title=\"\" srcset=\"https:\/\/fishfoodmachinery.com\/wp-content\/uploads\/2023\/09\/cattle-feed-pellet-production-line.webp 720w, https:\/\/fishfoodmachinery.com\/wp-content\/uploads\/2023\/09\/cattle-feed-pellet-production-line-300x225.webp 300w\" sizes=\"auto, (max-width: 720px) 100vw, 720px\" \/><figcaption class=\"wp-element-caption\">L\u00ednea de producci\u00f3n de pellets de alimento para ganado<\/figcaption><\/figure> <\/div>   <ul class=\"wp-block-list\"> <li>Operaci\u00f3n totalmente automatizada con alta eficiencia de producci\u00f3n;<\/li>    <li>Versatilidad, realizar diferentes tipos de pienso granulado;<\/li>    <li>Pellets uniformes, ricos en nutrientes, f\u00e1ciles de digerir y absorber;<\/li>    <li>Proceso de producci\u00f3n controlable, alta utilizaci\u00f3n de materias primas; <\/li>    <li>Ahorro de mano de obra y costes energ\u00e9ticos;<\/li>    <li>Se puede personalizar seg\u00fan las diferentes necesidades y es adecuado para todos los tama\u00f1os de agricultura.<\/li> <\/ul>    <p>Estas caracter\u00edsticas hacen de la l\u00ednea de producci\u00f3n de pellets de alimento para pollos una opci\u00f3n ideal para mejorar la calidad del alimento, reducir los costos de producci\u00f3n y aumentar la eficiencia agr\u00edcola.<\/p>    <h2 class=\"wp-block-heading\"><strong>Diferencias entre la l\u00ednea de producci\u00f3n de pellets de alimento y la l\u00ednea de alimento flotante para peces<\/strong><\/h2>    <p class=\"translation-block\">The main difference lies in the production goal. The chicken feed manufacturing plant is mainly used to produce pellet feed for poultry, livestock, etc., focusing on the uniformity and stability of feed pellets. The <a href=\"https:\/\/fishfoodmachinery.com\/es\/product\/small-floating-fish-feed-production-line\/\">fish feed processing line<\/a>, on the other hand, focuses on the production of feeds suitable for planktonic fish in the water, with an emphasis on pellet buoyancy and stability in the water.<\/p>    <h2 class=\"wp-block-heading\"><strong>Casos exitosos de planta de fabricaci\u00f3n de pellets de alimento para animales <\/strong><\/h2>    <div class=\"wp-block-columns is-layout-flex wp-container-core-columns-is-layout-9d6595d7 wp-block-columns-is-layout-flex\"> <div class=\"wp-block-column is-layout-flow wp-block-column-is-layout-flow\"> <figure class=\"wp-block-embed is-type-wp-embed is-provider-fish-feed-pellet-machine wp-block-embed-fish-feed-pellet-machine\"><div class=\"wp-block-embed__wrapper\"> <blockquote class=\"wp-embedded-content\" data-secret=\"h8Rl9dtQNv\"><a href=\"https:\/\/fishfoodmachinery.com\/es\/Info\/feed-pellet-machine-algeria\/\">Exportaci\u00f3n de peletizadora de pienso a Argelia<\/a><\/blockquote><iframe loading=\"lazy\" class=\"wp-embedded-content\" sandbox=\"allow-scripts\" security=\"restricted\" style=\"position: absolute; clip: rect(1px, 1px, 1px, 1px);\" title=\"&quot;Exportaci\u00f3n de m\u00e1quina de pellets de alimento a Argelia&quot; - M\u00e1quina de pellets de alimento para peces\" src=\"https:\/\/fishfoodmachinery.com\/Info\/feed-pellet-machine-algeria\/embed\/#?secret=nI6q9ClzxY#?secret=h8Rl9dtQNv\" data-secret=\"h8Rl9dtQNv\" width=\"500\" height=\"282\" frameborder=\"0\" marginwidth=\"0\" marginheight=\"0\" scrolling=\"no\"><\/iframe> <\/div><\/figure> <\/div>    <div class=\"wp-block-column is-layout-flow wp-block-column-is-layout-flow\"> <figure class=\"wp-block-embed is-type-wp-embed is-provider-fish-feed-pellet-machine wp-block-embed-fish-feed-pellet-machine\"><div class=\"wp-block-embed__wrapper\"> <blockquote class=\"wp-embedded-content\" data-secret=\"d1ELJxwe6e\"><a href=\"https:\/\/fishfoodmachinery.com\/es\/Info\/feed-pellet-making-machine-chile\/\">Venden m\u00e1quina para fabricar pellets de alimento modelo 400 a Chile<\/a><\/blockquote><iframe loading=\"lazy\" class=\"wp-embedded-content\" sandbox=\"allow-scripts\" security=\"restricted\" style=\"position: absolute; clip: rect(1px, 1px, 1px, 1px);\" title=\"\u201cM\u00e1quina para fabricar pellets de alimento modelo 400 vendida a Chile\u201d \u2014 M\u00e1quina de pellets para alimento para peces\" src=\"https:\/\/fishfoodmachinery.com\/Info\/feed-pellet-making-machine-chile\/embed\/#?secret=NJjjlCpLI0#?secret=d1ELJxwe6e\" data-secret=\"d1ELJxwe6e\" width=\"500\" height=\"282\" frameborder=\"0\" marginwidth=\"0\" marginheight=\"0\" scrolling=\"no\"><\/iframe> <\/div><\/figure> <\/div> <\/div>    <div class=\"wp-block-columns is-layout-flex wp-container-core-columns-is-layout-9d6595d7 wp-block-columns-is-layout-flex\"> <div class=\"wp-block-column is-layout-flow wp-block-column-is-layout-flow\"> <figure class=\"wp-block-embed is-type-wp-embed is-provider-fish-feed-pellet-machine wp-block-embed-fish-feed-pellet-machine\"><div class=\"wp-block-embed__wrapper\"> <blockquote class=\"wp-embedded-content\" data-secret=\"RoP94Xx2xj\"><a href=\"https:\/\/fishfoodmachinery.com\/es\/Info\/feed-pellet-mill-machine-ecuador\/\">Distribuidor ecuatoriano compra m\u00e1quina peletizadora de pienso para ampliar mercado local<\/a><\/blockquote><iframe loading=\"lazy\" class=\"wp-embedded-content\" sandbox=\"allow-scripts\" security=\"restricted\" style=\"position: absolute; clip: rect(1px, 1px, 1px, 1px);\" title=\"\u201cDistribuidor ecuatoriano compra m\u00e1quina peletizadora de alimento para expandir el mercado local\u201d \u2014 Fish Feed Pellet Machine\" src=\"https:\/\/fishfoodmachinery.com\/Info\/feed-pellet-mill-machine-ecuador\/embed\/#?secret=SgPAomtInY#?secret=RoP94Xx2xj\" data-secret=\"RoP94Xx2xj\" width=\"500\" height=\"282\" frameborder=\"0\" marginwidth=\"0\" marginheight=\"0\" scrolling=\"no\"><\/iframe> <\/div><\/figure> <\/div>    <div class=\"wp-block-column is-layout-flow wp-block-column-is-layout-flow\"> <figure class=\"wp-block-embed is-type-wp-embed is-provider-fish-feed-pellet-machine wp-block-embed-fish-feed-pellet-machine\"><div class=\"wp-block-embed__wrapper\"> <blockquote class=\"wp-embedded-content\" data-secret=\"Nfm0fZbbm8\"><a href=\"https:\/\/fishfoodmachinery.com\/es\/Info\/flat-die-feed-pellet-mill-dominican-rep\/\">Se vende f\u00e1brica de pellets de alimentaci\u00f3n de matriz plana de 2000 kg\/h a Rep\u00fablica Dominicana<\/a><\/blockquote><iframe loading=\"lazy\" class=\"wp-embedded-content\" sandbox=\"allow-scripts\" security=\"restricted\" style=\"position: absolute; clip: rect(1px, 1px, 1px, 1px);\" title=\"\u201cF\u00e1brica de pellets de alimentaci\u00f3n de matriz plana de 2000 kg\/h vendida a Rep\u00fablica Dominicana\u201d \u2014 M\u00e1quina de pellets para alimentaci\u00f3n de peces\" src=\"https:\/\/fishfoodmachinery.com\/Info\/flat-die-feed-pellet-mill-dominican-rep\/embed\/#?secret=89542NVbsh#?secret=Nfm0fZbbm8\" data-secret=\"Nfm0fZbbm8\" width=\"500\" height=\"282\" frameborder=\"0\" marginwidth=\"0\" marginheight=\"0\" scrolling=\"no\"><\/iframe> <\/div><\/figure> <\/div> <\/div>    <h2 class=\"wp-block-heading\"><strong>Datos t\u00e9cnicos de la l\u00ednea de producci\u00f3n de pellets de pienso.<\/strong><\/h2>    <p class=\"translation-block\"><strong>Brand<\/strong>: Taizy<\/p>    <p class=\"translation-block\"><strong>Line name<\/strong>: Animal feed pellet production line<\/p>    <p class=\"translation-block\"><strong>Capacity<\/strong>: 150kg\/h-800kg\/h<\/p>    <p class=\"translation-block\"><strong>Equipment in the animal feed pellet plant<\/strong>: 9FQ, mixer, <a href=\"https:\/\/fishfoodmachinery.com\/es\/product\/animal-feed-pellet-machine-for-sale\/\">animal feed pellet mill<\/a>, cooling machine, packaging machine<\/p>    <p class=\"translation-block\"><strong>Produced feed pellets<\/strong>: <a href=\"https:\/\/en.wikipedia.org\/wiki\/Poultry\" target=\"_blank\" rel=\"noopener\">Poultry<\/a>, chicken, cattle, sheep, goat, rabbit, etc<\/p>","protected":false},"excerpt":{"rendered":"<p>La l\u00ednea de producci\u00f3n de pellets para pienso se utiliza especialmente para procesar diversos piensos para animales, como pienso para pollos, pienso para ganado, etc., con una capacidad de 150-800 kg\/h.<\/p>","protected":false},"author":1,"featured_media":707,"parent":0,"template":"","tags":[53],"product-type":[7],"class_list":["post-706","product","type-product","status-publish","has-post-thumbnail","hentry","tag-animal-feed","product-type-production-line"],"_links":{"self":[{"href":"https:\/\/fishfoodmachinery.com\/es\/wp-json\/wp\/v2\/product\/706","targetHints":{"allow":["GET"]}}],"collection":[{"href":"https:\/\/fishfoodmachinery.com\/es\/wp-json\/wp\/v2\/product"}],"about":[{"href":"https:\/\/fishfoodmachinery.com\/es\/wp-json\/wp\/v2\/types\/product"}],"author":[{"embeddable":true,"href":"https:\/\/fishfoodmachinery.com\/es\/wp-json\/wp\/v2\/users\/1"}],"wp:featuredmedia":[{"embeddable":true,"href":"https:\/\/fishfoodmachinery.com\/es\/wp-json\/wp\/v2\/media\/707"}],"wp:attachment":[{"href":"https:\/\/fishfoodmachinery.com\/es\/wp-json\/wp\/v2\/media?parent=706"}],"wp:term":[{"taxonomy":"post_tag","embeddable":true,"href":"https:\/\/fishfoodmachinery.com\/es\/wp-json\/wp\/v2\/tags?post=706"},{"taxonomy":"product-type","embeddable":true,"href":"https:\/\/fishfoodmachinery.com\/es\/wp-json\/wp\/v2\/product-type?post=706"}],"curies":[{"name":"wp","href":"https:\/\/api.w.org\/{rel}","templated":true}]}}