{"id":28,"date":"2022-09-05T08:23:11","date_gmt":"2022-09-05T08:23:11","guid":{"rendered":"https:\/\/fishfoodmachinery.com\/?page_id=28"},"modified":"2022-09-08T10:21:38","modified_gmt":"2022-09-08T10:21:38","slug":"about-us","status":"publish","type":"page","link":"https:\/\/fishfoodmachinery.com\/fr\/about-us\/","title":{"rendered":"\u00c0 propos de nous"},"content":{"rendered":"<h2 class=\"wp-block-heading\" id=\"h-taizy-machinery-the-reliable-fish-feed-pellet-machine-manufacturer-supplier\"><strong>Taizy Machinery \u2013 le fabricant et fournisseur fiable de machines \u00e0 granul\u00e9s pour aliments pour poissons<\/strong><\/h2>    <div class=\"wp-block-media-text alignwide is-stacked-on-mobile\"><figure class=\"wp-block-media-text__media\"><img loading=\"lazy\" decoding=\"async\" width=\"720\" height=\"350\" src=\"https:\/\/fishfoodmachinery.com\/wp-content\/uploads\/2022\/09\/fish-feed-pellet-mill-in-stock.webp\" alt=\"moulin \u00e0 granul\u00e9s d&#039;aliments pour poissons en stock\" class=\"wp-image-161 size-full\" title=\"\" srcset=\"https:\/\/fishfoodmachinery.com\/wp-content\/uploads\/2022\/09\/fish-feed-pellet-mill-in-stock.webp 720w, https:\/\/fishfoodmachinery.com\/wp-content\/uploads\/2022\/09\/fish-feed-pellet-mill-in-stock-300x146.webp 300w\" sizes=\"auto, (max-width: 720px) 100vw, 720px\" \/><\/figure><div class=\"wp-block-media-text__content\"> <p class=\"translation-block\">Taizy Machinery est un fabricant et fournisseur professionnel et digne de confiance de la <a href=\"https:\/\/fishfoodmachinery.com\/fr\/product\/floating-fish-feed-machine\/\" target=\"_blank\" rel=\"noreferrer noopener\">machine \u00e0 granul\u00e9s pour aliments pour poissons<\/a>.<\/p> <\/div><\/div>    <p class=\"translation-block\">Nos moulins \u00e0 granul\u00e9s pour aliments pour poissons sont tr\u00e8s populaires \u00e0 l'\u00e9tranger et sont souvent fournis \u00e0 des distributeurs ainsi qu'\u00e0 des projets d'appel d'offres. Les principaux pays sont <strong>le P\u00e9rou, l'Angola, la Malaisie, la Belgique, le Ghana, le Niger<\/strong>, etc. Si vous \u00eates int\u00e9ress\u00e9, n'h\u00e9sitez pas \u00e0 <a href=\"https:\/\/fishfoodmachinery.com\/fr\/contact-us\/\" target=\"_blank\" rel=\"noreferrer noopener\">nous contacter<\/a> !<\/p>    <h2 class=\"wp-block-heading\" id=\"h-exhibitions-held-abroad\"><strong>Expositions organis\u00e9es \u00e0 l'\u00e9tranger<\/strong><\/h2>    <p>Nous avons d\u00e9j\u00e0 \u00e9t\u00e9 invit\u00e9s \u00e0 participer \u00e0 diverses expositions \u00e0 l'\u00e9tranger, ce qui montre que notre soci\u00e9t\u00e9 Taizy est tr\u00e8s forte, jouit d'une certaine r\u00e9putation \u00e0 l'\u00e9tranger et est une entreprise en qui nos clients peuvent avoir confiance.<\/p>   <div class=\"wp-block-image\"> <figure class=\"aligncenter size-full\"><img loading=\"lazy\" decoding=\"async\" width=\"750\" height=\"750\" src=\"https:\/\/fishfoodmachinery.com\/wp-content\/uploads\/2022\/09\/Exhibition.webp\" alt=\"Exposition\" class=\"wp-image-214\" title=\"\" srcset=\"https:\/\/fishfoodmachinery.com\/wp-content\/uploads\/2022\/09\/Exhibition.webp 750w, https:\/\/fishfoodmachinery.com\/wp-content\/uploads\/2022\/09\/Exhibition-300x300.webp 300w, https:\/\/fishfoodmachinery.com\/wp-content\/uploads\/2022\/09\/Exhibition-150x150.webp 150w\" sizes=\"auto, (max-width: 750px) 100vw, 750px\" \/><figcaption>Exposition<\/figcaption><\/figure> <\/div>   <h2 class=\"wp-block-heading\" id=\"h-horned-certificates\"><strong>Certificats \u00e0 cornes<\/strong><\/h2>    <p>La soci\u00e9t\u00e9 Taizy poss\u00e8de une vari\u00e9t\u00e9 de certificats, prouvant avec force la qualit\u00e9 sup\u00e9rieure des machines \u00e0 granul\u00e9s d\u2019aliments pour poissons de notre soci\u00e9t\u00e9.<\/p>    <figure class=\"wp-block-image size-full\"><img loading=\"lazy\" decoding=\"async\" width=\"750\" height=\"750\" src=\"https:\/\/fishfoodmachinery.com\/wp-content\/uploads\/2022\/09\/Certificate.webp\" alt=\"Certificat\" class=\"wp-image-211\" title=\"\" srcset=\"https:\/\/fishfoodmachinery.com\/wp-content\/uploads\/2022\/09\/Certificate.webp 750w, https:\/\/fishfoodmachinery.com\/wp-content\/uploads\/2022\/09\/Certificate-300x300.webp 300w, https:\/\/fishfoodmachinery.com\/wp-content\/uploads\/2022\/09\/Certificate-150x150.webp 150w\" sizes=\"auto, (max-width: 750px) 100vw, 750px\" \/><figcaption>Certificat<\/figcaption><\/figure>    <h2 class=\"wp-block-heading\" id=\"h-customer-feedback\"><strong>Commentaires des clients<\/strong><\/h2>    <div class=\"wp-block-media-text alignwide is-stacked-on-mobile\"><figure class=\"wp-block-media-text__media\"><img loading=\"lazy\" decoding=\"async\" width=\"541\" height=\"939\" src=\"https:\/\/fishfoodmachinery.com\/wp-content\/uploads\/2022\/09\/customer-feedback.webp\" alt=\"commentaires des clients\" class=\"wp-image-216 size-full\" title=\"\" srcset=\"https:\/\/fishfoodmachinery.com\/wp-content\/uploads\/2022\/09\/customer-feedback.webp 541w, https:\/\/fishfoodmachinery.com\/wp-content\/uploads\/2022\/09\/customer-feedback-173x300.webp 173w\" sizes=\"auto, (max-width: 541px) 100vw, 541px\" \/><\/figure><div class=\"wp-block-media-text__content\"> <p>L'image de gauche repr\u00e9sente ce qu'un de nos clients revendeurs a dit \u00e0 notre sujet. <\/p>    <p>Nous pouvons en d\u00e9duire que non seulement nos machines sont d'excellente qualit\u00e9, mais que notre personnel commercial poss\u00e8de \u00e9galement de riches connaissances professionnelles et un service attentionn\u00e9.<\/p> <\/div><\/div>","protected":false},"excerpt":{"rendered":"<p>Taizy Machinery &#8211; the reliable fish feed pellet machine manufacturer &amp; supplier Taizy Machinery is a professional and trustworthy manufacturer and supplier of the fish food pellet machine. Our fish food pellet mills are very popular overseas and are often supplied to distributors as well as tender projects. The main countries are Peru, Angola, Malaysia, [&hellip;]<\/p>\n","protected":false},"author":1,"featured_media":0,"parent":0,"menu_order":0,"comment_status":"closed","ping_status":"closed","template":"","meta":{"footnotes":""},"class_list":["post-28","page","type-page","status-publish","hentry"],"_links":{"self":[{"href":"https:\/\/fishfoodmachinery.com\/fr\/wp-json\/wp\/v2\/pages\/28","targetHints":{"allow":["GET"]}}],"collection":[{"href":"https:\/\/fishfoodmachinery.com\/fr\/wp-json\/wp\/v2\/pages"}],"about":[{"href":"https:\/\/fishfoodmachinery.com\/fr\/wp-json\/wp\/v2\/types\/page"}],"author":[{"embeddable":true,"href":"https:\/\/fishfoodmachinery.com\/fr\/wp-json\/wp\/v2\/users\/1"}],"replies":[{"embeddable":true,"href":"https:\/\/fishfoodmachinery.com\/fr\/wp-json\/wp\/v2\/comments?post=28"}],"version-history":[{"count":0,"href":"https:\/\/fishfoodmachinery.com\/fr\/wp-json\/wp\/v2\/pages\/28\/revisions"}],"wp:attachment":[{"href":"https:\/\/fishfoodmachinery.com\/fr\/wp-json\/wp\/v2\/media?parent=28"}],"curies":[{"name":"wp","href":"https:\/\/api.w.org\/{rel}","templated":true}]}}