{"id":42,"date":"2022-09-05T08:49:15","date_gmt":"2022-09-05T08:49:15","guid":{"rendered":"https:\/\/fishfoodmachinery.com\/?post_type=product&#038;p=42"},"modified":"2024-06-13T16:36:49","modified_gmt":"2024-06-13T08:36:49","slug":"floating-fish-feed-machine","status":"publish","type":"product","link":"https:\/\/fishfoodmachinery.com\/fr\/product\/floating-fish-feed-machine\/","title":{"rendered":"Machine flottante d'alimentation pour poissons pour la fabrication de granul\u00e9s de poisson"},"content":{"rendered":"<p class=\"translation-block\">La <strong>machine \u00e0 aliments flottants pour poissons<\/strong> convertit la farine de soja, le son de riz, la farine de poisson, la farine d'os, la farine de ma\u00efs, la farine, etc. en granul\u00e9s d'aliments pour poissons de diff\u00e9rentes formes par chauffage et extrusion. Elle a une capacit\u00e9 de 40 \u00e0 350 kg\/h, voire plus. <\/p>    <p>Les fermes piscicoles ou les revendeurs sont tr\u00e8s dispos\u00e9s \u00e0 investir dans ce type de machine \u00e0 granul\u00e9s d'aliments pour poissons. Ce broyeur flottant \u00e0 granul\u00e9s pour aliments pour poissons est \u00e9conomiquement efficace et adapt\u00e9 \u00e0 un usage industriel ou commercial.<\/p>    <p class=\"translation-block\">De plus, la machine \u00e0 granul\u00e9s d'aliments pour poissons Taizy est tr\u00e8s populaire \u00e0 l'\u00e9tranger, par exemple au <strong>P\u00e9rou, Ghana, Niger, Angola, Malaisie, Belgique<\/strong>, etc.<\/p>    <figure class=\"wp-block-embed is-type-video is-provider-youtube wp-block-embed-youtube wp-embed-aspect-16-9 wp-has-aspect-ratio\"><div class=\"wp-block-embed__wrapper\"> <iframe loading=\"lazy\" title=\"Machine flottante \u00e0 granul\u00e9s d&#039;aliments pour poissons 2022 | Machine d&#039;extrudeuse d&#039;aliments pour poissons pour la pisciculture #fishfeed\" width=\"500\" height=\"281\" src=\"https:\/\/www.youtube.com\/embed\/gKKTHR1NSBY?feature=oembed\" frameborder=\"0\" allow=\"accelerometer; autoplay; clipboard-write; encrypted-media; gyroscope; picture-in-picture; web-share\" referrerpolicy=\"strict-origin-when-cross-origin\" allowfullscreen><\/iframe> <\/div><figcaption class=\"wp-element-caption\">vid\u00e9o de fabrication de granul\u00e9s flottants pour aliments pour poissons<\/figcaption><\/figure>    <h2 class=\"wp-block-heading\" id=\"h-what-is-the-floating-fish-feed-machine\"><strong>Qu'est-ce que la machine flottante d'alimentation pour poissons\u00a0?<\/strong><strong><\/strong><\/h2>    <p>La machine flottante \u00e0 granul\u00e9s d'aliments pour poissons est une machine permettant de r\u00e9aliser diverses productions d'aliments aquatiques. En outre, nous disposons \u00e9galement d'une ligne de transformation d'aliments pour poissons. <\/p>    <p>La taille du broyeur de granul\u00e9s alimentaires est de \u03c61 mm, \u03c61,5 mm, \u03c62 mm, \u03c63 mm, \u03c63,5 mm, \u03c64 mm, \u03c65 mm, \u03c66,8 mm et de diverses formes. Quoi qu'il en soit, si vous souhaitez produire des aliments pour poissons, n'h\u00e9sitez pas \u00e0 nous contacter\u00a0!<\/p>    <figure class=\"wp-block-gallery aligncenter has-nested-images columns-default is-cropped wp-block-gallery-2 is-layout-flex wp-block-gallery-is-layout-flex\"> <figure class=\"wp-block-image size-full\"><img loading=\"lazy\" decoding=\"async\" width=\"720\" height=\"540\" data-id=\"107\" src=\"https:\/\/fishfoodmachinery.com\/wp-content\/uploads\/2022\/09\/electric-motor-fish-feed-machine.webp\" alt=\"machine-a-alimentation-pour-poissons-a-moteur-electrique\" class=\"wp-image-107\" title=\"\" srcset=\"https:\/\/fishfoodmachinery.com\/wp-content\/uploads\/2022\/09\/electric-motor-fish-feed-machine.webp 720w, https:\/\/fishfoodmachinery.com\/wp-content\/uploads\/2022\/09\/electric-motor-fish-feed-machine-300x225.webp 300w\" sizes=\"auto, (max-width: 720px) 100vw, 720px\" \/><figcaption class=\"wp-element-caption\">Machine d'alimentation pour poissons \u00e0 moteur \u00e9lectrique<\/figcaption><\/figure>    <figure class=\"wp-block-image size-full\"><img loading=\"lazy\" decoding=\"async\" width=\"720\" height=\"540\" data-id=\"106\" src=\"https:\/\/fishfoodmachinery.com\/wp-content\/uploads\/2022\/09\/diesel-engine-floating-fish-feed-pellet-mill.webp\" alt=\"moulin-\u00e0-granul\u00e9s-d&#039;aliments-pour-poissons-flottant-\u00e0 moteur diesel\" class=\"wp-image-106\" title=\"\" srcset=\"https:\/\/fishfoodmachinery.com\/wp-content\/uploads\/2022\/09\/diesel-engine-floating-fish-feed-pellet-mill.webp 720w, https:\/\/fishfoodmachinery.com\/wp-content\/uploads\/2022\/09\/diesel-engine-floating-fish-feed-pellet-mill-300x225.webp 300w\" sizes=\"auto, (max-width: 720px) 100vw, 720px\" \/><figcaption class=\"wp-element-caption\">Moulin \u00e0 granul\u00e9s flottant pour aliments pour poissons, moteur diesel<\/figcaption><\/figure> <\/figure>    <h2 class=\"wp-block-heading\"><strong>Projecteurs de machine flottante \u00e0 granul\u00e9s d'aliments pour poissons<\/strong><\/h2>    <ul class=\"wp-block-list\"> <li><strong>Sortie de 40 \u00e0 350 kg\/h<\/strong>: Produisez rapidement et en grande quantit\u00e9 des granul\u00e9s de nourriture pour poissons de haute qualit\u00e9 pour r\u00e9pondre aux besoins des exploitations \u00e0 grande \u00e9chelle.<\/li>    <li><strong>Op\u00e9ration facile<\/strong>: Utilisez uniquement l'armoire de commande pour faire fonctionner la machine \u00e0 granul\u00e9s de nourriture pour poisson, m\u00eame sans que des techniciens professionnels puissent la faire fonctionner facilement.<\/li>    <li><strong>Production de divers granul\u00e9s d'aliments pour poissons<\/strong>: Cette extrudeuse d'aliments pour poissons peut fabriquer des aliments pour poissons-chats, des aliments pour poissons tilapia, des aliments pour carpes herbivores, etc.<\/li>    <li><strong>Excellente qualit\u00e9 des pellets<\/strong>: Les granul\u00e9s de nourriture pour poissons ont une taille uniforme, une texture compacte et une nutrition \u00e9quilibr\u00e9e, ce qui peut am\u00e9liorer le taux d'alimentation et le taux de croissance des poissons.<\/li> <\/ul>    <h2 class=\"wp-block-heading\" id=\"h-specifications-of-the-fish-feed-making-feed-pellet-machine\"><strong>Sp\u00e9cifications de la machine \u00e0 granul\u00e9s d'aliments pour poissons <\/strong><\/h2>    <h3 class=\"wp-block-heading\" id=\"h-electric-floating-fish-feed-machine\"><strong>Machine \u00e9lectrique flottante pour aliments pour poissons<\/strong><strong><\/strong><\/h3>    <figure class=\"wp-block-table\"><table><tbody><tr><td>Mod\u00e8le<\/td><td>Capacit\u00e9<\/td><td>Alimentation principale<\/td><td>Puissance de coupe<\/td><td>Alimentation \u00e9lectrique<\/td><td>Diam\u00e8tre de la vis<\/td><td>Taille<\/td><td>Poids<\/td><\/tr><tr><td>DGP-40<\/td><td>40-50kg\/heure<\/td><td>7,5 kW<\/td><td>0,4 kW<\/td><td>0,4 kW<\/td><td>40mm<\/td><td>1260*860*1250mm<\/td><td>290 kg<\/td><\/tr><tr><td>DGP-60<\/td><td>150kg\/h<\/td><td>15 kW<\/td><td>0,4 kW<\/td><td>0,4 kW<\/td><td>60mm<\/td><td>1450*950*1430mm<\/td><td>480 kg<\/td><\/tr><tr><td>DGP-70<\/td><td>180-250kg\/h<\/td><td>18,5 kW<\/td><td>0,4 kW<\/td><td>0,4 kW<\/td><td>70mm<\/td><td>1600*1400*1450mm<\/td><td>600 kg<\/td><\/tr><tr><td>DGP-80<\/td><td>300-350 kg\/heure<\/td><td>22 kW<\/td><td>0,4 kW<\/td><td>0,4 kW<\/td><td>80mm<\/td><td>1850*1470*1500mm<\/td><td>800 kg<\/td><\/tr><\/tbody><\/table><figcaption class=\"wp-element-caption\">Donn\u00e9es techniques de la machine \u00e9lectrique de fabrication d'aliments pour poissons<\/figcaption><\/figure>    <h3 class=\"wp-block-heading\" id=\"h-diesel-engine-floating-fish-feed-pellet-machine\"><strong>Machine \u00e0 granul\u00e9s d'aliments pour poissons flottants \u00e0 moteur diesel<\/strong><strong><\/strong><\/h3>    <figure class=\"wp-block-table\"><table><tbody><tr><td>Mod\u00e8le<\/td><td>Capacit\u00e9<\/td><td>Alimentation principale<\/td><td>Puissance de coupe<\/td><td>Alimentation \u00e9lectrique<\/td><td>Diam\u00e8tre de la vis<\/td><td>Taille<\/td><td>Poids<\/td><\/tr><tr><td>DGP-40<\/td><td>40-50kg\/heure<\/td><td>12 CV<\/td><td>0,4 kW<\/td><td>0,4 kW<\/td><td>40mm<\/td><td>1400*1350*1100mm<\/td><td>390 kg<\/td><\/tr><tr><td>DGP-60<\/td><td>150kg\/h<\/td><td>22 CV<\/td><td>0,4 kW<\/td><td>0,4 kW<\/td><td>60mm<\/td><td>1450*950*1430mm<\/td><td>590 kg<\/td><\/tr><tr><td>DGP-70<\/td><td>180-250kg\/h<\/td><td>25 CV<\/td><td>0,4 kW<\/td><td>0,4 kW<\/td><td>70mm<\/td><td>1640*1550*1080mm<\/td><td>780 kg<\/td><\/tr><tr><td>DGP-80<\/td><td>300-350 kg\/heure<\/td><td>35 CV<\/td><td>0,4 kW<\/td><td>0,4 kW<\/td><td>80mm<\/td><td>1700*1400*1000mm<\/td><td>1000 kg<\/td><\/tr><\/tbody><\/table><figcaption class=\"wp-element-caption\">Param\u00e8tres techniques de la machine \u00e0 granul\u00e9s d'aliments pour poissons \u00e0 moteur diesel<\/figcaption><\/figure>    <h2 class=\"wp-block-heading\" id=\"h-molds-and-feed-pellets-display\"><strong>Pr\u00e9sentoir de moules et de pellets alimentaires<\/strong><\/h2>    <div class=\"wp-block-media-text alignwide is-stacked-on-mobile\"><figure class=\"wp-block-media-text__media\"><img loading=\"lazy\" decoding=\"async\" width=\"720\" height=\"450\" src=\"https:\/\/fishfoodmachinery.com\/wp-content\/uploads\/2022\/09\/feed-pellet-moulds.webp\" alt=\"moules \u00e0 granul\u00e9s alimentaires\" class=\"wp-image-84 size-full\" title=\"\" srcset=\"https:\/\/fishfoodmachinery.com\/wp-content\/uploads\/2022\/09\/feed-pellet-moulds.webp 720w, https:\/\/fishfoodmachinery.com\/wp-content\/uploads\/2022\/09\/feed-pellet-moulds-300x188.webp 300w\" sizes=\"auto, (max-width: 720px) 100vw, 720px\" \/><\/figure><div class=\"wp-block-media-text__content\"> <p>Diff\u00e9rents moules peuvent produire diff\u00e9rents granul\u00e9s alimentaires. Vous choisissez simplement ce que vous voulez.<\/p> <\/div><\/div>    <div class=\"wp-block-media-text alignwide has-media-on-the-right is-stacked-on-mobile\"><div class=\"wp-block-media-text__content\"> <p>La machine \u00e0 granul\u00e9s d'aliments pour poissons Taizy peut produire divers granul\u00e9s d'aliments pour poissons. Les d\u00e9tails sont affich\u00e9s dans l'image de droite.<\/p> <\/div><figure class=\"wp-block-media-text__media\"><img loading=\"lazy\" decoding=\"async\" width=\"720\" height=\"540\" src=\"https:\/\/fishfoodmachinery.com\/wp-content\/uploads\/2022\/09\/various-fish-feed-pellets.webp\" alt=\"divers granul\u00e9s d&#039;aliments pour poissons\" class=\"wp-image-184 size-full\" title=\"\" srcset=\"https:\/\/fishfoodmachinery.com\/wp-content\/uploads\/2022\/09\/various-fish-feed-pellets.webp 720w, https:\/\/fishfoodmachinery.com\/wp-content\/uploads\/2022\/09\/various-fish-feed-pellets-300x225.webp 300w\" sizes=\"auto, (max-width: 720px) 100vw, 720px\" \/><\/figure><\/div>    <h2 class=\"wp-block-heading\" id=\"h-raw-materials-for-fish-feed-pellets\"><strong>Mati\u00e8res premi\u00e8res pour granul\u00e9s d'aliments pour poissons<\/strong><strong><\/strong><\/h2>    <p>Les mati\u00e8res premi\u00e8res peuvent \u00eatre de la farine de soja, du colza, du son de riz, de la farine de poisson, de la farine d'os, de la farine de ma\u00efs, de la farine, etc.\u00a0Diverses c\u00e9r\u00e9ales sont disponibles. <\/p>    <p>Cette machine flottante d'alimentation pour poissons est un \u00e9quipement d'extrudeuse d'aliments professionnel, utilisant ces mati\u00e8res premi\u00e8res pour produire divers granul\u00e9s d'aliments\u00a0!<\/p>   <div class=\"wp-block-image\"> <figure class=\"aligncenter size-full\"><img loading=\"lazy\" decoding=\"async\" width=\"720\" height=\"500\" src=\"https:\/\/fishfoodmachinery.com\/wp-content\/uploads\/2022\/09\/raw-materials.webp\" alt=\"mati\u00e8res premi\u00e8res\" class=\"wp-image-109\" title=\"\" srcset=\"https:\/\/fishfoodmachinery.com\/wp-content\/uploads\/2022\/09\/raw-materials.webp 720w, https:\/\/fishfoodmachinery.com\/wp-content\/uploads\/2022\/09\/raw-materials-300x208.webp 300w\" sizes=\"auto, (max-width: 720px) 100vw, 720px\" \/><figcaption class=\"wp-element-caption\">mati\u00e8res premi\u00e8res<\/figcaption><\/figure> <\/div>   <h2 class=\"wp-block-heading\" id=\"h-applications-of-the-fish-feed-pelleting-machine\"><strong><strong>Applications de la machine de granulation d'aliments pour poissons<\/strong><\/strong><\/h2>    <ul class=\"wp-block-list\"> <li><strong>Divers poissons<\/strong>: carpe herbivore, poissons d'ornement, poissons marins, anguille, carpe, tilapia, crevette blanche d'Am\u00e9rique du Sud, loche, poisson-chat, sole-langue, esturgeon, etc.<\/li>    <li><strong>Animaux domestiques<\/strong>: chiens, chats, perroquets, lapins, etc.<\/li>    <li><strong>Autres<\/strong>: tortues, crevettes, etc.<\/li> <\/ul>    <h2 class=\"wp-block-heading\" id=\"h-structure-of-the-fish-feed-pellet-machine\"><strong>Structure de la machine flottante \u00e0 granul\u00e9s d'aliments pour poissons<\/strong><\/h2>    <p>La machine de soufflage sec de type DGP est principalement compos\u00e9e d'un alimentateur, d'un dispositif de soufflage par extrusion, d'un syst\u00e8me d'alimentation et de transmission, d'un cadre, d'un syst\u00e8me de commande \u00e9lectrique, etc.\u00a0Cette machine \u00e0 granul\u00e9s pour aliments pour poissons a une excellente conception et une structure raisonnable, ce qui est b\u00e9n\u00e9fique pour les utilisateurs.<\/p>   <div class=\"wp-block-image\"> <figure class=\"aligncenter size-full\"><img loading=\"lazy\" decoding=\"async\" width=\"720\" height=\"720\" src=\"https:\/\/fishfoodmachinery.com\/wp-content\/uploads\/2022\/09\/fish-feed-pellet-machine.webp\" alt=\"machine \u00e0 granul\u00e9s d&#039;aliments pour poissons\" class=\"wp-image-113\" title=\"\" srcset=\"https:\/\/fishfoodmachinery.com\/wp-content\/uploads\/2022\/09\/fish-feed-pellet-machine.webp 720w, https:\/\/fishfoodmachinery.com\/wp-content\/uploads\/2022\/09\/fish-feed-pellet-machine-300x300.webp 300w, https:\/\/fishfoodmachinery.com\/wp-content\/uploads\/2022\/09\/fish-feed-pellet-machine-150x150.webp 150w\" sizes=\"auto, (max-width: 720px) 100vw, 720px\" \/><figcaption class=\"wp-element-caption\">machine \u00e0 granul\u00e9s d'aliments pour poissons<\/figcaption><\/figure> <\/div>   <h2 class=\"wp-block-heading\" id=\"h-how-does-the-floating-fish-feed-machine-work\"><strong>Comment fonctionne la machine flottante d'alimentation pour poissons\u00a0?<\/strong><strong><\/strong><\/h2>   <div id=\"rank-math-howto\" class=\"rank-math-block\" > <div class=\"rank-math-howto-description\">  <\/div>  <div class=\"rank-math-steps\"> <div id=\"howto-step-1705052074061\" class=\"rank-math-step\"> <h3 class=\"rank-math-step-title\"><strong>Alimentation en mati\u00e8res premi\u00e8res<\/strong><\/h3> <div class=\"rank-math-step-content\"><p>Les ingr\u00e9dients des aliments pour poissons, tels que la farine de poisson, la farine de soja, la farine de ma\u00efs, etc., qui ont \u00e9t\u00e9 scientifiquement formul\u00e9s et adapt\u00e9s, sont pes\u00e9s avec pr\u00e9cision puis plac\u00e9s uniform\u00e9ment dans la tr\u00e9mie de la machine flottante d'alimentation pour poissons.<\/p> <\/div> <\/div> <div id=\"howto-step-1705052323060\" class=\"rank-math-step\"> <h3 class=\"rank-math-step-title\"><strong>Traitement d'extrusion et d'expansion thermique<\/strong><\/h3> <div class=\"rank-math-step-content\"><p>D\u00e9marrez l'\u00e9quipement et les mati\u00e8res premi\u00e8res sont trait\u00e9es par la fonction avanc\u00e9e de chauffage et d'expansion \u00e0 l'int\u00e9rieur de la machine \u00e0 granul\u00e9s de nourriture pour poisson. <br \/>Sous des temp\u00e9ratures et des pressions \u00e9lev\u00e9es, les mati\u00e8res premi\u00e8res sont enti\u00e8rement cuites et forment une structure facile \u00e0 dig\u00e9rer et \u00e0 absorber, et en m\u00eame temps, elles sont extrud\u00e9es et moul\u00e9es dans la forme et la taille requises.<\/p> <\/div> <\/div> <div id=\"howto-step-1705052357343\" class=\"rank-math-step\"> <h3 class=\"rank-math-step-title\"><strong>D\u00e9chargement des pellets de poisson finis<\/strong><\/h3> <div class=\"rank-math-step-content\"><p>Les granul\u00e9s d'aliments pour poissons finis, expans\u00e9s et moul\u00e9s, sont automatiquement d\u00e9charg\u00e9s du port de d\u00e9charge de la machine flottante d'aliments pour poissons apr\u00e8s avoir atteint la duret\u00e9 et la densit\u00e9 souhait\u00e9es. <br \/>Ces granul\u00e9s nutritifs et mod\u00e9r\u00e9ment flottants sont non seulement faciles \u00e0 stocker et \u00e0 transporter, mais \u00e9galement favorables \u00e0 l'alimentation des poissons, ce qui am\u00e9liore consid\u00e9rablement les avantages de l'aquaculture.<\/p> <\/div> <\/div> <\/div> <\/div>       <h2 class=\"wp-block-heading\" id=\"h-successful-case-2-sets-of-model-40-and-2-sets-of-model-60-small-floating-fish-feed-machine-shipped-to-peru\"><strong>Cas r\u00e9ussis de machine de fabrication d'aliments pour poissons<\/strong><\/h2>    <p class=\"translation-block\"><strong>2 ensembles de machines \u00e0 aliments flottants pour poissons de mod\u00e8le-40 et 2 ensembles de mod\u00e8le-60 exp\u00e9di\u00e9s au P\u00e9rou<\/strong><\/p>    <p>Un client du P\u00e9rou a pos\u00e9 des questions sur la petite machine \u00e0 granul\u00e9s d'aliments pour poissons \u00e0 vendre. La machine \u00e0 granul\u00e9s de nourriture pour poissons peut produire divers granul\u00e9s alimentaires. Le client p\u00e9ruvien a achet\u00e9 la mini machine d'alimentation pour poissons pour son client. <\/p>    <p>Notre directeur commercial lui a envoy\u00e9 les d\u00e9tails de la machine. Apr\u00e8s l'avoir parcouru, le client a \u00e9t\u00e9 tr\u00e8s satisfait et a de nouveau confirm\u00e9 plusieurs questions. Apr\u00e8s cela, il a command\u00e9 un total de 4 ensembles\u00a0: 2 ensembles \u00e9lectriques et 2 ensembles \u00e0 moteur diesel. Et nous avons emball\u00e9 la machine dans la caisse en bois et l'avons envoy\u00e9e \u00e0 destination.<\/p>   <div class=\"wp-block-image\"> <figure class=\"aligncenter size-full\"><img loading=\"lazy\" decoding=\"async\" width=\"720\" height=\"540\" src=\"https:\/\/fishfoodmachinery.com\/wp-content\/uploads\/2022\/09\/package-the-floating-fish-feed-pellet-machine.webp\" alt=\"emballer la machine flottante \u00e0 granul\u00e9s d&#039;aliments pour poissons\" class=\"wp-image-115\" title=\"\" srcset=\"https:\/\/fishfoodmachinery.com\/wp-content\/uploads\/2022\/09\/package-the-floating-fish-feed-pellet-machine.webp 720w, https:\/\/fishfoodmachinery.com\/wp-content\/uploads\/2022\/09\/package-the-floating-fish-feed-pellet-machine-300x225.webp 300w\" sizes=\"auto, (max-width: 720px) 100vw, 720px\" \/><figcaption class=\"wp-element-caption\">emballer la machine \u00e0 granul\u00e9s d'aliments pour poissons<\/figcaption><\/figure> <\/div>   <p class=\"translation-block\"><strong>Machine \u00e0 granul\u00e9s d'aliments pour poissons la plus vendue exp\u00e9di\u00e9e au Burkina Faso<\/strong><\/p>    <p>Notre machine flottante d'alimentation pour poissons a \u00e9t\u00e9 install\u00e9e avec succ\u00e8s dans une base aquacole \u00e0 grande \u00e9chelle au Burkina Faso, un pays d'Afrique de l'Ouest, ce qui a consid\u00e9rablement am\u00e9lior\u00e9 l'efficacit\u00e9 et la qualit\u00e9 de la production locale d'aliments.<\/p>    <p>Gr\u00e2ce \u00e0 l'introduction d'\u00e9quipements de pointe, la ferme a r\u00e9duit les co\u00fbts d'exploitation, augment\u00e9 la croissance et la production du poisson et donn\u00e9 une forte impulsion au d\u00e9veloppement de l'industrie de la p\u00eache au Burkina Faso.<\/p>    <figure class=\"wp-block-gallery aligncenter has-nested-images columns-default is-cropped wp-block-gallery-3 is-layout-flex wp-block-gallery-is-layout-flex\"> <figure class=\"wp-block-image size-large\"><img loading=\"lazy\" decoding=\"async\" width=\"540\" height=\"720\" data-id=\"741\" src=\"https:\/\/fishfoodmachinery.com\/wp-content\/uploads\/2023\/11\/fish-feed-pellet-making-machine.webp\" alt=\"Machine de fabrication de granul\u00e9s d&#039;aliments pour poissons\" class=\"wp-image-741\" title=\"\" srcset=\"https:\/\/fishfoodmachinery.com\/wp-content\/uploads\/2023\/11\/fish-feed-pellet-making-machine.webp 540w, https:\/\/fishfoodmachinery.com\/wp-content\/uploads\/2023\/11\/fish-feed-pellet-making-machine-225x300.webp 225w\" sizes=\"auto, (max-width: 540px) 100vw, 540px\" \/><figcaption class=\"wp-element-caption\">Machine de fabrication de granul\u00e9s d'aliments pour poissons<\/figcaption><\/figure>    <figure class=\"wp-block-image size-large\"><img loading=\"lazy\" decoding=\"async\" width=\"540\" height=\"720\" data-id=\"742\" src=\"https:\/\/fishfoodmachinery.com\/wp-content\/uploads\/2023\/11\/package-of-floating-fish-feed-making-machine.webp\" alt=\"paquet de machine de fabrication d&#039;aliments pour poissons flottants\" class=\"wp-image-742\" title=\"\" srcset=\"https:\/\/fishfoodmachinery.com\/wp-content\/uploads\/2023\/11\/package-of-floating-fish-feed-making-machine.webp 540w, https:\/\/fishfoodmachinery.com\/wp-content\/uploads\/2023\/11\/package-of-floating-fish-feed-making-machine-225x300.webp 225w\" sizes=\"auto, (max-width: 540px) 100vw, 540px\" \/><figcaption class=\"wp-element-caption\">Paquet de machine de fabrication d'aliments pour poissons flottants<\/figcaption><\/figure> <\/figure>    <h2 class=\"wp-block-heading\"><strong>Pourquoi choisir Taizy comme fabricant et fournisseur de machines flottantes d'alimentation pour poissons ?<\/strong><\/h2>    <ul class=\"wp-block-list\"> <li><strong>Service professionnel personnalis\u00e9<\/strong>: Nous fournissons des plans de conception et de configuration personnalis\u00e9s en fonction des besoins des clients et pouvons produire des aliments flottants pour poissons avec diff\u00e9rentes sp\u00e9cifications, formes et nutriments pour r\u00e9pondre aux besoins diversifi\u00e9s de l'aquaculture.<\/li>    <li><strong>Capacit\u00e9 de production efficace<\/strong>: Les machines d'alimentation pour poissons Taizy sont hautement productives et \u00e9conomes en \u00e9nergie, avec une large gamme de mod\u00e8les allant de 40 kg \u00e0 350 kg par heure, vous aidant \u00e0 am\u00e9liorer l'efficacit\u00e9 de la production et \u00e0 r\u00e9duire les co\u00fbts d'exploitation.<\/li>    <li><strong>Bonne r\u00e9putation dans l'industrie<\/strong>: La marque Taizy jouit d'une grande r\u00e9putation et d'une bonne r\u00e9putation dans le pays et \u00e0 l'\u00e9tranger, la fiabilit\u00e9 de ses produits et de son service apr\u00e8s-vente est reconnue par la majorit\u00e9 des utilisateurs, choisir Taizy, c'est choisir la tranquillit\u00e9 d'esprit et le succ\u00e8s.<\/li> <\/ul>    <h2 class=\"wp-block-heading\"><strong>D\u00e9marrez votre entreprise de fabrication de granul\u00e9s d\u2019aliments pour poissons d\u00e8s maintenant\u00a0!<\/strong><\/h2>    <p class=\"translation-block\">Aujourd'hui est le meilleur moment pour lancer votre activit\u00e9 de production de <a href=\"https:\/\/en.wikipedia.org\/wiki\/Commercial_fish_feed\" target=\"_blank\" rel=\"noopener\">granul\u00e9s d'aliments pour poissons<\/a> ! Gr\u00e2ce \u00e0 la technologie avanc\u00e9e des extrudeuses d'aliments pour poissons, vous pouvez rapidement convertir des mati\u00e8res premi\u00e8res de haute qualit\u00e9 en granul\u00e9s d'aliments pour poissons \u00e0 haute valeur nutritionnelle. <\/p>    <p class=\"translation-block\">Contactez-nous pour d\u00e9couvrir comment nous pouvons vous aider non seulement avec des machines autonomes, mais aussi avec des <a href=\"https:\/\/fishfoodmachinery.com\/fr\/product\/small-floating-fish-feed-production-line\/\">lignes de production de granul\u00e9s d'aliments pour poissons<\/a> pour la production de granul\u00e9s d'aliments de haute qualit\u00e9.<\/p>","protected":false},"excerpt":{"rendered":"<p>La machine flottante d'alimentation pour poissons utilise de la semoule de ma\u00efs, de la farine, etc. pour produire des aliments aquatiques pour divers poissons, crevettes, tortues, etc. avec une capacit\u00e9 de 40 \u00e0 350 kg\/h. <\/p>","protected":false},"author":1,"featured_media":122,"parent":0,"template":"","tags":[15,12,24,14,16,10],"product-type":[8],"class_list":["post-42","product","type-product","status-publish","has-post-thumbnail","hentry","tag-animal-feed-pellet-machine","tag-dog-food-making-machine","tag-fish-feed","tag-fish-feed-extruder","tag-fish-feed-pellet-making-machine","tag-floating-fish-feed-production-line","product-type-fish-feed-pellet-machine"],"_links":{"self":[{"href":"https:\/\/fishfoodmachinery.com\/fr\/wp-json\/wp\/v2\/product\/42","targetHints":{"allow":["GET"]}}],"collection":[{"href":"https:\/\/fishfoodmachinery.com\/fr\/wp-json\/wp\/v2\/product"}],"about":[{"href":"https:\/\/fishfoodmachinery.com\/fr\/wp-json\/wp\/v2\/types\/product"}],"author":[{"embeddable":true,"href":"https:\/\/fishfoodmachinery.com\/fr\/wp-json\/wp\/v2\/users\/1"}],"wp:featuredmedia":[{"embeddable":true,"href":"https:\/\/fishfoodmachinery.com\/fr\/wp-json\/wp\/v2\/media\/122"}],"wp:attachment":[{"href":"https:\/\/fishfoodmachinery.com\/fr\/wp-json\/wp\/v2\/media?parent=42"}],"wp:term":[{"taxonomy":"post_tag","embeddable":true,"href":"https:\/\/fishfoodmachinery.com\/fr\/wp-json\/wp\/v2\/tags?post=42"},{"taxonomy":"product-type","embeddable":true,"href":"https:\/\/fishfoodmachinery.com\/fr\/wp-json\/wp\/v2\/product-type?post=42"}],"curies":[{"name":"wp","href":"https:\/\/api.w.org\/{rel}","templated":true}]}}