{"id":49,"date":"2022-09-06T03:45:34","date_gmt":"2022-09-06T03:45:34","guid":{"rendered":"https:\/\/fishfoodmachinery.com\/?post_type=product&#038;p=49"},"modified":"2024-06-11T17:19:39","modified_gmt":"2024-06-11T09:19:39","slug":"small-floating-fish-feed-production-line","status":"publish","type":"product","link":"https:\/\/fishfoodmachinery.com\/fr\/product\/small-floating-fish-feed-production-line\/","title":{"rendered":"Petite ligne de production d'aliments flottants pour poissons"},"content":{"rendered":"<p class=\"translation-block\">\"This <strong>floating fish feed production line<\/strong> can produce fish food feed of various shapes and yields by cursing, mixing, extruding and drying. It has an output of 40-350kg\/h, suitable for small and medium fish farming plants, etc.\" <\/p>    <p>Les aliments produits peuvent \u00eatre utilis\u00e9s pour les animaux suivants\u00a0: toutes sortes de poissons, perroquets, crevettes, etc. La\u00a0ligne compl\u00e8te de production d'aliments pour poissons\u00a0est\u00a0flexible, si cela vous int\u00e9resse, veuillez nous contacter\u00a0!<\/p>    <figure class=\"wp-block-embed is-type-video is-provider-youtube wp-block-embed-youtube wp-embed-aspect-16-9 wp-has-aspect-ratio\"><div class=\"wp-block-embed__wrapper\"> <iframe loading=\"lazy\" title=\"Ligne de production de granul\u00e9s d&#039;aliments pour poissons flottants simple et pratique | Comment fabriquer des granul\u00e9s alimentaires#pellets\" width=\"500\" height=\"281\" src=\"https:\/\/www.youtube.com\/embed\/9BjNa9qqZpA?feature=oembed\" frameborder=\"0\" allow=\"accelerometer; autoplay; clipboard-write; encrypted-media; gyroscope; picture-in-picture; web-share\" referrerpolicy=\"strict-origin-when-cross-origin\" allowfullscreen><\/iframe> <\/div><figcaption class=\"wp-element-caption\">vid\u00e9o d'introduction de la ligne de production d'aliments flottants pour poissons simple et pratique<\/figcaption><\/figure>    <h2 class=\"wp-block-heading\" id=\"h-feed-pellet-sizes-and-shapes-that-can-be-produced\"><strong>Tailles et formes de granul\u00e9s alimentaires pouvant \u00eatre produits<\/strong><\/h2>    <p>Notre ligne de production d'aliments flottants pour poissons peut produire des granul\u00e9s d'aliments de diff\u00e9rentes tailles et formes, en fonction de nos moules. Nos moules peuvent produire diff\u00e9rentes formes de granul\u00e9s alimentaires, contactez-nous pour plus d\u2019informations !<\/p>   <div class=\"wp-block-image\"> <figure class=\"aligncenter size-full\"><img loading=\"lazy\" decoding=\"async\" width=\"720\" height=\"450\" src=\"https:\/\/fishfoodmachinery.com\/wp-content\/uploads\/2022\/09\/feed-pellet-moulds.webp\" alt=\"moules \u00e0 granul\u00e9s alimentaires\" class=\"wp-image-84\" title=\"\" srcset=\"https:\/\/fishfoodmachinery.com\/wp-content\/uploads\/2022\/09\/feed-pellet-moulds.webp 720w, https:\/\/fishfoodmachinery.com\/wp-content\/uploads\/2022\/09\/feed-pellet-moulds-300x188.webp 300w\" sizes=\"auto, (max-width: 720px) 100vw, 720px\" \/><figcaption class=\"wp-element-caption\">moules \u00e0 granul\u00e9s alimentaires<\/figcaption><\/figure> <\/div>   <h2 class=\"wp-block-heading\" id=\"h-how-to-produce-fish-food-pellets-in-taizy-floating-fish-feed-production-line\"><strong>Comment produire des granul\u00e9s d'aliments pour poissons dans la cha\u00eene de production flottante d'aliments pour poissons Taizy\u00a0?<\/strong><\/h2>    <p>La production d\u2019aliments pour poissons comprend g\u00e9n\u00e9ralement les \u00e9tapes suivantes\u00a0:<\/p>    <div class=\"wp-block-media-text alignwide is-stacked-on-mobile\"><figure class=\"wp-block-media-text__media\"><img loading=\"lazy\" decoding=\"async\" width=\"720\" height=\"540\" src=\"https:\/\/fishfoodmachinery.com\/wp-content\/uploads\/2022\/09\/9FQ-disk-mill-machine.webp\" alt=\"Machine de broyage \u00e0 disques 9FQ\" class=\"wp-image-86 size-full\" title=\"\" srcset=\"https:\/\/fishfoodmachinery.com\/wp-content\/uploads\/2022\/09\/9FQ-disk-mill-machine.webp 720w, https:\/\/fishfoodmachinery.com\/wp-content\/uploads\/2022\/09\/9FQ-disk-mill-machine-300x225.webp 300w\" sizes=\"auto, (max-width: 720px) 100vw, 720px\" \/><\/figure><div class=\"wp-block-media-text__content\"> <p class=\"translation-block\"><strong>Broyage des mat\u00e9riaux : machine 9FQ\/moulin \u00e0 disque<\/strong><\/p>    <p>Cette \u00e9tape consiste principalement \u00e0 broyer les mati\u00e8res premi\u00e8res. 9FQ ou la rectifieuse les deux sont applicables. Comment choisir le bon d\u00e9pend de la capacit\u00e9 de production.<\/p> <\/div><\/div>    <div class=\"wp-block-media-text alignwide has-media-on-the-right is-stacked-on-mobile\"><div class=\"wp-block-media-text__content\"> <p class=\"translation-block\"><strong>M\u00e9lange des mat\u00e9riaux : machine \u00e0 m\u00e9langer les aliments pour poissons<\/strong><\/p>    <p>Sa fonction est de m\u00e9langer uniform\u00e9ment, de rendre les mat\u00e9riaux uniformes.<\/p> <\/div><figure class=\"wp-block-media-text__media\"><img loading=\"lazy\" decoding=\"async\" width=\"720\" height=\"540\" src=\"https:\/\/fishfoodmachinery.com\/wp-content\/uploads\/2022\/09\/fish-feed-mixer-machine.webp\" alt=\"m\u00e9langeur d&#039;aliments pour poissons\" class=\"wp-image-89 size-full\" title=\"\" srcset=\"https:\/\/fishfoodmachinery.com\/wp-content\/uploads\/2022\/09\/fish-feed-mixer-machine.webp 720w, https:\/\/fishfoodmachinery.com\/wp-content\/uploads\/2022\/09\/fish-feed-mixer-machine-300x225.webp 300w\" sizes=\"auto, (max-width: 720px) 100vw, 720px\" \/><\/figure><\/div>    <div class=\"wp-block-media-text alignwide is-stacked-on-mobile\"><figure class=\"wp-block-media-text__media\"><img loading=\"lazy\" decoding=\"async\" width=\"720\" height=\"540\" src=\"https:\/\/fishfoodmachinery.com\/wp-content\/uploads\/2022\/09\/screw-elevator.webp\" alt=\"ascenseur \u00e0 vis\" class=\"wp-image-91 size-full\" title=\"\" srcset=\"https:\/\/fishfoodmachinery.com\/wp-content\/uploads\/2022\/09\/screw-elevator.webp 720w, https:\/\/fishfoodmachinery.com\/wp-content\/uploads\/2022\/09\/screw-elevator-300x225.webp 300w\" sizes=\"auto, (max-width: 720px) 100vw, 720px\" \/><\/figure><div class=\"wp-block-media-text__content\"> <p class=\"translation-block\"><strong>\u00c9l\u00e9vation : \u00e9l\u00e9vateur \u00e0 vis<\/strong><\/p>    <p>Envoyez les mat\u00e9riaux \u00e0 l\u2019\u00e9tape 2 \u00e0 la machine \u00e0 granul\u00e9s de poisson. Bien s\u00fbr, le travail est \u00e9galement acceptable.<\/p> <\/div><\/div>    <div class=\"wp-block-media-text alignwide has-media-on-the-right is-stacked-on-mobile\"><div class=\"wp-block-media-text__content\"> <p class=\"translation-block\"><strong>Production des pellets d'aliments : <a href=\"https:\/\/fishfoodmachinery.com\/fr\/product\/floating-fish-feed-machine\/\" target=\"_blank\" rel=\"noreferrer noopener\">machine de production d'aliments flottants pour poissons<\/a><\/strong><\/p>    <p>La machine flottante pour la nourriture pour poissons est l'\u00e9l\u00e9ment cl\u00e9 pour produire d'excellents granul\u00e9s d'aliments pour poissons. Ce n'est qu'en changeant les moules que vous pourrez obtenir les diff\u00e9rentes tailles et formes de pellets.<\/p> <\/div><figure class=\"wp-block-media-text__media\"><img loading=\"lazy\" decoding=\"async\" width=\"720\" height=\"540\" src=\"https:\/\/fishfoodmachinery.com\/wp-content\/uploads\/2022\/09\/fish-feed-production-machine.webp\" alt=\"machine de production d&#039;aliments pour poissons\" class=\"wp-image-92 size-full\" title=\"\" srcset=\"https:\/\/fishfoodmachinery.com\/wp-content\/uploads\/2022\/09\/fish-feed-production-machine.webp 720w, https:\/\/fishfoodmachinery.com\/wp-content\/uploads\/2022\/09\/fish-feed-production-machine-300x225.webp 300w\" sizes=\"auto, (max-width: 720px) 100vw, 720px\" \/><\/figure><\/div>    <div class=\"wp-block-media-text alignwide is-stacked-on-mobile\"><figure class=\"wp-block-media-text__media\"><img loading=\"lazy\" decoding=\"async\" width=\"720\" height=\"540\" src=\"https:\/\/fishfoodmachinery.com\/wp-content\/uploads\/2022\/09\/dryer.webp\" alt=\"s\u00e9choir\" class=\"wp-image-97 size-full\" title=\"\" srcset=\"https:\/\/fishfoodmachinery.com\/wp-content\/uploads\/2022\/09\/dryer.webp 720w, https:\/\/fishfoodmachinery.com\/wp-content\/uploads\/2022\/09\/dryer-300x225.webp 300w\" sizes=\"auto, (max-width: 720px) 100vw, 720px\" \/><\/figure><div class=\"wp-block-media-text__content\"> <p class=\"translation-block\"><strong>S\u00e9chage des pellets : s\u00e9choir<\/strong><\/p>    <p>Il en existe deux types : le s\u00e9choir vertical et le s\u00e9choir \u00e0 bande. La fonction est de prolonger le temps de s\u00e9chage, rendant les pellets plus secs.<\/p>    <p>Le s\u00e9choir vertical est petit et \u00e9conomique.<\/p>    <p>Le s\u00e9choir \u00e0 bande est en fait un s\u00e9choir en m\u00e9tal, pr\u00e9sentant les avantages du mat\u00e9riau en acier inoxydable \u00e0 haute temp\u00e9rature.<\/p> <\/div><\/div>    <div class=\"wp-block-media-text alignwide has-media-on-the-right is-stacked-on-mobile\"><div class=\"wp-block-media-text__content\"> <p class=\"translation-block\"><strong>Assaisonnement : machine \u00e0 assaisonner<\/strong><\/p>    <p>Dans cette \u00e9tape, vous pouvez ajouter des \u00e9pices ou vaporiser de l'huile.<\/p>    <p>Ajout d'\u00e9pices : rend les granul\u00e9s plus attrayants pour les poissons, les chiens et les chats.<\/p>    <p>Huile de pulv\u00e9risation\u00a0: 1) surface lisse\u00a0; 2) r\u00e9sistant \u00e0 l'humidit\u00e9.<\/p> <\/div><figure class=\"wp-block-media-text__media\"><img loading=\"lazy\" decoding=\"async\" width=\"720\" height=\"540\" src=\"https:\/\/fishfoodmachinery.com\/wp-content\/uploads\/2022\/09\/seasoning-machine-spraying-machine.webp\" alt=\"machine d&#039;assaisonnement et machine de pulv\u00e9risation\" class=\"wp-image-95 size-full\" title=\"\" srcset=\"https:\/\/fishfoodmachinery.com\/wp-content\/uploads\/2022\/09\/seasoning-machine-spraying-machine.webp 720w, https:\/\/fishfoodmachinery.com\/wp-content\/uploads\/2022\/09\/seasoning-machine-spraying-machine-300x225.webp 300w\" sizes=\"auto, (max-width: 720px) 100vw, 720px\" \/><\/figure><\/div>    <h2 class=\"wp-block-heading\"><strong>Avantages de la ligne de production flottante d\u2019aliments pour poissons<\/strong><\/h2>    <ul class=\"wp-block-list\"> <li><strong>Faible co\u00fbt<\/strong>: La ligne de production de granul\u00e9s d'aliments pour petits poissons a un faible co\u00fbt d'investissement, ce qui convient aux petits et moyens agriculteurs et peut r\u00e9duire efficacement l'investissement initial.<\/li>    <li><strong>Petite empreinte<\/strong>: L'\u00e9quipement a une structure compacte et couvre une petite surface, ce qui convient aux fermes ou aux petites usines de transformation avec un espace limit\u00e9.<\/li>    <li><strong>Facile \u00e0 utiliser<\/strong>: L'\u00e9quipement est convivial et facile \u00e0 utiliser. Il ne n\u00e9cessite pas de techniciens professionnels et peut \u00eatre facilement utilis\u00e9 par les agriculteurs ordinaires.<\/li>    <li><strong>Forte flexibilit\u00e9<\/strong>: Cette ligne de production flottante d'aliments pour poissons peut ajuster le volume de production en fonction de la demande, d'une forte flexibilit\u00e9 et s'adapter aux besoins de production \u00e0 diff\u00e9rentes \u00e9chelles.<\/li>    <li><strong>Entretien pratique<\/strong>: Structure simple de l'\u00e9quipement, entretien facile, faibles co\u00fbts quotidiens d'entretien et de r\u00e9paration, longue dur\u00e9e de vie.<\/li> <\/ul>    <h2 class=\"wp-block-heading\" id=\"h-technical-parameters-of-the-fish-feed-production-machine\"><strong>Param\u00e8tres techniques de la machine de production d'aliments pour poissons<\/strong><\/h2>    <figure class=\"wp-block-table\"><table><tbody><tr><td>Mod\u00e8le<\/td><td>Capacit\u00e9<\/td><td>Alimentation principale<\/td><td>Puissance de coupe<\/td><td>Alimentation \u00e9lectrique<\/td><td>Diam\u00e8tre de la vis<\/td><td>Taille<\/td><td>Poids<\/td><\/tr><tr><td>DGP-40<\/td><td>40-50kg\/heure<\/td><td>7,5 kW<\/td><td>0,4 kW<\/td><td>0,4 kW<\/td><td>40mm<\/td><td>1260*860*1250mm<\/td><td>290 kg<\/td><\/tr><tr><td>DGP-60<\/td><td>150kg\/h<\/td><td>15 kW<\/td><td>0,4 kW<\/td><td>0,4 kW<\/td><td>60mm<\/td><td>1450*950*1430mm<\/td><td>480 kg<\/td><\/tr><tr><td>DGP-70<\/td><td>180-250kg\/h<\/td><td>18,5 kW<\/td><td>0,4 kW<\/td><td>0,4 kW<\/td><td>70mm<\/td><td>1600*1400*1450mm<\/td><td>600 kg<\/td><\/tr><tr><td>DGP-80<\/td><td>300-350 kg\/heure<\/td><td>22 kW<\/td><td>0,4 kW<\/td><td>0,4 kW<\/td><td>80mm<\/td><td>1850*1470*1500m<\/td><td>800 kg<\/td><\/tr><\/tbody><\/table><figcaption class=\"wp-element-caption\">Sp\u00e9cifications de la machine \u00e0 granul\u00e9s d'aliments pour poissons<\/figcaption><\/figure>    <p>Dans l'ensemble, il est bas\u00e9 sur la sortie de la machine d'extrudeuse d'aliments pour poissons pour d\u00e9terminer la sortie sp\u00e9cifique de la ligne de production de granul\u00e9s d'aliments pour poissons, s\u00e9lectionner la sortie de la machine \u00e0 granul\u00e9s d'aliments pour poissons, puis faire correspondre l'\u00e9quipement correspondant ult\u00e9rieur requis.<\/p>    <h2 class=\"wp-block-heading\" id=\"h-successful-case-200-300kg-h-floating-fish-feed-production-process-to-cote-d-ivoire\"><strong><strong>Cas r\u00e9ussi\u00a0: processus de production d\u2019aliments flottants pour poissons de 200 \u00e0 300 kg\/h en C\u00f4te d\u2019Ivoire<\/strong><\/strong><\/h2>    <p>Ce client souhaitait que la\u00a0machine flottante de production de nourriture pour poisson produise 200 \u00e0 300\u00a0kg par heure. Selon ses besoins, notre responsable commercial lui a recommand\u00e9 la machine type 80 correspondante. De plus, il souhaitait \u00e9galement un s\u00e9choir, un ascenseur et un m\u00e9langeur pour am\u00e9liorer l'efficacit\u00e9. <\/p>    <p>Notre responsable commercial lui a alors recommand\u00e9 la bonne machine en fonction de ses exigences et de son budget financier. Il a finalement achet\u00e9 un m\u00e9langeur, deux s\u00e9choirs, deux \u00e9l\u00e9vateurs et un moulin \u00e0 granul\u00e9s pour aliments pour poissons.<\/p>   <div class=\"wp-block-image\"> <figure class=\"aligncenter size-full\"><img loading=\"lazy\" decoding=\"async\" width=\"720\" height=\"350\" src=\"https:\/\/fishfoodmachinery.com\/wp-content\/uploads\/2022\/09\/200-300kg-per-hour-fish-feed-production-line.webp\" alt=\"Ligne de production d&#039;aliments pour poissons de 200 \u00e0 300 kg par heure\" class=\"wp-image-100\" title=\"\" srcset=\"https:\/\/fishfoodmachinery.com\/wp-content\/uploads\/2022\/09\/200-300kg-per-hour-fish-feed-production-line.webp 720w, https:\/\/fishfoodmachinery.com\/wp-content\/uploads\/2022\/09\/200-300kg-per-hour-fish-feed-production-line-300x146.webp 300w\" sizes=\"auto, (max-width: 720px) 100vw, 720px\" \/><figcaption class=\"wp-element-caption\">Ligne de production d'aliments pour poissons de 200 \u00e0 300 kg par heure<\/figcaption><\/figure> <\/div>   <h2 class=\"wp-block-heading\"><strong>Contactez-nous d\u00e8s maintenant !<\/strong><\/h2>    <p class=\"translation-block\">Si vous \u00eates int\u00e9ress\u00e9 par la ligne de production d'aliments flottants pour poissons, contactez-nous et nous vous fournirons la solution optimale pour la fabrication d'<a href=\"https:\/\/en.wikipedia.org\/wiki\/Commercial_fish_feed\" target=\"_blank\" rel=\"noopener\">aliments pour poissons<\/a> !<\/p>","protected":false},"excerpt":{"rendered":"<p>La ligne de production flottante d'aliments pour poissons est une ligne compl\u00e8te de traitement d'aliments pour poissons permettant de fabriquer des granul\u00e9s pour poissons, perroquets, crevettes, etc., d'une capacit\u00e9 de 40 \u00e0 350 kg\/h.<\/p>","protected":false},"author":1,"featured_media":116,"parent":0,"template":"","tags":[12,24,13,11,10],"product-type":[7],"class_list":["post-49","product","type-product","status-publish","has-post-thumbnail","hentry","tag-dog-food-making-machine","tag-fish-feed","tag-fish-feed-extruder-machine","tag-floating-fish-feed-machine","tag-floating-fish-feed-production-line","product-type-production-line"],"_links":{"self":[{"href":"https:\/\/fishfoodmachinery.com\/fr\/wp-json\/wp\/v2\/product\/49","targetHints":{"allow":["GET"]}}],"collection":[{"href":"https:\/\/fishfoodmachinery.com\/fr\/wp-json\/wp\/v2\/product"}],"about":[{"href":"https:\/\/fishfoodmachinery.com\/fr\/wp-json\/wp\/v2\/types\/product"}],"author":[{"embeddable":true,"href":"https:\/\/fishfoodmachinery.com\/fr\/wp-json\/wp\/v2\/users\/1"}],"wp:featuredmedia":[{"embeddable":true,"href":"https:\/\/fishfoodmachinery.com\/fr\/wp-json\/wp\/v2\/media\/116"}],"wp:attachment":[{"href":"https:\/\/fishfoodmachinery.com\/fr\/wp-json\/wp\/v2\/media?parent=49"}],"wp:term":[{"taxonomy":"post_tag","embeddable":true,"href":"https:\/\/fishfoodmachinery.com\/fr\/wp-json\/wp\/v2\/tags?post=49"},{"taxonomy":"product-type","embeddable":true,"href":"https:\/\/fishfoodmachinery.com\/fr\/wp-json\/wp\/v2\/product-type?post=49"}],"curies":[{"name":"wp","href":"https:\/\/api.w.org\/{rel}","templated":true}]}}