{"id":515,"date":"2023-05-08T10:40:27","date_gmt":"2023-05-08T02:40:27","guid":{"rendered":"https:\/\/fishfoodmachinery.com\/?post_type=product&#038;p=515"},"modified":"2024-06-13T18:29:35","modified_gmt":"2024-06-13T10:29:35","slug":"fish-feed-processing-line","status":"publish","type":"product","link":"https:\/\/fishfoodmachinery.com\/fr\/product\/fish-feed-processing-line\/","title":{"rendered":"Grande ligne de traitement d'aliments pour poissons pour la fabrication de granul\u00e9s alimentaires"},"content":{"rendered":"<p class=\"translation-block\">This <strong>fish feed processing line<\/strong> is designed for the production of large fish food pellets with an output of 180-600kg per hour.<\/p>    <figure class=\"wp-block-embed is-type-video is-provider-youtube wp-block-embed-youtube wp-embed-aspect-16-9 wp-has-aspect-ratio\"><div class=\"wp-block-embed__wrapper\"> <iframe loading=\"lazy\" title=\"Puissance d&#039;une grande ligne de production d&#039;aliments pour poissons flottants\u00a0: granul\u00e9s d&#039;aliments pour poissons de haute qualit\u00e9 pour l&#039;aquaculture\u00a0!\" width=\"500\" height=\"281\" src=\"https:\/\/www.youtube.com\/embed\/yFO01XPddfc?start=32&#038;feature=oembed\" frameborder=\"0\" allow=\"accelerometer; autoplay; clipboard-write; encrypted-media; gyroscope; picture-in-picture; web-share\" referrerpolicy=\"strict-origin-when-cross-origin\" allowfullscreen><\/iframe> <\/div><figcaption class=\"wp-element-caption\">vid\u00e9o de la ligne de machine de fabrication de granul\u00e9s d'aliments pour poissons<\/figcaption><\/figure>    <p>Les granul\u00e9s de nourriture pour poissons sont un aliment essentiel pour le processus d'aquaculture. Avec le d\u00e9veloppement continu de l\u2019industrie aquacole, la demande de granul\u00e9s alimentaires pour poissons augmente \u00e9galement.<\/p>    <figure class=\"wp-block-gallery aligncenter has-nested-images columns-default is-cropped wp-block-gallery-2 is-layout-flex wp-block-gallery-is-layout-flex\"> <figure class=\"wp-block-image size-large\"><img loading=\"lazy\" decoding=\"async\" width=\"720\" height=\"540\" data-id=\"184\" src=\"https:\/\/fishfoodmachinery.com\/wp-content\/uploads\/2022\/09\/various-fish-feed-pellets.webp\" alt=\"divers granul\u00e9s d&#039;aliments pour poissons\" class=\"wp-image-184\" title=\"\" srcset=\"https:\/\/fishfoodmachinery.com\/wp-content\/uploads\/2022\/09\/various-fish-feed-pellets.webp 720w, https:\/\/fishfoodmachinery.com\/wp-content\/uploads\/2022\/09\/various-fish-feed-pellets-300x225.webp 300w\" sizes=\"auto, (max-width: 720px) 100vw, 720px\" \/><figcaption class=\"wp-element-caption\">Divers granul\u00e9s d'aliments pour poissons<\/figcaption><\/figure>    <figure class=\"wp-block-image size-large\"><img loading=\"lazy\" decoding=\"async\" width=\"540\" height=\"540\" data-id=\"402\" src=\"https:\/\/fishfoodmachinery.com\/wp-content\/uploads\/2023\/01\/floating-fish-pellets.webp\" alt=\"granul\u00e9s de poisson flottants\" class=\"wp-image-402\" title=\"\" srcset=\"https:\/\/fishfoodmachinery.com\/wp-content\/uploads\/2023\/01\/floating-fish-pellets.webp 540w, https:\/\/fishfoodmachinery.com\/wp-content\/uploads\/2023\/01\/floating-fish-pellets-300x300.webp 300w, https:\/\/fishfoodmachinery.com\/wp-content\/uploads\/2023\/01\/floating-fish-pellets-150x150.webp 150w\" sizes=\"auto, (max-width: 540px) 100vw, 540px\" \/><figcaption class=\"wp-element-caption\">Granul\u00e9s de poisson flottants<\/figcaption><\/figure> <\/figure>    <p>Pour r\u00e9pondre \u00e0 la demande du march\u00e9, la ligne de transformation d'aliments pour poissons est n\u00e9e. Il peut traiter et traiter diff\u00e9rents types de mati\u00e8res alimentaires gr\u00e2ce \u00e0 une s\u00e9rie de traitements et enfin produire des granul\u00e9s alimentaires de haute qualit\u00e9 adapt\u00e9s \u00e0 diff\u00e9rents animaux et animaux de compagnie d'aquaculture.<\/p>    <h2 class=\"wp-block-heading\"><strong>Quelle est la ligne de traitement flottante d\u2019aliments pour poissons\u00a0?<\/strong><\/h2>    <p>La ligne de production de granul\u00e9s d'aliments pour poissons est une sorte d'\u00e9quipement de ligne de production sp\u00e9cialement utilis\u00e9 pour produire des aliments pour les animaux aquatiques tels que les poissons, les crevettes, le crabe et le vivaneau.<\/p>   <div class=\"wp-block-image\"> <figure class=\"aligncenter size-full\"><img loading=\"lazy\" decoding=\"async\" width=\"720\" height=\"540\" src=\"https:\/\/fishfoodmachinery.com\/wp-content\/uploads\/2023\/05\/floating-fish-feed-processing-line.webp\" alt=\"ligne de traitement flottante d&#039;aliments pour poissons\" class=\"wp-image-542\" title=\"\" srcset=\"https:\/\/fishfoodmachinery.com\/wp-content\/uploads\/2023\/05\/floating-fish-feed-processing-line.webp 720w, https:\/\/fishfoodmachinery.com\/wp-content\/uploads\/2023\/05\/floating-fish-feed-processing-line-300x225.webp 300w\" sizes=\"auto, (max-width: 720px) 100vw, 720px\" \/><figcaption class=\"wp-element-caption\">ligne de traitement flottante d'aliments pour poissons<\/figcaption><\/figure> <\/div>   <p>Elle produit des granul\u00e9s alimentaires de diverses sp\u00e9cifications et formes gr\u00e2ce au processus de m\u00e9lange, de concassage, de modulation et d'extrusion de diverses mati\u00e8res alimentaires. En ajustant des param\u00e8tres tels que la composition, la taille et la forme des granul\u00e9s alimentaires, des granul\u00e9s alimentaires de haute qualit\u00e9 adapt\u00e9s \u00e0 diff\u00e9rents animaux aquatiques peuvent \u00eatre produits.<\/p>    <p>L'application de la ligne flottante de traitement des aliments pour poissons peut am\u00e9liorer l'efficacit\u00e9 de la production de l'industrie aquacole, r\u00e9duire le gaspillage d'aliments et am\u00e9liorer les avantages \u00e9conomiques de l'aquaculture.<\/p>    <h2 class=\"wp-block-heading\"><strong>Liste des machines pour la fabrication de granul\u00e9s alimentaires dans la ligne de production d'aliments pour poissons<\/strong><\/h2>   <div class=\"wp-block-image\"> <figure class=\"aligncenter size-full\"><img loading=\"lazy\" decoding=\"async\" width=\"720\" height=\"370\" src=\"https:\/\/fishfoodmachinery.com\/wp-content\/uploads\/2023\/05\/hammer-mill.webp\" alt=\"broyeur \u00e0 marteaux\" class=\"wp-image-552\" title=\"\" srcset=\"https:\/\/fishfoodmachinery.com\/wp-content\/uploads\/2023\/05\/hammer-mill.webp 720w, https:\/\/fishfoodmachinery.com\/wp-content\/uploads\/2023\/05\/hammer-mill-300x154.webp 300w\" sizes=\"auto, (max-width: 720px) 100vw, 720px\" \/><figcaption class=\"wp-element-caption\">broyeur \u00e0 marteaux<\/figcaption><\/figure> <\/div>  <div class=\"wp-block-image\"> <figure class=\"aligncenter size-full\"><img loading=\"lazy\" decoding=\"async\" width=\"720\" height=\"370\" src=\"https:\/\/fishfoodmachinery.com\/wp-content\/uploads\/2023\/05\/mixer.webp\" alt=\"mixer\" class=\"wp-image-553\" title=\"\" srcset=\"https:\/\/fishfoodmachinery.com\/wp-content\/uploads\/2023\/05\/mixer.webp 720w, https:\/\/fishfoodmachinery.com\/wp-content\/uploads\/2023\/05\/mixer-300x154.webp 300w\" sizes=\"auto, (max-width: 720px) 100vw, 720px\" \/><figcaption class=\"wp-element-caption\">mixer<\/figcaption><\/figure> <\/div>  <div class=\"wp-block-image\"> <figure class=\"aligncenter size-full\"><img loading=\"lazy\" decoding=\"async\" width=\"720\" height=\"370\" src=\"https:\/\/fishfoodmachinery.com\/wp-content\/uploads\/2023\/05\/screw-conveyor.webp\" alt=\"convoyeur \u00e0 vis\" class=\"wp-image-554\" title=\"\" srcset=\"https:\/\/fishfoodmachinery.com\/wp-content\/uploads\/2023\/05\/screw-conveyor.webp 720w, https:\/\/fishfoodmachinery.com\/wp-content\/uploads\/2023\/05\/screw-conveyor-300x154.webp 300w\" sizes=\"auto, (max-width: 720px) 100vw, 720px\" \/><figcaption class=\"wp-element-caption\">convoyeur \u00e0 vis<\/figcaption><\/figure> <\/div>  <div class=\"wp-block-image\"> <figure class=\"aligncenter size-full\"><a href=\"https:\/\/fishfoodmachinery.com\/fr\/product\/floating-fish-feed-machine\/\"><img loading=\"lazy\" decoding=\"async\" width=\"720\" height=\"370\" src=\"https:\/\/fishfoodmachinery.com\/wp-content\/uploads\/2023\/05\/fish-feed-machine.webp\" alt=\"machine d&#039;alimentation pour poissons\" class=\"wp-image-555\" title=\"\" srcset=\"https:\/\/fishfoodmachinery.com\/wp-content\/uploads\/2023\/05\/fish-feed-machine.webp 720w, https:\/\/fishfoodmachinery.com\/wp-content\/uploads\/2023\/05\/fish-feed-machine-300x154.webp 300w\" sizes=\"auto, (max-width: 720px) 100vw, 720px\" \/><\/a><figcaption class=\"wp-element-caption\">machine d'alimentation pour poissons<\/figcaption><\/figure> <\/div>  <div class=\"wp-block-image\"> <figure class=\"aligncenter size-full\"><img loading=\"lazy\" decoding=\"async\" width=\"720\" height=\"370\" src=\"https:\/\/fishfoodmachinery.com\/wp-content\/uploads\/2023\/05\/dryer-machine.webp\" alt=\"s\u00e8che-linge\" class=\"wp-image-556\" title=\"\" srcset=\"https:\/\/fishfoodmachinery.com\/wp-content\/uploads\/2023\/05\/dryer-machine.webp 720w, https:\/\/fishfoodmachinery.com\/wp-content\/uploads\/2023\/05\/dryer-machine-300x154.webp 300w\" sizes=\"auto, (max-width: 720px) 100vw, 720px\" \/><figcaption class=\"wp-element-caption\">s\u00e8che-linge<\/figcaption><\/figure> <\/div>  <div class=\"wp-block-image\"> <figure class=\"aligncenter size-full\"><img loading=\"lazy\" decoding=\"async\" width=\"720\" height=\"370\" src=\"https:\/\/fishfoodmachinery.com\/wp-content\/uploads\/2023\/05\/seasoning-machine.webp\" alt=\"machine \u00e0 assaisonner\" class=\"wp-image-557\" title=\"\" srcset=\"https:\/\/fishfoodmachinery.com\/wp-content\/uploads\/2023\/05\/seasoning-machine.webp 720w, https:\/\/fishfoodmachinery.com\/wp-content\/uploads\/2023\/05\/seasoning-machine-300x154.webp 300w\" sizes=\"auto, (max-width: 720px) 100vw, 720px\" \/><figcaption class=\"wp-element-caption\">machine \u00e0 assaisonner<\/figcaption><\/figure> <\/div>  <div class=\"wp-block-image\"> <figure class=\"aligncenter size-full\"><img loading=\"lazy\" decoding=\"async\" width=\"720\" height=\"370\" src=\"https:\/\/fishfoodmachinery.com\/wp-content\/uploads\/2023\/05\/package-machine.webp\" alt=\"machine \u00e0 emballer\" class=\"wp-image-558\" title=\"\" srcset=\"https:\/\/fishfoodmachinery.com\/wp-content\/uploads\/2023\/05\/package-machine.webp 720w, https:\/\/fishfoodmachinery.com\/wp-content\/uploads\/2023\/05\/package-machine-300x154.webp 300w\" sizes=\"auto, (max-width: 720px) 100vw, 720px\" \/><figcaption class=\"wp-element-caption\">machine \u00e0 emballer<\/figcaption><\/figure> <\/div>   <h2 class=\"wp-block-heading\"><strong>Quelles sont les mati\u00e8res premi\u00e8res contenues dans l\u2019alimentation des poissons ?<\/strong><\/h2>    <ul class=\"wp-block-list\"> <li><strong>Mati\u00e8res premi\u00e8res v\u00e9g\u00e9tales<\/strong>: comme la farine de soja, le ma\u00efs, le bl\u00e9, le soja, la farine de coton, etc. Ces mati\u00e8res premi\u00e8res contiennent une grande quantit\u00e9 de prot\u00e9ines, de glucides, de graisses et d'autres nutriments.<\/li>    <li><strong>Mati\u00e8res premi\u00e8res animales<\/strong>: comme la farine de poisson, la farine de crevettes, la farine de viande et d'os, etc. Ces mati\u00e8res premi\u00e8res sont riches en prot\u00e9ines et oligo-\u00e9l\u00e9ments de haute qualit\u00e9 et autres nutriments.<\/li>    <li><strong>Mati\u00e8res premi\u00e8res m\u00e9lang\u00e9es<\/strong>: comme les tourteaux de soja, les app\u00e2ts de poisson, les algues, la poudre de prot\u00e9ines, les acides amin\u00e9s, etc. Ces mati\u00e8res premi\u00e8res peuvent am\u00e9liorer dans une certaine mesure la valeur nutritionnelle et le go\u00fbt de l'aliment.<\/li>    <li><strong>Autres mati\u00e8res premi\u00e8res<\/strong>: comme la poudre de levure, les vitamines, les min\u00e9raux, les acidifiants, les enzymes, etc. Ces mati\u00e8res premi\u00e8res peuvent \u00eatre utilis\u00e9es pour am\u00e9liorer la qualit\u00e9 et le go\u00fbt des aliments, ainsi que pour am\u00e9liorer l'immunit\u00e9 et le niveau de sant\u00e9 des poissons.<\/li> <\/ul>    <p>Et il existe une grande vari\u00e9t\u00e9 de mati\u00e8res premi\u00e8res utilis\u00e9es dans l'alimentation des poissons, et diff\u00e9rents types et proportions de mati\u00e8res premi\u00e8res peuvent \u00eatre d\u00e9ploy\u00e9s de mani\u00e8re flexible en fonction des besoins alimentaires des diff\u00e9rentes esp\u00e8ces et des stades de croissance des poissons.<\/p>    <h2 class=\"wp-block-heading\"><strong>Comment traitez-vous les aliments pour poissons ?<\/strong> &#8211; <strong>proc\u00e9dures de la ligne de transformation des aliments pour poissons<\/strong><\/h2>    <ul class=\"wp-block-list\"> <li>Concassage des mati\u00e8res premi\u00e8res\u00a0: les mati\u00e8res premi\u00e8res seront broy\u00e9es, ce qui rendra les particules de mati\u00e8res premi\u00e8res de taille uniforme et un traitement facile \u00e0 suivre.<\/li>    <li>M\u00e9lange de mati\u00e8res premi\u00e8res : m\u00e9langer diff\u00e9rentes mati\u00e8res premi\u00e8res selon un certain rapport pour obtenir une certaine formule afin d'assurer l'\u00e9quilibre nutritionnel de l'aliment.<\/li>    <li>Extrusion\u00a0: Les mati\u00e8res premi\u00e8res sont form\u00e9es et press\u00e9es \u00e0 travers des moules et des rouleaux pour former une certaine forme de granul\u00e9s.<\/li>    <li>S\u00e9chage et refroidissement : les granul\u00e9s de nourriture pour poissons fa\u00e7onn\u00e9s sont s\u00e9ch\u00e9s et refroidis pour les rendre secs \u00e0 l'int\u00e9rieur et non collants \u00e0 l'ext\u00e9rieur.<\/li>    <li>Traitement d'assaisonnement\u00a0: ajoutez diverses saveurs que les poissons aiment pour rendre l'aliment plus d\u00e9licieux<\/li>    <li>Emballage et stockage : Les granul\u00e9s de nourriture pour poissons produits sont emball\u00e9s et stock\u00e9s pour la vente et l'utilisation.<\/li> <\/ul>    <h2 class=\"wp-block-heading\"><strong>Applications de la ligne de traitement flottante d\u2019aliments pour poissons<\/strong><\/h2>    <figure class=\"wp-block-gallery aligncenter has-nested-images columns-default is-cropped wp-block-gallery-3 is-layout-flex wp-block-gallery-is-layout-flex\"> <figure class=\"wp-block-image size-large\"><img loading=\"lazy\" decoding=\"async\" width=\"720\" height=\"540\" data-id=\"544\" src=\"https:\/\/fishfoodmachinery.com\/wp-content\/uploads\/2023\/05\/applications-of-the-fish-feed-processing-line.webp\" alt=\"applications de la ligne de traitement des aliments pour poissons\" class=\"wp-image-544\" title=\"\" srcset=\"https:\/\/fishfoodmachinery.com\/wp-content\/uploads\/2023\/05\/applications-of-the-fish-feed-processing-line.webp 720w, https:\/\/fishfoodmachinery.com\/wp-content\/uploads\/2023\/05\/applications-of-the-fish-feed-processing-line-300x225.webp 300w\" sizes=\"auto, (max-width: 720px) 100vw, 720px\" \/><figcaption class=\"wp-element-caption\">Applications de la ligne de traitement des aliments pour poissons<\/figcaption><\/figure>    <figure class=\"wp-block-image size-large\"><img loading=\"lazy\" decoding=\"async\" width=\"720\" height=\"540\" data-id=\"545\" src=\"https:\/\/fishfoodmachinery.com\/wp-content\/uploads\/2023\/05\/feed-pellets.webp\" alt=\"granul\u00e9s alimentaires\" class=\"wp-image-545\" title=\"\" srcset=\"https:\/\/fishfoodmachinery.com\/wp-content\/uploads\/2023\/05\/feed-pellets.webp 720w, https:\/\/fishfoodmachinery.com\/wp-content\/uploads\/2023\/05\/feed-pellets-300x225.webp 300w\" sizes=\"auto, (max-width: 720px) 100vw, 720px\" \/><figcaption class=\"wp-element-caption\">Granul\u00e9s alimentaires<\/figcaption><\/figure> <\/figure>    <ul class=\"wp-block-list\"> <li>Pisciculture\u00a0: applicable \u00e0 l\u2019\u00e9levage de nombreux types de poissons tels que les poissons d\u2019eau douce et d\u2019eau de mer.<\/li>    <li>\u00c9levage de crevettes : homards, crevettes, gambas et autres esp\u00e8ces de crevettes.<\/li>    <li>\u00c9levage de crabes : crabes poilus, crabes de rivi\u00e8re et autres esp\u00e8ces de crabes.<\/li>    <li>\u00c9levage de vivaneaux : vivaneaux, tortues serpentines et bien d'autres reptiles.<\/li>    <li>Autres \u00e9levages d'animaux aquatiques : palourdes, hu\u00eetres, concombres de mer et bien d'autres animaux aquatiques.<\/li>    <li>\u00c9levage d'animaux de compagnie : chiens, chats, oiseaux, perroquets, etc.<\/li> <\/ul>    <h2 class=\"wp-block-heading\"><strong>Avantages de l'utilisation de la ligne de traitement des aliments pour poissons <\/strong><\/h2>   <div class=\"wp-block-image\"> <figure class=\"aligncenter size-full\"><img loading=\"lazy\" decoding=\"async\" width=\"720\" height=\"540\" src=\"https:\/\/fishfoodmachinery.com\/wp-content\/uploads\/2023\/05\/large-capacity-fish-feed-processing-line.webp\" alt=\"ligne de traitement d&#039;aliments pour poissons de grande capacit\u00e9\" class=\"wp-image-549\" title=\"\" srcset=\"https:\/\/fishfoodmachinery.com\/wp-content\/uploads\/2023\/05\/large-capacity-fish-feed-processing-line.webp 720w, https:\/\/fishfoodmachinery.com\/wp-content\/uploads\/2023\/05\/large-capacity-fish-feed-processing-line-300x225.webp 300w\" sizes=\"auto, (max-width: 720px) 100vw, 720px\" \/><figcaption class=\"wp-element-caption\">ligne de traitement d'aliments pour poissons de grande capacit\u00e9<\/figcaption><\/figure> <\/div>   <ol class=\"wp-block-list\"> <li>Les granul\u00e9s alimentaires produits par la ligne de traitement flottante d'aliments pour poissons ont une forme r\u00e9guli\u00e8re et une taille uniforme, ce qui est propice \u00e0 l'alimentation, \u00e0 la digestion et \u00e0 l'absorption des poissons.<\/li>    <li>Les granul\u00e9s alimentaires ont un bon go\u00fbt et une texture \u00e9quilibr\u00e9e, ce qui favorise l'am\u00e9lioration de l'app\u00e9tit et du taux de croissance des poissons.<\/li>    <li>Les granul\u00e9s alimentaires fabriqu\u00e9s par <a href=\"https:\/\/taizyagromachine.com\/product\/fish-feed-extruder\/\" target=\"_blank\" rel=\"noreferrer noopener\">machine flottante d'alimentation pour poissons<\/a> avoir une composition nutritionnelle \u00e9quilibr\u00e9e, qui peut r\u00e9pondre aux besoins nutritionnels des diff\u00e9rentes esp\u00e8ces et stades de croissance des poissons.<\/li>    <li>Une efficacit\u00e9 de production \u00e9lev\u00e9e peut r\u00e9aliser une production automatique, am\u00e9liorer l'efficacit\u00e9 de la production et r\u00e9duire les co\u00fbts de production.<\/li>    <li>Il peut produire des granul\u00e9s alimentaires de diff\u00e9rentes sp\u00e9cifications et formes, qui peuvent r\u00e9pondre aux besoins alimentaires de diff\u00e9rents poissons.<\/li>    <li>Les granul\u00e9s alimentaires sont solidement form\u00e9s et ont une bonne r\u00e9sistance \u00e0 l'eau, ce qui peut r\u00e9duire le gaspillage alimentaire et la pollution de l'eau.<\/li> <\/ol>    <h2 class=\"wp-block-heading\"><strong>Cas r\u00e9ussi\u00a0:\u00a0ligne de production flottante de granul\u00e9s d'aliments pour poissons de 300 \u00e0 350\u00a0kg\/h vendue en Inde<\/strong><\/h2>    <p>Un fournisseur indien a achet\u00e9 une ligne de transformation d'aliments pour poissons de 300 \u00e0 350 kg\/h pour produire des granul\u00e9s de poisson de haute qualit\u00e9 afin de r\u00e9pondre \u00e0 la demande du march\u00e9 local. <\/p>    <p>La ligne a \u00e9t\u00e9 soigneusement con\u00e7ue et fabriqu\u00e9e pour r\u00e9pondre aux exigences de production de haute intensit\u00e9 et de haute efficacit\u00e9. <\/p>    <p>Le client a hautement appr\u00e9ci\u00e9 la qualit\u00e9 et la stabilit\u00e9 de la ligne et a \u00e9galement exprim\u00e9 son intention de continuer \u00e0 coop\u00e9rer avec nous pour d\u00e9velopper ensemble le march\u00e9 local.<\/p>    <figure class=\"wp-block-gallery aligncenter has-nested-images columns-default is-cropped wp-block-gallery-4 is-layout-flex wp-block-gallery-is-layout-flex\"> <figure class=\"wp-block-image size-large\"><img loading=\"lazy\" decoding=\"async\" width=\"600\" height=\"540\" data-id=\"547\" src=\"https:\/\/fishfoodmachinery.com\/wp-content\/uploads\/2023\/05\/fish-feed-pellet-machine-for-sale.webp\" alt=\"Machine \u00e0 granul\u00e9s d&#039;aliments pour poissons \u00e0 vendre\" class=\"wp-image-547\" title=\"\" srcset=\"https:\/\/fishfoodmachinery.com\/wp-content\/uploads\/2023\/05\/fish-feed-pellet-machine-for-sale.webp 600w, https:\/\/fishfoodmachinery.com\/wp-content\/uploads\/2023\/05\/fish-feed-pellet-machine-for-sale-300x270.webp 300w\" sizes=\"auto, (max-width: 600px) 100vw, 600px\" \/><figcaption class=\"wp-element-caption\">Machine \u00e0 granul\u00e9s d'aliments pour poissons \u00e0 vendre<\/figcaption><\/figure>    <figure class=\"wp-block-image size-large\"><img loading=\"lazy\" decoding=\"async\" width=\"600\" height=\"540\" data-id=\"548\" src=\"https:\/\/fishfoodmachinery.com\/wp-content\/uploads\/2023\/05\/package-and-shipping.webp\" alt=\"colis et exp\u00e9dition\" class=\"wp-image-548\" title=\"\" srcset=\"https:\/\/fishfoodmachinery.com\/wp-content\/uploads\/2023\/05\/package-and-shipping.webp 600w, https:\/\/fishfoodmachinery.com\/wp-content\/uploads\/2023\/05\/package-and-shipping-300x270.webp 300w\" sizes=\"auto, (max-width: 600px) 100vw, 600px\" \/><figcaption class=\"wp-element-caption\">Emballage et exp\u00e9dition<\/figcaption><\/figure> <\/figure>","protected":false},"excerpt":{"rendered":"<p>La ligne de transformation d'aliments pour poissons est con\u00e7ue pour la production de gros granul\u00e9s d'aliments pour poissons avec un rendement de 180 \u00e0 600 kg par heure, \u00e0 partir de semoule de ma\u00efs, de son de riz, etc. <\/p>","protected":false},"author":1,"featured_media":518,"parent":0,"template":"","tags":[24],"product-type":[7],"class_list":["post-515","product","type-product","status-publish","has-post-thumbnail","hentry","tag-fish-feed","product-type-production-line"],"_links":{"self":[{"href":"https:\/\/fishfoodmachinery.com\/fr\/wp-json\/wp\/v2\/product\/515","targetHints":{"allow":["GET"]}}],"collection":[{"href":"https:\/\/fishfoodmachinery.com\/fr\/wp-json\/wp\/v2\/product"}],"about":[{"href":"https:\/\/fishfoodmachinery.com\/fr\/wp-json\/wp\/v2\/types\/product"}],"author":[{"embeddable":true,"href":"https:\/\/fishfoodmachinery.com\/fr\/wp-json\/wp\/v2\/users\/1"}],"wp:featuredmedia":[{"embeddable":true,"href":"https:\/\/fishfoodmachinery.com\/fr\/wp-json\/wp\/v2\/media\/518"}],"wp:attachment":[{"href":"https:\/\/fishfoodmachinery.com\/fr\/wp-json\/wp\/v2\/media?parent=515"}],"wp:term":[{"taxonomy":"post_tag","embeddable":true,"href":"https:\/\/fishfoodmachinery.com\/fr\/wp-json\/wp\/v2\/tags?post=515"},{"taxonomy":"product-type","embeddable":true,"href":"https:\/\/fishfoodmachinery.com\/fr\/wp-json\/wp\/v2\/product-type?post=515"}],"curies":[{"name":"wp","href":"https:\/\/api.w.org\/{rel}","templated":true}]}}