{"id":61,"date":"2022-09-06T06:23:56","date_gmt":"2022-09-06T06:23:56","guid":{"rendered":"https:\/\/fishfoodmachinery.com\/?post_type=product&#038;p=61"},"modified":"2025-03-14T17:53:16","modified_gmt":"2025-03-14T09:53:16","slug":"dog-food-making-machine","status":"publish","type":"product","link":"https:\/\/fishfoodmachinery.com\/fr\/product\/dog-food-making-machine\/","title":{"rendered":"Machine de fabrication d'aliments pour chiens | machine \u00e0 nourriture pour animaux de compagnie"},"content":{"rendered":"<p>Cette machine \u00e0 fabriquer des aliments pour chiens est utilis\u00e9e pour produire des aliments pour divers animaux de compagnie, tels que les chats, les chiens, les tortues, les perroquets, etc. La machine \u00e0 aliments pour animaux de compagnie a diverses capacit\u00e9s et peut \u00eatre \u00e9quip\u00e9e de la ligne de production de granul\u00e9s alimentaires correspondante. Cette machine \u00e0 aliments pour chiens peut produire divers types de nourriture pour animaux de compagnie de forme particuli\u00e8re, ce qui est tr\u00e8s attrayant pour les animaux de compagnie. De plus, l'alimentation produite est riche en valeur nutritionnelle, ce qui est b\u00e9n\u00e9fique pour la croissance des animaux. Si vous \u00eates int\u00e9ress\u00e9 par ce type de machine, bienvenue pour nous contacter!<\/p>    <figure class=\"wp-block-embed is-type-video is-provider-youtube wp-block-embed-youtube wp-embed-aspect-16-9 wp-has-aspect-ratio\"><div class=\"wp-block-embed__wrapper\"> <iframe loading=\"lazy\" title=\"Production alimentaire pour animaux de compagnie de haute qualit\u00e9 | Machine \u00e0 granules d&#039;alimentation du poisson pour la fabrication de nourriture pour chiens et chats de la Chine\" width=\"500\" height=\"281\" src=\"https:\/\/www.youtube.com\/embed\/Fl3OMKCRPe0?feature=oembed\" frameborder=\"0\" allow=\"accelerometer; autoplay; clipboard-write; encrypted-media; gyroscope; picture-in-picture; web-share\" referrerpolicy=\"strict-origin-when-cross-origin\" allowfullscreen><\/iframe> <\/div><figcaption class=\"wp-element-caption\">machine \u00e0 nourriture pour animaux de compagnie<\/figcaption><\/figure>    <h2 class=\"wp-block-heading\" id=\"h-advantages-of-the-dog-food-making-machine\"><strong>Avantages de la machine de fabrication d'aliments pour chiens<\/strong><strong><\/strong><\/h2>    <ol class=\"wp-block-list\"> <li>Une large gamme d'applications. La machine automatique de nourriture pour chiens peut produire des granul\u00e9s alimentaires pour le chien, le chat, la tortue, le perroquet, le poisson, etc.<\/li>    <li>Diff\u00e9rentes capacit\u00e9s. Cette extrudeuse d'aliments pour animaux de compagnie \u00e0 vendre a une capacit\u00e9 allant de 40 kg par heure \u00e0 350 kg par heure. Bien entendu, si vous souhaitez une plus grande capacit\u00e9, nous pouvons \u00e9galement fournir du mat\u00e9riel de fabrication d\u2019aliments pour chiens.<\/li>    <li>Formes riches de granul\u00e9s alimentaires. Le <a href=\"https:\/\/fishfoodmachinery.com\/fr\/product\/floating-fish-feed-machine\/\" target=\"_blank\" rel=\"noreferrer noopener\">extrudeuse de nourriture pour chien<\/a> propose diff\u00e9rents mod\u00e8les pour produire des formes d'aliments attrayantes et belles.<\/li>    <li>Produire des aliments adapt\u00e9s au go\u00fbt des animaux. Ce\u00a0fabricant d'aliments pour chiens\u00a0peut produire ce type d'aliment, qui correspond davantage au go\u00fbt de l'alimentation animale.<\/li> <\/ol>   <div class=\"wp-block-image\"> <figure class=\"aligncenter size-full\"><img loading=\"lazy\" decoding=\"async\" width=\"720\" height=\"540\" src=\"https:\/\/fishfoodmachinery.com\/wp-content\/uploads\/2022\/09\/feed-pellet-machine-in-stock.webp\" alt=\"machine \u00e0 granul\u00e9s d&#039;alimentation en stock\" class=\"wp-image-129\" title=\"\" srcset=\"https:\/\/fishfoodmachinery.com\/wp-content\/uploads\/2022\/09\/feed-pellet-machine-in-stock.webp 720w, https:\/\/fishfoodmachinery.com\/wp-content\/uploads\/2022\/09\/feed-pellet-machine-in-stock-300x225.webp 300w\" sizes=\"auto, (max-width: 720px) 100vw, 720px\" \/><figcaption class=\"wp-element-caption\">machine \u00e0 granul\u00e9s d'alimentation en stock<\/figcaption><\/figure> <\/div>   <h2 class=\"wp-block-heading\" id=\"h-why-produce-dog-food\"><strong>Pourquoi produire de la nourriture pour chien ?<\/strong><\/h2>    <p>Parce que la nourriture pour chiens produite par la machine de fabrication de nourriture pour chiens pr\u00e9sente de nombreux avantages.<\/p>    <ol class=\"wp-block-list\"> <li>La nourriture pour chiens contient des nutriments permettant aux chiens d'am\u00e9liorer leur immunit\u00e9, peut consid\u00e9rablement am\u00e9liorer la capacit\u00e9 du chien \u00e0 r\u00e9sister aux maladies, ne pas tomber facilement malade et prolonger la vie du chien.<\/li>    <li>La nourriture pour chiens a une faible teneur en humidit\u00e9, est facile \u00e0 conserver et n'en g\u00e2che pas facilement les avantages. Cela peut garantir la s\u00e9curit\u00e9 alimentaire des animaux de compagnie, afin d'\u00e9viter les animaux de compagnie en raison de la collecte d'aliments p\u00e9rim\u00e9s, moisis et avari\u00e9s caus\u00e9s par diverses maladies.<\/li>    <li>Une vari\u00e9t\u00e9 de sp\u00e9cifications d'emballage d'aliments pour chiens, simples \u00e0 utiliser, faciles \u00e0 transporter, peuvent se rencontrer dans diff\u00e9rents environnements et permettre \u00e0 l'animal de manger la meilleure nourriture.<\/li> <\/ol>   <div class=\"wp-block-image\"> <figure class=\"aligncenter size-full\"><img loading=\"lazy\" decoding=\"async\" width=\"720\" height=\"200\" src=\"https:\/\/fishfoodmachinery.com\/wp-content\/uploads\/2022\/09\/pet-food-products.webp\" alt=\"produits alimentaires pour animaux de compagnie\" class=\"wp-image-124\" title=\"\" srcset=\"https:\/\/fishfoodmachinery.com\/wp-content\/uploads\/2022\/09\/pet-food-products.webp 720w, https:\/\/fishfoodmachinery.com\/wp-content\/uploads\/2022\/09\/pet-food-products-300x83.webp 300w\" sizes=\"auto, (max-width: 720px) 100vw, 720px\" \/><figcaption class=\"wp-element-caption\">produits alimentaires pour animaux de compagnie<\/figcaption><\/figure> <\/div>   <h2 class=\"wp-block-heading\" id=\"h-taizy-machinery-the-top-choice-for-dog-food-making-machine\"><strong>Taizy Machinery - le meilleur choix pour la machine de fabrication d'aliments pour chiens<\/strong><strong><\/strong><\/h2>    <ul class=\"wp-block-list\"> <li>Int\u00e9gr\u00e9 \u00e0 la production et aux ventes. La soci\u00e9t\u00e9 Taizy a pour activit\u00e9 de fabrication et de commerce ensemble, ce qui est plus professionnel dans l'industrie des granul\u00e9s alimentaires.<\/li>    <li>Prix \u200b\u200bcomp\u00e9titif. Parce que nous avons notre propre usine et que nous pr\u00eatons \u00e9galement attention \u00e0 la qualit\u00e9 de la machine. La machine de fabrication de nourriture pour chats pr\u00e9sente des avantages en termes de prix. Compar\u00e9e \u00e0 d\u2019autres entreprises, la machine Taizy pour fabriquer de la nourriture pour chiens a un prix bon march\u00e9 et une bonne qualit\u00e9.<\/li>    <li>P\u00e9riode de garantie d'un an. Apr\u00e8s avoir achet\u00e9 les machines de transformation des aliments pour animaux de compagnie, vous b\u00e9n\u00e9ficierez d\u2019une p\u00e9riode de garantie d\u2019un an.<\/li>    <li>Service d'assistance. Nous fournissons \u00e9galement un service en ligne, une assistance vid\u00e9o, un manuel de la machine, etc.<\/li> <\/ul>    <h2 class=\"wp-block-heading\" id=\"h-successful-case-the-dog-food-machine-for-sale-to-angola\"><strong>Cas r\u00e9ussi\u00a0: <a href=\"https:\/\/taizyagromachine.com\/info\/dog-food-making-machine-sold-to-angola\/?swcfpc=1\" target=\"_blank\" rel=\"noreferrer noopener\">la machine \u00e0 nourriture pour chiens \u00e0 vendre en Angola<\/a><\/strong><\/h2>    <p>Le client angolais a pos\u00e9 des questions sur la machine de production d'aliments pour chiens. Parce qu'il poss\u00e8de une usine de granul\u00e9s d'aliments pour vendre divers aliments pour animaux de compagnie. Notre directeur commercial a pr\u00e9sent\u00e9 en d\u00e9tail notre machine \u00e0 granul\u00e9s d'aliments pour animaux de compagnie et a envoy\u00e9 les informations pertinentes sur la machine. Le client angolais a demand\u00e9 certains d\u00e9tails de la machine, tels que le mod\u00e8le, la puissance, etc. Apr\u00e8s avoir confirm\u00e9 tous les d\u00e9tails, nous avons sign\u00e9 l'accord.<\/p>   <div class=\"wp-block-image\"> <figure class=\"aligncenter size-full\"><img loading=\"lazy\" decoding=\"async\" width=\"720\" height=\"540\" src=\"https:\/\/fishfoodmachinery.com\/wp-content\/uploads\/2022\/09\/pet-food-machine-package.webp\" alt=\"paquet de machine \u00e0 aliments pour animaux de compagnie\" class=\"wp-image-132\" title=\"\" srcset=\"https:\/\/fishfoodmachinery.com\/wp-content\/uploads\/2022\/09\/pet-food-machine-package.webp 720w, https:\/\/fishfoodmachinery.com\/wp-content\/uploads\/2022\/09\/pet-food-machine-package-300x225.webp 300w\" sizes=\"auto, (max-width: 720px) 100vw, 720px\" \/><figcaption class=\"wp-element-caption\">paquet de machine \u00e0 aliments pour animaux de compagnie<\/figcaption><\/figure> <\/div>   <h2 class=\"wp-block-heading\" id=\"h-technical-parameters-of-commercial-dog-good-making-machine\"><strong>Param\u00e8tres techniques de la machine commerciale de fabrication de produits pour chiens<\/strong><strong><\/strong><\/h2>    <figure class=\"wp-block-table\"><table><tbody><tr><td>Mod\u00e8le<\/td><td>Capacit\u00e9<\/td><td>Alimentation principale<\/td><td>Puissance de coupe<\/td><td>Alimentation \u00e9lectrique<\/td><td>Diam\u00e8tre de la vis<\/td><td>Taille<\/td><td>Poids<\/td><\/tr><tr><td>DGP-40<\/td><td>40-50kg\/heure<\/td><td>7,5 kW<\/td><td>0,4 kW<\/td><td>0,4 kW<\/td><td>40mm<\/td><td>1260*860*1250mm<\/td><td>290 kg<\/td><\/tr><tr><td>DGP-60<\/td><td>150kg\/h<\/td><td>15 kW<\/td><td>0,4 kW<\/td><td>0,4 kW<\/td><td>60mm<\/td><td>1450*950*1430mm<\/td><td>480 kg<\/td><\/tr><tr><td>DGP-70<\/td><td>180-250kg\/h<\/td><td>18,5 kW<\/td><td>0,4 kW<\/td><td>0,4 kW<\/td><td>70mm<\/td><td>1600*1400*1450mm<\/td><td>600 kg<\/td><\/tr><tr><td>DGP-80<\/td><td>300-350 kg\/heure<\/td><td>22 kW<\/td><td>0,4 kW<\/td><td>0,4 kW<\/td><td>80mm<\/td><td>1850*1470*1500m<\/td><td>800 kg<\/td><\/tr><\/tbody><\/table><figcaption class=\"wp-element-caption\">Donn\u00e9es de la machine \u00e0 fabriquer des aliments pour chiens et chats<\/figcaption><\/figure>    <h2 class=\"wp-block-heading\"><strong>Vid\u00e9o de travail de la machine de fabrication de nourriture pour chiens<\/strong><\/h2>    <figure class=\"wp-block-embed is-type-video is-provider-youtube wp-block-embed-youtube wp-embed-aspect-16-9 wp-has-aspect-ratio\"><div class=\"wp-block-embed__wrapper\"> <iframe loading=\"lazy\" title=\"Machine de fabrication d&#039;aliments pour chiens | Machine de transformation des aliments secs pour animaux | Machine \u00e0 granul\u00e9s d&#039;alimentation pour poissons #petfood\" width=\"500\" height=\"281\" src=\"https:\/\/www.youtube.com\/embed\/mtaRugKvzg0?feature=oembed\" frameborder=\"0\" allow=\"accelerometer; autoplay; clipboard-write; encrypted-media; gyroscope; picture-in-picture; web-share\" referrerpolicy=\"strict-origin-when-cross-origin\" allowfullscreen><\/iframe> <\/div><figcaption class=\"wp-element-caption\">machine de fabrication de nourriture pour chien<\/figcaption><\/figure>","protected":false},"excerpt":{"rendered":"<p>This dog food making machine is used to produce feed for various pets, such as cats, dogs, turtles, parrots, etc. The pet food machine has various capacities and can be equipped with the corresponding feed pellet production line. This dog food machine can produce various kinds of peculiar-shaped pet food, which is very attractive for [&hellip;]<\/p>\n","protected":false},"author":1,"featured_media":126,"parent":0,"template":"","tags":[24,13,11,17],"product-type":[8],"class_list":["post-61","product","type-product","status-publish","has-post-thumbnail","hentry","tag-fish-feed","tag-fish-feed-extruder-machine","tag-floating-fish-feed-machine","tag-new-type-fish-feed-extruder-machine","product-type-fish-feed-pellet-machine"],"_links":{"self":[{"href":"https:\/\/fishfoodmachinery.com\/fr\/wp-json\/wp\/v2\/product\/61","targetHints":{"allow":["GET"]}}],"collection":[{"href":"https:\/\/fishfoodmachinery.com\/fr\/wp-json\/wp\/v2\/product"}],"about":[{"href":"https:\/\/fishfoodmachinery.com\/fr\/wp-json\/wp\/v2\/types\/product"}],"author":[{"embeddable":true,"href":"https:\/\/fishfoodmachinery.com\/fr\/wp-json\/wp\/v2\/users\/1"}],"wp:featuredmedia":[{"embeddable":true,"href":"https:\/\/fishfoodmachinery.com\/fr\/wp-json\/wp\/v2\/media\/126"}],"wp:attachment":[{"href":"https:\/\/fishfoodmachinery.com\/fr\/wp-json\/wp\/v2\/media?parent=61"}],"wp:term":[{"taxonomy":"post_tag","embeddable":true,"href":"https:\/\/fishfoodmachinery.com\/fr\/wp-json\/wp\/v2\/tags?post=61"},{"taxonomy":"product-type","embeddable":true,"href":"https:\/\/fishfoodmachinery.com\/fr\/wp-json\/wp\/v2\/product-type?post=61"}],"curies":[{"name":"wp","href":"https:\/\/api.w.org\/{rel}","templated":true}]}}