{"id":63,"date":"2022-09-06T06:27:36","date_gmt":"2022-09-06T06:27:36","guid":{"rendered":"https:\/\/fishfoodmachinery.com\/?post_type=product&#038;p=63"},"modified":"2024-06-11T16:55:30","modified_gmt":"2024-06-11T08:55:30","slug":"animal-feed-pellet-machine-for-sale","status":"publish","type":"product","link":"https:\/\/fishfoodmachinery.com\/fr\/product\/animal-feed-pellet-machine-for-sale\/","title":{"rendered":"Machine \u00e0 granul\u00e9s d'alimentation animale pour poulet, bovins, moutons, canard, lapin"},"content":{"rendered":"<p class=\"translation-block\">La <strong>machine \u00e0 granul\u00e9s d'aliments pour animaux<\/strong>, \u00e9galement appel\u00e9e presse \u00e0 granul\u00e9s \u00e0 matrice plate, presse \u00e0 granul\u00e9s d'aliments, est principalement utilis\u00e9e pour produire diverses sortes d'aliments pour animaux, tels que les bovins, les lapins, les porcs, les poulets, les moutons, etc. <\/p>    <p>La capacit\u00e9 de production varie de 120 kg par heure \u00e0 1 200 kg par heure. Ainsi, quelle que soit la taille de votre usine ou de votre parc d\u2019engraissement, notre machine \u00e0 granul\u00e9s d\u2019aliments pour b\u00e9tail r\u00e9pondra toujours \u00e0 vos besoins.<\/p>    <p>De plus, notre \u00e9quipement de granulation poss\u00e8de un certificat CE. Et ils sont souvent vendus en gros. Si ce genre de machine vous int\u00e9resse, contactez-nous !<\/p>    <figure class=\"wp-block-embed is-type-video is-provider-youtube wp-block-embed-youtube wp-embed-aspect-16-9 wp-has-aspect-ratio\"><div class=\"wp-block-embed__wrapper\"> <iframe loading=\"lazy\" title=\"Moulin \u00e0 granul\u00e9s d&#039;alimentation de vente chaude pour l&#039;alimentation des volailles, l&#039;alimentation du b\u00e9tail, l&#039;alimentation des lapins\u00a0: machine de fabrication d&#039;aliments pour animaux\" width=\"500\" height=\"281\" src=\"https:\/\/www.youtube.com\/embed\/9AQQHeaSnsM?feature=oembed\" frameborder=\"0\" allow=\"accelerometer; autoplay; clipboard-write; encrypted-media; gyroscope; picture-in-picture; web-share\" referrerpolicy=\"strict-origin-when-cross-origin\" allowfullscreen><\/iframe> <\/div><figcaption class=\"wp-element-caption\">vid\u00e9o de travail de la machine de granulation d'aliments pour animaux<\/figcaption><\/figure>    <h2 class=\"wp-block-heading\" id=\"h-applications-of-the-animal-feed-pellets-making-machine\"><strong>Applications de la machine de fabrication de granul\u00e9s d'aliments pour animaux<\/strong><strong><\/strong><\/h2>    <p class=\"translation-block\">La machine \u00e0 granul\u00e9s pour animaux a un large \u00e9ventail d'applications, granul\u00e9s d'aliments pour animaux. Les d\u00e9tails sont list\u00e9s ci-dessous :<\/p>   <div class=\"wp-block-image\"> <figure class=\"aligncenter size-full\"><img loading=\"lazy\" decoding=\"async\" width=\"750\" height=\"710\" src=\"https:\/\/fishfoodmachinery.com\/wp-content\/uploads\/2022\/09\/cattle-poultry-feed-pellets-making.webp\" alt=\"fabrication de granul\u00e9s d&#039;aliments pour bovins et volailles\" class=\"wp-image-135\" title=\"\" srcset=\"https:\/\/fishfoodmachinery.com\/wp-content\/uploads\/2022\/09\/cattle-poultry-feed-pellets-making.webp 750w, https:\/\/fishfoodmachinery.com\/wp-content\/uploads\/2022\/09\/cattle-poultry-feed-pellets-making-300x284.webp 300w\" sizes=\"auto, (max-width: 750px) 100vw, 750px\" \/><figcaption class=\"wp-element-caption\">fabrication de granul\u00e9s d'aliments pour bovins et volailles<\/figcaption><\/figure> <\/div>   <h2 class=\"wp-block-heading\" id=\"h-commercial-animal-feed-pellet-machine-for-sale\"><strong>Machine commerciale \u00e0 granul\u00e9s d'aliments pour animaux \u00e0 vendre<\/strong><strong><\/strong><\/h2>    <h3 class=\"wp-block-heading\" id=\"h-1st-type-electric-chicken-feed-pellet-machine\"><strong>1er type : machine \u00e9lectrique \u00e0 granul\u00e9s pour aliments pour poulets<\/strong><\/h3>    <figure class=\"wp-block-gallery aligncenter has-nested-images columns-default is-cropped wp-block-gallery-2 is-layout-flex wp-block-gallery-is-layout-flex\"> <figure class=\"wp-block-image size-large\"><img loading=\"lazy\" decoding=\"async\" width=\"720\" height=\"540\" data-id=\"137\" src=\"https:\/\/fishfoodmachinery.com\/wp-content\/uploads\/2022\/09\/electric-motor-chicken-feed-pellet-machine.webp\" alt=\"Machine \u00e0 granul\u00e9s d&#039;alimentation pour poulet \u00e0 moteur \u00e9lectrique\" class=\"wp-image-137\" title=\"\" srcset=\"https:\/\/fishfoodmachinery.com\/wp-content\/uploads\/2022\/09\/electric-motor-chicken-feed-pellet-machine.webp 720w, https:\/\/fishfoodmachinery.com\/wp-content\/uploads\/2022\/09\/electric-motor-chicken-feed-pellet-machine-300x225.webp 300w\" sizes=\"auto, (max-width: 720px) 100vw, 720px\" \/><figcaption class=\"wp-element-caption\">Machine \u00e0 granul\u00e9s d'alimentation de poulet \u00e0 moteur \u00e9lectrique<\/figcaption><\/figure>    <figure class=\"wp-block-image size-large\"><img loading=\"lazy\" decoding=\"async\" width=\"2560\" height=\"1920\" data-id=\"138\" src=\"https:\/\/fishfoodmachinery.com\/wp-content\/uploads\/2022\/09\/integrated-electric-poultry-feed-pellet-machine.webp\" alt=\"machine \u00e9lectrique int\u00e9gr\u00e9e de granul\u00e9s d&#039;alimentation de volaille\" class=\"wp-image-138\" title=\"\" srcset=\"https:\/\/fishfoodmachinery.com\/wp-content\/uploads\/2022\/09\/integrated-electric-poultry-feed-pellet-machine.webp 2560w, https:\/\/fishfoodmachinery.com\/wp-content\/uploads\/2022\/09\/integrated-electric-poultry-feed-pellet-machine-300x225.webp 300w, https:\/\/fishfoodmachinery.com\/wp-content\/uploads\/2022\/09\/integrated-electric-poultry-feed-pellet-machine-1024x768.webp 1024w, https:\/\/fishfoodmachinery.com\/wp-content\/uploads\/2022\/09\/integrated-electric-poultry-feed-pellet-machine-768x576.webp 768w, https:\/\/fishfoodmachinery.com\/wp-content\/uploads\/2022\/09\/integrated-electric-poultry-feed-pellet-machine-1536x1152.webp 1536w, https:\/\/fishfoodmachinery.com\/wp-content\/uploads\/2022\/09\/integrated-electric-poultry-feed-pellet-machine-2048x1536.webp 2048w\" sizes=\"auto, (max-width: 2560px) 100vw, 2560px\" \/><figcaption class=\"wp-element-caption\">Machine \u00e9lectrique int\u00e9gr\u00e9e de granule d'alimentation de volaille<\/figcaption><\/figure> <\/figure>    <h3 class=\"wp-block-heading\" id=\"h-2nd-type-diesel-engine-rabbit-pellet-making-machine\"><strong>2\u00e8me type\u00a0: machine de fabrication de granul\u00e9s de lapin \u00e0 moteur diesel<\/strong><\/h3>   <div class=\"wp-block-image\"> <figure class=\"aligncenter size-full\"><img loading=\"lazy\" decoding=\"async\" width=\"720\" height=\"540\" src=\"https:\/\/fishfoodmachinery.com\/wp-content\/uploads\/2022\/09\/diesel-engine-feed-pellet-mill.webp\" alt=\"broyeur \u00e0 granul\u00e9s pour moteur diesel\" class=\"wp-image-140\" title=\"\" srcset=\"https:\/\/fishfoodmachinery.com\/wp-content\/uploads\/2022\/09\/diesel-engine-feed-pellet-mill.webp 720w, https:\/\/fishfoodmachinery.com\/wp-content\/uploads\/2022\/09\/diesel-engine-feed-pellet-mill-300x225.webp 300w\" sizes=\"auto, (max-width: 720px) 100vw, 720px\" \/><figcaption class=\"wp-element-caption\">broyeur \u00e0 granul\u00e9s pour moteur diesel<\/figcaption><\/figure> <\/div>   <h3 class=\"wp-block-heading\" id=\"h-3rd-type-gasoline-rabbit-pellet-making-machine\"><strong>3\u00e8me type\u00a0: machine de fabrication de granul\u00e9s de lapin \u00e0 essence<\/strong><\/h3>    <figure class=\"wp-block-gallery aligncenter has-nested-images columns-default is-cropped wp-block-gallery-3 is-layout-flex wp-block-gallery-is-layout-flex\"> <figure class=\"wp-block-image size-large\"><img loading=\"lazy\" decoding=\"async\" width=\"720\" height=\"540\" data-id=\"141\" src=\"https:\/\/fishfoodmachinery.com\/wp-content\/uploads\/2022\/09\/gasoline-engine-feed-pellet-mill.webp\" alt=\"broyeur \u00e0 granul\u00e9s pour moteur \u00e0 essence\" class=\"wp-image-141\" title=\"\" srcset=\"https:\/\/fishfoodmachinery.com\/wp-content\/uploads\/2022\/09\/gasoline-engine-feed-pellet-mill.webp 720w, https:\/\/fishfoodmachinery.com\/wp-content\/uploads\/2022\/09\/gasoline-engine-feed-pellet-mill-300x225.webp 300w\" sizes=\"auto, (max-width: 720px) 100vw, 720px\" \/><figcaption class=\"wp-element-caption\">Moulin \u00e0 granul\u00e9s d'alimentation pour moteur \u00e0 essence<\/figcaption><\/figure>    <figure class=\"wp-block-image size-large\"><img loading=\"lazy\" decoding=\"async\" width=\"720\" height=\"540\" data-id=\"142\" src=\"https:\/\/fishfoodmachinery.com\/wp-content\/uploads\/2022\/09\/gasoline-engine-flat-die-pellet-mill.webp\" alt=\"broyeur \u00e0 granul\u00e9s \u00e0 matrice plate pour moteur \u00e0 essence\" class=\"wp-image-142\" title=\"\" srcset=\"https:\/\/fishfoodmachinery.com\/wp-content\/uploads\/2022\/09\/gasoline-engine-flat-die-pellet-mill.webp 720w, https:\/\/fishfoodmachinery.com\/wp-content\/uploads\/2022\/09\/gasoline-engine-flat-die-pellet-mill-300x225.webp 300w\" sizes=\"auto, (max-width: 720px) 100vw, 720px\" \/><figcaption class=\"wp-element-caption\">Moulin \u00e0 granul\u00e9s \u00e0 matrice plate pour moteur \u00e0 essence<\/figcaption><\/figure> <\/figure>    <h3 class=\"wp-block-heading\" id=\"h-4th-type-pto-driven-goat-feed-pellet-making-machine\"><strong>4\u00e8me type\u00a0: Machine de fabrication de granul\u00e9s d'aliments pour ch\u00e8vres entra\u00een\u00e9e par prise de force<\/strong><\/h3>   <div class=\"wp-block-image\"> <figure class=\"aligncenter size-full\"><img loading=\"lazy\" decoding=\"async\" width=\"720\" height=\"540\" src=\"https:\/\/fishfoodmachinery.com\/wp-content\/uploads\/2022\/09\/PTO-driven-feed-pellet-making-machine.webp\" alt=\"Machine de fabrication de granul\u00e9s alimentaires entra\u00een\u00e9e par prise de force\" class=\"wp-image-145\" title=\"\" srcset=\"https:\/\/fishfoodmachinery.com\/wp-content\/uploads\/2022\/09\/PTO-driven-feed-pellet-making-machine.webp 720w, https:\/\/fishfoodmachinery.com\/wp-content\/uploads\/2022\/09\/PTO-driven-feed-pellet-making-machine-300x225.webp 300w\" sizes=\"auto, (max-width: 720px) 100vw, 720px\" \/><figcaption class=\"wp-element-caption\">Machine de fabrication de granul\u00e9s alimentaires entra\u00een\u00e9e par prise de force<\/figcaption><\/figure> <\/div>   <h2 class=\"wp-block-heading\" id=\"h-spotlights-of-the-cattle-feed-pellet-machine\"><strong>Points forts de la machine \u00e0 granul\u00e9s d'aliments pour b\u00e9tail<\/strong><strong><\/strong><\/h2>    <ol class=\"wp-block-list\" style=\"list-style-type:1\"> <li>Le broyeur \u00e0 granul\u00e9s pour aliments pour poulets a une op\u00e9ration l\u00e9g\u00e8re, facile et une structure simple.<\/li>    <li>Cette machine \u00e0 granul\u00e9s d'aliments pour animaux peut produire des aliments pour bovins, des aliments pour ch\u00e8vres, des aliments pour lapins, des aliments pour porcs, des aliments pour lapins, etc.<\/li>    <li>La capacit\u00e9 varie de 120 kg \u00e0 1 200 kg. Si vous souhaitez la ligne de production, nous disposons \u00e9galement d\u2019une usine de granul\u00e9s d\u2019aliments pour b\u00e9tail.<\/li> <\/ol>    <h2 class=\"wp-block-heading\" id=\"h-technical-parameters-of-the-animal-feed-pellet-machine\"><strong>Param\u00e8tres techniques de la machine \u00e0 granul\u00e9s d'aliments pour animaux<\/strong><strong><\/strong><\/h2>    <figure class=\"wp-block-table\"><table><tbody><tr><td>Mod\u00e8le&nbsp;<\/td><td>Capacit\u00e9<\/td><td>Pouvoir<\/td><td>Diam\u00e8tre de la plaque de moule<\/td><td>Taille<\/td><td>Poids<\/td><\/tr><tr><td>KL-120<\/td><td>120kg\/heure<\/td><td>3 kW<\/td><td>120mm<\/td><td>750*320*610mm<\/td><td>100 kg<\/td><\/tr><tr><td>KL-150<\/td><td>150kg\/h<\/td><td>3 kW<\/td><td>150mm<\/td><td>750*350*650mm<\/td><td>190 kg<\/td><\/tr><tr><td>KL-210<\/td><td>400kg\/h<\/td><td>7,5 kW<\/td><td>210mm<\/td><td>1000*450*960mm<\/td><td>230 kg<\/td><\/tr><tr><td>KBL-260<\/td><td>800kg\/heure<\/td><td>15 kW<\/td><td>260mm<\/td><td>1460*460*1150mm<\/td><td>360 kg<\/td><\/tr><tr><td>KBL-300<\/td><td>1000-1200kg\/heure<\/td><td>22 kW<\/td><td>300 mm<\/td><td>1360*570*1150mm<\/td><td>450 kg<\/td><\/tr><\/tbody><\/table><figcaption class=\"wp-element-caption\">param\u00e8tres du granulateur d'alimentation<\/figcaption><\/figure>    <h2 class=\"wp-block-heading\" id=\"h-consumable-parts-of-the-poultry-animal-feed-pellet-machine\"><strong>Pi\u00e8ces consommables de la machine \u00e0 granul\u00e9s d'aliments pour volailles<\/strong><\/h2>    <p class=\"translation-block\"><strong>Rouleau presseur et plaque de matrice<\/strong><\/p>    <p>Ce qui pr\u00e9c\u00e8de concerne les mat\u00e9riaux consommables. Ainsi, lorsque vous utilisez le moulin \u00e0 granul\u00e9s pour lapins, faites attention \u00e0 cette partie.<\/p>   <div class=\"wp-block-image\"> <figure class=\"aligncenter size-full\"><img loading=\"lazy\" decoding=\"async\" width=\"720\" height=\"500\" src=\"https:\/\/fishfoodmachinery.com\/wp-content\/uploads\/2022\/09\/press-roller-and-mould-plate.webp\" alt=\"rouleau presseur et plaque de moule\" class=\"wp-image-147\" title=\"\" srcset=\"https:\/\/fishfoodmachinery.com\/wp-content\/uploads\/2022\/09\/press-roller-and-mould-plate.webp 720w, https:\/\/fishfoodmachinery.com\/wp-content\/uploads\/2022\/09\/press-roller-and-mould-plate-300x208.webp 300w\" sizes=\"auto, (max-width: 720px) 100vw, 720px\" \/><figcaption class=\"wp-element-caption\">rouleau presseur et plaque de moule<\/figcaption><\/figure> <\/div>   <h2 class=\"wp-block-heading\" id=\"h-start-a-mini-production-line-for-feed-pellets\"><strong>D\u00e9marrer une mini ligne de production de granul\u00e9s alimentaires<\/strong><strong><\/strong><\/h2>    <p>En fait, si vous disposez d\u2019un budget suffisant, vous pouvez envisager d\u2019acheter une simple ligne de production de granul\u00e9s d\u2019aliments pour animaux.<\/p>    <p>Coupe-paille\/broyeur d'herbe\/coupe-paille et broyeur de grains \u2192 m\u00e9langeur \u2192 tr\u00e9mie \u2192 machine \u00e0 granul\u00e9s d'alimentation animale<\/p>    <p>Un simple\u00a0: broyeur \u00e0 grains combin\u00e9 coupe-paille \u2192 broyeur \u00e0 granul\u00e9s pour aliments pour animaux<\/p>    <p>\u00a0\u00a0\u00a0\u00a0\u00a0\u00a0\u00a0\u00a0\u00a0\u00a0 9FQ \u2192 machine de fabrication d'aliments pour ch\u00e8vres<\/p>    <h2 class=\"wp-block-heading\" id=\"h-successful-case-the-animal-food-pellet-machine-shipping-to-nigeria\"><strong>Cas r\u00e9ussi\u00a0: la machine \u00e0 granul\u00e9s d'aliments pour animaux exp\u00e9di\u00e9e au Nigeria<\/strong><\/h2>    <p class=\"translation-block\">Le client nig\u00e9rian recherchait d'abord la <a href=\"https:\/\/fishfoodmachinery.com\/fr\/product\/floating-fish-feed-machine\/\" target=\"_blank\" rel=\"noreferrer noopener\">machine \u00e0 aliments flottants pour poissons<\/a> pour produire des aliments pour poulets. Au cours de la communication, notre directeur des ventes a appris que son budget \u00e9tait insuffisant. Ainsi, le directeur des ventes a recommand\u00e9 la machine de fabrication de granul\u00e9s d'aliments pour animaux. <\/p>    <p>Cette machine de fabrication de granul\u00e9s de poulet a un prix avantageux et la m\u00eame fonction. Gr\u00e2ce aux discussions, le client nig\u00e9rian connaissait la machine et a pr\u00e9f\u00e9r\u00e9 cette usine de granul\u00e9s alimentaires. Finalement, il a command\u00e9 5 sets et a exig\u00e9 qu'ils soient livr\u00e9s au Nigeria.<\/p>   <div class=\"wp-block-image\"> <figure class=\"aligncenter size-full\"><img loading=\"lazy\" decoding=\"async\" width=\"750\" height=\"562\" src=\"https:\/\/fishfoodmachinery.com\/wp-content\/uploads\/2022\/09\/feed-pellet-making-machine-in-stock.webp\" alt=\"machine de fabrication de granul\u00e9s alimentaires en stock\" class=\"wp-image-146\" title=\"\" srcset=\"https:\/\/fishfoodmachinery.com\/wp-content\/uploads\/2022\/09\/feed-pellet-making-machine-in-stock.webp 750w, https:\/\/fishfoodmachinery.com\/wp-content\/uploads\/2022\/09\/feed-pellet-making-machine-in-stock-300x225.webp 300w\" sizes=\"auto, (max-width: 750px) 100vw, 750px\" \/><figcaption class=\"wp-element-caption\">machine de fabrication de granul\u00e9s alimentaires en stock<\/figcaption><\/figure> <\/div>   <h2 class=\"wp-block-heading\"><strong>Contactez-nous pour plus de d\u00e9tails sur la machine\u00a0!<\/strong><\/h2>    <p class=\"translation-block\">Vous souhaitez une presse \u00e0 granul\u00e9s rentable pour la production d'<a href=\"https:\/\/en.wikipedia.org\/wiki\/Animal_feed\" target=\"_blank\" rel=\"noopener\">aliments pour animaux<\/a> ? Si oui, contactez-nous et nous vous fournirons la solution optimale.<\/p>","protected":false},"excerpt":{"rendered":"<p>La machine \u00e0 granul\u00e9s d'aliments pour animaux est principalement utilis\u00e9e pour produire divers types d'aliments pour animaux, tels que les bovins, les lapins, les porcs, les poulets et les moutons, avec une capacit\u00e9 de 120 \u00e0 1 200 kg\/h.<\/p>","protected":false},"author":1,"featured_media":134,"parent":0,"template":"","tags":[53],"product-type":[9],"class_list":["post-63","product","type-product","status-publish","has-post-thumbnail","hentry","tag-animal-feed","product-type-animal-feed-pellet-machine"],"_links":{"self":[{"href":"https:\/\/fishfoodmachinery.com\/fr\/wp-json\/wp\/v2\/product\/63","targetHints":{"allow":["GET"]}}],"collection":[{"href":"https:\/\/fishfoodmachinery.com\/fr\/wp-json\/wp\/v2\/product"}],"about":[{"href":"https:\/\/fishfoodmachinery.com\/fr\/wp-json\/wp\/v2\/types\/product"}],"author":[{"embeddable":true,"href":"https:\/\/fishfoodmachinery.com\/fr\/wp-json\/wp\/v2\/users\/1"}],"wp:featuredmedia":[{"embeddable":true,"href":"https:\/\/fishfoodmachinery.com\/fr\/wp-json\/wp\/v2\/media\/134"}],"wp:attachment":[{"href":"https:\/\/fishfoodmachinery.com\/fr\/wp-json\/wp\/v2\/media?parent=63"}],"wp:term":[{"taxonomy":"post_tag","embeddable":true,"href":"https:\/\/fishfoodmachinery.com\/fr\/wp-json\/wp\/v2\/tags?post=63"},{"taxonomy":"product-type","embeddable":true,"href":"https:\/\/fishfoodmachinery.com\/fr\/wp-json\/wp\/v2\/product-type?post=63"}],"curies":[{"name":"wp","href":"https:\/\/api.w.org\/{rel}","templated":true}]}}