{"id":67,"date":"2022-09-06T06:31:46","date_gmt":"2022-09-06T06:31:46","guid":{"rendered":"https:\/\/fishfoodmachinery.com\/?post_type=product&#038;p=67"},"modified":"2024-12-23T11:19:31","modified_gmt":"2024-12-23T03:19:31","slug":"new-type-fish-pellet-making-machine","status":"publish","type":"product","link":"https:\/\/fishfoodmachinery.com\/fr\/product\/new-type-fish-pellet-making-machine\/","title":{"rendered":"Machine de fabrication de granul\u00e9s de poisson, nouveau type"},"content":{"rendered":"<p class=\"translation-block\">This fish pellet making machine is newly designed on the basis of the previous<a href=\"https:\/\/fishfoodmachinery.com\/fr\/product\/floating-fish-feed-machine\/\" target=\"_blank\" rel=\"noreferrer noopener\"> floating fish food making machine<\/a>. This fish pellet mill has an integrated structure, more convenient and easy to use. It has the same function: produce various feed pellets. The fish food processing machine is manufactured under the strict quality control system, so, the machine quality is good. Besides, Taizy floating fish food machine is exported to Peru, Angola, Niger, Ghana, etc. If you are interested, get in touch with us immediately for more information!<\/p>    <h2 class=\"wp-block-heading\" id=\"h-structure-of-the-floating-fish-pellet-making-machine\"><strong>Structure de la machine de fabrication de granul\u00e9s de poisson flottants<\/strong><\/h2>    <p class=\"translation-block\">En r\u00e9alit\u00e9, la composition de la <a href=\"https:\/\/taizyagromachine.com\/product\/fish-feed-extruder\/\" target=\"_blank\" rel=\"noreferrer noopener\">machine \u00e0 nourriture pour poisson en vente<\/a> est tr\u00e8s facile \u00e0 comprendre. Le dispositif de contr\u00f4le de la machine est en \u00e9tat ferm\u00e9. Contr\u00f4ler la machine ne n\u00e9cessite que d\u2019utiliser le panneau de commande externe. Selon le processus de production, la machine est grossi\u00e8rement : entr\u00e9e, chauffage, couteau de coupe et sortie.<\/p>   <div class=\"wp-block-image\"> <figure class=\"aligncenter size-full\"><img loading=\"lazy\" decoding=\"async\" width=\"720\" height=\"540\" src=\"https:\/\/fishfoodmachinery.com\/wp-content\/uploads\/2022\/09\/floating-fish-feed-pellet-machine-structure.webp\" alt=\"structure de machine \u00e0 granul\u00e9s d&#039;aliments pour poissons flottants\" class=\"wp-image-153\" title=\"\" srcset=\"https:\/\/fishfoodmachinery.com\/wp-content\/uploads\/2022\/09\/floating-fish-feed-pellet-machine-structure.webp 720w, https:\/\/fishfoodmachinery.com\/wp-content\/uploads\/2022\/09\/floating-fish-feed-pellet-machine-structure-300x225.webp 300w\" sizes=\"auto, (max-width: 720px) 100vw, 720px\" \/><figcaption class=\"wp-element-caption\">structure de machine \u00e0 granul\u00e9s d'aliments pour poissons flottants<\/figcaption><\/figure> <\/div>   <h2 class=\"wp-block-heading\" id=\"h-advantages-of-the-fish-feed-pellet-making-machine\"><strong>Avantages de la machine de fabrication de granul\u00e9s d'aliments pour poissons<\/strong><strong><\/strong><\/h2>    <ul class=\"wp-block-list\" type=\"1\"> <li>Structure simple, grande adaptabilit\u00e9.<\/li>    <li>Moins d'espace au sol et peu de bruit.<\/li>    <li>L\u2019alimentation en pellets est plus propice au stockage.<\/li>    <li>Nourrir les animaux peut obtenir des avantages \u00e9conomiques plus \u00e9lev\u00e9s.<\/li>    <li>Les granul\u00e9s alimentaires produits ont une surface lisse et une maturation interne, ce qui peut am\u00e9liorer la digestion et l'absorption des nutriments.<\/li>    <li>Le\u00a0processus de formation de granul\u00e9s de la machine de fabrication de granul\u00e9s de poisson peut r\u00e9duire diverses maladies du syst\u00e8me digestif des insectes.<\/li> <\/ul>    <h2 class=\"wp-block-heading\" id=\"h-what-are-the-spotlights-of-the-new-type-fish-feed-pelleting-machine\"><strong>Quels sont les points forts de la nouvelle machine de granulation d'aliments pour poissons ?<\/strong><\/h2>    <ul class=\"wp-block-list\" type=\"1\"> <li>Structure de machine int\u00e9gr\u00e9e, faible bruit.<\/li>    <li>Op\u00e9ration facile, fonctionne uniquement sur le panneau de commande.<\/li>    <li>Utilisation plus pratique de la machine.<\/li>    <li>Simple \u00e0 remplacer les moules.<\/li>    <li>Technologie avanc\u00e9e, produisant un aliment plus attrayant et plus savoureux.<\/li> <\/ul>   <div class=\"wp-block-image\"> <figure class=\"aligncenter size-full\"><img loading=\"lazy\" decoding=\"async\" width=\"720\" height=\"540\" src=\"https:\/\/fishfoodmachinery.com\/wp-content\/uploads\/2022\/09\/newly-designed-fish-pellet-machine.webp\" alt=\"machine \u00e0 granul\u00e9s de poisson de conception nouvelle\" class=\"wp-image-155\" title=\"\" srcset=\"https:\/\/fishfoodmachinery.com\/wp-content\/uploads\/2022\/09\/newly-designed-fish-pellet-machine.webp 720w, https:\/\/fishfoodmachinery.com\/wp-content\/uploads\/2022\/09\/newly-designed-fish-pellet-machine-300x225.webp 300w\" sizes=\"auto, (max-width: 720px) 100vw, 720px\" \/><figcaption class=\"wp-element-caption\">machine \u00e0 granul\u00e9s de poisson de conception nouvelle<\/figcaption><\/figure> <\/div>   <h2 class=\"wp-block-heading\" id=\"h-successful-case-floating-fish-feed-pellet-machine-delivered-to-cote-d-ivoire\"><strong>Cas de r\u00e9ussite : une machine flottante \u00e0 granul\u00e9s d\u2019aliments pour poissons livr\u00e9e en C\u00f4te d\u2019Ivoire<\/strong><\/h2>    <p>Ce client est un client r\u00e9gulier. Cette fois, c'\u00e9tait un nouvel achat. Nous lui avons donc recommand\u00e9 notre nouveau moulin \u00e0 granul\u00e9s pour aliments pour poissons. Nous avons \u00e9galement pr\u00e9sent\u00e9 les caract\u00e9ristiques avantageuses de cette nouvelle machine de fabrication de granul\u00e9s de poisson. Gr\u00e2ce \u00e0 une coop\u00e9ration de longue date, la confiance s'est \u00e9tablie et le client a donc pass\u00e9 une commande. Apr\u00e8s avoir re\u00e7u la machine et l'avoir utilis\u00e9e pendant un certain temps, il a d\u00e9clar\u00e9 que les retours des clients \u00e9taient particuli\u00e8rement bons et qu'il s'agissait d'une machine tr\u00e8s pratique.<\/p>   <div class=\"wp-block-image\"> <figure class=\"aligncenter size-full\"><img loading=\"lazy\" decoding=\"async\" width=\"720\" height=\"540\" src=\"https:\/\/fishfoodmachinery.com\/wp-content\/uploads\/2022\/09\/new-type-floating-fish-food-machine-in-stock.webp\" alt=\"Nouveau type de machine flottante pour la nourriture pour poisson en stock\" class=\"wp-image-156\" title=\"\" srcset=\"https:\/\/fishfoodmachinery.com\/wp-content\/uploads\/2022\/09\/new-type-floating-fish-food-machine-in-stock.webp 720w, https:\/\/fishfoodmachinery.com\/wp-content\/uploads\/2022\/09\/new-type-floating-fish-food-machine-in-stock-300x225.webp 300w\" sizes=\"auto, (max-width: 720px) 100vw, 720px\" \/><figcaption class=\"wp-element-caption\">Nouveau type de machine flottante pour la nourriture pour poisson en stock<\/figcaption><\/figure> <\/div>   <h2 class=\"wp-block-heading\" id=\"h-technical-parameters-of-the-commercial-fish-pellet-making-machine\"><strong>Param\u00e8tres techniques de la machine commerciale de fabrication de granul\u00e9s de poisson<\/strong><strong><\/strong><\/h2>    <figure class=\"wp-block-table\"><table><tbody><tr><td>Mod\u00e8le<\/td><td>Capacit\u00e9<\/td><td>Alimentation principale<\/td><td>Puissance de coupe<\/td><td>Alimentation \u00e9lectrique<\/td><td>Diam\u00e8tre de la vis<\/td><td>Taille<\/td><td>Poids<\/td><\/tr><tr><td>DGP-40<\/td><td>40-50kg\/heure<\/td><td>7,5 kW<\/td><td>0,4 kW<\/td><td>0,4 kW<\/td><td>40mm<\/td><td>1260*860*1250mm<\/td><td>290 kg<\/td><\/tr><tr><td>DGP-60<\/td><td>150kg\/h<\/td><td>15 kW<\/td><td>0,4 kW<\/td><td>0,4 kW<\/td><td>60mm<\/td><td>1450*950*1430mm<\/td><td>480 kg<\/td><\/tr><tr><td>DGP-70<\/td><td>180-250kg\/h<\/td><td>18,5 kW<\/td><td>0,4 kW<\/td><td>0,4 kW<\/td><td>70mm<\/td><td>1600*1400*1450mm<\/td><td>600 kg<\/td><\/tr><tr><td>DGP-80<\/td><td>300-350 kg\/heure<\/td><td>22 kW<\/td><td>0,4 kW<\/td><td>0,4 kW<\/td><td>80mm<\/td><td>1850*1470*1500m<\/td><td>800 kg<\/td><\/tr><\/tbody><\/table><\/figure>","protected":false},"excerpt":{"rendered":"<p>This fish pellet making machine is newly designed on the basis of the previous floating fish food making machine. This fish pellet mill has an integrated structure, more convenient and easy to use. It has the same function: produce various feed pellets. The fish food processing machine is manufactured under the strict quality control system, [&hellip;]<\/p>\n","protected":false},"author":1,"featured_media":150,"parent":0,"template":"","tags":[24,20,10,19],"product-type":[8],"class_list":["post-67","product","type-product","status-publish","has-post-thumbnail","hentry","tag-fish-feed","tag-fish-feed-pellet-machine","tag-floating-fish-feed-production-line","tag-pet-food-making-machine","product-type-fish-feed-pellet-machine"],"_links":{"self":[{"href":"https:\/\/fishfoodmachinery.com\/fr\/wp-json\/wp\/v2\/product\/67","targetHints":{"allow":["GET"]}}],"collection":[{"href":"https:\/\/fishfoodmachinery.com\/fr\/wp-json\/wp\/v2\/product"}],"about":[{"href":"https:\/\/fishfoodmachinery.com\/fr\/wp-json\/wp\/v2\/types\/product"}],"author":[{"embeddable":true,"href":"https:\/\/fishfoodmachinery.com\/fr\/wp-json\/wp\/v2\/users\/1"}],"wp:featuredmedia":[{"embeddable":true,"href":"https:\/\/fishfoodmachinery.com\/fr\/wp-json\/wp\/v2\/media\/150"}],"wp:attachment":[{"href":"https:\/\/fishfoodmachinery.com\/fr\/wp-json\/wp\/v2\/media?parent=67"}],"wp:term":[{"taxonomy":"post_tag","embeddable":true,"href":"https:\/\/fishfoodmachinery.com\/fr\/wp-json\/wp\/v2\/tags?post=67"},{"taxonomy":"product-type","embeddable":true,"href":"https:\/\/fishfoodmachinery.com\/fr\/wp-json\/wp\/v2\/product-type?post=67"}],"curies":[{"name":"wp","href":"https:\/\/api.w.org\/{rel}","templated":true}]}}