{"id":70,"date":"2022-09-06T06:34:15","date_gmt":"2022-09-06T06:34:15","guid":{"rendered":"https:\/\/fishfoodmachinery.com\/?post_type=product&#038;p=70"},"modified":"2024-12-23T11:19:50","modified_gmt":"2024-12-23T03:19:50","slug":"dry-type-fish-feed-extruder-machine","status":"publish","type":"product","link":"https:\/\/fishfoodmachinery.com\/fr\/product\/dry-type-fish-feed-extruder-machine\/","title":{"rendered":"Extrudeuse d'aliments pour poissons de type sec"},"content":{"rendered":"<p class=\"translation-block\">Cette machine extrudeuse d\u2019aliments pour poissons est utilis\u00e9e pour la production de pellets d\u2019aliments pour poissons par la m\u00e9thode s\u00e8che. Elle est principalement s\u00e9par\u00e9e de la zone de production de pellets d\u2019aliments pour poissons humide. Cette m\u00e9thode s\u00e8che de la <a href=\"https:\/\/taizyagromachine.com\/product\/fish-feed-extruder\/?swcfpc=1\" target=\"_blank\" rel=\"noreferrer noopener\">machine de cuisson des aliments pour poissons<\/a> \u00e9crase directement les mati\u00e8res premi\u00e8res et les m\u00e9lange, directement extrud\u00e9es en pellets, tr\u00e8s pratique et efficace. Si vous \u00eates int\u00e9ress\u00e9 par ce type de machine, contactez-nous !<\/p>    <h2 class=\"wp-block-heading\" id=\"h-why-use-dry-puffing-instead-of-wet-puffing\"><strong>Pourquoi utiliser le soufflage \u00e0 sec plut\u00f4t que le soufflage humide\u00a0?<\/strong><strong><\/strong><\/h2>    <ul class=\"wp-block-list\" type=\"1\"> <li>Am\u00e9liorer le taux d'utilisation digestive de la mati\u00e8re. Le mat\u00e9riau est directement fabriqu\u00e9 et le taux d'utilisation est augment\u00e9.<\/li>    <li>R\u00e9duisez la teneur bact\u00e9rienne du mat\u00e9riau. Parce qu'il s'agit d'une temp\u00e9rature \u00e9lev\u00e9e instantan\u00e9e, elle peut r\u00e9duire les bact\u00e9ries dans une certaine mesure.<\/li> <\/ul>   <div class=\"wp-block-image\"> <figure class=\"aligncenter size-full\"><img loading=\"lazy\" decoding=\"async\" width=\"720\" height=\"720\" src=\"https:\/\/fishfoodmachinery.com\/wp-content\/uploads\/2022\/09\/fish-feed-pellet-machine.webp\" alt=\"machine \u00e0 granul\u00e9s d&#039;aliments pour poissons\" class=\"wp-image-113\" title=\"\" srcset=\"https:\/\/fishfoodmachinery.com\/wp-content\/uploads\/2022\/09\/fish-feed-pellet-machine.webp 720w, https:\/\/fishfoodmachinery.com\/wp-content\/uploads\/2022\/09\/fish-feed-pellet-machine-300x300.webp 300w, https:\/\/fishfoodmachinery.com\/wp-content\/uploads\/2022\/09\/fish-feed-pellet-machine-150x150.webp 150w\" sizes=\"auto, (max-width: 720px) 100vw, 720px\" \/><figcaption class=\"wp-element-caption\">machine \u00e0 granul\u00e9s d'aliments pour poissons<\/figcaption><\/figure> <\/div>   <h2 class=\"wp-block-heading\" id=\"h-taizy-machinery-the-top-fish-feed-extruder-machine-manufacturer-supplier\"><strong><a href=\"https:\/\/fishfoodmachinery.com\/fr\/about-us\/\" target=\"_blank\" rel=\"noreferrer noopener\">Machines Taizy<\/a>- le meilleur fabricant et fournisseur de machines d'extrudeuse d'aliments pour poissons<\/strong><\/h2>    <ol class=\"wp-block-list\" type=\"1\"> <li>Fournir les machines compl\u00e8tes. Parce qu'\u00e0 Taizy, nous disposons non seulement d'une seule machine \u00e0 granul\u00e9s d'aliments pour poissons de type sec, mais fournissons \u00e9galement la ligne de production d'aliments pour poissons. Vous pouvez acheter ce dont vous avez besoin en une seule fois, tr\u00e8s pratique.<\/li>    <li>Personnel de vente professionnel. Notre personnel conna\u00eet tr\u00e8s bien l'extrudeuse d'aliments pour animaux de compagnie, il peut vous recommander la base de machine la plus adapt\u00e9e \u00e0 vos demandes.<\/li>    <li>Prix \u200b\u200bcomp\u00e9titif. Nous sommes int\u00e9gr\u00e9s \u00e0 la fabrication et \u00e0 la fourniture, notre machine pr\u00e9sente donc des avantages en termes de prix.<\/li>    <li>Service apr\u00e8s-vente. Taizy propose \u00e9galement un service apr\u00e8s-vente pour accompagner l\u2019activit\u00e9 du client dans une utilisation fluide de la machine.<\/li> <\/ol>    <h2 class=\"wp-block-heading\" id=\"h-how-to-purchase-taizy-fish-feed-extruder-machine\"><strong>Comment acheter une extrudeuse d'aliments pour poissons Taizy ?<\/strong><\/h2>    <p>Lorsque vous \u00eates int\u00e9ress\u00e9 \u00e0 acheter un moulin \u00e0 granul\u00e9s pour aliments pour poissons, vous pouvez l'acheter de notre c\u00f4t\u00e9 en suivant quelques \u00e9tapes.<\/p>    <ul class=\"wp-block-list\"> <li>Contactez-nous : via WhatsApp ou e-mail sont disponibles.<\/li>    <li>Organisez un directeur commercial\u00a0: Nous organiserons une personne professionnelle pour communiquer avec vous et vous pr\u00e9senter les informations pertinentes sur la machine.<\/li>    <li>Passer la commande\u00a0:\u00a0L'acheteur d\u00e9terminera les d\u00e9tails de la machine par communication.<\/li>    <li>Signez le contrat : signez le contrat de commande et d\u00e9terminez le mode de paiement et d'autres probl\u00e8mes.<\/li>    <li>Production et paiement\u00a0: Payez l'acompte et d\u00e9marrez la production de la machine\u00a0; une fois la production termin\u00e9e, payez le solde et organisez la livraison.<\/li>    <li>Transport\u00a0: Une fois tous les processus ci-dessus termin\u00e9s, nous emballerons la machine et elle atteindra votre destination par voie maritime (en g\u00e9n\u00e9ral).<\/li> <\/ul>   <div class=\"wp-block-image\"> <figure class=\"aligncenter size-full\"><img loading=\"lazy\" decoding=\"async\" width=\"720\" height=\"350\" src=\"https:\/\/fishfoodmachinery.com\/wp-content\/uploads\/2022\/09\/fish-feed-pellet-mill-in-stock.webp\" alt=\"moulin \u00e0 granul\u00e9s d&#039;aliments pour poissons en stock\" class=\"wp-image-161\" title=\"\" srcset=\"https:\/\/fishfoodmachinery.com\/wp-content\/uploads\/2022\/09\/fish-feed-pellet-mill-in-stock.webp 720w, https:\/\/fishfoodmachinery.com\/wp-content\/uploads\/2022\/09\/fish-feed-pellet-mill-in-stock-300x146.webp 300w\" sizes=\"auto, (max-width: 720px) 100vw, 720px\" \/><figcaption class=\"wp-element-caption\">moulin \u00e0 granul\u00e9s d'aliments pour poissons en stock<\/figcaption><\/figure> <\/div>   <h2 class=\"wp-block-heading\" id=\"h-successful-case-100-150kg-h-fish-feed-pellet-mill-exported-to-peru\"><strong><strong>Cas r\u00e9ussi : broyeur de granul\u00e9s d'aliments pour poissons de 100 \u00e0 150 kg\/h export\u00e9 au P\u00e9rou<\/strong><\/strong><\/h2>    <p>Notre machine de fabrication d'aliments pour poissons flottants de type sec est si populaire que nous demandons souvent aux distributeurs de nous l'acheter. Ce client p\u00e9ruvien est un revendeur qui a d\u00e9j\u00e0 import\u00e9 cette machine de Taizy et l'a tr\u00e8s bien vendue, il nous l'a donc rachet\u00e9e cette fois-ci. Il a d\u00e9clar\u00e9 que notre machine avait de bonnes performances, un rendement \u00e9lev\u00e9 et une large application, et que les clients aiment beaucoup cette machine.<\/p>   <div class=\"wp-block-image\"> <figure class=\"aligncenter size-full\"><img loading=\"lazy\" decoding=\"async\" width=\"720\" height=\"540\" src=\"https:\/\/fishfoodmachinery.com\/wp-content\/uploads\/2022\/09\/fish-feed-extruder-machine-manufacturer.webp\" alt=\"fabricant de machine d&#039;extrudeuse d&#039;aliments pour poissons\" class=\"wp-image-160\" title=\"\" srcset=\"https:\/\/fishfoodmachinery.com\/wp-content\/uploads\/2022\/09\/fish-feed-extruder-machine-manufacturer.webp 720w, https:\/\/fishfoodmachinery.com\/wp-content\/uploads\/2022\/09\/fish-feed-extruder-machine-manufacturer-300x225.webp 300w\" sizes=\"auto, (max-width: 720px) 100vw, 720px\" \/><figcaption class=\"wp-element-caption\">fabricant de machine d'extrudeuse d'aliments pour poissons<\/figcaption><\/figure> <\/div>   <h2 class=\"wp-block-heading\" id=\"h-technical-parameters-of-the-floating-fish-feed-extruder-machine\"><strong>Param\u00e8tres techniques du <a href=\"https:\/\/fishfoodmachinery.com\/fr\/product\/floating-fish-feed-machine\/\" target=\"_blank\" rel=\"noreferrer noopener\">extrudeuse flottante d'aliments pour poissons<\/a><\/strong><\/h2>    <figure class=\"wp-block-table\"><table><tbody><tr><td>Mod\u00e8le<\/td><td>Capacit\u00e9<\/td><td>Alimentation principale<\/td><td>Puissance de coupe<\/td><td>Alimentation \u00e9lectrique<\/td><td>Diam\u00e8tre de la vis<\/td><td>Taille<\/td><td>Poids<\/td><\/tr><tr><td>DGP-40<\/td><td>40-50kg\/heure<\/td><td>7,5 kW<\/td><td>0,4 kW<\/td><td>0,4 kW<\/td><td>40mm<\/td><td>1260*860*1250mm<\/td><td>290 kg<\/td><\/tr><tr><td>DGP-60<\/td><td>150kg\/h<\/td><td>15 kW<\/td><td>0,4 kW<\/td><td>0,4 kW<\/td><td>60mm<\/td><td>1450*950*1430mm<\/td><td>480 kg<\/td><\/tr><tr><td>DGP-70<\/td><td>180-250kg\/h<\/td><td>18,5 kW<\/td><td>0,4 kW<\/td><td>0,4 kW<\/td><td>70mm<\/td><td>1600*1400*1450mm<\/td><td>600 kg<\/td><\/tr><tr><td>DGP-80<\/td><td>300-350 kg\/heure<\/td><td>22 kW<\/td><td>0,4 kW<\/td><td>0,4 kW<\/td><td>80mm<\/td><td>1850*1470*1500m<\/td><td>800 kg<\/td><\/tr><\/tbody><\/table><\/figure>    <h2 class=\"wp-block-heading\"><strong>Vid\u00e9o de travail de l'extrudeuse d'aliments pour poissons de type sec<\/strong><\/h2>    <figure class=\"wp-block-embed is-type-video is-provider-youtube wp-block-embed-youtube wp-embed-aspect-16-9 wp-has-aspect-ratio\"><div class=\"wp-block-embed__wrapper\"> <iframe loading=\"lazy\" title=\"Extrudeuse flottante d&#039;aliments pour poissons | Machine flottante d&#039;alimentation pour poissons de type sec #fishfeed\" width=\"500\" height=\"281\" src=\"https:\/\/www.youtube.com\/embed\/XbMUnzECEDo?feature=oembed\" frameborder=\"0\" allow=\"accelerometer; autoplay; clipboard-write; encrypted-media; gyroscope; picture-in-picture; web-share\" referrerpolicy=\"strict-origin-when-cross-origin\" allowfullscreen><\/iframe> <\/div><\/figure>","protected":false},"excerpt":{"rendered":"<p>This fish feed extruder machine&nbsp;is used for the production of fish food pellets by the dry method. It is mainly separated from the wet fish food pellet production area. This dry method of fish food puffing machine directly crushed and mixed raw materials directly puffed into pellets, very convenient and efficient. If you are interested [&hellip;]<\/p>\n","protected":false},"author":1,"featured_media":157,"parent":0,"template":"","tags":[15,24,23,10,22,21],"product-type":[8],"class_list":["post-70","product","type-product","status-publish","has-post-thumbnail","hentry","tag-animal-feed-pellet-machine","tag-fish-feed","tag-floating-fish-feed-pellet-machine","tag-floating-fish-feed-production-line","tag-new-type-fish-feed-pellet-machine","tag-pet-food-machine","product-type-fish-feed-pellet-machine"],"_links":{"self":[{"href":"https:\/\/fishfoodmachinery.com\/fr\/wp-json\/wp\/v2\/product\/70","targetHints":{"allow":["GET"]}}],"collection":[{"href":"https:\/\/fishfoodmachinery.com\/fr\/wp-json\/wp\/v2\/product"}],"about":[{"href":"https:\/\/fishfoodmachinery.com\/fr\/wp-json\/wp\/v2\/types\/product"}],"author":[{"embeddable":true,"href":"https:\/\/fishfoodmachinery.com\/fr\/wp-json\/wp\/v2\/users\/1"}],"wp:featuredmedia":[{"embeddable":true,"href":"https:\/\/fishfoodmachinery.com\/fr\/wp-json\/wp\/v2\/media\/157"}],"wp:attachment":[{"href":"https:\/\/fishfoodmachinery.com\/fr\/wp-json\/wp\/v2\/media?parent=70"}],"wp:term":[{"taxonomy":"post_tag","embeddable":true,"href":"https:\/\/fishfoodmachinery.com\/fr\/wp-json\/wp\/v2\/tags?post=70"},{"taxonomy":"product-type","embeddable":true,"href":"https:\/\/fishfoodmachinery.com\/fr\/wp-json\/wp\/v2\/product-type?post=70"}],"curies":[{"name":"wp","href":"https:\/\/api.w.org\/{rel}","templated":true}]}}