{"id":706,"date":"2023-09-22T17:06:06","date_gmt":"2023-09-22T09:06:06","guid":{"rendered":"https:\/\/fishfoodmachinery.com\/?post_type=product&#038;p=706"},"modified":"2024-06-13T18:27:02","modified_gmt":"2024-06-13T10:27:02","slug":"feed-pellet-production-line","status":"publish","type":"product","link":"https:\/\/fishfoodmachinery.com\/fr\/product\/feed-pellet-production-line\/","title":{"rendered":"Usine de granul\u00e9s d'aliments pour animaux pour bovins, production d'aliments pour poulets"},"content":{"rendered":"<p class=\"translation-block\"><strong>Line de production de granul\u00e9s pour l\u2019alimentation animale<\/strong> est sp\u00e9cialement utilis\u00e9 pour le traitement de divers aliments pour animaux, tels que l\u2019alimentation des poulets, du b\u00e9tail, etc. Il comprend plusieurs processus tels que le broyage des mati\u00e8res premi\u00e8res, le m\u00e9lange, le pressage, le refroidissement et l\u2019emballage. <\/p>    <p>La capacit\u00e9 varie de 150 kg\/h \u00e0 800 kg\/h, ce qui peut r\u00e9pondre aux besoins des usines de granul\u00e9s alimentaires de petite \u00e0 grande \u00e9chelle.<\/p>   <div class=\"wp-block-image\"> <figure class=\"aligncenter size-full\"><img loading=\"lazy\" decoding=\"async\" width=\"720\" height=\"540\" src=\"https:\/\/fishfoodmachinery.com\/wp-content\/uploads\/2023\/09\/animal-feed-pellet-production-line-.webp\" alt=\"ligne de production de granul\u00e9s d&#039;aliments pour animaux\" class=\"wp-image-716\" title=\"\" srcset=\"https:\/\/fishfoodmachinery.com\/wp-content\/uploads\/2023\/09\/animal-feed-pellet-production-line-.webp 720w, https:\/\/fishfoodmachinery.com\/wp-content\/uploads\/2023\/09\/animal-feed-pellet-production-line--300x225.webp 300w\" sizes=\"auto, (max-width: 720px) 100vw, 720px\" \/><figcaption class=\"wp-element-caption\">ligne de production de granul\u00e9s d'aliments pour animaux <\/figcaption><\/figure> <\/div>   <p>Gr\u00e2ce \u00e0 cette ligne de production, diverses mati\u00e8res premi\u00e8res, telles que les c\u00e9r\u00e9ales, les prot\u00e9ines, les vitamines, etc., peuvent \u00eatre trait\u00e9es et transform\u00e9es en aliments uniform\u00e9ment granulaires de haute qualit\u00e9, adapt\u00e9s \u00e0 diff\u00e9rents domaines d'\u00e9levage, tels que la volaille, le b\u00e9tail, l'aquaculture et bient\u00f4t. <\/p>    <p>L'automatisation et la haute efficacit\u00e9 de la ligne de production de granul\u00e9s d'aliments pour animaux am\u00e9liorent la qualit\u00e9 et le rendement de la production d'aliments et aident l'industrie agricole \u00e0 fournir des aliments plus sains et plus nutritifs.<\/p>    <h2 class=\"wp-block-heading\"><strong>N\u00e9cessit\u00e9 de fabriquer des pellets pour l'alimentation animale<\/strong><\/h2>    <p>La production de granul\u00e9s alimentaires est un \u00e9l\u00e9ment n\u00e9cessaire de l\u2019\u00e9levage moderne de b\u00e9tail et de volaille. Il garantit que les animaux d'\u00e9levage re\u00e7oivent une nutrition compl\u00e8te en prenant une vari\u00e9t\u00e9 de mati\u00e8res premi\u00e8res, notamment des c\u00e9r\u00e9ales, des prot\u00e9ines, des vitamines, etc., et en les transformant scientifiquement en aliments granulaires uniformes. <\/p>    <p>Cela augmente non seulement le taux de croissance et le poids du b\u00e9tail et de la volaille, mais am\u00e9liore \u00e9galement la qualit\u00e9 du produit. L'uniformit\u00e9 des particules alimentaires r\u00e9duit le gaspillage d'aliments et r\u00e9duit la pollution de l'environnement.<\/p>   <div class=\"wp-block-image\"> <figure class=\"aligncenter size-full\"><img loading=\"lazy\" decoding=\"async\" width=\"720\" height=\"540\" src=\"https:\/\/fishfoodmachinery.com\/wp-content\/uploads\/2023\/09\/animal-feed-pellet-plant-machine.webp\" alt=\"machine d&#039;usine de granule d&#039;alimentation animale\" class=\"wp-image-717\" title=\"\" srcset=\"https:\/\/fishfoodmachinery.com\/wp-content\/uploads\/2023\/09\/animal-feed-pellet-plant-machine.webp 720w, https:\/\/fishfoodmachinery.com\/wp-content\/uploads\/2023\/09\/animal-feed-pellet-plant-machine-300x225.webp 300w\" sizes=\"auto, (max-width: 720px) 100vw, 720px\" \/><figcaption class=\"wp-element-caption\">machine d'usine de granule d'alimentation animale<\/figcaption><\/figure> <\/div>   <p>De plus, l\u2019automatisation de la ligne de granul\u00e9s alimentaires am\u00e9liore l\u2019efficacit\u00e9 de la production et r\u00e9duit les co\u00fbts de production. <\/p>    <p>Par cons\u00e9quent, la production de granul\u00e9s alimentaires est essentielle pour r\u00e9pondre \u00e0 la demande croissante de l\u2019agriculture et pour am\u00e9liorer la s\u00e9curit\u00e9 alimentaire et l\u2019agriculture durable.<\/p>    <h2 class=\"wp-block-heading\"><strong>Processus de production de granul\u00e9s alimentaires<\/strong><\/h2>   <div id=\"rank-math-howto\" class=\"rank-math-block\" > <div class=\"rank-math-howto-description\">  <p>Le processus de production de granul\u00e9s d'aliments pour b\u00e9tail comprend les \u00e9tapes suivantes\u00a0: pr\u00e9paration des mati\u00e8res premi\u00e8res, concassage des mati\u00e8res premi\u00e8res, m\u00e9lange, moulage des granul\u00e9s, refroidissement et emballage.<\/p>  <\/div>  <div class=\"rank-math-steps\"> <div id=\"howto-step-1695372539563\" class=\"rank-math-step\"> <h3 class=\"rank-math-step-title\">Pr\u00e9paration des mati\u00e8res premi\u00e8res<\/h3> <div class=\"rank-math-step-content\"><p>Pr\u00e9parez vos mati\u00e8res premi\u00e8res pour la production de pellets alimentaires tels que les c\u00e9r\u00e9ales, les grains de ma\u00efs, le son de riz, etc.<\/p> <\/div> <\/div> <div id=\"howto-step-1695372599965\" class=\"rank-math-step\"> <h3 class=\"rank-math-step-title\">\u00c9crasement<\/h3> <div class=\"rank-math-step-content\"><p>Les ingr\u00e9dients pr\u00e9par\u00e9s sont broy\u00e9s pour former de fines particules.<\/p> <\/div> <\/div> <div id=\"howto-step-1695372621269\" class=\"rank-math-step\"> <h3 class=\"rank-math-step-title\">M\u00e9lange<\/h3> <div class=\"rank-math-step-content\"><p>Les ingr\u00e9dients broy\u00e9s sont soigneusement m\u00e9lang\u00e9s, puis les nutriments que vous souhaitez ajouter, tels que les prot\u00e9ines, les vitamines, etc., sont ajout\u00e9s.<\/p> <\/div> <\/div> <div id=\"howto-step-1695372626381\" class=\"rank-math-step\"> <h3 class=\"rank-math-step-title\">Moulage<\/h3> <div class=\"rank-math-step-content\"><p class=\"translation-block\">Apr\u00e8s le m\u00e9lange, les granul\u00e9s sont produits \u00e0 l\u2019aide d\u2019un <a href=\"https:\/\/fishfoodmachinery.com\/fr\/product\/animal-feed-pellet-machine-for-sale\/\">moulin \u00e0 granul\u00e9s \u00e0 queue plate<\/a>. Des temp\u00e9ratures et une pression \u00e9lev\u00e9es permettent la production de granul\u00e9s \u00e0 la taille et \u00e0 la longueur souhait\u00e9es.<\/p> <\/div> <\/div> <div id=\"howto-step-1695372634629\" class=\"rank-math-step\"> <h3 class=\"rank-math-step-title\">Refroidissement<\/h3> <div class=\"rank-math-step-content\"><p>Par la suite, les pellets doivent \u00eatre refroidis pour am\u00e9liorer la dur\u00e9e de stockage.<\/p> <\/div> <\/div> <div id=\"howto-step-1695372642285\" class=\"rank-math-step\"> <h3 class=\"rank-math-step-title\">Emballage<\/h3> <div class=\"rank-math-step-content\"><p>Enfin, les granul\u00e9s alimentaires sont pes\u00e9s et conditionn\u00e9s par la machine de conditionnement quantitatif. Ensuite, vous pouvez vendre les granul\u00e9s alimentaires pour r\u00e9aliser des b\u00e9n\u00e9fices.<\/p> <\/div> <\/div> <\/div> <\/div>       <h2 class=\"wp-block-heading\"><strong>\u00c9quipement utilis\u00e9 dans la ligne de production de granul\u00e9s d'aliments pour animaux<\/strong><\/h2>    <div class=\"wp-block-columns is-layout-flex wp-container-core-columns-is-layout-9d6595d7 wp-block-columns-is-layout-flex\"> <div class=\"wp-block-column is-layout-flow wp-block-column-is-layout-flow\"> <figure class=\"wp-block-image size-full\"><img loading=\"lazy\" decoding=\"async\" width=\"720\" height=\"540\" src=\"https:\/\/fishfoodmachinery.com\/wp-content\/uploads\/2023\/09\/crushing-machine.webp\" alt=\"machine de concassage\" class=\"wp-image-718\" title=\"\" srcset=\"https:\/\/fishfoodmachinery.com\/wp-content\/uploads\/2023\/09\/crushing-machine.webp 720w, https:\/\/fishfoodmachinery.com\/wp-content\/uploads\/2023\/09\/crushing-machine-300x225.webp 300w\" sizes=\"auto, (max-width: 720px) 100vw, 720px\" \/><figcaption class=\"wp-element-caption\">Machine de concassage<\/figcaption><\/figure> <\/div>    <div class=\"wp-block-column is-vertically-aligned-center is-layout-flow wp-block-column-is-layout-flow\"> <p class=\"has-text-align-center translation-block\"><strong>Moulin \u00e0 marteaux<\/strong><\/p> <\/div> <\/div>    <div class=\"wp-block-columns is-layout-flex wp-container-core-columns-is-layout-9d6595d7 wp-block-columns-is-layout-flex\"> <div class=\"wp-block-column is-vertically-aligned-center is-layout-flow wp-block-column-is-layout-flow\"> <p class=\"has-text-align-center translation-block\"><strong>M\u00e9langeur<\/strong><\/p> <\/div>    <div class=\"wp-block-column is-layout-flow wp-block-column-is-layout-flow\"> <figure class=\"wp-block-image size-full\"><img loading=\"lazy\" decoding=\"async\" width=\"720\" height=\"540\" src=\"https:\/\/fishfoodmachinery.com\/wp-content\/uploads\/2023\/09\/mixer.webp\" alt=\"mixer\" class=\"wp-image-719\" title=\"\" srcset=\"https:\/\/fishfoodmachinery.com\/wp-content\/uploads\/2023\/09\/mixer.webp 720w, https:\/\/fishfoodmachinery.com\/wp-content\/uploads\/2023\/09\/mixer-300x225.webp 300w\" sizes=\"auto, (max-width: 720px) 100vw, 720px\" \/><figcaption class=\"wp-element-caption\">Mixer<\/figcaption><\/figure> <\/div> <\/div>    <div class=\"wp-block-columns is-layout-flex wp-container-core-columns-is-layout-9d6595d7 wp-block-columns-is-layout-flex\"> <div class=\"wp-block-column is-layout-flow wp-block-column-is-layout-flow\"> <figure class=\"wp-block-image size-full\"><img loading=\"lazy\" decoding=\"async\" width=\"720\" height=\"540\" src=\"https:\/\/fishfoodmachinery.com\/wp-content\/uploads\/2023\/09\/feed-pellet-machine.webp\" alt=\"machine \u00e0 granul\u00e9s d&#039;alimentation\" class=\"wp-image-723\" title=\"\" srcset=\"https:\/\/fishfoodmachinery.com\/wp-content\/uploads\/2023\/09\/feed-pellet-machine.webp 720w, https:\/\/fishfoodmachinery.com\/wp-content\/uploads\/2023\/09\/feed-pellet-machine-300x225.webp 300w\" sizes=\"auto, (max-width: 720px) 100vw, 720px\" \/><figcaption class=\"wp-element-caption\">Machine \u00e0 granul\u00e9s d'alimentation<\/figcaption><\/figure> <\/div>    <div class=\"wp-block-column is-vertically-aligned-center is-layout-flow wp-block-column-is-layout-flow\"> <p class=\"has-text-align-center translation-block\"><strong>Machine \u00e0 granul\u00e9s pour alimentation animale<\/strong><\/p> <\/div> <\/div>    <div class=\"wp-block-columns is-layout-flex wp-container-core-columns-is-layout-9d6595d7 wp-block-columns-is-layout-flex\"> <div class=\"wp-block-column is-vertically-aligned-center is-layout-flow wp-block-column-is-layout-flow\"> <p class=\"has-text-align-center translation-block\"><strong>Machine d\u2019emballage<\/strong><\/p> <\/div>    <div class=\"wp-block-column is-layout-flow wp-block-column-is-layout-flow\"> <figure class=\"wp-block-image size-full\"><img loading=\"lazy\" decoding=\"async\" width=\"720\" height=\"540\" src=\"https:\/\/fishfoodmachinery.com\/wp-content\/uploads\/2023\/09\/packaging-machine.webp\" alt=\"Machine d&#039;emballage\" class=\"wp-image-725\" title=\"\" srcset=\"https:\/\/fishfoodmachinery.com\/wp-content\/uploads\/2023\/09\/packaging-machine.webp 720w, https:\/\/fishfoodmachinery.com\/wp-content\/uploads\/2023\/09\/packaging-machine-300x225.webp 300w\" sizes=\"auto, (max-width: 720px) 100vw, 720px\" \/><figcaption class=\"wp-element-caption\">Machine d'emballage<\/figcaption><\/figure> <\/div> <\/div>    <h2 class=\"wp-block-heading\"><strong>Caract\u00e9ristiques de la ligne de production de granul\u00e9s d'aliments pour poulets<\/strong><\/h2>   <div class=\"wp-block-image\"> <figure class=\"aligncenter size-full\"><img loading=\"lazy\" decoding=\"async\" width=\"720\" height=\"540\" src=\"https:\/\/fishfoodmachinery.com\/wp-content\/uploads\/2023\/09\/cattle-feed-pellet-production-line.webp\" alt=\"ligne de production de granul\u00e9s d&#039;aliments pour b\u00e9tail\" class=\"wp-image-727\" title=\"\" srcset=\"https:\/\/fishfoodmachinery.com\/wp-content\/uploads\/2023\/09\/cattle-feed-pellet-production-line.webp 720w, https:\/\/fishfoodmachinery.com\/wp-content\/uploads\/2023\/09\/cattle-feed-pellet-production-line-300x225.webp 300w\" sizes=\"auto, (max-width: 720px) 100vw, 720px\" \/><figcaption class=\"wp-element-caption\">ligne de production de granul\u00e9s d'aliments pour b\u00e9tail<\/figcaption><\/figure> <\/div>   <ul class=\"wp-block-list\"> <li>Fonctionnement enti\u00e8rement automatis\u00e9 avec une efficacit\u00e9 de production \u00e9lev\u00e9e\u00a0;<\/li>    <li>Polyvalence, fabriquer diff\u00e9rents types de granul\u00e9s alimentaires\u00a0;<\/li>    <li>Granul\u00e9s uniformes, riches en nutriments, faciles \u00e0 dig\u00e9rer et \u00e0 absorber\u00a0;<\/li>    <li>Processus de production contr\u00f4lable, utilisation \u00e9lev\u00e9e des mati\u00e8res premi\u00e8res\u00a0; <\/li>    <li>\u00c9conomiser les co\u00fbts de main d\u2019\u0153uvre et d\u2019\u00e9nergie\u00a0;<\/li>    <li>Il peut \u00eatre personnalis\u00e9 en fonction de diff\u00e9rents besoins et convient \u00e0 toutes les tailles d\u2019exploitation agricole.<\/li> <\/ul>    <p>Ces caract\u00e9ristiques font de la ligne de production de granul\u00e9s d'aliments pour poulets un choix id\u00e9al pour am\u00e9liorer la qualit\u00e9 des aliments, r\u00e9duire les co\u00fbts de production et augmenter l'efficacit\u00e9 de l'\u00e9levage.<\/p>    <h2 class=\"wp-block-heading\"><strong>Diff\u00e9rences entre la ligne de production de granul\u00e9s alimentaires et la ligne d'alimentation flottante pour poissons<\/strong><\/h2>    <p class=\"translation-block\">La principale diff\u00e9rence r\u00e9side dans l\u2019objectif de production. L\u2019usine de fabrication d\u2019aliments pour volailles est principalement utilis\u00e9e pour produire des aliments granul\u00e9s pour la volaille, le b\u00e9tail, etc., en se concentrant sur l\u2019uniformit\u00e9 et la stabilit\u00e9 des granul\u00e9s. La <a href=\"https:\/\/fishfoodmachinery.com\/fr\/product\/small-floating-fish-feed-production-line\/\">ligne de traitement des aliments pour poissons<\/a>, en revanche, se concentre sur la production d\u2019aliments adapt\u00e9s aux poissons planctoniques dans l\u2019eau, avec un accent sur la flottabilit\u00e9 et la stabilit\u00e9 des granul\u00e9s dans l\u2019eau.<\/p>    <h2 class=\"wp-block-heading\"><strong>Cas r\u00e9ussis d\u2019usine de fabrication de granul\u00e9s d\u2019aliments pour animaux <\/strong><\/h2>    <div class=\"wp-block-columns is-layout-flex wp-container-core-columns-is-layout-9d6595d7 wp-block-columns-is-layout-flex\"> <div class=\"wp-block-column is-layout-flow wp-block-column-is-layout-flow\"> <figure class=\"wp-block-embed is-type-wp-embed is-provider-fish-feed-pellet-machine wp-block-embed-fish-feed-pellet-machine\"><div class=\"wp-block-embed__wrapper\"> <blockquote class=\"wp-embedded-content\" data-secret=\"h8Rl9dtQNv\"><a href=\"https:\/\/fishfoodmachinery.com\/fr\/Info\/feed-pellet-machine-algeria\/\">Exportation de machine \u00e0 granul\u00e9s alimentaires vers l'Alg\u00e9rie<\/a><\/blockquote><iframe loading=\"lazy\" class=\"wp-embedded-content\" sandbox=\"allow-scripts\" security=\"restricted\" style=\"position: absolute; clip: rect(1px, 1px, 1px, 1px);\" title=\"\u00abExportation de machine \u00e0 granul\u00e9s d&#039;aliments pour animaux vers l&#039;Alg\u00e9rie\u00bb \u2014 Machine \u00e0 granul\u00e9s d&#039;aliments pour poissons\" src=\"https:\/\/fishfoodmachinery.com\/Info\/feed-pellet-machine-algeria\/embed\/#?secret=nI6q9ClzxY#?secret=h8Rl9dtQNv\" data-secret=\"h8Rl9dtQNv\" width=\"500\" height=\"282\" frameborder=\"0\" marginwidth=\"0\" marginheight=\"0\" scrolling=\"no\"><\/iframe> <\/div><\/figure> <\/div>    <div class=\"wp-block-column is-layout-flow wp-block-column-is-layout-flow\"> <figure class=\"wp-block-embed is-type-wp-embed is-provider-fish-feed-pellet-machine wp-block-embed-fish-feed-pellet-machine\"><div class=\"wp-block-embed__wrapper\"> <blockquote class=\"wp-embedded-content\" data-secret=\"d1ELJxwe6e\"><a href=\"https:\/\/fishfoodmachinery.com\/fr\/Info\/feed-pellet-making-machine-chile\/\">Machine de fabrication de granul\u00e9s alimentaires mod\u00e8le 400 vendue au Chili<\/a><\/blockquote><iframe loading=\"lazy\" class=\"wp-embedded-content\" sandbox=\"allow-scripts\" security=\"restricted\" style=\"position: absolute; clip: rect(1px, 1px, 1px, 1px);\" title=\"\u00abMachine de fabrication de granul\u00e9s alimentaires mod\u00e8le 400 vendue au Chili\u00bb - Machine \u00e0 granul\u00e9s d&#039;aliments pour poissons\" src=\"https:\/\/fishfoodmachinery.com\/Info\/feed-pellet-making-machine-chile\/embed\/#?secret=NJjjlCpLI0#?secret=d1ELJxwe6e\" data-secret=\"d1ELJxwe6e\" width=\"500\" height=\"282\" frameborder=\"0\" marginwidth=\"0\" marginheight=\"0\" scrolling=\"no\"><\/iframe> <\/div><\/figure> <\/div> <\/div>    <div class=\"wp-block-columns is-layout-flex wp-container-core-columns-is-layout-9d6595d7 wp-block-columns-is-layout-flex\"> <div class=\"wp-block-column is-layout-flow wp-block-column-is-layout-flow\"> <figure class=\"wp-block-embed is-type-wp-embed is-provider-fish-feed-pellet-machine wp-block-embed-fish-feed-pellet-machine\"><div class=\"wp-block-embed__wrapper\"> <blockquote class=\"wp-embedded-content\" data-secret=\"RoP94Xx2xj\"><a href=\"https:\/\/fishfoodmachinery.com\/fr\/Info\/feed-pellet-mill-machine-ecuador\/\">Un concessionnaire \u00e9quatorien ach\u00e8te une machine de production de granul\u00e9s alimentaires pour \u00e9largir le march\u00e9 local<\/a><\/blockquote><iframe loading=\"lazy\" class=\"wp-embedded-content\" sandbox=\"allow-scripts\" security=\"restricted\" style=\"position: absolute; clip: rect(1px, 1px, 1px, 1px);\" title=\"\u00abUn concessionnaire \u00e9quatorien ach\u00e8te une machine de broyage de granul\u00e9s alimentaires pour d\u00e9velopper le march\u00e9 local\u00bb - Machine \u00e0 granul\u00e9s d&#039;aliments pour poissons\" src=\"https:\/\/fishfoodmachinery.com\/Info\/feed-pellet-mill-machine-ecuador\/embed\/#?secret=SgPAomtInY#?secret=RoP94Xx2xj\" data-secret=\"RoP94Xx2xj\" width=\"500\" height=\"282\" frameborder=\"0\" marginwidth=\"0\" marginheight=\"0\" scrolling=\"no\"><\/iframe> <\/div><\/figure> <\/div>    <div class=\"wp-block-column is-layout-flow wp-block-column-is-layout-flow\"> <figure class=\"wp-block-embed is-type-wp-embed is-provider-fish-feed-pellet-machine wp-block-embed-fish-feed-pellet-machine\"><div class=\"wp-block-embed__wrapper\"> <blockquote class=\"wp-embedded-content\" data-secret=\"Nfm0fZbbm8\"><a href=\"https:\/\/fishfoodmachinery.com\/fr\/Info\/flat-die-feed-pellet-mill-dominican-rep\/\">Broyeur de granul\u00e9s d'alimentation \u00e0 fili\u00e8re plate de 2000 kg\/h vendu en R\u00e9publique Dominicaine<\/a><\/blockquote><iframe loading=\"lazy\" class=\"wp-embedded-content\" sandbox=\"allow-scripts\" security=\"restricted\" style=\"position: absolute; clip: rect(1px, 1px, 1px, 1px);\" title=\"\u00ab Broyeur de granul\u00e9s d&#039;aliments \u00e0 fili\u00e8re plate de 2 000 kg\/h vendu en R\u00e9publique dominicaine \u00bb \u2014 Machine \u00e0 granul\u00e9s d&#039;aliments pour poissons\" src=\"https:\/\/fishfoodmachinery.com\/Info\/flat-die-feed-pellet-mill-dominican-rep\/embed\/#?secret=89542NVbsh#?secret=Nfm0fZbbm8\" data-secret=\"Nfm0fZbbm8\" width=\"500\" height=\"282\" frameborder=\"0\" marginwidth=\"0\" marginheight=\"0\" scrolling=\"no\"><\/iframe> <\/div><\/figure> <\/div> <\/div>    <h2 class=\"wp-block-heading\"><strong>Donn\u00e9es techniques de la ligne de production de granul\u00e9s alimentaires<\/strong><\/h2>    <p class=\"translation-block\"><strong>Marque<\/strong>: Taizy<\/p>    <p class=\"translation-block\"><strong>Nom de la ligne<\/strong>: Ligne de production de granul\u00e9s pour alimentation animale<\/p>    <p class=\"translation-block\"><strong>Capacit\u00e9<\/strong>: 150kg\/h-800kg\/h<\/p>    <p class=\"translation-block\"><strong>\u00c9quipements dans l\u2019usine de granul\u00e9s d\u2019alimentation animale<\/strong>: 9FQ, m\u00e9langeur, <a href=\"https:\/\/fishfoodmachinery.com\/fr\/product\/animal-feed-pellet-machine-for-sale\/\">moulin \u00e0 granul\u00e9s pour alimentation animale<\/a>, machine de refroidissement, machine d\u2019emballage<\/p>    <p class=\"translation-block\"><strong>Granul\u00e9s d\u2019alimentation produits<\/strong>: <a href=\"https:\/\/en.wikipedia.org\/wiki\/Poultry\" target=\"_blank\" rel=\"noopener\">Volaille<\/a>, poulet, b\u0153uf, ch\u00e8vre, mouton, lapin, etc<\/p>","protected":false},"excerpt":{"rendered":"<p>La ligne de production de granul\u00e9s alimentaires est sp\u00e9cialement utilis\u00e9e pour traiter divers aliments pour animaux, tels que les aliments pour poulets, les aliments pour bovins, etc., avec une capacit\u00e9 de 150 \u00e0 800 kg\/h.<\/p>","protected":false},"author":1,"featured_media":707,"parent":0,"template":"","tags":[53],"product-type":[7],"class_list":["post-706","product","type-product","status-publish","has-post-thumbnail","hentry","tag-animal-feed","product-type-production-line"],"_links":{"self":[{"href":"https:\/\/fishfoodmachinery.com\/fr\/wp-json\/wp\/v2\/product\/706","targetHints":{"allow":["GET"]}}],"collection":[{"href":"https:\/\/fishfoodmachinery.com\/fr\/wp-json\/wp\/v2\/product"}],"about":[{"href":"https:\/\/fishfoodmachinery.com\/fr\/wp-json\/wp\/v2\/types\/product"}],"author":[{"embeddable":true,"href":"https:\/\/fishfoodmachinery.com\/fr\/wp-json\/wp\/v2\/users\/1"}],"wp:featuredmedia":[{"embeddable":true,"href":"https:\/\/fishfoodmachinery.com\/fr\/wp-json\/wp\/v2\/media\/707"}],"wp:attachment":[{"href":"https:\/\/fishfoodmachinery.com\/fr\/wp-json\/wp\/v2\/media?parent=706"}],"wp:term":[{"taxonomy":"post_tag","embeddable":true,"href":"https:\/\/fishfoodmachinery.com\/fr\/wp-json\/wp\/v2\/tags?post=706"},{"taxonomy":"product-type","embeddable":true,"href":"https:\/\/fishfoodmachinery.com\/fr\/wp-json\/wp\/v2\/product-type?post=706"}],"curies":[{"name":"wp","href":"https:\/\/api.w.org\/{rel}","templated":true}]}}