{"id":28,"date":"2022-09-05T08:23:11","date_gmt":"2022-09-05T08:23:11","guid":{"rendered":"https:\/\/fishfoodmachinery.com\/?page_id=28"},"modified":"2022-09-08T10:21:38","modified_gmt":"2022-09-08T10:21:38","slug":"about-us","status":"publish","type":"page","link":"https:\/\/fishfoodmachinery.com\/pt\/about-us\/","title":{"rendered":"Sobre n\u00f3s"},"content":{"rendered":"<h2 class=\"wp-block-heading\" id=\"h-taizy-machinery-the-reliable-fish-feed-pellet-machine-manufacturer-supplier\"><strong>Taizy Machinery - o fabricante e fornecedor confi\u00e1vel de m\u00e1quina de pellets para ra\u00e7\u00e3o de peixes<\/strong><\/h2>    <div class=\"wp-block-media-text alignwide is-stacked-on-mobile\"><figure class=\"wp-block-media-text__media\"><img loading=\"lazy\" decoding=\"async\" width=\"720\" height=\"350\" src=\"https:\/\/fishfoodmachinery.com\/wp-content\/uploads\/2022\/09\/fish-feed-pellet-mill-in-stock.webp\" alt=\"moinho de pellets de ra\u00e7\u00e3o para peixes em estoque\" class=\"wp-image-161 size-full\" title=\"\" srcset=\"https:\/\/fishfoodmachinery.com\/wp-content\/uploads\/2022\/09\/fish-feed-pellet-mill-in-stock.webp 720w, https:\/\/fishfoodmachinery.com\/wp-content\/uploads\/2022\/09\/fish-feed-pellet-mill-in-stock-300x146.webp 300w\" sizes=\"auto, (max-width: 720px) 100vw, 720px\" \/><\/figure><div class=\"wp-block-media-text__content\"> <p class=\"translation-block\">A Taizy Machinery \u00e9 um fabricante e fornecedor profissional e confi\u00e1vel da <a href=\"https:\/\/fishfoodmachinery.com\/pt\/product\/floating-fish-feed-machine\/\" target=\"_blank\" rel=\"noreferrer noopener\">m\u00e1quina de granulados de ra\u00e7\u00e3o para peixes<\/a>.<\/p> <\/div><\/div>    <p class=\"translation-block\">As nossas m\u00e1quinas de granulados de ra\u00e7\u00e3o para peixes s\u00e3o muito populares no estrangeiro e s\u00e3o frequentemente fornecidas a distribuidores, bem como a projetos de concurso. Os principais pa\u00edses s\u00e3o <strong>Peru, Angola, Mal\u00e1sia, B\u00e9lgica, Gana, N\u00edger<\/strong>, etc. Se estiver interessado, bem-vindo a <a href=\"https:\/\/fishfoodmachinery.com\/pt\/contact-us\/\" target=\"_blank\" rel=\"noreferrer noopener\">contactar-nos<\/a>!<\/p>    <h2 class=\"wp-block-heading\" id=\"h-exhibitions-held-abroad\"><strong>Exposi\u00e7\u00f5es realizadas no exterior<\/strong><\/h2>    <p>J\u00e1 fomos convidados a participar em v\u00e1rias exposi\u00e7\u00f5es no estrangeiro, o que mostra que a nossa empresa Taizy \u00e9 muito forte, tem uma certa reputa\u00e7\u00e3o no estrangeiro e \u00e9 uma empresa em que os nossos clientes podem confiar.<\/p>   <div class=\"wp-block-image\"> <figure class=\"aligncenter size-full\"><img loading=\"lazy\" decoding=\"async\" width=\"750\" height=\"750\" src=\"https:\/\/fishfoodmachinery.com\/wp-content\/uploads\/2022\/09\/Exhibition.webp\" alt=\"Exibi\u00e7\u00e3o\" class=\"wp-image-214\" title=\"\" srcset=\"https:\/\/fishfoodmachinery.com\/wp-content\/uploads\/2022\/09\/Exhibition.webp 750w, https:\/\/fishfoodmachinery.com\/wp-content\/uploads\/2022\/09\/Exhibition-300x300.webp 300w, https:\/\/fishfoodmachinery.com\/wp-content\/uploads\/2022\/09\/Exhibition-150x150.webp 150w\" sizes=\"auto, (max-width: 750px) 100vw, 750px\" \/><figcaption>Exibi\u00e7\u00e3o<\/figcaption><\/figure> <\/div>   <h2 class=\"wp-block-heading\" id=\"h-horned-certificates\"><strong>Certificados com chifres<\/strong><\/h2>    <p>A empresa Taizy possui uma variedade de certificados, comprovando fortemente a qualidade superior das m\u00e1quinas de pellets de ra\u00e7\u00e3o para peixes da nossa empresa.<\/p>    <figure class=\"wp-block-image size-full\"><img loading=\"lazy\" decoding=\"async\" width=\"750\" height=\"750\" src=\"https:\/\/fishfoodmachinery.com\/wp-content\/uploads\/2022\/09\/Certificate.webp\" alt=\"Certificado\" class=\"wp-image-211\" title=\"\" srcset=\"https:\/\/fishfoodmachinery.com\/wp-content\/uploads\/2022\/09\/Certificate.webp 750w, https:\/\/fishfoodmachinery.com\/wp-content\/uploads\/2022\/09\/Certificate-300x300.webp 300w, https:\/\/fishfoodmachinery.com\/wp-content\/uploads\/2022\/09\/Certificate-150x150.webp 150w\" sizes=\"auto, (max-width: 750px) 100vw, 750px\" \/><figcaption>Certificado<\/figcaption><\/figure>    <h2 class=\"wp-block-heading\" id=\"h-customer-feedback\"><strong>Feedback do cliente<\/strong><\/h2>    <div class=\"wp-block-media-text alignwide is-stacked-on-mobile\"><figure class=\"wp-block-media-text__media\"><img loading=\"lazy\" decoding=\"async\" width=\"541\" height=\"939\" src=\"https:\/\/fishfoodmachinery.com\/wp-content\/uploads\/2022\/09\/customer-feedback.webp\" alt=\"feedback do cliente\" class=\"wp-image-216 size-full\" title=\"\" srcset=\"https:\/\/fishfoodmachinery.com\/wp-content\/uploads\/2022\/09\/customer-feedback.webp 541w, https:\/\/fishfoodmachinery.com\/wp-content\/uploads\/2022\/09\/customer-feedback-173x300.webp 173w\" sizes=\"auto, (max-width: 541px) 100vw, 541px\" \/><\/figure><div class=\"wp-block-media-text__content\"> <p>A imagem \u00e0 esquerda \u00e9 o que um de nossos clientes revendedores disse sobre n\u00f3s. <\/p>    <p>A partir disso, podemos ver que n\u00e3o apenas nossas m\u00e1quinas s\u00e3o de excelente qualidade, mas nossa equipe de vendas tamb\u00e9m possui um rico conhecimento profissional e um servi\u00e7o atencioso.<\/p> <\/div><\/div>","protected":false},"excerpt":{"rendered":"<p>Taizy Machinery &#8211; the reliable fish feed pellet machine manufacturer &amp; supplier Taizy Machinery is a professional and trustworthy manufacturer and supplier of the fish food pellet machine. Our fish food pellet mills are very popular overseas and are often supplied to distributors as well as tender projects. The main countries are Peru, Angola, Malaysia, [&hellip;]<\/p>\n","protected":false},"author":1,"featured_media":0,"parent":0,"menu_order":0,"comment_status":"closed","ping_status":"closed","template":"","meta":{"footnotes":""},"class_list":["post-28","page","type-page","status-publish","hentry"],"_links":{"self":[{"href":"https:\/\/fishfoodmachinery.com\/pt\/wp-json\/wp\/v2\/pages\/28","targetHints":{"allow":["GET"]}}],"collection":[{"href":"https:\/\/fishfoodmachinery.com\/pt\/wp-json\/wp\/v2\/pages"}],"about":[{"href":"https:\/\/fishfoodmachinery.com\/pt\/wp-json\/wp\/v2\/types\/page"}],"author":[{"embeddable":true,"href":"https:\/\/fishfoodmachinery.com\/pt\/wp-json\/wp\/v2\/users\/1"}],"replies":[{"embeddable":true,"href":"https:\/\/fishfoodmachinery.com\/pt\/wp-json\/wp\/v2\/comments?post=28"}],"version-history":[{"count":0,"href":"https:\/\/fishfoodmachinery.com\/pt\/wp-json\/wp\/v2\/pages\/28\/revisions"}],"wp:attachment":[{"href":"https:\/\/fishfoodmachinery.com\/pt\/wp-json\/wp\/v2\/media?parent=28"}],"curies":[{"name":"wp","href":"https:\/\/api.w.org\/{rel}","templated":true}]}}