{"id":49,"date":"2022-09-06T03:45:34","date_gmt":"2022-09-06T03:45:34","guid":{"rendered":"https:\/\/fishfoodmachinery.com\/?post_type=product&#038;p=49"},"modified":"2024-06-11T17:19:39","modified_gmt":"2024-06-11T09:19:39","slug":"small-floating-fish-feed-production-line","status":"publish","type":"product","link":"https:\/\/fishfoodmachinery.com\/pt\/product\/small-floating-fish-feed-production-line\/","title":{"rendered":"Linha de produ\u00e7\u00e3o flutuante de ra\u00e7\u00e3o para peixes pequenos"},"content":{"rendered":"<p class=\"translation-block\">Esta <strong>linha de produ\u00e7\u00e3o de ra\u00e7\u00e3o flutuante para peixe<\/strong> pode produzir ra\u00e7\u00e3o para peixes de v\u00e1rias formas e rendimentos por meio de esmagamento, mistura, extrus\u00e3o e secagem. Possui uma produ\u00e7\u00e3o de 40-350kg\/h, adequada para pequenas e m\u00e9dias explora\u00e7\u00f5es aqu\u00edcolas, etc. <\/p>    <p>As ra\u00e7\u00f5es produzidas podem ser utilizadas para os seguintes animais: todos os tipos de peixes, papagaios, camar\u00f5es, etc. A\u00a0linha completa de produ\u00e7\u00e3o de ra\u00e7\u00f5es para peixes\u00a0\u00e9\u00a0flex\u00edvel, caso tenha interesse, entre em contato conosco!<\/p>    <figure class=\"wp-block-embed is-type-video is-provider-youtube wp-block-embed-youtube wp-embed-aspect-16-9 wp-has-aspect-ratio\"><div class=\"wp-block-embed__wrapper\"> <iframe loading=\"lazy\" title=\"Linha de produ\u00e7\u00e3o de pellets de ra\u00e7\u00e3o flutuante simples e pr\u00e1tica para peixes | Como fazer pellets de ra\u00e7\u00e3o#pellets\" width=\"500\" height=\"281\" src=\"https:\/\/www.youtube.com\/embed\/9BjNa9qqZpA?feature=oembed\" frameborder=\"0\" allow=\"accelerometer; autoplay; clipboard-write; encrypted-media; gyroscope; picture-in-picture; web-share\" referrerpolicy=\"strict-origin-when-cross-origin\" allowfullscreen><\/iframe> <\/div><figcaption class=\"wp-element-caption\">v\u00eddeo de introdu\u00e7\u00e3o da linha de produ\u00e7\u00e3o de ra\u00e7\u00e3o flutuante simples e pr\u00e1tica para peixes<\/figcaption><\/figure>    <h2 class=\"wp-block-heading\" id=\"h-feed-pellet-sizes-and-shapes-that-can-be-produced\"><strong>Tamanhos e formatos de pellets de ra\u00e7\u00e3o que podem ser produzidos<\/strong><\/h2>    <p>Nossa linha de produ\u00e7\u00e3o flutuante de ra\u00e7\u00e3o para peixes pode produzir pellets de ra\u00e7\u00e3o de v\u00e1rios tamanhos e formatos, dependendo de nossos moldes. Nossos moldes podem produzir diversos formatos de pellets de ra\u00e7\u00e3o, entre em contato conosco para mais informa\u00e7\u00f5es!<\/p>   <div class=\"wp-block-image\"> <figure class=\"aligncenter size-full\"><img loading=\"lazy\" decoding=\"async\" width=\"720\" height=\"450\" src=\"https:\/\/fishfoodmachinery.com\/wp-content\/uploads\/2022\/09\/feed-pellet-moulds.webp\" alt=\"moldes de pellets de alimenta\u00e7\u00e3o\" class=\"wp-image-84\" title=\"\" srcset=\"https:\/\/fishfoodmachinery.com\/wp-content\/uploads\/2022\/09\/feed-pellet-moulds.webp 720w, https:\/\/fishfoodmachinery.com\/wp-content\/uploads\/2022\/09\/feed-pellet-moulds-300x188.webp 300w\" sizes=\"auto, (max-width: 720px) 100vw, 720px\" \/><figcaption class=\"wp-element-caption\">moldes de pellets de alimenta\u00e7\u00e3o<\/figcaption><\/figure> <\/div>   <h2 class=\"wp-block-heading\" id=\"h-how-to-produce-fish-food-pellets-in-taizy-floating-fish-feed-production-line\"><strong>Como produzir pellets de ra\u00e7\u00e3o para peixes na linha de produ\u00e7\u00e3o de ra\u00e7\u00e3o flutuante para peixes Taizy?<\/strong><\/h2>    <p>A produ\u00e7\u00e3o de ra\u00e7\u00e3o para peixes possui em geral as seguintes etapas:<\/p>    <div class=\"wp-block-media-text alignwide is-stacked-on-mobile\"><figure class=\"wp-block-media-text__media\"><img loading=\"lazy\" decoding=\"async\" width=\"720\" height=\"540\" src=\"https:\/\/fishfoodmachinery.com\/wp-content\/uploads\/2022\/09\/9FQ-disk-mill-machine.webp\" alt=\"M\u00e1quina fresadora de disco 9FQ\" class=\"wp-image-86 size-full\" title=\"\" srcset=\"https:\/\/fishfoodmachinery.com\/wp-content\/uploads\/2022\/09\/9FQ-disk-mill-machine.webp 720w, https:\/\/fishfoodmachinery.com\/wp-content\/uploads\/2022\/09\/9FQ-disk-mill-machine-300x225.webp 300w\" sizes=\"auto, (max-width: 720px) 100vw, 720px\" \/><\/figure><div class=\"wp-block-media-text__content\"> <p class=\"translation-block\"><strong>Materiais de esmagamento: 9FQ\/m\u00e1quina de moinho de disco<\/strong><\/p>    <p>Esta etapa serve principalmente para esmagar as mat\u00e9rias-primas. 9FQ ou a m\u00e1quina trituradora s\u00e3o aplic\u00e1veis. A escolha do adequado depende da capacidade de produ\u00e7\u00e3o.<\/p> <\/div><\/div>    <div class=\"wp-block-media-text alignwide has-media-on-the-right is-stacked-on-mobile\"><div class=\"wp-block-media-text__content\"> <p class=\"translation-block\"><strong>Materiais de mistura: misturadora de ra\u00e7\u00e3o para peixe<\/strong><\/p>    <p>Sua fun\u00e7\u00e3o \u00e9 misturar uniformemente, uniformizar os materiais.<\/p> <\/div><figure class=\"wp-block-media-text__media\"><img loading=\"lazy\" decoding=\"async\" width=\"720\" height=\"540\" src=\"https:\/\/fishfoodmachinery.com\/wp-content\/uploads\/2022\/09\/fish-feed-mixer-machine.webp\" alt=\"m\u00e1quina misturadora de ra\u00e7\u00e3o para peixes\" class=\"wp-image-89 size-full\" title=\"\" srcset=\"https:\/\/fishfoodmachinery.com\/wp-content\/uploads\/2022\/09\/fish-feed-mixer-machine.webp 720w, https:\/\/fishfoodmachinery.com\/wp-content\/uploads\/2022\/09\/fish-feed-mixer-machine-300x225.webp 300w\" sizes=\"auto, (max-width: 720px) 100vw, 720px\" \/><\/figure><\/div>    <div class=\"wp-block-media-text alignwide is-stacked-on-mobile\"><figure class=\"wp-block-media-text__media\"><img loading=\"lazy\" decoding=\"async\" width=\"720\" height=\"540\" src=\"https:\/\/fishfoodmachinery.com\/wp-content\/uploads\/2022\/09\/screw-elevator.webp\" alt=\"elevador de parafuso\" class=\"wp-image-91 size-full\" title=\"\" srcset=\"https:\/\/fishfoodmachinery.com\/wp-content\/uploads\/2022\/09\/screw-elevator.webp 720w, https:\/\/fishfoodmachinery.com\/wp-content\/uploads\/2022\/09\/screw-elevator-300x225.webp 300w\" sizes=\"auto, (max-width: 720px) 100vw, 720px\" \/><\/figure><div class=\"wp-block-media-text__content\"> <p class=\"translation-block\"><strong>Aumento: elevador helicoidal<\/strong><\/p>    <p>Envie os materiais da Etapa 2 para a m\u00e1quina de pellets de peixe. Claro, o trabalho de parto tamb\u00e9m est\u00e1 ok.<\/p> <\/div><\/div>    <div class=\"wp-block-media-text alignwide has-media-on-the-right is-stacked-on-mobile\"><div class=\"wp-block-media-text__content\"> <p class=\"translation-block\"><strong>Produ\u00e7\u00e3o dos pellets de ra\u00e7\u00e3o: <a href=\"https:\/\/fishfoodmachinery.com\/pt\/product\/floating-fish-feed-machine\/\" target=\"_blank\" rel=\"noreferrer noopener\">m\u00e1quina de produ\u00e7\u00e3o de ra\u00e7\u00e3o flutuante para peixe<\/a><\/strong><\/p>    <p>A m\u00e1quina flutuante de ra\u00e7\u00e3o para peixes \u00e9 a pe\u00e7a chave para produzir excelentes pellets de ra\u00e7\u00e3o para peixes. Somente trocando os moldes \u00e9 poss\u00edvel obter diferentes tamanhos e formatos de pellets.<\/p> <\/div><figure class=\"wp-block-media-text__media\"><img loading=\"lazy\" decoding=\"async\" width=\"720\" height=\"540\" src=\"https:\/\/fishfoodmachinery.com\/wp-content\/uploads\/2022\/09\/fish-feed-production-machine.webp\" alt=\"m\u00e1quina de produ\u00e7\u00e3o de ra\u00e7\u00e3o para peixes\" class=\"wp-image-92 size-full\" title=\"\" srcset=\"https:\/\/fishfoodmachinery.com\/wp-content\/uploads\/2022\/09\/fish-feed-production-machine.webp 720w, https:\/\/fishfoodmachinery.com\/wp-content\/uploads\/2022\/09\/fish-feed-production-machine-300x225.webp 300w\" sizes=\"auto, (max-width: 720px) 100vw, 720px\" \/><\/figure><\/div>    <div class=\"wp-block-media-text alignwide is-stacked-on-mobile\"><figure class=\"wp-block-media-text__media\"><img loading=\"lazy\" decoding=\"async\" width=\"720\" height=\"540\" src=\"https:\/\/fishfoodmachinery.com\/wp-content\/uploads\/2022\/09\/dryer.webp\" alt=\"secador\" class=\"wp-image-97 size-full\" title=\"\" srcset=\"https:\/\/fishfoodmachinery.com\/wp-content\/uploads\/2022\/09\/dryer.webp 720w, https:\/\/fishfoodmachinery.com\/wp-content\/uploads\/2022\/09\/dryer-300x225.webp 300w\" sizes=\"auto, (max-width: 720px) 100vw, 720px\" \/><\/figure><div class=\"wp-block-media-text__content\"> <p class=\"translation-block\"><strong>Secagem dos pellets: secadora<\/strong><\/p>    <p>Existem dois tipos: secador vertical e secador de correia. A fun\u00e7\u00e3o \u00e9 prolongar o tempo de secagem, deixando os pellets mais secos.<\/p>    <p>O secador vertical \u00e9 pequeno e econ\u00f4mico.<\/p>    <p>O secador de correia \u00e9 na verdade o de metal, tendo as vantagens do material de a\u00e7o inoxid\u00e1vel de alta temperatura.<\/p> <\/div><\/div>    <div class=\"wp-block-media-text alignwide has-media-on-the-right is-stacked-on-mobile\"><div class=\"wp-block-media-text__content\"> <p class=\"translation-block\"><strong>Tempero: m\u00e1quina de temperar<\/strong><\/p>    <p>Nesta etapa, voc\u00ea pode adicionar temperos ou \u00f3leo em spray.<\/p>    <p>Adi\u00e7\u00e3o de temperos: torna os pellets de ra\u00e7\u00e3o mais atrativos para peixes, c\u00e3es e gatos.<\/p>    <p>Pulveriza\u00e7\u00e3o de \u00f3leo: 1) superf\u00edcie lisa; 2) resistente \u00e0 umidade.<\/p> <\/div><figure class=\"wp-block-media-text__media\"><img loading=\"lazy\" decoding=\"async\" width=\"720\" height=\"540\" src=\"https:\/\/fishfoodmachinery.com\/wp-content\/uploads\/2022\/09\/seasoning-machine-spraying-machine.webp\" alt=\"m\u00e1quina de tempero e m\u00e1quina de pulveriza\u00e7\u00e3o\" class=\"wp-image-95 size-full\" title=\"\" srcset=\"https:\/\/fishfoodmachinery.com\/wp-content\/uploads\/2022\/09\/seasoning-machine-spraying-machine.webp 720w, https:\/\/fishfoodmachinery.com\/wp-content\/uploads\/2022\/09\/seasoning-machine-spraying-machine-300x225.webp 300w\" sizes=\"auto, (max-width: 720px) 100vw, 720px\" \/><\/figure><\/div>    <h2 class=\"wp-block-heading\"><strong>Vantagens da linha de produ\u00e7\u00e3o flutuante de ra\u00e7\u00e3o para peixes<\/strong><\/h2>    <ul class=\"wp-block-list\"> <li><strong>Baixo custo<\/strong>: A linha de produ\u00e7\u00e3o de pellets de ra\u00e7\u00e3o para pequenos peixes tem baixo custo de investimento, o que \u00e9 adequado para pequenos e m\u00e9dios agricultores e pode efetivamente reduzir o investimento inicial.<\/li>    <li><strong>Pequena pegada<\/strong>: O equipamento possui estrutura compacta e ocupa uma pequena \u00e1rea, sendo adequado para fazendas ou pequenas usinas de processamento com espa\u00e7o limitado.<\/li>    <li><strong>F\u00e1cil de operar<\/strong>: O equipamento \u00e9 f\u00e1cil de usar e operar. N\u00e3o requer t\u00e9cnicos profissionais e pode ser facilmente operado por agricultores comuns.<\/li>    <li><strong>Forte flexibilidade<\/strong>: Esta linha de produ\u00e7\u00e3o flutuante de ra\u00e7\u00e3o para peixes pode ajustar o volume de produ\u00e7\u00e3o de acordo com a demanda, forte flexibilidade e se adaptar \u00e0s necessidades de produ\u00e7\u00e3o de diferentes escalas.<\/li>    <li><strong>Manuten\u00e7\u00e3o conveniente<\/strong>: Estrutura simples do equipamento, f\u00e1cil manuten\u00e7\u00e3o, baixos custos di\u00e1rios de manuten\u00e7\u00e3o e reparos, longa vida \u00fatil.<\/li> <\/ul>    <h2 class=\"wp-block-heading\" id=\"h-technical-parameters-of-the-fish-feed-production-machine\"><strong>Par\u00e2metros t\u00e9cnicos da m\u00e1quina de produ\u00e7\u00e3o de ra\u00e7\u00e3o para peixes<\/strong><\/h2>    <figure class=\"wp-block-table\"><table><tbody><tr><td>Modelo<\/td><td>Capacidade<\/td><td>Alimenta\u00e7\u00e3o principal<\/td><td>Poder do cortador<\/td><td>Alimenta\u00e7\u00e3o de energia<\/td><td>Di\u00e2metro do parafuso<\/td><td>Tamanho<\/td><td>Peso<\/td><\/tr><tr><td>DGP-40<\/td><td>40-50 kg\/hora<\/td><td>7,5 kW<\/td><td>0,4kW<\/td><td>0,4kW<\/td><td>40mm<\/td><td>1260*860*1250mm<\/td><td>290kg<\/td><\/tr><tr><td>DGP-60<\/td><td>150kg\/h<\/td><td>15kW<\/td><td>0,4kW<\/td><td>0,4kW<\/td><td>60mm<\/td><td>1450*950*1430mm<\/td><td>480kg<\/td><\/tr><tr><td>DGP-70<\/td><td>180-250 kg\/hora<\/td><td>18,5 kW<\/td><td>0,4kW<\/td><td>0,4kW<\/td><td>70 mm<\/td><td>1600*1400*1450mm<\/td><td>600kg<\/td><\/tr><tr><td>DGP-80<\/td><td>300-350 kg\/hora<\/td><td>22kW<\/td><td>0,4kW<\/td><td>0,4kW<\/td><td>80mm<\/td><td>1850*1470*1500m<\/td><td>800kg<\/td><\/tr><\/tbody><\/table><figcaption class=\"wp-element-caption\">especifica\u00e7\u00f5es da m\u00e1quina de pellets de ra\u00e7\u00e3o para peixes<\/figcaption><\/figure>    <p>No geral, \u00e9 baseado na sa\u00edda da m\u00e1quina extrusora de ra\u00e7\u00e3o para peixes para determinar a sa\u00edda espec\u00edfica da linha de produ\u00e7\u00e3o de pellets de ra\u00e7\u00e3o para peixes, selecionar a sa\u00edda da m\u00e1quina de pellets de ra\u00e7\u00e3o para peixes e, em seguida, combinar o equipamento correspondente subsequente necess\u00e1rio.<\/p>    <h2 class=\"wp-block-heading\" id=\"h-successful-case-200-300kg-h-floating-fish-feed-production-process-to-cote-d-ivoire\"><strong><strong>Caso de sucesso: Processo de produ\u00e7\u00e3o de ra\u00e7\u00e3o flutuante para peixes de 200-300 kg\/h para a Costa do Marfim<\/strong><\/strong><\/h2>    <p>Este cliente queria que a m\u00e1quina flutuante de ra\u00e7\u00e3o para peixes produzisse de 200 a 300 kg por hora. De acordo com suas necessidades, nosso gerente de vendas recomendou-lhe a m\u00e1quina tipo 80 correspondente. Al\u00e9m disso, ele tamb\u00e9m queria um secador, um elevador e um misturador para melhorar a efici\u00eancia. <\/p>    <p>Nosso gerente de vendas recomendou a m\u00e1quina certa de acordo com suas necessidades e or\u00e7amento financeiro. Ele finalmente comprou um misturador, dois secadores, dois elevadores e uma peletizadora de ra\u00e7\u00e3o para peixes.<\/p>   <div class=\"wp-block-image\"> <figure class=\"aligncenter size-full\"><img loading=\"lazy\" decoding=\"async\" width=\"720\" height=\"350\" src=\"https:\/\/fishfoodmachinery.com\/wp-content\/uploads\/2022\/09\/200-300kg-per-hour-fish-feed-production-line.webp\" alt=\"Linha de produ\u00e7\u00e3o de ra\u00e7\u00e3o para peixes de 200-300 kg por hora\" class=\"wp-image-100\" title=\"\" srcset=\"https:\/\/fishfoodmachinery.com\/wp-content\/uploads\/2022\/09\/200-300kg-per-hour-fish-feed-production-line.webp 720w, https:\/\/fishfoodmachinery.com\/wp-content\/uploads\/2022\/09\/200-300kg-per-hour-fish-feed-production-line-300x146.webp 300w\" sizes=\"auto, (max-width: 720px) 100vw, 720px\" \/><figcaption class=\"wp-element-caption\">Linha de produ\u00e7\u00e3o de ra\u00e7\u00e3o para peixes de 200-300 kg por hora<\/figcaption><\/figure> <\/div>   <h2 class=\"wp-block-heading\"><strong>Entre em contato conosco agora!<\/strong><\/h2>    <p class=\"translation-block\">Se estiver interessado na linha de produ\u00e7\u00e3o de ra\u00e7\u00e3o flutuante para peixe, contacte-nos, e forneceremos a solu\u00e7\u00e3o \u00f3tima para a <a href=\"https:\/\/en.wikipedia.org\/wiki\/Commercial_fish_feed\" target=\"_blank\" rel=\"noopener\">produ\u00e7\u00e3o de ra\u00e7\u00e3o para peixe<\/a>!<\/p>","protected":false},"excerpt":{"rendered":"<p>A linha de produ\u00e7\u00e3o flutuante de ra\u00e7\u00e3o para peixes \u00e9 uma linha completa de processamento de ra\u00e7\u00e3o para peixes para fazer pellets para peixes, papagaios, camar\u00f5es, etc., com capacidade de 40-350kg\/h.<\/p>","protected":false},"author":1,"featured_media":116,"parent":0,"template":"","tags":[12,24,13,11,10],"product-type":[7],"class_list":["post-49","product","type-product","status-publish","has-post-thumbnail","hentry","tag-dog-food-making-machine","tag-fish-feed","tag-fish-feed-extruder-machine","tag-floating-fish-feed-machine","tag-floating-fish-feed-production-line","product-type-production-line"],"_links":{"self":[{"href":"https:\/\/fishfoodmachinery.com\/pt\/wp-json\/wp\/v2\/product\/49","targetHints":{"allow":["GET"]}}],"collection":[{"href":"https:\/\/fishfoodmachinery.com\/pt\/wp-json\/wp\/v2\/product"}],"about":[{"href":"https:\/\/fishfoodmachinery.com\/pt\/wp-json\/wp\/v2\/types\/product"}],"author":[{"embeddable":true,"href":"https:\/\/fishfoodmachinery.com\/pt\/wp-json\/wp\/v2\/users\/1"}],"wp:featuredmedia":[{"embeddable":true,"href":"https:\/\/fishfoodmachinery.com\/pt\/wp-json\/wp\/v2\/media\/116"}],"wp:attachment":[{"href":"https:\/\/fishfoodmachinery.com\/pt\/wp-json\/wp\/v2\/media?parent=49"}],"wp:term":[{"taxonomy":"post_tag","embeddable":true,"href":"https:\/\/fishfoodmachinery.com\/pt\/wp-json\/wp\/v2\/tags?post=49"},{"taxonomy":"product-type","embeddable":true,"href":"https:\/\/fishfoodmachinery.com\/pt\/wp-json\/wp\/v2\/product-type?post=49"}],"curies":[{"name":"wp","href":"https:\/\/api.w.org\/{rel}","templated":true}]}}