{"id":515,"date":"2023-05-08T10:40:27","date_gmt":"2023-05-08T02:40:27","guid":{"rendered":"https:\/\/fishfoodmachinery.com\/?post_type=product&#038;p=515"},"modified":"2024-06-13T18:29:35","modified_gmt":"2024-06-13T10:29:35","slug":"fish-feed-processing-line","status":"publish","type":"product","link":"https:\/\/fishfoodmachinery.com\/pt\/product\/fish-feed-processing-line\/","title":{"rendered":"Grande linha de processamento de ra\u00e7\u00e3o para peixes para fabrica\u00e7\u00e3o de pellets de ra\u00e7\u00e3o"},"content":{"rendered":"<p class=\"translation-block\">Esta <strong>linha de processamento de ra\u00e7\u00e3o para peixes<\/strong> \u00e9 projetada para a produ\u00e7\u00e3o de pellets de ra\u00e7\u00e3o para peixes grandes com uma capacidade de 180-600kg por hora.<\/p>    <figure class=\"wp-block-embed is-type-video is-provider-youtube wp-block-embed-youtube wp-embed-aspect-16-9 wp-has-aspect-ratio\"><div class=\"wp-block-embed__wrapper\"> <iframe loading=\"lazy\" title=\"Poder da grande linha de produ\u00e7\u00e3o de ra\u00e7\u00e3o flutuante para peixes: Pellets de ra\u00e7\u00e3o para peixes de alta qualidade para aquicultura!\" width=\"500\" height=\"281\" src=\"https:\/\/www.youtube.com\/embed\/yFO01XPddfc?start=32&#038;feature=oembed\" frameborder=\"0\" allow=\"accelerometer; autoplay; clipboard-write; encrypted-media; gyroscope; picture-in-picture; web-share\" referrerpolicy=\"strict-origin-when-cross-origin\" allowfullscreen><\/iframe> <\/div><figcaption class=\"wp-element-caption\">linha de m\u00e1quina para fazer pelotas de ra\u00e7\u00e3o para peixes v\u00eddeo<\/figcaption><\/figure>    <p>Os pellets de ra\u00e7\u00e3o para peixes s\u00e3o um alimento essencial para o processo de aquicultura. Com o desenvolvimento cont\u00ednuo da ind\u00fastria da aquicultura, a demanda por pellets de ra\u00e7\u00e3o para peixes tamb\u00e9m est\u00e1 aumentando.<\/p>    <figure class=\"wp-block-gallery aligncenter has-nested-images columns-default is-cropped wp-block-gallery-2 is-layout-flex wp-block-gallery-is-layout-flex\"> <figure class=\"wp-block-image size-large\"><img loading=\"lazy\" decoding=\"async\" width=\"720\" height=\"540\" data-id=\"184\" src=\"https:\/\/fishfoodmachinery.com\/wp-content\/uploads\/2022\/09\/various-fish-feed-pellets.webp\" alt=\"v\u00e1rios pellets de ra\u00e7\u00e3o para peixes\" class=\"wp-image-184\" title=\"\" srcset=\"https:\/\/fishfoodmachinery.com\/wp-content\/uploads\/2022\/09\/various-fish-feed-pellets.webp 720w, https:\/\/fishfoodmachinery.com\/wp-content\/uploads\/2022\/09\/various-fish-feed-pellets-300x225.webp 300w\" sizes=\"auto, (max-width: 720px) 100vw, 720px\" \/><figcaption class=\"wp-element-caption\">V\u00e1rios pellets de ra\u00e7\u00e3o para peixes<\/figcaption><\/figure>    <figure class=\"wp-block-image size-large\"><img loading=\"lazy\" decoding=\"async\" width=\"540\" height=\"540\" data-id=\"402\" src=\"https:\/\/fishfoodmachinery.com\/wp-content\/uploads\/2023\/01\/floating-fish-pellets.webp\" alt=\"pellets de peixe flutuante\" class=\"wp-image-402\" title=\"\" srcset=\"https:\/\/fishfoodmachinery.com\/wp-content\/uploads\/2023\/01\/floating-fish-pellets.webp 540w, https:\/\/fishfoodmachinery.com\/wp-content\/uploads\/2023\/01\/floating-fish-pellets-300x300.webp 300w, https:\/\/fishfoodmachinery.com\/wp-content\/uploads\/2023\/01\/floating-fish-pellets-150x150.webp 150w\" sizes=\"auto, (max-width: 540px) 100vw, 540px\" \/><figcaption class=\"wp-element-caption\">Pellets de Peixe Flutuantes<\/figcaption><\/figure> <\/figure>    <p>Para atender a demanda do mercado nasceu a linha de processamento de ra\u00e7\u00e3o para peixes. Ele pode processar e tratar diferentes tipos de mat\u00e9rias-primas por meio de uma s\u00e9rie de processamento e, finalmente, produzir pellets de ra\u00e7\u00e3o de alta qualidade adequados para diferentes animais de aquicultura e animais de estima\u00e7\u00e3o.<\/p>    <h2 class=\"wp-block-heading\"><strong>Qual \u00e9 a linha flutuante de processamento de ra\u00e7\u00e3o para peixes?<\/strong><\/h2>    <p>A linha de produ\u00e7\u00e3o de pellets de ra\u00e7\u00e3o para peixes \u00e9 um tipo de equipamento de linha de produ\u00e7\u00e3o especialmente utilizado para produzir ra\u00e7\u00f5es para animais aqu\u00e1ticos como peixes, camar\u00f5es, caranguejos e pargos.<\/p>   <div class=\"wp-block-image\"> <figure class=\"aligncenter size-full\"><img loading=\"lazy\" decoding=\"async\" width=\"720\" height=\"540\" src=\"https:\/\/fishfoodmachinery.com\/wp-content\/uploads\/2023\/05\/floating-fish-feed-processing-line.webp\" alt=\"linha flutuante de processamento de ra\u00e7\u00e3o para peixes\" class=\"wp-image-542\" title=\"\" srcset=\"https:\/\/fishfoodmachinery.com\/wp-content\/uploads\/2023\/05\/floating-fish-feed-processing-line.webp 720w, https:\/\/fishfoodmachinery.com\/wp-content\/uploads\/2023\/05\/floating-fish-feed-processing-line-300x225.webp 300w\" sizes=\"auto, (max-width: 720px) 100vw, 720px\" \/><figcaption class=\"wp-element-caption\">linha flutuante de processamento de ra\u00e7\u00e3o para peixes<\/figcaption><\/figure> <\/div>   <p>Produz pellets de ra\u00e7\u00e3o de diversas especifica\u00e7\u00f5es e formatos atrav\u00e9s do processo de mistura, britagem, modula\u00e7\u00e3o e extrus\u00e3o de diversas mat\u00e9rias-primas. Ao ajustar par\u00e2metros como composi\u00e7\u00e3o, tamanho e formato dos pellets de ra\u00e7\u00e3o, podem ser produzidos pellets de ra\u00e7\u00e3o de alta qualidade adequados para diferentes animais aqu\u00e1ticos.<\/p>    <p>A aplica\u00e7\u00e3o da linha flutuante de processamento de ra\u00e7\u00e3o para peixes pode melhorar a efici\u00eancia da produ\u00e7\u00e3o da ind\u00fastria da aquicultura, reduzir o desperd\u00edcio de ra\u00e7\u00e3o e melhorar os benef\u00edcios econ\u00f4micos da aquicultura.<\/p>    <h2 class=\"wp-block-heading\"><strong>Lista de m\u00e1quinas para fazer pellets de ra\u00e7\u00e3o na linha de produ\u00e7\u00e3o de ra\u00e7\u00e3o para peixes<\/strong><\/h2>   <div class=\"wp-block-image\"> <figure class=\"aligncenter size-full\"><img loading=\"lazy\" decoding=\"async\" width=\"720\" height=\"370\" src=\"https:\/\/fishfoodmachinery.com\/wp-content\/uploads\/2023\/05\/hammer-mill.webp\" alt=\"moinho de martelo\" class=\"wp-image-552\" title=\"\" srcset=\"https:\/\/fishfoodmachinery.com\/wp-content\/uploads\/2023\/05\/hammer-mill.webp 720w, https:\/\/fishfoodmachinery.com\/wp-content\/uploads\/2023\/05\/hammer-mill-300x154.webp 300w\" sizes=\"auto, (max-width: 720px) 100vw, 720px\" \/><figcaption class=\"wp-element-caption\">moinho de martelo<\/figcaption><\/figure> <\/div>  <div class=\"wp-block-image\"> <figure class=\"aligncenter size-full\"><img loading=\"lazy\" decoding=\"async\" width=\"720\" height=\"370\" src=\"https:\/\/fishfoodmachinery.com\/wp-content\/uploads\/2023\/05\/mixer.webp\" alt=\"misturador\" class=\"wp-image-553\" title=\"\" srcset=\"https:\/\/fishfoodmachinery.com\/wp-content\/uploads\/2023\/05\/mixer.webp 720w, https:\/\/fishfoodmachinery.com\/wp-content\/uploads\/2023\/05\/mixer-300x154.webp 300w\" sizes=\"auto, (max-width: 720px) 100vw, 720px\" \/><figcaption class=\"wp-element-caption\">misturador<\/figcaption><\/figure> <\/div>  <div class=\"wp-block-image\"> <figure class=\"aligncenter size-full\"><img loading=\"lazy\" decoding=\"async\" width=\"720\" height=\"370\" src=\"https:\/\/fishfoodmachinery.com\/wp-content\/uploads\/2023\/05\/screw-conveyor.webp\" alt=\"transportador helicoidal\" class=\"wp-image-554\" title=\"\" srcset=\"https:\/\/fishfoodmachinery.com\/wp-content\/uploads\/2023\/05\/screw-conveyor.webp 720w, https:\/\/fishfoodmachinery.com\/wp-content\/uploads\/2023\/05\/screw-conveyor-300x154.webp 300w\" sizes=\"auto, (max-width: 720px) 100vw, 720px\" \/><figcaption class=\"wp-element-caption\">transportador helicoidal<\/figcaption><\/figure> <\/div>  <div class=\"wp-block-image\"> <figure class=\"aligncenter size-full\"><a href=\"https:\/\/fishfoodmachinery.com\/pt\/product\/floating-fish-feed-machine\/\"><img loading=\"lazy\" decoding=\"async\" width=\"720\" height=\"370\" src=\"https:\/\/fishfoodmachinery.com\/wp-content\/uploads\/2023\/05\/fish-feed-machine.webp\" alt=\"m\u00e1quina de ra\u00e7\u00e3o para peixes\" class=\"wp-image-555\" title=\"\" srcset=\"https:\/\/fishfoodmachinery.com\/wp-content\/uploads\/2023\/05\/fish-feed-machine.webp 720w, https:\/\/fishfoodmachinery.com\/wp-content\/uploads\/2023\/05\/fish-feed-machine-300x154.webp 300w\" sizes=\"auto, (max-width: 720px) 100vw, 720px\" \/><\/a><figcaption class=\"wp-element-caption\">m\u00e1quina de ra\u00e7\u00e3o para peixes<\/figcaption><\/figure> <\/div>  <div class=\"wp-block-image\"> <figure class=\"aligncenter size-full\"><img loading=\"lazy\" decoding=\"async\" width=\"720\" height=\"370\" src=\"https:\/\/fishfoodmachinery.com\/wp-content\/uploads\/2023\/05\/dryer-machine.webp\" alt=\"m\u00e1quina de secar\" class=\"wp-image-556\" title=\"\" srcset=\"https:\/\/fishfoodmachinery.com\/wp-content\/uploads\/2023\/05\/dryer-machine.webp 720w, https:\/\/fishfoodmachinery.com\/wp-content\/uploads\/2023\/05\/dryer-machine-300x154.webp 300w\" sizes=\"auto, (max-width: 720px) 100vw, 720px\" \/><figcaption class=\"wp-element-caption\">m\u00e1quina de secar<\/figcaption><\/figure> <\/div>  <div class=\"wp-block-image\"> <figure class=\"aligncenter size-full\"><img loading=\"lazy\" decoding=\"async\" width=\"720\" height=\"370\" src=\"https:\/\/fishfoodmachinery.com\/wp-content\/uploads\/2023\/05\/seasoning-machine.webp\" alt=\"m\u00e1quina de tempero\" class=\"wp-image-557\" title=\"\" srcset=\"https:\/\/fishfoodmachinery.com\/wp-content\/uploads\/2023\/05\/seasoning-machine.webp 720w, https:\/\/fishfoodmachinery.com\/wp-content\/uploads\/2023\/05\/seasoning-machine-300x154.webp 300w\" sizes=\"auto, (max-width: 720px) 100vw, 720px\" \/><figcaption class=\"wp-element-caption\">m\u00e1quina de tempero<\/figcaption><\/figure> <\/div>  <div class=\"wp-block-image\"> <figure class=\"aligncenter size-full\"><img loading=\"lazy\" decoding=\"async\" width=\"720\" height=\"370\" src=\"https:\/\/fishfoodmachinery.com\/wp-content\/uploads\/2023\/05\/package-machine.webp\" alt=\"m\u00e1quina de embalagem\" class=\"wp-image-558\" title=\"\" srcset=\"https:\/\/fishfoodmachinery.com\/wp-content\/uploads\/2023\/05\/package-machine.webp 720w, https:\/\/fishfoodmachinery.com\/wp-content\/uploads\/2023\/05\/package-machine-300x154.webp 300w\" sizes=\"auto, (max-width: 720px) 100vw, 720px\" \/><figcaption class=\"wp-element-caption\">m\u00e1quina de embalagem<\/figcaption><\/figure> <\/div>   <h2 class=\"wp-block-heading\"><strong>Quais s\u00e3o as mat\u00e9rias-primas da alimenta\u00e7\u00e3o dos peixes?<\/strong><\/h2>    <ul class=\"wp-block-list\"> <li><strong>Mat\u00e9rias-primas vegetais<\/strong>: como farelo de soja, milho, trigo, soja, farelo de algod\u00e3o, etc. Essas mat\u00e9rias-primas cont\u00eam uma grande quantidade de prote\u00ednas, carboidratos e gorduras e outros nutrientes.<\/li>    <li><strong>Mat\u00e9rias-primas animais<\/strong>: como farinha de peixe, farinha de camar\u00e3o, farinha de carne e ossos, etc. Essas mat\u00e9rias-primas s\u00e3o ricas em prote\u00ednas e oligoelementos de alta qualidade e outros nutrientes.<\/li>    <li><strong>Mat\u00e9rias-primas mistas<\/strong>: como bolo de soja, isca de peixe, algas marinhas, prote\u00edna em p\u00f3, amino\u00e1cidos, etc. Essas mat\u00e9rias-primas podem melhorar at\u00e9 certo ponto o valor nutricional e o sabor da ra\u00e7\u00e3o.<\/li>    <li><strong>Outras mat\u00e9rias-primas<\/strong>: como fermento em p\u00f3, vitaminas, minerais, acidificantes, enzimas, etc. Essas mat\u00e9rias-primas podem ser utilizadas para melhorar a qualidade e o sabor dos alimentos, al\u00e9m de aumentar a imunidade e o n\u00edvel de sa\u00fade dos peixes.<\/li> <\/ul>    <p>E h\u00e1 uma grande variedade de mat\u00e9rias-primas utilizadas na alimenta\u00e7\u00e3o dos peixes, e diferentes tipos e propor\u00e7\u00f5es de mat\u00e9rias-primas podem ser utilizados de forma flex\u00edvel de acordo com as necessidades alimentares das diferentes esp\u00e9cies e est\u00e1gios de crescimento dos peixes.<\/p>    <h2 class=\"wp-block-heading\"><strong>Como voc\u00ea processa alimentos para peixes?<\/strong> &#8211; <strong>procedimentos da linha de processamento de ra\u00e7\u00e3o para peixes<\/strong><\/h2>    <ul class=\"wp-block-list\"> <li>Tritura\u00e7\u00e3o de mat\u00e9ria-prima: as mat\u00e9rias-primas ser\u00e3o trituradas, tornando as part\u00edculas da mat\u00e9ria-prima de tamanho uniforme e f\u00e1ceis de acompanhar o processamento.<\/li>    <li>Mistura de mat\u00e9rias-primas: misture diferentes mat\u00e9rias-primas de acordo com uma determinada propor\u00e7\u00e3o para fazer uma determinada f\u00f3rmula que garanta o equil\u00edbrio nutricional da ra\u00e7\u00e3o.<\/li>    <li>Extrus\u00e3o: As mat\u00e9rias-primas s\u00e3o formadas e prensadas atrav\u00e9s de moldes e rolos para formar um determinado formato de pellets.<\/li>    <li>Secagem e resfriamento: Os gr\u00e2nulos moldados de ra\u00e7\u00e3o para peixes s\u00e3o secos e resfriados para que fiquem secos por dentro e n\u00e3o pegajosos por fora.<\/li>    <li>Tratamento de temperos: adicione v\u00e1rios sabores que os peixes gostam para deixar a ra\u00e7\u00e3o mais deliciosa<\/li>    <li>Embalagem e armazenamento: Os pellets de ra\u00e7\u00e3o para peixes produzidos s\u00e3o embalados e armazenados para venda e uso.<\/li> <\/ul>    <h2 class=\"wp-block-heading\"><strong>Aplica\u00e7\u00f5es da linha flutuante de processamento de ra\u00e7\u00e3o para peixes<\/strong><\/h2>    <figure class=\"wp-block-gallery aligncenter has-nested-images columns-default is-cropped wp-block-gallery-3 is-layout-flex wp-block-gallery-is-layout-flex\"> <figure class=\"wp-block-image size-large\"><img loading=\"lazy\" decoding=\"async\" width=\"720\" height=\"540\" data-id=\"544\" src=\"https:\/\/fishfoodmachinery.com\/wp-content\/uploads\/2023\/05\/applications-of-the-fish-feed-processing-line.webp\" alt=\"aplica\u00e7\u00f5es da linha de processamento de ra\u00e7\u00e3o para peixes\" class=\"wp-image-544\" title=\"\" srcset=\"https:\/\/fishfoodmachinery.com\/wp-content\/uploads\/2023\/05\/applications-of-the-fish-feed-processing-line.webp 720w, https:\/\/fishfoodmachinery.com\/wp-content\/uploads\/2023\/05\/applications-of-the-fish-feed-processing-line-300x225.webp 300w\" sizes=\"auto, (max-width: 720px) 100vw, 720px\" \/><figcaption class=\"wp-element-caption\">Aplica\u00e7\u00f5es da linha de processamento de ra\u00e7\u00e3o para peixes<\/figcaption><\/figure>    <figure class=\"wp-block-image size-large\"><img loading=\"lazy\" decoding=\"async\" width=\"720\" height=\"540\" data-id=\"545\" src=\"https:\/\/fishfoodmachinery.com\/wp-content\/uploads\/2023\/05\/feed-pellets.webp\" alt=\"pellets de ra\u00e7\u00e3o\" class=\"wp-image-545\" title=\"\" srcset=\"https:\/\/fishfoodmachinery.com\/wp-content\/uploads\/2023\/05\/feed-pellets.webp 720w, https:\/\/fishfoodmachinery.com\/wp-content\/uploads\/2023\/05\/feed-pellets-300x225.webp 300w\" sizes=\"auto, (max-width: 720px) 100vw, 720px\" \/><figcaption class=\"wp-element-caption\">Pellets de alimenta\u00e7\u00e3o<\/figcaption><\/figure> <\/figure>    <ul class=\"wp-block-list\"> <li>Piscicultura: aplic\u00e1vel \u00e0 cria\u00e7\u00e3o de muitos tipos de peixes, como peixes de \u00e1gua doce e de \u00e1gua salgada.<\/li>    <li>Cria\u00e7\u00e3o de camar\u00e3o: lagosta, camar\u00e3o, camar\u00e3o e outros tipos de camar\u00e3o.<\/li>    <li>Cria\u00e7\u00e3o de caranguejo: caranguejos peludos, caranguejos de rio e outros tipos de caranguejos.<\/li>    <li>Cria\u00e7\u00e3o de pargos: pargos, tartarugas e muitos outros r\u00e9pteis.<\/li>    <li>Outra cria\u00e7\u00e3o de animais aqu\u00e1ticos: am\u00eaijoas, ostras, pepinos-do-mar e muitos outros animais aqu\u00e1ticos.<\/li>    <li>Cria\u00e7\u00e3o de animais de estima\u00e7\u00e3o: c\u00e3es, gatos, p\u00e1ssaros, papagaios, etc.<\/li> <\/ul>    <h2 class=\"wp-block-heading\"><strong>Vantagens de usar a linha de processamento de ra\u00e7\u00e3o para peixes <\/strong><\/h2>   <div class=\"wp-block-image\"> <figure class=\"aligncenter size-full\"><img loading=\"lazy\" decoding=\"async\" width=\"720\" height=\"540\" src=\"https:\/\/fishfoodmachinery.com\/wp-content\/uploads\/2023\/05\/large-capacity-fish-feed-processing-line.webp\" alt=\"linha de processamento de ra\u00e7\u00e3o para peixes de grande capacidade\" class=\"wp-image-549\" title=\"\" srcset=\"https:\/\/fishfoodmachinery.com\/wp-content\/uploads\/2023\/05\/large-capacity-fish-feed-processing-line.webp 720w, https:\/\/fishfoodmachinery.com\/wp-content\/uploads\/2023\/05\/large-capacity-fish-feed-processing-line-300x225.webp 300w\" sizes=\"auto, (max-width: 720px) 100vw, 720px\" \/><figcaption class=\"wp-element-caption\">linha de processamento de ra\u00e7\u00e3o para peixes de grande capacidade<\/figcaption><\/figure> <\/div>   <ol class=\"wp-block-list\"> <li>Os pellets de ra\u00e7\u00e3o produzidos pela linha flutuante de processamento de ra\u00e7\u00e3o para peixes t\u00eam formato regular e tamanho uniforme, o que favorece a alimenta\u00e7\u00e3o, digest\u00e3o e absor\u00e7\u00e3o dos peixes.<\/li>    <li>Os pellets de ra\u00e7\u00e3o t\u00eam bom sabor e textura equilibrada, o que contribui para melhorar o apetite e a taxa de crescimento dos peixes.<\/li>    <li>Os pellets de ra\u00e7\u00e3o fabricados pela <a href=\"https:\/\/taizyagromachine.com\/product\/fish-feed-extruder\/\" target=\"_blank\" rel=\"noreferrer noopener\">m\u00e1quina flutuante de alimenta\u00e7\u00e3o de peixes<\/a> possuem uma composi\u00e7\u00e3o nutricional equilibrada, que pode atender \u00e0s necessidades nutricionais de diferentes esp\u00e9cies e fases de crescimento dos peixes.<\/li>    <li>Alta efici\u00eancia de produ\u00e7\u00e3o, pode realizar a produ\u00e7\u00e3o autom\u00e1tica, melhorar a efici\u00eancia da produ\u00e7\u00e3o e reduzir os custos de produ\u00e7\u00e3o.<\/li>    <li>Pode produzir pellets de ra\u00e7\u00e3o de diversas especifica\u00e7\u00f5es e formatos, que podem atender \u00e0s necessidades de alimenta\u00e7\u00e3o de diferentes peixes.<\/li>    <li>Os pellets de ra\u00e7\u00e3o s\u00e3o solidamente formados e possuem boa resist\u00eancia \u00e0 \u00e1gua, o que pode reduzir o desperd\u00edcio de ra\u00e7\u00e3o e a polui\u00e7\u00e3o da \u00e1gua.<\/li> <\/ol>    <h2 class=\"wp-block-heading\"><strong>Caso de sucesso: linha de produ\u00e7\u00e3o flutuante de pelotas de ra\u00e7\u00e3o para peixes de 300-350 kg\/h vendida para a \u00cdndia<\/strong><\/h2>    <p>Um fornecedor da \u00cdndia comprou uma linha de processamento de ra\u00e7\u00e3o para peixes de 300-350 kg\/h para produzir pellets de peixe de alta qualidade para atender \u00e0 demanda do mercado local. <\/p>    <p>A linha foi cuidadosamente projetada e fabricada para atender aos requisitos de produ\u00e7\u00e3o de alta intensidade e alta efici\u00eancia. <\/p>    <p>O cliente apreciou muito a qualidade e estabilidade da linha e tamb\u00e9m expressou que continuar\u00e1 a cooperar conosco para desenvolvermos juntos o mercado local.<\/p>    <figure class=\"wp-block-gallery aligncenter has-nested-images columns-default is-cropped wp-block-gallery-4 is-layout-flex wp-block-gallery-is-layout-flex\"> <figure class=\"wp-block-image size-large\"><img loading=\"lazy\" decoding=\"async\" width=\"600\" height=\"540\" data-id=\"547\" src=\"https:\/\/fishfoodmachinery.com\/wp-content\/uploads\/2023\/05\/fish-feed-pellet-machine-for-sale.webp\" alt=\"Venda m\u00e1quina de pellets de ra\u00e7\u00e3o para peixes\" class=\"wp-image-547\" title=\"\" srcset=\"https:\/\/fishfoodmachinery.com\/wp-content\/uploads\/2023\/05\/fish-feed-pellet-machine-for-sale.webp 600w, https:\/\/fishfoodmachinery.com\/wp-content\/uploads\/2023\/05\/fish-feed-pellet-machine-for-sale-300x270.webp 300w\" sizes=\"auto, (max-width: 600px) 100vw, 600px\" \/><figcaption class=\"wp-element-caption\">M\u00e1quina de pellets de ra\u00e7\u00e3o para peixes para venda<\/figcaption><\/figure>    <figure class=\"wp-block-image size-large\"><img loading=\"lazy\" decoding=\"async\" width=\"600\" height=\"540\" data-id=\"548\" src=\"https:\/\/fishfoodmachinery.com\/wp-content\/uploads\/2023\/05\/package-and-shipping.webp\" alt=\"pacote e envio\" class=\"wp-image-548\" title=\"\" srcset=\"https:\/\/fishfoodmachinery.com\/wp-content\/uploads\/2023\/05\/package-and-shipping.webp 600w, https:\/\/fishfoodmachinery.com\/wp-content\/uploads\/2023\/05\/package-and-shipping-300x270.webp 300w\" sizes=\"auto, (max-width: 600px) 100vw, 600px\" \/><figcaption class=\"wp-element-caption\">Pacote e envio<\/figcaption><\/figure> <\/figure>","protected":false},"excerpt":{"rendered":"<p>A linha de processamento de ra\u00e7\u00e3o para peixes \u00e9 projetada para a produ\u00e7\u00e3o de grandes pellets de ra\u00e7\u00e3o para peixes com uma produ\u00e7\u00e3o de 180-600kg por hora, a partir de fub\u00e1, farelo de arroz, etc. <\/p>","protected":false},"author":1,"featured_media":518,"parent":0,"template":"","tags":[24],"product-type":[7],"class_list":["post-515","product","type-product","status-publish","has-post-thumbnail","hentry","tag-fish-feed","product-type-production-line"],"_links":{"self":[{"href":"https:\/\/fishfoodmachinery.com\/pt\/wp-json\/wp\/v2\/product\/515","targetHints":{"allow":["GET"]}}],"collection":[{"href":"https:\/\/fishfoodmachinery.com\/pt\/wp-json\/wp\/v2\/product"}],"about":[{"href":"https:\/\/fishfoodmachinery.com\/pt\/wp-json\/wp\/v2\/types\/product"}],"author":[{"embeddable":true,"href":"https:\/\/fishfoodmachinery.com\/pt\/wp-json\/wp\/v2\/users\/1"}],"wp:featuredmedia":[{"embeddable":true,"href":"https:\/\/fishfoodmachinery.com\/pt\/wp-json\/wp\/v2\/media\/518"}],"wp:attachment":[{"href":"https:\/\/fishfoodmachinery.com\/pt\/wp-json\/wp\/v2\/media?parent=515"}],"wp:term":[{"taxonomy":"post_tag","embeddable":true,"href":"https:\/\/fishfoodmachinery.com\/pt\/wp-json\/wp\/v2\/tags?post=515"},{"taxonomy":"product-type","embeddable":true,"href":"https:\/\/fishfoodmachinery.com\/pt\/wp-json\/wp\/v2\/product-type?post=515"}],"curies":[{"name":"wp","href":"https:\/\/api.w.org\/{rel}","templated":true}]}}