{"id":61,"date":"2022-09-06T06:23:56","date_gmt":"2022-09-06T06:23:56","guid":{"rendered":"https:\/\/fishfoodmachinery.com\/?post_type=product&#038;p=61"},"modified":"2025-03-14T17:53:16","modified_gmt":"2025-03-14T09:53:16","slug":"dog-food-making-machine","status":"publish","type":"product","link":"https:\/\/fishfoodmachinery.com\/pt\/product\/dog-food-making-machine\/","title":{"rendered":"M\u00e1quina de fazer comida para c\u00e3es | m\u00e1quina de comida para animais de estima\u00e7\u00e3o"},"content":{"rendered":"<p>Esta m\u00e1quina de fabrica\u00e7\u00e3o de alimentos para c\u00e3es \u00e9 usada para produzir ra\u00e7\u00e3o para v\u00e1rios animais de estima\u00e7\u00e3o, como gatos, c\u00e3es, tartarugas, papagaios, etc. A m\u00e1quina de alimentos para animais de estima\u00e7\u00e3o possui v\u00e1rias capacidades e pode ser equipada com a linha de produ\u00e7\u00e3o de pellets de alimenta\u00e7\u00e3o correspondente. Esta m\u00e1quina de comida de cachorro pode produzir v\u00e1rios tipos de alimentos para animais de estima\u00e7\u00e3o em forma de peculiar, o que \u00e9 muito atraente para animais de estima\u00e7\u00e3o. Al\u00e9m disso, a alimenta\u00e7\u00e3o produzida \u00e9 rica em valor nutricional, o que \u00e9 ben\u00e9fico para o crescimento dos animais. Se voc\u00ea estiver interessado nesse tipo de m\u00e1quina, seja bem -vindo para entrar em contato conosco!<\/p>    <figure class=\"wp-block-embed is-type-video is-provider-youtube wp-block-embed-youtube wp-embed-aspect-16-9 wp-has-aspect-ratio\"><div class=\"wp-block-embed__wrapper\"> <iframe loading=\"lazy\" title=\"Produ\u00e7\u00e3o de alimentos para animais de estima\u00e7\u00e3o de alta qualidade | M\u00e1quina de pellets de alimenta\u00e7\u00e3o de peixe para fabrica\u00e7\u00e3o de alimentos para c\u00e3es e gatos da China\" width=\"500\" height=\"281\" src=\"https:\/\/www.youtube.com\/embed\/Fl3OMKCRPe0?feature=oembed\" frameborder=\"0\" allow=\"accelerometer; autoplay; clipboard-write; encrypted-media; gyroscope; picture-in-picture; web-share\" referrerpolicy=\"strict-origin-when-cross-origin\" allowfullscreen><\/iframe> <\/div><figcaption class=\"wp-element-caption\">m\u00e1quina de comida para animais de estima\u00e7\u00e3o<\/figcaption><\/figure>    <h2 class=\"wp-block-heading\" id=\"h-advantages-of-the-dog-food-making-machine\"><strong>Vantagens da m\u00e1quina de fazer ra\u00e7\u00e3o para cachorro<\/strong><strong><\/strong><\/h2>    <ol class=\"wp-block-list\"> <li>Uma ampla gama de aplica\u00e7\u00f5es. A m\u00e1quina autom\u00e1tica de ra\u00e7\u00e3o para c\u00e3es pode produzir pellets de ra\u00e7\u00e3o para c\u00e3es, gatos, tartarugas, papagaios, peixes, etc.<\/li>    <li>V\u00e1rias capacidades. Esta extrusora de ra\u00e7\u00e3o para animais de estima\u00e7\u00e3o \u00e0 venda tem capacidade que varia de 40kg por hora a 350kg por hora. Claro, se voc\u00ea quiser uma capacidade maior, tamb\u00e9m podemos fornecer equipamentos para fabrica\u00e7\u00e3o de ra\u00e7\u00e3o para c\u00e3es.<\/li>    <li>Formatos ricos de pellets de ra\u00e7\u00e3o. O <a href=\"https:\/\/fishfoodmachinery.com\/pt\/product\/floating-fish-feed-machine\/\" target=\"_blank\" rel=\"noreferrer noopener\">extrusora de comida para cachorro<\/a> possui diferentes modelos para produzir formas de alimenta\u00e7\u00e3o atraentes e bonitas.<\/li>    <li>Produzir ra\u00e7\u00f5es que atendam ao paladar dos animais. Este\u00a0fabricante de ra\u00e7\u00e3o para c\u00e3es\u00a0pode produzir esse tipo de ra\u00e7\u00e3o, que est\u00e1 mais de acordo com o sabor da ra\u00e7\u00e3o animal.<\/li> <\/ol>   <div class=\"wp-block-image\"> <figure class=\"aligncenter size-full\"><img loading=\"lazy\" decoding=\"async\" width=\"720\" height=\"540\" src=\"https:\/\/fishfoodmachinery.com\/wp-content\/uploads\/2022\/09\/feed-pellet-machine-in-stock.webp\" alt=\"m\u00e1quina de pellets de alimenta\u00e7\u00e3o em estoque\" class=\"wp-image-129\" title=\"\" srcset=\"https:\/\/fishfoodmachinery.com\/wp-content\/uploads\/2022\/09\/feed-pellet-machine-in-stock.webp 720w, https:\/\/fishfoodmachinery.com\/wp-content\/uploads\/2022\/09\/feed-pellet-machine-in-stock-300x225.webp 300w\" sizes=\"auto, (max-width: 720px) 100vw, 720px\" \/><figcaption class=\"wp-element-caption\">m\u00e1quina de pellets de alimenta\u00e7\u00e3o em estoque<\/figcaption><\/figure> <\/div>   <h2 class=\"wp-block-heading\" id=\"h-why-produce-dog-food\"><strong>Por que produzir comida para cachorro?<\/strong><\/h2>    <p>Porque a ra\u00e7\u00e3o produzida pela m\u00e1quina de fazer ra\u00e7\u00e3o para c\u00e3es tem muitas vantagens.<\/p>    <ol class=\"wp-block-list\"> <li>A comida para c\u00e3es cont\u00e9m nutrientes para os c\u00e3es melhorarem a imunidade, pode melhorar muito a capacidade do c\u00e3o de resistir a doen\u00e7as, n\u00e3o \u00e9 f\u00e1cil ficar doente e prolongar a vida do c\u00e3o.<\/li>    <li>A ra\u00e7\u00e3o para c\u00e3es tem baixo teor de umidade, \u00e9 f\u00e1cil de armazenar e n\u00e3o \u00e9 f\u00e1cil de estragar as vantagens. Isso pode garantir a seguran\u00e7a alimentar dos animais de estima\u00e7\u00e3o, evitando animais de estima\u00e7\u00e3o devido \u00e0 coleta de alimentos vencidos, mofados e estragados, causados \u200b\u200bpor diversas doen\u00e7as.<\/li>    <li>Uma variedade de especifica\u00e7\u00f5es de embalagens de ra\u00e7\u00e3o para c\u00e3es, simples de usar, f\u00e1ceis de transportar, podem atender em diferentes ambientes e permitem que o animal coma a melhor comida.<\/li> <\/ol>   <div class=\"wp-block-image\"> <figure class=\"aligncenter size-full\"><img loading=\"lazy\" decoding=\"async\" width=\"720\" height=\"200\" src=\"https:\/\/fishfoodmachinery.com\/wp-content\/uploads\/2022\/09\/pet-food-products.webp\" alt=\"produtos alimentares para animais de estima\u00e7\u00e3o\" class=\"wp-image-124\" title=\"\" srcset=\"https:\/\/fishfoodmachinery.com\/wp-content\/uploads\/2022\/09\/pet-food-products.webp 720w, https:\/\/fishfoodmachinery.com\/wp-content\/uploads\/2022\/09\/pet-food-products-300x83.webp 300w\" sizes=\"auto, (max-width: 720px) 100vw, 720px\" \/><figcaption class=\"wp-element-caption\">produtos alimentares para animais de estima\u00e7\u00e3o<\/figcaption><\/figure> <\/div>   <h2 class=\"wp-block-heading\" id=\"h-taizy-machinery-the-top-choice-for-dog-food-making-machine\"><strong>Taizy Machinery - a melhor escolha para m\u00e1quina de fazer ra\u00e7\u00e3o para c\u00e3es<\/strong><strong><\/strong><\/h2>    <ul class=\"wp-block-list\"> <li>Integrado com produ\u00e7\u00e3o e vendas. A empresa Taizy tem o neg\u00f3cio de fabrica\u00e7\u00e3o e comercializa\u00e7\u00e3o em conjunto, o que \u00e9 mais profissional na ind\u00fastria de pellets de ra\u00e7\u00e3o.<\/li>    <li>Pre\u00e7o competitivo. Porque temos f\u00e1brica pr\u00f3pria e tamb\u00e9m prestamos aten\u00e7\u00e3o \u00e0 qualidade da m\u00e1quina. A m\u00e1quina de fazer comida para gatos tem vantagens de pre\u00e7o. Comparada a outras empresas, a m\u00e1quina Taizy para fazer ra\u00e7\u00e3o para cachorro tem pre\u00e7o barato e boa qualidade.<\/li>    <li>Per\u00edodo de garantia de um ano. Depois de comprar o maquin\u00e1rio de processamento de alimentos para animais de estima\u00e7\u00e3o, voc\u00ea ter\u00e1 um per\u00edodo de garantia de um ano.<\/li>    <li>Servi\u00e7o de suporte. Tamb\u00e9m fornecemos servi\u00e7o online, suporte de v\u00eddeo, manual da m\u00e1quina, etc.<\/li> <\/ul>    <h2 class=\"wp-block-heading\" id=\"h-successful-case-the-dog-food-machine-for-sale-to-angola\"><strong>Caso de sucesso: <a href=\"https:\/\/taizyagromachine.com\/info\/dog-food-making-machine-sold-to-angola\/?swcfpc=1\" target=\"_blank\" rel=\"noreferrer noopener\">a m\u00e1quina de ra\u00e7\u00e3o para c\u00e3es \u00e0 venda para Angola<\/a><\/strong><\/h2>    <p>O cliente Angola perguntou sobre a m\u00e1quina de produ\u00e7\u00e3o de ra\u00e7\u00e3o para c\u00e3es. Porque ele tem uma f\u00e1brica de pellets de ra\u00e7\u00e3o para vender diversos alimentos para animais de estima\u00e7\u00e3o. Nosso gerente de vendas apresentou detalhadamente nossa m\u00e1quina de pellets de ra\u00e7\u00e3o para animais de estima\u00e7\u00e3o e enviou as informa\u00e7\u00f5es relevantes da m\u00e1quina. O cliente Angola solicitou alguns detalhes da m\u00e1quina, como modelo, pot\u00eancia, etc. Ap\u00f3s confirmar todos os detalhes, assinamos o contrato.<\/p>   <div class=\"wp-block-image\"> <figure class=\"aligncenter size-full\"><img loading=\"lazy\" decoding=\"async\" width=\"720\" height=\"540\" src=\"https:\/\/fishfoodmachinery.com\/wp-content\/uploads\/2022\/09\/pet-food-machine-package.webp\" alt=\"pacote de m\u00e1quina de alimentos para animais de estima\u00e7\u00e3o\" class=\"wp-image-132\" title=\"\" srcset=\"https:\/\/fishfoodmachinery.com\/wp-content\/uploads\/2022\/09\/pet-food-machine-package.webp 720w, https:\/\/fishfoodmachinery.com\/wp-content\/uploads\/2022\/09\/pet-food-machine-package-300x225.webp 300w\" sizes=\"auto, (max-width: 720px) 100vw, 720px\" \/><figcaption class=\"wp-element-caption\">pacote de m\u00e1quina de alimentos para animais de estima\u00e7\u00e3o<\/figcaption><\/figure> <\/div>   <h2 class=\"wp-block-heading\" id=\"h-technical-parameters-of-commercial-dog-good-making-machine\"><strong>Par\u00e2metros t\u00e9cnicos da m\u00e1quina comercial de fabrica\u00e7\u00e3o de produtos para c\u00e3es<\/strong><strong><\/strong><\/h2>    <figure class=\"wp-block-table\"><table><tbody><tr><td>Modelo<\/td><td>Capacidade<\/td><td>Alimenta\u00e7\u00e3o principal<\/td><td>Poder do cortador<\/td><td>Alimenta\u00e7\u00e3o de energia<\/td><td>Di\u00e2metro do parafuso<\/td><td>Tamanho<\/td><td>Peso<\/td><\/tr><tr><td>DGP-40<\/td><td>40-50 kg\/hora<\/td><td>7,5 kW<\/td><td>0,4kW<\/td><td>0,4kW<\/td><td>40mm<\/td><td>1260*860*1250mm<\/td><td>290kg<\/td><\/tr><tr><td>DGP-60<\/td><td>150kg\/h<\/td><td>15kW<\/td><td>0,4kW<\/td><td>0,4kW<\/td><td>60mm<\/td><td>1450*950*1430mm<\/td><td>480kg<\/td><\/tr><tr><td>DGP-70<\/td><td>180-250 kg\/hora<\/td><td>18,5 kW<\/td><td>0,4kW<\/td><td>0,4kW<\/td><td>70 mm<\/td><td>1600*1400*1450mm<\/td><td>600kg<\/td><\/tr><tr><td>DGP-80<\/td><td>300-350 kg\/hora<\/td><td>22kW<\/td><td>0,4kW<\/td><td>0,4kW<\/td><td>80mm<\/td><td>1850*1470*1500m<\/td><td>800kg<\/td><\/tr><\/tbody><\/table><figcaption class=\"wp-element-caption\">Dados da m\u00e1quina de fabrica\u00e7\u00e3o de alimentos para c\u00e3es e gatos<\/figcaption><\/figure>    <h2 class=\"wp-block-heading\"><strong>V\u00eddeo de funcionamento da m\u00e1quina de fazer ra\u00e7\u00e3o para c\u00e3es<\/strong><\/h2>    <figure class=\"wp-block-embed is-type-video is-provider-youtube wp-block-embed-youtube wp-embed-aspect-16-9 wp-has-aspect-ratio\"><div class=\"wp-block-embed__wrapper\"> <iframe loading=\"lazy\" title=\"M\u00e1quina de fazer comida para c\u00e3es | M\u00e1quina de processamento de alimentos secos para animais de estima\u00e7\u00e3o | M\u00e1quina de pellets de ra\u00e7\u00e3o para peixes #petfood\" width=\"500\" height=\"281\" src=\"https:\/\/www.youtube.com\/embed\/mtaRugKvzg0?feature=oembed\" frameborder=\"0\" allow=\"accelerometer; autoplay; clipboard-write; encrypted-media; gyroscope; picture-in-picture; web-share\" referrerpolicy=\"strict-origin-when-cross-origin\" allowfullscreen><\/iframe> <\/div><figcaption class=\"wp-element-caption\">m\u00e1quina de fazer comida para cachorro<\/figcaption><\/figure>","protected":false},"excerpt":{"rendered":"<p>This dog food making machine is used to produce feed for various pets, such as cats, dogs, turtles, parrots, etc. The pet food machine has various capacities and can be equipped with the corresponding feed pellet production line. This dog food machine can produce various kinds of peculiar-shaped pet food, which is very attractive for [&hellip;]<\/p>\n","protected":false},"author":1,"featured_media":126,"parent":0,"template":"","tags":[24,13,11,17],"product-type":[8],"class_list":["post-61","product","type-product","status-publish","has-post-thumbnail","hentry","tag-fish-feed","tag-fish-feed-extruder-machine","tag-floating-fish-feed-machine","tag-new-type-fish-feed-extruder-machine","product-type-fish-feed-pellet-machine"],"_links":{"self":[{"href":"https:\/\/fishfoodmachinery.com\/pt\/wp-json\/wp\/v2\/product\/61","targetHints":{"allow":["GET"]}}],"collection":[{"href":"https:\/\/fishfoodmachinery.com\/pt\/wp-json\/wp\/v2\/product"}],"about":[{"href":"https:\/\/fishfoodmachinery.com\/pt\/wp-json\/wp\/v2\/types\/product"}],"author":[{"embeddable":true,"href":"https:\/\/fishfoodmachinery.com\/pt\/wp-json\/wp\/v2\/users\/1"}],"wp:featuredmedia":[{"embeddable":true,"href":"https:\/\/fishfoodmachinery.com\/pt\/wp-json\/wp\/v2\/media\/126"}],"wp:attachment":[{"href":"https:\/\/fishfoodmachinery.com\/pt\/wp-json\/wp\/v2\/media?parent=61"}],"wp:term":[{"taxonomy":"post_tag","embeddable":true,"href":"https:\/\/fishfoodmachinery.com\/pt\/wp-json\/wp\/v2\/tags?post=61"},{"taxonomy":"product-type","embeddable":true,"href":"https:\/\/fishfoodmachinery.com\/pt\/wp-json\/wp\/v2\/product-type?post=61"}],"curies":[{"name":"wp","href":"https:\/\/api.w.org\/{rel}","templated":true}]}}