{"id":63,"date":"2022-09-06T06:27:36","date_gmt":"2022-09-06T06:27:36","guid":{"rendered":"https:\/\/fishfoodmachinery.com\/?post_type=product&#038;p=63"},"modified":"2024-06-11T16:55:30","modified_gmt":"2024-06-11T08:55:30","slug":"animal-feed-pellet-machine-for-sale","status":"publish","type":"product","link":"https:\/\/fishfoodmachinery.com\/pt\/product\/animal-feed-pellet-machine-for-sale\/","title":{"rendered":"M\u00e1quina de pellets de ra\u00e7\u00e3o animal para frango, gado, ovelha, pato, coelho"},"content":{"rendered":"<p class=\"translation-block\"><strong>M\u00e1quina de pellets de ra\u00e7\u00e3o animal<\/strong>, tamb\u00e9m chamada de moinho de pellets de matriz plana, moinho de pellets de ra\u00e7\u00e3o, \u00e9 usada principalmente para produzir v\u00e1rios tipos de ra\u00e7\u00e3o animal, como gado, coelhos, porcos, frangos, ovelhas, e assim por diante. <\/p>    <p>A capacidade de produ\u00e7\u00e3o varia de 120kg por hora a 1200kg por hora. Portanto, n\u00e3o importa o tamanho da sua f\u00e1brica ou confinamento, nossa peletizadora para ra\u00e7\u00e3o para gado sempre atender\u00e1 \u00e0s suas necessidades.<\/p>    <p>Al\u00e9m disso, nosso equipamento de pelotiza\u00e7\u00e3o possui certificado CE. E muitas vezes s\u00e3o vendidos a granel. Se voc\u00ea est\u00e1 interessado neste tipo de m\u00e1quina, entre em contato conosco\uff01<\/p>    <figure class=\"wp-block-embed is-type-video is-provider-youtube wp-block-embed-youtube wp-embed-aspect-16-9 wp-has-aspect-ratio\"><div class=\"wp-block-embed__wrapper\"> <iframe loading=\"lazy\" title=\"Venda quente moinho de pellets de ra\u00e7\u00e3o para aves, ra\u00e7\u00e3o para gado, ra\u00e7\u00e3o para coelhos: M\u00e1quina de fabrica\u00e7\u00e3o de ra\u00e7\u00e3o animal\" width=\"500\" height=\"281\" src=\"https:\/\/www.youtube.com\/embed\/9AQQHeaSnsM?feature=oembed\" frameborder=\"0\" allow=\"accelerometer; autoplay; clipboard-write; encrypted-media; gyroscope; picture-in-picture; web-share\" referrerpolicy=\"strict-origin-when-cross-origin\" allowfullscreen><\/iframe> <\/div><figcaption class=\"wp-element-caption\">v\u00eddeo de trabalho da m\u00e1quina de pelotiza\u00e7\u00e3o de ra\u00e7\u00e3o animal<\/figcaption><\/figure>    <h2 class=\"wp-block-heading\" id=\"h-applications-of-the-animal-feed-pellets-making-machine\"><strong>Aplica\u00e7\u00f5es da m\u00e1quina para fabricar pellets de ra\u00e7\u00e3o animal<\/strong><strong><\/strong><\/h2>    <p class=\"translation-block\">A<strong> <\/strong>m\u00e1quina de pellets de ra\u00e7\u00e3o animal tem uma ampla gama de aplica\u00e7\u00f5es, pellets de ra\u00e7\u00e3o para animais. Os detalhes est\u00e3o listados abaixo:<\/p>   <div class=\"wp-block-image\"> <figure class=\"aligncenter size-full\"><img loading=\"lazy\" decoding=\"async\" width=\"750\" height=\"710\" src=\"https:\/\/fishfoodmachinery.com\/wp-content\/uploads\/2022\/09\/cattle-poultry-feed-pellets-making.webp\" alt=\"fabrica\u00e7\u00e3o de pellets de ra\u00e7\u00e3o para gado e aves\" class=\"wp-image-135\" title=\"\" srcset=\"https:\/\/fishfoodmachinery.com\/wp-content\/uploads\/2022\/09\/cattle-poultry-feed-pellets-making.webp 750w, https:\/\/fishfoodmachinery.com\/wp-content\/uploads\/2022\/09\/cattle-poultry-feed-pellets-making-300x284.webp 300w\" sizes=\"auto, (max-width: 750px) 100vw, 750px\" \/><figcaption class=\"wp-element-caption\">fabrica\u00e7\u00e3o de pellets de ra\u00e7\u00e3o para gado e aves<\/figcaption><\/figure> <\/div>   <h2 class=\"wp-block-heading\" id=\"h-commercial-animal-feed-pellet-machine-for-sale\"><strong>Venda m\u00e1quina comercial de pellets de ra\u00e7\u00e3o animal<\/strong><strong><\/strong><\/h2>    <h3 class=\"wp-block-heading\" id=\"h-1st-type-electric-chicken-feed-pellet-machine\"><strong>1\u00ba tipo: m\u00e1quina el\u00e9trica de pellets de ra\u00e7\u00e3o para frango<\/strong><\/h3>    <figure class=\"wp-block-gallery aligncenter has-nested-images columns-default is-cropped wp-block-gallery-2 is-layout-flex wp-block-gallery-is-layout-flex\"> <figure class=\"wp-block-image size-large\"><img loading=\"lazy\" decoding=\"async\" width=\"720\" height=\"540\" data-id=\"137\" src=\"https:\/\/fishfoodmachinery.com\/wp-content\/uploads\/2022\/09\/electric-motor-chicken-feed-pellet-machine.webp\" alt=\"m\u00e1quina el\u00e9trica da pelota da alimenta\u00e7\u00e3o da galinha do motor\" class=\"wp-image-137\" title=\"\" srcset=\"https:\/\/fishfoodmachinery.com\/wp-content\/uploads\/2022\/09\/electric-motor-chicken-feed-pellet-machine.webp 720w, https:\/\/fishfoodmachinery.com\/wp-content\/uploads\/2022\/09\/electric-motor-chicken-feed-pellet-machine-300x225.webp 300w\" sizes=\"auto, (max-width: 720px) 100vw, 720px\" \/><figcaption class=\"wp-element-caption\">M\u00e1quina de pellets de ra\u00e7\u00e3o para frango com motor el\u00e9trico<\/figcaption><\/figure>    <figure class=\"wp-block-image size-large\"><img loading=\"lazy\" decoding=\"async\" width=\"2560\" height=\"1920\" data-id=\"138\" src=\"https:\/\/fishfoodmachinery.com\/wp-content\/uploads\/2022\/09\/integrated-electric-poultry-feed-pellet-machine.webp\" alt=\"M\u00e1quina el\u00e9trica integrada de pellets de ra\u00e7\u00e3o para aves\" class=\"wp-image-138\" title=\"\" srcset=\"https:\/\/fishfoodmachinery.com\/wp-content\/uploads\/2022\/09\/integrated-electric-poultry-feed-pellet-machine.webp 2560w, https:\/\/fishfoodmachinery.com\/wp-content\/uploads\/2022\/09\/integrated-electric-poultry-feed-pellet-machine-300x225.webp 300w, https:\/\/fishfoodmachinery.com\/wp-content\/uploads\/2022\/09\/integrated-electric-poultry-feed-pellet-machine-1024x768.webp 1024w, https:\/\/fishfoodmachinery.com\/wp-content\/uploads\/2022\/09\/integrated-electric-poultry-feed-pellet-machine-768x576.webp 768w, https:\/\/fishfoodmachinery.com\/wp-content\/uploads\/2022\/09\/integrated-electric-poultry-feed-pellet-machine-1536x1152.webp 1536w, https:\/\/fishfoodmachinery.com\/wp-content\/uploads\/2022\/09\/integrated-electric-poultry-feed-pellet-machine-2048x1536.webp 2048w\" sizes=\"auto, (max-width: 2560px) 100vw, 2560px\" \/><figcaption class=\"wp-element-caption\">M\u00e1quina el\u00e9trica integrada de pellets para alimenta\u00e7\u00e3o de aves<\/figcaption><\/figure> <\/figure>    <h3 class=\"wp-block-heading\" id=\"h-2nd-type-diesel-engine-rabbit-pellet-making-machine\"><strong>2\u00ba tipo: m\u00e1quina de fazer pelotas de coelho com motor diesel<\/strong><\/h3>   <div class=\"wp-block-image\"> <figure class=\"aligncenter size-full\"><img loading=\"lazy\" decoding=\"async\" width=\"720\" height=\"540\" src=\"https:\/\/fishfoodmachinery.com\/wp-content\/uploads\/2022\/09\/diesel-engine-feed-pellet-mill.webp\" alt=\"moinho de pelotiza\u00e7\u00e3o para alimenta\u00e7\u00e3o de motor diesel\" class=\"wp-image-140\" title=\"\" srcset=\"https:\/\/fishfoodmachinery.com\/wp-content\/uploads\/2022\/09\/diesel-engine-feed-pellet-mill.webp 720w, https:\/\/fishfoodmachinery.com\/wp-content\/uploads\/2022\/09\/diesel-engine-feed-pellet-mill-300x225.webp 300w\" sizes=\"auto, (max-width: 720px) 100vw, 720px\" \/><figcaption class=\"wp-element-caption\">moinho de pelotiza\u00e7\u00e3o para alimenta\u00e7\u00e3o de motor diesel<\/figcaption><\/figure> <\/div>   <h3 class=\"wp-block-heading\" id=\"h-3rd-type-gasoline-rabbit-pellet-making-machine\"><strong>3\u00ba tipo: m\u00e1quina de fazer pellets de coelho a gasolina<\/strong><\/h3>    <figure class=\"wp-block-gallery aligncenter has-nested-images columns-default is-cropped wp-block-gallery-3 is-layout-flex wp-block-gallery-is-layout-flex\"> <figure class=\"wp-block-image size-large\"><img loading=\"lazy\" decoding=\"async\" width=\"720\" height=\"540\" data-id=\"141\" src=\"https:\/\/fishfoodmachinery.com\/wp-content\/uploads\/2022\/09\/gasoline-engine-feed-pellet-mill.webp\" alt=\"moinho de pelotiza\u00e7\u00e3o para alimenta\u00e7\u00e3o de motor a gasolina\" class=\"wp-image-141\" title=\"\" srcset=\"https:\/\/fishfoodmachinery.com\/wp-content\/uploads\/2022\/09\/gasoline-engine-feed-pellet-mill.webp 720w, https:\/\/fishfoodmachinery.com\/wp-content\/uploads\/2022\/09\/gasoline-engine-feed-pellet-mill-300x225.webp 300w\" sizes=\"auto, (max-width: 720px) 100vw, 720px\" \/><figcaption class=\"wp-element-caption\">Moinho de pelotiza\u00e7\u00e3o para alimenta\u00e7\u00e3o de motor a gasolina<\/figcaption><\/figure>    <figure class=\"wp-block-image size-large\"><img loading=\"lazy\" decoding=\"async\" width=\"720\" height=\"540\" data-id=\"142\" src=\"https:\/\/fishfoodmachinery.com\/wp-content\/uploads\/2022\/09\/gasoline-engine-flat-die-pellet-mill.webp\" alt=\"moinho de pelotiza\u00e7\u00e3o de matriz plana com motor a gasolina\" class=\"wp-image-142\" title=\"\" srcset=\"https:\/\/fishfoodmachinery.com\/wp-content\/uploads\/2022\/09\/gasoline-engine-flat-die-pellet-mill.webp 720w, https:\/\/fishfoodmachinery.com\/wp-content\/uploads\/2022\/09\/gasoline-engine-flat-die-pellet-mill-300x225.webp 300w\" sizes=\"auto, (max-width: 720px) 100vw, 720px\" \/><figcaption class=\"wp-element-caption\">Moinho de pelotiza\u00e7\u00e3o de matriz plana com motor a gasolina<\/figcaption><\/figure> <\/figure>    <h3 class=\"wp-block-heading\" id=\"h-4th-type-pto-driven-goat-feed-pellet-making-machine\"><strong>4\u00ba tipo: M\u00e1quina para fabricar pelotas de ra\u00e7\u00e3o para cabras acionada por tomada de for\u00e7a<\/strong><\/h3>   <div class=\"wp-block-image\"> <figure class=\"aligncenter size-full\"><img loading=\"lazy\" decoding=\"async\" width=\"720\" height=\"540\" src=\"https:\/\/fishfoodmachinery.com\/wp-content\/uploads\/2022\/09\/PTO-driven-feed-pellet-making-machine.webp\" alt=\"M\u00e1quina de fabrica\u00e7\u00e3o de pellets de ra\u00e7\u00e3o acionada por tomada de for\u00e7a\" class=\"wp-image-145\" title=\"\" srcset=\"https:\/\/fishfoodmachinery.com\/wp-content\/uploads\/2022\/09\/PTO-driven-feed-pellet-making-machine.webp 720w, https:\/\/fishfoodmachinery.com\/wp-content\/uploads\/2022\/09\/PTO-driven-feed-pellet-making-machine-300x225.webp 300w\" sizes=\"auto, (max-width: 720px) 100vw, 720px\" \/><figcaption class=\"wp-element-caption\">M\u00e1quina de fabrica\u00e7\u00e3o de pellets de ra\u00e7\u00e3o acionada por tomada de for\u00e7a<\/figcaption><\/figure> <\/div>   <h2 class=\"wp-block-heading\" id=\"h-spotlights-of-the-cattle-feed-pellet-machine\"><strong>Destaques da peletizadora de ra\u00e7\u00e3o para gado<\/strong><strong><\/strong><\/h2>    <ol class=\"wp-block-list\" style=\"list-style-type:1\"> <li>A peletizadora para ra\u00e7\u00e3o para frangos possui leveza, f\u00e1cil opera\u00e7\u00e3o e estrutura simples.<\/li>    <li>Esta peletizadora de ra\u00e7\u00e3o animal pode produzir ra\u00e7\u00e3o para gado, ra\u00e7\u00e3o para cabras, ra\u00e7\u00e3o para coelhos, ra\u00e7\u00e3o para su\u00ednos, ra\u00e7\u00e3o para coelhos, etc.<\/li>    <li>A capacidade varia de 120kg a 1200kg. Se voc\u00ea quiser a linha de produ\u00e7\u00e3o, tamb\u00e9m temos dispon\u00edvel a planta de pelotiza\u00e7\u00e3o de ra\u00e7\u00e3o para gado.<\/li> <\/ol>    <h2 class=\"wp-block-heading\" id=\"h-technical-parameters-of-the-animal-feed-pellet-machine\"><strong>Par\u00e2metros t\u00e9cnicos da peletizadora de ra\u00e7\u00e3o animal<\/strong><strong><\/strong><\/h2>    <figure class=\"wp-block-table\"><table><tbody><tr><td>Modelo&nbsp;<\/td><td>Capacidade<\/td><td>Poder<\/td><td>Di\u00e2metro da placa do molde<\/td><td>Tamanho<\/td><td>Peso<\/td><\/tr><tr><td>KL-120<\/td><td>120kg\/hora<\/td><td>3kW<\/td><td>120mm<\/td><td>750*320*610mm<\/td><td>100kg<\/td><\/tr><tr><td>KL-150<\/td><td>150kg\/h<\/td><td>3kW<\/td><td>150mm<\/td><td>750*350*650mm<\/td><td>190kg<\/td><\/tr><tr><td>KL-210<\/td><td>400kg\/hora<\/td><td>7,5 kW<\/td><td>210 mm<\/td><td>1000*450*960mm<\/td><td>230kg<\/td><\/tr><tr><td>KBL-260<\/td><td>800kg\/hora<\/td><td>15kW<\/td><td>260 mm<\/td><td>1460*460*1150mm<\/td><td>360kg<\/td><\/tr><tr><td>KBL-300<\/td><td>1000-1200 kg\/h<\/td><td>22kW<\/td><td>300 mm<\/td><td>1360*570*1150mm<\/td><td>450kg<\/td><\/tr><\/tbody><\/table><figcaption class=\"wp-element-caption\">par\u00e2metros do peletizador de alimenta\u00e7\u00e3o<\/figcaption><\/figure>    <h2 class=\"wp-block-heading\" id=\"h-consumable-parts-of-the-poultry-animal-feed-pellet-machine\"><strong>Pe\u00e7as consum\u00edveis da m\u00e1quina de pelotiza\u00e7\u00e3o de ra\u00e7\u00e3o para aves<\/strong><\/h2>    <p class=\"translation-block\"><strong>Rolo de prensagem e placa de molde<\/strong><\/p>    <p>O acima s\u00e3o os materiais consum\u00edveis. Portanto, ao usar a peletizadora de ra\u00e7\u00e3o para coelhos, preste aten\u00e7\u00e3o nesta parte.<\/p>   <div class=\"wp-block-image\"> <figure class=\"aligncenter size-full\"><img loading=\"lazy\" decoding=\"async\" width=\"720\" height=\"500\" src=\"https:\/\/fishfoodmachinery.com\/wp-content\/uploads\/2022\/09\/press-roller-and-mould-plate.webp\" alt=\"pressione o rolo e a placa do molde\" class=\"wp-image-147\" title=\"\" srcset=\"https:\/\/fishfoodmachinery.com\/wp-content\/uploads\/2022\/09\/press-roller-and-mould-plate.webp 720w, https:\/\/fishfoodmachinery.com\/wp-content\/uploads\/2022\/09\/press-roller-and-mould-plate-300x208.webp 300w\" sizes=\"auto, (max-width: 720px) 100vw, 720px\" \/><figcaption class=\"wp-element-caption\">pressione o rolo e a placa do molde<\/figcaption><\/figure> <\/div>   <h2 class=\"wp-block-heading\" id=\"h-start-a-mini-production-line-for-feed-pellets\"><strong>Inicie uma mini linha de produ\u00e7\u00e3o de pellets de ra\u00e7\u00e3o<\/strong><strong><\/strong><\/h2>    <p>Na verdade, se voc\u00ea tiver or\u00e7amento suficiente, pode considerar a compra de uma linha simples de produ\u00e7\u00e3o de pellets de ra\u00e7\u00e3o animal.<\/p>    <p>Cortador de palha\/triturador de grama\/cortador de palha e moedor de gr\u00e3os \u2192 misturador \u2192 funil \u2192 m\u00e1quina de pellets de ra\u00e7\u00e3o animal<\/p>    <p>Um simples: moedor de gr\u00e3os com cortador de palha combinado \u2192 moinho de pellets para ra\u00e7\u00e3o animal<\/p>    <p>\u00a0\u00a0\u00a0\u00a0\u00a0\u00a0\u00a0\u00a0\u00a0\u00a0 9FQ\u2192m\u00e1quina de fazer ra\u00e7\u00e3o para cabras<\/p>    <h2 class=\"wp-block-heading\" id=\"h-successful-case-the-animal-food-pellet-machine-shipping-to-nigeria\"><strong>Caso de sucesso: a m\u00e1quina de pellets de ra\u00e7\u00e3o animal enviada para a Nig\u00e9ria<\/strong><\/h2>    <p class=\"translation-block\">O cliente nigeriano procurou primeiro a <a href=\"https:\/\/fishfoodmachinery.com\/pt\/product\/floating-fish-feed-machine\/\" target=\"_blank\" rel=\"noreferrer noopener\">m\u00e1quina de ra\u00e7\u00e3o flutuante para peixes<\/a> para produzir ra\u00e7\u00e3o para frangos. Durante a comunica\u00e7\u00e3o, nosso gerente de vendas soube que seu or\u00e7amento era insuficiente. Assim, o gerente de vendas recomendou a m\u00e1quina de produ\u00e7\u00e3o de pellets de ra\u00e7\u00e3o animal. <\/p>    <p>Esta m\u00e1quina para fazer pellets de frango tem um pre\u00e7o vantajoso e a mesma fun\u00e7\u00e3o. Atrav\u00e9s do bate-papo, o cliente nigeriano conheceu a m\u00e1quina e preferiu esta peletizadora de ra\u00e7\u00e3o. Finalmente, ele encomendou 5 conjuntos e exigiu que fossem entregues na Nig\u00e9ria.<\/p>   <div class=\"wp-block-image\"> <figure class=\"aligncenter size-full\"><img loading=\"lazy\" decoding=\"async\" width=\"750\" height=\"562\" src=\"https:\/\/fishfoodmachinery.com\/wp-content\/uploads\/2022\/09\/feed-pellet-making-machine-in-stock.webp\" alt=\"m\u00e1quina de fazer pellets de ra\u00e7\u00e3o em estoque\" class=\"wp-image-146\" title=\"\" srcset=\"https:\/\/fishfoodmachinery.com\/wp-content\/uploads\/2022\/09\/feed-pellet-making-machine-in-stock.webp 750w, https:\/\/fishfoodmachinery.com\/wp-content\/uploads\/2022\/09\/feed-pellet-making-machine-in-stock-300x225.webp 300w\" sizes=\"auto, (max-width: 750px) 100vw, 750px\" \/><figcaption class=\"wp-element-caption\">m\u00e1quina de fazer pellets de ra\u00e7\u00e3o em estoque<\/figcaption><\/figure> <\/div>   <h2 class=\"wp-block-heading\"><strong>Contate-nos para mais detalhes da m\u00e1quina!<\/strong><\/h2>    <p class=\"translation-block\">Voc\u00ea quer um moinho de pellets custo-efetivo para produ\u00e7\u00e3o de <a href=\"https:\/\/en.wikipedia.org\/wiki\/Animal_feed\" target=\"_blank\" rel=\"noopener\">ra\u00e7\u00e3o animal<\/a>? Se sim, entre em contato conosco e n\u00f3s forneceremos a voc\u00ea a solu\u00e7\u00e3o ideal.<\/p>","protected":false},"excerpt":{"rendered":"<p>A peletizadora de ra\u00e7\u00e3o animal \u00e9 usada principalmente para produzir v\u00e1rios tipos de ra\u00e7\u00e3o animal, como bovinos, coelhos, porcos, galinhas e ovelhas, com capacidade de 120-1200kg\/h.<\/p>","protected":false},"author":1,"featured_media":134,"parent":0,"template":"","tags":[53],"product-type":[9],"class_list":["post-63","product","type-product","status-publish","has-post-thumbnail","hentry","tag-animal-feed","product-type-animal-feed-pellet-machine"],"_links":{"self":[{"href":"https:\/\/fishfoodmachinery.com\/pt\/wp-json\/wp\/v2\/product\/63","targetHints":{"allow":["GET"]}}],"collection":[{"href":"https:\/\/fishfoodmachinery.com\/pt\/wp-json\/wp\/v2\/product"}],"about":[{"href":"https:\/\/fishfoodmachinery.com\/pt\/wp-json\/wp\/v2\/types\/product"}],"author":[{"embeddable":true,"href":"https:\/\/fishfoodmachinery.com\/pt\/wp-json\/wp\/v2\/users\/1"}],"wp:featuredmedia":[{"embeddable":true,"href":"https:\/\/fishfoodmachinery.com\/pt\/wp-json\/wp\/v2\/media\/134"}],"wp:attachment":[{"href":"https:\/\/fishfoodmachinery.com\/pt\/wp-json\/wp\/v2\/media?parent=63"}],"wp:term":[{"taxonomy":"post_tag","embeddable":true,"href":"https:\/\/fishfoodmachinery.com\/pt\/wp-json\/wp\/v2\/tags?post=63"},{"taxonomy":"product-type","embeddable":true,"href":"https:\/\/fishfoodmachinery.com\/pt\/wp-json\/wp\/v2\/product-type?post=63"}],"curies":[{"name":"wp","href":"https:\/\/api.w.org\/{rel}","templated":true}]}}