{"id":67,"date":"2022-09-06T06:31:46","date_gmt":"2022-09-06T06:31:46","guid":{"rendered":"https:\/\/fishfoodmachinery.com\/?post_type=product&#038;p=67"},"modified":"2024-12-23T11:19:31","modified_gmt":"2024-12-23T03:19:31","slug":"new-type-fish-pellet-making-machine","status":"publish","type":"product","link":"https:\/\/fishfoodmachinery.com\/pt\/product\/new-type-fish-pellet-making-machine\/","title":{"rendered":"Novo tipo de m\u00e1quina de fazer pellets de peixe"},"content":{"rendered":"<p class=\"translation-block\">Esta m\u00e1quina de fazer pellets de peixe foi concebida recentemente com base na anterior<a href=\"https:\/\/fishfoodmachinery.com\/pt\/product\/floating-fish-feed-machine\/\" target=\"_blank\" rel=\"noreferrer noopener\"> m\u00e1quina de fazer ra\u00e7\u00e3o de peixe flutuante<\/a>. Este moinho de pellets de peixe tem uma estrutura integrada, mais conveniente e f\u00e1cil de usar. Tem a mesma fun\u00e7\u00e3o: produzir v\u00e1rios pellets de ra\u00e7\u00e3o. A m\u00e1quina de processamento de ra\u00e7\u00e3o de peixe \u00e9 fabricada sob um rigoroso sistema de controlo de qualidade, pelo que a qualidade da m\u00e1quina \u00e9 boa. Al\u00e9m disso, a m\u00e1quina de ra\u00e7\u00e3o de peixe flutuante Taizy \u00e9 exportada para Peru, Angola, N\u00edger, Gana, etc. Se estiver interessado, entre em contacto connosco imediatamente para mais informa\u00e7\u00f5es!<\/p>    <h2 class=\"wp-block-heading\" id=\"h-structure-of-the-floating-fish-pellet-making-machine\"><strong>Estrutura da m\u00e1quina flutuante de fabrica\u00e7\u00e3o de pelotas de peixe<\/strong><\/h2>    <p class=\"translation-block\">Na verdade, a composi\u00e7\u00e3o da <a href=\"https:\/\/taizyagromachine.com\/product\/fish-feed-extruder\/\" target=\"_blank\" rel=\"noreferrer noopener\">m\u00e1quina de alimentos para peixes \u00e0 venda<\/a> \u00e9 muito f\u00e1cil de entender. O dispositivo de controle da m\u00e1quina est\u00e1 em uma condi\u00e7\u00e3o fechada. Controlar a m\u00e1quina s\u00f3 precisa operar o painel de controle externo. De acordo com o processo de produ\u00e7\u00e3o, a m\u00e1quina \u00e9 aproximadamente entrada, aquecimento, faca de corte e sa\u00edda.<\/p>   <div class=\"wp-block-image\"> <figure class=\"aligncenter size-full\"><img loading=\"lazy\" decoding=\"async\" width=\"720\" height=\"540\" src=\"https:\/\/fishfoodmachinery.com\/wp-content\/uploads\/2022\/09\/floating-fish-feed-pellet-machine-structure.webp\" alt=\"estrutura flutuante da m\u00e1quina da pelota da alimenta\u00e7\u00e3o dos peixes\" class=\"wp-image-153\" title=\"\" srcset=\"https:\/\/fishfoodmachinery.com\/wp-content\/uploads\/2022\/09\/floating-fish-feed-pellet-machine-structure.webp 720w, https:\/\/fishfoodmachinery.com\/wp-content\/uploads\/2022\/09\/floating-fish-feed-pellet-machine-structure-300x225.webp 300w\" sizes=\"auto, (max-width: 720px) 100vw, 720px\" \/><figcaption class=\"wp-element-caption\">estrutura flutuante da m\u00e1quina da pelota da alimenta\u00e7\u00e3o dos peixes<\/figcaption><\/figure> <\/div>   <h2 class=\"wp-block-heading\" id=\"h-advantages-of-the-fish-feed-pellet-making-machine\"><strong>Vantagens da m\u00e1quina para fabricar pellets de ra\u00e7\u00e3o para peixes<\/strong><strong><\/strong><\/h2>    <ul class=\"wp-block-list\" type=\"1\"> <li>Estrutura simples, ampla adaptabilidade.<\/li>    <li>Menos espa\u00e7o e baixo ru\u00eddo.<\/li>    <li>A alimenta\u00e7\u00e3o em pellets \u00e9 mais prop\u00edcia ao armazenamento.<\/li>    <li>A alimenta\u00e7\u00e3o de animais pode obter maiores benef\u00edcios econ\u00f3micos.<\/li>    <li>Os pellets de ra\u00e7\u00e3o produzidos possuem superf\u00edcie lisa e matura\u00e7\u00e3o interna, o que pode melhorar a digest\u00e3o e absor\u00e7\u00e3o de nutrientes.<\/li>    <li>O processo de forma\u00e7\u00e3o de pellets da m\u00e1quina de fazer pellets de peixe pode reduzir doen\u00e7as do sistema digestivo de v\u00e1rios insetos.<\/li> <\/ul>    <h2 class=\"wp-block-heading\" id=\"h-what-are-the-spotlights-of-the-new-type-fish-feed-pelleting-machine\"><strong>Quais s\u00e3o os destaques do novo tipo de peletizadora de ra\u00e7\u00e3o para peixes\uff1f<\/strong><\/h2>    <ul class=\"wp-block-list\" type=\"1\"> <li>Estrutura de m\u00e1quina integrada, baixo ru\u00eddo.<\/li>    <li>F\u00e1cil opera\u00e7\u00e3o, opere apenas no painel de controle.<\/li>    <li>Uso mais conveniente da m\u00e1quina.<\/li>    <li>Simples de substituir os moldes.<\/li>    <li>Tecnologia avan\u00e7ada, produzindo uma ra\u00e7\u00e3o mais atrativa e saborosa.<\/li> <\/ul>   <div class=\"wp-block-image\"> <figure class=\"aligncenter size-full\"><img loading=\"lazy\" decoding=\"async\" width=\"720\" height=\"540\" src=\"https:\/\/fishfoodmachinery.com\/wp-content\/uploads\/2022\/09\/newly-designed-fish-pellet-machine.webp\" alt=\"m\u00e1quina de pellets de peixe rec\u00e9m-projetada\" class=\"wp-image-155\" title=\"\" srcset=\"https:\/\/fishfoodmachinery.com\/wp-content\/uploads\/2022\/09\/newly-designed-fish-pellet-machine.webp 720w, https:\/\/fishfoodmachinery.com\/wp-content\/uploads\/2022\/09\/newly-designed-fish-pellet-machine-300x225.webp 300w\" sizes=\"auto, (max-width: 720px) 100vw, 720px\" \/><figcaption class=\"wp-element-caption\">m\u00e1quina de pellets de peixe rec\u00e9m-projetada<\/figcaption><\/figure> <\/div>   <h2 class=\"wp-block-heading\" id=\"h-successful-case-floating-fish-feed-pellet-machine-delivered-to-cote-d-ivoire\"><strong>Caso de sucesso: m\u00e1quina flutuante de pellets de ra\u00e7\u00e3o para peixes entregue na Costa do Marfim<\/strong><\/h2>    <p>Este cliente \u00e9 um cliente regular. Desta vez foi uma compra repetida. Por isso, recomendamos a ele nosso novo moinho de pellets de ra\u00e7\u00e3o para peixes. Al\u00e9m disso, apresentamos as caracter\u00edsticas vantajosas desta nova m\u00e1quina para fabricar pellets de peixe. Devido \u00e0 longa coopera\u00e7\u00e3o, a confian\u00e7a foi constru\u00edda, ent\u00e3o o cliente fez um pedido. Depois de receber a m\u00e1quina e utiliz\u00e1-la por um per\u00edodo de tempo, ele disse que o feedback do cliente foi particularmente bom e que era uma m\u00e1quina muito pr\u00e1tica.<\/p>   <div class=\"wp-block-image\"> <figure class=\"aligncenter size-full\"><img loading=\"lazy\" decoding=\"async\" width=\"720\" height=\"540\" src=\"https:\/\/fishfoodmachinery.com\/wp-content\/uploads\/2022\/09\/new-type-floating-fish-food-machine-in-stock.webp\" alt=\"novo tipo de m\u00e1quina flutuante de comida de peixe em estoque\" class=\"wp-image-156\" title=\"\" srcset=\"https:\/\/fishfoodmachinery.com\/wp-content\/uploads\/2022\/09\/new-type-floating-fish-food-machine-in-stock.webp 720w, https:\/\/fishfoodmachinery.com\/wp-content\/uploads\/2022\/09\/new-type-floating-fish-food-machine-in-stock-300x225.webp 300w\" sizes=\"auto, (max-width: 720px) 100vw, 720px\" \/><figcaption class=\"wp-element-caption\">novo tipo de m\u00e1quina flutuante de comida de peixe em estoque<\/figcaption><\/figure> <\/div>   <h2 class=\"wp-block-heading\" id=\"h-technical-parameters-of-the-commercial-fish-pellet-making-machine\"><strong>Par\u00e2metros t\u00e9cnicos da m\u00e1quina comercial de fabrica\u00e7\u00e3o de pellets de peixe<\/strong><strong><\/strong><\/h2>    <figure class=\"wp-block-table\"><table><tbody><tr><td>Modelo<\/td><td>Capacidade<\/td><td>Alimenta\u00e7\u00e3o principal<\/td><td>Poder do cortador<\/td><td>Alimenta\u00e7\u00e3o de energia<\/td><td>Di\u00e2metro do parafuso<\/td><td>Tamanho<\/td><td>Peso<\/td><\/tr><tr><td>DGP-40<\/td><td>40-50 kg\/hora<\/td><td>7,5 kW<\/td><td>0,4kW<\/td><td>0,4kW<\/td><td>40mm<\/td><td>1260*860*1250mm<\/td><td>290kg<\/td><\/tr><tr><td>DGP-60<\/td><td>150kg\/h<\/td><td>15kW<\/td><td>0,4kW<\/td><td>0,4kW<\/td><td>60mm<\/td><td>1450*950*1430mm<\/td><td>480kg<\/td><\/tr><tr><td>DGP-70<\/td><td>180-250 kg\/hora<\/td><td>18,5 kW<\/td><td>0,4kW<\/td><td>0,4kW<\/td><td>70 mm<\/td><td>1600*1400*1450mm<\/td><td>600kg<\/td><\/tr><tr><td>DGP-80<\/td><td>300-350 kg\/hora<\/td><td>22kW<\/td><td>0,4kW<\/td><td>0,4kW<\/td><td>80mm<\/td><td>1850*1470*1500m<\/td><td>800kg<\/td><\/tr><\/tbody><\/table><\/figure>","protected":false},"excerpt":{"rendered":"<p>This fish pellet making machine is newly designed on the basis of the previous floating fish food making machine. This fish pellet mill has an integrated structure, more convenient and easy to use. It has the same function: produce various feed pellets. The fish food processing machine is manufactured under the strict quality control system, [&hellip;]<\/p>\n","protected":false},"author":1,"featured_media":150,"parent":0,"template":"","tags":[24,20,10,19],"product-type":[8],"class_list":["post-67","product","type-product","status-publish","has-post-thumbnail","hentry","tag-fish-feed","tag-fish-feed-pellet-machine","tag-floating-fish-feed-production-line","tag-pet-food-making-machine","product-type-fish-feed-pellet-machine"],"_links":{"self":[{"href":"https:\/\/fishfoodmachinery.com\/pt\/wp-json\/wp\/v2\/product\/67","targetHints":{"allow":["GET"]}}],"collection":[{"href":"https:\/\/fishfoodmachinery.com\/pt\/wp-json\/wp\/v2\/product"}],"about":[{"href":"https:\/\/fishfoodmachinery.com\/pt\/wp-json\/wp\/v2\/types\/product"}],"author":[{"embeddable":true,"href":"https:\/\/fishfoodmachinery.com\/pt\/wp-json\/wp\/v2\/users\/1"}],"wp:featuredmedia":[{"embeddable":true,"href":"https:\/\/fishfoodmachinery.com\/pt\/wp-json\/wp\/v2\/media\/150"}],"wp:attachment":[{"href":"https:\/\/fishfoodmachinery.com\/pt\/wp-json\/wp\/v2\/media?parent=67"}],"wp:term":[{"taxonomy":"post_tag","embeddable":true,"href":"https:\/\/fishfoodmachinery.com\/pt\/wp-json\/wp\/v2\/tags?post=67"},{"taxonomy":"product-type","embeddable":true,"href":"https:\/\/fishfoodmachinery.com\/pt\/wp-json\/wp\/v2\/product-type?post=67"}],"curies":[{"name":"wp","href":"https:\/\/api.w.org\/{rel}","templated":true}]}}