{"id":70,"date":"2022-09-06T06:34:15","date_gmt":"2022-09-06T06:34:15","guid":{"rendered":"https:\/\/fishfoodmachinery.com\/?post_type=product&#038;p=70"},"modified":"2024-12-23T11:19:50","modified_gmt":"2024-12-23T03:19:50","slug":"dry-type-fish-feed-extruder-machine","status":"publish","type":"product","link":"https:\/\/fishfoodmachinery.com\/pt\/product\/dry-type-fish-feed-extruder-machine\/","title":{"rendered":"M\u00e1quina extrusora de ra\u00e7\u00e3o para peixes tipo seco"},"content":{"rendered":"<p class=\"translation-block\">Esta m\u00e1quina extrusora de ra\u00e7\u00e3o para peixes \u00e9 utilizada para a produ\u00e7\u00e3o de pellets de ra\u00e7\u00e3o para peixes pelo m\u00e9todo seco. Ela \u00e9 principalmente separada da \u00e1rea de produ\u00e7\u00e3o de pellets de ra\u00e7\u00e3o para peixes \u00famidos. Este m\u00e9todo seco de <a href=\"https:\/\/taizyagromachine.com\/product\/fish-feed-extruder\/?swcfpc=1\" target=\"_blank\" rel=\"noreferrer noopener\">m\u00e1quina de puffing de ra\u00e7\u00e3o para peixes<\/a> tritura e mistura diretamente as mat\u00e9rias-primas, puffando-as diretamente em pellets, muito conveniente e eficiente. Se voc\u00ea est\u00e1 interessado neste tipo de m\u00e1quina, entre em contato conosco!<\/p>    <h2 class=\"wp-block-heading\" id=\"h-why-use-dry-puffing-instead-of-wet-puffing\"><strong>Por que usar o sopro seco em vez do sopro \u00famido?<\/strong><strong><\/strong><\/h2>    <ul class=\"wp-block-list\" type=\"1\"> <li>Melhore a taxa de utiliza\u00e7\u00e3o digestiva do material. O material \u00e9 feito diretamente e a taxa de utiliza\u00e7\u00e3o \u00e9 aumentada.<\/li>    <li>Reduza o conte\u00fado bacteriano do material. Por ser uma temperatura alta instant\u00e2nea, pode reduzir as bact\u00e9rias at\u00e9 certo ponto.<\/li> <\/ul>   <div class=\"wp-block-image\"> <figure class=\"aligncenter size-full\"><img loading=\"lazy\" decoding=\"async\" width=\"720\" height=\"720\" src=\"https:\/\/fishfoodmachinery.com\/wp-content\/uploads\/2022\/09\/fish-feed-pellet-machine.webp\" alt=\"m\u00e1quina da pelota da alimenta\u00e7\u00e3o dos peixes\" class=\"wp-image-113\" title=\"\" srcset=\"https:\/\/fishfoodmachinery.com\/wp-content\/uploads\/2022\/09\/fish-feed-pellet-machine.webp 720w, https:\/\/fishfoodmachinery.com\/wp-content\/uploads\/2022\/09\/fish-feed-pellet-machine-300x300.webp 300w, https:\/\/fishfoodmachinery.com\/wp-content\/uploads\/2022\/09\/fish-feed-pellet-machine-150x150.webp 150w\" sizes=\"auto, (max-width: 720px) 100vw, 720px\" \/><figcaption class=\"wp-element-caption\">m\u00e1quina da pelota da alimenta\u00e7\u00e3o dos peixes<\/figcaption><\/figure> <\/div>   <h2 class=\"wp-block-heading\" id=\"h-taizy-machinery-the-top-fish-feed-extruder-machine-manufacturer-supplier\"><strong><a href=\"https:\/\/fishfoodmachinery.com\/pt\/about-us\/\" target=\"_blank\" rel=\"noreferrer noopener\">M\u00e1quinas Taizy<\/a>- o principal fabricante e fornecedor de m\u00e1quina extrusora de ra\u00e7\u00e3o para peixes<\/strong><\/h2>    <ol class=\"wp-block-list\" type=\"1\"> <li>Forne\u00e7a as m\u00e1quinas completas. Porque em Taizy, n\u00e3o temos apenas a \u00fanica m\u00e1quina de pelotiza\u00e7\u00e3o de ra\u00e7\u00e3o para peixes do tipo seco, mas tamb\u00e9m fornecemos a linha de produ\u00e7\u00e3o de ra\u00e7\u00e3o para peixes. Voc\u00ea pode comprar o que precisa de uma s\u00f3 vez, muito conveniente.<\/li>    <li>Equipe de vendas profissional. Nossa equipe est\u00e1 muito familiarizada com a extrusora de ra\u00e7\u00e3o para animais de estima\u00e7\u00e3o e pode recomendar a base de m\u00e1quina mais adequada \u00e0s suas demandas.<\/li>    <li>Pre\u00e7o competitivo. Estamos integrados com a fabrica\u00e7\u00e3o e fornecimento, por isso nossa m\u00e1quina tem vantagens de pre\u00e7o.<\/li>    <li>Servi\u00e7o p\u00f3s-venda. Taizy tamb\u00e9m oferece servi\u00e7o p\u00f3s-venda para apoiar o neg\u00f3cio do cliente, utilizando a m\u00e1quina sem problemas.<\/li> <\/ol>    <h2 class=\"wp-block-heading\" id=\"h-how-to-purchase-taizy-fish-feed-extruder-machine\"><strong>Como comprar a m\u00e1quina extrusora de ra\u00e7\u00e3o para peixes Taizy?<\/strong><\/h2>    <p>Quando voc\u00ea estiver interessado em comprar uma peletizadora de ra\u00e7\u00e3o para peixes, voc\u00ea pode compr\u00e1-la de nossa parte seguindo alguns passos.<\/p>    <ul class=\"wp-block-list\"> <li>Entre em contato conosco: via WhatsApp ou e-mail est\u00e3o dispon\u00edveis.<\/li>    <li>Providencie um gerente de vendas: providenciaremos um profissional para interagir com voc\u00ea e apresentar as informa\u00e7\u00f5es relevantes da m\u00e1quina.<\/li>    <li>Fa\u00e7a o pedido: O comprador determinar\u00e1 os detalhes da m\u00e1quina por meio de comunica\u00e7\u00e3o.<\/li>    <li>Assine o contrato: Assine o contrato do pedido e determine a forma de pagamento e outras quest\u00f5es.<\/li>    <li>Produ\u00e7\u00e3o e pagamento: Pague o dep\u00f3sito e inicie a produ\u00e7\u00e3o da m\u00e1quina; ap\u00f3s o t\u00e9rmino da produ\u00e7\u00e3o, pague o saldo e providencie a entrega.<\/li>    <li>Transporte: Ap\u00f3s a conclus\u00e3o de todos os processos acima, embalaremos a m\u00e1quina e ela chegar\u00e1 ao seu destino por via mar\u00edtima (em geral).<\/li> <\/ul>   <div class=\"wp-block-image\"> <figure class=\"aligncenter size-full\"><img loading=\"lazy\" decoding=\"async\" width=\"720\" height=\"350\" src=\"https:\/\/fishfoodmachinery.com\/wp-content\/uploads\/2022\/09\/fish-feed-pellet-mill-in-stock.webp\" alt=\"moinho de pellets de ra\u00e7\u00e3o para peixes em estoque\" class=\"wp-image-161\" title=\"\" srcset=\"https:\/\/fishfoodmachinery.com\/wp-content\/uploads\/2022\/09\/fish-feed-pellet-mill-in-stock.webp 720w, https:\/\/fishfoodmachinery.com\/wp-content\/uploads\/2022\/09\/fish-feed-pellet-mill-in-stock-300x146.webp 300w\" sizes=\"auto, (max-width: 720px) 100vw, 720px\" \/><figcaption class=\"wp-element-caption\">moinho de pellets de ra\u00e7\u00e3o para peixes em estoque<\/figcaption><\/figure> <\/div>   <h2 class=\"wp-block-heading\" id=\"h-successful-case-100-150kg-h-fish-feed-pellet-mill-exported-to-peru\"><strong><strong>Caso de sucesso: f\u00e1brica de pellets de ra\u00e7\u00e3o para peixes de 100-150 kg\/h exportada para o Peru<\/strong><\/strong><\/h2>    <p>Nossa m\u00e1quina flutuante de fabrica\u00e7\u00e3o de ra\u00e7\u00e3o para peixes do tipo seco \u00e9 t\u00e3o popular que muitas vezes conseguimos que distribuidores a comprem de n\u00f3s. Este cliente peruano \u00e9 um revendedor que j\u00e1 importou esta m\u00e1quina de Taizy e a vendeu muito bem, ent\u00e3o desta vez ele a comprou novamente de n\u00f3s. Ele disse que nossa m\u00e1quina tem bom desempenho, alta efici\u00eancia e ampla aplica\u00e7\u00e3o, e os clientes gostam muito desta m\u00e1quina.<\/p>   <div class=\"wp-block-image\"> <figure class=\"aligncenter size-full\"><img loading=\"lazy\" decoding=\"async\" width=\"720\" height=\"540\" src=\"https:\/\/fishfoodmachinery.com\/wp-content\/uploads\/2022\/09\/fish-feed-extruder-machine-manufacturer.webp\" alt=\"fabricante de m\u00e1quina extrusora de ra\u00e7\u00e3o para peixes\" class=\"wp-image-160\" title=\"\" srcset=\"https:\/\/fishfoodmachinery.com\/wp-content\/uploads\/2022\/09\/fish-feed-extruder-machine-manufacturer.webp 720w, https:\/\/fishfoodmachinery.com\/wp-content\/uploads\/2022\/09\/fish-feed-extruder-machine-manufacturer-300x225.webp 300w\" sizes=\"auto, (max-width: 720px) 100vw, 720px\" \/><figcaption class=\"wp-element-caption\">fabricante de m\u00e1quina extrusora de ra\u00e7\u00e3o para peixes<\/figcaption><\/figure> <\/div>   <h2 class=\"wp-block-heading\" id=\"h-technical-parameters-of-the-floating-fish-feed-extruder-machine\"><strong>Par\u00e2metros t\u00e9cnicos do <a href=\"https:\/\/fishfoodmachinery.com\/pt\/product\/floating-fish-feed-machine\/\" target=\"_blank\" rel=\"noreferrer noopener\">m\u00e1quina extrusora flutuante de ra\u00e7\u00e3o para peixes<\/a><\/strong><\/h2>    <figure class=\"wp-block-table\"><table><tbody><tr><td>Modelo<\/td><td>Capacidade<\/td><td>Alimenta\u00e7\u00e3o principal<\/td><td>Poder do cortador<\/td><td>Alimenta\u00e7\u00e3o de energia<\/td><td>Di\u00e2metro do parafuso<\/td><td>Tamanho<\/td><td>Peso<\/td><\/tr><tr><td>DGP-40<\/td><td>40-50 kg\/hora<\/td><td>7,5 kW<\/td><td>0,4kW<\/td><td>0,4kW<\/td><td>40mm<\/td><td>1260*860*1250mm<\/td><td>290kg<\/td><\/tr><tr><td>DGP-60<\/td><td>150kg\/h<\/td><td>15kW<\/td><td>0,4kW<\/td><td>0,4kW<\/td><td>60mm<\/td><td>1450*950*1430mm<\/td><td>480kg<\/td><\/tr><tr><td>DGP-70<\/td><td>180-250 kg\/hora<\/td><td>18,5 kW<\/td><td>0,4kW<\/td><td>0,4kW<\/td><td>70 mm<\/td><td>1600*1400*1450mm<\/td><td>600kg<\/td><\/tr><tr><td>DGP-80<\/td><td>300-350 kg\/hora<\/td><td>22kW<\/td><td>0,4kW<\/td><td>0,4kW<\/td><td>80mm<\/td><td>1850*1470*1500m<\/td><td>800kg<\/td><\/tr><\/tbody><\/table><\/figure>    <h2 class=\"wp-block-heading\"><strong>V\u00eddeo de trabalho da m\u00e1quina extrusora de ra\u00e7\u00e3o para peixes tipo seco<\/strong><\/h2>    <figure class=\"wp-block-embed is-type-video is-provider-youtube wp-block-embed-youtube wp-embed-aspect-16-9 wp-has-aspect-ratio\"><div class=\"wp-block-embed__wrapper\"> <iframe loading=\"lazy\" title=\"M\u00e1quina extrusora flutuante de ra\u00e7\u00e3o para peixes | Tipo seco m\u00e1quina flutuante de alimenta\u00e7\u00e3o de peixes #fishfeed\" width=\"500\" height=\"281\" src=\"https:\/\/www.youtube.com\/embed\/XbMUnzECEDo?feature=oembed\" frameborder=\"0\" allow=\"accelerometer; autoplay; clipboard-write; encrypted-media; gyroscope; picture-in-picture; web-share\" referrerpolicy=\"strict-origin-when-cross-origin\" allowfullscreen><\/iframe> <\/div><\/figure>","protected":false},"excerpt":{"rendered":"<p>This fish feed extruder machine&nbsp;is used for the production of fish food pellets by the dry method. It is mainly separated from the wet fish food pellet production area. This dry method of fish food puffing machine directly crushed and mixed raw materials directly puffed into pellets, very convenient and efficient. If you are interested [&hellip;]<\/p>\n","protected":false},"author":1,"featured_media":157,"parent":0,"template":"","tags":[15,24,23,10,22,21],"product-type":[8],"class_list":["post-70","product","type-product","status-publish","has-post-thumbnail","hentry","tag-animal-feed-pellet-machine","tag-fish-feed","tag-floating-fish-feed-pellet-machine","tag-floating-fish-feed-production-line","tag-new-type-fish-feed-pellet-machine","tag-pet-food-machine","product-type-fish-feed-pellet-machine"],"_links":{"self":[{"href":"https:\/\/fishfoodmachinery.com\/pt\/wp-json\/wp\/v2\/product\/70","targetHints":{"allow":["GET"]}}],"collection":[{"href":"https:\/\/fishfoodmachinery.com\/pt\/wp-json\/wp\/v2\/product"}],"about":[{"href":"https:\/\/fishfoodmachinery.com\/pt\/wp-json\/wp\/v2\/types\/product"}],"author":[{"embeddable":true,"href":"https:\/\/fishfoodmachinery.com\/pt\/wp-json\/wp\/v2\/users\/1"}],"wp:featuredmedia":[{"embeddable":true,"href":"https:\/\/fishfoodmachinery.com\/pt\/wp-json\/wp\/v2\/media\/157"}],"wp:attachment":[{"href":"https:\/\/fishfoodmachinery.com\/pt\/wp-json\/wp\/v2\/media?parent=70"}],"wp:term":[{"taxonomy":"post_tag","embeddable":true,"href":"https:\/\/fishfoodmachinery.com\/pt\/wp-json\/wp\/v2\/tags?post=70"},{"taxonomy":"product-type","embeddable":true,"href":"https:\/\/fishfoodmachinery.com\/pt\/wp-json\/wp\/v2\/product-type?post=70"}],"curies":[{"name":"wp","href":"https:\/\/api.w.org\/{rel}","templated":true}]}}