{"id":706,"date":"2023-09-22T17:06:06","date_gmt":"2023-09-22T09:06:06","guid":{"rendered":"https:\/\/fishfoodmachinery.com\/?post_type=product&#038;p=706"},"modified":"2024-06-13T18:27:02","modified_gmt":"2024-06-13T10:27:02","slug":"feed-pellet-production-line","status":"publish","type":"product","link":"https:\/\/fishfoodmachinery.com\/pt\/product\/feed-pellet-production-line\/","title":{"rendered":"Planta de pellets de ra\u00e7\u00e3o animal para gado, produ\u00e7\u00e3o de ra\u00e7\u00e3o para galinhas"},"content":{"rendered":"<p class=\"translation-block\"><strong>A linha de produ\u00e7\u00e3o de pellets de ra\u00e7\u00e3o<\/strong> \u00e9 especialmente utilizada para processar diversos tipos de ra\u00e7\u00e3o animal, como ra\u00e7\u00e3o para frangos, ra\u00e7\u00e3o para gado, etc. Inclui v\u00e1rios processos, como tritura\u00e7\u00e3o de mat\u00e9rias-primas, mistura, prensagem, resfriamento e embalagem. <\/p>    <p>A capacidade varia de 150kg\/h a 800kg\/h, o que pode atender f\u00e1bricas de pellets de ra\u00e7\u00e3o de pequena a grande escala.<\/p>   <div class=\"wp-block-image\"> <figure class=\"aligncenter size-full\"><img loading=\"lazy\" decoding=\"async\" width=\"720\" height=\"540\" src=\"https:\/\/fishfoodmachinery.com\/wp-content\/uploads\/2023\/09\/animal-feed-pellet-production-line-.webp\" alt=\"linha de produ\u00e7\u00e3o de pellets de ra\u00e7\u00e3o animal\" class=\"wp-image-716\" title=\"\" srcset=\"https:\/\/fishfoodmachinery.com\/wp-content\/uploads\/2023\/09\/animal-feed-pellet-production-line-.webp 720w, https:\/\/fishfoodmachinery.com\/wp-content\/uploads\/2023\/09\/animal-feed-pellet-production-line--300x225.webp 300w\" sizes=\"auto, (max-width: 720px) 100vw, 720px\" \/><figcaption class=\"wp-element-caption\">linha de produ\u00e7\u00e3o de pellets de ra\u00e7\u00e3o animal <\/figcaption><\/figure> <\/div>   <p>Atrav\u00e9s desta linha de produ\u00e7\u00e3o, diversas mat\u00e9rias-primas, como gr\u00e3os, prote\u00ednas, vitaminas, etc., podem ser processadas e transformadas em ra\u00e7\u00f5es uniformemente granuladas e de alta qualidade, adequadas para diferentes \u00e1reas de cria\u00e7\u00e3o, como aves, pecu\u00e1ria, aquicultura e breve. <\/p>    <p>A automa\u00e7\u00e3o e a alta efici\u00eancia da linha de produ\u00e7\u00e3o de pellets de ra\u00e7\u00e3o animal melhoram a qualidade e o rendimento da produ\u00e7\u00e3o de ra\u00e7\u00f5es e ajudam a ind\u00fastria agr\u00edcola a fornecer ra\u00e7\u00f5es mais saud\u00e1veis \u200b\u200be nutritivas.<\/p>    <h2 class=\"wp-block-heading\"><strong>Necessidade de fabrica\u00e7\u00e3o de pellets para alimenta\u00e7\u00e3o animal<\/strong><\/h2>    <p>A produ\u00e7\u00e3o de pellets de ra\u00e7\u00e3o \u00e9 uma parte necess\u00e1ria da pecu\u00e1ria e avicultura modernas. Ele garante que os animais de cria\u00e7\u00e3o recebam nutri\u00e7\u00e3o abrangente, pegando uma variedade de mat\u00e9rias-primas, incluindo gr\u00e3os, prote\u00ednas, vitaminas, etc., e processando-as cientificamente em alimentos granulados uniformes. <\/p>    <p>Isto n\u00e3o s\u00f3 aumenta a taxa de crescimento e o peso do gado e das aves, mas tamb\u00e9m melhora a qualidade do produto. A uniformidade das part\u00edculas de ra\u00e7\u00e3o reduz o desperd\u00edcio de ra\u00e7\u00e3o e reduz a polui\u00e7\u00e3o ambiental.<\/p>   <div class=\"wp-block-image\"> <figure class=\"aligncenter size-full\"><img loading=\"lazy\" decoding=\"async\" width=\"720\" height=\"540\" src=\"https:\/\/fishfoodmachinery.com\/wp-content\/uploads\/2023\/09\/animal-feed-pellet-plant-machine.webp\" alt=\"m\u00e1quina de usina de pelotiza\u00e7\u00e3o de ra\u00e7\u00e3o animal\" class=\"wp-image-717\" title=\"\" srcset=\"https:\/\/fishfoodmachinery.com\/wp-content\/uploads\/2023\/09\/animal-feed-pellet-plant-machine.webp 720w, https:\/\/fishfoodmachinery.com\/wp-content\/uploads\/2023\/09\/animal-feed-pellet-plant-machine-300x225.webp 300w\" sizes=\"auto, (max-width: 720px) 100vw, 720px\" \/><figcaption class=\"wp-element-caption\">m\u00e1quina de usina de pelotiza\u00e7\u00e3o de ra\u00e7\u00e3o animal<\/figcaption><\/figure> <\/div>   <p>Al\u00e9m disso, a automa\u00e7\u00e3o da linha de pellets de ra\u00e7\u00e3o melhora a efici\u00eancia da produ\u00e7\u00e3o e reduz os custos de produ\u00e7\u00e3o. <\/p>    <p>Portanto, a produ\u00e7\u00e3o de pellets de ra\u00e7\u00e3o \u00e9 essencial para satisfazer a crescente procura agr\u00edcola e para melhorar a seguran\u00e7a alimentar e a agricultura sustent\u00e1vel.<\/p>    <h2 class=\"wp-block-heading\"><strong>Processo de produ\u00e7\u00e3o de pellets de ra\u00e7\u00e3o<\/strong><\/h2>   <div id=\"rank-math-howto\" class=\"rank-math-block\" > <div class=\"rank-math-howto-description\">  <p>O processo da linha de produ\u00e7\u00e3o de pellets de ra\u00e7\u00e3o para gado inclui as seguintes etapas: prepara\u00e7\u00e3o da mat\u00e9ria-prima, tritura\u00e7\u00e3o da mat\u00e9ria-prima, mistura, moldagem do pellet, resfriamento e embalagem.<\/p>  <\/div>  <div class=\"rank-math-steps\"> <div id=\"howto-step-1695372539563\" class=\"rank-math-step\"> <h3 class=\"rank-math-step-title\">Prepara\u00e7\u00e3o de mat\u00e9rias-primas<\/h3> <div class=\"rank-math-step-content\"><p>Prepare suas mat\u00e9rias-primas para a produ\u00e7\u00e3o de pellets de ra\u00e7\u00e3o, como gr\u00e3os, gr\u00e3os de milho, farelo de arroz, etc.<\/p> <\/div> <\/div> <div id=\"howto-step-1695372599965\" class=\"rank-math-step\"> <h3 class=\"rank-math-step-title\">Esmagamento<\/h3> <div class=\"rank-math-step-content\"><p>Os ingredientes preparados s\u00e3o esmagados para formar part\u00edculas finas.<\/p> <\/div> <\/div> <div id=\"howto-step-1695372621269\" class=\"rank-math-step\"> <h3 class=\"rank-math-step-title\">Misturando<\/h3> <div class=\"rank-math-step-content\"><p>Os ingredientes triturados s\u00e3o bem misturados e depois s\u00e3o adicionados os nutrientes que se deseja adicionar, como prote\u00ednas, vitaminas, etc.<\/p> <\/div> <\/div> <div id=\"howto-step-1695372626381\" class=\"rank-math-step\"> <h3 class=\"rank-math-step-title\">Moldagem<\/h3> <div class=\"rank-math-step-content\"><p class=\"translation-block\">Ap\u00f3s a mistura, os pellets de ra\u00e7\u00e3o s\u00e3o produzidos utilizando um <a href=\"https:\/\/fishfoodmachinery.com\/pt\/product\/animal-feed-pellet-machine-for-sale\/\">moinho de pellets de matriz plana<\/a>. Altas temperaturas e press\u00e3o permitem a produ\u00e7\u00e3o de pellets de ra\u00e7\u00e3o no tamanho e comprimento desejados.<\/p> <\/div> <\/div> <div id=\"howto-step-1695372634629\" class=\"rank-math-step\"> <h3 class=\"rank-math-step-title\">Resfriamento<\/h3> <div class=\"rank-math-step-content\"><p>Posteriormente, os pellets precisam ser resfriados para melhorar a vida \u00fatil do armazenamento.<\/p> <\/div> <\/div> <div id=\"howto-step-1695372642285\" class=\"rank-math-step\"> <h3 class=\"rank-math-step-title\">Embalagem<\/h3> <div class=\"rank-math-step-content\"><p>Finalmente, os pellets de ra\u00e7\u00e3o s\u00e3o pesados \u200b\u200be embalados pela m\u00e1quina de embalagem quantitativa. Ent\u00e3o voc\u00ea pode vender os pellets de ra\u00e7\u00e3o com lucro.<\/p> <\/div> <\/div> <\/div> <\/div>       <h2 class=\"wp-block-heading\"><strong>Equipamento utilizado na linha de produ\u00e7\u00e3o de pellets de ra\u00e7\u00e3o animal<\/strong><\/h2>    <div class=\"wp-block-columns is-layout-flex wp-container-core-columns-is-layout-9d6595d7 wp-block-columns-is-layout-flex\"> <div class=\"wp-block-column is-layout-flow wp-block-column-is-layout-flow\"> <figure class=\"wp-block-image size-full\"><img loading=\"lazy\" decoding=\"async\" width=\"720\" height=\"540\" src=\"https:\/\/fishfoodmachinery.com\/wp-content\/uploads\/2023\/09\/crushing-machine.webp\" alt=\"m\u00e1quina de esmagamento\" class=\"wp-image-718\" title=\"\" srcset=\"https:\/\/fishfoodmachinery.com\/wp-content\/uploads\/2023\/09\/crushing-machine.webp 720w, https:\/\/fishfoodmachinery.com\/wp-content\/uploads\/2023\/09\/crushing-machine-300x225.webp 300w\" sizes=\"auto, (max-width: 720px) 100vw, 720px\" \/><figcaption class=\"wp-element-caption\">M\u00e1quina de tritura\u00e7\u00e3o<\/figcaption><\/figure> <\/div>    <div class=\"wp-block-column is-vertically-aligned-center is-layout-flow wp-block-column-is-layout-flow\"> <p class=\"has-text-align-center translation-block\"><strong>Moinho de martelo<\/strong><\/p> <\/div> <\/div>    <div class=\"wp-block-columns is-layout-flex wp-container-core-columns-is-layout-9d6595d7 wp-block-columns-is-layout-flex\"> <div class=\"wp-block-column is-vertically-aligned-center is-layout-flow wp-block-column-is-layout-flow\"> <p class=\"has-text-align-center translation-block\"><strong>Misturador<\/strong><\/p> <\/div>    <div class=\"wp-block-column is-layout-flow wp-block-column-is-layout-flow\"> <figure class=\"wp-block-image size-full\"><img loading=\"lazy\" decoding=\"async\" width=\"720\" height=\"540\" src=\"https:\/\/fishfoodmachinery.com\/wp-content\/uploads\/2023\/09\/mixer.webp\" alt=\"misturador\" class=\"wp-image-719\" title=\"\" srcset=\"https:\/\/fishfoodmachinery.com\/wp-content\/uploads\/2023\/09\/mixer.webp 720w, https:\/\/fishfoodmachinery.com\/wp-content\/uploads\/2023\/09\/mixer-300x225.webp 300w\" sizes=\"auto, (max-width: 720px) 100vw, 720px\" \/><figcaption class=\"wp-element-caption\">Misturador<\/figcaption><\/figure> <\/div> <\/div>    <div class=\"wp-block-columns is-layout-flex wp-container-core-columns-is-layout-9d6595d7 wp-block-columns-is-layout-flex\"> <div class=\"wp-block-column is-layout-flow wp-block-column-is-layout-flow\"> <figure class=\"wp-block-image size-full\"><img loading=\"lazy\" decoding=\"async\" width=\"720\" height=\"540\" src=\"https:\/\/fishfoodmachinery.com\/wp-content\/uploads\/2023\/09\/feed-pellet-machine.webp\" alt=\"m\u00e1quina da pelota da alimenta\u00e7\u00e3o\" class=\"wp-image-723\" title=\"\" srcset=\"https:\/\/fishfoodmachinery.com\/wp-content\/uploads\/2023\/09\/feed-pellet-machine.webp 720w, https:\/\/fishfoodmachinery.com\/wp-content\/uploads\/2023\/09\/feed-pellet-machine-300x225.webp 300w\" sizes=\"auto, (max-width: 720px) 100vw, 720px\" \/><figcaption class=\"wp-element-caption\">M\u00e1quina de pellets de alimenta\u00e7\u00e3o<\/figcaption><\/figure> <\/div>    <div class=\"wp-block-column is-vertically-aligned-center is-layout-flow wp-block-column-is-layout-flow\"> <p class=\"has-text-align-center translation-block\"><strong>M\u00e1quina de pellets de ra\u00e7\u00e3o animal<\/strong><\/p> <\/div> <\/div>    <div class=\"wp-block-columns is-layout-flex wp-container-core-columns-is-layout-9d6595d7 wp-block-columns-is-layout-flex\"> <div class=\"wp-block-column is-vertically-aligned-center is-layout-flow wp-block-column-is-layout-flow\"> <p class=\"has-text-align-center translation-block\"><strong>M\u00e1quina de embalagem<\/strong><\/p> <\/div>    <div class=\"wp-block-column is-layout-flow wp-block-column-is-layout-flow\"> <figure class=\"wp-block-image size-full\"><img loading=\"lazy\" decoding=\"async\" width=\"720\" height=\"540\" src=\"https:\/\/fishfoodmachinery.com\/wp-content\/uploads\/2023\/09\/packaging-machine.webp\" alt=\"m\u00e1quina de empacotar\" class=\"wp-image-725\" title=\"\" srcset=\"https:\/\/fishfoodmachinery.com\/wp-content\/uploads\/2023\/09\/packaging-machine.webp 720w, https:\/\/fishfoodmachinery.com\/wp-content\/uploads\/2023\/09\/packaging-machine-300x225.webp 300w\" sizes=\"auto, (max-width: 720px) 100vw, 720px\" \/><figcaption class=\"wp-element-caption\">M\u00e1quina de empacotar<\/figcaption><\/figure> <\/div> <\/div>    <h2 class=\"wp-block-heading\"><strong>Caracter\u00edsticas da linha de produ\u00e7\u00e3o de pellets de ra\u00e7\u00e3o para frango<\/strong><\/h2>   <div class=\"wp-block-image\"> <figure class=\"aligncenter size-full\"><img loading=\"lazy\" decoding=\"async\" width=\"720\" height=\"540\" src=\"https:\/\/fishfoodmachinery.com\/wp-content\/uploads\/2023\/09\/cattle-feed-pellet-production-line.webp\" alt=\"linha de produ\u00e7\u00e3o de pellets de ra\u00e7\u00e3o para gado\" class=\"wp-image-727\" title=\"\" srcset=\"https:\/\/fishfoodmachinery.com\/wp-content\/uploads\/2023\/09\/cattle-feed-pellet-production-line.webp 720w, https:\/\/fishfoodmachinery.com\/wp-content\/uploads\/2023\/09\/cattle-feed-pellet-production-line-300x225.webp 300w\" sizes=\"auto, (max-width: 720px) 100vw, 720px\" \/><figcaption class=\"wp-element-caption\">linha de produ\u00e7\u00e3o de pellets de ra\u00e7\u00e3o para gado<\/figcaption><\/figure> <\/div>   <ul class=\"wp-block-list\"> <li>Opera\u00e7\u00e3o totalmente automatizada com alta efici\u00eancia produtiva;<\/li>    <li>Versatilidade, confeccionar diferentes tipos de pellets de ra\u00e7\u00e3o;<\/li>    <li>Pellets uniformes, ricos em nutrientes, de f\u00e1cil digest\u00e3o e absor\u00e7\u00e3o;<\/li>    <li>Processo produtivo control\u00e1vel, alto aproveitamento de mat\u00e9ria-prima; <\/li>    <li>Economizando custos de m\u00e3o de obra e energia;<\/li>    <li>Pode ser customizado de acordo com diferentes necessidades e \u00e9 adequado para todos os tamanhos de lavoura.<\/li> <\/ul>    <p>Estas caracter\u00edsticas tornam a linha de produ\u00e7\u00e3o de pellets de ra\u00e7\u00e3o para frangos uma escolha ideal para melhorar a qualidade da ra\u00e7\u00e3o, reduzir custos de produ\u00e7\u00e3o e aumentar a efici\u00eancia agr\u00edcola.<\/p>    <h2 class=\"wp-block-heading\"><strong>Diferen\u00e7as entre a linha de produ\u00e7\u00e3o de pellets de ra\u00e7\u00e3o e a linha flutuante de ra\u00e7\u00e3o para peixes<\/strong><\/h2>    <p class=\"translation-block\">A principal diferen\u00e7a reside no objetivo de produ\u00e7\u00e3o. A f\u00e1brica de ra\u00e7\u00e3o para frangos \u00e9 utilizada principalmente para produzir ra\u00e7\u00e3o em pellet para aves, gado, etc., focando na uniformidade e estabilidade dos pellets de ra\u00e7\u00e3o. A <a href=\"https:\/\/fishfoodmachinery.com\/pt\/product\/small-floating-fish-feed-production-line\/\">linha de processamento de ra\u00e7\u00e3o para peixes<\/a>, por outro lado, foca na produ\u00e7\u00e3o de ra\u00e7\u00f5es adequadas para peixes planct\u00f4nicos na \u00e1gua, com \u00eanfase na flutuabilidade dos pellets e estabilidade na \u00e1gua.<\/p>    <h2 class=\"wp-block-heading\"><strong>Casos de sucesso de f\u00e1brica de pellets para ra\u00e7\u00e3o animal <\/strong><\/h2>    <div class=\"wp-block-columns is-layout-flex wp-container-core-columns-is-layout-9d6595d7 wp-block-columns-is-layout-flex\"> <div class=\"wp-block-column is-layout-flow wp-block-column-is-layout-flow\"> <figure class=\"wp-block-embed is-type-wp-embed is-provider-fish-feed-pellet-machine wp-block-embed-fish-feed-pellet-machine\"><div class=\"wp-block-embed__wrapper\"> <blockquote class=\"wp-embedded-content\" data-secret=\"h8Rl9dtQNv\"><a href=\"https:\/\/fishfoodmachinery.com\/pt\/Info\/feed-pellet-machine-algeria\/\">Exporta\u00e7\u00e3o de m\u00e1quina de pellets de ra\u00e7\u00e3o para a Arg\u00e9lia<\/a><\/blockquote><iframe loading=\"lazy\" class=\"wp-embedded-content\" sandbox=\"allow-scripts\" security=\"restricted\" style=\"position: absolute; clip: rect(1px, 1px, 1px, 1px);\" title=\"\u201cExporta\u00e7\u00e3o de m\u00e1quina de pellets de ra\u00e7\u00e3o para a Arg\u00e9lia\u201d - M\u00e1quina de pellets de ra\u00e7\u00e3o para peixes\" src=\"https:\/\/fishfoodmachinery.com\/Info\/feed-pellet-machine-algeria\/embed\/#?secret=nI6q9ClzxY#?secret=h8Rl9dtQNv\" data-secret=\"h8Rl9dtQNv\" width=\"500\" height=\"282\" frameborder=\"0\" marginwidth=\"0\" marginheight=\"0\" scrolling=\"no\"><\/iframe> <\/div><\/figure> <\/div>    <div class=\"wp-block-column is-layout-flow wp-block-column-is-layout-flow\"> <figure class=\"wp-block-embed is-type-wp-embed is-provider-fish-feed-pellet-machine wp-block-embed-fish-feed-pellet-machine\"><div class=\"wp-block-embed__wrapper\"> <blockquote class=\"wp-embedded-content\" data-secret=\"d1ELJxwe6e\"><a href=\"https:\/\/fishfoodmachinery.com\/pt\/Info\/feed-pellet-making-machine-chile\/\">M\u00e1quina de fazer pellets de ra\u00e7\u00e3o modelo 400 vendida para o Chile<\/a><\/blockquote><iframe loading=\"lazy\" class=\"wp-embedded-content\" sandbox=\"allow-scripts\" security=\"restricted\" style=\"position: absolute; clip: rect(1px, 1px, 1px, 1px);\" title=\"\u201cM\u00e1quina de fazer pellets de ra\u00e7\u00e3o modelo 400 vendida para o Chile\u201d - M\u00e1quina de pellets de ra\u00e7\u00e3o para peixes\" src=\"https:\/\/fishfoodmachinery.com\/Info\/feed-pellet-making-machine-chile\/embed\/#?secret=NJjjlCpLI0#?secret=d1ELJxwe6e\" data-secret=\"d1ELJxwe6e\" width=\"500\" height=\"282\" frameborder=\"0\" marginwidth=\"0\" marginheight=\"0\" scrolling=\"no\"><\/iframe> <\/div><\/figure> <\/div> <\/div>    <div class=\"wp-block-columns is-layout-flex wp-container-core-columns-is-layout-9d6595d7 wp-block-columns-is-layout-flex\"> <div class=\"wp-block-column is-layout-flow wp-block-column-is-layout-flow\"> <figure class=\"wp-block-embed is-type-wp-embed is-provider-fish-feed-pellet-machine wp-block-embed-fish-feed-pellet-machine\"><div class=\"wp-block-embed__wrapper\"> <blockquote class=\"wp-embedded-content\" data-secret=\"RoP94Xx2xj\"><a href=\"https:\/\/fishfoodmachinery.com\/pt\/Info\/feed-pellet-mill-machine-ecuador\/\">Revendedor equatoriano compra m\u00e1quina de pelletiza\u00e7\u00e3o para ra\u00e7\u00e3o para expandir o mercado local<\/a><\/blockquote><iframe loading=\"lazy\" class=\"wp-embedded-content\" sandbox=\"allow-scripts\" security=\"restricted\" style=\"position: absolute; clip: rect(1px, 1px, 1px, 1px);\" title=\"\u201cRevendedor equatoriano compra m\u00e1quina de pelletiza\u00e7\u00e3o de ra\u00e7\u00e3o para expandir o mercado local\u201d \u2014 Fish Feed Pellet Machine\" src=\"https:\/\/fishfoodmachinery.com\/Info\/feed-pellet-mill-machine-ecuador\/embed\/#?secret=SgPAomtInY#?secret=RoP94Xx2xj\" data-secret=\"RoP94Xx2xj\" width=\"500\" height=\"282\" frameborder=\"0\" marginwidth=\"0\" marginheight=\"0\" scrolling=\"no\"><\/iframe> <\/div><\/figure> <\/div>    <div class=\"wp-block-column is-layout-flow wp-block-column-is-layout-flow\"> <figure class=\"wp-block-embed is-type-wp-embed is-provider-fish-feed-pellet-machine wp-block-embed-fish-feed-pellet-machine\"><div class=\"wp-block-embed__wrapper\"> <blockquote class=\"wp-embedded-content\" data-secret=\"Nfm0fZbbm8\"><a href=\"https:\/\/fishfoodmachinery.com\/pt\/Info\/flat-die-feed-pellet-mill-dominican-rep\/\">Peletizadora de matriz plana de 2.000 kg\/h vendida para a Rep\u00fablica Dominicana<\/a><\/blockquote><iframe loading=\"lazy\" class=\"wp-embedded-content\" sandbox=\"allow-scripts\" security=\"restricted\" style=\"position: absolute; clip: rect(1px, 1px, 1px, 1px);\" title=\"\u201cMoinho de pellets de ra\u00e7\u00e3o plana de 2.000 kg \/ h vendido para a Rep\u00fablica Dominicana\u201d - M\u00e1quina de pellets de ra\u00e7\u00e3o para peixes\" src=\"https:\/\/fishfoodmachinery.com\/Info\/flat-die-feed-pellet-mill-dominican-rep\/embed\/#?secret=89542NVbsh#?secret=Nfm0fZbbm8\" data-secret=\"Nfm0fZbbm8\" width=\"500\" height=\"282\" frameborder=\"0\" marginwidth=\"0\" marginheight=\"0\" scrolling=\"no\"><\/iframe> <\/div><\/figure> <\/div> <\/div>    <h2 class=\"wp-block-heading\"><strong>Dados t\u00e9cnicos da linha de produ\u00e7\u00e3o de pellets de ra\u00e7\u00e3o<\/strong><\/h2>    <p class=\"translation-block\"><strong>Marca<\/strong>: Taizy<\/p>    <p class=\"translation-block\"><strong>Nome da linha<\/strong>: Linha de produ\u00e7\u00e3o de pellets de ra\u00e7\u00e3o animal<\/p>    <p class=\"translation-block\"><strong>Capacidade<\/strong>: 150kg\/h-800kg\/h<\/p>    <p class=\"translation-block\"><strong>Equipamento na planta de pellets de ra\u00e7\u00e3o animal<\/strong>: 9FQ, misturador, <a href=\"https:\/\/fishfoodmachinery.com\/pt\/product\/animal-feed-pellet-machine-for-sale\/\">moinho de pellets de ra\u00e7\u00e3o animal<\/a>, m\u00e1quina de resfriamento, m\u00e1quina de embalagem<\/p>    <p class=\"translation-block\"><strong>Pellets de ra\u00e7\u00e3o produzidos<\/strong>: <a href=\"https:\/\/en.wikipedia.org\/wiki\/Poultry\" target=\"_blank\" rel=\"noopener\">Aves<\/a>, frango, gado, ovelha, cabra, coelho, etc.<\/p>","protected":false},"excerpt":{"rendered":"<p>A linha de produ\u00e7\u00e3o de pellets de ra\u00e7\u00e3o \u00e9 especialmente usada para processar diversos alimentos para animais, como ra\u00e7\u00e3o para galinhas, ra\u00e7\u00e3o para gado, etc., com capacidade de 150-800 kg\/h.<\/p>","protected":false},"author":1,"featured_media":707,"parent":0,"template":"","tags":[53],"product-type":[7],"class_list":["post-706","product","type-product","status-publish","has-post-thumbnail","hentry","tag-animal-feed","product-type-production-line"],"_links":{"self":[{"href":"https:\/\/fishfoodmachinery.com\/pt\/wp-json\/wp\/v2\/product\/706","targetHints":{"allow":["GET"]}}],"collection":[{"href":"https:\/\/fishfoodmachinery.com\/pt\/wp-json\/wp\/v2\/product"}],"about":[{"href":"https:\/\/fishfoodmachinery.com\/pt\/wp-json\/wp\/v2\/types\/product"}],"author":[{"embeddable":true,"href":"https:\/\/fishfoodmachinery.com\/pt\/wp-json\/wp\/v2\/users\/1"}],"wp:featuredmedia":[{"embeddable":true,"href":"https:\/\/fishfoodmachinery.com\/pt\/wp-json\/wp\/v2\/media\/707"}],"wp:attachment":[{"href":"https:\/\/fishfoodmachinery.com\/pt\/wp-json\/wp\/v2\/media?parent=706"}],"wp:term":[{"taxonomy":"post_tag","embeddable":true,"href":"https:\/\/fishfoodmachinery.com\/pt\/wp-json\/wp\/v2\/tags?post=706"},{"taxonomy":"product-type","embeddable":true,"href":"https:\/\/fishfoodmachinery.com\/pt\/wp-json\/wp\/v2\/product-type?post=706"}],"curies":[{"name":"wp","href":"https:\/\/api.w.org\/{rel}","templated":true}]}}