{"id":28,"date":"2022-09-05T08:23:11","date_gmt":"2022-09-05T08:23:11","guid":{"rendered":"https:\/\/fishfoodmachinery.com\/?page_id=28"},"modified":"2022-09-08T10:21:38","modified_gmt":"2022-09-08T10:21:38","slug":"about-us","status":"publish","type":"page","link":"https:\/\/fishfoodmachinery.com\/sw\/about-us\/","title":{"rendered":"Kuhusu sisi"},"content":{"rendered":"<h2 class=\"wp-block-heading\" id=\"h-taizy-machinery-the-reliable-fish-feed-pellet-machine-manufacturer-supplier\"><strong>Mashine ya Taizy - Mtengenezaji wa Mashine ya Mashine ya Mashine ya Kulisha na Mtoaji<\/strong><\/h2>    <div class=\"wp-block-media-text alignwide is-stacked-on-mobile\"><figure class=\"wp-block-media-text__media\"><img loading=\"lazy\" decoding=\"async\" width=\"720\" height=\"350\" src=\"https:\/\/fishfoodmachinery.com\/wp-content\/uploads\/2022\/09\/fish-feed-pellet-mill-in-stock.webp\" alt=\"samaki kulisha pellet mill katika hisa\" class=\"wp-image-161 size-full\" title=\"\" srcset=\"https:\/\/fishfoodmachinery.com\/wp-content\/uploads\/2022\/09\/fish-feed-pellet-mill-in-stock.webp 720w, https:\/\/fishfoodmachinery.com\/wp-content\/uploads\/2022\/09\/fish-feed-pellet-mill-in-stock-300x146.webp 300w\" sizes=\"auto, (max-width: 720px) 100vw, 720px\" \/><\/figure><div class=\"wp-block-media-text__content\"> <p class=\"translation-block\">Taizy Machinery \u00e4r en professionell och p\u00e5litlig tillverkare och leverant\u00f6r av <a href=\"https:\/\/fishfoodmachinery.com\/sw\/product\/floating-fish-feed-machine\/\" target=\"_blank\" rel=\"noreferrer noopener\">fiskfoderpelletmaskinen<\/a>.<\/p> <\/div><\/div>    <p class=\"translation-block\">V\u00e5ra fiskfoderpelletmaskiner \u00e4r mycket popul\u00e4ra utomlands och levereras ofta till distribut\u00f6rer samt anbudsprojekt. De fr\u00e4msta l\u00e4nderna \u00e4r <strong>Peru, Angola, Malaysia, Belgien, Ghana, Niger<\/strong>, etc. Om du \u00e4r intresserad, v\u00e4lkommen att <a href=\"https:\/\/fishfoodmachinery.com\/sw\/contact-us\/\" target=\"_blank\" rel=\"noreferrer noopener\">kontakta oss<\/a>!<\/p>    <h2 class=\"wp-block-heading\" id=\"h-exhibitions-held-abroad\"><strong>Maonyesho yaliyofanyika nje ya nchi<\/strong><\/h2>    <p>Tumealikwa kushiriki katika maonyesho anuwai ya nje ya nchi hapo awali, ambayo inaonyesha kuwa kampuni yetu ya Taizy ni nguvu sana, ina sifa fulani nje ya nchi na ni kampuni ambayo wateja wetu wanaweza kuamini.<\/p>   <div class=\"wp-block-image\"> <figure class=\"aligncenter size-full\"><img loading=\"lazy\" decoding=\"async\" width=\"750\" height=\"750\" src=\"https:\/\/fishfoodmachinery.com\/wp-content\/uploads\/2022\/09\/Exhibition.webp\" alt=\"Maonyesho\" class=\"wp-image-214\" title=\"\" srcset=\"https:\/\/fishfoodmachinery.com\/wp-content\/uploads\/2022\/09\/Exhibition.webp 750w, https:\/\/fishfoodmachinery.com\/wp-content\/uploads\/2022\/09\/Exhibition-300x300.webp 300w, https:\/\/fishfoodmachinery.com\/wp-content\/uploads\/2022\/09\/Exhibition-150x150.webp 150w\" sizes=\"auto, (max-width: 750px) 100vw, 750px\" \/><figcaption>Maonyesho<\/figcaption><\/figure> <\/div>   <h2 class=\"wp-block-heading\" id=\"h-horned-certificates\"><strong>Vyeti vyenye pembe<\/strong><\/h2>    <p>Kampuni ya Taizy ina vyeti anuwai, ikithibitisha kwa nguvu ubora wa mashine za samaki wa samaki wa kampuni yetu.<\/p>    <figure class=\"wp-block-image size-full\"><img loading=\"lazy\" decoding=\"async\" width=\"750\" height=\"750\" src=\"https:\/\/fishfoodmachinery.com\/wp-content\/uploads\/2022\/09\/Certificate.webp\" alt=\"Cheti\" class=\"wp-image-211\" title=\"\" srcset=\"https:\/\/fishfoodmachinery.com\/wp-content\/uploads\/2022\/09\/Certificate.webp 750w, https:\/\/fishfoodmachinery.com\/wp-content\/uploads\/2022\/09\/Certificate-300x300.webp 300w, https:\/\/fishfoodmachinery.com\/wp-content\/uploads\/2022\/09\/Certificate-150x150.webp 150w\" sizes=\"auto, (max-width: 750px) 100vw, 750px\" \/><figcaption>Cheti<\/figcaption><\/figure>    <h2 class=\"wp-block-heading\" id=\"h-customer-feedback\"><strong>Maoni ya Wateja<\/strong><\/h2>    <div class=\"wp-block-media-text alignwide is-stacked-on-mobile\"><figure class=\"wp-block-media-text__media\"><img loading=\"lazy\" decoding=\"async\" width=\"541\" height=\"939\" src=\"https:\/\/fishfoodmachinery.com\/wp-content\/uploads\/2022\/09\/customer-feedback.webp\" alt=\"Mteja-FEEDBACK\" class=\"wp-image-216 size-full\" title=\"\" srcset=\"https:\/\/fishfoodmachinery.com\/wp-content\/uploads\/2022\/09\/customer-feedback.webp 541w, https:\/\/fishfoodmachinery.com\/wp-content\/uploads\/2022\/09\/customer-feedback-173x300.webp 173w\" sizes=\"auto, (max-width: 541px) 100vw, 541px\" \/><\/figure><div class=\"wp-block-media-text__content\"> <p>Picha upande wa kushoto ni nini mmoja wa wateja wetu wa muuzaji alisema juu yetu. <\/p>    <p>Kutoka kwake, tunaweza kuona kwamba sio mashine zetu tu ambazo ni bora, lakini wafanyikazi wetu wa mauzo pia wana maarifa tajiri ya kitaalam na huduma ya kujali.<\/p> <\/div><\/div>","protected":false},"excerpt":{"rendered":"<p>Taizy Machinery &#8211; the reliable fish feed pellet machine manufacturer &amp; supplier Taizy Machinery is a professional and trustworthy manufacturer and supplier of the fish food pellet machine. Our fish food pellet mills are very popular overseas and are often supplied to distributors as well as tender projects. The main countries are Peru, Angola, Malaysia, [&hellip;]<\/p>\n","protected":false},"author":1,"featured_media":0,"parent":0,"menu_order":0,"comment_status":"closed","ping_status":"closed","template":"","meta":{"footnotes":""},"class_list":["post-28","page","type-page","status-publish","hentry"],"_links":{"self":[{"href":"https:\/\/fishfoodmachinery.com\/sw\/wp-json\/wp\/v2\/pages\/28","targetHints":{"allow":["GET"]}}],"collection":[{"href":"https:\/\/fishfoodmachinery.com\/sw\/wp-json\/wp\/v2\/pages"}],"about":[{"href":"https:\/\/fishfoodmachinery.com\/sw\/wp-json\/wp\/v2\/types\/page"}],"author":[{"embeddable":true,"href":"https:\/\/fishfoodmachinery.com\/sw\/wp-json\/wp\/v2\/users\/1"}],"replies":[{"embeddable":true,"href":"https:\/\/fishfoodmachinery.com\/sw\/wp-json\/wp\/v2\/comments?post=28"}],"version-history":[{"count":0,"href":"https:\/\/fishfoodmachinery.com\/sw\/wp-json\/wp\/v2\/pages\/28\/revisions"}],"wp:attachment":[{"href":"https:\/\/fishfoodmachinery.com\/sw\/wp-json\/wp\/v2\/media?parent=28"}],"curies":[{"name":"wp","href":"https:\/\/api.w.org\/{rel}","templated":true}]}}