{"id":42,"date":"2022-09-05T08:49:15","date_gmt":"2022-09-05T08:49:15","guid":{"rendered":"https:\/\/fishfoodmachinery.com\/?post_type=product&#038;p=42"},"modified":"2024-06-13T16:36:49","modified_gmt":"2024-06-13T08:36:49","slug":"floating-fish-feed-machine","status":"publish","type":"product","link":"https:\/\/fishfoodmachinery.com\/sw\/product\/floating-fish-feed-machine\/","title":{"rendered":"Mashine ya kulisha samaki inayoelea kwa kutengeneza pellet za samaki"},"content":{"rendered":"<p class=\"translation-block\"><strong>Mashine ya chakula cha samaki inayopatikana<\/strong> inabadilisha unga wa soya, unga wa mchele, unga wa samaki, unga wa mifupa, unga wa mahindi, unga, n.k. kuwa pelleti za chakula cha samaki zenye maumbo mbalimbali kwa joto na kusukumwa. Ina uwezo wa 40-350kg\/h, hata zaidi. <\/p>    <p>Mashamba ya samaki au wafanyabiashara wako tayari sana kuwekeza katika aina hii ya mashine ya kulisha samaki. Kinu hiki cha kulisha samaki cha samaki kinafaa kiuchumi na kinachofaa kwa matumizi ya viwandani au kibiashara.<\/p>    <p class=\"translation-block\">Mbali na hayo, mashine ya pelleti za chakula cha samaki ya Taizy inajulikana sana nje ya nchi, kama vile katika <strong>Peru, Ghana, Niger, Angola, Malaysia, Ubelgiji<\/strong>, n.k.<\/p>    <figure class=\"wp-block-embed is-type-video is-provider-youtube wp-block-embed-youtube wp-embed-aspect-16-9 wp-has-aspect-ratio\"><div class=\"wp-block-embed__wrapper\"> <iframe loading=\"lazy\" title=\"2022 Mashine ya kulisha samaki ya samaki |  Mashine ya kulisha samaki kwa kilimo cha samaki #fishfeed\" width=\"500\" height=\"281\" src=\"https:\/\/www.youtube.com\/embed\/gKKTHR1NSBY?feature=oembed\" frameborder=\"0\" allow=\"accelerometer; autoplay; clipboard-write; encrypted-media; gyroscope; picture-in-picture; web-share\" referrerpolicy=\"strict-origin-when-cross-origin\" allowfullscreen><\/iframe> <\/div><figcaption class=\"wp-element-caption\">FISHI ZA FISHI ZA FISHI ZAIDI KUFANYA VIDEO<\/figcaption><\/figure>    <h2 class=\"wp-block-heading\" id=\"h-what-is-the-floating-fish-feed-machine\"><strong>Je! Mashine ya kulisha samaki inayoelea ni nini?<\/strong><strong><\/strong><\/h2>    <p>Mashine ya kulisha samaki ya samaki ni mashine ya kutekeleza uzalishaji wa malisho ya majini. Mbali na hilo, pia tunayo mstari wa usindikaji wa samaki wa samaki unapatikana. <\/p>    <p>Saizi ya kinu cha pellet ya kulisha ni \u03c61mm, \u03c61.5mm, \u03c62mm, \u03c63mm, \u03c63.5mm, \u03c64mm, \u03c65mm, \u03c66.8mm, na maumbo anuwai. Kwa hivyo, ikiwa unataka kutoa malisho ya samaki, karibu kuwasiliana nasi!<\/p>    <figure class=\"wp-block-gallery aligncenter has-nested-images columns-default is-cropped wp-block-gallery-2 is-layout-flex wp-block-gallery-is-layout-flex\"> <figure class=\"wp-block-image size-full\"><img loading=\"lazy\" decoding=\"async\" width=\"720\" height=\"540\" data-id=\"107\" src=\"https:\/\/fishfoodmachinery.com\/wp-content\/uploads\/2022\/09\/electric-motor-fish-feed-machine.webp\" alt=\"Umeme-moto-samaki-kulisha\" class=\"wp-image-107\" title=\"\" srcset=\"https:\/\/fishfoodmachinery.com\/wp-content\/uploads\/2022\/09\/electric-motor-fish-feed-machine.webp 720w, https:\/\/fishfoodmachinery.com\/wp-content\/uploads\/2022\/09\/electric-motor-fish-feed-machine-300x225.webp 300w\" sizes=\"auto, (max-width: 720px) 100vw, 720px\" \/><figcaption class=\"wp-element-caption\">Mashine ya kulisha samaki ya gari<\/figcaption><\/figure>    <figure class=\"wp-block-image size-full\"><img loading=\"lazy\" decoding=\"async\" width=\"720\" height=\"540\" data-id=\"106\" src=\"https:\/\/fishfoodmachinery.com\/wp-content\/uploads\/2022\/09\/diesel-engine-floating-fish-feed-pellet-mill.webp\" alt=\"Dizeli-injini-inayojaa samaki-kulisha-mill\" class=\"wp-image-106\" title=\"\" srcset=\"https:\/\/fishfoodmachinery.com\/wp-content\/uploads\/2022\/09\/diesel-engine-floating-fish-feed-pellet-mill.webp 720w, https:\/\/fishfoodmachinery.com\/wp-content\/uploads\/2022\/09\/diesel-engine-floating-fish-feed-pellet-mill-300x225.webp 300w\" sizes=\"auto, (max-width: 720px) 100vw, 720px\" \/><figcaption class=\"wp-element-caption\">Injini ya Dizeli inayoelea samaki wa kulisha samaki<\/figcaption><\/figure> <\/figure>    <h2 class=\"wp-block-heading\"><strong>Vipimo vya Mashine ya Kulisha Samaki ya Samaki<\/strong><\/h2>    <ul class=\"wp-block-list\"> <li><strong>Pato la 40-350kg\/h<\/strong>: Tengeneza pellets za samaki wa hali ya juu haraka na kwa idadi kubwa kukidhi mahitaji ya shamba kubwa.<\/li>    <li><strong>Operesheni rahisi<\/strong>: Tumia tu baraza la mawaziri la kudhibiti kutumia mashine ya chakula cha samaki, hata bila mafundi wa kitaalam wanaweza kuiendesha kwa urahisi.<\/li>    <li><strong>Uzalishaji anuwai wa kulisha samaki<\/strong>: Mashine hii ya kulisha samaki inaweza kufanya malisho ya samaki, samaki wa samaki wa tilapia, kulisha kwa nyasi, nk.<\/li>    <li><strong>Ubora bora wa pellets<\/strong>: Pellets za chakula cha samaki zina ukubwa wa sare, muundo wa kompakt na lishe bora, ambayo inaweza kuboresha kiwango cha kulisha na kiwango cha ukuaji wa samaki.<\/li> <\/ul>    <h2 class=\"wp-block-heading\" id=\"h-specifications-of-the-fish-feed-making-feed-pellet-machine\"><strong>Maelezo maalum ya kulisha samaki kutengeneza mashine ya kulisha pellet <\/strong><\/h2>    <h3 class=\"wp-block-heading\" id=\"h-electric-floating-fish-feed-machine\"><strong>Mashine ya kulisha samaki ya kuelea<\/strong><strong><\/strong><\/h3>    <figure class=\"wp-block-table\"><table><tbody><tr><td>Mfano<\/td><td>Uwezo<\/td><td>Nguvu kuu<\/td><td>Nguvu ya kukata<\/td><td>Nguvu ya usambazaji wa malisho<\/td><td>Kipenyo cha screw<\/td><td>Ukubwa<\/td><td>Uzito<\/td><\/tr><tr><td>DGP-40<\/td><td>40-50kg \/ h<\/td><td>7.5 kW<\/td><td>0.4kW<\/td><td>0.4kW<\/td><td>40 mm<\/td><td>1260*860*1250mm<\/td><td>290kg<\/td><\/tr><tr><td>DGP-60<\/td><td>150kg\/h<\/td><td>15 kW<\/td><td>0.4kW<\/td><td>0.4kW<\/td><td>60 mm<\/td><td>1450*950*1430mm<\/td><td>480kg<\/td><\/tr><tr><td>DGP-70<\/td><td>180-250kg \/ h<\/td><td>18.5 kW<\/td><td>0.4kW<\/td><td>0.4kW<\/td><td>70 mm<\/td><td>1600*1400*1450mm<\/td><td>600kg<\/td><\/tr><tr><td>DGP-80<\/td><td>300-350kg \/ h<\/td><td>22 kW<\/td><td>0.4kW<\/td><td>0.4kW<\/td><td>80 mm<\/td><td>1850*1470*1500mm<\/td><td>800kg<\/td><\/tr><\/tbody><\/table><figcaption class=\"wp-element-caption\">Takwimu za kiufundi za mashine ya kutengeneza chakula cha samaki<\/figcaption><\/figure>    <h3 class=\"wp-block-heading\" id=\"h-diesel-engine-floating-fish-feed-pellet-machine\"><strong>Injini ya dizeli inayoelea samaki ya kulisha samaki<\/strong><strong><\/strong><\/h3>    <figure class=\"wp-block-table\"><table><tbody><tr><td>Mfano<\/td><td>Uwezo<\/td><td>Nguvu kuu<\/td><td>Nguvu ya kukata<\/td><td>Nguvu ya usambazaji wa malisho<\/td><td>Kipenyo cha screw<\/td><td>Ukubwa<\/td><td>Uzito<\/td><\/tr><tr><td>DGP-40<\/td><td>40-50kg \/ h<\/td><td>12hp<\/td><td>0.4kW<\/td><td>0.4kW<\/td><td>40 mm<\/td><td>1400*1350*1100mm<\/td><td>390kg<\/td><\/tr><tr><td>DGP-60<\/td><td>150kg\/h<\/td><td>22hp<\/td><td>0.4kW<\/td><td>0.4kW<\/td><td>60 mm<\/td><td>1450*950*1430mm<\/td><td>590kg<\/td><\/tr><tr><td>DGP-70<\/td><td>180-250kg \/ h<\/td><td>25hp<\/td><td>0.4kW<\/td><td>0.4kW<\/td><td>70 mm<\/td><td>1640*1550*1080mm<\/td><td>780kg<\/td><\/tr><tr><td>DGP-80<\/td><td>300-350kg \/ h<\/td><td>35hp<\/td><td>0.4kW<\/td><td>0.4kW<\/td><td>80 mm<\/td><td>1700*1400*1000mm<\/td><td>1000kg<\/td><\/tr><\/tbody><\/table><figcaption class=\"wp-element-caption\">Vigezo vya kiufundi vya mashine ya kulisha samaki ya dizeli<\/figcaption><\/figure>    <h2 class=\"wp-block-heading\" id=\"h-molds-and-feed-pellets-display\"><strong>Maonyesho ya Molds na malisho ya kulisha<\/strong><\/h2>    <div class=\"wp-block-media-text alignwide is-stacked-on-mobile\"><figure class=\"wp-block-media-text__media\"><img loading=\"lazy\" decoding=\"async\" width=\"720\" height=\"450\" src=\"https:\/\/fishfoodmachinery.com\/wp-content\/uploads\/2022\/09\/feed-pellet-moulds.webp\" alt=\"Kulisha sufuria za pellet\" class=\"wp-image-84 size-full\" title=\"\" srcset=\"https:\/\/fishfoodmachinery.com\/wp-content\/uploads\/2022\/09\/feed-pellet-moulds.webp 720w, https:\/\/fishfoodmachinery.com\/wp-content\/uploads\/2022\/09\/feed-pellet-moulds-300x188.webp 300w\" sizes=\"auto, (max-width: 720px) 100vw, 720px\" \/><\/figure><div class=\"wp-block-media-text__content\"> <p>Molds anuwai inaweza kutoa pellets tofauti za kulisha. Unachagua tu unachotaka.<\/p> <\/div><\/div>    <div class=\"wp-block-media-text alignwide has-media-on-the-right is-stacked-on-mobile\"><div class=\"wp-block-media-text__content\"> <p>Mashine ya samaki wa samaki wa taizy inaweza kutoa pellets anuwai za kulisha samaki. Maelezo yanaonyeshwa kwenye picha upande wa kulia.<\/p> <\/div><figure class=\"wp-block-media-text__media\"><img loading=\"lazy\" decoding=\"async\" width=\"720\" height=\"540\" src=\"https:\/\/fishfoodmachinery.com\/wp-content\/uploads\/2022\/09\/various-fish-feed-pellets.webp\" alt=\"Pellets anuwai za kulisha samaki\" class=\"wp-image-184 size-full\" title=\"\" srcset=\"https:\/\/fishfoodmachinery.com\/wp-content\/uploads\/2022\/09\/various-fish-feed-pellets.webp 720w, https:\/\/fishfoodmachinery.com\/wp-content\/uploads\/2022\/09\/various-fish-feed-pellets-300x225.webp 300w\" sizes=\"auto, (max-width: 720px) 100vw, 720px\" \/><\/figure><\/div>    <h2 class=\"wp-block-heading\" id=\"h-raw-materials-for-fish-feed-pellets\"><strong>Malighafi kwa pellets za kulisha samaki<\/strong><strong><\/strong><\/h2>    <p>Malighafi inaweza kuwa chakula cha soya, kubakwa, matawi ya mchele, chakula cha samaki, chakula cha mfupa, unga wa mahindi, unga, na kadhalika.\u00a0Nafaka anuwai zinapatikana. <\/p>    <p>Mashine hii ya kulisha samaki ni vifaa vya kitaalam vya Extruder, kwa kutumia malighafi hizi kutengeneza pellets anuwai za kulisha!<\/p>   <div class=\"wp-block-image\"> <figure class=\"aligncenter size-full\"><img loading=\"lazy\" decoding=\"async\" width=\"720\" height=\"500\" src=\"https:\/\/fishfoodmachinery.com\/wp-content\/uploads\/2022\/09\/raw-materials.webp\" alt=\"malighafi\" class=\"wp-image-109\" title=\"\" srcset=\"https:\/\/fishfoodmachinery.com\/wp-content\/uploads\/2022\/09\/raw-materials.webp 720w, https:\/\/fishfoodmachinery.com\/wp-content\/uploads\/2022\/09\/raw-materials-300x208.webp 300w\" sizes=\"auto, (max-width: 720px) 100vw, 720px\" \/><figcaption class=\"wp-element-caption\">malighafi<\/figcaption><\/figure> <\/div>   <h2 class=\"wp-block-heading\" id=\"h-applications-of-the-fish-feed-pelleting-machine\"><strong><strong>Maombi ya mashine ya kulisha samaki<\/strong><\/strong><\/h2>    <ul class=\"wp-block-list\"> <li><strong>Samaki anuwai<\/strong>: Grass carp, samaki wa mapambo, samaki wa baharini, eel, carp, tilapia, shrimp nyeupe ya Amerika Kusini, loach, catfish, ulimi pekee, sturgeon, nk.<\/li>    <li><strong>Pets<\/strong>: Mbwa, paka, parrots, sungura, nk.<\/li>    <li><strong>Wengine<\/strong>: Turtles, shrimps, nk.<\/li> <\/ul>    <h2 class=\"wp-block-heading\" id=\"h-structure-of-the-fish-feed-pellet-machine\"><strong>Muundo wa mashine ya kulisha samaki ya samaki<\/strong><\/h2>    <p>Mashine ya kukausha ya DGP ya aina ya DGP inaundwa sana na feeder, kifaa cha kusukuma maji, nguvu na mfumo wa maambukizi, sura, mfumo wa kudhibiti umeme, nk Mashine hii ya pellet ya kulisha samaki ina muundo mzuri na muundo mzuri, ambao una faida kwa watumiaji.<\/p>   <div class=\"wp-block-image\"> <figure class=\"aligncenter size-full\"><img loading=\"lazy\" decoding=\"async\" width=\"720\" height=\"720\" src=\"https:\/\/fishfoodmachinery.com\/wp-content\/uploads\/2022\/09\/fish-feed-pellet-machine.webp\" alt=\"mashine ya pellet ya kulisha samaki\" class=\"wp-image-113\" title=\"\" srcset=\"https:\/\/fishfoodmachinery.com\/wp-content\/uploads\/2022\/09\/fish-feed-pellet-machine.webp 720w, https:\/\/fishfoodmachinery.com\/wp-content\/uploads\/2022\/09\/fish-feed-pellet-machine-300x300.webp 300w, https:\/\/fishfoodmachinery.com\/wp-content\/uploads\/2022\/09\/fish-feed-pellet-machine-150x150.webp 150w\" sizes=\"auto, (max-width: 720px) 100vw, 720px\" \/><figcaption class=\"wp-element-caption\">mashine ya pellet ya kulisha samaki<\/figcaption><\/figure> <\/div>   <h2 class=\"wp-block-heading\" id=\"h-how-does-the-floating-fish-feed-machine-work\"><strong>Je! Mashine ya kulisha samaki ya kuelea inafanyaje kazi?<\/strong><strong><\/strong><\/h2>   <div id=\"rank-math-howto\" class=\"rank-math-block\" > <div class=\"rank-math-howto-description\">  <\/div>  <div class=\"rank-math-steps\"> <div id=\"howto-step-1705052074061\" class=\"rank-math-step\"> <h3 class=\"rank-math-step-title\"><strong>Malighafi kulisha<\/strong><\/h3> <div class=\"rank-math-step-content\"><p>Viungo vya kulisha samaki, kama vile chakula cha samaki, chakula cha soya, unga wa mahindi, nk, ambazo zimetengenezwa kisayansi na kuendana, zimepimwa kwa usahihi na kisha kuwekwa kwenye hopper ya mashine ya kulisha samaki.<\/p> <\/div> <\/div> <div id=\"howto-step-1705052323060\" class=\"rank-math-step\"> <h3 class=\"rank-math-step-title\"><strong>Extrusion ya joto na usindikaji wa upanuzi<\/strong><\/h3> <div class=\"rank-math-step-content\"><p>Anza vifaa, na malighafi inasindika na inapokanzwa juu na kazi ya upanuzi ndani ya mashine ya chakula cha samaki. <br \/>Chini ya joto la juu na shinikizo, malighafi hupikwa kikamilifu na kuunda muundo ambao ni rahisi kuchimba na kunyonya, na wakati huo huo, hutolewa na kuumbwa kwa sura inayohitajika na saizi.<\/p> <\/div> <\/div> <div id=\"howto-step-1705052357343\" class=\"rank-math-step\"> <h3 class=\"rank-math-step-title\"><strong>Kukamilika kwa Pellets za Samaki<\/strong><\/h3> <div class=\"rank-math-step-content\"><p>Kukamilika kwa samaki wa samaki waliokamilika na walioumbwa hutolewa kiatomati kutoka kwa bandari ya kutokwa ya mashine ya kulisha samaki ya kuelea baada ya kufikia ugumu na wiani. <br \/>Hizi lishe za lishe na za kawaida za kulisha samaki sio rahisi tu kuhifadhi na kusafirisha, lakini pia ni nzuri kwa kulisha samaki, ambayo inaboresha sana faida za kilimo cha majini.<\/p> <\/div> <\/div> <\/div> <\/div>       <h2 class=\"wp-block-heading\" id=\"h-successful-case-2-sets-of-model-40-and-2-sets-of-model-60-small-floating-fish-feed-machine-shipped-to-peru\"><strong>Kesi zilizofanikiwa za mashine ya kutengeneza chakula cha samaki<\/strong><\/h2>    <p class=\"translation-block\"><strong>Seti 2 za mfano-40 na seti 2 za mfano-60 za mashine ndogo za chakula cha samaki zilitumwa kwenda Peru<\/strong><\/p>    <p>Mteja kutoka Peru aliuliza juu ya mashine ndogo ya kulisha samaki kwa kuuza. Mashine ya chakula cha samaki inaweza kutoa pellets anuwai za kulisha. Mteja wa Peru alinunua mashine ya kulisha samaki ya mini kwa mteja wake. <\/p>    <p>Meneja wetu wa mauzo alimtuma maelezo ya mashine hiyo. Baada ya kupitia hiyo, mteja aliridhika sana na alithibitisha maswali kadhaa tena. Baada ya hapo, aliamuru jumla ya seti 4: seti 2 za umeme, na seti 2 za injini za dizeli. Na tukafunga mashine hiyo katika kesi ya mbao na tukatuma kwa marudio yake.<\/p>   <div class=\"wp-block-image\"> <figure class=\"aligncenter size-full\"><img loading=\"lazy\" decoding=\"async\" width=\"720\" height=\"540\" src=\"https:\/\/fishfoodmachinery.com\/wp-content\/uploads\/2022\/09\/package-the-floating-fish-feed-pellet-machine.webp\" alt=\"Pakia mashine ya kulisha samaki ya samaki\" class=\"wp-image-115\" title=\"\" srcset=\"https:\/\/fishfoodmachinery.com\/wp-content\/uploads\/2022\/09\/package-the-floating-fish-feed-pellet-machine.webp 720w, https:\/\/fishfoodmachinery.com\/wp-content\/uploads\/2022\/09\/package-the-floating-fish-feed-pellet-machine-300x225.webp 300w\" sizes=\"auto, (max-width: 720px) 100vw, 720px\" \/><figcaption class=\"wp-element-caption\">Pakia mashine ya kulisha samaki<\/figcaption><\/figure> <\/div>   <p class=\"translation-block\"><strong>Mashine ya pelleti za chakula cha samaki inayouzwa kwa joto iliyopelekwa Burkina Faso<\/strong><\/p>    <p>Mashine yetu ya kulisha samaki ya kuelea imewekwa kwa mafanikio katika msingi mkubwa wa kilimo cha maji huko Burkina Faso, nchi ya Afrika Magharibi, ambayo imeboresha sana ufanisi na ubora wa uzalishaji wa malisho ya ndani.<\/p>    <p>Kupitia kuanzishwa kwa vifaa vya hali ya juu, shamba limepunguza gharama za kufanya kazi, kuongezeka kwa ukuaji wa samaki na uzalishaji, na kuingiza msukumo mkubwa katika maendeleo ya tasnia ya uvuvi huko Burkina Faso.<\/p>    <figure class=\"wp-block-gallery aligncenter has-nested-images columns-default is-cropped wp-block-gallery-3 is-layout-flex wp-block-gallery-is-layout-flex\"> <figure class=\"wp-block-image size-large\"><img loading=\"lazy\" decoding=\"async\" width=\"540\" height=\"720\" data-id=\"741\" src=\"https:\/\/fishfoodmachinery.com\/wp-content\/uploads\/2023\/11\/fish-feed-pellet-making-machine.webp\" alt=\"Mashine ya kutengeneza samaki\" class=\"wp-image-741\" title=\"\" srcset=\"https:\/\/fishfoodmachinery.com\/wp-content\/uploads\/2023\/11\/fish-feed-pellet-making-machine.webp 540w, https:\/\/fishfoodmachinery.com\/wp-content\/uploads\/2023\/11\/fish-feed-pellet-making-machine-225x300.webp 225w\" sizes=\"auto, (max-width: 540px) 100vw, 540px\" \/><figcaption class=\"wp-element-caption\">Mashine ya kutengeneza samaki<\/figcaption><\/figure>    <figure class=\"wp-block-image size-large\"><img loading=\"lazy\" decoding=\"async\" width=\"540\" height=\"720\" data-id=\"742\" src=\"https:\/\/fishfoodmachinery.com\/wp-content\/uploads\/2023\/11\/package-of-floating-fish-feed-making-machine.webp\" alt=\"kifaa cha kutengeneza chakula cha samaki kinachofloat\" class=\"wp-image-742\" title=\"\" srcset=\"https:\/\/fishfoodmachinery.com\/wp-content\/uploads\/2023\/11\/package-of-floating-fish-feed-making-machine.webp 540w, https:\/\/fishfoodmachinery.com\/wp-content\/uploads\/2023\/11\/package-of-floating-fish-feed-making-machine-225x300.webp 225w\" sizes=\"auto, (max-width: 540px) 100vw, 540px\" \/><figcaption class=\"wp-element-caption\">Kifurushi cha mashine ya kutengeneza samaki ya kuelea<\/figcaption><\/figure> <\/figure>    <h2 class=\"wp-block-heading\"><strong>Kwa nini uchague Taizy kama mtengenezaji wa mashine ya kulisha samaki na muuzaji?<\/strong><\/h2>    <ul class=\"wp-block-list\"> <li><strong>Huduma ya kitaalam iliyobinafsishwa<\/strong>Vi tillhandah\u00e5ller personliga design- och konfigurationsplaner enligt kundernas behov och kan producera flytande fiskfoder med olika specifikationer, former och n\u00e4rings\u00e4mnen f\u00f6r att m\u00f6ta diversifierade akvakulturbehov.<\/li>    <li><strong>Uwezo mzuri wa uzalishaji<\/strong>: Mashine za kulisha samaki za Taizy zina tija na nishati yenye ufanisi, na anuwai ya mifano kutoka 40kg hadi 350kg kwa saa, hukusaidia kuboresha ufanisi wa uzalishaji na kupunguza gharama za kufanya kazi.<\/li>    <li><strong>Sifa nzuri katika tasnia<\/strong>: Taizy Brand inafurahiya sifa kubwa na sifa nzuri nyumbani na nje ya nchi, kuegemea kwa bidhaa zake na huduma ya baada ya mauzo kunatambuliwa na watumiaji wengi, kuchagua Taize inamaanisha kuchagua amani ya akili na mafanikio.<\/li> <\/ul>    <h2 class=\"wp-block-heading\"><strong>Anza samaki wako wa kulisha samaki kufanya biashara sasa!<\/strong><\/h2>    <p class=\"translation-block\">Leo ni wakati mzuri wa kuanza biashara yako ya <a href=\"https:\/\/en.wikipedia.org\/wiki\/Commercial_fish_feed\" target=\"_blank\" rel=\"noopener\">pelleti za chakula cha samaki<\/a>! Kwa msaada wa teknolojia ya kisasa ya mashine ya pelleti za chakula cha samaki, unaweza kubadilisha haraka malighafi za ubora wa juu kuwa pelleti za chakula cha samaki zenye virutubisho vya juu. <\/p>    <p class=\"translation-block\">Wasiliana nasi ili kujua jinsi tunavyoweza kukusaidia si tu na mashine za pekee, bali pia <a href=\"https:\/\/fishfoodmachinery.com\/sw\/product\/small-floating-fish-feed-production-line\/\">michakato ya uzalishaji wa pelleti za samaki<\/a> kwa uzalishaji wa pelleti za chakula cha ubora wa juu.<\/p>","protected":false},"excerpt":{"rendered":"<p>Mashine ya kulisha samaki ya kuelea inatumia mahindi, unga, nk hutengeneza malisho ya majini kwa samaki anuwai, shrimp, turtle, nk na uwezo wa 40-350kg\/h. <\/p>","protected":false},"author":1,"featured_media":122,"parent":0,"template":"","tags":[15,12,24,14,16,10],"product-type":[8],"class_list":["post-42","product","type-product","status-publish","has-post-thumbnail","hentry","tag-animal-feed-pellet-machine","tag-dog-food-making-machine","tag-fish-feed","tag-fish-feed-extruder","tag-fish-feed-pellet-making-machine","tag-floating-fish-feed-production-line","product-type-fish-feed-pellet-machine"],"_links":{"self":[{"href":"https:\/\/fishfoodmachinery.com\/sw\/wp-json\/wp\/v2\/product\/42","targetHints":{"allow":["GET"]}}],"collection":[{"href":"https:\/\/fishfoodmachinery.com\/sw\/wp-json\/wp\/v2\/product"}],"about":[{"href":"https:\/\/fishfoodmachinery.com\/sw\/wp-json\/wp\/v2\/types\/product"}],"author":[{"embeddable":true,"href":"https:\/\/fishfoodmachinery.com\/sw\/wp-json\/wp\/v2\/users\/1"}],"wp:featuredmedia":[{"embeddable":true,"href":"https:\/\/fishfoodmachinery.com\/sw\/wp-json\/wp\/v2\/media\/122"}],"wp:attachment":[{"href":"https:\/\/fishfoodmachinery.com\/sw\/wp-json\/wp\/v2\/media?parent=42"}],"wp:term":[{"taxonomy":"post_tag","embeddable":true,"href":"https:\/\/fishfoodmachinery.com\/sw\/wp-json\/wp\/v2\/tags?post=42"},{"taxonomy":"product-type","embeddable":true,"href":"https:\/\/fishfoodmachinery.com\/sw\/wp-json\/wp\/v2\/product-type?post=42"}],"curies":[{"name":"wp","href":"https:\/\/api.w.org\/{rel}","templated":true}]}}