{"id":49,"date":"2022-09-06T03:45:34","date_gmt":"2022-09-06T03:45:34","guid":{"rendered":"https:\/\/fishfoodmachinery.com\/?post_type=product&#038;p=49"},"modified":"2024-06-11T17:19:39","modified_gmt":"2024-06-11T09:19:39","slug":"small-floating-fish-feed-production-line","status":"publish","type":"product","link":"https:\/\/fishfoodmachinery.com\/sw\/product\/small-floating-fish-feed-production-line\/","title":{"rendered":"Njia ndogo ya kuzalisha malisho ya samaki wanaoelea"},"content":{"rendered":"<p class=\"translation-block\">Denna <strong>flytande fiskfoderproduktionslinje<\/strong> kan producera fiskfoder av olika former och utbyten genom krossning, blandning, extrudering och torkning. Den har en kapacitet p\u00e5 40-350 kg\/h, l\u00e4mplig f\u00f6r sm\u00e5 och medelstora fiskodlingsanl\u00e4ggningar, etc. <\/p>    <p>Malisho yanayozalishwa yanaweza kutumika kwa wanyama wafuatao: kila aina ya samaki, parrots, shrimps, nk. Mstari kamili wa uzalishaji wa samaki unabadilika, ikiwa una nia ya hii, tafadhali wasiliana nasi!<\/p>    <figure class=\"wp-block-embed is-type-video is-provider-youtube wp-block-embed-youtube wp-embed-aspect-16-9 wp-has-aspect-ratio\"><div class=\"wp-block-embed__wrapper\"> <iframe loading=\"lazy\" title=\"Rahisi na ya vitendo ya FISHIED FISH PELLET Uzalishaji wa PELLET | Jinsi ya kutengeneza pellets#pellets\" width=\"500\" height=\"281\" src=\"https:\/\/www.youtube.com\/embed\/9BjNa9qqZpA?feature=oembed\" frameborder=\"0\" allow=\"accelerometer; autoplay; clipboard-write; encrypted-media; gyroscope; picture-in-picture; web-share\" referrerpolicy=\"strict-origin-when-cross-origin\" allowfullscreen><\/iframe> <\/div><figcaption class=\"wp-element-caption\">Utangulizi Video ya laini rahisi na ya vitendo ya uzalishaji wa samaki<\/figcaption><\/figure>    <h2 class=\"wp-block-heading\" id=\"h-feed-pellet-sizes-and-shapes-that-can-be-produced\"><strong>Kulisha ukubwa wa pellet na maumbo ambayo yanaweza kuzalishwa<\/strong><\/h2>    <p>Mstari wetu wa uzalishaji wa samaki wa kuelea unaweza kutoa pellets za kulisha za ukubwa na maumbo anuwai, kulingana na ukungu zetu. Mold yetu inaweza kutoa maumbo anuwai ya pellets za kulisha, kuwasiliana na sisi kwa habari zaidi!<\/p>   <div class=\"wp-block-image\"> <figure class=\"aligncenter size-full\"><img loading=\"lazy\" decoding=\"async\" width=\"720\" height=\"450\" src=\"https:\/\/fishfoodmachinery.com\/wp-content\/uploads\/2022\/09\/feed-pellet-moulds.webp\" alt=\"Kulisha sufuria za pellet\" class=\"wp-image-84\" title=\"\" srcset=\"https:\/\/fishfoodmachinery.com\/wp-content\/uploads\/2022\/09\/feed-pellet-moulds.webp 720w, https:\/\/fishfoodmachinery.com\/wp-content\/uploads\/2022\/09\/feed-pellet-moulds-300x188.webp 300w\" sizes=\"auto, (max-width: 720px) 100vw, 720px\" \/><figcaption class=\"wp-element-caption\">Kulisha sufuria za pellet<\/figcaption><\/figure> <\/div>   <h2 class=\"wp-block-heading\" id=\"h-how-to-produce-fish-food-pellets-in-taizy-floating-fish-feed-production-line\"><strong>Jinsi ya kutengeneza pellets za chakula cha samaki katika laini ya uzalishaji wa samaki wa samaki?<\/strong><\/h2>    <p>Uzalishaji wa kulisha samaki una hatua zifuatazo kwa ujumla:<\/p>    <div class=\"wp-block-media-text alignwide is-stacked-on-mobile\"><figure class=\"wp-block-media-text__media\"><img loading=\"lazy\" decoding=\"async\" width=\"720\" height=\"540\" src=\"https:\/\/fishfoodmachinery.com\/wp-content\/uploads\/2022\/09\/9FQ-disk-mill-machine.webp\" alt=\"Mashine ya Mill ya 9fq-disk\" class=\"wp-image-86 size-full\" title=\"\" srcset=\"https:\/\/fishfoodmachinery.com\/wp-content\/uploads\/2022\/09\/9FQ-disk-mill-machine.webp 720w, https:\/\/fishfoodmachinery.com\/wp-content\/uploads\/2022\/09\/9FQ-disk-mill-machine-300x225.webp 300w\" sizes=\"auto, (max-width: 720px) 100vw, 720px\" \/><\/figure><div class=\"wp-block-media-text__content\"> <p class=\"translation-block\"><strong>Krossningsmaterial: 9FQ\/diskmaskin<\/strong><\/p>    <p>Hatua hii ni ya kuponda malighafi. 9fq au mashine ya grinder zote zinatumika. Jinsi ya kuchagua inayofaa, inategemea uwezo wa uzalishaji.<\/p> <\/div><\/div>    <div class=\"wp-block-media-text alignwide has-media-on-the-right is-stacked-on-mobile\"><div class=\"wp-block-media-text__content\"> <p class=\"translation-block\"><strong>Blandningsmaterial: fiskfoderblandare<\/strong><\/p>    <p>Kazi yake ni kuchanganya sawasawa, kufanya sare za vifaa.<\/p> <\/div><figure class=\"wp-block-media-text__media\"><img loading=\"lazy\" decoding=\"async\" width=\"720\" height=\"540\" src=\"https:\/\/fishfoodmachinery.com\/wp-content\/uploads\/2022\/09\/fish-feed-mixer-machine.webp\" alt=\"Mashine ya mchanganyiko wa samaki\" class=\"wp-image-89 size-full\" title=\"\" srcset=\"https:\/\/fishfoodmachinery.com\/wp-content\/uploads\/2022\/09\/fish-feed-mixer-machine.webp 720w, https:\/\/fishfoodmachinery.com\/wp-content\/uploads\/2022\/09\/fish-feed-mixer-machine-300x225.webp 300w\" sizes=\"auto, (max-width: 720px) 100vw, 720px\" \/><\/figure><\/div>    <div class=\"wp-block-media-text alignwide is-stacked-on-mobile\"><figure class=\"wp-block-media-text__media\"><img loading=\"lazy\" decoding=\"async\" width=\"720\" height=\"540\" src=\"https:\/\/fishfoodmachinery.com\/wp-content\/uploads\/2022\/09\/screw-elevator.webp\" alt=\"screw lifti\" class=\"wp-image-91 size-full\" title=\"\" srcset=\"https:\/\/fishfoodmachinery.com\/wp-content\/uploads\/2022\/09\/screw-elevator.webp 720w, https:\/\/fishfoodmachinery.com\/wp-content\/uploads\/2022\/09\/screw-elevator-300x225.webp 300w\" sizes=\"auto, (max-width: 720px) 100vw, 720px\" \/><\/figure><div class=\"wp-block-media-text__content\"> <p class=\"translation-block\"><strong>Lyft: skruvhiss<\/strong><\/p>    <p>Tuma vifaa katika Hatua ya 2 kwa Mashine ya Pellet ya Samaki. Kwa kweli, kazi pia ni sawa.<\/p> <\/div><\/div>    <div class=\"wp-block-media-text alignwide has-media-on-the-right is-stacked-on-mobile\"><div class=\"wp-block-media-text__content\"> <p class=\"translation-block\"><strong>Produktion av foderpellets: <a href=\"https:\/\/fishfoodmachinery.com\/sw\/product\/floating-fish-feed-machine\/\" target=\"_blank\" rel=\"noreferrer noopener\">flytande fiskfoderproduktionsmaskin<\/a><\/strong><\/p>    <p>Mashine ya chakula cha samaki inayoelea ndio sehemu muhimu ya kutengeneza pellets bora za kulisha samaki. Ni kwa kubadilisha tu ukungu, unaweza kupata ukubwa tofauti na maumbo.<\/p> <\/div><figure class=\"wp-block-media-text__media\"><img loading=\"lazy\" decoding=\"async\" width=\"720\" height=\"540\" src=\"https:\/\/fishfoodmachinery.com\/wp-content\/uploads\/2022\/09\/fish-feed-production-machine.webp\" alt=\"Mashine ya uzalishaji wa samaki\" class=\"wp-image-92 size-full\" title=\"\" srcset=\"https:\/\/fishfoodmachinery.com\/wp-content\/uploads\/2022\/09\/fish-feed-production-machine.webp 720w, https:\/\/fishfoodmachinery.com\/wp-content\/uploads\/2022\/09\/fish-feed-production-machine-300x225.webp 300w\" sizes=\"auto, (max-width: 720px) 100vw, 720px\" \/><\/figure><\/div>    <div class=\"wp-block-media-text alignwide is-stacked-on-mobile\"><figure class=\"wp-block-media-text__media\"><img loading=\"lazy\" decoding=\"async\" width=\"720\" height=\"540\" src=\"https:\/\/fishfoodmachinery.com\/wp-content\/uploads\/2022\/09\/dryer.webp\" alt=\"kavu\" class=\"wp-image-97 size-full\" title=\"\" srcset=\"https:\/\/fishfoodmachinery.com\/wp-content\/uploads\/2022\/09\/dryer.webp 720w, https:\/\/fishfoodmachinery.com\/wp-content\/uploads\/2022\/09\/dryer-300x225.webp 300w\" sizes=\"auto, (max-width: 720px) 100vw, 720px\" \/><\/figure><div class=\"wp-block-media-text__content\"> <p class=\"translation-block\"><strong>Torkning av pellets: torkmaskin<\/strong><\/p>    <p>Kuna aina mbili: kavu ya wima na kavu ya ukanda. Kazi ni kuongeza muda wa kukausha, na kufanya pellets kavu.<\/p>    <p>Kavu ya wima ni ndogo, na ya gharama nafuu.<\/p>    <p>Kavu ya ukanda ni kweli ya chuma, kuwa na faida za joto la juu, vifaa vya chuma.<\/p> <\/div><\/div>    <div class=\"wp-block-media-text alignwide has-media-on-the-right is-stacked-on-mobile\"><div class=\"wp-block-media-text__content\"> <p class=\"translation-block\"><strong>Kryddning: kryddmaskin<\/strong><\/p>    <p>Katika hatua hii, unaweza kuongeza viungo au kunyunyizia mafuta.<\/p>    <p>Kuongeza viungo: Hufanya pellets za kulisha kuvutia zaidi kwa samaki, mbwa, na paka.<\/p>    <p>Kunyunyizia mafuta: 1) uso laini; 2) sugu kwa unyevu.<\/p> <\/div><figure class=\"wp-block-media-text__media\"><img loading=\"lazy\" decoding=\"async\" width=\"720\" height=\"540\" src=\"https:\/\/fishfoodmachinery.com\/wp-content\/uploads\/2022\/09\/seasoning-machine-spraying-machine.webp\" alt=\"Mashine ya kukausha na mashine ya kunyunyizia dawa\" class=\"wp-image-95 size-full\" title=\"\" srcset=\"https:\/\/fishfoodmachinery.com\/wp-content\/uploads\/2022\/09\/seasoning-machine-spraying-machine.webp 720w, https:\/\/fishfoodmachinery.com\/wp-content\/uploads\/2022\/09\/seasoning-machine-spraying-machine-300x225.webp 300w\" sizes=\"auto, (max-width: 720px) 100vw, 720px\" \/><\/figure><\/div>    <h2 class=\"wp-block-heading\"><strong>Manufaa ya mstari wa uzalishaji wa samaki wa kuelea<\/strong><\/h2>    <ul class=\"wp-block-list\"> <li><strong>Gharama ya chini<\/strong>: Mstari mdogo wa uzalishaji wa chakula cha samaki una gharama ya chini ya uwekezaji, ambayo inafaa kwa wakulima wadogo na wa kati na inaweza kupunguza uwekezaji wa awali.<\/li>    <li><strong>Nyota ndogo<\/strong>: Vifaa vina muundo wa kompakt na inashughulikia eneo ndogo, ambalo linafaa kwa shamba au mimea ndogo ya usindikaji na nafasi ndogo.<\/li>    <li><strong>Rahisi kufanya kazi<\/strong>: Vifaa ni vya watumiaji na rahisi kufanya kazi. Hauitaji mafundi wa kitaalam na inaweza kuendeshwa kwa urahisi na wakulima wa kawaida.<\/li>    <li><strong>Kubadilika kwa nguvu<\/strong>: Mstari huu wa uzalishaji wa samaki wa kuelea unaweza kurekebisha kiwango cha uzalishaji kulingana na mahitaji, kubadilika kwa nguvu, na kuzoea mahitaji ya uzalishaji wa mizani tofauti.<\/li>    <li><strong>Matengenezo rahisi<\/strong>: Muundo rahisi wa vifaa, matengenezo rahisi, matengenezo ya chini ya kila siku na gharama za ukarabati, maisha marefu ya huduma.<\/li> <\/ul>    <h2 class=\"wp-block-heading\" id=\"h-technical-parameters-of-the-fish-feed-production-machine\"><strong>Vigezo vya kiufundi vya mashine ya uzalishaji wa samaki<\/strong><\/h2>    <figure class=\"wp-block-table\"><table><tbody><tr><td>Mfano<\/td><td>Uwezo<\/td><td>Nguvu kuu<\/td><td>Nguvu ya kukata<\/td><td>Nguvu ya usambazaji wa malisho<\/td><td>Kipenyo cha screw<\/td><td>Ukubwa<\/td><td>Uzito<\/td><\/tr><tr><td>DGP-40<\/td><td>40-50kg \/ h<\/td><td>7.5 kW<\/td><td>0.4kW<\/td><td>0.4kW<\/td><td>40 mm<\/td><td>1260*860*1250mm<\/td><td>290kg<\/td><\/tr><tr><td>DGP-60<\/td><td>150kg\/h<\/td><td>15 kW<\/td><td>0.4kW<\/td><td>0.4kW<\/td><td>60 mm<\/td><td>1450*950*1430mm<\/td><td>480kg<\/td><\/tr><tr><td>DGP-70<\/td><td>180-250kg \/ h<\/td><td>18.5 kW<\/td><td>0.4kW<\/td><td>0.4kW<\/td><td>70 mm<\/td><td>1600*1400*1450mm<\/td><td>600kg<\/td><\/tr><tr><td>DGP-80<\/td><td>300-350kg \/ h<\/td><td>22 kW<\/td><td>0.4kW<\/td><td>0.4kW<\/td><td>80 mm<\/td><td>1850*1470*1500m<\/td><td>800kg<\/td><\/tr><\/tbody><\/table><figcaption class=\"wp-element-caption\">Maelezo maalum ya mashine ya kulisha samaki<\/figcaption><\/figure>    <p>Kwa jumla, ni kwa msingi wa pato la mashine ya kulisha samaki ili kuamua matokeo maalum ya laini ya uzalishaji wa chakula cha samaki, chagua pato la mashine ya chakula cha samaki, na kisha kulinganisha vifaa vya baadaye vinavyohitajika.<\/p>    <h2 class=\"wp-block-heading\" id=\"h-successful-case-200-300kg-h-floating-fish-feed-production-process-to-cote-d-ivoire\"><strong><strong>Mafanikio: mchakato wa uzalishaji wa chakula cha samaki wa kuogelea wa 200-300kg\/h hadi C\u00f4te d'Ivoire<\/strong><\/strong><\/h2>    <p>Mteja huyu alitaka mashine ya chakula ya samaki ya kuelea kutoa kilo 200-300 kwa saa. Kulingana na mahitaji yake, meneja wetu wa mauzo alimpendekeza mashine ya aina 80 inayolingana. Kwa kuongezea, pia alitaka kavu, lifti, na mchanganyiko ili kuboresha ufanisi. <\/p>    <p>Meneja wetu wa mauzo basi alipendekeza mashine sahihi kulingana na mahitaji yake na bajeti ya kifedha. Mwishowe alinunua mchanganyiko mmoja, kavu mbili, lifti mbili, na kinu cha chakula cha samaki mmoja.<\/p>   <div class=\"wp-block-image\"> <figure class=\"aligncenter size-full\"><img loading=\"lazy\" decoding=\"async\" width=\"720\" height=\"350\" src=\"https:\/\/fishfoodmachinery.com\/wp-content\/uploads\/2022\/09\/200-300kg-per-hour-fish-feed-production-line.webp\" alt=\"200-300kg kwa saa ya uzalishaji wa samaki\" class=\"wp-image-100\" title=\"\" srcset=\"https:\/\/fishfoodmachinery.com\/wp-content\/uploads\/2022\/09\/200-300kg-per-hour-fish-feed-production-line.webp 720w, https:\/\/fishfoodmachinery.com\/wp-content\/uploads\/2022\/09\/200-300kg-per-hour-fish-feed-production-line-300x146.webp 300w\" sizes=\"auto, (max-width: 720px) 100vw, 720px\" \/><figcaption class=\"wp-element-caption\">200-300kg kwa saa ya uzalishaji wa samaki<\/figcaption><\/figure> <\/div>   <h2 class=\"wp-block-heading\"><strong>Wasiliana nasi sasa!<\/strong><\/h2>    <p class=\"translation-block\">Om du \u00e4r intresserad av flytande fiskfoderproduktionslinje, kontakta oss, s\u00e5 ger vi dig den optimala l\u00f6sningen f\u00f6r <a href=\"https:\/\/en.wikipedia.org\/wiki\/Commercial_fish_feed\" target=\"_blank\" rel=\"noopener\">fiskfoder<\/a> tillverkning!<\/p>","protected":false},"excerpt":{"rendered":"<p>Mstari wa uzalishaji wa samaki wa kuelea ni laini kamili ya usindikaji wa samaki kwa kutengeneza pellets kwa samaki, parrots, shrimps, nk, na uwezo wa 40-350kg\/h.<\/p>","protected":false},"author":1,"featured_media":116,"parent":0,"template":"","tags":[12,24,13,11,10],"product-type":[7],"class_list":["post-49","product","type-product","status-publish","has-post-thumbnail","hentry","tag-dog-food-making-machine","tag-fish-feed","tag-fish-feed-extruder-machine","tag-floating-fish-feed-machine","tag-floating-fish-feed-production-line","product-type-production-line"],"_links":{"self":[{"href":"https:\/\/fishfoodmachinery.com\/sw\/wp-json\/wp\/v2\/product\/49","targetHints":{"allow":["GET"]}}],"collection":[{"href":"https:\/\/fishfoodmachinery.com\/sw\/wp-json\/wp\/v2\/product"}],"about":[{"href":"https:\/\/fishfoodmachinery.com\/sw\/wp-json\/wp\/v2\/types\/product"}],"author":[{"embeddable":true,"href":"https:\/\/fishfoodmachinery.com\/sw\/wp-json\/wp\/v2\/users\/1"}],"wp:featuredmedia":[{"embeddable":true,"href":"https:\/\/fishfoodmachinery.com\/sw\/wp-json\/wp\/v2\/media\/116"}],"wp:attachment":[{"href":"https:\/\/fishfoodmachinery.com\/sw\/wp-json\/wp\/v2\/media?parent=49"}],"wp:term":[{"taxonomy":"post_tag","embeddable":true,"href":"https:\/\/fishfoodmachinery.com\/sw\/wp-json\/wp\/v2\/tags?post=49"},{"taxonomy":"product-type","embeddable":true,"href":"https:\/\/fishfoodmachinery.com\/sw\/wp-json\/wp\/v2\/product-type?post=49"}],"curies":[{"name":"wp","href":"https:\/\/api.w.org\/{rel}","templated":true}]}}