{"id":515,"date":"2023-05-08T10:40:27","date_gmt":"2023-05-08T02:40:27","guid":{"rendered":"https:\/\/fishfoodmachinery.com\/?post_type=product&#038;p=515"},"modified":"2024-06-13T18:29:35","modified_gmt":"2024-06-13T10:29:35","slug":"fish-feed-processing-line","status":"publish","type":"product","link":"https:\/\/fishfoodmachinery.com\/sw\/product\/fish-feed-processing-line\/","title":{"rendered":"Laini kubwa ya usindikaji wa malisho ya samaki kwa kutengeneza pellets za malisho"},"content":{"rendered":"<p class=\"translation-block\">Denna <strong>fiskfoderbearbetningslinje<\/strong> \u00e4r designad f\u00f6r produktion av stora fiskfoderpellets med en kapacitet p\u00e5 180-600 kg per timme.<\/p>    <figure class=\"wp-block-embed is-type-video is-provider-youtube wp-block-embed-youtube wp-embed-aspect-16-9 wp-has-aspect-ratio\"><div class=\"wp-block-embed__wrapper\"> <iframe loading=\"lazy\" title=\"Nguvu ya mstari mkubwa wa uzalishaji wa samaki wa kuelea: samaki wa hali ya juu wa samaki wa samaki kwa kilimo cha majini!\" width=\"500\" height=\"281\" src=\"https:\/\/www.youtube.com\/embed\/yFO01XPddfc?start=32&#038;feature=oembed\" frameborder=\"0\" allow=\"accelerometer; autoplay; clipboard-write; encrypted-media; gyroscope; picture-in-picture; web-share\" referrerpolicy=\"strict-origin-when-cross-origin\" allowfullscreen><\/iframe> <\/div><figcaption class=\"wp-element-caption\">samaki kulisha pellet kutengeneza video ya mstari wa mashine<\/figcaption><\/figure>    <p>Pellets za chakula cha samaki ni malisho muhimu kwa mchakato wa kilimo cha majini. Pamoja na maendeleo endelevu ya tasnia ya kilimo cha majini, mahitaji ya pellets za chakula cha samaki pia yanaongezeka.<\/p>    <figure class=\"wp-block-gallery aligncenter has-nested-images columns-default is-cropped wp-block-gallery-2 is-layout-flex wp-block-gallery-is-layout-flex\"> <figure class=\"wp-block-image size-large\"><img loading=\"lazy\" decoding=\"async\" width=\"720\" height=\"540\" data-id=\"184\" src=\"https:\/\/fishfoodmachinery.com\/wp-content\/uploads\/2022\/09\/various-fish-feed-pellets.webp\" alt=\"Pellets anuwai za kulisha samaki\" class=\"wp-image-184\" title=\"\" srcset=\"https:\/\/fishfoodmachinery.com\/wp-content\/uploads\/2022\/09\/various-fish-feed-pellets.webp 720w, https:\/\/fishfoodmachinery.com\/wp-content\/uploads\/2022\/09\/various-fish-feed-pellets-300x225.webp 300w\" sizes=\"auto, (max-width: 720px) 100vw, 720px\" \/><figcaption class=\"wp-element-caption\">Pellets anuwai za kulisha samaki<\/figcaption><\/figure>    <figure class=\"wp-block-image size-large\"><img loading=\"lazy\" decoding=\"async\" width=\"540\" height=\"540\" data-id=\"402\" src=\"https:\/\/fishfoodmachinery.com\/wp-content\/uploads\/2023\/01\/floating-fish-pellets.webp\" alt=\"Vipande vya samaki vya kuelea\" class=\"wp-image-402\" title=\"\" srcset=\"https:\/\/fishfoodmachinery.com\/wp-content\/uploads\/2023\/01\/floating-fish-pellets.webp 540w, https:\/\/fishfoodmachinery.com\/wp-content\/uploads\/2023\/01\/floating-fish-pellets-300x300.webp 300w, https:\/\/fishfoodmachinery.com\/wp-content\/uploads\/2023\/01\/floating-fish-pellets-150x150.webp 150w\" sizes=\"auto, (max-width: 540px) 100vw, 540px\" \/><figcaption class=\"wp-element-caption\">Vipande vya samaki vya kuelea<\/figcaption><\/figure> <\/figure>    <p>Kukidhi mahitaji ya soko, mstari wa usindikaji wa samaki ulizaliwa. Inaweza kusindika na kutibu aina tofauti za vifaa vya kulisha kupitia safu ya usindikaji na hatimaye kutoa pellets za hali ya juu zinazofaa kwa wanyama tofauti wa samaki wa samaki na kipenzi.<\/p>    <h2 class=\"wp-block-heading\"><strong>Nini ni mchakato wa kusindika chakula cha samaki wanaoelea?<\/strong><\/h2>    <p>Mstari wa uzalishaji wa chakula cha samaki ni aina ya vifaa vya mstari wa uzalishaji hususan kutengeneza malisho kwa wanyama wa majini kama samaki, shrimp, kaa, na snapper.<\/p>   <div class=\"wp-block-image\"> <figure class=\"aligncenter size-full\"><img loading=\"lazy\" decoding=\"async\" width=\"720\" height=\"540\" src=\"https:\/\/fishfoodmachinery.com\/wp-content\/uploads\/2023\/05\/floating-fish-feed-processing-line.webp\" alt=\"Mstari wa usindikaji wa samaki wa kuelea\" class=\"wp-image-542\" title=\"\" srcset=\"https:\/\/fishfoodmachinery.com\/wp-content\/uploads\/2023\/05\/floating-fish-feed-processing-line.webp 720w, https:\/\/fishfoodmachinery.com\/wp-content\/uploads\/2023\/05\/floating-fish-feed-processing-line-300x225.webp 300w\" sizes=\"auto, (max-width: 720px) 100vw, 720px\" \/><figcaption class=\"wp-element-caption\">Mstari wa usindikaji wa samaki wa kuelea<\/figcaption><\/figure> <\/div>   <p>Inazalisha pellets za kulisha za maelezo na maumbo anuwai kupitia mchakato wa mchanganyiko, kusagwa, moduli na extrusion ya vifaa anuwai vya kulisha. Kwa kurekebisha vigezo kama vile muundo, saizi na sura ya pellets za kulisha, pellets zenye ubora wa juu zinazofaa kwa wanyama tofauti wa majini zinaweza kuzalishwa.<\/p>    <p>Utumiaji wa mstari wa usindikaji wa samaki wa kuelea unaweza kuboresha ufanisi wa uzalishaji wa tasnia ya majini, kupunguza taka za kulisha na kuboresha faida za kiuchumi za kilimo cha majini.<\/p>    <h2 class=\"wp-block-heading\"><strong>Orodha ya Mashine ya kutengeneza pellets za kulisha kwenye mstari wa uzalishaji wa samaki<\/strong><\/h2>   <div class=\"wp-block-image\"> <figure class=\"aligncenter size-full\"><img loading=\"lazy\" decoding=\"async\" width=\"720\" height=\"370\" src=\"https:\/\/fishfoodmachinery.com\/wp-content\/uploads\/2023\/05\/hammer-mill.webp\" alt=\"Mill ya nyundo\" class=\"wp-image-552\" title=\"\" srcset=\"https:\/\/fishfoodmachinery.com\/wp-content\/uploads\/2023\/05\/hammer-mill.webp 720w, https:\/\/fishfoodmachinery.com\/wp-content\/uploads\/2023\/05\/hammer-mill-300x154.webp 300w\" sizes=\"auto, (max-width: 720px) 100vw, 720px\" \/><figcaption class=\"wp-element-caption\">Mill ya nyundo<\/figcaption><\/figure> <\/div>  <div class=\"wp-block-image\"> <figure class=\"aligncenter size-full\"><img loading=\"lazy\" decoding=\"async\" width=\"720\" height=\"370\" src=\"https:\/\/fishfoodmachinery.com\/wp-content\/uploads\/2023\/05\/mixer.webp\" alt=\"Mchanganyiko\" class=\"wp-image-553\" title=\"\" srcset=\"https:\/\/fishfoodmachinery.com\/wp-content\/uploads\/2023\/05\/mixer.webp 720w, https:\/\/fishfoodmachinery.com\/wp-content\/uploads\/2023\/05\/mixer-300x154.webp 300w\" sizes=\"auto, (max-width: 720px) 100vw, 720px\" \/><figcaption class=\"wp-element-caption\">Mchanganyiko<\/figcaption><\/figure> <\/div>  <div class=\"wp-block-image\"> <figure class=\"aligncenter size-full\"><img loading=\"lazy\" decoding=\"async\" width=\"720\" height=\"370\" src=\"https:\/\/fishfoodmachinery.com\/wp-content\/uploads\/2023\/05\/screw-conveyor.webp\" alt=\"screw conveyor\" class=\"wp-image-554\" title=\"\" srcset=\"https:\/\/fishfoodmachinery.com\/wp-content\/uploads\/2023\/05\/screw-conveyor.webp 720w, https:\/\/fishfoodmachinery.com\/wp-content\/uploads\/2023\/05\/screw-conveyor-300x154.webp 300w\" sizes=\"auto, (max-width: 720px) 100vw, 720px\" \/><figcaption class=\"wp-element-caption\">screw conveyor<\/figcaption><\/figure> <\/div>  <div class=\"wp-block-image\"> <figure class=\"aligncenter size-full\"><a href=\"https:\/\/fishfoodmachinery.com\/sw\/product\/floating-fish-feed-machine\/\"><img loading=\"lazy\" decoding=\"async\" width=\"720\" height=\"370\" src=\"https:\/\/fishfoodmachinery.com\/wp-content\/uploads\/2023\/05\/fish-feed-machine.webp\" alt=\"mashine ya kulisha samaki\" class=\"wp-image-555\" title=\"\" srcset=\"https:\/\/fishfoodmachinery.com\/wp-content\/uploads\/2023\/05\/fish-feed-machine.webp 720w, https:\/\/fishfoodmachinery.com\/wp-content\/uploads\/2023\/05\/fish-feed-machine-300x154.webp 300w\" sizes=\"auto, (max-width: 720px) 100vw, 720px\" \/><\/a><figcaption class=\"wp-element-caption\">mashine ya kulisha samaki<\/figcaption><\/figure> <\/div>  <div class=\"wp-block-image\"> <figure class=\"aligncenter size-full\"><img loading=\"lazy\" decoding=\"async\" width=\"720\" height=\"370\" src=\"https:\/\/fishfoodmachinery.com\/wp-content\/uploads\/2023\/05\/dryer-machine.webp\" alt=\"mashine ya kukausha\" class=\"wp-image-556\" title=\"\" srcset=\"https:\/\/fishfoodmachinery.com\/wp-content\/uploads\/2023\/05\/dryer-machine.webp 720w, https:\/\/fishfoodmachinery.com\/wp-content\/uploads\/2023\/05\/dryer-machine-300x154.webp 300w\" sizes=\"auto, (max-width: 720px) 100vw, 720px\" \/><figcaption class=\"wp-element-caption\">mashine ya kukausha<\/figcaption><\/figure> <\/div>  <div class=\"wp-block-image\"> <figure class=\"aligncenter size-full\"><img loading=\"lazy\" decoding=\"async\" width=\"720\" height=\"370\" src=\"https:\/\/fishfoodmachinery.com\/wp-content\/uploads\/2023\/05\/seasoning-machine.webp\" alt=\"Mashine ya kukausha\" class=\"wp-image-557\" title=\"\" srcset=\"https:\/\/fishfoodmachinery.com\/wp-content\/uploads\/2023\/05\/seasoning-machine.webp 720w, https:\/\/fishfoodmachinery.com\/wp-content\/uploads\/2023\/05\/seasoning-machine-300x154.webp 300w\" sizes=\"auto, (max-width: 720px) 100vw, 720px\" \/><figcaption class=\"wp-element-caption\">Mashine ya kukausha<\/figcaption><\/figure> <\/div>  <div class=\"wp-block-image\"> <figure class=\"aligncenter size-full\"><img loading=\"lazy\" decoding=\"async\" width=\"720\" height=\"370\" src=\"https:\/\/fishfoodmachinery.com\/wp-content\/uploads\/2023\/05\/package-machine.webp\" alt=\"mashine ya kifurushi\" class=\"wp-image-558\" title=\"\" srcset=\"https:\/\/fishfoodmachinery.com\/wp-content\/uploads\/2023\/05\/package-machine.webp 720w, https:\/\/fishfoodmachinery.com\/wp-content\/uploads\/2023\/05\/package-machine-300x154.webp 300w\" sizes=\"auto, (max-width: 720px) 100vw, 720px\" \/><figcaption class=\"wp-element-caption\">mashine ya kifurushi<\/figcaption><\/figure> <\/div>   <h2 class=\"wp-block-heading\"><strong>Je! Ni malighafi gani katika kulisha samaki?<\/strong><\/h2>    <ul class=\"wp-block-list\"> <li><strong>Malighafi ya msingi wa mmea<\/strong>: kama vile unga wa soya, mahindi, ngano, soya, chakula cha pamba, nk. Malighafi hizi zina kiwango kikubwa cha protini, wanga na mafuta na virutubishi vingine.<\/li>    <li><strong>Malighafi ya wanyama<\/strong>: kama vile chakula cha samaki, unga wa shrimp, nyama na chakula cha mfupa, nk. Malighafi hizi ni matajiri katika protini zenye ubora wa juu na vitu vya kufuatilia na virutubishi vingine.<\/li>    <li><strong>Malighafi iliyochanganywa<\/strong>: kama vile keki ya soya, bait ya samaki, mwani, poda ya protini, asidi ya amino, nk Malighafi hizi zinaweza kuboresha thamani ya lishe na ladha ya malisho kwa kiwango fulani.<\/li>    <li><strong>Malighafi zingine<\/strong>: kama vile poda ya chachu, vitamini, madini, asidi, enzymes, nk Malighafi hizi zinaweza kutumika kuboresha ubora na ladha ya malisho, na pia huongeza kinga na kiwango cha afya cha samaki.<\/li> <\/ul>    <p>Na kuna aina anuwai ya malighafi inayotumiwa katika kulisha samaki, na aina tofauti na idadi ya malighafi inaweza kupelekwa kwa urahisi kulingana na mahitaji ya kulisha ya spishi tofauti na hatua za ukuaji wa samaki.<\/p>    <h2 class=\"wp-block-heading\"><strong>Je! Unasindikaje malisho ya samaki?<\/strong> &#8211; <strong>Taratibu za laini ya usindikaji wa samaki<\/strong><\/h2>    <ul class=\"wp-block-list\"> <li>Kukandamiza kwa malighafi: Malighafi itaangamizwa, ikifanya chembe za malighafi ya ukubwa wa sare, na rahisi kufuata usindikaji.<\/li>    <li>Mchanganyiko wa malighafi: Changanya malighafi tofauti kulingana na uwiano fulani wa kutengeneza formula fulani ili kuhakikisha usawa wa lishe ya lishe.<\/li>    <li>Kuongeza: Malighafi huundwa na kushinikizwa kupitia ukungu na rollers kuunda sura fulani ya pellets.<\/li>    <li>Kukausha na baridi: Vipuli vya chakula vya samaki vilivyochomwa hukaushwa na kilichopozwa ili kuzifanya zikauka ndani na sio nata nje.<\/li>    <li>Matibabu ya kuokota: Ongeza ladha mbali mbali ambazo samaki wanapenda kufanya lishe hiyo iwe ya kupendeza zaidi<\/li>    <li>Ufungashaji na Hifadhi: Pellets za chakula za samaki zinazozalishwa zimejaa na kuhifadhiwa kwa kuuza na matumizi.<\/li> <\/ul>    <h2 class=\"wp-block-heading\"><strong>Maombi ya mstari wa usindikaji wa samaki wa kuelea<\/strong><\/h2>    <figure class=\"wp-block-gallery aligncenter has-nested-images columns-default is-cropped wp-block-gallery-3 is-layout-flex wp-block-gallery-is-layout-flex\"> <figure class=\"wp-block-image size-large\"><img loading=\"lazy\" decoding=\"async\" width=\"720\" height=\"540\" data-id=\"544\" src=\"https:\/\/fishfoodmachinery.com\/wp-content\/uploads\/2023\/05\/applications-of-the-fish-feed-processing-line.webp\" alt=\"maombi ya mchakato wa usindikaji wa chakula cha samaki\" class=\"wp-image-544\" title=\"\" srcset=\"https:\/\/fishfoodmachinery.com\/wp-content\/uploads\/2023\/05\/applications-of-the-fish-feed-processing-line.webp 720w, https:\/\/fishfoodmachinery.com\/wp-content\/uploads\/2023\/05\/applications-of-the-fish-feed-processing-line-300x225.webp 300w\" sizes=\"auto, (max-width: 720px) 100vw, 720px\" \/><figcaption class=\"wp-element-caption\">Maombi ya laini ya usindikaji wa samaki<\/figcaption><\/figure>    <figure class=\"wp-block-image size-large\"><img loading=\"lazy\" decoding=\"async\" width=\"720\" height=\"540\" data-id=\"545\" src=\"https:\/\/fishfoodmachinery.com\/wp-content\/uploads\/2023\/05\/feed-pellets.webp\" alt=\"kulisha pellets\" class=\"wp-image-545\" title=\"\" srcset=\"https:\/\/fishfoodmachinery.com\/wp-content\/uploads\/2023\/05\/feed-pellets.webp 720w, https:\/\/fishfoodmachinery.com\/wp-content\/uploads\/2023\/05\/feed-pellets-300x225.webp 300w\" sizes=\"auto, (max-width: 720px) 100vw, 720px\" \/><figcaption class=\"wp-element-caption\">Kulisha pellets<\/figcaption><\/figure> <\/figure>    <ul class=\"wp-block-list\"> <li>Ukulima wa samaki: Inatumika kwa kilimo cha aina nyingi za samaki kama maji safi na samaki wa bahari.<\/li>    <li>Ufugaji wa shrimp: lobster, shrimp, prawns na aina zingine za shrimp.<\/li>    <li>Ukulima wa kaa: kaa zenye nywele, kaa za mto na aina zingine za kaa.<\/li>    <li>Ukulima wa Snapper: Snappers, turuba za kuvuta na wanyama wengine wengi.<\/li>    <li>Ukulima mwingine wa wanyama wa majini: clams, oysters, matango ya bahari na wanyama wengine wengi wa majini.<\/li>    <li>Pets kilimo: mbwa, paka, ndege, parrots, nk.<\/li> <\/ul>    <h2 class=\"wp-block-heading\"><strong>Manufaa ya kutumia laini ya usindikaji wa samaki <\/strong><\/h2>   <div class=\"wp-block-image\"> <figure class=\"aligncenter size-full\"><img loading=\"lazy\" decoding=\"async\" width=\"720\" height=\"540\" src=\"https:\/\/fishfoodmachinery.com\/wp-content\/uploads\/2023\/05\/large-capacity-fish-feed-processing-line.webp\" alt=\"Uwezo mkubwa wa usindikaji wa samaki\" class=\"wp-image-549\" title=\"\" srcset=\"https:\/\/fishfoodmachinery.com\/wp-content\/uploads\/2023\/05\/large-capacity-fish-feed-processing-line.webp 720w, https:\/\/fishfoodmachinery.com\/wp-content\/uploads\/2023\/05\/large-capacity-fish-feed-processing-line-300x225.webp 300w\" sizes=\"auto, (max-width: 720px) 100vw, 720px\" \/><figcaption class=\"wp-element-caption\">Uwezo mkubwa wa usindikaji wa samaki<\/figcaption><\/figure> <\/div>   <ol class=\"wp-block-list\"> <li>Pellets za kulisha zinazozalishwa na mstari wa usindikaji wa samaki wa kuelea ni mara kwa mara katika sura na sare kwa ukubwa, ambayo inafaa kwa kulisha na digestion na kunyonya kwa samaki.<\/li>    <li>Pellets za kulisha zina ladha nzuri na muundo wa usawa, ambao unafaa kuboresha hamu na kiwango cha ukuaji wa samaki.<\/li>    <li>Pellets za kulisha zilizotengenezwa na <a href=\"https:\/\/taizyagromachine.com\/product\/fish-feed-extruder\/\" target=\"_blank\" rel=\"noreferrer noopener\">Mashine ya kulisha samaki<\/a> Kuwa na muundo wa lishe bora, ambayo inaweza kukidhi mahitaji ya lishe ya spishi tofauti na hatua za ukuaji wa samaki.<\/li>    <li>Ufanisi mkubwa wa uzalishaji, unaweza kutambua uzalishaji wa moja kwa moja, kuboresha ufanisi wa uzalishaji na kupunguza gharama za uzalishaji.<\/li>    <li>Inaweza kutoa pellets za kulisha za maelezo na maumbo anuwai, ambayo inaweza kukidhi mahitaji ya kulisha ya samaki tofauti.<\/li>    <li>Pellets za kulisha huundwa kwa nguvu na zina upinzani mzuri wa maji, ambayo inaweza kupunguza taka za kulisha na uchafuzi wa maji.<\/li> <\/ol>    <h2 class=\"wp-block-heading\"><strong>Kesi ya Mafanikio: 300-350kg\/h Floating Fish Lishe ya Uzalishaji wa Pellet inayouzwa kwa India<\/strong><\/h2>    <p>Mtoaji kutoka India alinunua mstari wa usindikaji wa samaki 300-350\/h ili kutoa pellets za samaki wa hali ya juu kukidhi mahitaji ya soko la ndani. <\/p>    <p>Mstari huo ulibuniwa kwa uangalifu na viwandani kukidhi mahitaji ya kiwango cha juu na ufanisi wa juu. <\/p>    <p>Mteja alithamini sana ubora na utulivu wa mstari, na pia alionyesha kuwa wataendelea kushirikiana na sisi kukuza soko la ndani pamoja.<\/p>    <figure class=\"wp-block-gallery aligncenter has-nested-images columns-default is-cropped wp-block-gallery-4 is-layout-flex wp-block-gallery-is-layout-flex\"> <figure class=\"wp-block-image size-large\"><img loading=\"lazy\" decoding=\"async\" width=\"600\" height=\"540\" data-id=\"547\" src=\"https:\/\/fishfoodmachinery.com\/wp-content\/uploads\/2023\/05\/fish-feed-pellet-machine-for-sale.webp\" alt=\"Mashine ya kulisha samaki kwa kuuza\" class=\"wp-image-547\" title=\"\" srcset=\"https:\/\/fishfoodmachinery.com\/wp-content\/uploads\/2023\/05\/fish-feed-pellet-machine-for-sale.webp 600w, https:\/\/fishfoodmachinery.com\/wp-content\/uploads\/2023\/05\/fish-feed-pellet-machine-for-sale-300x270.webp 300w\" sizes=\"auto, (max-width: 600px) 100vw, 600px\" \/><figcaption class=\"wp-element-caption\">Mashine ya kulisha samaki kwa kuuza<\/figcaption><\/figure>    <figure class=\"wp-block-image size-large\"><img loading=\"lazy\" decoding=\"async\" width=\"600\" height=\"540\" data-id=\"548\" src=\"https:\/\/fishfoodmachinery.com\/wp-content\/uploads\/2023\/05\/package-and-shipping.webp\" alt=\"kifurushi na usafirishaji\" class=\"wp-image-548\" title=\"\" srcset=\"https:\/\/fishfoodmachinery.com\/wp-content\/uploads\/2023\/05\/package-and-shipping.webp 600w, https:\/\/fishfoodmachinery.com\/wp-content\/uploads\/2023\/05\/package-and-shipping-300x270.webp 300w\" sizes=\"auto, (max-width: 600px) 100vw, 600px\" \/><figcaption class=\"wp-element-caption\">Kifurushi na usafirishaji<\/figcaption><\/figure> <\/figure>","protected":false},"excerpt":{"rendered":"<p>Mstari wa usindikaji wa kulisha samaki umeundwa kwa ajili ya utengenezaji wa pellets kubwa za chakula cha samaki na pato la 180-600kg kwa saa, kutoka kwa mahindi, matawi ya mchele, nk. <\/p>","protected":false},"author":1,"featured_media":518,"parent":0,"template":"","tags":[24],"product-type":[7],"class_list":["post-515","product","type-product","status-publish","has-post-thumbnail","hentry","tag-fish-feed","product-type-production-line"],"_links":{"self":[{"href":"https:\/\/fishfoodmachinery.com\/sw\/wp-json\/wp\/v2\/product\/515","targetHints":{"allow":["GET"]}}],"collection":[{"href":"https:\/\/fishfoodmachinery.com\/sw\/wp-json\/wp\/v2\/product"}],"about":[{"href":"https:\/\/fishfoodmachinery.com\/sw\/wp-json\/wp\/v2\/types\/product"}],"author":[{"embeddable":true,"href":"https:\/\/fishfoodmachinery.com\/sw\/wp-json\/wp\/v2\/users\/1"}],"wp:featuredmedia":[{"embeddable":true,"href":"https:\/\/fishfoodmachinery.com\/sw\/wp-json\/wp\/v2\/media\/518"}],"wp:attachment":[{"href":"https:\/\/fishfoodmachinery.com\/sw\/wp-json\/wp\/v2\/media?parent=515"}],"wp:term":[{"taxonomy":"post_tag","embeddable":true,"href":"https:\/\/fishfoodmachinery.com\/sw\/wp-json\/wp\/v2\/tags?post=515"},{"taxonomy":"product-type","embeddable":true,"href":"https:\/\/fishfoodmachinery.com\/sw\/wp-json\/wp\/v2\/product-type?post=515"}],"curies":[{"name":"wp","href":"https:\/\/api.w.org\/{rel}","templated":true}]}}