{"id":67,"date":"2022-09-06T06:31:46","date_gmt":"2022-09-06T06:31:46","guid":{"rendered":"https:\/\/fishfoodmachinery.com\/?post_type=product&#038;p=67"},"modified":"2024-12-23T11:19:31","modified_gmt":"2024-12-23T03:19:31","slug":"new-type-fish-pellet-making-machine","status":"publish","type":"product","link":"https:\/\/fishfoodmachinery.com\/sw\/product\/new-type-fish-pellet-making-machine\/","title":{"rendered":"Mashine mpya ya kutengeneza pellet za samaki"},"content":{"rendered":"<p class=\"translation-block\">This fish pellet making machine is newly designed on the basis of the previous<a href=\"https:\/\/fishfoodmachinery.com\/sw\/product\/floating-fish-feed-machine\/\" target=\"_blank\" rel=\"noreferrer noopener\"> floating fish food making machine<\/a>. This fish pellet mill has an integrated structure, more convenient and easy to use. It has the same function: produce various feed pellets. The fish food processing machine is manufactured under the strict quality control system, so, the machine quality is good. Besides, Taizy floating fish food machine is exported to Peru, Angola, Niger, Ghana, etc. If you are interested, get in touch with us immediately for more information!<\/p>    <h2 class=\"wp-block-heading\" id=\"h-structure-of-the-floating-fish-pellet-making-machine\"><strong>Muundo wa mashine ya kutengeneza pellet ya samaki inayoelea<\/strong><\/h2>    <p class=\"translation-block\">Faktiskt \u00e4r sammans\u00e4ttningen av <a href=\"https:\/\/taizyagromachine.com\/product\/fish-feed-extruder\/\" target=\"_blank\" rel=\"noreferrer noopener\">fiskfoder maskinen till salu<\/a> mycket l\u00e4tt att f\u00f6rst\u00e5. Maskinens kontrollanordning \u00e4r i ett st\u00e4ngt tillst\u00e5nd. F\u00f6r att styra maskinen beh\u00f6ver man bara anv\u00e4nda den externa kontrollpanelen. Enligt produktionsprocessen best\u00e5r maskinen grovt sett av inlopp, uppv\u00e4rmning, sk\u00e4rkniv och utlopp.<\/p>   <div class=\"wp-block-image\"> <figure class=\"aligncenter size-full\"><img loading=\"lazy\" decoding=\"async\" width=\"720\" height=\"540\" src=\"https:\/\/fishfoodmachinery.com\/wp-content\/uploads\/2022\/09\/floating-fish-feed-pellet-machine-structure.webp\" alt=\"samaki yanayoelea kulisha pellet mashine muundo\" class=\"wp-image-153\" title=\"\" srcset=\"https:\/\/fishfoodmachinery.com\/wp-content\/uploads\/2022\/09\/floating-fish-feed-pellet-machine-structure.webp 720w, https:\/\/fishfoodmachinery.com\/wp-content\/uploads\/2022\/09\/floating-fish-feed-pellet-machine-structure-300x225.webp 300w\" sizes=\"auto, (max-width: 720px) 100vw, 720px\" \/><figcaption class=\"wp-element-caption\">samaki yanayoelea kulisha pellet mashine muundo<\/figcaption><\/figure> <\/div>   <h2 class=\"wp-block-heading\" id=\"h-advantages-of-the-fish-feed-pellet-making-machine\"><strong>Faida za mashine ya kutengeneza pellet ya kulisha samaki<\/strong><strong><\/strong><\/h2>    <ul class=\"wp-block-list\" type=\"1\"> <li>Muundo rahisi, kubadilika kwa upana.<\/li>    <li>Nafasi ndogo ya sakafu, na kelele ya chini.<\/li>    <li>Chakula cha pellet kinafaa zaidi kwa uhifadhi.<\/li>    <li>Kulisha wanyama kunaweza kupata faida kubwa za kiuchumi.<\/li>    <li>Pellets za malisho zinazozalishwa zina uso laini na kukomaa kwa ndani, ambayo inaweza kuboresha digestion na ngozi ya virutubisho.<\/li>    <li>Mchakato wa kuunda pellet wa mashine ya kutengeneza pellet za samaki unaweza kupunguza magonjwa mbalimbali ya mfumo wa mmeng'enyo wa wadudu.<\/li> <\/ul>    <h2 class=\"wp-block-heading\" id=\"h-what-are-the-spotlights-of-the-new-type-fish-feed-pelleting-machine\"><strong>Je, ni mwanga gani wa mashine ya kusaga chakula cha samaki aina mpya?<\/strong><\/h2>    <ul class=\"wp-block-list\" type=\"1\"> <li>Muundo wa mashine iliyojumuishwa, kelele ya chini.<\/li>    <li>Uendeshaji rahisi, fanya kazi tu kwenye jopo la kudhibiti.<\/li>    <li>Utumiaji wa mashine rahisi zaidi.<\/li>    <li>Rahisi kuchukua nafasi ya molds.<\/li>    <li>Teknolojia ya hali ya juu, inayozalisha malisho ya kuvutia zaidi na ya kitamu.<\/li> <\/ul>   <div class=\"wp-block-image\"> <figure class=\"aligncenter size-full\"><img loading=\"lazy\" decoding=\"async\" width=\"720\" height=\"540\" src=\"https:\/\/fishfoodmachinery.com\/wp-content\/uploads\/2022\/09\/newly-designed-fish-pellet-machine.webp\" alt=\"mashine mpya ya pellet ya samaki\" class=\"wp-image-155\" title=\"\" srcset=\"https:\/\/fishfoodmachinery.com\/wp-content\/uploads\/2022\/09\/newly-designed-fish-pellet-machine.webp 720w, https:\/\/fishfoodmachinery.com\/wp-content\/uploads\/2022\/09\/newly-designed-fish-pellet-machine-300x225.webp 300w\" sizes=\"auto, (max-width: 720px) 100vw, 720px\" \/><figcaption class=\"wp-element-caption\">mashine mpya ya pellet ya samaki<\/figcaption><\/figure> <\/div>   <h2 class=\"wp-block-heading\" id=\"h-successful-case-floating-fish-feed-pellet-machine-delivered-to-cote-d-ivoire\"><strong>Kesi yenye mafanikio: mashine ya pellet ya chakula cha samaki inayoelea iliyopelekwa C\u00f4te d\u2019Ivoire.<\/strong><\/h2>    <p>Mteja huyu ni mteja wa kawaida. Wakati huu ilikuwa ununuzi wa kurudia. Kwa hivyo tulipendekeza kinu chetu kipya cha chakula cha samaki kwake. Pia, tulianzisha vipengele vya manufaa vya mashine hii mpya ya kutengeneza pellet za samaki. Kwa sababu ya ushirikiano wa muda mrefu, uaminifu umejengwa, kwa hivyo mteja alitoa agizo.\u00a0Baada ya kuipokea mashine hiyo na kuitumia kwa muda, alisema kuwa maoni ya mteja yalikuwa mazuri hasa na ni mashine yenye vitendo.<\/p>   <div class=\"wp-block-image\"> <figure class=\"aligncenter size-full\"><img loading=\"lazy\" decoding=\"async\" width=\"720\" height=\"540\" src=\"https:\/\/fishfoodmachinery.com\/wp-content\/uploads\/2022\/09\/new-type-floating-fish-food-machine-in-stock.webp\" alt=\"mashine mpya ya kuelea ya chakula cha samaki iko kwenye hisa\" class=\"wp-image-156\" title=\"\" srcset=\"https:\/\/fishfoodmachinery.com\/wp-content\/uploads\/2022\/09\/new-type-floating-fish-food-machine-in-stock.webp 720w, https:\/\/fishfoodmachinery.com\/wp-content\/uploads\/2022\/09\/new-type-floating-fish-food-machine-in-stock-300x225.webp 300w\" sizes=\"auto, (max-width: 720px) 100vw, 720px\" \/><figcaption class=\"wp-element-caption\">mashine mpya ya kuelea ya chakula cha samaki iko kwenye hisa<\/figcaption><\/figure> <\/div>   <h2 class=\"wp-block-heading\" id=\"h-technical-parameters-of-the-commercial-fish-pellet-making-machine\"><strong>Vigezo vya kiufundi vya mashine ya kutengeneza pellet ya samaki ya kibiashara<\/strong><strong><\/strong><\/h2>    <figure class=\"wp-block-table\"><table><tbody><tr><td>Mfano<\/td><td>Uwezo<\/td><td>Nguvu kuu<\/td><td>Nguvu ya kukata<\/td><td>Nguvu ya usambazaji wa malisho<\/td><td>Kipenyo cha screw<\/td><td>Ukubwa<\/td><td>Uzito<\/td><\/tr><tr><td>DGP-40<\/td><td>40-50kg \/ h<\/td><td>7.5 kW<\/td><td>0.4kW<\/td><td>0.4kW<\/td><td>40 mm<\/td><td>1260*860*1250mm<\/td><td>290kg<\/td><\/tr><tr><td>DGP-60<\/td><td>150kg\/h<\/td><td>15 kW<\/td><td>0.4kW<\/td><td>0.4kW<\/td><td>60 mm<\/td><td>1450*950*1430mm<\/td><td>480kg<\/td><\/tr><tr><td>DGP-70<\/td><td>180-250kg \/ h<\/td><td>18.5 kW<\/td><td>0.4kW<\/td><td>0.4kW<\/td><td>70 mm<\/td><td>1600*1400*1450mm<\/td><td>600kg<\/td><\/tr><tr><td>DGP-80<\/td><td>300-350kg \/ h<\/td><td>22 kW<\/td><td>0.4kW<\/td><td>0.4kW<\/td><td>80 mm<\/td><td>1850*1470*1500m<\/td><td>800kg<\/td><\/tr><\/tbody><\/table><\/figure>","protected":false},"excerpt":{"rendered":"<p>This fish pellet making machine is newly designed on the basis of the previous floating fish food making machine. This fish pellet mill has an integrated structure, more convenient and easy to use. It has the same function: produce various feed pellets. The fish food processing machine is manufactured under the strict quality control system, [&hellip;]<\/p>\n","protected":false},"author":1,"featured_media":150,"parent":0,"template":"","tags":[24,20,10,19],"product-type":[8],"class_list":["post-67","product","type-product","status-publish","has-post-thumbnail","hentry","tag-fish-feed","tag-fish-feed-pellet-machine","tag-floating-fish-feed-production-line","tag-pet-food-making-machine","product-type-fish-feed-pellet-machine"],"_links":{"self":[{"href":"https:\/\/fishfoodmachinery.com\/sw\/wp-json\/wp\/v2\/product\/67","targetHints":{"allow":["GET"]}}],"collection":[{"href":"https:\/\/fishfoodmachinery.com\/sw\/wp-json\/wp\/v2\/product"}],"about":[{"href":"https:\/\/fishfoodmachinery.com\/sw\/wp-json\/wp\/v2\/types\/product"}],"author":[{"embeddable":true,"href":"https:\/\/fishfoodmachinery.com\/sw\/wp-json\/wp\/v2\/users\/1"}],"wp:featuredmedia":[{"embeddable":true,"href":"https:\/\/fishfoodmachinery.com\/sw\/wp-json\/wp\/v2\/media\/150"}],"wp:attachment":[{"href":"https:\/\/fishfoodmachinery.com\/sw\/wp-json\/wp\/v2\/media?parent=67"}],"wp:term":[{"taxonomy":"post_tag","embeddable":true,"href":"https:\/\/fishfoodmachinery.com\/sw\/wp-json\/wp\/v2\/tags?post=67"},{"taxonomy":"product-type","embeddable":true,"href":"https:\/\/fishfoodmachinery.com\/sw\/wp-json\/wp\/v2\/product-type?post=67"}],"curies":[{"name":"wp","href":"https:\/\/api.w.org\/{rel}","templated":true}]}}