{"id":70,"date":"2022-09-06T06:34:15","date_gmt":"2022-09-06T06:34:15","guid":{"rendered":"https:\/\/fishfoodmachinery.com\/?post_type=product&#038;p=70"},"modified":"2024-12-23T11:19:50","modified_gmt":"2024-12-23T03:19:50","slug":"dry-type-fish-feed-extruder-machine","status":"publish","type":"product","link":"https:\/\/fishfoodmachinery.com\/sw\/product\/dry-type-fish-feed-extruder-machine\/","title":{"rendered":"Mashine ya kulisha samaki wa aina kavu"},"content":{"rendered":"<p class=\"translation-block\">Denna fiskfoderextruderingsmaskin anv\u00e4nds f\u00f6r produktion av fiskfoderpelletar genom torrmetoden. Den \u00e4r huvudsakligen separerad fr\u00e5n omr\u00e5det f\u00f6r produktion av v\u00e5ta fiskfoderpelletar. Denna torra metod av <a href=\"https:\/\/taizyagromachine.com\/product\/fish-feed-extruder\/?swcfpc=1\" target=\"_blank\" rel=\"noreferrer noopener\">maskin f\u00f6r puffning av fiskfoder <\/a>krossar och blandar r\u00e5varorna direkt och puffar dem till pelletar, mycket bekv\u00e4mt och effektivt. Om du \u00e4r intresserad av denna typ av maskin, kom i kontakt med oss!<\/p>    <h2 class=\"wp-block-heading\" id=\"h-why-use-dry-puffing-instead-of-wet-puffing\"><strong>Kwa nini utumie puffing kavu badala ya majivuno ya mvua?<\/strong><strong><\/strong><\/h2>    <ul class=\"wp-block-list\" type=\"1\"> <li>Boresha kiwango cha utumiaji wa utumbo wa nyenzo.\u00a0Nyenzo hufanywa moja kwa moja na kiwango cha utumiaji kinaongezeka.<\/li>    <li>Punguza yaliyomo ya bakteria ya nyenzo.\u00a0Kwa sababu ni joto la papo hapo, inaweza kupunguza bakteria kwa kiwango fulani.<\/li> <\/ul>   <div class=\"wp-block-image\"> <figure class=\"aligncenter size-full\"><img loading=\"lazy\" decoding=\"async\" width=\"720\" height=\"720\" src=\"https:\/\/fishfoodmachinery.com\/wp-content\/uploads\/2022\/09\/fish-feed-pellet-machine.webp\" alt=\"mashine ya pellet ya kulisha samaki\" class=\"wp-image-113\" title=\"\" srcset=\"https:\/\/fishfoodmachinery.com\/wp-content\/uploads\/2022\/09\/fish-feed-pellet-machine.webp 720w, https:\/\/fishfoodmachinery.com\/wp-content\/uploads\/2022\/09\/fish-feed-pellet-machine-300x300.webp 300w, https:\/\/fishfoodmachinery.com\/wp-content\/uploads\/2022\/09\/fish-feed-pellet-machine-150x150.webp 150w\" sizes=\"auto, (max-width: 720px) 100vw, 720px\" \/><figcaption class=\"wp-element-caption\">mashine ya pellet ya kulisha samaki<\/figcaption><\/figure> <\/div>   <h2 class=\"wp-block-heading\" id=\"h-taizy-machinery-the-top-fish-feed-extruder-machine-manufacturer-supplier\"><strong><a href=\"https:\/\/fishfoodmachinery.com\/sw\/about-us\/\" target=\"_blank\" rel=\"noreferrer noopener\">Mashine ya Taizy<\/a>\u2013 tillverkarens och leverant\u00f6rens av den b\u00e4sta fiskfoderextruderingsmaskinen<\/strong><\/h2>    <ol class=\"wp-block-list\" type=\"1\"> <li>Toa mashine kamili. Kwa sababu katika Taizy, sisi sio tu kuwa na aina moja kavu ya samaki wa samaki wa samaki, lakini pia tunapeana mstari wa uzalishaji wa samaki. Unaweza kununua kile unachohitaji mara moja, rahisi sana.<\/li>    <li>Wafanyikazi wa Uuzaji wa Utaalam. Wafanyikazi wetu wanajua sana Extruder ya Chakula cha Pet, wanaweza kupendekeza msingi unaofaa zaidi wa mashine kwenye mahitaji yako.<\/li>    <li>Bei ya ushindani. Tumeunganishwa na utengenezaji na usambazaji, kwa hivyo mashine yetu ina faida za bei.<\/li>    <li>Huduma ya baada ya mauzo. Taizy pia hutoa huduma ya baada ya mauzo kusaidia biashara ya mteja, kwa kutumia vizuri mashine.<\/li> <\/ol>    <h2 class=\"wp-block-heading\" id=\"h-how-to-purchase-taizy-fish-feed-extruder-machine\"><strong>Jinsi ya kununua Mashine ya Extruder ya Taizy?<\/strong><\/h2>    <p>Unapokuwa na nia ya kununua kinu cha chakula cha samaki, unaweza kuinunua kutoka kwa upande wetu kwa kufuata hatua chache.<\/p>    <ul class=\"wp-block-list\"> <li>Wasiliana nasi: kupitia whatsapp au barua pepe zinapatikana.<\/li>    <li>Panga Meneja wa Uuzaji: Tutapanga mtu wa kitaalam kuungana na wewe na kuanzisha habari inayofaa ya mashine.<\/li>    <li>Weka agizo: Mnunuzi ataamua maelezo ya mashine kupitia mawasiliano.<\/li>    <li>Saini Mkataba: Saini Mkataba wa Agizo na uamua njia ya malipo na maswala mengine.<\/li>    <li>Uzalishaji na malipo: Lipa amana na anza uzalishaji wa mashine; Baada ya uzalishaji kumaliza, lipa mizani na panga utoaji.<\/li>    <li>Usafiri: Baada ya michakato yote hapo juu kukamilika, tutapakia mashine na itafikia marudio yako kwa bahari (kwa ujumla).<\/li> <\/ul>   <div class=\"wp-block-image\"> <figure class=\"aligncenter size-full\"><img loading=\"lazy\" decoding=\"async\" width=\"720\" height=\"350\" src=\"https:\/\/fishfoodmachinery.com\/wp-content\/uploads\/2022\/09\/fish-feed-pellet-mill-in-stock.webp\" alt=\"samaki kulisha pellet mill katika hisa\" class=\"wp-image-161\" title=\"\" srcset=\"https:\/\/fishfoodmachinery.com\/wp-content\/uploads\/2022\/09\/fish-feed-pellet-mill-in-stock.webp 720w, https:\/\/fishfoodmachinery.com\/wp-content\/uploads\/2022\/09\/fish-feed-pellet-mill-in-stock-300x146.webp 300w\" sizes=\"auto, (max-width: 720px) 100vw, 720px\" \/><figcaption class=\"wp-element-caption\">samaki kulisha pellet mill katika hisa<\/figcaption><\/figure> <\/div>   <h2 class=\"wp-block-heading\" id=\"h-successful-case-100-150kg-h-fish-feed-pellet-mill-exported-to-peru\"><strong><strong>Kesi iliyofanikiwa: 100-150kg\/h samaki kulisha samaki pellet mill iliyosafirishwa kwenda Peru<\/strong><\/strong><\/h2>    <p>Mashine yetu ya kutengeneza samaki ya aina kavu ni maarufu sana hivi kwamba mara nyingi tunapata wasambazaji kununua kutoka kwetu. Mteja huyu wa Peru ni muuzaji ambaye ameingiza mashine hii kutoka Taizy hapo awali na kuiuza vizuri, kwa hivyo aliinunua tena kutoka kwetu wakati huu. Alisema mashine yetu ina utendaji mzuri, ufanisi mkubwa, na matumizi mapana, na wateja wanapenda mashine hii sana.<\/p>   <div class=\"wp-block-image\"> <figure class=\"aligncenter size-full\"><img loading=\"lazy\" decoding=\"async\" width=\"720\" height=\"540\" src=\"https:\/\/fishfoodmachinery.com\/wp-content\/uploads\/2022\/09\/fish-feed-extruder-machine-manufacturer.webp\" alt=\"Mtengenezaji wa mashine ya kulisha samaki\" class=\"wp-image-160\" title=\"\" srcset=\"https:\/\/fishfoodmachinery.com\/wp-content\/uploads\/2022\/09\/fish-feed-extruder-machine-manufacturer.webp 720w, https:\/\/fishfoodmachinery.com\/wp-content\/uploads\/2022\/09\/fish-feed-extruder-machine-manufacturer-300x225.webp 300w\" sizes=\"auto, (max-width: 720px) 100vw, 720px\" \/><figcaption class=\"wp-element-caption\">Mtengenezaji wa mashine ya kulisha samaki<\/figcaption><\/figure> <\/div>   <h2 class=\"wp-block-heading\" id=\"h-technical-parameters-of-the-floating-fish-feed-extruder-machine\"><strong>Vigezo vya kiufundi vya <a href=\"https:\/\/fishfoodmachinery.com\/sw\/product\/floating-fish-feed-machine\/\" target=\"_blank\" rel=\"noreferrer noopener\">Mashine ya Extruder ya Kulisha samaki<\/a><\/strong><\/h2>    <figure class=\"wp-block-table\"><table><tbody><tr><td>Mfano<\/td><td>Uwezo<\/td><td>Nguvu kuu<\/td><td>Nguvu ya kukata<\/td><td>Nguvu ya usambazaji wa malisho<\/td><td>Kipenyo cha screw<\/td><td>Ukubwa<\/td><td>Uzito<\/td><\/tr><tr><td>DGP-40<\/td><td>40-50kg \/ h<\/td><td>7.5 kW<\/td><td>0.4kW<\/td><td>0.4kW<\/td><td>40 mm<\/td><td>1260*860*1250mm<\/td><td>290kg<\/td><\/tr><tr><td>DGP-60<\/td><td>150kg\/h<\/td><td>15 kW<\/td><td>0.4kW<\/td><td>0.4kW<\/td><td>60 mm<\/td><td>1450*950*1430mm<\/td><td>480kg<\/td><\/tr><tr><td>DGP-70<\/td><td>180-250kg \/ h<\/td><td>18.5 kW<\/td><td>0.4kW<\/td><td>0.4kW<\/td><td>70 mm<\/td><td>1600*1400*1450mm<\/td><td>600kg<\/td><\/tr><tr><td>DGP-80<\/td><td>300-350kg \/ h<\/td><td>22 kW<\/td><td>0.4kW<\/td><td>0.4kW<\/td><td>80 mm<\/td><td>1850*1470*1500m<\/td><td>800kg<\/td><\/tr><\/tbody><\/table><\/figure>    <h2 class=\"wp-block-heading\"><strong>Video ya kufanya kazi ya aina kavu ya samaki ya kulisha samaki<\/strong><\/h2>    <figure class=\"wp-block-embed is-type-video is-provider-youtube wp-block-embed-youtube wp-embed-aspect-16-9 wp-has-aspect-ratio\"><div class=\"wp-block-embed__wrapper\"> <iframe loading=\"lazy\" title=\"Mashine ya Kulisha Samaki ya Kulisha | Aina ya kavu ya kusaga samaki ya samaki #fishFeed\" width=\"500\" height=\"281\" src=\"https:\/\/www.youtube.com\/embed\/XbMUnzECEDo?feature=oembed\" frameborder=\"0\" allow=\"accelerometer; autoplay; clipboard-write; encrypted-media; gyroscope; picture-in-picture; web-share\" referrerpolicy=\"strict-origin-when-cross-origin\" allowfullscreen><\/iframe> <\/div><\/figure>","protected":false},"excerpt":{"rendered":"<p>This fish feed extruder machine&nbsp;is used for the production of fish food pellets by the dry method. It is mainly separated from the wet fish food pellet production area. This dry method of fish food puffing machine directly crushed and mixed raw materials directly puffed into pellets, very convenient and efficient. If you are interested [&hellip;]<\/p>\n","protected":false},"author":1,"featured_media":157,"parent":0,"template":"","tags":[15,24,23,10,22,21],"product-type":[8],"class_list":["post-70","product","type-product","status-publish","has-post-thumbnail","hentry","tag-animal-feed-pellet-machine","tag-fish-feed","tag-floating-fish-feed-pellet-machine","tag-floating-fish-feed-production-line","tag-new-type-fish-feed-pellet-machine","tag-pet-food-machine","product-type-fish-feed-pellet-machine"],"_links":{"self":[{"href":"https:\/\/fishfoodmachinery.com\/sw\/wp-json\/wp\/v2\/product\/70","targetHints":{"allow":["GET"]}}],"collection":[{"href":"https:\/\/fishfoodmachinery.com\/sw\/wp-json\/wp\/v2\/product"}],"about":[{"href":"https:\/\/fishfoodmachinery.com\/sw\/wp-json\/wp\/v2\/types\/product"}],"author":[{"embeddable":true,"href":"https:\/\/fishfoodmachinery.com\/sw\/wp-json\/wp\/v2\/users\/1"}],"wp:featuredmedia":[{"embeddable":true,"href":"https:\/\/fishfoodmachinery.com\/sw\/wp-json\/wp\/v2\/media\/157"}],"wp:attachment":[{"href":"https:\/\/fishfoodmachinery.com\/sw\/wp-json\/wp\/v2\/media?parent=70"}],"wp:term":[{"taxonomy":"post_tag","embeddable":true,"href":"https:\/\/fishfoodmachinery.com\/sw\/wp-json\/wp\/v2\/tags?post=70"},{"taxonomy":"product-type","embeddable":true,"href":"https:\/\/fishfoodmachinery.com\/sw\/wp-json\/wp\/v2\/product-type?post=70"}],"curies":[{"name":"wp","href":"https:\/\/api.w.org\/{rel}","templated":true}]}}