{"id":28,"date":"2022-09-05T08:23:11","date_gmt":"2022-09-05T08:23:11","guid":{"rendered":"https:\/\/fishfoodmachinery.com\/?page_id=28"},"modified":"2022-09-08T10:21:38","modified_gmt":"2022-09-08T10:21:38","slug":"about-us","status":"publish","type":"page","link":"https:\/\/fishfoodmachinery.com\/tr\/about-us\/","title":{"rendered":"Hakk\u0131m\u0131zda"},"content":{"rendered":"<h2 class=\"wp-block-heading\" id=\"h-taizy-machinery-the-reliable-fish-feed-pellet-machine-manufacturer-supplier\"><strong>Taizy Machinery - G\u00fcvenilir Bal\u0131k Yem Pelet Makinesi \u00dcreticisi ve Tedarik\u00e7isi<\/strong><\/h2>    <div class=\"wp-block-media-text alignwide is-stacked-on-mobile\"><figure class=\"wp-block-media-text__media\"><img loading=\"lazy\" decoding=\"async\" width=\"720\" height=\"350\" src=\"https:\/\/fishfoodmachinery.com\/wp-content\/uploads\/2022\/09\/fish-feed-pellet-mill-in-stock.webp\" alt=\"Stokta bal\u0131k yem pelet fabrikas\u0131\" class=\"wp-image-161 size-full\" title=\"\" srcset=\"https:\/\/fishfoodmachinery.com\/wp-content\/uploads\/2022\/09\/fish-feed-pellet-mill-in-stock.webp 720w, https:\/\/fishfoodmachinery.com\/wp-content\/uploads\/2022\/09\/fish-feed-pellet-mill-in-stock-300x146.webp 300w\" sizes=\"auto, (max-width: 720px) 100vw, 720px\" \/><\/figure><div class=\"wp-block-media-text__content\"> <p class=\"translation-block\">Taizy Machinery, <a href=\"https:\/\/fishfoodmachinery.com\/tr\/product\/floating-fish-feed-machine\/\" target=\"_blank\" rel=\"noreferrer noopener\">bal\u0131k yemi peleti makinesi<\/a> konusunda profesyonel ve g\u00fcvenilir bir \u00fcretici ve tedarik\u00e7idir.<\/p> <\/div><\/div>    <p class=\"translation-block\">Bal\u0131k yemi peleti makinelerimiz yurt d\u0131\u015f\u0131nda \u00e7ok pop\u00fclerdir ve genellikle distrib\u00fct\u00f6rlere ve ihale projelerine tedarik edilir. Ba\u015fl\u0131ca \u00fclkeler <strong>Peru, Angola, Malezya, Bel\u00e7ika, Gana, Nijer<\/strong> vb. \u0130lgileniyorsan\u0131z, bizimle <a href=\"https:\/\/fishfoodmachinery.com\/tr\/contact-us\/\" target=\"_blank\" rel=\"noreferrer noopener\">ileti\u015fim kurmaya<\/a> ho\u015f geldiniz!<\/p>    <h2 class=\"wp-block-heading\" id=\"h-exhibitions-held-abroad\"><strong>Yurtd\u0131\u015f\u0131nda d\u00fczenlenen sergiler<\/strong><\/h2>    <p>Daha \u00f6nce yurtd\u0131\u015f\u0131nda \u00e7e\u015fitli sergilere kat\u0131lmaya davet edildik, bu da Taizy \u015firketimizin \u00e7ok g\u00fc\u00e7l\u00fc oldu\u011funu, yurtd\u0131\u015f\u0131nda belirli bir \u00fcne sahip oldu\u011funu ve m\u00fc\u015fterilerimizin g\u00fcvenebilece\u011fi bir \u015firket oldu\u011funu g\u00f6steriyor.<\/p>   <div class=\"wp-block-image\"> <figure class=\"aligncenter size-full\"><img loading=\"lazy\" decoding=\"async\" width=\"750\" height=\"750\" src=\"https:\/\/fishfoodmachinery.com\/wp-content\/uploads\/2022\/09\/Exhibition.webp\" alt=\"Sergi\" class=\"wp-image-214\" title=\"\" srcset=\"https:\/\/fishfoodmachinery.com\/wp-content\/uploads\/2022\/09\/Exhibition.webp 750w, https:\/\/fishfoodmachinery.com\/wp-content\/uploads\/2022\/09\/Exhibition-300x300.webp 300w, https:\/\/fishfoodmachinery.com\/wp-content\/uploads\/2022\/09\/Exhibition-150x150.webp 150w\" sizes=\"auto, (max-width: 750px) 100vw, 750px\" \/><figcaption>Sergi<\/figcaption><\/figure> <\/div>   <h2 class=\"wp-block-heading\" id=\"h-horned-certificates\"><strong>Boynuzlu sertifikalar<\/strong><\/h2>    <p>Taizy Company, \u015firketimizin bal\u0131k g\u0131da pelet makinelerinin \u00fcst\u00fcn kalitesini g\u00fc\u00e7l\u00fc bir \u015fekilde kan\u0131tlayan \u00e7e\u015fitli sertifikalara sahiptir.<\/p>    <figure class=\"wp-block-image size-full\"><img loading=\"lazy\" decoding=\"async\" width=\"750\" height=\"750\" src=\"https:\/\/fishfoodmachinery.com\/wp-content\/uploads\/2022\/09\/Certificate.webp\" alt=\"Sertifika\" class=\"wp-image-211\" title=\"\" srcset=\"https:\/\/fishfoodmachinery.com\/wp-content\/uploads\/2022\/09\/Certificate.webp 750w, https:\/\/fishfoodmachinery.com\/wp-content\/uploads\/2022\/09\/Certificate-300x300.webp 300w, https:\/\/fishfoodmachinery.com\/wp-content\/uploads\/2022\/09\/Certificate-150x150.webp 150w\" sizes=\"auto, (max-width: 750px) 100vw, 750px\" \/><figcaption>Sertifika<\/figcaption><\/figure>    <h2 class=\"wp-block-heading\" id=\"h-customer-feedback\"><strong>M\u00fc\u015fteri Geri Bildirimi<\/strong><\/h2>    <div class=\"wp-block-media-text alignwide is-stacked-on-mobile\"><figure class=\"wp-block-media-text__media\"><img loading=\"lazy\" decoding=\"async\" width=\"541\" height=\"939\" src=\"https:\/\/fishfoodmachinery.com\/wp-content\/uploads\/2022\/09\/customer-feedback.webp\" alt=\"M\u00fc\u015fteri Bask\u0131\" class=\"wp-image-216 size-full\" title=\"\" srcset=\"https:\/\/fishfoodmachinery.com\/wp-content\/uploads\/2022\/09\/customer-feedback.webp 541w, https:\/\/fishfoodmachinery.com\/wp-content\/uploads\/2022\/09\/customer-feedback-173x300.webp 173w\" sizes=\"auto, (max-width: 541px) 100vw, 541px\" \/><\/figure><div class=\"wp-block-media-text__content\"> <p>Soldaki resim, sat\u0131c\u0131 m\u00fc\u015fterilerimizden birinin bizim hakk\u0131m\u0131zda s\u00f6yledi\u011fi \u015feydir. <\/p>    <p>Bundan, sadece makinelerimizin m\u00fckemmel kalitede oldu\u011funu de\u011fil, ayn\u0131 zamanda sat\u0131\u015f personelimizin de zengin profesyonel bilgiye ve d\u00fc\u015f\u00fcnceli hizmete sahip oldu\u011funu g\u00f6rebiliriz.<\/p> <\/div><\/div>","protected":false},"excerpt":{"rendered":"<p>Taizy Machinery &#8211; the reliable fish feed pellet machine manufacturer &amp; supplier Taizy Machinery is a professional and trustworthy manufacturer and supplier of the fish food pellet machine. Our fish food pellet mills are very popular overseas and are often supplied to distributors as well as tender projects. The main countries are Peru, Angola, Malaysia, [&hellip;]<\/p>\n","protected":false},"author":1,"featured_media":0,"parent":0,"menu_order":0,"comment_status":"closed","ping_status":"closed","template":"","meta":{"footnotes":""},"class_list":["post-28","page","type-page","status-publish","hentry"],"_links":{"self":[{"href":"https:\/\/fishfoodmachinery.com\/tr\/wp-json\/wp\/v2\/pages\/28","targetHints":{"allow":["GET"]}}],"collection":[{"href":"https:\/\/fishfoodmachinery.com\/tr\/wp-json\/wp\/v2\/pages"}],"about":[{"href":"https:\/\/fishfoodmachinery.com\/tr\/wp-json\/wp\/v2\/types\/page"}],"author":[{"embeddable":true,"href":"https:\/\/fishfoodmachinery.com\/tr\/wp-json\/wp\/v2\/users\/1"}],"replies":[{"embeddable":true,"href":"https:\/\/fishfoodmachinery.com\/tr\/wp-json\/wp\/v2\/comments?post=28"}],"version-history":[{"count":0,"href":"https:\/\/fishfoodmachinery.com\/tr\/wp-json\/wp\/v2\/pages\/28\/revisions"}],"wp:attachment":[{"href":"https:\/\/fishfoodmachinery.com\/tr\/wp-json\/wp\/v2\/media?parent=28"}],"curies":[{"name":"wp","href":"https:\/\/api.w.org\/{rel}","templated":true}]}}