{"id":42,"date":"2022-09-05T08:49:15","date_gmt":"2022-09-05T08:49:15","guid":{"rendered":"https:\/\/fishfoodmachinery.com\/?post_type=product&#038;p=42"},"modified":"2024-06-13T16:36:49","modified_gmt":"2024-06-13T08:36:49","slug":"floating-fish-feed-machine","status":"publish","type":"product","link":"https:\/\/fishfoodmachinery.com\/tr\/product\/floating-fish-feed-machine\/","title":{"rendered":"Bal\u0131k pelet yap\u0131m\u0131 i\u00e7in y\u00fczen bal\u0131k yemi makinesi"},"content":{"rendered":"<p class=\"translation-block\"><strong>Y\u00fczen bal\u0131k yemi makinesi<\/strong>, soya k\u00fcspesi, pirin\u00e7 kepe\u011fi, bal\u0131k unu, kemik unu, m\u0131s\u0131r unu, un vb. maddeleri \u0131s\u0131t\u0131p ekstr\u00fcde ederek \u00e7e\u015fitli \u015fekillerde bal\u0131k yemi peletlerine d\u00f6n\u00fc\u015ft\u00fcrmek i\u00e7in kullan\u0131l\u0131r. Kapasitesi 40-350kg\/saat, hatta daha fazlad\u0131r. <\/p>    <p>Bal\u0131k \u00e7iftlikleri veya bayileri bu t\u00fcr bal\u0131k yem pelet makinesine yat\u0131r\u0131m yapmaya \u00e7ok istekli. Bu y\u00fczen bal\u0131k yem pelet de\u011firmeni ekonomik olarak verimlidir ve end\u00fcstriyel veya ticari kullan\u0131m i\u00e7in uygundur.<\/p>    <p class=\"translation-block\">Ayr\u0131ca, Taizy bal\u0131k yemi pelet makinesi deniza\u015f\u0131r\u0131 \u00fclkelerde, \u00f6rne\u011fin <strong>Peru, Gana, Nijer, Angola, Malezya, Bel\u00e7ika<\/strong> vb. yerlerde \u00e7ok pop\u00fclerdir.<\/p>    <figure class=\"wp-block-embed is-type-video is-provider-youtube wp-block-embed-youtube wp-embed-aspect-16-9 wp-has-aspect-ratio\"><div class=\"wp-block-embed__wrapper\"> <iframe loading=\"lazy\" title=\"2022 Y\u00fczen Bal\u0131k Yem Pelet Makinesi |  Bal\u0131k \u00c7ift\u00e7ili\u011fi i\u00e7in Bal\u0131k Yemi Ekstr\u00fcder Makinesi #fishfeed\" width=\"500\" height=\"281\" src=\"https:\/\/www.youtube.com\/embed\/gKKTHR1NSBY?feature=oembed\" frameborder=\"0\" allow=\"accelerometer; autoplay; clipboard-write; encrypted-media; gyroscope; picture-in-picture; web-share\" referrerpolicy=\"strict-origin-when-cross-origin\" allowfullscreen><\/iframe> <\/div><figcaption class=\"wp-element-caption\">Y\u00fczen bal\u0131k yem peletleri video yapmak<\/figcaption><\/figure>    <h2 class=\"wp-block-heading\" id=\"h-what-is-the-floating-fish-feed-machine\"><strong>Y\u00fczen bal\u0131k yem makinesi nedir?<\/strong><strong><\/strong><\/h2>    <p>Y\u00fczen Bal\u0131k Yem Pelet Makinesi, \u00e7e\u015fitli su beslemesi \u00fcretimi yapmak i\u00e7in bir makinedir. Ayr\u0131ca, bal\u0131k yemi i\u015fleme hatt\u0131 da mevcuttur. <\/p>    <p>Yem pelet fabrikas\u0131n\u0131n boyutu \u03c61mm, \u03c61.5mm, \u03c62mm, \u03c63mm, \u03c63.5mm, \u03c64mm, \u03c65mm, \u03c66.8mm ve \u00e7e\u015fitli \u015fekillerdir. Her neyse, bal\u0131k yemi \u00fcretmek istiyorsan\u0131z, bizimle ileti\u015fime ge\u00e7meye ho\u015f geldiniz!<\/p>    <figure class=\"wp-block-gallery aligncenter has-nested-images columns-default is-cropped wp-block-gallery-2 is-layout-flex wp-block-gallery-is-layout-flex\"> <figure class=\"wp-block-image size-full\"><img loading=\"lazy\" decoding=\"async\" width=\"720\" height=\"540\" data-id=\"107\" src=\"https:\/\/fishfoodmachinery.com\/wp-content\/uploads\/2022\/09\/electric-motor-fish-feed-machine.webp\" alt=\"Elektrikli-Fish besleme makinesi\" class=\"wp-image-107\" title=\"\" srcset=\"https:\/\/fishfoodmachinery.com\/wp-content\/uploads\/2022\/09\/electric-motor-fish-feed-machine.webp 720w, https:\/\/fishfoodmachinery.com\/wp-content\/uploads\/2022\/09\/electric-motor-fish-feed-machine-300x225.webp 300w\" sizes=\"auto, (max-width: 720px) 100vw, 720px\" \/><figcaption class=\"wp-element-caption\">Elektrikli Motor Bal\u0131k Yem Makinesi<\/figcaption><\/figure>    <figure class=\"wp-block-image size-full\"><img loading=\"lazy\" decoding=\"async\" width=\"720\" height=\"540\" data-id=\"106\" src=\"https:\/\/fishfoodmachinery.com\/wp-content\/uploads\/2022\/09\/diesel-engine-floating-fish-feed-pellet-mill.webp\" alt=\"Dizel motor y\u00fczen fish-fish-fed-pellet de\u011firmeni\" class=\"wp-image-106\" title=\"\" srcset=\"https:\/\/fishfoodmachinery.com\/wp-content\/uploads\/2022\/09\/diesel-engine-floating-fish-feed-pellet-mill.webp 720w, https:\/\/fishfoodmachinery.com\/wp-content\/uploads\/2022\/09\/diesel-engine-floating-fish-feed-pellet-mill-300x225.webp 300w\" sizes=\"auto, (max-width: 720px) 100vw, 720px\" \/><figcaption class=\"wp-element-caption\">Dizel Motor Y\u00fczen Bal\u0131k Yem Pelet De\u011firmeni<\/figcaption><\/figure> <\/figure>    <h2 class=\"wp-block-heading\"><strong>Y\u00fczen Bal\u0131k Yem Pelet Makinesinin Spot I\u015f\u0131\u011f\u0131<\/strong><\/h2>    <ul class=\"wp-block-list\"> <li><strong>40-350kg\/s \u00e7\u0131kt\u0131<\/strong>: B\u00fcy\u00fck \u00f6l\u00e7ekli \u00e7iftliklerin ihtiya\u00e7lar\u0131n\u0131 kar\u015f\u0131lamak i\u00e7in h\u0131zl\u0131 ve b\u00fcy\u00fck miktarlarda y\u00fcksek kaliteli bal\u0131k g\u0131da peletleri \u00fcretin.<\/li>    <li><strong>Kolay operasyon<\/strong>: Profesyonel teknisyenler olmasa bile, sadece bal\u0131k g\u0131da pelet makinesini \u00e7al\u0131\u015ft\u0131rmak i\u00e7in kontrol dolab\u0131n\u0131 \u00e7al\u0131\u015ft\u0131r\u0131n.<\/li>    <li><strong>\u00c7e\u015fitli bal\u0131k yem peletleri \u00fcretimi<\/strong>: Bu bal\u0131k yemi ekstr\u00fcder makinesi yay\u0131n bal\u0131\u011f\u0131 beslemesi, tilapia bal\u0131k yemi, \u00e7im sazan besleme, vb.<\/li>    <li><strong>M\u00fckemmel kalite pelet<\/strong>: Bal\u0131k g\u0131da peletleri, bal\u0131klar\u0131n beslenme oran\u0131n\u0131 ve b\u00fcy\u00fcme oran\u0131n\u0131 art\u0131rabilen d\u00fczg\u00fcn boyut, kompakt doku ve dengeli beslenmeye sahiptir.<\/li> <\/ul>    <h2 class=\"wp-block-heading\" id=\"h-specifications-of-the-fish-feed-making-feed-pellet-machine\"><strong>Bal\u0131k Yeme\u011fi Yapma Yem Pelet Makinesi \u00d6zellikleri <\/strong><\/h2>    <h3 class=\"wp-block-heading\" id=\"h-electric-floating-fish-feed-machine\"><strong>Elektrikli y\u00fczen bal\u0131k yem makinesi<\/strong><strong><\/strong><\/h3>    <figure class=\"wp-block-table\"><table><tbody><tr><td>Modeli<\/td><td>Kapasite<\/td><td>Ana g\u00fc\u00e7<\/td><td>Kesici g\u00fcc\u00fc<\/td><td>Besleme besleme g\u00fcc\u00fc<\/td><td>Vida \u00e7ap\u0131<\/td><td>Boyut<\/td><td>A\u011f\u0131rl\u0131k<\/td><\/tr><tr><td>DGP-40<\/td><td>40-50kg\/saat<\/td><td>7,5kW<\/td><td>0,4kW<\/td><td>0,4kW<\/td><td>40mm<\/td><td>1260*860*1250mm<\/td><td>290kg<\/td><\/tr><tr><td>DGP-60<\/td><td>150kg\/saat<\/td><td>15kW<\/td><td>0,4kW<\/td><td>0,4kW<\/td><td>60 mm<\/td><td>1450*950*1430mm<\/td><td>480kg<\/td><\/tr><tr><td>DGP-70<\/td><td>180-250kg\/saat<\/td><td>18,5kW<\/td><td>0,4kW<\/td><td>0,4kW<\/td><td>70mm<\/td><td>1600*1400*1450mm<\/td><td>600kg<\/td><\/tr><tr><td>DGP-80<\/td><td>300-350kg\/saat<\/td><td>22kW<\/td><td>0,4kW<\/td><td>0,4kW<\/td><td>80mm<\/td><td>1850*1470*1500mm<\/td><td>800kg<\/td><\/tr><\/tbody><\/table><figcaption class=\"wp-element-caption\">Elektrikli motorlu bal\u0131k g\u0131da yap\u0131m makinesinin teknik verileri<\/figcaption><\/figure>    <h3 class=\"wp-block-heading\" id=\"h-diesel-engine-floating-fish-feed-pellet-machine\"><strong>Dizel Motor Y\u00fczen Bal\u0131k Yem Pelet Makinesi<\/strong><strong><\/strong><\/h3>    <figure class=\"wp-block-table\"><table><tbody><tr><td>Modeli<\/td><td>Kapasite<\/td><td>Ana g\u00fc\u00e7<\/td><td>Kesici g\u00fcc\u00fc<\/td><td>Besleme besleme g\u00fcc\u00fc<\/td><td>Vida \u00e7ap\u0131<\/td><td>Boyut<\/td><td>A\u011f\u0131rl\u0131k<\/td><\/tr><tr><td>DGP-40<\/td><td>40-50kg\/saat<\/td><td>12hp<\/td><td>0,4kW<\/td><td>0,4kW<\/td><td>40mm<\/td><td>1400*1350*1100mm<\/td><td>390kg<\/td><\/tr><tr><td>DGP-60<\/td><td>150kg\/saat<\/td><td>22hp<\/td><td>0,4kW<\/td><td>0,4kW<\/td><td>60 mm<\/td><td>1450*950*1430mm<\/td><td>590kg<\/td><\/tr><tr><td>DGP-70<\/td><td>180-250kg\/saat<\/td><td>25hp<\/td><td>0,4kW<\/td><td>0,4kW<\/td><td>70mm<\/td><td>1640*1550*1080mm<\/td><td>780kg<\/td><\/tr><tr><td>DGP-80<\/td><td>300-350kg\/saat<\/td><td>35hp<\/td><td>0,4kW<\/td><td>0,4kW<\/td><td>80mm<\/td><td>1700*1400*1000mm<\/td><td>1000kg<\/td><\/tr><\/tbody><\/table><figcaption class=\"wp-element-caption\">Dizel destekli bal\u0131k yem pelet makinesinin teknik parametreleri<\/figcaption><\/figure>    <h2 class=\"wp-block-heading\" id=\"h-molds-and-feed-pellets-display\"><strong>Kal\u0131plar ve besleme peletleri ekran<\/strong><\/h2>    <div class=\"wp-block-media-text alignwide is-stacked-on-mobile\"><figure class=\"wp-block-media-text__media\"><img loading=\"lazy\" decoding=\"async\" width=\"720\" height=\"450\" src=\"https:\/\/fishfoodmachinery.com\/wp-content\/uploads\/2022\/09\/feed-pellet-moulds.webp\" alt=\"Pilet kal\u0131plar\u0131n\u0131 besleyin\" class=\"wp-image-84 size-full\" title=\"\" srcset=\"https:\/\/fishfoodmachinery.com\/wp-content\/uploads\/2022\/09\/feed-pellet-moulds.webp 720w, https:\/\/fishfoodmachinery.com\/wp-content\/uploads\/2022\/09\/feed-pellet-moulds-300x188.webp 300w\" sizes=\"auto, (max-width: 720px) 100vw, 720px\" \/><\/figure><div class=\"wp-block-media-text__content\"> <p>\u00c7e\u015fitli kal\u0131plar farkl\u0131 besleme peletleri \u00fcretebilir. Sadece ne istedi\u011fini se\u00e7in.<\/p> <\/div><\/div>    <div class=\"wp-block-media-text alignwide has-media-on-the-right is-stacked-on-mobile\"><div class=\"wp-block-media-text__content\"> <p>Taizy Bal\u0131k Yem Pelet Makinesi \u00e7e\u015fitli bal\u0131k yem peletleri \u00fcretebilir. Ayr\u0131nt\u0131lar sa\u011fdaki resimde g\u00f6sterilmi\u015ftir.<\/p> <\/div><figure class=\"wp-block-media-text__media\"><img loading=\"lazy\" decoding=\"async\" width=\"720\" height=\"540\" src=\"https:\/\/fishfoodmachinery.com\/wp-content\/uploads\/2022\/09\/various-fish-feed-pellets.webp\" alt=\"\u00c7e\u015fitli Bal\u0131k Yem Petetleri\" class=\"wp-image-184 size-full\" title=\"\" srcset=\"https:\/\/fishfoodmachinery.com\/wp-content\/uploads\/2022\/09\/various-fish-feed-pellets.webp 720w, https:\/\/fishfoodmachinery.com\/wp-content\/uploads\/2022\/09\/various-fish-feed-pellets-300x225.webp 300w\" sizes=\"auto, (max-width: 720px) 100vw, 720px\" \/><\/figure><\/div>    <h2 class=\"wp-block-heading\" id=\"h-raw-materials-for-fish-feed-pellets\"><strong>Bal\u0131k yemi peletleri i\u00e7in hammaddeler<\/strong><strong><\/strong><\/h2>    <p>Hammaddeler soya yeme\u011fi, kolza tohumu, pirin\u00e7 kepe\u011fi, bal\u0131k yeme\u011fi, kemik yeme\u011fi, m\u0131s\u0131r unu, un vb. Olabilir.\u00a0\u00c7e\u015fitli tah\u0131llar mevcuttur. <\/p>    <p>Bu y\u00fczen bal\u0131k yem makinesi, \u00e7e\u015fitli yem peletleri \u00fcretmek i\u00e7in bu hammaddeleri kullanan profesyonel bir besleme ekstr\u00fcder ekipman\u0131d\u0131r!<\/p>   <div class=\"wp-block-image\"> <figure class=\"aligncenter size-full\"><img loading=\"lazy\" decoding=\"async\" width=\"720\" height=\"500\" src=\"https:\/\/fishfoodmachinery.com\/wp-content\/uploads\/2022\/09\/raw-materials.webp\" alt=\"\u0130\u015flenmemi\u015f i\u00e7erikler\" class=\"wp-image-109\" title=\"\" srcset=\"https:\/\/fishfoodmachinery.com\/wp-content\/uploads\/2022\/09\/raw-materials.webp 720w, https:\/\/fishfoodmachinery.com\/wp-content\/uploads\/2022\/09\/raw-materials-300x208.webp 300w\" sizes=\"auto, (max-width: 720px) 100vw, 720px\" \/><figcaption class=\"wp-element-caption\">\u0130\u015flenmemi\u015f i\u00e7erikler<\/figcaption><\/figure> <\/div>   <h2 class=\"wp-block-heading\" id=\"h-applications-of-the-fish-feed-pelleting-machine\"><strong><strong>Bal\u0131k Yem Pelet Makinesinin Uygulamalar\u0131<\/strong><\/strong><\/h2>    <ul class=\"wp-block-list\"> <li><strong>\u00c7e\u015fitli Bal\u0131klar<\/strong>: \u00e7im sazan, s\u00fcs bal\u0131klar\u0131, deniz bal\u0131klar\u0131, y\u0131lan bal\u0131\u011f\u0131, sazan, tilapia, G\u00fcney Amerika beyaz karides, loach, yay\u0131n bal\u0131\u011f\u0131, dil taban\u0131, mersin bal\u0131\u011f\u0131 vb.<\/li>    <li><strong>Evcil hayvan<\/strong>: K\u00f6pekler, kediler, papa\u011fanlar, tav\u015fanlar, vb.<\/li>    <li><strong>Di\u011ferleri<\/strong>: Kaplumba\u011falar, karides, vb.<\/li> <\/ul>    <h2 class=\"wp-block-heading\" id=\"h-structure-of-the-fish-feed-pellet-machine\"><strong>Y\u00fczen Bal\u0131k Yem Pelet Makinesinin Yap\u0131s\u0131<\/strong><\/h2>    <p>DGP tipi kuru \u015fi\u015fme makinesi esas olarak bir besleyici, ekstr\u00fczyon \u015fi\u015fme cihaz\u0131, g\u00fc\u00e7 ve \u015fanz\u0131man sistemi, \u00e7er\u00e7eve, elektrik kontrol sistemi vb.<\/p>   <div class=\"wp-block-image\"> <figure class=\"aligncenter size-full\"><img loading=\"lazy\" decoding=\"async\" width=\"720\" height=\"720\" src=\"https:\/\/fishfoodmachinery.com\/wp-content\/uploads\/2022\/09\/fish-feed-pellet-machine.webp\" alt=\"bal\u0131k yemi pelet makinesi\" class=\"wp-image-113\" title=\"\" srcset=\"https:\/\/fishfoodmachinery.com\/wp-content\/uploads\/2022\/09\/fish-feed-pellet-machine.webp 720w, https:\/\/fishfoodmachinery.com\/wp-content\/uploads\/2022\/09\/fish-feed-pellet-machine-300x300.webp 300w, https:\/\/fishfoodmachinery.com\/wp-content\/uploads\/2022\/09\/fish-feed-pellet-machine-150x150.webp 150w\" sizes=\"auto, (max-width: 720px) 100vw, 720px\" \/><figcaption class=\"wp-element-caption\">bal\u0131k yemi pelet makinesi<\/figcaption><\/figure> <\/div>   <h2 class=\"wp-block-heading\" id=\"h-how-does-the-floating-fish-feed-machine-work\"><strong>Y\u00fczen bal\u0131k besleme makinesi nas\u0131l \u00e7al\u0131\u015f\u0131r?<\/strong><strong><\/strong><\/h2>   <div id=\"rank-math-howto\" class=\"rank-math-block\" > <div class=\"rank-math-howto-description\">  <\/div>  <div class=\"rank-math-steps\"> <div id=\"howto-step-1705052074061\" class=\"rank-math-step\"> <h3 class=\"rank-math-step-title\"><strong>Hammadde besleme<\/strong><\/h3> <div class=\"rank-math-step-content\"><p>Bilimsel olarak form\u00fcle edilmi\u015f ve e\u015fle\u015ftirilmi\u015f bal\u0131k unu, soya fasulyesi, m\u0131s\u0131r unu, vb.<\/p> <\/div> <\/div> <div id=\"howto-step-1705052323060\" class=\"rank-math-step\"> <h3 class=\"rank-math-step-title\"><strong>Is\u0131 ekstr\u00fczyonu ve geni\u015fleme i\u015fleme<\/strong><\/h3> <div class=\"rank-math-step-content\"><p>Ekipman\u0131 ba\u015flat\u0131n ve hammaddeler bal\u0131k g\u0131da pelet makinesinin i\u00e7indeki geli\u015fmi\u015f \u0131s\u0131tma ve geni\u015fletme fonksiyonu ile i\u015flenir. <br \/>Y\u00fcksek s\u0131cakl\u0131klar ve bas\u0131n\u00e7 alt\u0131nda, hammaddeler tamamen pi\u015firilir ve sindirilmesi ve emilmesi kolay bir yap\u0131 olu\u015fturur ve ayn\u0131 zamanda gerekli \u015fekil ve boyuta ekstr\u00fcde edilir ve kal\u0131plan\u0131r.<\/p> <\/div> <\/div> <div id=\"howto-step-1705052357343\" class=\"rank-math-step\"> <h3 class=\"rank-math-step-title\"><strong>Bitmi\u015f bal\u0131k peletleri de\u015farj\u0131<\/strong><\/h3> <div class=\"rank-math-step-content\"><p>Bitmi\u015f geni\u015fletilmi\u015f ve kal\u0131planm\u0131\u015f bal\u0131k yem peletleri, istenen sertlik ve yo\u011funlu\u011fa ula\u015ft\u0131ktan sonra y\u00fczen bal\u0131k yem makinesinin de\u015farj portundan otomatik olarak bo\u015falt\u0131l\u0131r. <br \/>Bu besleyici ve orta y\u00fczl\u00fc bal\u0131k yem peletlerinin sadece saklanmas\u0131 ve ta\u015f\u0131nmas\u0131 kolay de\u011fil, ayn\u0131 zamanda bal\u0131k beslemesi i\u00e7in de elveri\u015flidir, bu da su \u00fcr\u00fcnleri yeti\u015ftiricili\u011fi faydalar\u0131n\u0131 b\u00fcy\u00fck \u00f6l\u00e7\u00fcde art\u0131r\u0131r.<\/p> <\/div> <\/div> <\/div> <\/div>       <h2 class=\"wp-block-heading\" id=\"h-successful-case-2-sets-of-model-40-and-2-sets-of-model-60-small-floating-fish-feed-machine-shipped-to-peru\"><strong>Ba\u015far\u0131l\u0131 bal\u0131k g\u0131da yap\u0131m makinesi vakalar\u0131<\/strong><\/h2>    <p class=\"translation-block\"><strong>Peru'ya g\u00f6nderilen 2 set model-40 ve 2 set model-60 k\u00fc\u00e7\u00fck y\u00fczen bal\u0131k yemi makineleri<\/strong><\/p>    <p>Peru'dan bir m\u00fc\u015fteri sat\u0131l\u0131k k\u00fc\u00e7\u00fck bal\u0131k yem pelet makinesini sordu. Bal\u0131k g\u0131da pelet makinesi \u00e7e\u015fitli yem peletleri \u00fcretebilir. Peru m\u00fc\u015fterisi, m\u00fc\u015fterisi i\u00e7in mini bal\u0131k yem makinesini sat\u0131n ald\u0131. <\/p>    <p>Sat\u0131\u015f m\u00fcd\u00fcr\u00fcm\u00fcz makine ayr\u0131nt\u0131lar\u0131n\u0131 ona g\u00f6nderdi. \u0130\u00e7inden ge\u00e7tikten sonra, m\u00fc\u015fteri \u00e7ok memnun kald\u0131 ve tekrar birka\u00e7 soruyu do\u011frulad\u0131. Bundan sonra, toplam 4 set sipari\u015f etti: 2 set elektrikli ve 2 set dizel motor olan. Ve makineyi ah\u015fap kasada paketledik ve hedefine g\u00f6nderdik.<\/p>   <div class=\"wp-block-image\"> <figure class=\"aligncenter size-full\"><img loading=\"lazy\" decoding=\"async\" width=\"720\" height=\"540\" src=\"https:\/\/fishfoodmachinery.com\/wp-content\/uploads\/2022\/09\/package-the-floating-fish-feed-pellet-machine.webp\" alt=\"Y\u00fczen bal\u0131k yem pelet makinesini paketleyin\" class=\"wp-image-115\" title=\"\" srcset=\"https:\/\/fishfoodmachinery.com\/wp-content\/uploads\/2022\/09\/package-the-floating-fish-feed-pellet-machine.webp 720w, https:\/\/fishfoodmachinery.com\/wp-content\/uploads\/2022\/09\/package-the-floating-fish-feed-pellet-machine-300x225.webp 300w\" sizes=\"auto, (max-width: 720px) 100vw, 720px\" \/><figcaption class=\"wp-element-caption\">bal\u0131k besleme pelet makinesini paketleyin<\/figcaption><\/figure> <\/div>   <p class=\"translation-block\"><strong>Burkina Faso'ya sat\u0131lan s\u0131cak sat\u0131\u015f bal\u0131k yemi peletleme makinesi<\/strong><\/p>    <p>Y\u00fczen bal\u0131k yem makinemiz, yerel yem \u00fcretiminin verimlili\u011fini ve kalitesini \u00f6nemli \u00f6l\u00e7\u00fcde geli\u015ftiren Bat\u0131 Afrika \u00fclkesi Burkina Faso'daki b\u00fcy\u00fck \u00f6l\u00e7ekli bir su \u00fcr\u00fcnleri taban\u0131na ba\u015far\u0131yla kuruldu.<\/p>    <p>Geli\u015fmi\u015f ekipmanlar\u0131n tan\u0131t\u0131m\u0131 ile \u00e7iftlik, i\u015fletme maliyetlerini azaltt\u0131, bal\u0131k b\u00fcy\u00fcmesi ve \u00fcretimini art\u0131rd\u0131 ve Burkina Faso'daki bal\u0131k\u00e7\u0131l\u0131k end\u00fcstrisinin geli\u015fimine g\u00fc\u00e7l\u00fc bir itici g\u00fc\u00e7 enjekte etti.<\/p>    <figure class=\"wp-block-gallery aligncenter has-nested-images columns-default is-cropped wp-block-gallery-3 is-layout-flex wp-block-gallery-is-layout-flex\"> <figure class=\"wp-block-image size-large\"><img loading=\"lazy\" decoding=\"async\" width=\"540\" height=\"720\" data-id=\"741\" src=\"https:\/\/fishfoodmachinery.com\/wp-content\/uploads\/2023\/11\/fish-feed-pellet-making-machine.webp\" alt=\"Bal\u0131k Yem Pelet Yap\u0131m Makinesi\" class=\"wp-image-741\" title=\"\" srcset=\"https:\/\/fishfoodmachinery.com\/wp-content\/uploads\/2023\/11\/fish-feed-pellet-making-machine.webp 540w, https:\/\/fishfoodmachinery.com\/wp-content\/uploads\/2023\/11\/fish-feed-pellet-making-machine-225x300.webp 225w\" sizes=\"auto, (max-width: 540px) 100vw, 540px\" \/><figcaption class=\"wp-element-caption\">Bal\u0131k Yem Pelet Yap\u0131m Makinesi<\/figcaption><\/figure>    <figure class=\"wp-block-image size-large\"><img loading=\"lazy\" decoding=\"async\" width=\"540\" height=\"720\" data-id=\"742\" src=\"https:\/\/fishfoodmachinery.com\/wp-content\/uploads\/2023\/11\/package-of-floating-fish-feed-making-machine.webp\" alt=\"y\u00fczen bal\u0131k yem makineleri paketi\" class=\"wp-image-742\" title=\"\" srcset=\"https:\/\/fishfoodmachinery.com\/wp-content\/uploads\/2023\/11\/package-of-floating-fish-feed-making-machine.webp 540w, https:\/\/fishfoodmachinery.com\/wp-content\/uploads\/2023\/11\/package-of-floating-fish-feed-making-machine-225x300.webp 225w\" sizes=\"auto, (max-width: 540px) 100vw, 540px\" \/><figcaption class=\"wp-element-caption\">Y\u00fczen bal\u0131k yemleme makinesi paketi<\/figcaption><\/figure> <\/figure>    <h2 class=\"wp-block-heading\"><strong>Neden Taizy'yi Y\u00fczen Bal\u0131k Yem Makinesi \u00dcreticisi ve Tedarik\u00e7isi olarak se\u00e7melisiniz?<\/strong><\/h2>    <ul class=\"wp-block-list\"> <li><strong>Profesyonel \u00d6zelle\u015ftirilmi\u015f Hizmet<\/strong>M\u00fc\u015fterilerin ihtiya\u00e7lar\u0131na g\u00f6re ki\u015fiselle\u015ftirilmi\u015f tasar\u0131m ve yap\u0131land\u0131rma planlar\u0131 sa\u011fl\u0131yoruz ve \u00e7e\u015fitli su \u00fcr\u00fcnleri yeti\u015ftiricili\u011fi ihtiya\u00e7lar\u0131n\u0131 kar\u015f\u0131lamak i\u00e7in farkl\u0131 spesifikasyonlar, \u015fekiller ve besin maddeleri ile y\u00fczen bal\u0131k yemleri \u00fcretebiliyoruz.<\/li>    <li><strong>Verimli \u00fcretim kapasitesi<\/strong>: Taizy bal\u0131k yem makineleri son derece \u00fcretken ve enerji tasarrufludur, saatte 40kg ila 350kg aras\u0131nda \u00e7ok \u00e7e\u015fitli modeller ile \u00fcretim verimlili\u011fini art\u0131rman\u0131za ve i\u015fletme maliyetlerini azaltman\u0131za yard\u0131mc\u0131 olur.<\/li>    <li><strong>Sekt\u00f6rde iyi bir itibar<\/strong>: Taizy Brand, yurti\u00e7inde ve yurtd\u0131\u015f\u0131nda y\u00fcksek bir \u00fcne ve iyi bir \u00fcne sahiptir, \u00fcr\u00fcnlerinin ve sat\u0131\u015f sonras\u0131 hizmetlerinin g\u00fcvenilirli\u011fi kullan\u0131c\u0131lar\u0131n \u00e7o\u011funlu\u011fu taraf\u0131ndan tan\u0131n\u0131r, Taize'yi se\u00e7mek, g\u00f6n\u00fcl rahatl\u0131\u011f\u0131 ve ba\u015far\u0131 se\u00e7mek anlam\u0131na gelir.<\/li> <\/ul>    <h2 class=\"wp-block-heading\"><strong>Bal\u0131k yem peletinizi \u015fimdi ba\u015flay\u0131n!<\/strong><\/h2>    <p class=\"translation-block\">Y\u00fcksek kaliteli hammaddeleri y\u00fcksek besin de\u011ferine sahip bal\u0131k yemi peletlerine h\u0131zl\u0131 bir \u015fekilde d\u00f6n\u00fc\u015ft\u00fcrebilirsiniz! Geli\u015fmi\u015f bal\u0131k yemi pelet de\u011firmeni teknolojisinin yard\u0131m\u0131yla <a href=\"https:\/\/en.wikipedia.org\/wiki\/Commercial_fish_feed\" target=\"_blank\" rel=\"noopener\">bal\u0131k yemi peleti<\/a> \u00fcretim i\u015finize ba\u015flamak i\u00e7in bug\u00fcn en iyi zaman!. <\/p>    <p class=\"translation-block\">Yaln\u0131zca ba\u011f\u0131ms\u0131z makinelerle de\u011fil, ayn\u0131 zamanda y\u00fcksek kaliteli yem peleti \u00fcretimi i\u00e7in <a href=\"https:\/\/fishfoodmachinery.com\/tr\/product\/small-floating-fish-feed-production-line\/\">bal\u0131k peleti \u00fcretim hatlar\u0131<\/a> ile size nas\u0131l yard\u0131mc\u0131 olabilece\u011fimizi \u00f6\u011frenmek i\u00e7in bizimle ileti\u015fime ge\u00e7in.<\/p>","protected":false},"excerpt":{"rendered":"<p>Y\u00fczen bal\u0131k yem makinesi m\u0131s\u0131r unu, un vb. Kullan\u0131yor. 40-350kg\/s kapasiteli \u00e7e\u015fitli bal\u0131klar, karides, kaplumba\u011fa vb. \u0130\u00e7in su beslemesini \u00fcretin. <\/p>","protected":false},"author":1,"featured_media":122,"parent":0,"template":"","tags":[15,12,24,14,16,10],"product-type":[8],"class_list":["post-42","product","type-product","status-publish","has-post-thumbnail","hentry","tag-animal-feed-pellet-machine","tag-dog-food-making-machine","tag-fish-feed","tag-fish-feed-extruder","tag-fish-feed-pellet-making-machine","tag-floating-fish-feed-production-line","product-type-fish-feed-pellet-machine"],"_links":{"self":[{"href":"https:\/\/fishfoodmachinery.com\/tr\/wp-json\/wp\/v2\/product\/42","targetHints":{"allow":["GET"]}}],"collection":[{"href":"https:\/\/fishfoodmachinery.com\/tr\/wp-json\/wp\/v2\/product"}],"about":[{"href":"https:\/\/fishfoodmachinery.com\/tr\/wp-json\/wp\/v2\/types\/product"}],"author":[{"embeddable":true,"href":"https:\/\/fishfoodmachinery.com\/tr\/wp-json\/wp\/v2\/users\/1"}],"wp:featuredmedia":[{"embeddable":true,"href":"https:\/\/fishfoodmachinery.com\/tr\/wp-json\/wp\/v2\/media\/122"}],"wp:attachment":[{"href":"https:\/\/fishfoodmachinery.com\/tr\/wp-json\/wp\/v2\/media?parent=42"}],"wp:term":[{"taxonomy":"post_tag","embeddable":true,"href":"https:\/\/fishfoodmachinery.com\/tr\/wp-json\/wp\/v2\/tags?post=42"},{"taxonomy":"product-type","embeddable":true,"href":"https:\/\/fishfoodmachinery.com\/tr\/wp-json\/wp\/v2\/product-type?post=42"}],"curies":[{"name":"wp","href":"https:\/\/api.w.org\/{rel}","templated":true}]}}