{"id":49,"date":"2022-09-06T03:45:34","date_gmt":"2022-09-06T03:45:34","guid":{"rendered":"https:\/\/fishfoodmachinery.com\/?post_type=product&#038;p=49"},"modified":"2024-06-11T17:19:39","modified_gmt":"2024-06-11T09:19:39","slug":"small-floating-fish-feed-production-line","status":"publish","type":"product","link":"https:\/\/fishfoodmachinery.com\/tr\/product\/small-floating-fish-feed-production-line\/","title":{"rendered":"K\u00fc\u00e7\u00fck y\u00fczen bal\u0131k yemi \u00fcretim hatt\u0131"},"content":{"rendered":"<p class=\"translation-block\">Bu <strong>y\u00fczen bal\u0131k yemi \u00fcretim hatt\u0131<\/strong>, yemi \u00e7e\u015fitli \u015fekillerde ve verimlerde k\u0131rpma, kar\u0131\u015ft\u0131rma, ekstr\u00fczyon ve kurutmayla \u00fcretebilir. Saatte 40-350 kg kapasiteye sahiptir; k\u00fc\u00e7\u00fck ve orta \u00f6l\u00e7ekli bal\u0131k \u00e7iftlikleri vb. i\u00e7in uygundur. <\/p>    <p>\u00dcretilen yemler a\u015fa\u011f\u0131daki hayvanlar i\u00e7in kullan\u0131labilir: her t\u00fcrl\u00fc bal\u0131k, papa\u011fan, karides, vb. Tam bal\u0131k yemi \u00fcretim hatt\u0131 esnektir, e\u011fer bununla ilgileniyorsan\u0131z, l\u00fctfen bizimle ileti\u015fime ge\u00e7in!<\/p>    <figure class=\"wp-block-embed is-type-video is-provider-youtube wp-block-embed-youtube wp-embed-aspect-16-9 wp-has-aspect-ratio\"><div class=\"wp-block-embed__wrapper\"> <iframe loading=\"lazy\" title=\"Basit ve Pratik Y\u00fczen Bal\u0131k Yem Pelet \u00dcretim Hatt\u0131 | Yem Peletleri Nas\u0131l Yap\u0131l\u0131r#pellets\" width=\"500\" height=\"281\" src=\"https:\/\/www.youtube.com\/embed\/9BjNa9qqZpA?feature=oembed\" frameborder=\"0\" allow=\"accelerometer; autoplay; clipboard-write; encrypted-media; gyroscope; picture-in-picture; web-share\" referrerpolicy=\"strict-origin-when-cross-origin\" allowfullscreen><\/iframe> <\/div><figcaption class=\"wp-element-caption\">Giri\u015f Basit ve pratik y\u00fczen bal\u0131k yem \u00fcretim hatt\u0131n\u0131n videosu<\/figcaption><\/figure>    <h2 class=\"wp-block-heading\" id=\"h-feed-pellet-sizes-and-shapes-that-can-be-produced\"><strong>\u00dcretilebilecek pelet boyutlar\u0131 ve \u015fekilleri besleme<\/strong><\/h2>    <p>Y\u00fczen bal\u0131k yemi \u00fcretim hatt\u0131m\u0131z, kal\u0131plar\u0131m\u0131za ba\u011fl\u0131 olarak \u00e7e\u015fitli boyut ve \u015fekillerde yem peletleri \u00fcretebilir. Kal\u0131plar\u0131m\u0131z \u00e7e\u015fitli besleme peletleri \u015fekilleri \u00fcretebilir, daha fazla bilgi i\u00e7in bizimle ileti\u015fime ge\u00e7ebilir!<\/p>   <div class=\"wp-block-image\"> <figure class=\"aligncenter size-full\"><img loading=\"lazy\" decoding=\"async\" width=\"720\" height=\"450\" src=\"https:\/\/fishfoodmachinery.com\/wp-content\/uploads\/2022\/09\/feed-pellet-moulds.webp\" alt=\"Pilet kal\u0131plar\u0131n\u0131 besleyin\" class=\"wp-image-84\" title=\"\" srcset=\"https:\/\/fishfoodmachinery.com\/wp-content\/uploads\/2022\/09\/feed-pellet-moulds.webp 720w, https:\/\/fishfoodmachinery.com\/wp-content\/uploads\/2022\/09\/feed-pellet-moulds-300x188.webp 300w\" sizes=\"auto, (max-width: 720px) 100vw, 720px\" \/><figcaption class=\"wp-element-caption\">Pilet kal\u0131plar\u0131n\u0131 besleyin<\/figcaption><\/figure> <\/div>   <h2 class=\"wp-block-heading\" id=\"h-how-to-produce-fish-food-pellets-in-taizy-floating-fish-feed-production-line\"><strong>Taizy y\u00fczen bal\u0131k yem \u00fcretim hatt\u0131nda bal\u0131k g\u0131da peletleri nas\u0131l \u00fcretilir?<\/strong><\/h2>    <p>Bal\u0131k yemi \u00fcretimi genel olarak a\u015fa\u011f\u0131daki ad\u0131mlara sahiptir:<\/p>    <div class=\"wp-block-media-text alignwide is-stacked-on-mobile\"><figure class=\"wp-block-media-text__media\"><img loading=\"lazy\" decoding=\"async\" width=\"720\" height=\"540\" src=\"https:\/\/fishfoodmachinery.com\/wp-content\/uploads\/2022\/09\/9FQ-disk-mill-machine.webp\" alt=\"9FQ-Disk De\u011firmen Makinesi\" class=\"wp-image-86 size-full\" title=\"\" srcset=\"https:\/\/fishfoodmachinery.com\/wp-content\/uploads\/2022\/09\/9FQ-disk-mill-machine.webp 720w, https:\/\/fishfoodmachinery.com\/wp-content\/uploads\/2022\/09\/9FQ-disk-mill-machine-300x225.webp 300w\" sizes=\"auto, (max-width: 720px) 100vw, 720px\" \/><\/figure><div class=\"wp-block-media-text__content\"> <p class=\"translation-block\"><strong>K\u0131rpma malzemeleri: 9FQ\/disk de\u011firmeni<\/strong><\/p>    <p>Bu ad\u0131m esas olarak hammaddeleri ezmektir. 9FQ veya \u00f6\u011f\u00fct\u00fcc\u00fc makinesi her ikisi de ge\u00e7erlidir. Uygun olan\u0131 nas\u0131l se\u00e7ilir, \u00fcretim kapasitesine ba\u011fl\u0131d\u0131r.<\/p> <\/div><\/div>    <div class=\"wp-block-media-text alignwide has-media-on-the-right is-stacked-on-mobile\"><div class=\"wp-block-media-text__content\"> <p class=\"translation-block\"><strong>Kar\u0131\u015ft\u0131rma malzemeleri: bal\u0131k yemi kar\u0131\u015ft\u0131r\u0131c\u0131 makine<\/strong><\/p>    <p>\u0130\u015flevi, malzemeleri e\u015fit hale getirmek, e\u015fit \u015fekilde kar\u0131\u015ft\u0131rmakt\u0131r.<\/p> <\/div><figure class=\"wp-block-media-text__media\"><img loading=\"lazy\" decoding=\"async\" width=\"720\" height=\"540\" src=\"https:\/\/fishfoodmachinery.com\/wp-content\/uploads\/2022\/09\/fish-feed-mixer-machine.webp\" alt=\"Bal\u0131k Yemi Mikser Makinesi\" class=\"wp-image-89 size-full\" title=\"\" srcset=\"https:\/\/fishfoodmachinery.com\/wp-content\/uploads\/2022\/09\/fish-feed-mixer-machine.webp 720w, https:\/\/fishfoodmachinery.com\/wp-content\/uploads\/2022\/09\/fish-feed-mixer-machine-300x225.webp 300w\" sizes=\"auto, (max-width: 720px) 100vw, 720px\" \/><\/figure><\/div>    <div class=\"wp-block-media-text alignwide is-stacked-on-mobile\"><figure class=\"wp-block-media-text__media\"><img loading=\"lazy\" decoding=\"async\" width=\"720\" height=\"540\" src=\"https:\/\/fishfoodmachinery.com\/wp-content\/uploads\/2022\/09\/screw-elevator.webp\" alt=\"vidal\u0131 asans\u00f6r\" class=\"wp-image-91 size-full\" title=\"\" srcset=\"https:\/\/fishfoodmachinery.com\/wp-content\/uploads\/2022\/09\/screw-elevator.webp 720w, https:\/\/fishfoodmachinery.com\/wp-content\/uploads\/2022\/09\/screw-elevator-300x225.webp 300w\" sizes=\"auto, (max-width: 720px) 100vw, 720px\" \/><\/figure><div class=\"wp-block-media-text__content\"> <p class=\"translation-block\"><strong>Kald\u0131rma: vida konvey\u00f6r\u00fc<\/strong><\/p>    <p>Ad\u0131m 2'deki malzemeleri bal\u0131k pelet makinesine g\u00f6nderin. Tabii ki, emek de tamam.<\/p> <\/div><\/div>    <div class=\"wp-block-media-text alignwide has-media-on-the-right is-stacked-on-mobile\"><div class=\"wp-block-media-text__content\"> <p class=\"translation-block\"><strong>Yem peletlerini \u00fcretme: <a href=\"https:\/\/fishfoodmachinery.com\/tr\/product\/floating-fish-feed-machine\/\" target=\"_blank\" rel=\"noreferrer noopener\">y\u00fczen bal\u0131k yemi \u00fcretim makinesi<\/a><\/strong><\/p>    <p>Y\u00fczen bal\u0131k g\u0131da makinesi, m\u00fckemmel bal\u0131k yem petrolleri \u00fcretmek i\u00e7in anahtar k\u0131s\u0131md\u0131r. Sadece kal\u0131plar\u0131 de\u011fi\u015ftirerek farkl\u0131 pelet boyutlar\u0131 ve \u015fekilleri alabilirsiniz.<\/p> <\/div><figure class=\"wp-block-media-text__media\"><img loading=\"lazy\" decoding=\"async\" width=\"720\" height=\"540\" src=\"https:\/\/fishfoodmachinery.com\/wp-content\/uploads\/2022\/09\/fish-feed-production-machine.webp\" alt=\"Bal\u0131k Yemi \u00dcretim Makinesi\" class=\"wp-image-92 size-full\" title=\"\" srcset=\"https:\/\/fishfoodmachinery.com\/wp-content\/uploads\/2022\/09\/fish-feed-production-machine.webp 720w, https:\/\/fishfoodmachinery.com\/wp-content\/uploads\/2022\/09\/fish-feed-production-machine-300x225.webp 300w\" sizes=\"auto, (max-width: 720px) 100vw, 720px\" \/><\/figure><\/div>    <div class=\"wp-block-media-text alignwide is-stacked-on-mobile\"><figure class=\"wp-block-media-text__media\"><img loading=\"lazy\" decoding=\"async\" width=\"720\" height=\"540\" src=\"https:\/\/fishfoodmachinery.com\/wp-content\/uploads\/2022\/09\/dryer.webp\" alt=\"kurutma makinesi\" class=\"wp-image-97 size-full\" title=\"\" srcset=\"https:\/\/fishfoodmachinery.com\/wp-content\/uploads\/2022\/09\/dryer.webp 720w, https:\/\/fishfoodmachinery.com\/wp-content\/uploads\/2022\/09\/dryer-300x225.webp 300w\" sizes=\"auto, (max-width: 720px) 100vw, 720px\" \/><\/figure><div class=\"wp-block-media-text__content\"> <p class=\"translation-block\"><strong>Peletleri kurutma: kurutucu<\/strong><\/p>    <p>\u0130ki tip vard\u0131r: dikey kurutma makinesi ve kemer kurutma makinesi. \u0130\u015flev, kurutma s\u00fcresini uzatmak, peletleri daha kuru hale getirmektir.<\/p>    <p>Dikey kurutucu k\u00fc\u00e7\u00fck ve uygun maliyetlidir.<\/p>    <p>Kemer kurutma makinesi asl\u0131nda y\u00fcksek s\u0131cakl\u0131k, paslanmaz \u00e7elik malzemenin avantajlar\u0131na sahip metaldir.<\/p> <\/div><\/div>    <div class=\"wp-block-media-text alignwide has-media-on-the-right is-stacked-on-mobile\"><div class=\"wp-block-media-text__content\"> <p class=\"translation-block\"><strong>Baharatland\u0131rma: baharatland\u0131rma makinesi<\/strong><\/p>    <p>Bu ad\u0131mda baharat veya p\u00fcsk\u00fcrtme ya\u011f\u0131 ekleyebilirsiniz.<\/p>    <p>Baharat ekleme: Yem peletlerini bal\u0131k, k\u00f6pek ve kediler i\u00e7in daha \u00e7ekici hale getirir.<\/p>    <p>Ya\u011f p\u00fcsk\u00fcrtme: 1) p\u00fcr\u00fczs\u00fcz y\u00fczey; 2) Neme diren\u00e7li.<\/p> <\/div><figure class=\"wp-block-media-text__media\"><img loading=\"lazy\" decoding=\"async\" width=\"720\" height=\"540\" src=\"https:\/\/fishfoodmachinery.com\/wp-content\/uploads\/2022\/09\/seasoning-machine-spraying-machine.webp\" alt=\"Baharat Makinesi ve P\u00fcsk\u00fcrtme Makinesi\" class=\"wp-image-95 size-full\" title=\"\" srcset=\"https:\/\/fishfoodmachinery.com\/wp-content\/uploads\/2022\/09\/seasoning-machine-spraying-machine.webp 720w, https:\/\/fishfoodmachinery.com\/wp-content\/uploads\/2022\/09\/seasoning-machine-spraying-machine-300x225.webp 300w\" sizes=\"auto, (max-width: 720px) 100vw, 720px\" \/><\/figure><\/div>    <h2 class=\"wp-block-heading\"><strong>Y\u00fczen bal\u0131k yemi \u00fcretim hatt\u0131n\u0131n avantajlar\u0131<\/strong><\/h2>    <ul class=\"wp-block-list\"> <li><strong>D\u00fc\u015f\u00fck maliyet<\/strong>: K\u00fc\u00e7\u00fck bal\u0131k mamas\u0131 pelet \u00fcretim hatt\u0131, k\u00fc\u00e7\u00fck ve orta \u00f6l\u00e7ekli \u00e7ift\u00e7iler i\u00e7in uygun olan ve ilk yat\u0131r\u0131m\u0131 etkili bir \u015fekilde azaltabilen d\u00fc\u015f\u00fck yat\u0131r\u0131m maliyetine sahiptir.<\/li>    <li><strong>K\u00fc\u00e7\u00fck ayak izi<\/strong>: Ekipman kompakt bir yap\u0131ya sahiptir ve s\u0131n\u0131rl\u0131 alana sahip \u00e7iftlikler veya k\u00fc\u00e7\u00fck i\u015fleme tesisleri i\u00e7in uygun olan k\u00fc\u00e7\u00fck bir alan\u0131 kaplar.<\/li>    <li><strong>Kullan\u0131m\u0131 kolay<\/strong>: Ekipman kullan\u0131c\u0131 dostu ve kullan\u0131m\u0131 kolayd\u0131r. Profesyonel teknisyenler gerektirmez ve s\u0131radan \u00e7ift\u00e7iler taraf\u0131ndan kolayca i\u015fletilebilir.<\/li>    <li><strong>G\u00fc\u00e7l\u00fc esneklik<\/strong>: Bu y\u00fczen bal\u0131k yemi \u00fcretim hatt\u0131, \u00fcretim hacmini talebe, g\u00fc\u00e7l\u00fc esnekli\u011fe g\u00f6re ayarlayabilir ve farkl\u0131 \u00f6l\u00e7eklerin \u00fcretim ihtiya\u00e7lar\u0131na uyum sa\u011flayabilir.<\/li>    <li><strong>Uygun bak\u0131m<\/strong>: Ekipman\u0131n basit yap\u0131s\u0131, kolay bak\u0131m, d\u00fc\u015f\u00fck g\u00fcnl\u00fck bak\u0131m ve onar\u0131m maliyetleri, uzun servis \u00f6mr\u00fc.<\/li> <\/ul>    <h2 class=\"wp-block-heading\" id=\"h-technical-parameters-of-the-fish-feed-production-machine\"><strong>Bal\u0131k yemi \u00fcretim makinesinin teknik parametreleri<\/strong><\/h2>    <figure class=\"wp-block-table\"><table><tbody><tr><td>Modeli<\/td><td>Kapasite<\/td><td>Ana g\u00fc\u00e7<\/td><td>Kesici g\u00fcc\u00fc<\/td><td>Besleme besleme g\u00fcc\u00fc<\/td><td>Vida \u00e7ap\u0131<\/td><td>Boyut<\/td><td>A\u011f\u0131rl\u0131k<\/td><\/tr><tr><td>DGP-40<\/td><td>40-50kg\/saat<\/td><td>7,5kW<\/td><td>0,4kW<\/td><td>0,4kW<\/td><td>40mm<\/td><td>1260*860*1250mm<\/td><td>290kg<\/td><\/tr><tr><td>DGP-60<\/td><td>150kg\/saat<\/td><td>15kW<\/td><td>0,4kW<\/td><td>0,4kW<\/td><td>60 mm<\/td><td>1450*950*1430mm<\/td><td>480kg<\/td><\/tr><tr><td>DGP-70<\/td><td>180-250kg\/saat<\/td><td>18,5kW<\/td><td>0,4kW<\/td><td>0,4kW<\/td><td>70mm<\/td><td>1600*1400*1450mm<\/td><td>600kg<\/td><\/tr><tr><td>DGP-80<\/td><td>300-350kg\/saat<\/td><td>22kW<\/td><td>0,4kW<\/td><td>0,4kW<\/td><td>80mm<\/td><td>1850*1470*1500m<\/td><td>800kg<\/td><\/tr><\/tbody><\/table><figcaption class=\"wp-element-caption\">Bal\u0131k yemi pelet makinesinin \u00f6zellikleri<\/figcaption><\/figure>    <p>Genel olarak, bal\u0131k g\u0131da pelet \u00fcretim hatt\u0131n\u0131n spesifik \u00e7\u0131k\u0131\u015f\u0131n\u0131 belirlemek, bal\u0131k g\u0131da pelet makinesinin \u00e7\u0131k\u0131\u015f\u0131n\u0131 se\u00e7mek ve daha sonra gereken sonraki e\u015fle\u015fen ekipmanlarla e\u015fle\u015fmek i\u00e7in bal\u0131k yemi ekstr\u00fcder makinesinin \u00e7\u0131k\u0131\u015f\u0131na dayanmaktad\u0131r.<\/p>    <h2 class=\"wp-block-heading\" id=\"h-successful-case-200-300kg-h-floating-fish-feed-production-process-to-cote-d-ivoire\"><strong><strong>Ba\u015far\u0131l\u0131 vaka: Fildi\u015fi Sahili'ne 200-300kg\/saat y\u00fczen bal\u0131k yemi \u00fcretim s\u00fcreci<\/strong><\/strong><\/h2>    <p>Bu m\u00fc\u015fteri y\u00fczen bal\u0131k mamas\u0131 makinesinin saatte 200-300 kg \u00fcretmesini istedi. \u0130htiya\u00e7lar\u0131na g\u00f6re, sat\u0131\u015f m\u00fcd\u00fcr\u00fcm\u00fcz ona kar\u015f\u0131l\u0131k gelen 80 tip makineyi tavsiye etti. Buna ek olarak, verimlili\u011fi art\u0131rmak i\u00e7in bir kurutucu, asans\u00f6r ve mikser istedi. <\/p>    <p>Sat\u0131\u015f m\u00fcd\u00fcr\u00fcm\u00fcz daha sonra gereksinimlerine ve finansal b\u00fct\u00e7esine g\u00f6re do\u011fru makineyi \u00f6nerdi. Sonunda bir mikser, iki kurutucu, iki asans\u00f6r ve bir bal\u0131k mamas\u0131 pelet de\u011firmeni sat\u0131n ald\u0131.<\/p>   <div class=\"wp-block-image\"> <figure class=\"aligncenter size-full\"><img loading=\"lazy\" decoding=\"async\" width=\"720\" height=\"350\" src=\"https:\/\/fishfoodmachinery.com\/wp-content\/uploads\/2022\/09\/200-300kg-per-hour-fish-feed-production-line.webp\" alt=\"Saatte 200-300kg bal\u0131k yem \u00fcretim hatt\u0131\" class=\"wp-image-100\" title=\"\" srcset=\"https:\/\/fishfoodmachinery.com\/wp-content\/uploads\/2022\/09\/200-300kg-per-hour-fish-feed-production-line.webp 720w, https:\/\/fishfoodmachinery.com\/wp-content\/uploads\/2022\/09\/200-300kg-per-hour-fish-feed-production-line-300x146.webp 300w\" sizes=\"auto, (max-width: 720px) 100vw, 720px\" \/><figcaption class=\"wp-element-caption\">Saatte 200-300kg bal\u0131k yem \u00fcretim hatt\u0131<\/figcaption><\/figure> <\/div>   <h2 class=\"wp-block-heading\"><strong>\u015eimdi bizimle ileti\u015fime ge\u00e7in!<\/strong><\/h2>    <p class=\"translation-block\">Y\u00fczen bal\u0131k yemi \u00fcretim hatt\u0131 ile ilgileniyorsan\u0131z, bizimle ileti\u015fime ge\u00e7in; bal\u0131k yemi yap\u0131m\u0131 i\u00e7in size en uygun \u00e7\u00f6z\u00fcm\u00fc sa\u011flayaca\u011f\u0131z!<\/p>","protected":false},"excerpt":{"rendered":"<p>Y\u00fczen bal\u0131k yemi \u00fcretim hatt\u0131, 40-350kg\/s kapasiteye sahip bal\u0131k, papa\u011fan, karides vb. \u0130\u00e7in pelet yapmak i\u00e7in eksiksiz bir bal\u0131k yemi i\u015fleme hatt\u0131d\u0131r.<\/p>","protected":false},"author":1,"featured_media":116,"parent":0,"template":"","tags":[12,24,13,11,10],"product-type":[7],"class_list":["post-49","product","type-product","status-publish","has-post-thumbnail","hentry","tag-dog-food-making-machine","tag-fish-feed","tag-fish-feed-extruder-machine","tag-floating-fish-feed-machine","tag-floating-fish-feed-production-line","product-type-production-line"],"_links":{"self":[{"href":"https:\/\/fishfoodmachinery.com\/tr\/wp-json\/wp\/v2\/product\/49","targetHints":{"allow":["GET"]}}],"collection":[{"href":"https:\/\/fishfoodmachinery.com\/tr\/wp-json\/wp\/v2\/product"}],"about":[{"href":"https:\/\/fishfoodmachinery.com\/tr\/wp-json\/wp\/v2\/types\/product"}],"author":[{"embeddable":true,"href":"https:\/\/fishfoodmachinery.com\/tr\/wp-json\/wp\/v2\/users\/1"}],"wp:featuredmedia":[{"embeddable":true,"href":"https:\/\/fishfoodmachinery.com\/tr\/wp-json\/wp\/v2\/media\/116"}],"wp:attachment":[{"href":"https:\/\/fishfoodmachinery.com\/tr\/wp-json\/wp\/v2\/media?parent=49"}],"wp:term":[{"taxonomy":"post_tag","embeddable":true,"href":"https:\/\/fishfoodmachinery.com\/tr\/wp-json\/wp\/v2\/tags?post=49"},{"taxonomy":"product-type","embeddable":true,"href":"https:\/\/fishfoodmachinery.com\/tr\/wp-json\/wp\/v2\/product-type?post=49"}],"curies":[{"name":"wp","href":"https:\/\/api.w.org\/{rel}","templated":true}]}}