{"id":515,"date":"2023-05-08T10:40:27","date_gmt":"2023-05-08T02:40:27","guid":{"rendered":"https:\/\/fishfoodmachinery.com\/?post_type=product&#038;p=515"},"modified":"2024-06-13T18:29:35","modified_gmt":"2024-06-13T10:29:35","slug":"fish-feed-processing-line","status":"publish","type":"product","link":"https:\/\/fishfoodmachinery.com\/tr\/product\/fish-feed-processing-line\/","title":{"rendered":"Yem pelet yap\u0131m\u0131 i\u00e7in b\u00fcy\u00fck bal\u0131k yemi i\u015fleme hatt\u0131"},"content":{"rendered":"<p class=\"translation-block\">Bu <strong>bal\u0131k yemi i\u015fleme hatt\u0131<\/strong> b\u00fcy\u00fck bal\u0131k yemi peleti \u00fcretimi i\u00e7in  saat ba\u015f\u0131na 180-600 kg \u00e7\u0131kt\u0131 ile tasarlanm\u0131\u015ft\u0131r.<\/p>    <figure class=\"wp-block-embed is-type-video is-provider-youtube wp-block-embed-youtube wp-embed-aspect-16-9 wp-has-aspect-ratio\"><div class=\"wp-block-embed__wrapper\"> <iframe loading=\"lazy\" title=\"B\u00fcy\u00fck y\u00fczen bal\u0131k yemi \u00fcretim hatt\u0131n\u0131n g\u00fcc\u00fc: Su \u00fcr\u00fcnleri yeti\u015ftiricili\u011fi i\u00e7in y\u00fcksek kaliteli bal\u0131k yem peleti!\" width=\"500\" height=\"281\" src=\"https:\/\/www.youtube.com\/embed\/yFO01XPddfc?start=32&#038;feature=oembed\" frameborder=\"0\" allow=\"accelerometer; autoplay; clipboard-write; encrypted-media; gyroscope; picture-in-picture; web-share\" referrerpolicy=\"strict-origin-when-cross-origin\" allowfullscreen><\/iframe> <\/div><figcaption class=\"wp-element-caption\">Bal\u0131k Yem Peleti Yap\u0131m Makine \u00c7izgisi Videosu<\/figcaption><\/figure>    <p>Bal\u0131k mamas\u0131 peletleri su \u00fcr\u00fcnleri yeti\u015ftiricili\u011fi s\u00fcreci i\u00e7in \u00f6nemli bir yemdir. Su \u00fcr\u00fcnleri yeti\u015ftiricili\u011fi end\u00fcstrisinin s\u00fcrekli geli\u015fimi ile bal\u0131k g\u0131da peletlerine olan talep de artmaktad\u0131r.<\/p>    <figure class=\"wp-block-gallery aligncenter has-nested-images columns-default is-cropped wp-block-gallery-2 is-layout-flex wp-block-gallery-is-layout-flex\"> <figure class=\"wp-block-image size-large\"><img loading=\"lazy\" decoding=\"async\" width=\"720\" height=\"540\" data-id=\"184\" src=\"https:\/\/fishfoodmachinery.com\/wp-content\/uploads\/2022\/09\/various-fish-feed-pellets.webp\" alt=\"\u00c7e\u015fitli Bal\u0131k Yem Petetleri\" class=\"wp-image-184\" title=\"\" srcset=\"https:\/\/fishfoodmachinery.com\/wp-content\/uploads\/2022\/09\/various-fish-feed-pellets.webp 720w, https:\/\/fishfoodmachinery.com\/wp-content\/uploads\/2022\/09\/various-fish-feed-pellets-300x225.webp 300w\" sizes=\"auto, (max-width: 720px) 100vw, 720px\" \/><figcaption class=\"wp-element-caption\">\u00c7e\u015fitli Bal\u0131k Yem Petetleri<\/figcaption><\/figure>    <figure class=\"wp-block-image size-large\"><img loading=\"lazy\" decoding=\"async\" width=\"540\" height=\"540\" data-id=\"402\" src=\"https:\/\/fishfoodmachinery.com\/wp-content\/uploads\/2023\/01\/floating-fish-pellets.webp\" alt=\"y\u00fczen bal\u0131k peletleri\" class=\"wp-image-402\" title=\"\" srcset=\"https:\/\/fishfoodmachinery.com\/wp-content\/uploads\/2023\/01\/floating-fish-pellets.webp 540w, https:\/\/fishfoodmachinery.com\/wp-content\/uploads\/2023\/01\/floating-fish-pellets-300x300.webp 300w, https:\/\/fishfoodmachinery.com\/wp-content\/uploads\/2023\/01\/floating-fish-pellets-150x150.webp 150w\" sizes=\"auto, (max-width: 540px) 100vw, 540px\" \/><figcaption class=\"wp-element-caption\">Y\u00fczen bal\u0131k peletleri<\/figcaption><\/figure> <\/figure>    <p>Piyasa talebini kar\u015f\u0131lamak i\u00e7in Bal\u0131k Yeme\u011fi \u0130\u015fleme Hatt\u0131 do\u011fdu. Bir dizi i\u015flem yoluyla farkl\u0131 t\u00fcrde besleme malzemeleri i\u015fleyebilir ve tedavi edebilir ve son olarak farkl\u0131 su \u00fcr\u00fcnleri yeti\u015ftiricili\u011fi hayvanlar\u0131 ve evcil hayvanlar i\u00e7in uygun y\u00fcksek kaliteli besleme peletleri \u00fcretebilir.<\/p>    <h2 class=\"wp-block-heading\"><strong>Y\u00fczen bal\u0131k yemi i\u015fleme hatt\u0131 nedir?<\/strong><\/h2>    <p>Bal\u0131k food pelet \u00fcretim hatt\u0131, bal\u0131k, karides, yenge\u00e7 ve bal\u0131\u011f\u0131 gibi su hayvanlar\u0131 i\u00e7in yem \u00fcretmek i\u00e7in \u00f6zel olarak kullan\u0131lan bir \u00fcretim hatt\u0131 ekipman\u0131d\u0131r.<\/p>   <div class=\"wp-block-image\"> <figure class=\"aligncenter size-full\"><img loading=\"lazy\" decoding=\"async\" width=\"720\" height=\"540\" src=\"https:\/\/fishfoodmachinery.com\/wp-content\/uploads\/2023\/05\/floating-fish-feed-processing-line.webp\" alt=\"Y\u00fczen bal\u0131k yemi i\u015fleme hatt\u0131\" class=\"wp-image-542\" title=\"\" srcset=\"https:\/\/fishfoodmachinery.com\/wp-content\/uploads\/2023\/05\/floating-fish-feed-processing-line.webp 720w, https:\/\/fishfoodmachinery.com\/wp-content\/uploads\/2023\/05\/floating-fish-feed-processing-line-300x225.webp 300w\" sizes=\"auto, (max-width: 720px) 100vw, 720px\" \/><figcaption class=\"wp-element-caption\">Y\u00fczen bal\u0131k yemi i\u015fleme hatt\u0131<\/figcaption><\/figure> <\/div>   <p>\u00c7e\u015fitli besleme malzemelerinin kar\u0131\u015ft\u0131r\u0131lmas\u0131, ezilmesi, mod\u00fclasyonu ve ekstr\u00fczyonu ile \u00e7e\u015fitli spesifikasyon ve \u015fekillerde yem peletleri \u00fcretir. Bile\u015fim, besleme peletlerinin boyutu ve \u015fekli gibi parametreleri ayarlayarak, farkl\u0131 su hayvanlar\u0131 i\u00e7in uygun y\u00fcksek kaliteli besleme peletleri \u00fcretilebilir.<\/p>    <p>Y\u00fczen bal\u0131k yemi i\u015fleme hatt\u0131n\u0131n uygulanmas\u0131, su \u00fcr\u00fcnleri yeti\u015ftiricili\u011fi end\u00fcstrisinin \u00fcretim verimlili\u011fini art\u0131rabilir, yem at\u0131klar\u0131n\u0131 azaltabilir ve su \u00fcr\u00fcnleri yeti\u015ftiricili\u011finin ekonomik faydalar\u0131n\u0131 art\u0131rabilir.<\/p>    <h2 class=\"wp-block-heading\"><strong>Bal\u0131k yem \u00fcretim hatt\u0131nda besleme peletleri yapmak i\u00e7in makine listesi<\/strong><\/h2>   <div class=\"wp-block-image\"> <figure class=\"aligncenter size-full\"><img loading=\"lazy\" decoding=\"async\" width=\"720\" height=\"370\" src=\"https:\/\/fishfoodmachinery.com\/wp-content\/uploads\/2023\/05\/hammer-mill.webp\" alt=\"\u00e7eki\u00e7 fabrikas\u0131\" class=\"wp-image-552\" title=\"\" srcset=\"https:\/\/fishfoodmachinery.com\/wp-content\/uploads\/2023\/05\/hammer-mill.webp 720w, https:\/\/fishfoodmachinery.com\/wp-content\/uploads\/2023\/05\/hammer-mill-300x154.webp 300w\" sizes=\"auto, (max-width: 720px) 100vw, 720px\" \/><figcaption class=\"wp-element-caption\">\u00e7eki\u00e7 fabrikas\u0131<\/figcaption><\/figure> <\/div>  <div class=\"wp-block-image\"> <figure class=\"aligncenter size-full\"><img loading=\"lazy\" decoding=\"async\" width=\"720\" height=\"370\" src=\"https:\/\/fishfoodmachinery.com\/wp-content\/uploads\/2023\/05\/mixer.webp\" alt=\"kar\u0131\u015ft\u0131r\u0131c\u0131\" class=\"wp-image-553\" title=\"\" srcset=\"https:\/\/fishfoodmachinery.com\/wp-content\/uploads\/2023\/05\/mixer.webp 720w, https:\/\/fishfoodmachinery.com\/wp-content\/uploads\/2023\/05\/mixer-300x154.webp 300w\" sizes=\"auto, (max-width: 720px) 100vw, 720px\" \/><figcaption class=\"wp-element-caption\">kar\u0131\u015ft\u0131r\u0131c\u0131<\/figcaption><\/figure> <\/div>  <div class=\"wp-block-image\"> <figure class=\"aligncenter size-full\"><img loading=\"lazy\" decoding=\"async\" width=\"720\" height=\"370\" src=\"https:\/\/fishfoodmachinery.com\/wp-content\/uploads\/2023\/05\/screw-conveyor.webp\" alt=\"vida konvey\u00f6r\" class=\"wp-image-554\" title=\"\" srcset=\"https:\/\/fishfoodmachinery.com\/wp-content\/uploads\/2023\/05\/screw-conveyor.webp 720w, https:\/\/fishfoodmachinery.com\/wp-content\/uploads\/2023\/05\/screw-conveyor-300x154.webp 300w\" sizes=\"auto, (max-width: 720px) 100vw, 720px\" \/><figcaption class=\"wp-element-caption\">vida konvey\u00f6r<\/figcaption><\/figure> <\/div>  <div class=\"wp-block-image\"> <figure class=\"aligncenter size-full\"><a href=\"https:\/\/fishfoodmachinery.com\/tr\/product\/floating-fish-feed-machine\/\"><img loading=\"lazy\" decoding=\"async\" width=\"720\" height=\"370\" src=\"https:\/\/fishfoodmachinery.com\/wp-content\/uploads\/2023\/05\/fish-feed-machine.webp\" alt=\"Bal\u0131k Yem Makinesi\" class=\"wp-image-555\" title=\"\" srcset=\"https:\/\/fishfoodmachinery.com\/wp-content\/uploads\/2023\/05\/fish-feed-machine.webp 720w, https:\/\/fishfoodmachinery.com\/wp-content\/uploads\/2023\/05\/fish-feed-machine-300x154.webp 300w\" sizes=\"auto, (max-width: 720px) 100vw, 720px\" \/><\/a><figcaption class=\"wp-element-caption\">Bal\u0131k Yem Makinesi<\/figcaption><\/figure> <\/div>  <div class=\"wp-block-image\"> <figure class=\"aligncenter size-full\"><img loading=\"lazy\" decoding=\"async\" width=\"720\" height=\"370\" src=\"https:\/\/fishfoodmachinery.com\/wp-content\/uploads\/2023\/05\/dryer-machine.webp\" alt=\"kurutma makinesi\" class=\"wp-image-556\" title=\"\" srcset=\"https:\/\/fishfoodmachinery.com\/wp-content\/uploads\/2023\/05\/dryer-machine.webp 720w, https:\/\/fishfoodmachinery.com\/wp-content\/uploads\/2023\/05\/dryer-machine-300x154.webp 300w\" sizes=\"auto, (max-width: 720px) 100vw, 720px\" \/><figcaption class=\"wp-element-caption\">kurutma makinesi<\/figcaption><\/figure> <\/div>  <div class=\"wp-block-image\"> <figure class=\"aligncenter size-full\"><img loading=\"lazy\" decoding=\"async\" width=\"720\" height=\"370\" src=\"https:\/\/fishfoodmachinery.com\/wp-content\/uploads\/2023\/05\/seasoning-machine.webp\" alt=\"baharat makinesi\" class=\"wp-image-557\" title=\"\" srcset=\"https:\/\/fishfoodmachinery.com\/wp-content\/uploads\/2023\/05\/seasoning-machine.webp 720w, https:\/\/fishfoodmachinery.com\/wp-content\/uploads\/2023\/05\/seasoning-machine-300x154.webp 300w\" sizes=\"auto, (max-width: 720px) 100vw, 720px\" \/><figcaption class=\"wp-element-caption\">baharat makinesi<\/figcaption><\/figure> <\/div>  <div class=\"wp-block-image\"> <figure class=\"aligncenter size-full\"><img loading=\"lazy\" decoding=\"async\" width=\"720\" height=\"370\" src=\"https:\/\/fishfoodmachinery.com\/wp-content\/uploads\/2023\/05\/package-machine.webp\" alt=\"paket makinesi\" class=\"wp-image-558\" title=\"\" srcset=\"https:\/\/fishfoodmachinery.com\/wp-content\/uploads\/2023\/05\/package-machine.webp 720w, https:\/\/fishfoodmachinery.com\/wp-content\/uploads\/2023\/05\/package-machine-300x154.webp 300w\" sizes=\"auto, (max-width: 720px) 100vw, 720px\" \/><figcaption class=\"wp-element-caption\">paket makinesi<\/figcaption><\/figure> <\/div>   <h2 class=\"wp-block-heading\"><strong>Bal\u0131k yemindeki hammaddeler nelerdir?<\/strong><\/h2>    <ul class=\"wp-block-list\"> <li><strong>Bitki bazl\u0131 hammaddeler<\/strong>: Soya yeme\u011fi, m\u0131s\u0131r, bu\u011fday, soya fasulyesi, pamuk tohumu yeme\u011fi vb. Gibi bu hammaddeler b\u00fcy\u00fck miktarda protein, karbonhidrat ve ya\u011f ve di\u011fer besinler i\u00e7erir.<\/li>    <li><strong>Hayvan Hammaddeleri<\/strong>: Bal\u0131k unu, karides yeme\u011fi, et ve kemik unu, vb. Bu hammaddeler y\u00fcksek kaliteli protein ve eser elementler ve di\u011fer besin maddeleri bak\u0131m\u0131ndan zengindir.<\/li>    <li><strong>Kar\u0131\u015f\u0131k hammaddeler<\/strong>: Soya fasulyesi keki, bal\u0131k yemi, deniz yosunu, protein tozu, amino asitler vb. Gibi bu hammaddeler, yemin besin de\u011ferini ve tad\u0131n\u0131 belirli bir dereceye kadar iyile\u015ftirebilir.<\/li>    <li><strong>Di\u011fer Hammaddeler<\/strong>: Maya tozu, vitaminler, mineraller, asitle\u015ftiriciler, enzimler vb. Gibi bu hammaddeler, yemin kalitesini ve tad\u0131n\u0131 art\u0131rmak ve ayr\u0131ca bal\u0131klar\u0131n ba\u011f\u0131\u015f\u0131kl\u0131\u011f\u0131n\u0131 ve sa\u011fl\u0131k seviyesini artt\u0131rmak i\u00e7in kullan\u0131labilir.<\/li> <\/ul>    <p>Ve bal\u0131k yeminde kullan\u0131lan \u00e7ok \u00e7e\u015fitli hammaddeler vard\u0131r ve farkl\u0131 t\u00fcrler ve oranlar, farkl\u0131 t\u00fcrlerin beslenme ihtiya\u00e7lar\u0131na ve bal\u0131klar\u0131n b\u00fcy\u00fcme a\u015famalar\u0131na g\u00f6re esnek bir \u015fekilde da\u011f\u0131t\u0131labilir.<\/p>    <h2 class=\"wp-block-heading\"><strong>Bal\u0131k yemlerini nas\u0131l i\u015flersiniz?<\/strong> &#8211; <strong>Bal\u0131k Yemleme \u0130\u015fleme Hatt\u0131 Prosed\u00fcrleri<\/strong><\/h2>    <ul class=\"wp-block-list\"> <li>Hammadde Ezme: Hammadde ezilecek, tek tip boyutta hammadde par\u00e7ac\u0131klar\u0131 ve i\u015fleme kolay takip edilecektir.<\/li>    <li>Hammadde Kar\u0131\u015ft\u0131rma: Yemin beslenme dengesini sa\u011flamak i\u00e7in belirli bir form\u00fcl yapmak i\u00e7in farkl\u0131 hammaddeleri belirli bir orana g\u00f6re kar\u0131\u015ft\u0131r\u0131n.<\/li>    <li>Ekstr\u00fcde: Hammaddeler, belirli bir pelet \u015fekli olu\u015fturmak i\u00e7in kal\u0131plar ve silindirlerden olu\u015fur ve bas\u0131l\u0131r.<\/li>    <li>Kurutma ve So\u011futma: \u015eekillendirilmi\u015f bal\u0131k mamas\u0131 gran\u00fclleri kurutulur ve onlar\u0131 i\u00e7eride kuru hale getirmek ve d\u0131\u015far\u0131da yap\u0131\u015fmaz de\u011fildir.<\/li>    <li>Baharat Tedavisi: Bal\u0131k yemini daha lezzetli hale getirmeyi seven \u00e7e\u015fitli lezzetler ekleyin<\/li>    <li>Ambalaj ve Depolama: \u00dcretilen bal\u0131k g\u0131da peletleri paketlenir ve sat\u0131l\u0131k ve kullan\u0131m i\u00e7in saklan\u0131r.<\/li> <\/ul>    <h2 class=\"wp-block-heading\"><strong>Y\u00fczen bal\u0131k yemi i\u015fleme hatt\u0131n\u0131n uygulamalar\u0131<\/strong><\/h2>    <figure class=\"wp-block-gallery aligncenter has-nested-images columns-default is-cropped wp-block-gallery-3 is-layout-flex wp-block-gallery-is-layout-flex\"> <figure class=\"wp-block-image size-large\"><img loading=\"lazy\" decoding=\"async\" width=\"720\" height=\"540\" data-id=\"544\" src=\"https:\/\/fishfoodmachinery.com\/wp-content\/uploads\/2023\/05\/applications-of-the-fish-feed-processing-line.webp\" alt=\"Bal\u0131k yemi i\u015fleme hatt\u0131n\u0131n uygulamalar\u0131\" class=\"wp-image-544\" title=\"\" srcset=\"https:\/\/fishfoodmachinery.com\/wp-content\/uploads\/2023\/05\/applications-of-the-fish-feed-processing-line.webp 720w, https:\/\/fishfoodmachinery.com\/wp-content\/uploads\/2023\/05\/applications-of-the-fish-feed-processing-line-300x225.webp 300w\" sizes=\"auto, (max-width: 720px) 100vw, 720px\" \/><figcaption class=\"wp-element-caption\">Bal\u0131k yemi i\u015fleme hatt\u0131n\u0131n uygulamalar\u0131<\/figcaption><\/figure>    <figure class=\"wp-block-image size-large\"><img loading=\"lazy\" decoding=\"async\" width=\"720\" height=\"540\" data-id=\"545\" src=\"https:\/\/fishfoodmachinery.com\/wp-content\/uploads\/2023\/05\/feed-pellets.webp\" alt=\"besleme peletleri\" class=\"wp-image-545\" title=\"\" srcset=\"https:\/\/fishfoodmachinery.com\/wp-content\/uploads\/2023\/05\/feed-pellets.webp 720w, https:\/\/fishfoodmachinery.com\/wp-content\/uploads\/2023\/05\/feed-pellets-300x225.webp 300w\" sizes=\"auto, (max-width: 720px) 100vw, 720px\" \/><figcaption class=\"wp-element-caption\">Besleme peletleri<\/figcaption><\/figure> <\/figure>    <ul class=\"wp-block-list\"> <li>Bal\u0131k \u00c7ift\u00e7ili\u011fi: Tatl\u0131 su ve deniz suyu bal\u0131klar\u0131 gibi bir\u00e7ok bal\u0131k t\u00fcr\u00fcn\u00fcn tar\u0131m\u0131na uygulanabilir.<\/li>    <li>Karides yeti\u015ftirme: \u0131stakoz, karides, karides ve di\u011fer karides t\u00fcrleri.<\/li>    <li>Yenge\u00e7 \u00c7ift\u00e7ili\u011fi: K\u0131ll\u0131 Yenge\u00e7ler, Nehir Yenge\u00e7leri ve Di\u011fer Yenge\u00e7ler.<\/li>    <li>Snapper Farming: Snappers, kaplumba\u011falar ve di\u011fer bir\u00e7ok s\u00fcr\u00fcngen.<\/li>    <li>Di\u011fer sucul hayvan \u00e7ift\u00e7ili\u011fi: istiridye, istiridye, deniz salatal\u0131klar\u0131 ve di\u011fer bir\u00e7ok su hayvan.<\/li>    <li>Evcil hayvan \u00e7ift\u00e7ili\u011fi: k\u00f6pekler, kediler, ku\u015flar, papa\u011fanlar, vb.<\/li> <\/ul>    <h2 class=\"wp-block-heading\"><strong>Bal\u0131k yemi i\u015fleme hatt\u0131n\u0131 kullanman\u0131n avantajlar\u0131 <\/strong><\/h2>   <div class=\"wp-block-image\"> <figure class=\"aligncenter size-full\"><img loading=\"lazy\" decoding=\"async\" width=\"720\" height=\"540\" src=\"https:\/\/fishfoodmachinery.com\/wp-content\/uploads\/2023\/05\/large-capacity-fish-feed-processing-line.webp\" alt=\"B\u00fcy\u00fck kapasiteli bal\u0131k besleme i\u015fleme hatt\u0131\" class=\"wp-image-549\" title=\"\" srcset=\"https:\/\/fishfoodmachinery.com\/wp-content\/uploads\/2023\/05\/large-capacity-fish-feed-processing-line.webp 720w, https:\/\/fishfoodmachinery.com\/wp-content\/uploads\/2023\/05\/large-capacity-fish-feed-processing-line-300x225.webp 300w\" sizes=\"auto, (max-width: 720px) 100vw, 720px\" \/><figcaption class=\"wp-element-caption\">B\u00fcy\u00fck kapasiteli bal\u0131k besleme i\u015fleme hatt\u0131<\/figcaption><\/figure> <\/div>   <ol class=\"wp-block-list\"> <li>Y\u00fczen bal\u0131k besleme i\u015fleme hatt\u0131 taraf\u0131ndan \u00fcretilen yem peletleri, bal\u0131klar\u0131n beslenmesine ve sindirilmesine ve emilimine elveri\u015fli olan d\u00fczenli \u015fekil ve d\u00fczg\u00fcn boyuttad\u0131r.<\/li>    <li>Yem peletleri, bal\u0131klar\u0131n i\u015ftah\u0131n\u0131 ve b\u00fcy\u00fcme oran\u0131n\u0131 iyile\u015ftirmeye elveri\u015fli olan iyi bir tada ve dengeli dokuya sahiptir.<\/li>    <li>Taraf\u0131ndan \u00fcretilen besleme peletleri <a href=\"https:\/\/taizyagromachine.com\/product\/fish-feed-extruder\/\" target=\"_blank\" rel=\"noreferrer noopener\">Y\u00fczen Bal\u0131k Yem Makinesi<\/a> Farkl\u0131 t\u00fcrlerin beslenme ihtiya\u00e7lar\u0131n\u0131 ve bal\u0131klar\u0131n b\u00fcy\u00fcme a\u015famalar\u0131n\u0131 kar\u015f\u0131layabilen dengeli bir beslenme kompozisyonuna sahip olun.<\/li>    <li>Y\u00fcksek \u00fcretim verimlili\u011fi, otomatik \u00fcretimi ger\u00e7ekle\u015ftirebilir, \u00fcretim verimlili\u011fini art\u0131rabilir ve \u00fcretim maliyetlerini azaltabilir.<\/li>    <li>Farkl\u0131 bal\u0131klar\u0131n beslenme ihtiya\u00e7lar\u0131n\u0131 kar\u015f\u0131layabilen \u00e7e\u015fitli spesifikasyon ve \u015fekillerde yem peletleri \u00fcretebilir.<\/li>    <li>Yem peletleri sa\u011flam bir \u015fekilde olu\u015fur ve yem at\u0131klar\u0131n\u0131 ve su kirlili\u011fini azaltabilen iyi su direncine sahiptir.<\/li> <\/ol>    <h2 class=\"wp-block-heading\"><strong>Ba\u015far\u0131l\u0131 Vaka: 300-350kg\/s Y\u00fczen Bal\u0131k Yem Pelet \u00dcretim Hatt\u0131 Hindistan'a sat\u0131ld\u0131<\/strong><\/h2>    <p>Hindistan'dan bir tedarik\u00e7i, yerel pazar talebini kar\u015f\u0131lamak i\u00e7in y\u00fcksek kaliteli bal\u0131k peletleri \u00fcretmek i\u00e7in 300-350 kg\/s bal\u0131k yemi i\u015fleme hatt\u0131 sat\u0131n ald\u0131. <\/p>    <p>Hat, y\u00fcksek yo\u011funluklu ve y\u00fcksek verimli \u00fcretim gereksinimlerini kar\u015f\u0131lamak i\u00e7in dikkatle tasarlanm\u0131\u015f ve \u00fcretilmi\u015ftir. <\/p>    <p>M\u00fc\u015fteri, hatt\u0131n kalitesini ve istikrar\u0131n\u0131 takdir etti ve ayr\u0131ca yerel pazar\u0131 birlikte geli\u015ftirmek i\u00e7in bizimle i\u015fbirli\u011fi yapmaya devam edeceklerini ifade etti.<\/p>    <figure class=\"wp-block-gallery aligncenter has-nested-images columns-default is-cropped wp-block-gallery-4 is-layout-flex wp-block-gallery-is-layout-flex\"> <figure class=\"wp-block-image size-large\"><img loading=\"lazy\" decoding=\"async\" width=\"600\" height=\"540\" data-id=\"547\" src=\"https:\/\/fishfoodmachinery.com\/wp-content\/uploads\/2023\/05\/fish-feed-pellet-machine-for-sale.webp\" alt=\"Sat\u0131l\u0131k bal\u0131k yem pelet makinesi\" class=\"wp-image-547\" title=\"\" srcset=\"https:\/\/fishfoodmachinery.com\/wp-content\/uploads\/2023\/05\/fish-feed-pellet-machine-for-sale.webp 600w, https:\/\/fishfoodmachinery.com\/wp-content\/uploads\/2023\/05\/fish-feed-pellet-machine-for-sale-300x270.webp 300w\" sizes=\"auto, (max-width: 600px) 100vw, 600px\" \/><figcaption class=\"wp-element-caption\">Sat\u0131l\u0131k bal\u0131k yem pelet makinesi<\/figcaption><\/figure>    <figure class=\"wp-block-image size-large\"><img loading=\"lazy\" decoding=\"async\" width=\"600\" height=\"540\" data-id=\"548\" src=\"https:\/\/fishfoodmachinery.com\/wp-content\/uploads\/2023\/05\/package-and-shipping.webp\" alt=\"paketleme ve sevkiyat\" class=\"wp-image-548\" title=\"\" srcset=\"https:\/\/fishfoodmachinery.com\/wp-content\/uploads\/2023\/05\/package-and-shipping.webp 600w, https:\/\/fishfoodmachinery.com\/wp-content\/uploads\/2023\/05\/package-and-shipping-300x270.webp 300w\" sizes=\"auto, (max-width: 600px) 100vw, 600px\" \/><figcaption class=\"wp-element-caption\">Paket ve Nakliye<\/figcaption><\/figure> <\/figure>","protected":false},"excerpt":{"rendered":"<p>Bal\u0131k yemi i\u015fleme hatt\u0131, m\u0131s\u0131r unu, pirin\u00e7 kepe\u011fi vb. <\/p>","protected":false},"author":1,"featured_media":518,"parent":0,"template":"","tags":[24],"product-type":[7],"class_list":["post-515","product","type-product","status-publish","has-post-thumbnail","hentry","tag-fish-feed","product-type-production-line"],"_links":{"self":[{"href":"https:\/\/fishfoodmachinery.com\/tr\/wp-json\/wp\/v2\/product\/515","targetHints":{"allow":["GET"]}}],"collection":[{"href":"https:\/\/fishfoodmachinery.com\/tr\/wp-json\/wp\/v2\/product"}],"about":[{"href":"https:\/\/fishfoodmachinery.com\/tr\/wp-json\/wp\/v2\/types\/product"}],"author":[{"embeddable":true,"href":"https:\/\/fishfoodmachinery.com\/tr\/wp-json\/wp\/v2\/users\/1"}],"wp:featuredmedia":[{"embeddable":true,"href":"https:\/\/fishfoodmachinery.com\/tr\/wp-json\/wp\/v2\/media\/518"}],"wp:attachment":[{"href":"https:\/\/fishfoodmachinery.com\/tr\/wp-json\/wp\/v2\/media?parent=515"}],"wp:term":[{"taxonomy":"post_tag","embeddable":true,"href":"https:\/\/fishfoodmachinery.com\/tr\/wp-json\/wp\/v2\/tags?post=515"},{"taxonomy":"product-type","embeddable":true,"href":"https:\/\/fishfoodmachinery.com\/tr\/wp-json\/wp\/v2\/product-type?post=515"}],"curies":[{"name":"wp","href":"https:\/\/api.w.org\/{rel}","templated":true}]}}