{"id":61,"date":"2022-09-06T06:23:56","date_gmt":"2022-09-06T06:23:56","guid":{"rendered":"https:\/\/fishfoodmachinery.com\/?post_type=product&#038;p=61"},"modified":"2025-03-14T17:53:16","modified_gmt":"2025-03-14T09:53:16","slug":"dog-food-making-machine","status":"publish","type":"product","link":"https:\/\/fishfoodmachinery.com\/tr\/product\/dog-food-making-machine\/","title":{"rendered":"K\u00f6pek mamas\u0131 yapma makinesi | evcil hayvan yemi makinesi"},"content":{"rendered":"<p>Bu k\u00f6pek mamas\u0131 yap\u0131m makinesi, kediler, k\u00f6pekler, kaplumba\u011falar, papa\u011fanlar vb. Bu k\u00f6pek mamas\u0131 makinesi, evcil hayvanlar i\u00e7in \u00e7ok \u00e7ekici olan \u00e7e\u015fitli tuhaf \u015fekilli evcil hayvanlar \u00fcretebilir. Ek olarak, \u00fcretilen yem, hayvanlar\u0131n b\u00fcy\u00fcmesi i\u00e7in faydal\u0131 olan besin de\u011feri bak\u0131m\u0131ndan zengindir. Bu t\u00fcr bir makineyle ilgileniyorsan\u0131z, bizimle ileti\u015fime ge\u00e7meye ho\u015f geldiniz!<\/p>    <figure class=\"wp-block-embed is-type-video is-provider-youtube wp-block-embed-youtube wp-embed-aspect-16-9 wp-has-aspect-ratio\"><div class=\"wp-block-embed__wrapper\"> <iframe loading=\"lazy\" title=\"Y\u00fcksek kaliteli evcil hayvan mamas\u0131 \u00fcretimi | \u00c7in&#039;den k\u00f6pek ve kedi mamas\u0131 yap\u0131m\u0131 i\u00e7in bal\u0131k yemi pelet makinesi\" width=\"500\" height=\"281\" src=\"https:\/\/www.youtube.com\/embed\/Fl3OMKCRPe0?feature=oembed\" frameborder=\"0\" allow=\"accelerometer; autoplay; clipboard-write; encrypted-media; gyroscope; picture-in-picture; web-share\" referrerpolicy=\"strict-origin-when-cross-origin\" allowfullscreen><\/iframe> <\/div><figcaption class=\"wp-element-caption\">evcil hayvan yemek makinesi<\/figcaption><\/figure>    <h2 class=\"wp-block-heading\" id=\"h-advantages-of-the-dog-food-making-machine\"><strong>K\u00f6pek mamas\u0131 yap\u0131m makinesinin avantajlar\u0131<\/strong><strong><\/strong><\/h2>    <ol class=\"wp-block-list\"> <li>\u00c7ok \u00e7e\u015fitli uygulamalar. Otomatik k\u00f6pek mamas\u0131 makinesi, k\u00f6pek, kedi, kaplumba\u011fa, papa\u011fan, bal\u0131k vb. \u0130\u00e7in yem peletleri \u00fcretebilir.<\/li>    <li>\u00c7e\u015fitli kapasiteler. Sat\u0131l\u0131k bu evcil hayvan mamas\u0131 ekstr\u00fcder saatte 40kg ile saatte 350kg aras\u0131nda de\u011fi\u015fen bir kapasiteye sahiptir. Tabii ki, daha b\u00fcy\u00fck bir kapasite istiyorsan\u0131z, k\u00f6pek mamas\u0131 \u00fcretim ekipman\u0131 da sa\u011flayabiliriz.<\/li>    <li>Zengin besleme peletleri \u015fekilleri. . <a href=\"https:\/\/fishfoodmachinery.com\/tr\/product\/floating-fish-feed-machine\/\" target=\"_blank\" rel=\"noreferrer noopener\">k\u00f6pek mamas\u0131 ekstr\u00fcder<\/a> \u00c7ekici ve g\u00fczel yem \u015fekilleri \u00fcretmek i\u00e7in farkl\u0131 modellere sahiptir.<\/li>    <li>Hayvanlar\u0131n tad\u0131na uyan yemler \u00fcretin. Bu k\u00f6pek mamas\u0131 \u00fcreticisi, hayvan yeminin tad\u0131 ile daha uyumlu olan bu t\u00fcr yemleri \u00fcretebilir.<\/li> <\/ol>   <div class=\"wp-block-image\"> <figure class=\"aligncenter size-full\"><img loading=\"lazy\" decoding=\"async\" width=\"720\" height=\"540\" src=\"https:\/\/fishfoodmachinery.com\/wp-content\/uploads\/2022\/09\/feed-pellet-machine-in-stock.webp\" alt=\"Stokta Pilet Makinesi Besleme\" class=\"wp-image-129\" title=\"\" srcset=\"https:\/\/fishfoodmachinery.com\/wp-content\/uploads\/2022\/09\/feed-pellet-machine-in-stock.webp 720w, https:\/\/fishfoodmachinery.com\/wp-content\/uploads\/2022\/09\/feed-pellet-machine-in-stock-300x225.webp 300w\" sizes=\"auto, (max-width: 720px) 100vw, 720px\" \/><figcaption class=\"wp-element-caption\">Stokta Pilet Makinesi Besleme<\/figcaption><\/figure> <\/div>   <h2 class=\"wp-block-heading\" id=\"h-why-produce-dog-food\"><strong>Neden k\u00f6pek mamas\u0131 \u00fcretmelisiniz?<\/strong><\/h2>    <p>\u00c7\u00fcnk\u00fc k\u00f6pek mamas\u0131 yap\u0131m makinesi taraf\u0131ndan \u00fcretilen k\u00f6pek mamas\u0131n\u0131n bir\u00e7ok avantaj\u0131 vard\u0131r.<\/p>    <ol class=\"wp-block-list\"> <li>K\u00f6pek mamas\u0131, k\u00f6peklerin ba\u011f\u0131\u015f\u0131kl\u0131\u011f\u0131n\u0131 art\u0131rmak i\u00e7in besin maddeleri i\u00e7erir, k\u00f6pe\u011fin hastal\u0131klara kar\u015f\u0131 diren\u00e7 yetene\u011fini b\u00fcy\u00fck \u00f6l\u00e7\u00fcde art\u0131rabilir, hastalanma olas\u0131l\u0131\u011f\u0131n\u0131 azalt\u0131r ve k\u00f6pe\u011fin ya\u015fam s\u00fcresini uzat\u0131r.<\/li>    <li>K\u00f6pek mamas\u0131 d\u00fc\u015f\u00fck bir nem i\u00e7eri\u011fine sahiptir, saklanmas\u0131 kolay, avantajlar\u0131 bozmas\u0131 kolay de\u011fildir. Bu, evcil hayvanlar\u0131n g\u0131da g\u00fcvenli\u011fini sa\u011flayabilir, evcil hayvanlardan ka\u00e7\u0131nabilir, \u00e7\u00fcnk\u00fc \u00e7e\u015fitli hastal\u0131klar\u0131n neden oldu\u011fu s\u00fcresi dolmu\u015f, k\u00fcfl\u00fc, \u015f\u0131mar\u0131k yiyeceklerin toplanmas\u0131.<\/li>    <li>\u00c7e\u015fitli k\u00f6pek mamas\u0131 ambalaj \u00f6zellikleri, kullan\u0131m\u0131 basit, ta\u015f\u0131mas\u0131 kolay, farkl\u0131 ortamlarda bulu\u015fabilir, evcil hayvan\u0131n en iyi yiyecekleri yemesine izin verebilir.<\/li> <\/ol>   <div class=\"wp-block-image\"> <figure class=\"aligncenter size-full\"><img loading=\"lazy\" decoding=\"async\" width=\"720\" height=\"200\" src=\"https:\/\/fishfoodmachinery.com\/wp-content\/uploads\/2022\/09\/pet-food-products.webp\" alt=\"evcil hayvan g\u0131da \u00fcr\u00fcnleri\" class=\"wp-image-124\" title=\"\" srcset=\"https:\/\/fishfoodmachinery.com\/wp-content\/uploads\/2022\/09\/pet-food-products.webp 720w, https:\/\/fishfoodmachinery.com\/wp-content\/uploads\/2022\/09\/pet-food-products-300x83.webp 300w\" sizes=\"auto, (max-width: 720px) 100vw, 720px\" \/><figcaption class=\"wp-element-caption\">evcil hayvan g\u0131da \u00fcr\u00fcnleri<\/figcaption><\/figure> <\/div>   <h2 class=\"wp-block-heading\" id=\"h-taizy-machinery-the-top-choice-for-dog-food-making-machine\"><strong>Taizy Machinery-K\u00f6pek Mamas\u0131 Yap\u0131m Makinesi i\u00e7in En \u0130yi Se\u00e7im<\/strong><strong><\/strong><\/h2>    <ul class=\"wp-block-list\"> <li>\u00dcretim ve sat\u0131\u015flarla entegre. Taizy Company, yem pelet end\u00fcstrisinde daha profesyonel olan \u00fcretim ve ticaret i\u015fine sahiptir.<\/li>    <li>Rekabet\u00e7i fiyat. \u00c7\u00fcnk\u00fc kendi fabrikam\u0131z var ve ayr\u0131ca makine kalitesine dikkat ediyoruz. Kedi mamas\u0131 yap\u0131m makinesi fiyat avantajlar\u0131 vard\u0131r. Di\u011fer \u015firketlerle kar\u015f\u0131la\u015ft\u0131r\u0131ld\u0131\u011f\u0131nda, k\u00f6pek mamas\u0131 yapmak i\u00e7in Taizy Machine ucuz bir fiyata ve kaliteli.<\/li>    <li>Bir y\u0131ll\u0131k garanti s\u00fcresi. Evcil hayvan g\u0131da i\u015fleme makinelerini sat\u0131n ald\u0131ktan sonra, bir y\u0131ll\u0131k garanti s\u00fcreniz olacakt\u0131r.<\/li>    <li>Destek hizmeti. Ayr\u0131ca \u00e7evrimi\u00e7i hizmet, video deste\u011fi, makine k\u0131lavuzu vb.<\/li> <\/ul>    <h2 class=\"wp-block-heading\" id=\"h-successful-case-the-dog-food-machine-for-sale-to-angola\"><strong>Ba\u015far\u0131l\u0131 Vaka: <a href=\"https:\/\/taizyagromachine.com\/info\/dog-food-making-machine-sold-to-angola\/?swcfpc=1\" target=\"_blank\" rel=\"noreferrer noopener\">Angola'ya sat\u0131lacak k\u00f6pek mamas\u0131 makinesi<\/a><\/strong><\/h2>    <p>Angola m\u00fc\u015fterisi k\u00f6pek mamas\u0131 \u00fcretim makinesini sordu. \u00c7\u00fcnk\u00fc \u00e7e\u015fitli evcil hayvan yiyecekleri satmak i\u00e7in bir yem pelet tesisi var. Sat\u0131\u015f m\u00fcd\u00fcr\u00fcm\u00fcz Pet Food Pelet Machine Detailly'yi tan\u0131tt\u0131 ve ilgili makine bilgilerini g\u00f6nderdi. Angola m\u00fc\u015fterisi, model, g\u00fc\u00e7 vb. Gibi baz\u0131 makine detaylar\u0131n\u0131 istedi. T\u00fcm ayr\u0131nt\u0131lar\u0131 do\u011frulad\u0131ktan sonra anla\u015fmay\u0131 imzalad\u0131k.<\/p>   <div class=\"wp-block-image\"> <figure class=\"aligncenter size-full\"><img loading=\"lazy\" decoding=\"async\" width=\"720\" height=\"540\" src=\"https:\/\/fishfoodmachinery.com\/wp-content\/uploads\/2022\/09\/pet-food-machine-package.webp\" alt=\"Pet Food Machine Paketi\" class=\"wp-image-132\" title=\"\" srcset=\"https:\/\/fishfoodmachinery.com\/wp-content\/uploads\/2022\/09\/pet-food-machine-package.webp 720w, https:\/\/fishfoodmachinery.com\/wp-content\/uploads\/2022\/09\/pet-food-machine-package-300x225.webp 300w\" sizes=\"auto, (max-width: 720px) 100vw, 720px\" \/><figcaption class=\"wp-element-caption\">Pet Food Machine Paketi<\/figcaption><\/figure> <\/div>   <h2 class=\"wp-block-heading\" id=\"h-technical-parameters-of-commercial-dog-good-making-machine\"><strong>Ticari K\u00f6pek \u0130yi Yap\u0131m Makinesinin Teknik Parametreleri<\/strong><strong><\/strong><\/h2>    <figure class=\"wp-block-table\"><table><tbody><tr><td>Modeli<\/td><td>Kapasite<\/td><td>Ana g\u00fc\u00e7<\/td><td>Kesici g\u00fcc\u00fc<\/td><td>Besleme besleme g\u00fcc\u00fc<\/td><td>Vida \u00e7ap\u0131<\/td><td>Boyut<\/td><td>A\u011f\u0131rl\u0131k<\/td><\/tr><tr><td>DGP-40<\/td><td>40-50kg\/saat<\/td><td>7,5kW<\/td><td>0,4kW<\/td><td>0,4kW<\/td><td>40mm<\/td><td>1260*860*1250mm<\/td><td>290kg<\/td><\/tr><tr><td>DGP-60<\/td><td>150kg\/saat<\/td><td>15kW<\/td><td>0,4kW<\/td><td>0,4kW<\/td><td>60 mm<\/td><td>1450*950*1430mm<\/td><td>480kg<\/td><\/tr><tr><td>DGP-70<\/td><td>180-250kg\/saat<\/td><td>18,5kW<\/td><td>0,4kW<\/td><td>0,4kW<\/td><td>70mm<\/td><td>1600*1400*1450mm<\/td><td>600kg<\/td><\/tr><tr><td>DGP-80<\/td><td>300-350kg\/saat<\/td><td>22kW<\/td><td>0,4kW<\/td><td>0,4kW<\/td><td>80mm<\/td><td>1850*1470*1500m<\/td><td>800kg<\/td><\/tr><\/tbody><\/table><figcaption class=\"wp-element-caption\">K\u00f6pek ve kedi mamas\u0131 yap\u0131m makinesi verileri<\/figcaption><\/figure>    <h2 class=\"wp-block-heading\"><strong>K\u00f6pek mamas\u0131 yap\u0131m makinesinin \u00e7al\u0131\u015fma videosu<\/strong><\/h2>    <figure class=\"wp-block-embed is-type-video is-provider-youtube wp-block-embed-youtube wp-embed-aspect-16-9 wp-has-aspect-ratio\"><div class=\"wp-block-embed__wrapper\"> <iframe loading=\"lazy\" title=\"K\u00f6pek Mamas\u0131 Yap\u0131m Makinesi | Kuru evcil hayvan g\u0131da i\u015fleme makinesi | Bal\u0131k Yem Pelet Makinesi #petfood\" width=\"500\" height=\"281\" src=\"https:\/\/www.youtube.com\/embed\/mtaRugKvzg0?feature=oembed\" frameborder=\"0\" allow=\"accelerometer; autoplay; clipboard-write; encrypted-media; gyroscope; picture-in-picture; web-share\" referrerpolicy=\"strict-origin-when-cross-origin\" allowfullscreen><\/iframe> <\/div><figcaption class=\"wp-element-caption\">K\u00f6pek Mamas\u0131 Yap\u0131m Makinesi<\/figcaption><\/figure>","protected":false},"excerpt":{"rendered":"<p>This dog food making machine is used to produce feed for various pets, such as cats, dogs, turtles, parrots, etc. The pet food machine has various capacities and can be equipped with the corresponding feed pellet production line. This dog food machine can produce various kinds of peculiar-shaped pet food, which is very attractive for [&hellip;]<\/p>\n","protected":false},"author":1,"featured_media":126,"parent":0,"template":"","tags":[24,13,11,17],"product-type":[8],"class_list":["post-61","product","type-product","status-publish","has-post-thumbnail","hentry","tag-fish-feed","tag-fish-feed-extruder-machine","tag-floating-fish-feed-machine","tag-new-type-fish-feed-extruder-machine","product-type-fish-feed-pellet-machine"],"_links":{"self":[{"href":"https:\/\/fishfoodmachinery.com\/tr\/wp-json\/wp\/v2\/product\/61","targetHints":{"allow":["GET"]}}],"collection":[{"href":"https:\/\/fishfoodmachinery.com\/tr\/wp-json\/wp\/v2\/product"}],"about":[{"href":"https:\/\/fishfoodmachinery.com\/tr\/wp-json\/wp\/v2\/types\/product"}],"author":[{"embeddable":true,"href":"https:\/\/fishfoodmachinery.com\/tr\/wp-json\/wp\/v2\/users\/1"}],"wp:featuredmedia":[{"embeddable":true,"href":"https:\/\/fishfoodmachinery.com\/tr\/wp-json\/wp\/v2\/media\/126"}],"wp:attachment":[{"href":"https:\/\/fishfoodmachinery.com\/tr\/wp-json\/wp\/v2\/media?parent=61"}],"wp:term":[{"taxonomy":"post_tag","embeddable":true,"href":"https:\/\/fishfoodmachinery.com\/tr\/wp-json\/wp\/v2\/tags?post=61"},{"taxonomy":"product-type","embeddable":true,"href":"https:\/\/fishfoodmachinery.com\/tr\/wp-json\/wp\/v2\/product-type?post=61"}],"curies":[{"name":"wp","href":"https:\/\/api.w.org\/{rel}","templated":true}]}}