{"id":63,"date":"2022-09-06T06:27:36","date_gmt":"2022-09-06T06:27:36","guid":{"rendered":"https:\/\/fishfoodmachinery.com\/?post_type=product&#038;p=63"},"modified":"2024-06-11T16:55:30","modified_gmt":"2024-06-11T08:55:30","slug":"animal-feed-pellet-machine-for-sale","status":"publish","type":"product","link":"https:\/\/fishfoodmachinery.com\/tr\/product\/animal-feed-pellet-machine-for-sale\/","title":{"rendered":"Tavuk, s\u0131\u011f\u0131r, koyun, \u00f6rdek, tav\u015fan i\u00e7in hayvan yemi pelet makinesi"},"content":{"rendered":"<p class=\"translation-block\"><strong>Hayvan yemi pelet makinesi<\/strong>, d\u00fcz kal\u0131p pelet presi, yem pelet makinesi olarak da bilinir, esas olarak s\u0131\u011f\u0131r, tav\u015fan, domuz, tavuk, koyun gibi \u00e7e\u015fitli hayvan yemleri \u00fcretmek i\u00e7in kullan\u0131l\u0131r. <\/p>    <p>\u00dcretim kapasitesi saatte 120kg ile saatte 1200kg aras\u0131nda de\u011fi\u015fmektedir. Bu nedenle, fabrikan\u0131z\u0131n veya feedlot'unuzun b\u00fcy\u00fckl\u00fc\u011f\u00fc ne olursa olsun, s\u0131\u011f\u0131r yem pelet makinemiz her zaman ihtiya\u00e7lar\u0131n\u0131z\u0131 kar\u015f\u0131layacakt\u0131r.<\/p>    <p>Ayr\u0131ca, pelet ekipman\u0131m\u0131z\u0131n CE sertifikas\u0131 vard\u0131r. Ve genellikle toplu olarak sat\u0131l\u0131rlar. Bu t\u00fcr bir makineyle ilgileniyorsan\u0131z, bizimle ileti\u015fime ge\u00e7in\uff01<\/p>    <figure class=\"wp-block-embed is-type-video is-provider-youtube wp-block-embed-youtube wp-embed-aspect-16-9 wp-has-aspect-ratio\"><div class=\"wp-block-embed__wrapper\"> <iframe loading=\"lazy\" title=\"K\u00fcmes hayvanlar\u0131 beslemesi, s\u0131\u011f\u0131r yemi, tav\u015fan yem i\u00e7in s\u0131cak sat\u0131\u015f yem pelet fabrikas\u0131: hayvan yemi yap\u0131m makinesi\" width=\"500\" height=\"281\" src=\"https:\/\/www.youtube.com\/embed\/9AQQHeaSnsM?feature=oembed\" frameborder=\"0\" allow=\"accelerometer; autoplay; clipboard-write; encrypted-media; gyroscope; picture-in-picture; web-share\" referrerpolicy=\"strict-origin-when-cross-origin\" allowfullscreen><\/iframe> <\/div><figcaption class=\"wp-element-caption\">Hayvan Yem Pelet Makinesinin \u00c7al\u0131\u015fma Videosu<\/figcaption><\/figure>    <h2 class=\"wp-block-heading\" id=\"h-applications-of-the-animal-feed-pellets-making-machine\"><strong>Hayvan Yem Peletleri Yap\u0131m Makinesinin Uygulamalar\u0131<\/strong><strong><\/strong><\/h2>    <p class=\"translation-block\">Hayvan pelet makinesinin geni\u015f bir uygulama alan\u0131 vard\u0131r, hayvanlar i\u00e7in yem peletleri. Detaylar a\u015fa\u011f\u0131dad\u0131r:<\/p>   <div class=\"wp-block-image\"> <figure class=\"aligncenter size-full\"><img loading=\"lazy\" decoding=\"async\" width=\"750\" height=\"710\" src=\"https:\/\/fishfoodmachinery.com\/wp-content\/uploads\/2022\/09\/cattle-poultry-feed-pellets-making.webp\" alt=\"s\u0131\u011f\u0131r, k\u00fcmes hayvanlar\u0131 yem peletleri yap\u0131m\u0131\" class=\"wp-image-135\" title=\"\" srcset=\"https:\/\/fishfoodmachinery.com\/wp-content\/uploads\/2022\/09\/cattle-poultry-feed-pellets-making.webp 750w, https:\/\/fishfoodmachinery.com\/wp-content\/uploads\/2022\/09\/cattle-poultry-feed-pellets-making-300x284.webp 300w\" sizes=\"auto, (max-width: 750px) 100vw, 750px\" \/><figcaption class=\"wp-element-caption\">s\u0131\u011f\u0131r, k\u00fcmes hayvanlar\u0131 yem peletleri yap\u0131m\u0131<\/figcaption><\/figure> <\/div>   <h2 class=\"wp-block-heading\" id=\"h-commercial-animal-feed-pellet-machine-for-sale\"><strong>Sat\u0131l\u0131k ticari hayvan yem pelet makinesi<\/strong><strong><\/strong><\/h2>    <h3 class=\"wp-block-heading\" id=\"h-1st-type-electric-chicken-feed-pellet-machine\"><strong>1. T\u00fcr: Elektrikli Tavuk Yem Pelet Makinesi<\/strong><\/h3>    <figure class=\"wp-block-gallery aligncenter has-nested-images columns-default is-cropped wp-block-gallery-2 is-layout-flex wp-block-gallery-is-layout-flex\"> <figure class=\"wp-block-image size-large\"><img loading=\"lazy\" decoding=\"async\" width=\"720\" height=\"540\" data-id=\"137\" src=\"https:\/\/fishfoodmachinery.com\/wp-content\/uploads\/2022\/09\/electric-motor-chicken-feed-pellet-machine.webp\" alt=\"elektrikli motor tavuk yemi pelet makinesi\" class=\"wp-image-137\" title=\"\" srcset=\"https:\/\/fishfoodmachinery.com\/wp-content\/uploads\/2022\/09\/electric-motor-chicken-feed-pellet-machine.webp 720w, https:\/\/fishfoodmachinery.com\/wp-content\/uploads\/2022\/09\/electric-motor-chicken-feed-pellet-machine-300x225.webp 300w\" sizes=\"auto, (max-width: 720px) 100vw, 720px\" \/><figcaption class=\"wp-element-caption\">Elektrik Motorlu Tavuk Yem Pelet Makinesi<\/figcaption><\/figure>    <figure class=\"wp-block-image size-large\"><img loading=\"lazy\" decoding=\"async\" width=\"2560\" height=\"1920\" data-id=\"138\" src=\"https:\/\/fishfoodmachinery.com\/wp-content\/uploads\/2022\/09\/integrated-electric-poultry-feed-pellet-machine.webp\" alt=\"entegre elektrikli tavuk yemi pelet makinesi\" class=\"wp-image-138\" title=\"\" srcset=\"https:\/\/fishfoodmachinery.com\/wp-content\/uploads\/2022\/09\/integrated-electric-poultry-feed-pellet-machine.webp 2560w, https:\/\/fishfoodmachinery.com\/wp-content\/uploads\/2022\/09\/integrated-electric-poultry-feed-pellet-machine-300x225.webp 300w, https:\/\/fishfoodmachinery.com\/wp-content\/uploads\/2022\/09\/integrated-electric-poultry-feed-pellet-machine-1024x768.webp 1024w, https:\/\/fishfoodmachinery.com\/wp-content\/uploads\/2022\/09\/integrated-electric-poultry-feed-pellet-machine-768x576.webp 768w, https:\/\/fishfoodmachinery.com\/wp-content\/uploads\/2022\/09\/integrated-electric-poultry-feed-pellet-machine-1536x1152.webp 1536w, https:\/\/fishfoodmachinery.com\/wp-content\/uploads\/2022\/09\/integrated-electric-poultry-feed-pellet-machine-2048x1536.webp 2048w\" sizes=\"auto, (max-width: 2560px) 100vw, 2560px\" \/><figcaption class=\"wp-element-caption\">Entegre elektrikli k\u00fcmes hayvanlar\u0131 yem pelet makinesi<\/figcaption><\/figure> <\/figure>    <h3 class=\"wp-block-heading\" id=\"h-2nd-type-diesel-engine-rabbit-pellet-making-machine\"><strong>2. T\u00fcr: Dizel Motor Tav\u015fan Pelet Yap\u0131m Makinesi<\/strong><\/h3>   <div class=\"wp-block-image\"> <figure class=\"aligncenter size-full\"><img loading=\"lazy\" decoding=\"async\" width=\"720\" height=\"540\" src=\"https:\/\/fishfoodmachinery.com\/wp-content\/uploads\/2022\/09\/diesel-engine-feed-pellet-mill.webp\" alt=\"Dizel Motor Yem Pelet De\u011firmeni\" class=\"wp-image-140\" title=\"\" srcset=\"https:\/\/fishfoodmachinery.com\/wp-content\/uploads\/2022\/09\/diesel-engine-feed-pellet-mill.webp 720w, https:\/\/fishfoodmachinery.com\/wp-content\/uploads\/2022\/09\/diesel-engine-feed-pellet-mill-300x225.webp 300w\" sizes=\"auto, (max-width: 720px) 100vw, 720px\" \/><figcaption class=\"wp-element-caption\">Dizel Motor Yem Pelet De\u011firmeni<\/figcaption><\/figure> <\/div>   <h3 class=\"wp-block-heading\" id=\"h-3rd-type-gasoline-rabbit-pellet-making-machine\"><strong>3. T\u00fcr: Benzinli Tav\u015fan Pelet Yap\u0131m Makinesi<\/strong><\/h3>    <figure class=\"wp-block-gallery aligncenter has-nested-images columns-default is-cropped wp-block-gallery-3 is-layout-flex wp-block-gallery-is-layout-flex\"> <figure class=\"wp-block-image size-large\"><img loading=\"lazy\" decoding=\"async\" width=\"720\" height=\"540\" data-id=\"141\" src=\"https:\/\/fishfoodmachinery.com\/wp-content\/uploads\/2022\/09\/gasoline-engine-feed-pellet-mill.webp\" alt=\"benzinli motor yem pelet de\u011firmeni\" class=\"wp-image-141\" title=\"\" srcset=\"https:\/\/fishfoodmachinery.com\/wp-content\/uploads\/2022\/09\/gasoline-engine-feed-pellet-mill.webp 720w, https:\/\/fishfoodmachinery.com\/wp-content\/uploads\/2022\/09\/gasoline-engine-feed-pellet-mill-300x225.webp 300w\" sizes=\"auto, (max-width: 720px) 100vw, 720px\" \/><figcaption class=\"wp-element-caption\">Benzinli Motor Yem Pelet de\u011firmeni<\/figcaption><\/figure>    <figure class=\"wp-block-image size-large\"><img loading=\"lazy\" decoding=\"async\" width=\"720\" height=\"540\" data-id=\"142\" src=\"https:\/\/fishfoodmachinery.com\/wp-content\/uploads\/2022\/09\/gasoline-engine-flat-die-pellet-mill.webp\" alt=\"benzinli motor d\u00fcz kal\u0131p pelet de\u011firmeni\" class=\"wp-image-142\" title=\"\" srcset=\"https:\/\/fishfoodmachinery.com\/wp-content\/uploads\/2022\/09\/gasoline-engine-flat-die-pellet-mill.webp 720w, https:\/\/fishfoodmachinery.com\/wp-content\/uploads\/2022\/09\/gasoline-engine-flat-die-pellet-mill-300x225.webp 300w\" sizes=\"auto, (max-width: 720px) 100vw, 720px\" \/><figcaption class=\"wp-element-caption\">Benzinli motor d\u00fcz kal\u0131p pelet de\u011firmeni<\/figcaption><\/figure> <\/figure>    <h3 class=\"wp-block-heading\" id=\"h-4th-type-pto-driven-goat-feed-pellet-making-machine\"><strong>4. T\u00fcr: PTO D\u00fczenli Ke\u00e7i Yem Pelet Makinesi<\/strong><\/h3>   <div class=\"wp-block-image\"> <figure class=\"aligncenter size-full\"><img loading=\"lazy\" decoding=\"async\" width=\"720\" height=\"540\" src=\"https:\/\/fishfoodmachinery.com\/wp-content\/uploads\/2022\/09\/PTO-driven-feed-pellet-making-machine.webp\" alt=\"PTO&#039;ya dayal\u0131 besleme pelet yap\u0131m makinesi\" class=\"wp-image-145\" title=\"\" srcset=\"https:\/\/fishfoodmachinery.com\/wp-content\/uploads\/2022\/09\/PTO-driven-feed-pellet-making-machine.webp 720w, https:\/\/fishfoodmachinery.com\/wp-content\/uploads\/2022\/09\/PTO-driven-feed-pellet-making-machine-300x225.webp 300w\" sizes=\"auto, (max-width: 720px) 100vw, 720px\" \/><figcaption class=\"wp-element-caption\">PTO'ya dayal\u0131 besleme pelet yap\u0131m makinesi<\/figcaption><\/figure> <\/div>   <h2 class=\"wp-block-heading\" id=\"h-spotlights-of-the-cattle-feed-pellet-machine\"><strong>S\u0131\u011f\u0131r besleme pelet makinesinin spot \u0131\u015f\u0131klar\u0131<\/strong><strong><\/strong><\/h2>    <ol class=\"wp-block-list\" style=\"list-style-type:1\"> <li>Tavuk besleme pelet fabrikas\u0131 hafif, kolay bir \u00e7al\u0131\u015fmaya ve basit bir yap\u0131ya sahiptir.<\/li>    <li>Bu hayvan yemi pelet makinesi s\u0131\u011f\u0131r yemi, ke\u00e7i yemi, tav\u015fan yemi, domuz yemi, tav\u015fan yemi, vb.<\/li>    <li>Kapasite 120kg ila 1200kg aras\u0131nda de\u011fi\u015fir. \u00dcretim hatt\u0131n\u0131 istiyorsan\u0131z, s\u0131\u011f\u0131r besleme pelet tesisi de mevcuttur.<\/li> <\/ol>    <h2 class=\"wp-block-heading\" id=\"h-technical-parameters-of-the-animal-feed-pellet-machine\"><strong>Hayvan Yem Pelet Makinesinin Teknik Parametreleri<\/strong><strong><\/strong><\/h2>    <figure class=\"wp-block-table\"><table><tbody><tr><td>Modeli&nbsp;<\/td><td>Kapasite<\/td><td>G\u00fc\u00e7<\/td><td>Kal\u0131p plakas\u0131 \u00e7ap\u0131<\/td><td>Boyut<\/td><td>A\u011f\u0131rl\u0131k<\/td><\/tr><tr><td>KL-120<\/td><td>120kg\/s<\/td><td>3kw<\/td><td>120mm<\/td><td>750*320*610mm<\/td><td>100kg<\/td><\/tr><tr><td>KL-150<\/td><td>150kg\/saat<\/td><td>3kw<\/td><td>150 mm<\/td><td>750*350*650mm<\/td><td>190kg<\/td><\/tr><tr><td>KL-210<\/td><td>400kg\/s<\/td><td>7,5kW<\/td><td>210mm<\/td><td>1000*450*960mm<\/td><td>230kg<\/td><\/tr><tr><td>KBL-260<\/td><td>800kg\/s<\/td><td>15kW<\/td><td>260mm<\/td><td>1460*460*1150mm<\/td><td>360kg<\/td><\/tr><tr><td>KBL-300<\/td><td>1000-1200kg\/s<\/td><td>22kW<\/td><td>300mm<\/td><td>1360*570*1150mm<\/td><td>450kg<\/td><\/tr><\/tbody><\/table><figcaption class=\"wp-element-caption\">Peletleyici parametrelerini besleme<\/figcaption><\/figure>    <h2 class=\"wp-block-heading\" id=\"h-consumable-parts-of-the-poultry-animal-feed-pellet-machine\"><strong>K\u00fcmes hayvanlar\u0131 hayvan yemi pelet makinesinin sarf malzemeleri<\/strong><\/h2>    <p class=\"translation-block\"><strong>Pres merdanesi ve kal\u0131p plakas\u0131<\/strong><\/p>    <p>Yukar\u0131dakiler sarf malzemeleridir. Yani, tav\u015fan yem pelet fabrikas\u0131n\u0131 kulland\u0131\u011f\u0131n\u0131zda, bu b\u00f6l\u00fcme dikkat edin.<\/p>   <div class=\"wp-block-image\"> <figure class=\"aligncenter size-full\"><img loading=\"lazy\" decoding=\"async\" width=\"720\" height=\"500\" src=\"https:\/\/fishfoodmachinery.com\/wp-content\/uploads\/2022\/09\/press-roller-and-mould-plate.webp\" alt=\"Pres silindir ve kal\u0131p plakas\u0131\" class=\"wp-image-147\" title=\"\" srcset=\"https:\/\/fishfoodmachinery.com\/wp-content\/uploads\/2022\/09\/press-roller-and-mould-plate.webp 720w, https:\/\/fishfoodmachinery.com\/wp-content\/uploads\/2022\/09\/press-roller-and-mould-plate-300x208.webp 300w\" sizes=\"auto, (max-width: 720px) 100vw, 720px\" \/><figcaption class=\"wp-element-caption\">Pres silindir ve kal\u0131p plakas\u0131<\/figcaption><\/figure> <\/div>   <h2 class=\"wp-block-heading\" id=\"h-start-a-mini-production-line-for-feed-pellets\"><strong>Yem peletleri i\u00e7in bir mini \u00fcretim hatt\u0131 ba\u015flat\u0131n<\/strong><strong><\/strong><\/h2>    <p>Asl\u0131nda, yeterli b\u00fct\u00e7eniz varsa, basit bir hayvan yemi pelet \u00fcretim hatt\u0131 sat\u0131n almay\u0131 d\u00fc\u015f\u00fcnebilirsiniz.<\/p>    <p>Saman kesici\/\u00e7im k\u0131r\u0131c\u0131\/saman kesici ve tah\u0131l \u00f6\u011f\u00fct\u00fcc\u00fc \u2192 Kar\u0131\u015ft\u0131r\u0131c\u0131 \u2192 Hopper \u2192 Hayvan Yem Petrol Makinesi<\/p>    <p>Basit Bir: Kombine saman kesici tane \u00f6\u011f\u00fct\u00fcc\u00fc \u2192 Hayvan Yeme\u011fi Pelet de\u011firmeni<\/p>    <p>\u00a0\u00a0\u00a0\u00a0\u00a0\u00a0\u00a0\u00a0\u00a0\u00a0 9FQ \u2192 Ke\u00e7i Yem Yap\u0131m\u0131 Makinesi<\/p>    <h2 class=\"wp-block-heading\" id=\"h-successful-case-the-animal-food-pellet-machine-shipping-to-nigeria\"><strong>Ba\u015far\u0131l\u0131 Vaka: Nijerya'ya Hayvan G\u0131da Pelet Makinesi G\u00f6nderimi<\/strong><\/h2>    <p class=\"translation-block\">Nijeryal\u0131 m\u00fc\u015fteri ilk olarak tavuk yemi \u00fcretmek i\u00e7in <a href=\"https:\/\/fishfoodmachinery.com\/tr\/product\/floating-fish-feed-machine\/\" target=\"_blank\" rel=\"noreferrer noopener\">bal\u0131k yemi makinesini<\/a> arad\u0131. \u0130leti\u015fim s\u0131ras\u0131nda sat\u0131\u015f m\u00fcd\u00fcr\u00fcm\u00fcz, b\u00fct\u00e7esinin yetersiz oldu\u011fu haberini ald\u0131. Bu nedenle, sat\u0131\u015f m\u00fcd\u00fcr\u00fc hayvan yemi pelet yapma makinesini \u00f6nerdi. <\/p>    <p>Bu tavuk pelet yap\u0131m makinesi avantajl\u0131 bir fiyata ve ayn\u0131 i\u015fleve sahiptir. Sohbet yoluyla, Nijeryal\u0131 m\u00fc\u015fteri makineyi biliyordu ve bu yem pelet fabrikas\u0131n\u0131 tercih etti. Sonunda 5 set emretti ve Nijerya'ya teslim edilmelerini istedi.<\/p>   <div class=\"wp-block-image\"> <figure class=\"aligncenter size-full\"><img loading=\"lazy\" decoding=\"async\" width=\"750\" height=\"562\" src=\"https:\/\/fishfoodmachinery.com\/wp-content\/uploads\/2022\/09\/feed-pellet-making-machine-in-stock.webp\" alt=\"Stokta Pelet Yapma Makinesi\" class=\"wp-image-146\" title=\"\" srcset=\"https:\/\/fishfoodmachinery.com\/wp-content\/uploads\/2022\/09\/feed-pellet-making-machine-in-stock.webp 750w, https:\/\/fishfoodmachinery.com\/wp-content\/uploads\/2022\/09\/feed-pellet-making-machine-in-stock-300x225.webp 300w\" sizes=\"auto, (max-width: 750px) 100vw, 750px\" \/><figcaption class=\"wp-element-caption\">Stokta Pelet Yapma Makinesi<\/figcaption><\/figure> <\/div>   <h2 class=\"wp-block-heading\"><strong>Daha fazla makine ayr\u0131nt\u0131s\u0131 i\u00e7in bizimle ileti\u015fime ge\u00e7in!<\/strong><\/h2>    <p class=\"translation-block\">Hayvan yemi \u00fcretimi i\u00e7in uygun maliyetli bir pelet presi mi istiyorsunuz? \u00d6yleyse bizimle ileti\u015fime ge\u00e7in, size en uygun \u00e7\u00f6z\u00fcm\u00fc sunal\u0131m.<\/p>","protected":false},"excerpt":{"rendered":"<p>Hayvan yem pelet makinesi, s\u0131\u011f\u0131r, tav\u015fan, domuz, tavuk ve koyun gibi \u00e7e\u015fitli hayvan yemleri \u00fcretmek i\u00e7in kullan\u0131lmaktad\u0131r ve kapasitesi 120-1200 kg\/saat aras\u0131ndad\u0131r.<\/p>","protected":false},"author":1,"featured_media":134,"parent":0,"template":"","tags":[53],"product-type":[9],"class_list":["post-63","product","type-product","status-publish","has-post-thumbnail","hentry","tag-animal-feed","product-type-animal-feed-pellet-machine"],"_links":{"self":[{"href":"https:\/\/fishfoodmachinery.com\/tr\/wp-json\/wp\/v2\/product\/63","targetHints":{"allow":["GET"]}}],"collection":[{"href":"https:\/\/fishfoodmachinery.com\/tr\/wp-json\/wp\/v2\/product"}],"about":[{"href":"https:\/\/fishfoodmachinery.com\/tr\/wp-json\/wp\/v2\/types\/product"}],"author":[{"embeddable":true,"href":"https:\/\/fishfoodmachinery.com\/tr\/wp-json\/wp\/v2\/users\/1"}],"wp:featuredmedia":[{"embeddable":true,"href":"https:\/\/fishfoodmachinery.com\/tr\/wp-json\/wp\/v2\/media\/134"}],"wp:attachment":[{"href":"https:\/\/fishfoodmachinery.com\/tr\/wp-json\/wp\/v2\/media?parent=63"}],"wp:term":[{"taxonomy":"post_tag","embeddable":true,"href":"https:\/\/fishfoodmachinery.com\/tr\/wp-json\/wp\/v2\/tags?post=63"},{"taxonomy":"product-type","embeddable":true,"href":"https:\/\/fishfoodmachinery.com\/tr\/wp-json\/wp\/v2\/product-type?post=63"}],"curies":[{"name":"wp","href":"https:\/\/api.w.org\/{rel}","templated":true}]}}