{"id":67,"date":"2022-09-06T06:31:46","date_gmt":"2022-09-06T06:31:46","guid":{"rendered":"https:\/\/fishfoodmachinery.com\/?post_type=product&#038;p=67"},"modified":"2024-12-23T11:19:31","modified_gmt":"2024-12-23T03:19:31","slug":"new-type-fish-pellet-making-machine","status":"publish","type":"product","link":"https:\/\/fishfoodmachinery.com\/tr\/product\/new-type-fish-pellet-making-machine\/","title":{"rendered":"Yeni tip bal\u0131k pelet \u00fcretme makinesi"},"content":{"rendered":"<p class=\"translation-block\">Bu bal\u0131k peleti yapma makinesi, \u00f6nceki <a href=\"https:\/\/fishfoodmachinery.com\/tr\/product\/floating-fish-feed-machine\/\" target=\"_blank\" rel=\"noreferrer noopener\">y\u00fczen bal\u0131k yemi yapma makinesi<\/a> temelinde yeni tasarlanm\u0131\u015ft\u0131r. Bu bal\u0131k peleti de\u011firmeni entegre bir yap\u0131ya sahiptir, daha kullan\u0131\u015fl\u0131 ve kolayd\u0131r. Ayn\u0131 i\u015flevi vard\u0131r: \u00e7e\u015fitli yem peletleri \u00fcretmek. Bal\u0131k yemi i\u015fleme makinesi, s\u0131k\u0131 kalite kontrol sistemi alt\u0131nda \u00fcretilmi\u015ftir, bu nedenle makine kalitesi iyidir. Ayr\u0131ca, Taizy y\u00fczen bal\u0131k yemi makinesi Peru, Angola, Nijer, Gana vb. \u00fclkelere ihra\u00e7 edilmektedir. E\u011fer ilgileniyorsan\u0131z, daha fazla bilgi i\u00e7in hemen bizimle ileti\u015fime ge\u00e7in!<\/p>    <h2 class=\"wp-block-heading\" id=\"h-structure-of-the-floating-fish-pellet-making-machine\"><strong>Y\u00fczen bal\u0131k pelet \u00fcretme makinesinin yap\u0131s\u0131<\/strong><\/h2>    <p class=\"translation-block\">Asl\u0131nda, <a href=\"https:\/\/taizyagromachine.com\/product\/fish-feed-extruder\/\" target=\"_blank\" rel=\"noreferrer noopener\">sat\u0131l\u0131k bal\u0131k yemi makinesi<\/a>nin bile\u015fimi \u00e7ok kolay anla\u015f\u0131l\u0131r. Makinenin kontrol cihaz\u0131 kapal\u0131 bir durumda. Makineyi kontrol etmek i\u00e7in sadece d\u0131\u015f kontrol panelini kullanmak yeterlidir. \u00dcretim s\u00fcrecine g\u00f6re makine kabaca giri\u015f, \u0131s\u0131tma, kesme b\u0131\u00e7a\u011f\u0131 ve \u00e7\u0131k\u0131\u015ftan olu\u015fur.<\/p>   <div class=\"wp-block-image\"> <figure class=\"aligncenter size-full\"><img loading=\"lazy\" decoding=\"async\" width=\"720\" height=\"540\" src=\"https:\/\/fishfoodmachinery.com\/wp-content\/uploads\/2022\/09\/floating-fish-feed-pellet-machine-structure.webp\" alt=\"y\u00fczen bal\u0131k yemi pelet makine yap\u0131s\u0131\" class=\"wp-image-153\" title=\"\" srcset=\"https:\/\/fishfoodmachinery.com\/wp-content\/uploads\/2022\/09\/floating-fish-feed-pellet-machine-structure.webp 720w, https:\/\/fishfoodmachinery.com\/wp-content\/uploads\/2022\/09\/floating-fish-feed-pellet-machine-structure-300x225.webp 300w\" sizes=\"auto, (max-width: 720px) 100vw, 720px\" \/><figcaption class=\"wp-element-caption\">y\u00fczen bal\u0131k yemi pelet makine yap\u0131s\u0131<\/figcaption><\/figure> <\/div>   <h2 class=\"wp-block-heading\" id=\"h-advantages-of-the-fish-feed-pellet-making-machine\"><strong>Bal\u0131k yemi pelet \u00fcretme makinesinin avantajlar\u0131<\/strong><strong><\/strong><\/h2>    <ul class=\"wp-block-list\" type=\"1\"> <li>Basit yap\u0131, geni\u015f uyarlanabilirlik.<\/li>    <li>Daha az taban alan\u0131 ve d\u00fc\u015f\u00fck g\u00fcr\u00fclt\u00fc.<\/li>    <li>Pelet yemi depolamaya daha elveri\u015flidir.<\/li>    <li>Hayvanlar\u0131 beslemek daha y\u00fcksek ekonomik faydalar sa\u011flayabilir.<\/li>    <li>\u00dcretilen yem peletleri, besinlerin sindirimini ve emilimini iyile\u015ftirebilen p\u00fcr\u00fczs\u00fcz bir y\u00fczeye ve i\u00e7 olgunla\u015fmaya sahiptir.<\/li>    <li>Bal\u0131k pelet makinesinin pelet olu\u015fturma s\u00fcreci, \u00e7e\u015fitli b\u00f6ceklerin sindirim sistemi hastal\u0131klar\u0131n\u0131 azaltabilir.<\/li> <\/ul>    <h2 class=\"wp-block-heading\" id=\"h-what-are-the-spotlights-of-the-new-type-fish-feed-pelleting-machine\"><strong>Yeni tip bal\u0131k yemi peletleme makinesinin \u00f6ne \u00e7\u0131kan \u00f6zellikleri nelerdir\uff1f<\/strong><\/h2>    <ul class=\"wp-block-list\" type=\"1\"> <li>Entegre makine yap\u0131s\u0131, d\u00fc\u015f\u00fck g\u00fcr\u00fclt\u00fc.<\/li>    <li>Kolay kullan\u0131m, yaln\u0131zca kontrol panelinden \u00e7al\u0131\u015ft\u0131r\u0131n.<\/li>    <li>Daha rahat makine kullan\u0131m\u0131.<\/li>    <li>Kal\u0131plar\u0131 de\u011fi\u015ftirmek kolayd\u0131r.<\/li>    <li>Daha \u00e7ekici ve lezzetli bir yem \u00fcreten ileri teknoloji.<\/li> <\/ul>   <div class=\"wp-block-image\"> <figure class=\"aligncenter size-full\"><img loading=\"lazy\" decoding=\"async\" width=\"720\" height=\"540\" src=\"https:\/\/fishfoodmachinery.com\/wp-content\/uploads\/2022\/09\/newly-designed-fish-pellet-machine.webp\" alt=\"yeni tasarlanm\u0131\u015f bal\u0131k pelet makinesi\" class=\"wp-image-155\" title=\"\" srcset=\"https:\/\/fishfoodmachinery.com\/wp-content\/uploads\/2022\/09\/newly-designed-fish-pellet-machine.webp 720w, https:\/\/fishfoodmachinery.com\/wp-content\/uploads\/2022\/09\/newly-designed-fish-pellet-machine-300x225.webp 300w\" sizes=\"auto, (max-width: 720px) 100vw, 720px\" \/><figcaption class=\"wp-element-caption\">yeni tasarlanm\u0131\u015f bal\u0131k pelet makinesi<\/figcaption><\/figure> <\/div>   <h2 class=\"wp-block-heading\" id=\"h-successful-case-floating-fish-feed-pellet-machine-delivered-to-cote-d-ivoire\"><strong>Ba\u015far\u0131l\u0131 vaka: Fildi\u015fi Sahili'ne teslim edilen y\u00fczeyde y\u00fczen bal\u0131k yemi pelet makinesi<\/strong><\/h2>    <p>Bu m\u00fc\u015fteri d\u00fczenli bir m\u00fc\u015fteridir. Bu sefer tekrarlanan bir sat\u0131n alma oldu. Biz de kendisine yeni bal\u0131k yemi pelet de\u011firmenimizi tavsiye ettik. Ayr\u0131ca bu yeni bal\u0131k pelet \u00fcretim makinesinin avantajl\u0131 \u00f6zelliklerini de tan\u0131tt\u0131k. Uzun s\u00fcreli i\u015fbirli\u011fi nedeniyle g\u00fcven olu\u015ftu ve m\u00fc\u015fteri sipari\u015f verdi.\u00a0Makineyi teslim al\u0131p bir s\u00fcre kulland\u0131ktan sonra m\u00fc\u015fterilerden gelen geri d\u00f6n\u00fc\u015flerin \u00f6zellikle \u00e7ok iyi oldu\u011funu ve \u00e7ok pratik bir makine oldu\u011funu s\u00f6yledi.<\/p>   <div class=\"wp-block-image\"> <figure class=\"aligncenter size-full\"><img loading=\"lazy\" decoding=\"async\" width=\"720\" height=\"540\" src=\"https:\/\/fishfoodmachinery.com\/wp-content\/uploads\/2022\/09\/new-type-floating-fish-food-machine-in-stock.webp\" alt=\"yeni tip y\u00fczen bal\u0131k yemi makinesi stokta\" class=\"wp-image-156\" title=\"\" srcset=\"https:\/\/fishfoodmachinery.com\/wp-content\/uploads\/2022\/09\/new-type-floating-fish-food-machine-in-stock.webp 720w, https:\/\/fishfoodmachinery.com\/wp-content\/uploads\/2022\/09\/new-type-floating-fish-food-machine-in-stock-300x225.webp 300w\" sizes=\"auto, (max-width: 720px) 100vw, 720px\" \/><figcaption class=\"wp-element-caption\">yeni tip y\u00fczen bal\u0131k yemi makinesi stokta<\/figcaption><\/figure> <\/div>   <h2 class=\"wp-block-heading\" id=\"h-technical-parameters-of-the-commercial-fish-pellet-making-machine\"><strong>Ticari bal\u0131k pelet yapma makinesinin teknik parametreleri<\/strong><strong><\/strong><\/h2>    <figure class=\"wp-block-table\"><table><tbody><tr><td>Modeli<\/td><td>Kapasite<\/td><td>Ana g\u00fc\u00e7<\/td><td>Kesici g\u00fcc\u00fc<\/td><td>Besleme besleme g\u00fcc\u00fc<\/td><td>Vida \u00e7ap\u0131<\/td><td>Boyut<\/td><td>A\u011f\u0131rl\u0131k<\/td><\/tr><tr><td>DGP-40<\/td><td>40-50kg\/saat<\/td><td>7,5kW<\/td><td>0,4kW<\/td><td>0,4kW<\/td><td>40mm<\/td><td>1260*860*1250mm<\/td><td>290kg<\/td><\/tr><tr><td>DGP-60<\/td><td>150kg\/saat<\/td><td>15kW<\/td><td>0,4kW<\/td><td>0,4kW<\/td><td>60 mm<\/td><td>1450*950*1430mm<\/td><td>480kg<\/td><\/tr><tr><td>DGP-70<\/td><td>180-250kg\/saat<\/td><td>18,5kW<\/td><td>0,4kW<\/td><td>0,4kW<\/td><td>70mm<\/td><td>1600*1400*1450mm<\/td><td>600kg<\/td><\/tr><tr><td>DGP-80<\/td><td>300-350kg\/saat<\/td><td>22kW<\/td><td>0,4kW<\/td><td>0,4kW<\/td><td>80mm<\/td><td>1850*1470*1500m<\/td><td>800kg<\/td><\/tr><\/tbody><\/table><\/figure>","protected":false},"excerpt":{"rendered":"<p>This fish pellet making machine is newly designed on the basis of the previous floating fish food making machine. This fish pellet mill has an integrated structure, more convenient and easy to use. It has the same function: produce various feed pellets. The fish food processing machine is manufactured under the strict quality control system, [&hellip;]<\/p>\n","protected":false},"author":1,"featured_media":150,"parent":0,"template":"","tags":[24,20,10,19],"product-type":[8],"class_list":["post-67","product","type-product","status-publish","has-post-thumbnail","hentry","tag-fish-feed","tag-fish-feed-pellet-machine","tag-floating-fish-feed-production-line","tag-pet-food-making-machine","product-type-fish-feed-pellet-machine"],"_links":{"self":[{"href":"https:\/\/fishfoodmachinery.com\/tr\/wp-json\/wp\/v2\/product\/67","targetHints":{"allow":["GET"]}}],"collection":[{"href":"https:\/\/fishfoodmachinery.com\/tr\/wp-json\/wp\/v2\/product"}],"about":[{"href":"https:\/\/fishfoodmachinery.com\/tr\/wp-json\/wp\/v2\/types\/product"}],"author":[{"embeddable":true,"href":"https:\/\/fishfoodmachinery.com\/tr\/wp-json\/wp\/v2\/users\/1"}],"wp:featuredmedia":[{"embeddable":true,"href":"https:\/\/fishfoodmachinery.com\/tr\/wp-json\/wp\/v2\/media\/150"}],"wp:attachment":[{"href":"https:\/\/fishfoodmachinery.com\/tr\/wp-json\/wp\/v2\/media?parent=67"}],"wp:term":[{"taxonomy":"post_tag","embeddable":true,"href":"https:\/\/fishfoodmachinery.com\/tr\/wp-json\/wp\/v2\/tags?post=67"},{"taxonomy":"product-type","embeddable":true,"href":"https:\/\/fishfoodmachinery.com\/tr\/wp-json\/wp\/v2\/product-type?post=67"}],"curies":[{"name":"wp","href":"https:\/\/api.w.org\/{rel}","templated":true}]}}