{"id":70,"date":"2022-09-06T06:34:15","date_gmt":"2022-09-06T06:34:15","guid":{"rendered":"https:\/\/fishfoodmachinery.com\/?post_type=product&#038;p=70"},"modified":"2024-12-23T11:19:50","modified_gmt":"2024-12-23T03:19:50","slug":"dry-type-fish-feed-extruder-machine","status":"publish","type":"product","link":"https:\/\/fishfoodmachinery.com\/tr\/product\/dry-type-fish-feed-extruder-machine\/","title":{"rendered":"Kuru tip bal\u0131k yemi ekstruder makinesi"},"content":{"rendered":"<p class=\"translation-block\">Bu bal\u0131k yemi ekstruder makinesi, kuru y\u00f6ntemle bal\u0131k yemi peletleri \u00fcretmek i\u00e7in kullan\u0131l\u0131r. Islak bal\u0131k yemi peleti \u00fcretim alan\u0131ndan ana olarak ayr\u0131l\u0131r. Bu kuru y\u00f6ntem <a href=\"https:\/\/taizyagromachine.com\/product\/fish-feed-extruder\/?swcfpc=1\" target=\"_blank\" rel=\"noreferrer noopener\">bal\u0131k yemi \u015fi\u015firme makinesi <\/a>do\u011frudan ezilmi\u015f ve kar\u0131\u015ft\u0131r\u0131lm\u0131\u015f hammaddeleri do\u011frudan peletlere \u015fi\u015firir, \u00e7ok kullan\u0131\u015fl\u0131 ve verimlidir. Bu t\u00fcr bir makineyle ilgileniyorsan\u0131z, bizimle ileti\u015fime ge\u00e7in!<\/p>    <h2 class=\"wp-block-heading\" id=\"h-why-use-dry-puffing-instead-of-wet-puffing\"><strong>Neden \u0131slak \u015fi\u015fme yerine kuru \u015fi\u015fme kullan\u0131yorsunuz?<\/strong><strong><\/strong><\/h2>    <ul class=\"wp-block-list\" type=\"1\"> <li>Malzemenin sindirim kullan\u0131m oran\u0131n\u0131 iyile\u015ftirin.\u00a0Malzeme do\u011frudan yap\u0131l\u0131r ve kullan\u0131m oran\u0131 artt\u0131r\u0131l\u0131r.<\/li>    <li>Malzemenin bakteriyel i\u00e7eri\u011fini azalt\u0131n.\u00a0An\u0131nda y\u00fcksek bir s\u0131cakl\u0131k oldu\u011fu i\u00e7in bakterileri bir dereceye kadar azaltabilir.<\/li> <\/ul>   <div class=\"wp-block-image\"> <figure class=\"aligncenter size-full\"><img loading=\"lazy\" decoding=\"async\" width=\"720\" height=\"720\" src=\"https:\/\/fishfoodmachinery.com\/wp-content\/uploads\/2022\/09\/fish-feed-pellet-machine.webp\" alt=\"bal\u0131k yemi pelet makinesi\" class=\"wp-image-113\" title=\"\" srcset=\"https:\/\/fishfoodmachinery.com\/wp-content\/uploads\/2022\/09\/fish-feed-pellet-machine.webp 720w, https:\/\/fishfoodmachinery.com\/wp-content\/uploads\/2022\/09\/fish-feed-pellet-machine-300x300.webp 300w, https:\/\/fishfoodmachinery.com\/wp-content\/uploads\/2022\/09\/fish-feed-pellet-machine-150x150.webp 150w\" sizes=\"auto, (max-width: 720px) 100vw, 720px\" \/><figcaption class=\"wp-element-caption\">bal\u0131k yemi pelet makinesi<\/figcaption><\/figure> <\/div>   <h2 class=\"wp-block-heading\" id=\"h-taizy-machinery-the-top-fish-feed-extruder-machine-manufacturer-supplier\"><strong><a href=\"https:\/\/fishfoodmachinery.com\/tr\/about-us\/\" target=\"_blank\" rel=\"noreferrer noopener\">Taizy Makineleri<\/a>- en iyi bal\u0131k yemi ekstr\u00fcder makinesi \u00fcreticisi ve tedarik\u00e7isi<\/strong><\/h2>    <ol class=\"wp-block-list\" type=\"1\"> <li>Tam makineleri sa\u011flay\u0131n. \u00c7\u00fcnk\u00fc Taizy'de sadece tek kuru tip bal\u0131k yemi pelet makinesine sahip de\u011fil, ayn\u0131 zamanda bal\u0131k besleme \u00fcretim hatt\u0131n\u0131 da sa\u011fl\u0131yoruz. \u0130htiyac\u0131n\u0131z olan\u0131 bir kerede sat\u0131n alabilirsiniz, \u00e7ok uygun.<\/li>    <li>Profesyonel sat\u0131\u015f personeli. Personelimiz evcil hayvan mamas\u0131 ekstr\u00fcderine \u00e7ok a\u015fina, talepleriniz \u00fczerinde en uygun makine taban\u0131n\u0131 \u00f6nerebilirler.<\/li>    <li>Rekabet\u00e7i fiyat. \u00dcretim ve tedarik ile entegre olduk, b\u00f6ylece makinemizin fiyat avantajlar\u0131 var.<\/li>    <li>Sat\u0131\u015f sonras\u0131 hizmet. Taizy ayr\u0131ca, makineyi sorunsuz bir \u015fekilde kullanarak m\u00fc\u015fterinin i\u015fini desteklemek i\u00e7in sat\u0131\u015f sonras\u0131 hizmet sunar.<\/li> <\/ol>    <h2 class=\"wp-block-heading\" id=\"h-how-to-purchase-taizy-fish-feed-extruder-machine\"><strong>Taizy Fish Feed Extruder Makinesi Nas\u0131l Sat\u0131n Al\u0131n\u0131r?<\/strong><\/h2>    <p>Bir bal\u0131k mamas\u0131 pelet de\u011firmeni sat\u0131n almakla ilgilendi\u011finizde, birka\u00e7 ad\u0131m izleyerek bizim taraf\u0131m\u0131zdan sat\u0131n alabilirsiniz.<\/p>    <ul class=\"wp-block-list\"> <li>Bize Ula\u015f\u0131n: WhatsApp veya e -posta arac\u0131l\u0131\u011f\u0131yla mevcuttur.<\/li>    <li>Bir Sat\u0131\u015f Y\u00f6neticisi d\u00fczenleyin: Sizinle aray\u00fcz olu\u015fturmak ve ilgili makine bilgilerini tan\u0131tmak i\u00e7in profesyonel bir ki\u015fi ayarlayaca\u011f\u0131z.<\/li>    <li>Sipari\u015f ver: Al\u0131c\u0131, ileti\u015fim yoluyla makinenin ayr\u0131nt\u0131lar\u0131n\u0131 belirleyecektir.<\/li>    <li>S\u00f6zle\u015fmeyi imzalay\u0131n: Sipari\u015f s\u00f6zle\u015fmesini imzalay\u0131n ve \u00f6deme y\u00f6ntemini ve di\u011fer sorunlar\u0131 belirleyin.<\/li>    <li>\u00dcretim ve \u00d6deme: Depozitoyu \u00f6deyin ve makine \u00fcretimini ba\u015flat\u0131n; \u00dcretim bittikten sonra bakiyeyi \u00f6deyin ve teslimat\u0131 d\u00fczenleyin.<\/li>    <li>Ula\u015f\u0131m: Yukar\u0131daki t\u00fcm i\u015flemler tamamland\u0131ktan sonra makineyi paketleyece\u011fiz ve hedefinize deniz yoluyla (genel olarak) ula\u015facakt\u0131r.<\/li> <\/ul>   <div class=\"wp-block-image\"> <figure class=\"aligncenter size-full\"><img loading=\"lazy\" decoding=\"async\" width=\"720\" height=\"350\" src=\"https:\/\/fishfoodmachinery.com\/wp-content\/uploads\/2022\/09\/fish-feed-pellet-mill-in-stock.webp\" alt=\"Stokta bal\u0131k yem pelet fabrikas\u0131\" class=\"wp-image-161\" title=\"\" srcset=\"https:\/\/fishfoodmachinery.com\/wp-content\/uploads\/2022\/09\/fish-feed-pellet-mill-in-stock.webp 720w, https:\/\/fishfoodmachinery.com\/wp-content\/uploads\/2022\/09\/fish-feed-pellet-mill-in-stock-300x146.webp 300w\" sizes=\"auto, (max-width: 720px) 100vw, 720px\" \/><figcaption class=\"wp-element-caption\">Stokta bal\u0131k yem pelet fabrikas\u0131<\/figcaption><\/figure> <\/div>   <h2 class=\"wp-block-heading\" id=\"h-successful-case-100-150kg-h-fish-feed-pellet-mill-exported-to-peru\"><strong><strong>Ba\u015far\u0131l\u0131 Vaka: 100-150kg\/s bal\u0131k yem pelet fabrikas\u0131 Peru'ya ihra\u00e7 edildi<\/strong><\/strong><\/h2>    <p>Kuru tip y\u00fczen bal\u0131k yemleme makinemiz o kadar pop\u00fcler ki, genellikle distrib\u00fct\u00f6rlerin bizden sat\u0131n almas\u0131n\u0131 sa\u011fl\u0131yoruz. Bu Perulu m\u00fc\u015fteri, bu makineyi daha \u00f6nce Taizy'den ithal eden ve \u00e7ok iyi satan bir sat\u0131c\u0131d\u0131r, bu y\u00fczden bu sefer bizden tekrar sat\u0131n ald\u0131. Makinemizin iyi performansa, y\u00fcksek verimlili\u011fe ve geni\u015f uygulamaya sahip oldu\u011funu ve bu makineyi \u00e7ok seven m\u00fc\u015fterilerin \u00e7ok oldu\u011funu s\u00f6yledi.<\/p>   <div class=\"wp-block-image\"> <figure class=\"aligncenter size-full\"><img loading=\"lazy\" decoding=\"async\" width=\"720\" height=\"540\" src=\"https:\/\/fishfoodmachinery.com\/wp-content\/uploads\/2022\/09\/fish-feed-extruder-machine-manufacturer.webp\" alt=\"Bal\u0131k yemi ekstr\u00fcder makinesi \u00fcreticisi\" class=\"wp-image-160\" title=\"\" srcset=\"https:\/\/fishfoodmachinery.com\/wp-content\/uploads\/2022\/09\/fish-feed-extruder-machine-manufacturer.webp 720w, https:\/\/fishfoodmachinery.com\/wp-content\/uploads\/2022\/09\/fish-feed-extruder-machine-manufacturer-300x225.webp 300w\" sizes=\"auto, (max-width: 720px) 100vw, 720px\" \/><figcaption class=\"wp-element-caption\">Bal\u0131k yemi ekstr\u00fcder makinesi \u00fcreticisi<\/figcaption><\/figure> <\/div>   <h2 class=\"wp-block-heading\" id=\"h-technical-parameters-of-the-floating-fish-feed-extruder-machine\"><strong>Teknik parametreleri <a href=\"https:\/\/fishfoodmachinery.com\/tr\/product\/floating-fish-feed-machine\/\" target=\"_blank\" rel=\"noreferrer noopener\">Y\u00fczen bal\u0131k yemi ekstr\u00fcder makinesi<\/a><\/strong><\/h2>    <figure class=\"wp-block-table\"><table><tbody><tr><td>Modeli<\/td><td>Kapasite<\/td><td>Ana g\u00fc\u00e7<\/td><td>Kesici g\u00fcc\u00fc<\/td><td>Besleme besleme g\u00fcc\u00fc<\/td><td>Vida \u00e7ap\u0131<\/td><td>Boyut<\/td><td>A\u011f\u0131rl\u0131k<\/td><\/tr><tr><td>DGP-40<\/td><td>40-50kg\/saat<\/td><td>7,5kW<\/td><td>0,4kW<\/td><td>0,4kW<\/td><td>40mm<\/td><td>1260*860*1250mm<\/td><td>290kg<\/td><\/tr><tr><td>DGP-60<\/td><td>150kg\/saat<\/td><td>15kW<\/td><td>0,4kW<\/td><td>0,4kW<\/td><td>60 mm<\/td><td>1450*950*1430mm<\/td><td>480kg<\/td><\/tr><tr><td>DGP-70<\/td><td>180-250kg\/saat<\/td><td>18,5kW<\/td><td>0,4kW<\/td><td>0,4kW<\/td><td>70mm<\/td><td>1600*1400*1450mm<\/td><td>600kg<\/td><\/tr><tr><td>DGP-80<\/td><td>300-350kg\/saat<\/td><td>22kW<\/td><td>0,4kW<\/td><td>0,4kW<\/td><td>80mm<\/td><td>1850*1470*1500m<\/td><td>800kg<\/td><\/tr><\/tbody><\/table><\/figure>    <h2 class=\"wp-block-heading\"><strong>Kuru tip bal\u0131k yemi ekstr\u00fcder makinesinin \u00e7al\u0131\u015fma videosu<\/strong><\/h2>    <figure class=\"wp-block-embed is-type-video is-provider-youtube wp-block-embed-youtube wp-embed-aspect-16-9 wp-has-aspect-ratio\"><div class=\"wp-block-embed__wrapper\"> <iframe loading=\"lazy\" title=\"Y\u00fczen Bal\u0131k Yemi Ekstr\u00fcder Makinesi | Kuru tip y\u00fczen bal\u0131k yem makinesi #fishfeed\" width=\"500\" height=\"281\" src=\"https:\/\/www.youtube.com\/embed\/XbMUnzECEDo?feature=oembed\" frameborder=\"0\" allow=\"accelerometer; autoplay; clipboard-write; encrypted-media; gyroscope; picture-in-picture; web-share\" referrerpolicy=\"strict-origin-when-cross-origin\" allowfullscreen><\/iframe> <\/div><\/figure>","protected":false},"excerpt":{"rendered":"<p>This fish feed extruder machine&nbsp;is used for the production of fish food pellets by the dry method. It is mainly separated from the wet fish food pellet production area. This dry method of fish food puffing machine directly crushed and mixed raw materials directly puffed into pellets, very convenient and efficient. If you are interested [&hellip;]<\/p>\n","protected":false},"author":1,"featured_media":157,"parent":0,"template":"","tags":[15,24,23,10,22,21],"product-type":[8],"class_list":["post-70","product","type-product","status-publish","has-post-thumbnail","hentry","tag-animal-feed-pellet-machine","tag-fish-feed","tag-floating-fish-feed-pellet-machine","tag-floating-fish-feed-production-line","tag-new-type-fish-feed-pellet-machine","tag-pet-food-machine","product-type-fish-feed-pellet-machine"],"_links":{"self":[{"href":"https:\/\/fishfoodmachinery.com\/tr\/wp-json\/wp\/v2\/product\/70","targetHints":{"allow":["GET"]}}],"collection":[{"href":"https:\/\/fishfoodmachinery.com\/tr\/wp-json\/wp\/v2\/product"}],"about":[{"href":"https:\/\/fishfoodmachinery.com\/tr\/wp-json\/wp\/v2\/types\/product"}],"author":[{"embeddable":true,"href":"https:\/\/fishfoodmachinery.com\/tr\/wp-json\/wp\/v2\/users\/1"}],"wp:featuredmedia":[{"embeddable":true,"href":"https:\/\/fishfoodmachinery.com\/tr\/wp-json\/wp\/v2\/media\/157"}],"wp:attachment":[{"href":"https:\/\/fishfoodmachinery.com\/tr\/wp-json\/wp\/v2\/media?parent=70"}],"wp:term":[{"taxonomy":"post_tag","embeddable":true,"href":"https:\/\/fishfoodmachinery.com\/tr\/wp-json\/wp\/v2\/tags?post=70"},{"taxonomy":"product-type","embeddable":true,"href":"https:\/\/fishfoodmachinery.com\/tr\/wp-json\/wp\/v2\/product-type?post=70"}],"curies":[{"name":"wp","href":"https:\/\/api.w.org\/{rel}","templated":true}]}}