{"id":706,"date":"2023-09-22T17:06:06","date_gmt":"2023-09-22T09:06:06","guid":{"rendered":"https:\/\/fishfoodmachinery.com\/?post_type=product&#038;p=706"},"modified":"2024-06-13T18:27:02","modified_gmt":"2024-06-13T10:27:02","slug":"feed-pellet-production-line","status":"publish","type":"product","link":"https:\/\/fishfoodmachinery.com\/tr\/product\/feed-pellet-production-line\/","title":{"rendered":"S\u0131\u011f\u0131r i\u00e7in hayvan yem pelet tesisi, tavuk yemi \u00fcretimi"},"content":{"rendered":"<p class=\"translation-block\"><strong>Yem pelet \u00fcretim hatt\u0131<\/strong>, tavuk yemi, s\u0131\u011f\u0131r yemi gibi \u00e7e\u015fitli hayvan yemlerini i\u015flemek i\u00e7in \u00f6zel olarak kullan\u0131l\u0131r. Hammaddenin ezilmesi, kar\u0131\u015ft\u0131r\u0131lmas\u0131, preslenmesi, so\u011futulmas\u0131 ve paketlenmesi gibi birka\u00e7 s\u00fcreci i\u00e7erir. <\/p>    <p>Kapasite 150kg\/s ila 800kg\/s aras\u0131nda de\u011fi\u015fmektedir, bu da besleme pelet bitkilerini k\u00fc\u00e7\u00fck \u00f6l\u00e7ekten b\u00fcy\u00fck \u00f6l\u00e7ekte kar\u015f\u0131layabilir.<\/p>   <div class=\"wp-block-image\"> <figure class=\"aligncenter size-full\"><img loading=\"lazy\" decoding=\"async\" width=\"720\" height=\"540\" src=\"https:\/\/fishfoodmachinery.com\/wp-content\/uploads\/2023\/09\/animal-feed-pellet-production-line-.webp\" alt=\"Hayvan Yemi Pelet \u00dcretim Hatt\u0131\" class=\"wp-image-716\" title=\"\" srcset=\"https:\/\/fishfoodmachinery.com\/wp-content\/uploads\/2023\/09\/animal-feed-pellet-production-line-.webp 720w, https:\/\/fishfoodmachinery.com\/wp-content\/uploads\/2023\/09\/animal-feed-pellet-production-line--300x225.webp 300w\" sizes=\"auto, (max-width: 720px) 100vw, 720px\" \/><figcaption class=\"wp-element-caption\">Hayvan Yemi Pelet \u00dcretim Hatt\u0131 <\/figcaption><\/figure> <\/div>   <p>Bu \u00fcretim hatt\u0131 sayesinde, tah\u0131llar, proteinler, vitaminler vb. yak\u0131nda. <\/p>    <p>Hayvan yemi pelet \u00fcretim hatt\u0131n\u0131n otomasyonu ve y\u00fcksek verimlili\u011fi, yem \u00fcretiminin kalitesini ve verimini art\u0131r\u0131r ve tar\u0131m end\u00fcstrisinin daha sa\u011fl\u0131kl\u0131 ve daha besleyici yem sa\u011flamas\u0131na yard\u0131mc\u0131 olur.<\/p>    <h2 class=\"wp-block-heading\"><strong>Hayvan besleme i\u00e7in pelet yapma gereklili\u011fi<\/strong><\/h2>    <p>Yem pelet \u00fcretimi, modern hayvanc\u0131l\u0131k ve k\u00fcmes hayvanlar\u0131 \u00e7ift\u00e7ili\u011finin gerekli bir par\u00e7as\u0131d\u0131r. \u00c7iftlik hayvanlar\u0131n\u0131n tah\u0131llar, proteinler, vitaminler, vb. <\/p>    <p>Bu sadece hayvanc\u0131l\u0131k ve k\u00fcmes hayvanlar\u0131n\u0131n b\u00fcy\u00fcme oran\u0131n\u0131 ve a\u011f\u0131rl\u0131\u011f\u0131n\u0131 artt\u0131rmakla kalmaz, ayn\u0131 zamanda \u00fcr\u00fcn kalitesini de artt\u0131r\u0131r. Yem par\u00e7ac\u0131klar\u0131n\u0131n tekd\u00fczeli\u011fi, besleme israf\u0131n\u0131 azalt\u0131r ve \u00e7evre kirlili\u011fini azalt\u0131r.<\/p>   <div class=\"wp-block-image\"> <figure class=\"aligncenter size-full\"><img loading=\"lazy\" decoding=\"async\" width=\"720\" height=\"540\" src=\"https:\/\/fishfoodmachinery.com\/wp-content\/uploads\/2023\/09\/animal-feed-pellet-plant-machine.webp\" alt=\"Hayvan Yem Pelet Bitki Makinesi\" class=\"wp-image-717\" title=\"\" srcset=\"https:\/\/fishfoodmachinery.com\/wp-content\/uploads\/2023\/09\/animal-feed-pellet-plant-machine.webp 720w, https:\/\/fishfoodmachinery.com\/wp-content\/uploads\/2023\/09\/animal-feed-pellet-plant-machine-300x225.webp 300w\" sizes=\"auto, (max-width: 720px) 100vw, 720px\" \/><figcaption class=\"wp-element-caption\">Hayvan Yem Pelet Bitki Makinesi<\/figcaption><\/figure> <\/div>   <p>Ayr\u0131ca, yem pelet hatt\u0131n\u0131n otomasyonu \u00fcretim verimlili\u011fini art\u0131r\u0131r ve \u00fcretim maliyetlerini azalt\u0131r. <\/p>    <p>Bu nedenle, tar\u0131m pelet \u00fcretimi, tar\u0131m i\u00e7in artan talebi kar\u015f\u0131lamak ve g\u0131da g\u00fcvenli\u011fini ve s\u00fcrd\u00fcr\u00fclebilir \u00e7ift\u00e7ili\u011fi iyile\u015ftirmek i\u00e7in gereklidir.<\/p>    <h2 class=\"wp-block-heading\"><strong>Yem Pelet \u00dcretim S\u00fcreci<\/strong><\/h2>   <div id=\"rank-math-howto\" class=\"rank-math-block\" > <div class=\"rank-math-howto-description\">  <p>S\u0131\u011f\u0131r yemi pelet \u00fcretim hatt\u0131 i\u015flemi a\u015fa\u011f\u0131daki ad\u0131mlar\u0131 i\u00e7erir: hammadde haz\u0131rl\u0131\u011f\u0131, hammadde ezme, kar\u0131\u015ft\u0131rma, pelet kal\u0131plama, so\u011futma ve ambalaj.<\/p>  <\/div>  <div class=\"rank-math-steps\"> <div id=\"howto-step-1695372539563\" class=\"rank-math-step\"> <h3 class=\"rank-math-step-title\">Hammadde haz\u0131rl\u0131\u011f\u0131<\/h3> <div class=\"rank-math-step-content\"><p>Hammaddelerinizi tah\u0131l, m\u0131s\u0131r \u00e7ekirde\u011fi, pirin\u00e7 kepe\u011fi vb. Gibi yem peletlerinin \u00fcretimi i\u00e7in haz\u0131rlay\u0131n.<\/p> <\/div> <\/div> <div id=\"howto-step-1695372599965\" class=\"rank-math-step\"> <h3 class=\"rank-math-step-title\">Ezici<\/h3> <div class=\"rank-math-step-content\"><p>Haz\u0131rlanan bile\u015fenler ince par\u00e7ac\u0131klar olu\u015fturmak i\u00e7in ezilir.<\/p> <\/div> <\/div> <div id=\"howto-step-1695372621269\" class=\"rank-math-step\"> <h3 class=\"rank-math-step-title\">Kar\u0131\u015ft\u0131rma<\/h3> <div class=\"rank-math-step-content\"><p>Ezilmi\u015f bile\u015fenler iyice kar\u0131\u015ft\u0131r\u0131l\u0131r ve daha sonra proteinler, vitaminler vb. Gibi eklemek istedi\u011finiz besin maddeleri eklenir.<\/p> <\/div> <\/div> <div id=\"howto-step-1695372626381\" class=\"rank-math-step\"> <h3 class=\"rank-math-step-title\">Kal\u0131plama<\/h3> <div class=\"rank-math-step-content\"><p class=\"translation-block\">Kar\u0131\u015ft\u0131rmadan sonra, yem peletleri <a href=\"https:\/\/fishfoodmachinery.com\/tr\/product\/animal-feed-pellet-machine-for-sale\/\">d\u00fcz kal\u0131p pelet makinesi<\/a> kullan\u0131larak \u00fcretilir. Y\u00fcksek s\u0131cakl\u0131klar ve bas\u0131n\u00e7, istenilen boyut ve uzunlukta yem peletleri \u00fcretimine olanak tan\u0131r.<\/p> <\/div> <\/div> <div id=\"howto-step-1695372634629\" class=\"rank-math-step\"> <h3 class=\"rank-math-step-title\">So\u011futma<\/h3> <div class=\"rank-math-step-content\"><p>Daha sonra, depolama \u00f6mr\u00fcn\u00fc iyile\u015ftirmek i\u00e7in peletlerin so\u011futulmas\u0131 gerekir.<\/p> <\/div> <\/div> <div id=\"howto-step-1695372642285\" class=\"rank-math-step\"> <h3 class=\"rank-math-step-title\">Ambalajlama<\/h3> <div class=\"rank-math-step-content\"><p>Son olarak, besleme peletleri kantitatif paket makinesi taraf\u0131ndan tart\u0131l\u0131r ve paketlenir. Ard\u0131ndan besleme peletlerini kar i\u00e7in satabilirsiniz.<\/p> <\/div> <\/div> <\/div> <\/div>       <h2 class=\"wp-block-heading\"><strong>Hayvan Yem Pelet \u00dcretim Hatt\u0131nda Kullan\u0131lan Ekipman<\/strong><\/h2>    <div class=\"wp-block-columns is-layout-flex wp-container-core-columns-is-layout-9d6595d7 wp-block-columns-is-layout-flex\"> <div class=\"wp-block-column is-layout-flow wp-block-column-is-layout-flow\"> <figure class=\"wp-block-image size-full\"><img loading=\"lazy\" decoding=\"async\" width=\"720\" height=\"540\" src=\"https:\/\/fishfoodmachinery.com\/wp-content\/uploads\/2023\/09\/crushing-machine.webp\" alt=\"ezme makinesi\" class=\"wp-image-718\" title=\"\" srcset=\"https:\/\/fishfoodmachinery.com\/wp-content\/uploads\/2023\/09\/crushing-machine.webp 720w, https:\/\/fishfoodmachinery.com\/wp-content\/uploads\/2023\/09\/crushing-machine-300x225.webp 300w\" sizes=\"auto, (max-width: 720px) 100vw, 720px\" \/><figcaption class=\"wp-element-caption\">K\u0131rma makinesi<\/figcaption><\/figure> <\/div>    <div class=\"wp-block-column is-vertically-aligned-center is-layout-flow wp-block-column-is-layout-flow\"> <p class=\"has-text-align-center translation-block\"><strong>\u00c7eki\u00e7li de\u011firmen<\/strong><\/p> <\/div> <\/div>    <div class=\"wp-block-columns is-layout-flex wp-container-core-columns-is-layout-9d6595d7 wp-block-columns-is-layout-flex\"> <div class=\"wp-block-column is-vertically-aligned-center is-layout-flow wp-block-column-is-layout-flow\"> <p class=\"has-text-align-center translation-block\"><strong>Kar\u0131\u015ft\u0131r\u0131c\u0131<\/strong><\/p> <\/div>    <div class=\"wp-block-column is-layout-flow wp-block-column-is-layout-flow\"> <figure class=\"wp-block-image size-full\"><img loading=\"lazy\" decoding=\"async\" width=\"720\" height=\"540\" src=\"https:\/\/fishfoodmachinery.com\/wp-content\/uploads\/2023\/09\/mixer.webp\" alt=\"kar\u0131\u015ft\u0131r\u0131c\u0131\" class=\"wp-image-719\" title=\"\" srcset=\"https:\/\/fishfoodmachinery.com\/wp-content\/uploads\/2023\/09\/mixer.webp 720w, https:\/\/fishfoodmachinery.com\/wp-content\/uploads\/2023\/09\/mixer-300x225.webp 300w\" sizes=\"auto, (max-width: 720px) 100vw, 720px\" \/><figcaption class=\"wp-element-caption\">Kar\u0131\u015ft\u0131r\u0131c\u0131<\/figcaption><\/figure> <\/div> <\/div>    <div class=\"wp-block-columns is-layout-flex wp-container-core-columns-is-layout-9d6595d7 wp-block-columns-is-layout-flex\"> <div class=\"wp-block-column is-layout-flow wp-block-column-is-layout-flow\"> <figure class=\"wp-block-image size-full\"><img loading=\"lazy\" decoding=\"async\" width=\"720\" height=\"540\" src=\"https:\/\/fishfoodmachinery.com\/wp-content\/uploads\/2023\/09\/feed-pellet-machine.webp\" alt=\"besleme pelet makinesi\" class=\"wp-image-723\" title=\"\" srcset=\"https:\/\/fishfoodmachinery.com\/wp-content\/uploads\/2023\/09\/feed-pellet-machine.webp 720w, https:\/\/fishfoodmachinery.com\/wp-content\/uploads\/2023\/09\/feed-pellet-machine-300x225.webp 300w\" sizes=\"auto, (max-width: 720px) 100vw, 720px\" \/><figcaption class=\"wp-element-caption\">Besleme pelet makinesi<\/figcaption><\/figure> <\/div>    <div class=\"wp-block-column is-vertically-aligned-center is-layout-flow wp-block-column-is-layout-flow\"> <p class=\"has-text-align-center translation-block\"><strong>Hayvan yemi pelet makinesi<\/strong><\/p> <\/div> <\/div>    <div class=\"wp-block-columns is-layout-flex wp-container-core-columns-is-layout-9d6595d7 wp-block-columns-is-layout-flex\"> <div class=\"wp-block-column is-vertically-aligned-center is-layout-flow wp-block-column-is-layout-flow\"> <p class=\"has-text-align-center translation-block\"><strong>Paketleme makinesi<\/strong><\/p> <\/div>    <div class=\"wp-block-column is-layout-flow wp-block-column-is-layout-flow\"> <figure class=\"wp-block-image size-full\"><img loading=\"lazy\" decoding=\"async\" width=\"720\" height=\"540\" src=\"https:\/\/fishfoodmachinery.com\/wp-content\/uploads\/2023\/09\/packaging-machine.webp\" alt=\"paketleme makinesi\" class=\"wp-image-725\" title=\"\" srcset=\"https:\/\/fishfoodmachinery.com\/wp-content\/uploads\/2023\/09\/packaging-machine.webp 720w, https:\/\/fishfoodmachinery.com\/wp-content\/uploads\/2023\/09\/packaging-machine-300x225.webp 300w\" sizes=\"auto, (max-width: 720px) 100vw, 720px\" \/><figcaption class=\"wp-element-caption\">Ambalaj makinesi<\/figcaption><\/figure> <\/div> <\/div>    <h2 class=\"wp-block-heading\"><strong>Tavuk yemi pelet \u00fcretim hatt\u0131n\u0131n \u00f6zellikleri<\/strong><\/h2>   <div class=\"wp-block-image\"> <figure class=\"aligncenter size-full\"><img loading=\"lazy\" decoding=\"async\" width=\"720\" height=\"540\" src=\"https:\/\/fishfoodmachinery.com\/wp-content\/uploads\/2023\/09\/cattle-feed-pellet-production-line.webp\" alt=\"S\u0131\u011f\u0131r Yem Pelet \u00dcretim Hatt\u0131\" class=\"wp-image-727\" title=\"\" srcset=\"https:\/\/fishfoodmachinery.com\/wp-content\/uploads\/2023\/09\/cattle-feed-pellet-production-line.webp 720w, https:\/\/fishfoodmachinery.com\/wp-content\/uploads\/2023\/09\/cattle-feed-pellet-production-line-300x225.webp 300w\" sizes=\"auto, (max-width: 720px) 100vw, 720px\" \/><figcaption class=\"wp-element-caption\">S\u0131\u011f\u0131r Yem Pelet \u00dcretim Hatt\u0131<\/figcaption><\/figure> <\/div>   <ul class=\"wp-block-list\"> <li>Y\u00fcksek \u00fcretim verimlili\u011fi ile tam otomatik \u00e7al\u0131\u015fma;<\/li>    <li>\u00c7ok y\u00f6nl\u00fcl\u00fck, farkl\u0131 tipte besleme peletleri yap\u0131n;<\/li>    <li>Besin a\u00e7\u0131s\u0131ndan zengin, sindirilmesi ve emilmesi kolay;<\/li>    <li>Kontrol edilebilir \u00fcretim s\u00fcreci, hammaddelerin y\u00fcksek kullan\u0131m\u0131; <\/li>    <li>\u0130nsan g\u00fcc\u00fc ve enerji maliyetlerinden tasarruf etmek;<\/li>    <li>Farkl\u0131 ihtiya\u00e7lara g\u00f6re \u00f6zelle\u015ftirilebilir ve t\u00fcm \u00e7iftlik boyutlar\u0131 i\u00e7in uygundur.<\/li> <\/ul>    <p>Bu \u00f6zellikler, tavuk besleme pelet \u00fcretim hatt\u0131n\u0131 yem kalitesini art\u0131rmak, \u00fcretim maliyetlerini azaltmak ve tar\u0131m verimlili\u011fini art\u0131rmak i\u00e7in ideal bir se\u00e7im haline getirir.<\/p>    <h2 class=\"wp-block-heading\"><strong>Yem peleti \u00fcretim hatt\u0131 ile y\u00fczen bal\u0131k besleme hatt\u0131 aras\u0131ndaki farkl\u0131l\u0131klar<\/strong><\/h2>    <p class=\"translation-block\">Ana fark, \u00fcretim amac\u0131ndad\u0131r. Tavuk yemi \u00fcretim tesisi, esasen k\u00fcmes hayvanlar\u0131, b\u00fcy\u00fck ba\u015f hayvanlar i\u00e7in pelet yem \u00fcretmek amac\u0131yla kullan\u0131l\u0131r ve yem peletlerinin homojenli\u011fi ve stabilitesine odaklan\u0131r. Di\u011fer yandan, <a href=\"https:\/\/fishfoodmachinery.com\/tr\/product\/small-floating-fish-feed-production-line\/\">bal\u0131k yemi i\u015fleme hatt\u0131<\/a>, su i\u00e7inde planktonik bal\u0131klara uygun yemlerin \u00fcretilmesine odaklan\u0131r ve peletin y\u00fczme kabiliyeti ve suda stabilitesine vurgu yapar.<\/p>    <h2 class=\"wp-block-heading\"><strong>Ba\u015far\u0131l\u0131 Hayvan Yem Pelet Yapma Tesisi vakalar\u0131 <\/strong><\/h2>    <div class=\"wp-block-columns is-layout-flex wp-container-core-columns-is-layout-9d6595d7 wp-block-columns-is-layout-flex\"> <div class=\"wp-block-column is-layout-flow wp-block-column-is-layout-flow\"> <figure class=\"wp-block-embed is-type-wp-embed is-provider-fish-feed-pellet-machine wp-block-embed-fish-feed-pellet-machine\"><div class=\"wp-block-embed__wrapper\"> <blockquote class=\"wp-embedded-content\" data-secret=\"h8Rl9dtQNv\"><a href=\"https:\/\/fishfoodmachinery.com\/tr\/Info\/feed-pellet-machine-algeria\/\">Cezayir'e yem pelet makinesinin d\u0131\u015fa aktar\u0131lmas\u0131<\/a><\/blockquote><iframe loading=\"lazy\" class=\"wp-embedded-content\" sandbox=\"allow-scripts\" security=\"restricted\" style=\"position: absolute; clip: rect(1px, 1px, 1px, 1px);\" title=\"&quot;Besleme Pelet Makinesi&#039;nin Cezayir&#039;e \u0130hracat\u0131&quot; - Bal\u0131k Yem Pelet Makinesi\" src=\"https:\/\/fishfoodmachinery.com\/Info\/feed-pellet-machine-algeria\/embed\/#?secret=nI6q9ClzxY#?secret=h8Rl9dtQNv\" data-secret=\"h8Rl9dtQNv\" width=\"500\" height=\"282\" frameborder=\"0\" marginwidth=\"0\" marginheight=\"0\" scrolling=\"no\"><\/iframe> <\/div><\/figure> <\/div>    <div class=\"wp-block-column is-layout-flow wp-block-column-is-layout-flow\"> <figure class=\"wp-block-embed is-type-wp-embed is-provider-fish-feed-pellet-machine wp-block-embed-fish-feed-pellet-machine\"><div class=\"wp-block-embed__wrapper\"> <blockquote class=\"wp-embedded-content\" data-secret=\"d1ELJxwe6e\"><a href=\"https:\/\/fishfoodmachinery.com\/tr\/Info\/feed-pellet-making-machine-chile\/\">Model 400 Yem Pelet Yap\u0131m Makinesi \u015eili'ye SATILDI<\/a><\/blockquote><iframe loading=\"lazy\" class=\"wp-embedded-content\" sandbox=\"allow-scripts\" security=\"restricted\" style=\"position: absolute; clip: rect(1px, 1px, 1px, 1px);\" title=\"&quot;Model 400 Yem Pelet Yapma Makinesi \u015eili&#039;ye SATILDI&quot; - Bal\u0131k Yem Pelet Makinesi\" src=\"https:\/\/fishfoodmachinery.com\/Info\/feed-pellet-making-machine-chile\/embed\/#?secret=NJjjlCpLI0#?secret=d1ELJxwe6e\" data-secret=\"d1ELJxwe6e\" width=\"500\" height=\"282\" frameborder=\"0\" marginwidth=\"0\" marginheight=\"0\" scrolling=\"no\"><\/iframe> <\/div><\/figure> <\/div> <\/div>    <div class=\"wp-block-columns is-layout-flex wp-container-core-columns-is-layout-9d6595d7 wp-block-columns-is-layout-flex\"> <div class=\"wp-block-column is-layout-flow wp-block-column-is-layout-flow\"> <figure class=\"wp-block-embed is-type-wp-embed is-provider-fish-feed-pellet-machine wp-block-embed-fish-feed-pellet-machine\"><div class=\"wp-block-embed__wrapper\"> <blockquote class=\"wp-embedded-content\" data-secret=\"RoP94Xx2xj\"><a href=\"https:\/\/fishfoodmachinery.com\/tr\/Info\/feed-pellet-mill-machine-ecuador\/\">Ekvadorlu bayi, yerel pazar\u0131 geni\u015fletmek i\u00e7in pelet yem de\u011firmeni makinesi sat\u0131n ald\u0131<\/a><\/blockquote><iframe loading=\"lazy\" class=\"wp-embedded-content\" sandbox=\"allow-scripts\" security=\"restricted\" style=\"position: absolute; clip: rect(1px, 1px, 1px, 1px);\" title=\"\u201cEkvadorlu Madde Sat\u0131n Al\u0131mlar Yerel pazar\u0131 geni\u015fletmek i\u00e7in feed pelet de\u011firmen makinesi\u201d - Bal\u0131k Yem Pelet Makinesi\" src=\"https:\/\/fishfoodmachinery.com\/Info\/feed-pellet-mill-machine-ecuador\/embed\/#?secret=SgPAomtInY#?secret=RoP94Xx2xj\" data-secret=\"RoP94Xx2xj\" width=\"500\" height=\"282\" frameborder=\"0\" marginwidth=\"0\" marginheight=\"0\" scrolling=\"no\"><\/iframe> <\/div><\/figure> <\/div>    <div class=\"wp-block-column is-layout-flow wp-block-column-is-layout-flow\"> <figure class=\"wp-block-embed is-type-wp-embed is-provider-fish-feed-pellet-machine wp-block-embed-fish-feed-pellet-machine\"><div class=\"wp-block-embed__wrapper\"> <blockquote class=\"wp-embedded-content\" data-secret=\"Nfm0fZbbm8\"><a href=\"https:\/\/fishfoodmachinery.com\/tr\/Info\/flat-die-feed-pellet-mill-dominican-rep\/\">2000kg\/s Dominik Cumhuriyeti'ne sat\u0131lan d\u00fcz kal\u0131p feed pelet de\u011firmeni<\/a><\/blockquote><iframe loading=\"lazy\" class=\"wp-embedded-content\" sandbox=\"allow-scripts\" security=\"restricted\" style=\"position: absolute; clip: rect(1px, 1px, 1px, 1px);\" title=\"&quot;2000kg\/s Dominik Cumhuriyeti&#039;ne SATILDI FREE FEED Yem Pelet De\u011firmeni&quot; - Bal\u0131k Yem Pul Pelet Makinesi\" src=\"https:\/\/fishfoodmachinery.com\/Info\/flat-die-feed-pellet-mill-dominican-rep\/embed\/#?secret=89542NVbsh#?secret=Nfm0fZbbm8\" data-secret=\"Nfm0fZbbm8\" width=\"500\" height=\"282\" frameborder=\"0\" marginwidth=\"0\" marginheight=\"0\" scrolling=\"no\"><\/iframe> <\/div><\/figure> <\/div> <\/div>    <h2 class=\"wp-block-heading\"><strong>Yem pelet \u00fcretim hatt\u0131n\u0131n teknik verileri<\/strong><\/h2>    <p class=\"translation-block\"><strong>Marka<\/strong>: Taizy<\/p>    <p class=\"translation-block\"><strong>Hat ad\u0131<\/strong>: Hayvan yemi pelet \u00fcretim hatt\u0131<\/p>    <p class=\"translation-block\"><strong>Kapasite<\/strong>: 150kg\/saat-800kg\/saat<\/p>    <p class=\"translation-block\"><strong>Hayvan yemi pelet tesisindeki ekipman<\/strong>: 9FQ, kar\u0131\u015ft\u0131r\u0131c\u0131, <a href=\"https:\/\/fishfoodmachinery.com\/tr\/product\/animal-feed-pellet-machine-for-sale\/\">hayvan yemi pelet makinesi<\/a>, so\u011futma makinesi, paketleme makinesi<\/p>    <p class=\"translation-block\"><strong>\u00dcretilen yem peletleri<\/strong>: <a href=\"https:\/\/en.wikipedia.org\/wiki\/Poultry\" target=\"_blank\" rel=\"noopener\">K\u00fcmes hayvanlar\u0131<\/a>, tavuk, s\u0131\u011f\u0131r, koyun, ke\u00e7i, tav\u015fan, vb.<\/p>","protected":false},"excerpt":{"rendered":"<p>Yem pelet \u00fcretim hatt\u0131, 150-800 kg\/s kapasiteli tavuk yemi, s\u0131\u011f\u0131r yemi, vb. Gibi \u00e7e\u015fitli hayvan yemini i\u015flemek i\u00e7in \u00f6zel olarak kullan\u0131l\u0131r.<\/p>","protected":false},"author":1,"featured_media":707,"parent":0,"template":"","tags":[53],"product-type":[7],"class_list":["post-706","product","type-product","status-publish","has-post-thumbnail","hentry","tag-animal-feed","product-type-production-line"],"_links":{"self":[{"href":"https:\/\/fishfoodmachinery.com\/tr\/wp-json\/wp\/v2\/product\/706","targetHints":{"allow":["GET"]}}],"collection":[{"href":"https:\/\/fishfoodmachinery.com\/tr\/wp-json\/wp\/v2\/product"}],"about":[{"href":"https:\/\/fishfoodmachinery.com\/tr\/wp-json\/wp\/v2\/types\/product"}],"author":[{"embeddable":true,"href":"https:\/\/fishfoodmachinery.com\/tr\/wp-json\/wp\/v2\/users\/1"}],"wp:featuredmedia":[{"embeddable":true,"href":"https:\/\/fishfoodmachinery.com\/tr\/wp-json\/wp\/v2\/media\/707"}],"wp:attachment":[{"href":"https:\/\/fishfoodmachinery.com\/tr\/wp-json\/wp\/v2\/media?parent=706"}],"wp:term":[{"taxonomy":"post_tag","embeddable":true,"href":"https:\/\/fishfoodmachinery.com\/tr\/wp-json\/wp\/v2\/tags?post=706"},{"taxonomy":"product-type","embeddable":true,"href":"https:\/\/fishfoodmachinery.com\/tr\/wp-json\/wp\/v2\/product-type?post=706"}],"curies":[{"name":"wp","href":"https:\/\/api.w.org\/{rel}","templated":true}]}}