{"id":28,"date":"2022-09-05T08:23:11","date_gmt":"2022-09-05T08:23:11","guid":{"rendered":"https:\/\/fishfoodmachinery.com\/?page_id=28"},"modified":"2022-09-08T10:21:38","modified_gmt":"2022-09-08T10:21:38","slug":"about-us","status":"publish","type":"page","link":"https:\/\/fishfoodmachinery.com\/vi\/about-us\/","title":{"rendered":"V\u1ec1 ch\u00fang t\u00f4i"},"content":{"rendered":"<h2 class=\"wp-block-heading\" id=\"h-taizy-machinery-the-reliable-fish-feed-pellet-machine-manufacturer-supplier\"><strong>M\u00e1y m\u00f3c Taizy - Nh\u00e0 s\u1ea3n xu\u1ea5t v\u00e0 nh\u00e0 cung c\u1ea5p m\u00e1y Pellet Feed Feed Feed<\/strong><\/h2>    <div class=\"wp-block-media-text alignwide is-stacked-on-mobile\"><figure class=\"wp-block-media-text__media\"><img loading=\"lazy\" decoding=\"async\" width=\"720\" height=\"350\" src=\"https:\/\/fishfoodmachinery.com\/wp-content\/uploads\/2022\/09\/fish-feed-pellet-mill-in-stock.webp\" alt=\"Fish Feed Pellet Mill trong kho\" class=\"wp-image-161 size-full\" title=\"\" srcset=\"https:\/\/fishfoodmachinery.com\/wp-content\/uploads\/2022\/09\/fish-feed-pellet-mill-in-stock.webp 720w, https:\/\/fishfoodmachinery.com\/wp-content\/uploads\/2022\/09\/fish-feed-pellet-mill-in-stock-300x146.webp 300w\" sizes=\"auto, (max-width: 720px) 100vw, 720px\" \/><\/figure><div class=\"wp-block-media-text__content\"> <p class=\"translation-block\">Taizy Machinery l\u00e0 nh\u00e0 s\u1ea3n xu\u1ea5t v\u00e0 cung c\u1ea5p chuy\u00ean nghi\u1ec7p v\u00e0 \u0111\u00e1ng tin c\u1eady c\u1ee7a <a href=\"https:\/\/fishfoodmachinery.com\/vi\/product\/floating-fish-feed-machine\/\" target=\"_blank\" rel=\"noreferrer noopener\">m\u00e1y \u00e9p vi\u00ean th\u1ee9c \u0103n c\u00e1<\/a>.<\/p> <\/div><\/div>    <p class=\"translation-block\">M\u00e1y \u00e9p vi\u00ean th\u1ee9c \u0103n c\u00e1 c\u1ee7a ch\u00fang t\u00f4i r\u1ea5t ph\u1ed5 bi\u1ebfn \u1edf n\u01b0\u1edbc ngo\u00e0i v\u00e0 th\u01b0\u1eddng \u0111\u01b0\u1ee3c cung c\u1ea5p cho c\u00e1c nh\u00e0 ph\u00e2n ph\u1ed1i c\u0169ng nh\u01b0 c\u00e1c d\u1ef1 \u00e1n \u0111\u1ea5u th\u1ea7u. C\u00e1c qu\u1ed1c gia ch\u00ednh l\u00e0 <strong>Peru, Angola, Malaysia, B\u1ec9, Ghana, Niger<\/strong>, v.v. N\u1ebfu b\u1ea1n quan t\u00e2m, vui l\u00f2ng <a href=\"https:\/\/fishfoodmachinery.com\/vi\/contact-us\/\" target=\"_blank\" rel=\"noreferrer noopener\">li\u00ean h\u1ec7 v\u1edbi ch\u00fang t\u00f4i<\/a>!<\/p>    <h2 class=\"wp-block-heading\" id=\"h-exhibitions-held-abroad\"><strong>Tri\u1ec3n l\u00e3m \u0111\u01b0\u1ee3c t\u1ed5 ch\u1ee9c \u1edf n\u01b0\u1edbc ngo\u00e0i<\/strong><\/h2>    <p>Ch\u00fang t\u00f4i \u0111\u00e3 \u0111\u01b0\u1ee3c m\u1eddi tham gia c\u00e1c tri\u1ec3n l\u00e3m kh\u00e1c nhau \u1edf n\u01b0\u1edbc ngo\u00e0i tr\u01b0\u1edbc \u0111\u00f3, \u0111i\u1ec1u n\u00e0y cho th\u1ea5y c\u00f4ng ty Taizy c\u1ee7a ch\u00fang t\u00f4i r\u1ea5t m\u1ea1nh m\u1ebd, c\u00f3 m\u1ed9t danh ti\u1ebfng nh\u1ea5t \u0111\u1ecbnh \u1edf n\u01b0\u1edbc ngo\u00e0i v\u00e0 l\u00e0 m\u1ed9t c\u00f4ng ty m\u00e0 kh\u00e1ch h\u00e0ng c\u1ee7a ch\u00fang t\u00f4i c\u00f3 th\u1ec3 tin t\u01b0\u1edfng.<\/p>   <div class=\"wp-block-image\"> <figure class=\"aligncenter size-full\"><img loading=\"lazy\" decoding=\"async\" width=\"750\" height=\"750\" src=\"https:\/\/fishfoodmachinery.com\/wp-content\/uploads\/2022\/09\/Exhibition.webp\" alt=\"Tri\u1ec3n l\u00e3m\" class=\"wp-image-214\" title=\"\" srcset=\"https:\/\/fishfoodmachinery.com\/wp-content\/uploads\/2022\/09\/Exhibition.webp 750w, https:\/\/fishfoodmachinery.com\/wp-content\/uploads\/2022\/09\/Exhibition-300x300.webp 300w, https:\/\/fishfoodmachinery.com\/wp-content\/uploads\/2022\/09\/Exhibition-150x150.webp 150w\" sizes=\"auto, (max-width: 750px) 100vw, 750px\" \/><figcaption>Tri\u1ec3n l\u00e3m<\/figcaption><\/figure> <\/div>   <h2 class=\"wp-block-heading\" id=\"h-horned-certificates\"><strong>Gi\u1ea5y ch\u1ee9ng nh\u1eadn s\u1eebng<\/strong><\/h2>    <p>C\u00f4ng ty Taizy c\u00f3 nhi\u1ec1u ch\u1ee9ng ch\u1ec9 kh\u00e1c nhau, ch\u1ee9ng t\u1ecf ch\u1ea5t l\u01b0\u1ee3ng v\u01b0\u1ee3t tr\u1ed9i c\u1ee7a c\u00f4ng ty c\u1ee7a ch\u00fang t\u00f4i.<\/p>    <figure class=\"wp-block-image size-full\"><img loading=\"lazy\" decoding=\"async\" width=\"750\" height=\"750\" src=\"https:\/\/fishfoodmachinery.com\/wp-content\/uploads\/2022\/09\/Certificate.webp\" alt=\"Gi\u1ea5y ch\u1ee9ng nh\u1eadn\" class=\"wp-image-211\" title=\"\" srcset=\"https:\/\/fishfoodmachinery.com\/wp-content\/uploads\/2022\/09\/Certificate.webp 750w, https:\/\/fishfoodmachinery.com\/wp-content\/uploads\/2022\/09\/Certificate-300x300.webp 300w, https:\/\/fishfoodmachinery.com\/wp-content\/uploads\/2022\/09\/Certificate-150x150.webp 150w\" sizes=\"auto, (max-width: 750px) 100vw, 750px\" \/><figcaption>Gi\u1ea5y ch\u1ee9ng nh\u1eadn<\/figcaption><\/figure>    <h2 class=\"wp-block-heading\" id=\"h-customer-feedback\"><strong>Ph\u1ea3n h\u1ed3i c\u1ee7a kh\u00e1ch h\u00e0ng<\/strong><\/h2>    <div class=\"wp-block-media-text alignwide is-stacked-on-mobile\"><figure class=\"wp-block-media-text__media\"><img loading=\"lazy\" decoding=\"async\" width=\"541\" height=\"939\" src=\"https:\/\/fishfoodmachinery.com\/wp-content\/uploads\/2022\/09\/customer-feedback.webp\" alt=\"ph\u1ea3n h\u1ed3i c\u1ee7a kh\u00e1ch h\u00e0ng\" class=\"wp-image-216 size-full\" title=\"\" srcset=\"https:\/\/fishfoodmachinery.com\/wp-content\/uploads\/2022\/09\/customer-feedback.webp 541w, https:\/\/fishfoodmachinery.com\/wp-content\/uploads\/2022\/09\/customer-feedback-173x300.webp 173w\" sizes=\"auto, (max-width: 541px) 100vw, 541px\" \/><\/figure><div class=\"wp-block-media-text__content\"> <p>H\u00ecnh \u1ea3nh b\u00ean tr\u00e1i l\u00e0 nh\u1eefng g\u00ec m\u1ed9t trong nh\u1eefng kh\u00e1ch h\u00e0ng \u0111\u1ea1i l\u00fd c\u1ee7a ch\u00fang t\u00f4i n\u00f3i v\u1ec1 ch\u00fang t\u00f4i. <\/p>    <p>T\u1eeb \u0111\u00f3, ch\u00fang ta c\u00f3 th\u1ec3 th\u1ea5y r\u1eb1ng kh\u00f4ng ch\u1ec9 c\u00e1c m\u00e1y m\u00f3c c\u1ee7a ch\u00fang ta c\u00f3 ch\u1ea5t l\u01b0\u1ee3ng tuy\u1ec7t v\u1eddi, m\u00e0 nh\u00e2n vi\u00ean b\u00e1n h\u00e0ng c\u1ee7a ch\u00fang ta c\u0169ng c\u00f3 ki\u1ebfn \u200b\u200bth\u1ee9c chuy\u00ean m\u00f4n phong ph\u00fa v\u00e0 d\u1ecbch v\u1ee5 \u00e2n c\u1ea7n.<\/p> <\/div><\/div>","protected":false},"excerpt":{"rendered":"<p>Taizy Machinery &#8211; the reliable fish feed pellet machine manufacturer &amp; supplier Taizy Machinery is a professional and trustworthy manufacturer and supplier of the fish food pellet machine. Our fish food pellet mills are very popular overseas and are often supplied to distributors as well as tender projects. The main countries are Peru, Angola, Malaysia, [&hellip;]<\/p>\n","protected":false},"author":1,"featured_media":0,"parent":0,"menu_order":0,"comment_status":"closed","ping_status":"closed","template":"","meta":{"footnotes":""},"class_list":["post-28","page","type-page","status-publish","hentry"],"_links":{"self":[{"href":"https:\/\/fishfoodmachinery.com\/vi\/wp-json\/wp\/v2\/pages\/28","targetHints":{"allow":["GET"]}}],"collection":[{"href":"https:\/\/fishfoodmachinery.com\/vi\/wp-json\/wp\/v2\/pages"}],"about":[{"href":"https:\/\/fishfoodmachinery.com\/vi\/wp-json\/wp\/v2\/types\/page"}],"author":[{"embeddable":true,"href":"https:\/\/fishfoodmachinery.com\/vi\/wp-json\/wp\/v2\/users\/1"}],"replies":[{"embeddable":true,"href":"https:\/\/fishfoodmachinery.com\/vi\/wp-json\/wp\/v2\/comments?post=28"}],"version-history":[{"count":0,"href":"https:\/\/fishfoodmachinery.com\/vi\/wp-json\/wp\/v2\/pages\/28\/revisions"}],"wp:attachment":[{"href":"https:\/\/fishfoodmachinery.com\/vi\/wp-json\/wp\/v2\/media?parent=28"}],"curies":[{"name":"wp","href":"https:\/\/api.w.org\/{rel}","templated":true}]}}