{"id":49,"date":"2022-09-06T03:45:34","date_gmt":"2022-09-06T03:45:34","guid":{"rendered":"https:\/\/fishfoodmachinery.com\/?post_type=product&#038;p=49"},"modified":"2024-06-11T17:19:39","modified_gmt":"2024-06-11T09:19:39","slug":"small-floating-fish-feed-production-line","status":"publish","type":"product","link":"https:\/\/fishfoodmachinery.com\/vi\/product\/small-floating-fish-feed-production-line\/","title":{"rendered":"D\u00e2y chuy\u1ec1n s\u1ea3n xu\u1ea5t th\u1ee9c \u0103n cho c\u00e1 n\u1ed5i nh\u1ecf"},"content":{"rendered":"<p class=\"translation-block\">D\u00f2ng s\u1ea3n xu\u1ea5t th\u1ee9c \u0103n cho c\u00e1 n\u1ed5i n\u00e0y c\u00f3 th\u1ec3 s\u1ea3n xu\u1ea5t th\u1ee9c \u0103n cho c\u00e1 \u1edf c\u00e1c h\u00ecnh d\u1ea1ng v\u00e0 n\u0103ng su\u1ea5t kh\u00e1c nhau b\u1eb1ng c\u00e1ch nghi\u1ec1n, tr\u1ed9n, \u00e9p v\u00e0 s\u1ea5y. N\u00f3 cho c\u00f4ng su\u1ea5t 40-350kg\/h, ph\u00f9 h\u1ee3p cho c\u00e1c n\u00f4ng tr\u1ea1i nu\u00f4i c\u00e1 nh\u1ecf v\u00e0 v\u1eeba, v.v. <\/p>    <p>C\u00e1c ngu\u1ed3n c\u1ea5p d\u1eef li\u1ec7u \u0111\u01b0\u1ee3c s\u1ea3n xu\u1ea5t c\u00f3 th\u1ec3 \u0111\u01b0\u1ee3c s\u1eed d\u1ee5ng cho c\u00e1c \u0111\u1ed9ng v\u1eadt sau: t\u1ea5t c\u1ea3 c\u00e1c lo\u1ea1i c\u00e1, v\u1eb9t, t\u00f4m, v.v ... D\u00f2ng s\u1ea3n xu\u1ea5t th\u1ee9c \u0103n c\u00e1 ho\u00e0n ch\u1ec9nh l\u00e0 linh ho\u1ea1t, n\u1ebfu b\u1ea1n quan t\u00e2m \u0111\u1ebfn \u0111i\u1ec1u n\u00e0y, xin vui l\u00f2ng li\u00ean h\u1ec7 v\u1edbi ch\u00fang t\u00f4i!<\/p>    <figure class=\"wp-block-embed is-type-video is-provider-youtube wp-block-embed-youtube wp-embed-aspect-16-9 wp-has-aspect-ratio\"><div class=\"wp-block-embed__wrapper\"> <iframe loading=\"lazy\" title=\"D\u00e2y chuy\u1ec1n s\u1ea3n xu\u1ea5t vi\u00ean th\u1ee9c \u0103n c\u00e1 n\u1ed5i \u0111\u01a1n gi\u1ea3n v\u00e0 th\u1ef1c t\u1ebf | C\u00e1ch l\u00e0m Pellets#pellets\" width=\"500\" height=\"281\" src=\"https:\/\/www.youtube.com\/embed\/9BjNa9qqZpA?feature=oembed\" frameborder=\"0\" allow=\"accelerometer; autoplay; clipboard-write; encrypted-media; gyroscope; picture-in-picture; web-share\" referrerpolicy=\"strict-origin-when-cross-origin\" allowfullscreen><\/iframe> <\/div><figcaption class=\"wp-element-caption\">Gi\u1edbi thi\u1ec7u video v\u1ec1 d\u00e2y chuy\u1ec1n s\u1ea3n xu\u1ea5t th\u1ee9c \u0103n n\u1ed5i \u0111\u01a1n gi\u1ea3n v\u00e0 th\u1ef1c t\u1ebf<\/figcaption><\/figure>    <h2 class=\"wp-block-heading\" id=\"h-feed-pellet-sizes-and-shapes-that-can-be-produced\"><strong>K\u00edch th\u01b0\u1edbc v\u00e0 h\u00ecnh d\u1ea1ng vi\u00ean th\u1ee9c \u0103n c\u00f3 th\u1ec3 \u0111\u01b0\u1ee3c s\u1ea3n xu\u1ea5t<\/strong><\/h2>    <p>D\u00e2y chuy\u1ec1n s\u1ea3n xu\u1ea5t th\u1ee9c \u0103n n\u1ed5i c\u1ee7a ch\u00fang t\u00f4i c\u00f3 th\u1ec3 t\u1ea1o ra c\u00e1c vi\u00ean th\u1ee9c \u0103n c\u00f3 k\u00edch th\u01b0\u1edbc v\u00e0 h\u00ecnh d\u1ea1ng kh\u00e1c nhau, t\u00f9y thu\u1ed9c v\u00e0o khu\u00f4n c\u1ee7a ch\u00fang t\u00f4i. Khu\u00f4n c\u1ee7a ch\u00fang t\u00f4i c\u00f3 th\u1ec3 t\u1ea1o ra c\u00e1c h\u00ecnh d\u1ea1ng kh\u00e1c nhau c\u1ee7a c\u00e1c vi\u00ean th\u1ee9c \u0103n, li\u00ean l\u1ea1c v\u1edbi ch\u00fang t\u00f4i \u0111\u1ec3 bi\u1ebft th\u00eam th\u00f4ng tin!<\/p>   <div class=\"wp-block-image\"> <figure class=\"aligncenter size-full\"><img loading=\"lazy\" decoding=\"async\" width=\"720\" height=\"450\" src=\"https:\/\/fishfoodmachinery.com\/wp-content\/uploads\/2022\/09\/feed-pellet-moulds.webp\" alt=\"Feed Pellet Molds\" class=\"wp-image-84\" title=\"\" srcset=\"https:\/\/fishfoodmachinery.com\/wp-content\/uploads\/2022\/09\/feed-pellet-moulds.webp 720w, https:\/\/fishfoodmachinery.com\/wp-content\/uploads\/2022\/09\/feed-pellet-moulds-300x188.webp 300w\" sizes=\"auto, (max-width: 720px) 100vw, 720px\" \/><figcaption class=\"wp-element-caption\">Feed Pellet Molds<\/figcaption><\/figure> <\/div>   <h2 class=\"wp-block-heading\" id=\"h-how-to-produce-fish-food-pellets-in-taizy-floating-fish-feed-production-line\"><strong>L\u00e0m th\u1ebf n\u00e0o \u0111\u1ec3 s\u1ea3n xu\u1ea5t c\u00e1c vi\u00ean th\u1ee9c \u0103n c\u00e1 trong d\u00e2y chuy\u1ec1n s\u1ea3n xu\u1ea5t th\u1ee9c \u0103n n\u1ed5i c\u1ee7a c\u00e1 Taizy?<\/strong><\/h2>    <p>Vi\u1ec7c s\u1ea3n xu\u1ea5t th\u1ee9c \u0103n cho c\u00e1 c\u00f3 c\u00e1c b\u01b0\u1edbc sau \u0111\u00e2y n\u00f3i chung:<\/p>    <div class=\"wp-block-media-text alignwide is-stacked-on-mobile\"><figure class=\"wp-block-media-text__media\"><img loading=\"lazy\" decoding=\"async\" width=\"720\" height=\"540\" src=\"https:\/\/fishfoodmachinery.com\/wp-content\/uploads\/2022\/09\/9FQ-disk-mill-machine.webp\" alt=\"M\u00e1y nh\u00e0 m\u00e1y 9FQ-\u0111\u0129a\" class=\"wp-image-86 size-full\" title=\"\" srcset=\"https:\/\/fishfoodmachinery.com\/wp-content\/uploads\/2022\/09\/9FQ-disk-mill-machine.webp 720w, https:\/\/fishfoodmachinery.com\/wp-content\/uploads\/2022\/09\/9FQ-disk-mill-machine-300x225.webp 300w\" sizes=\"auto, (max-width: 720px) 100vw, 720px\" \/><\/figure><div class=\"wp-block-media-text__content\"> <p class=\"translation-block\"><strong>Nghi\u1ec1n v\u1eadt li\u1ec7u: m\u00e1y nghi\u1ec1n 9FQ\/\u0111\u0129a mill<\/strong><\/p>    <p>B\u01b0\u1edbc n\u00e0y ch\u1ee7 y\u1ebfu l\u00e0 \u0111\u1ec3 nghi\u1ec1n n\u00e1t c\u00e1c nguy\u00ean li\u1ec7u th\u00f4. 9FQ ho\u1eb7c m\u00e1y m\u00e1y m\u00e0i \u0111\u1ec1u \u0111\u01b0\u1ee3c \u00e1p d\u1ee5ng. L\u00e0m th\u1ebf n\u00e0o \u0111\u1ec3 ch\u1ecdn m\u1ed9t c\u00e1i th\u00edch h\u1ee3p, ph\u1ee5 thu\u1ed9c v\u00e0o n\u0103ng l\u1ef1c s\u1ea3n xu\u1ea5t.<\/p> <\/div><\/div>    <div class=\"wp-block-media-text alignwide has-media-on-the-right is-stacked-on-mobile\"><div class=\"wp-block-media-text__content\"> <p class=\"translation-block\"><strong>Tr\u1ed9n v\u1eadt li\u1ec7u: m\u00e1y tr\u1ed9n th\u1ee9c \u0103n cho c\u00e1<\/strong><\/p>    <p>Ch\u1ee9c n\u0103ng c\u1ee7a n\u00f3 l\u00e0 tr\u1ed9n \u0111\u1ec1u, \u0111\u1ec3 l\u00e0m cho c\u00e1c v\u1eadt li\u1ec7u \u0111\u1ed3ng nh\u1ea5t.<\/p> <\/div><figure class=\"wp-block-media-text__media\"><img loading=\"lazy\" decoding=\"async\" width=\"720\" height=\"540\" src=\"https:\/\/fishfoodmachinery.com\/wp-content\/uploads\/2022\/09\/fish-feed-mixer-machine.webp\" alt=\"M\u00e1y tr\u1ed9n th\u1ee9c \u0103n cho c\u00e1\" class=\"wp-image-89 size-full\" title=\"\" srcset=\"https:\/\/fishfoodmachinery.com\/wp-content\/uploads\/2022\/09\/fish-feed-mixer-machine.webp 720w, https:\/\/fishfoodmachinery.com\/wp-content\/uploads\/2022\/09\/fish-feed-mixer-machine-300x225.webp 300w\" sizes=\"auto, (max-width: 720px) 100vw, 720px\" \/><\/figure><\/div>    <div class=\"wp-block-media-text alignwide is-stacked-on-mobile\"><figure class=\"wp-block-media-text__media\"><img loading=\"lazy\" decoding=\"async\" width=\"720\" height=\"540\" src=\"https:\/\/fishfoodmachinery.com\/wp-content\/uploads\/2022\/09\/screw-elevator.webp\" alt=\"thang m\u00e1y v\u00edt\" class=\"wp-image-91 size-full\" title=\"\" srcset=\"https:\/\/fishfoodmachinery.com\/wp-content\/uploads\/2022\/09\/screw-elevator.webp 720w, https:\/\/fishfoodmachinery.com\/wp-content\/uploads\/2022\/09\/screw-elevator-300x225.webp 300w\" sizes=\"auto, (max-width: 720px) 100vw, 720px\" \/><\/figure><div class=\"wp-block-media-text__content\"> <p class=\"translation-block\"><strong>N\u00e2ng \u0111\u1ee1: thang n\u00e2ng v\u00edt<\/strong><\/p>    <p>G\u1eedi t\u00e0i li\u1ec7u trong B\u01b0\u1edbc 2 \u0111\u1ebfn m\u00e1y vi\u00ean c\u00e1. T\u1ea5t nhi\u00ean, lao \u0111\u1ed9ng c\u0169ng \u1ed5n.<\/p> <\/div><\/div>    <div class=\"wp-block-media-text alignwide has-media-on-the-right is-stacked-on-mobile\"><div class=\"wp-block-media-text__content\"> <p class=\"translation-block\"><strong>S\u1ea3n xu\u1ea5t vi\u00ean th\u1ee9c \u0103n: <a href=\"https:\/\/fishfoodmachinery.com\/vi\/product\/floating-fish-feed-machine\/\" target=\"_blank\" rel=\"noreferrer noopener\">m\u00e1y s\u1ea3n xu\u1ea5t th\u1ee9c \u0103n cho c\u00e1 n\u1ed5i<\/a><\/strong><\/p>    <p>M\u00e1y th\u1ef1c ph\u1ea9m c\u00e1 n\u1ed5i l\u00e0 ph\u1ea7n ch\u00ednh \u0111\u1ec3 t\u1ea1o ra c\u00e1c vi\u00ean th\u1ee9c \u0103n c\u00e1 tuy\u1ec7t v\u1eddi. Ch\u1ec9 b\u1eb1ng c\u00e1ch thay \u0111\u1ed5i khu\u00f4n, b\u1ea1n c\u00f3 th\u1ec3 c\u00f3 \u0111\u01b0\u1ee3c c\u00e1c k\u00edch th\u01b0\u1edbc v\u00e0 h\u00ecnh d\u1ea1ng vi\u00ean kh\u00e1c nhau.<\/p> <\/div><figure class=\"wp-block-media-text__media\"><img loading=\"lazy\" decoding=\"async\" width=\"720\" height=\"540\" src=\"https:\/\/fishfoodmachinery.com\/wp-content\/uploads\/2022\/09\/fish-feed-production-machine.webp\" alt=\"m\u00e1y s\u1ea3n xu\u1ea5t th\u1ee9c \u0103n cho c\u00e1\" class=\"wp-image-92 size-full\" title=\"\" srcset=\"https:\/\/fishfoodmachinery.com\/wp-content\/uploads\/2022\/09\/fish-feed-production-machine.webp 720w, https:\/\/fishfoodmachinery.com\/wp-content\/uploads\/2022\/09\/fish-feed-production-machine-300x225.webp 300w\" sizes=\"auto, (max-width: 720px) 100vw, 720px\" \/><\/figure><\/div>    <div class=\"wp-block-media-text alignwide is-stacked-on-mobile\"><figure class=\"wp-block-media-text__media\"><img loading=\"lazy\" decoding=\"async\" width=\"720\" height=\"540\" src=\"https:\/\/fishfoodmachinery.com\/wp-content\/uploads\/2022\/09\/dryer.webp\" alt=\"m\u00e1y s\u1ea5y\" class=\"wp-image-97 size-full\" title=\"\" srcset=\"https:\/\/fishfoodmachinery.com\/wp-content\/uploads\/2022\/09\/dryer.webp 720w, https:\/\/fishfoodmachinery.com\/wp-content\/uploads\/2022\/09\/dryer-300x225.webp 300w\" sizes=\"auto, (max-width: 720px) 100vw, 720px\" \/><\/figure><div class=\"wp-block-media-text__content\"> <p class=\"translation-block\"><strong>S\u1ea5y vi\u00ean<\/strong><\/p>    <p>C\u00f3 hai lo\u1ea1i: m\u00e1y s\u1ea5y th\u1eb3ng \u0111\u1ee9ng v\u00e0 m\u00e1y s\u1ea5y \u0111ai. Ch\u1ee9c n\u0103ng l\u00e0 k\u00e9o d\u00e0i th\u1eddi gian s\u1ea5y, l\u00e0m cho vi\u00ean kh\u00f4 h\u01a1n.<\/p>    <p>M\u00e1y s\u1ea5y th\u1eb3ng \u0111\u1ee9ng l\u00e0 m\u1ed9t c\u00e1i nh\u1ecf, v\u00e0 hi\u1ec7u qu\u1ea3 v\u1ec1 chi ph\u00ed.<\/p>    <p>M\u00e1y s\u1ea5y \u0111ai th\u1ef1c s\u1ef1 l\u00e0 m\u1ed9t kim lo\u1ea1i, c\u00f3 \u01b0u \u0111i\u1ec3m c\u1ee7a nhi\u1ec7t \u0111\u1ed9 cao, v\u1eadt li\u1ec7u b\u1eb1ng th\u00e9p kh\u00f4ng g\u1ec9.<\/p> <\/div><\/div>    <div class=\"wp-block-media-text alignwide has-media-on-the-right is-stacked-on-mobile\"><div class=\"wp-block-media-text__content\"> <p class=\"translation-block\"><strong>Gia v\u1ecb: m\u00e1y gia v\u1ecb<\/strong><\/p>    <p>Trong b\u01b0\u1edbc n\u00e0y, b\u1ea1n c\u00f3 th\u1ec3 th\u00eam gia v\u1ecb ho\u1eb7c phun d\u1ea7u.<\/p>    <p>Th\u00eam gia v\u1ecb: L\u00e0m cho c\u00e1c vi\u00ean th\u1ee9c \u0103n h\u1ea5p d\u1eabn h\u01a1n \u0111\u1ed1i v\u1edbi c\u00e1, ch\u00f3 v\u00e0 m\u00e8o.<\/p>    <p>D\u1ea7u phun: 1) b\u1ec1 m\u1eb7t m\u1ecbn; 2) Ch\u1ed1ng \u1ea9m.<\/p> <\/div><figure class=\"wp-block-media-text__media\"><img loading=\"lazy\" decoding=\"async\" width=\"720\" height=\"540\" src=\"https:\/\/fishfoodmachinery.com\/wp-content\/uploads\/2022\/09\/seasoning-machine-spraying-machine.webp\" alt=\"M\u00e1y gia v\u1ecb &amp; M\u00e1y phun\" class=\"wp-image-95 size-full\" title=\"\" srcset=\"https:\/\/fishfoodmachinery.com\/wp-content\/uploads\/2022\/09\/seasoning-machine-spraying-machine.webp 720w, https:\/\/fishfoodmachinery.com\/wp-content\/uploads\/2022\/09\/seasoning-machine-spraying-machine-300x225.webp 300w\" sizes=\"auto, (max-width: 720px) 100vw, 720px\" \/><\/figure><\/div>    <h2 class=\"wp-block-heading\"><strong>\u01afu \u0111i\u1ec3m c\u1ee7a d\u00e2y chuy\u1ec1n s\u1ea3n xu\u1ea5t th\u1ee9c \u0103n cho c\u00e1 n\u1ed5i<\/strong><\/h2>    <ul class=\"wp-block-list\"> <li><strong>Chi ph\u00ed th\u1ea5p<\/strong>: D\u00e2y chuy\u1ec1n s\u1ea3n xu\u1ea5t vi\u00ean th\u1ef1c ph\u1ea9m c\u00e1 nh\u1ecf c\u00f3 chi ph\u00ed \u0111\u1ea7u t\u01b0 th\u1ea5p, ph\u00f9 h\u1ee3p cho n\u00f4ng d\u00e2n v\u1eeba v\u00e0 nh\u1ecf v\u00e0 c\u00f3 th\u1ec3 gi\u1ea3m hi\u1ec7u qu\u1ea3 kho\u1ea3n \u0111\u1ea7u t\u01b0 ban \u0111\u1ea7u.<\/li>    <li><strong>D\u1ea5u ch\u00e2n nh\u1ecf<\/strong>: Thi\u1ebft b\u1ecb c\u00f3 c\u1ea5u tr\u00fac nh\u1ecf g\u1ecdn v\u00e0 bao g\u1ed3m m\u1ed9t khu v\u1ef1c nh\u1ecf, ph\u00f9 h\u1ee3p cho c\u00e1c trang tr\u1ea1i ho\u1eb7c c\u00e1c nh\u00e0 m\u00e1y ch\u1ebf bi\u1ebfn nh\u1ecf v\u1edbi kh\u00f4ng gian h\u1ea1n ch\u1ebf.<\/li>    <li><strong>D\u1ec5 d\u00e0ng v\u1eadn h\u00e0nh<\/strong>: Thi\u1ebft b\u1ecb th\u00e2n thi\u1ec7n v\u1edbi ng\u01b0\u1eddi d\u00f9ng v\u00e0 d\u1ec5 v\u1eadn h\u00e0nh. N\u00f3 kh\u00f4ng y\u00eau c\u1ea7u c\u00e1c k\u1ef9 thu\u1eadt vi\u00ean chuy\u00ean nghi\u1ec7p v\u00e0 c\u00f3 th\u1ec3 d\u1ec5 d\u00e0ng v\u1eadn h\u00e0nh b\u1edfi nh\u1eefng ng\u01b0\u1eddi n\u00f4ng d\u00e2n b\u00ecnh th\u01b0\u1eddng.<\/li>    <li><strong>T\u00ednh linh ho\u1ea1t m\u1ea1nh m\u1ebd<\/strong>: D\u00e2y chuy\u1ec1n s\u1ea3n xu\u1ea5t th\u1ee9c \u0103n c\u00e1 n\u1ed5i n\u00e0y c\u00f3 th\u1ec3 \u0111i\u1ec1u ch\u1ec9nh kh\u1ed1i l\u01b0\u1ee3ng s\u1ea3n xu\u1ea5t theo nhu c\u1ea7u, t\u00ednh linh ho\u1ea1t m\u1ea1nh m\u1ebd v\u00e0 th\u00edch \u1ee9ng v\u1edbi nhu c\u1ea7u s\u1ea3n xu\u1ea5t c\u1ee7a c\u00e1c quy m\u00f4 kh\u00e1c nhau.<\/li>    <li><strong>B\u1ea3o tr\u00ec thu\u1eadn ti\u1ec7n<\/strong>: C\u1ea5u tr\u00fac \u0111\u01a1n gi\u1ea3n c\u1ee7a thi\u1ebft b\u1ecb, b\u1ea3o tr\u00ec d\u1ec5 d\u00e0ng, chi ph\u00ed b\u1ea3o tr\u00ec v\u00e0 s\u1eeda ch\u1eefa th\u1ea5p h\u00e0ng ng\u00e0y, tu\u1ed5i th\u1ecd d\u00e0i.<\/li> <\/ul>    <h2 class=\"wp-block-heading\" id=\"h-technical-parameters-of-the-fish-feed-production-machine\"><strong>Th\u00f4ng s\u1ed1 k\u1ef9 thu\u1eadt c\u1ee7a m\u00e1y s\u1ea3n xu\u1ea5t th\u1ee9c \u0103n cho c\u00e1<\/strong><\/h2>    <figure class=\"wp-block-table\"><table><tbody><tr><td>Ng\u01b0\u1eddi m\u1eabu<\/td><td>Dung t\u00edch<\/td><td>Ngu\u1ed3n \u0111i\u1ec7n ch\u00ednh<\/td><td>C\u00f4ng su\u1ea5t c\u1eaft<\/td><td>Ngu\u1ed3n cung c\u1ea5p th\u1ee9c \u0103n<\/td><td>\u0110\u01b0\u1eddng k\u00ednh tr\u1ee5c v\u00edt<\/td><td>K\u00edch c\u1ee1<\/td><td>C\u00e2n n\u1eb7ng<\/td><\/tr><tr><td>DGP-40<\/td><td>40-50kg\/gi\u1edd<\/td><td>7,5kW<\/td><td>0,4kW<\/td><td>0,4kW<\/td><td>40mm<\/td><td>1260*860*1250mm<\/td><td>290kg<\/td><\/tr><tr><td>DGP-60<\/td><td>150kg\/gi\u1edd<\/td><td>15kW<\/td><td>0,4kW<\/td><td>0,4kW<\/td><td>60mm<\/td><td>1450*950*1430mm<\/td><td>480kg<\/td><\/tr><tr><td>DGP-70<\/td><td>180-250kg\/gi\u1edd<\/td><td>18,5kW<\/td><td>0,4kW<\/td><td>0,4kW<\/td><td>70mm<\/td><td>1600*1400*1450mm<\/td><td>600kg<\/td><\/tr><tr><td>DGP-80<\/td><td>300-350kg\/gi\u1edd<\/td><td>22kW<\/td><td>0,4kW<\/td><td>0,4kW<\/td><td>80mm<\/td><td>1850*1470*1500m<\/td><td>800kg<\/td><\/tr><\/tbody><\/table><figcaption class=\"wp-element-caption\">Th\u00f4ng s\u1ed1 k\u1ef9 thu\u1eadt c\u1ee7a m\u00e1y vi\u00ean th\u1ee9c \u0103n c\u00e1<\/figcaption><\/figure>    <p>Nh\u00ecn chung, n\u00f3 d\u1ef1a tr\u00ean \u0111\u1ea7u ra c\u1ee7a m\u00e1y \u0111\u00f9n th\u1ee9c \u0103n c\u00e1 \u0111\u1ec3 x\u00e1c \u0111\u1ecbnh \u0111\u1ea7u ra c\u1ee5 th\u1ec3 c\u1ee7a d\u00e2y chuy\u1ec1n s\u1ea3n xu\u1ea5t th\u1ee9c \u0103n c\u00e1, ch\u1ecdn \u0111\u1ea7u ra c\u1ee7a m\u00e1y vi\u00ean th\u1ee9c \u0103n c\u00e1, sau \u0111\u00f3 kh\u1edbp v\u1edbi c\u00e1c thi\u1ebft b\u1ecb ph\u00f9 h\u1ee3p ti\u1ebfp theo c\u1ea7n thi\u1ebft.<\/p>    <h2 class=\"wp-block-heading\" id=\"h-successful-case-200-300kg-h-floating-fish-feed-production-process-to-cote-d-ivoire\"><strong><strong>Tr\u01b0\u1eddng h\u1ee3p th\u00e0nh c\u00f4ng: quy tr\u00ecnh s\u1ea3n xu\u1ea5t th\u1ee9c \u0103n n\u1ed5i cho c\u00e1 v\u1edbi c\u00f4ng su\u1ea5t 200-300kg\/h t\u1ea1i C\u00f4te d\u2019Ivoire<\/strong><\/strong><\/h2>    <p>Kh\u00e1ch h\u00e0ng n\u00e0y mu\u1ed1n m\u00e1y th\u1ef1c ph\u1ea9m c\u00e1 n\u1ed5i s\u1ea3n xu\u1ea5t 200-300 kg m\u1ed7i gi\u1edd. Theo nhu c\u1ea7u c\u1ee7a anh \u1ea5y, gi\u00e1m \u0111\u1ed1c b\u00e1n h\u00e0ng c\u1ee7a ch\u00fang t\u00f4i \u0111\u00e3 \u0111\u1ec1 xu\u1ea5t cho anh \u1ea5y m\u00e1y 80 lo\u1ea1i t\u01b0\u01a1ng \u1ee9ng. Ngo\u00e0i ra, anh ta c\u0169ng mu\u1ed1n c\u00f3 m\u1ed9t m\u00e1y s\u1ea5y, thang m\u00e1y v\u00e0 m\u00e1y tr\u1ed9n \u0111\u1ec3 c\u1ea3i thi\u1ec7n hi\u1ec7u qu\u1ea3. <\/p>    <p>Qu\u1ea3n l\u00fd b\u00e1n h\u00e0ng c\u1ee7a ch\u00fang t\u00f4i sau \u0111\u00f3 \u0111\u1ec1 xu\u1ea5t \u0111\u00fang m\u00e1y theo y\u00eau c\u1ea7u v\u00e0 ng\u00e2n s\u00e1ch t\u00e0i ch\u00ednh c\u1ee7a anh \u1ea5y. Cu\u1ed1i c\u00f9ng anh ta \u0111\u00e3 mua m\u1ed9t m\u00e1y tr\u1ed9n, hai m\u00e1y s\u1ea5y, hai thang m\u00e1y v\u00e0 m\u1ed9t nh\u00e0 m\u00e1y th\u1ee9c \u0103n c\u00e1.<\/p>   <div class=\"wp-block-image\"> <figure class=\"aligncenter size-full\"><img loading=\"lazy\" decoding=\"async\" width=\"720\" height=\"350\" src=\"https:\/\/fishfoodmachinery.com\/wp-content\/uploads\/2022\/09\/200-300kg-per-hour-fish-feed-production-line.webp\" alt=\"D\u00e2y chuy\u1ec1n s\u1ea3n xu\u1ea5t th\u1ee9c \u0103n c\u00e1 200-300kg m\u1ed7i gi\u1edd\" class=\"wp-image-100\" title=\"\" srcset=\"https:\/\/fishfoodmachinery.com\/wp-content\/uploads\/2022\/09\/200-300kg-per-hour-fish-feed-production-line.webp 720w, https:\/\/fishfoodmachinery.com\/wp-content\/uploads\/2022\/09\/200-300kg-per-hour-fish-feed-production-line-300x146.webp 300w\" sizes=\"auto, (max-width: 720px) 100vw, 720px\" \/><figcaption class=\"wp-element-caption\">D\u00e2y chuy\u1ec1n s\u1ea3n xu\u1ea5t th\u1ee9c \u0103n c\u00e1 200-300kg m\u1ed7i gi\u1edd<\/figcaption><\/figure> <\/div>   <h2 class=\"wp-block-heading\"><strong>H\u00e3y li\u00ean l\u1ea1c v\u1edbi ch\u00fang t\u00f4i ngay b\u00e2y gi\u1edd!<\/strong><\/h2>    <p class=\"translation-block\">If you are interested in floating fish feed production line, contact us, and we will provide you with the optimal solution for <a href=\"https:\/\/en.wikipedia.org\/wiki\/Commercial_fish_feed\" target=\"_blank\" rel=\"noopener\">fish feed<\/a> making!<\/p>","protected":false},"excerpt":{"rendered":"<p>D\u00e2y chuy\u1ec1n s\u1ea3n xu\u1ea5t th\u1ee9c \u0103n cho c\u00e1 n\u1ed5i l\u00e0 d\u00e2y chuy\u1ec1n ch\u1ebf bi\u1ebfn th\u1ee9c \u0103n cho c\u00e1 ho\u00e0n ch\u1ec9nh \u0111\u1ec3 l\u00e0m th\u1ee9c \u0103n vi\u00ean cho c\u00e1, v\u1eb9t, t\u00f4m,\u2026 c\u00f3 c\u00f4ng su\u1ea5t 40-350kg\/h.<\/p>","protected":false},"author":1,"featured_media":116,"parent":0,"template":"","tags":[12,24,13,11,10],"product-type":[7],"class_list":["post-49","product","type-product","status-publish","has-post-thumbnail","hentry","tag-dog-food-making-machine","tag-fish-feed","tag-fish-feed-extruder-machine","tag-floating-fish-feed-machine","tag-floating-fish-feed-production-line","product-type-production-line"],"_links":{"self":[{"href":"https:\/\/fishfoodmachinery.com\/vi\/wp-json\/wp\/v2\/product\/49","targetHints":{"allow":["GET"]}}],"collection":[{"href":"https:\/\/fishfoodmachinery.com\/vi\/wp-json\/wp\/v2\/product"}],"about":[{"href":"https:\/\/fishfoodmachinery.com\/vi\/wp-json\/wp\/v2\/types\/product"}],"author":[{"embeddable":true,"href":"https:\/\/fishfoodmachinery.com\/vi\/wp-json\/wp\/v2\/users\/1"}],"wp:featuredmedia":[{"embeddable":true,"href":"https:\/\/fishfoodmachinery.com\/vi\/wp-json\/wp\/v2\/media\/116"}],"wp:attachment":[{"href":"https:\/\/fishfoodmachinery.com\/vi\/wp-json\/wp\/v2\/media?parent=49"}],"wp:term":[{"taxonomy":"post_tag","embeddable":true,"href":"https:\/\/fishfoodmachinery.com\/vi\/wp-json\/wp\/v2\/tags?post=49"},{"taxonomy":"product-type","embeddable":true,"href":"https:\/\/fishfoodmachinery.com\/vi\/wp-json\/wp\/v2\/product-type?post=49"}],"curies":[{"name":"wp","href":"https:\/\/api.w.org\/{rel}","templated":true}]}}