{"id":515,"date":"2023-05-08T10:40:27","date_gmt":"2023-05-08T02:40:27","guid":{"rendered":"https:\/\/fishfoodmachinery.com\/?post_type=product&#038;p=515"},"modified":"2024-06-13T18:29:35","modified_gmt":"2024-06-13T10:29:35","slug":"fish-feed-processing-line","status":"publish","type":"product","link":"https:\/\/fishfoodmachinery.com\/vi\/product\/fish-feed-processing-line\/","title":{"rendered":"D\u00e2y chuy\u1ec1n ch\u1ebf bi\u1ebfn th\u1ee9c \u0103n cho c\u00e1 l\u1edbn \u0111\u1ec3 l\u00e0m th\u1ee9c \u0103n vi\u00ean"},"content":{"rendered":"<p class=\"translation-block\">D\u00e2y chuy\u1ec1n x\u1eed l\u00fd th\u1ee9c \u0103n cho c\u00e1 n\u00e0y \u0111\u01b0\u1ee3c thi\u1ebft k\u1ebf \u0111\u1ec3 s\u1ea3n xu\u1ea5t vi\u00ean th\u1ee9c \u0103n cho c\u00e1 l\u1edbn v\u1edbi c\u00f4ng su\u1ea5t 180-600kg m\u1ed7i gi\u1edd.<\/p>    <figure class=\"wp-block-embed is-type-video is-provider-youtube wp-block-embed-youtube wp-embed-aspect-16-9 wp-has-aspect-ratio\"><div class=\"wp-block-embed__wrapper\"> <iframe loading=\"lazy\" title=\"S\u1ee9c m\u1ea1nh c\u1ee7a D\u00e2y chuy\u1ec1n s\u1ea3n xu\u1ea5t th\u1ee9c \u0103n c\u00e1 n\u1ed5i l\u1edbn: Pellet th\u1ee9c \u0103n c\u00e1 ch\u1ea5t l\u01b0\u1ee3ng cao cho nu\u00f4i tr\u1ed3ng th\u1ee7y s\u1ea3n!\" width=\"500\" height=\"281\" src=\"https:\/\/www.youtube.com\/embed\/yFO01XPddfc?start=32&#038;feature=oembed\" frameborder=\"0\" allow=\"accelerometer; autoplay; clipboard-write; encrypted-media; gyroscope; picture-in-picture; web-share\" referrerpolicy=\"strict-origin-when-cross-origin\" allowfullscreen><\/iframe> <\/div><figcaption class=\"wp-element-caption\">Video m\u00e1y l\u00e0m th\u1ee9c \u0103n cho c\u00e1<\/figcaption><\/figure>    <p>Vi\u00ean th\u1ee9c \u0103n c\u00e1 l\u00e0 m\u1ed9t th\u1ee9c \u0103n thi\u1ebft y\u1ebfu cho qu\u00e1 tr\u00ecnh nu\u00f4i tr\u1ed3ng th\u1ee7y s\u1ea3n. V\u1edbi s\u1ef1 ph\u00e1t tri\u1ec3n li\u00ean t\u1ee5c c\u1ee7a ng\u00e0nh nu\u00f4i tr\u1ed3ng th\u1ee7y s\u1ea3n, nhu c\u1ea7u v\u1ec1 vi\u00ean th\u1ee9c \u0103n c\u00e1 c\u0169ng \u0111ang t\u0103ng l\u00ean.<\/p>    <figure class=\"wp-block-gallery aligncenter has-nested-images columns-default is-cropped wp-block-gallery-2 is-layout-flex wp-block-gallery-is-layout-flex\"> <figure class=\"wp-block-image size-large\"><img loading=\"lazy\" decoding=\"async\" width=\"720\" height=\"540\" data-id=\"184\" src=\"https:\/\/fishfoodmachinery.com\/wp-content\/uploads\/2022\/09\/various-fish-feed-pellets.webp\" alt=\"C\u00e1c vi\u00ean th\u1ee9c \u0103n c\u00e1 kh\u00e1c nhau\" class=\"wp-image-184\" title=\"\" srcset=\"https:\/\/fishfoodmachinery.com\/wp-content\/uploads\/2022\/09\/various-fish-feed-pellets.webp 720w, https:\/\/fishfoodmachinery.com\/wp-content\/uploads\/2022\/09\/various-fish-feed-pellets-300x225.webp 300w\" sizes=\"auto, (max-width: 720px) 100vw, 720px\" \/><figcaption class=\"wp-element-caption\">C\u00e1c vi\u00ean th\u1ee9c \u0103n c\u00e1 kh\u00e1c nhau<\/figcaption><\/figure>    <figure class=\"wp-block-image size-large\"><img loading=\"lazy\" decoding=\"async\" width=\"540\" height=\"540\" data-id=\"402\" src=\"https:\/\/fishfoodmachinery.com\/wp-content\/uploads\/2023\/01\/floating-fish-pellets.webp\" alt=\"Pellets c\u00e1 n\u1ed5i\" class=\"wp-image-402\" title=\"\" srcset=\"https:\/\/fishfoodmachinery.com\/wp-content\/uploads\/2023\/01\/floating-fish-pellets.webp 540w, https:\/\/fishfoodmachinery.com\/wp-content\/uploads\/2023\/01\/floating-fish-pellets-300x300.webp 300w, https:\/\/fishfoodmachinery.com\/wp-content\/uploads\/2023\/01\/floating-fish-pellets-150x150.webp 150w\" sizes=\"auto, (max-width: 540px) 100vw, 540px\" \/><figcaption class=\"wp-element-caption\">Pellets c\u00e1 n\u1ed5i<\/figcaption><\/figure> <\/figure>    <p>\u0110\u1ec3 \u0111\u00e1p \u1ee9ng nhu c\u1ea7u th\u1ecb tr\u01b0\u1eddng, d\u00f2ng x\u1eed l\u00fd th\u1ee9c \u0103n cho c\u00e1 \u0111\u00e3 ra \u0111\u1eddi. N\u00f3 c\u00f3 th\u1ec3 x\u1eed l\u00fd v\u00e0 x\u1eed l\u00fd c\u00e1c lo\u1ea1i v\u1eadt li\u1ec7u th\u1ee9c \u0103n kh\u00e1c nhau th\u00f4ng qua m\u1ed9t lo\u1ea1t c\u00e1c ch\u1ebf bi\u1ebfn v\u00e0 cu\u1ed1i c\u00f9ng t\u1ea1o ra c\u00e1c vi\u00ean th\u1ee9c \u0103n ch\u1ea5t l\u01b0\u1ee3ng cao ph\u00f9 h\u1ee3p cho c\u00e1c \u0111\u1ed9ng v\u1eadt v\u00e0 v\u1eadt nu\u00f4i nu\u00f4i tr\u1ed3ng th\u1ee7y s\u1ea3n kh\u00e1c nhau.<\/p>    <h2 class=\"wp-block-heading\"><strong>D\u00e2y chuy\u1ec1n ch\u1ebf bi\u1ebfn th\u1ee9c \u0103n n\u1ed5i cho c\u00e1 l\u00e0 g\u00ec?<\/strong><\/h2>    <p>D\u00e2y chuy\u1ec1n s\u1ea3n xu\u1ea5t vi\u00ean th\u1ee9c \u0103n c\u00e1 l\u00e0 m\u1ed9t lo\u1ea1i thi\u1ebft b\u1ecb d\u00e2y chuy\u1ec1n s\u1ea3n xu\u1ea5t \u0111\u01b0\u1ee3c s\u1eed d\u1ee5ng \u0111\u1eb7c bi\u1ec7t \u0111\u1ec3 s\u1ea3n xu\u1ea5t th\u1ee9c \u0103n cho \u0111\u1ed9ng v\u1eadt d\u01b0\u1edbi n\u01b0\u1edbc nh\u01b0 c\u00e1, t\u00f4m, cua v\u00e0 c\u00e1 h\u1ed3ng.<\/p>   <div class=\"wp-block-image\"> <figure class=\"aligncenter size-full\"><img loading=\"lazy\" decoding=\"async\" width=\"720\" height=\"540\" src=\"https:\/\/fishfoodmachinery.com\/wp-content\/uploads\/2023\/05\/floating-fish-feed-processing-line.webp\" alt=\"D\u00f2ng x\u1eed l\u00fd th\u1ee9c \u0103n cho c\u00e1 n\u1ed5i\" class=\"wp-image-542\" title=\"\" srcset=\"https:\/\/fishfoodmachinery.com\/wp-content\/uploads\/2023\/05\/floating-fish-feed-processing-line.webp 720w, https:\/\/fishfoodmachinery.com\/wp-content\/uploads\/2023\/05\/floating-fish-feed-processing-line-300x225.webp 300w\" sizes=\"auto, (max-width: 720px) 100vw, 720px\" \/><figcaption class=\"wp-element-caption\">D\u00f2ng x\u1eed l\u00fd th\u1ee9c \u0103n cho c\u00e1 n\u1ed5i<\/figcaption><\/figure> <\/div>   <p>N\u00f3 t\u1ea1o ra c\u00e1c vi\u00ean th\u1ee9c \u0103n c\u1ee7a c\u00e1c th\u00f4ng s\u1ed1 k\u1ef9 thu\u1eadt v\u00e0 h\u00ecnh d\u1ea1ng kh\u00e1c nhau th\u00f4ng qua qu\u00e1 tr\u00ecnh tr\u1ed9n, nghi\u1ec1n, \u0111i\u1ec1u ch\u1ebf v\u00e0 \u0111\u00f9n c\u00e1c t\u00e0i li\u1ec7u th\u1ee9c \u0103n kh\u00e1c nhau. B\u1eb1ng c\u00e1ch \u0111i\u1ec1u ch\u1ec9nh c\u00e1c th\u00f4ng s\u1ed1 nh\u01b0 th\u00e0nh ph\u1ea7n, k\u00edch th\u01b0\u1edbc v\u00e0 h\u00ecnh d\u1ea1ng c\u1ee7a c\u00e1c vi\u00ean th\u1ee9c \u0103n, c\u00e1c vi\u00ean th\u1ee9c \u0103n ch\u1ea5t l\u01b0\u1ee3ng cao ph\u00f9 h\u1ee3p cho c\u00e1c \u0111\u1ed9ng v\u1eadt th\u1ee7y sinh kh\u00e1c nhau c\u00f3 th\u1ec3 \u0111\u01b0\u1ee3c s\u1ea3n xu\u1ea5t.<\/p>    <p>Vi\u1ec7c \u00e1p d\u1ee5ng d\u00f2ng x\u1eed l\u00fd th\u1ee9c \u0103n n\u1ed5i n\u1ed5i c\u00f3 th\u1ec3 c\u1ea3i thi\u1ec7n hi\u1ec7u qu\u1ea3 s\u1ea3n xu\u1ea5t c\u1ee7a ng\u00e0nh nu\u00f4i tr\u1ed3ng th\u1ee7y s\u1ea3n, gi\u1ea3m ch\u1ea5t th\u1ea3i th\u1ee9c \u0103n v\u00e0 c\u1ea3i thi\u1ec7n l\u1ee3i \u00edch kinh t\u1ebf c\u1ee7a nu\u00f4i tr\u1ed3ng th\u1ee7y s\u1ea3n.<\/p>    <h2 class=\"wp-block-heading\"><strong>Danh s\u00e1ch m\u00e1y \u0111\u1ec3 l\u00e0m vi\u00ean th\u1ee9c \u0103n trong d\u00e2y chuy\u1ec1n s\u1ea3n xu\u1ea5t th\u1ee9c \u0103n cho c\u00e1<\/strong><\/h2>   <div class=\"wp-block-image\"> <figure class=\"aligncenter size-full\"><img loading=\"lazy\" decoding=\"async\" width=\"720\" height=\"370\" src=\"https:\/\/fishfoodmachinery.com\/wp-content\/uploads\/2023\/05\/hammer-mill.webp\" alt=\"Hammer Mill\" class=\"wp-image-552\" title=\"\" srcset=\"https:\/\/fishfoodmachinery.com\/wp-content\/uploads\/2023\/05\/hammer-mill.webp 720w, https:\/\/fishfoodmachinery.com\/wp-content\/uploads\/2023\/05\/hammer-mill-300x154.webp 300w\" sizes=\"auto, (max-width: 720px) 100vw, 720px\" \/><figcaption class=\"wp-element-caption\">Hammer Mill<\/figcaption><\/figure> <\/div>  <div class=\"wp-block-image\"> <figure class=\"aligncenter size-full\"><img loading=\"lazy\" decoding=\"async\" width=\"720\" height=\"370\" src=\"https:\/\/fishfoodmachinery.com\/wp-content\/uploads\/2023\/05\/mixer.webp\" alt=\"m\u00e1y tr\u1ed9n\" class=\"wp-image-553\" title=\"\" srcset=\"https:\/\/fishfoodmachinery.com\/wp-content\/uploads\/2023\/05\/mixer.webp 720w, https:\/\/fishfoodmachinery.com\/wp-content\/uploads\/2023\/05\/mixer-300x154.webp 300w\" sizes=\"auto, (max-width: 720px) 100vw, 720px\" \/><figcaption class=\"wp-element-caption\">m\u00e1y tr\u1ed9n<\/figcaption><\/figure> <\/div>  <div class=\"wp-block-image\"> <figure class=\"aligncenter size-full\"><img loading=\"lazy\" decoding=\"async\" width=\"720\" height=\"370\" src=\"https:\/\/fishfoodmachinery.com\/wp-content\/uploads\/2023\/05\/screw-conveyor.webp\" alt=\"B\u0103ng t\u1ea3i v\u00edt\" class=\"wp-image-554\" title=\"\" srcset=\"https:\/\/fishfoodmachinery.com\/wp-content\/uploads\/2023\/05\/screw-conveyor.webp 720w, https:\/\/fishfoodmachinery.com\/wp-content\/uploads\/2023\/05\/screw-conveyor-300x154.webp 300w\" sizes=\"auto, (max-width: 720px) 100vw, 720px\" \/><figcaption class=\"wp-element-caption\">B\u0103ng t\u1ea3i v\u00edt<\/figcaption><\/figure> <\/div>  <div class=\"wp-block-image\"> <figure class=\"aligncenter size-full\"><a href=\"https:\/\/fishfoodmachinery.com\/vi\/product\/floating-fish-feed-machine\/\"><img loading=\"lazy\" decoding=\"async\" width=\"720\" height=\"370\" src=\"https:\/\/fishfoodmachinery.com\/wp-content\/uploads\/2023\/05\/fish-feed-machine.webp\" alt=\"M\u00e1y c\u1ea5p c\u00e1\" class=\"wp-image-555\" title=\"\" srcset=\"https:\/\/fishfoodmachinery.com\/wp-content\/uploads\/2023\/05\/fish-feed-machine.webp 720w, https:\/\/fishfoodmachinery.com\/wp-content\/uploads\/2023\/05\/fish-feed-machine-300x154.webp 300w\" sizes=\"auto, (max-width: 720px) 100vw, 720px\" \/><\/a><figcaption class=\"wp-element-caption\">M\u00e1y c\u1ea5p c\u00e1<\/figcaption><\/figure> <\/div>  <div class=\"wp-block-image\"> <figure class=\"aligncenter size-full\"><img loading=\"lazy\" decoding=\"async\" width=\"720\" height=\"370\" src=\"https:\/\/fishfoodmachinery.com\/wp-content\/uploads\/2023\/05\/dryer-machine.webp\" alt=\"M\u00e1y s\u1ea5y\" class=\"wp-image-556\" title=\"\" srcset=\"https:\/\/fishfoodmachinery.com\/wp-content\/uploads\/2023\/05\/dryer-machine.webp 720w, https:\/\/fishfoodmachinery.com\/wp-content\/uploads\/2023\/05\/dryer-machine-300x154.webp 300w\" sizes=\"auto, (max-width: 720px) 100vw, 720px\" \/><figcaption class=\"wp-element-caption\">M\u00e1y s\u1ea5y<\/figcaption><\/figure> <\/div>  <div class=\"wp-block-image\"> <figure class=\"aligncenter size-full\"><img loading=\"lazy\" decoding=\"async\" width=\"720\" height=\"370\" src=\"https:\/\/fishfoodmachinery.com\/wp-content\/uploads\/2023\/05\/seasoning-machine.webp\" alt=\"M\u00e1y gia v\u1ecb\" class=\"wp-image-557\" title=\"\" srcset=\"https:\/\/fishfoodmachinery.com\/wp-content\/uploads\/2023\/05\/seasoning-machine.webp 720w, https:\/\/fishfoodmachinery.com\/wp-content\/uploads\/2023\/05\/seasoning-machine-300x154.webp 300w\" sizes=\"auto, (max-width: 720px) 100vw, 720px\" \/><figcaption class=\"wp-element-caption\">M\u00e1y gia v\u1ecb<\/figcaption><\/figure> <\/div>  <div class=\"wp-block-image\"> <figure class=\"aligncenter size-full\"><img loading=\"lazy\" decoding=\"async\" width=\"720\" height=\"370\" src=\"https:\/\/fishfoodmachinery.com\/wp-content\/uploads\/2023\/05\/package-machine.webp\" alt=\"M\u00e1y g\u00f3i\" class=\"wp-image-558\" title=\"\" srcset=\"https:\/\/fishfoodmachinery.com\/wp-content\/uploads\/2023\/05\/package-machine.webp 720w, https:\/\/fishfoodmachinery.com\/wp-content\/uploads\/2023\/05\/package-machine-300x154.webp 300w\" sizes=\"auto, (max-width: 720px) 100vw, 720px\" \/><figcaption class=\"wp-element-caption\">M\u00e1y g\u00f3i<\/figcaption><\/figure> <\/div>   <h2 class=\"wp-block-heading\"><strong>C\u00e1c nguy\u00ean li\u1ec7u th\u00f4 trong th\u1ee9c \u0103n c\u00e1 l\u00e0 g\u00ec?<\/strong><\/h2>    <ul class=\"wp-block-list\"> <li><strong>Nguy\u00ean li\u1ec7u th\u00f4 d\u1ef1a tr\u00ean th\u1ef1c v\u1eadt<\/strong>: ch\u1eb3ng h\u1ea1n nh\u01b0 b\u1eefa \u0103n \u0111\u1eadu n\u00e0nh, ng\u00f4, l\u00faa m\u00ec, \u0111\u1eadu n\u00e0nh, b\u1eefa \u0103n b\u00f4ng, v.v ... Nh\u1eefng nguy\u00ean li\u1ec7u th\u00f4 n\u00e0y ch\u1ee9a m\u1ed9t l\u01b0\u1ee3ng l\u1edbn protein, carbohydrate v\u00e0 ch\u1ea5t b\u00e9o v\u00e0 c\u00e1c ch\u1ea5t dinh d\u01b0\u1ee1ng kh\u00e1c.<\/li>    <li><strong>Nguy\u00ean li\u1ec7u th\u00f4<\/strong>: ch\u1eb3ng h\u1ea1n nh\u01b0 b\u1eefa \u0103n c\u00e1, b\u1eefa \u0103n t\u00f4m, th\u1ecbt v\u00e0 b\u1eefa \u0103n x\u01b0\u01a1ng, v.v ... Nh\u1eefng nguy\u00ean li\u1ec7u th\u00f4 n\u00e0y r\u1ea5t gi\u00e0u protein ch\u1ea5t l\u01b0\u1ee3ng cao v\u00e0 c\u00e1c nguy\u00ean t\u1ed1 vi l\u01b0\u1ee3ng v\u00e0 c\u00e1c ch\u1ea5t dinh d\u01b0\u1ee1ng kh\u00e1c.<\/li>    <li><strong>Nguy\u00ean li\u1ec7u th\u00f4 h\u1ed7n h\u1ee3p<\/strong>: ch\u1eb3ng h\u1ea1n nh\u01b0 b\u00e1nh \u0111\u1eadu n\u00e0nh, m\u1ed3i c\u00e1, rong bi\u1ec3n, b\u1ed9t protein, axit amin, v.v ... Nh\u1eefng nguy\u00ean li\u1ec7u th\u00f4 n\u00e0y c\u00f3 th\u1ec3 c\u1ea3i thi\u1ec7n gi\u00e1 tr\u1ecb dinh d\u01b0\u1ee1ng v\u00e0 h\u01b0\u01a1ng v\u1ecb c\u1ee7a th\u1ee9c \u0103n \u1edf m\u1ed9t m\u1ee9c \u0111\u1ed9 nh\u1ea5t \u0111\u1ecbnh.<\/li>    <li><strong>Nguy\u00ean li\u1ec7u th\u00f4 kh\u00e1c<\/strong>: ch\u1eb3ng h\u1ea1n nh\u01b0 b\u1ed9t n\u1ea5m men, vitamin, kho\u00e1ng ch\u1ea5t, axit h\u00f3a, enzyme, v.v ... Nh\u1eefng nguy\u00ean li\u1ec7u th\u00f4 n\u00e0y c\u00f3 th\u1ec3 \u0111\u01b0\u1ee3c s\u1eed d\u1ee5ng \u0111\u1ec3 c\u1ea3i thi\u1ec7n ch\u1ea5t l\u01b0\u1ee3ng v\u00e0 h\u01b0\u01a1ng v\u1ecb c\u1ee7a th\u1ee9c \u0103n, v\u00e0 c\u0169ng t\u0103ng c\u01b0\u1eddng kh\u1ea3 n\u0103ng mi\u1ec5n d\u1ecbch v\u00e0 m\u1ee9c \u0111\u1ed9 s\u1ee9c kh\u1ecfe c\u1ee7a c\u00e1.<\/li> <\/ul>    <p>V\u00e0 c\u00f3 r\u1ea5t nhi\u1ec1u nguy\u00ean li\u1ec7u th\u00f4 \u0111\u01b0\u1ee3c s\u1eed d\u1ee5ng trong th\u1ee9c \u0103n cho c\u00e1, v\u00e0 c\u00e1c lo\u1ea1i v\u00e0 t\u1ef7 l\u1ec7 kh\u00e1c nhau c\u1ee7a nguy\u00ean li\u1ec7u th\u00f4 c\u00f3 th\u1ec3 \u0111\u01b0\u1ee3c tri\u1ec3n khai linh ho\u1ea1t theo nhu c\u1ea7u cho \u0103n c\u1ee7a c\u00e1c lo\u00e0i v\u00e0 giai \u0111o\u1ea1n t\u0103ng tr\u01b0\u1edfng kh\u00e1c nhau c\u1ee7a c\u00e1.<\/p>    <h2 class=\"wp-block-heading\"><strong>L\u00e0m th\u1ebf n\u00e0o \u0111\u1ec3 b\u1ea1n x\u1eed l\u00fd th\u1ee9c \u0103n cho c\u00e1?<\/strong> &#8211; <strong>Quy tr\u00ecnh c\u1ee7a d\u00f2ng x\u1eed l\u00fd th\u1ee9c \u0103n cho c\u00e1<\/strong><\/h2>    <ul class=\"wp-block-list\"> <li>\u0110\u00e0o nguy\u00ean li\u1ec7u th\u00f4: C\u00e1c nguy\u00ean li\u1ec7u th\u00f4 s\u1ebd \u0111\u01b0\u1ee3c nghi\u1ec1n n\u00e1t, l\u00e0m cho c\u00e1c h\u1ea1t nguy\u00ean li\u1ec7u c\u00f3 k\u00edch th\u01b0\u1edbc \u0111\u1ed3ng \u0111\u1ec1u v\u00e0 d\u1ec5 x\u1eed l\u00fd.<\/li>    <li>Tr\u1ed9n nguy\u00ean li\u1ec7u th\u00f4: Tr\u1ed9n c\u00e1c nguy\u00ean li\u1ec7u th\u00f4 kh\u00e1c nhau theo m\u1ed9t t\u1ef7 l\u1ec7 nh\u1ea5t \u0111\u1ecbnh \u0111\u1ec3 t\u1ea1o ra m\u1ed9t c\u00f4ng th\u1ee9c nh\u1ea5t \u0111\u1ecbnh \u0111\u1ec3 \u0111\u1ea3m b\u1ea3o c\u00e2n b\u1eb1ng dinh d\u01b0\u1ee1ng c\u1ee7a th\u1ee9c \u0103n.<\/li>    <li>Nh\u1eafc: C\u00e1c nguy\u00ean li\u1ec7u th\u00f4 \u0111\u01b0\u1ee3c h\u00ecnh th\u00e0nh v\u00e0 \u00e9p qua khu\u00f4n v\u00e0 con l\u0103n \u0111\u1ec3 t\u1ea1o th\u00e0nh m\u1ed9t h\u00ecnh d\u1ea1ng nh\u1ea5t \u0111\u1ecbnh c\u1ee7a c\u00e1c vi\u00ean.<\/li>    <li>L\u00e0m kh\u00f4 v\u00e0 l\u00e0m m\u00e1t: C\u00e1c h\u1ea1t th\u1ee9c \u0103n c\u00e1 c\u00f3 h\u00ecnh d\u1ea1ng \u0111\u01b0\u1ee3c s\u1ea5y kh\u00f4 v\u00e0 l\u00e0m m\u00e1t \u0111\u1ec3 l\u00e0m cho ch\u00fang kh\u00f4 b\u00ean trong v\u00e0 kh\u00f4ng d\u00ednh \u1edf b\u00ean ngo\u00e0i.<\/li>    <li>\u0110i\u1ec1u tr\u1ecb gia v\u1ecb: Th\u00eam nhi\u1ec1u h\u01b0\u01a1ng v\u1ecb kh\u00e1c nhau m\u00e0 c\u00e1 th\u00edch l\u00e0m cho th\u1ee9c \u0103n ngon h\u01a1n<\/li>    <li>\u0110\u00f3ng g\u00f3i v\u00e0 l\u01b0u tr\u1eef: C\u00e1c vi\u00ean th\u1ee9c \u0103n c\u00e1 \u0111\u01b0\u1ee3c s\u1ea3n xu\u1ea5t \u0111\u01b0\u1ee3c \u0111\u00f3ng g\u00f3i v\u00e0 l\u01b0u tr\u1eef \u0111\u1ec3 b\u00e1n v\u00e0 s\u1eed d\u1ee5ng.<\/li> <\/ul>    <h2 class=\"wp-block-heading\"><strong>C\u00e1c \u1ee9ng d\u1ee5ng c\u1ee7a d\u00f2ng x\u1eed l\u00fd th\u1ee9c \u0103n cho c\u00e1 n\u1ed5i<\/strong><\/h2>    <figure class=\"wp-block-gallery aligncenter has-nested-images columns-default is-cropped wp-block-gallery-3 is-layout-flex wp-block-gallery-is-layout-flex\"> <figure class=\"wp-block-image size-large\"><img loading=\"lazy\" decoding=\"async\" width=\"720\" height=\"540\" data-id=\"544\" src=\"https:\/\/fishfoodmachinery.com\/wp-content\/uploads\/2023\/05\/applications-of-the-fish-feed-processing-line.webp\" alt=\"c\u00e1c \u1ee9ng d\u1ee5ng c\u1ee7a d\u00e2y chuy\u1ec1n ch\u1ebf bi\u1ebfn th\u1ee9c \u0103n cho c\u00e1\" class=\"wp-image-544\" title=\"\" srcset=\"https:\/\/fishfoodmachinery.com\/wp-content\/uploads\/2023\/05\/applications-of-the-fish-feed-processing-line.webp 720w, https:\/\/fishfoodmachinery.com\/wp-content\/uploads\/2023\/05\/applications-of-the-fish-feed-processing-line-300x225.webp 300w\" sizes=\"auto, (max-width: 720px) 100vw, 720px\" \/><figcaption class=\"wp-element-caption\">C\u00e1c \u1ee9ng d\u1ee5ng c\u1ee7a d\u00f2ng x\u1eed l\u00fd th\u1ee9c \u0103n cho c\u00e1<\/figcaption><\/figure>    <figure class=\"wp-block-image size-large\"><img loading=\"lazy\" decoding=\"async\" width=\"720\" height=\"540\" data-id=\"545\" src=\"https:\/\/fishfoodmachinery.com\/wp-content\/uploads\/2023\/05\/feed-pellets.webp\" alt=\"th\u1ee9c \u0103n vi\u00ean\" class=\"wp-image-545\" title=\"\" srcset=\"https:\/\/fishfoodmachinery.com\/wp-content\/uploads\/2023\/05\/feed-pellets.webp 720w, https:\/\/fishfoodmachinery.com\/wp-content\/uploads\/2023\/05\/feed-pellets-300x225.webp 300w\" sizes=\"auto, (max-width: 720px) 100vw, 720px\" \/><figcaption class=\"wp-element-caption\">Th\u1ee9c \u0103n vi\u00ean<\/figcaption><\/figure> <\/figure>    <ul class=\"wp-block-list\"> <li>Nu\u00f4i c\u00e1: \u00c1p d\u1ee5ng cho vi\u1ec7c canh t\u00e1c c\u1ee7a nhi\u1ec1u lo\u1ea1i c\u00e1 nh\u01b0 c\u00e1 n\u01b0\u1edbc ng\u1ecdt v\u00e0 n\u01b0\u1edbc bi\u1ec3n.<\/li>    <li>Nh\u00e2n gi\u1ed1ng t\u00f4m: t\u00f4m h\u00f9m, t\u00f4m, t\u00f4m v\u00e0 c\u00e1c lo\u1ea1i t\u00f4m kh\u00e1c.<\/li>    <li>Cua canh t\u00e1c: Cua l\u00f4ng, cua s\u00f4ng v\u00e0 c\u00e1c lo\u1ea1i cua kh\u00e1c.<\/li>    <li>Snapper Farming: Snappers, R\u00f9a ch\u1ee5p v\u00e0 nhi\u1ec1u lo\u00e0i b\u00f2 s\u00e1t kh\u00e1c.<\/li>    <li>N\u00f4ng nghi\u1ec7p \u0111\u1ed9ng v\u1eadt d\u01b0\u1edbi n\u01b0\u1edbc kh\u00e1c: ngh\u00eau, h\u00e0u, d\u01b0a chu\u1ed9t bi\u1ec3n v\u00e0 nhi\u1ec1u \u0111\u1ed9ng v\u1eadt th\u1ee7y sinh kh\u00e1c.<\/li>    <li>Th\u00fa c\u01b0ng canh t\u00e1c: ch\u00f3, m\u00e8o, chim, v\u1eb9t, v.v.<\/li> <\/ul>    <h2 class=\"wp-block-heading\"><strong>\u01afu \u0111i\u1ec3m c\u1ee7a vi\u1ec7c s\u1eed d\u1ee5ng d\u00f2ng x\u1eed l\u00fd th\u1ee9c \u0103n cho c\u00e1 <\/strong><\/h2>   <div class=\"wp-block-image\"> <figure class=\"aligncenter size-full\"><img loading=\"lazy\" decoding=\"async\" width=\"720\" height=\"540\" src=\"https:\/\/fishfoodmachinery.com\/wp-content\/uploads\/2023\/05\/large-capacity-fish-feed-processing-line.webp\" alt=\"D\u00f2ng x\u1eed l\u00fd th\u1ee9c \u0103n cho c\u00e1 l\u1edbn\" class=\"wp-image-549\" title=\"\" srcset=\"https:\/\/fishfoodmachinery.com\/wp-content\/uploads\/2023\/05\/large-capacity-fish-feed-processing-line.webp 720w, https:\/\/fishfoodmachinery.com\/wp-content\/uploads\/2023\/05\/large-capacity-fish-feed-processing-line-300x225.webp 300w\" sizes=\"auto, (max-width: 720px) 100vw, 720px\" \/><figcaption class=\"wp-element-caption\">D\u00f2ng x\u1eed l\u00fd th\u1ee9c \u0103n cho c\u00e1 l\u1edbn<\/figcaption><\/figure> <\/div>   <ol class=\"wp-block-list\"> <li>C\u00e1c vi\u00ean th\u1ee9c \u0103n \u0111\u01b0\u1ee3c s\u1ea3n xu\u1ea5t b\u1edfi d\u00f2ng x\u1eed l\u00fd th\u1ee9c \u0103n cho c\u00e1 n\u1ed5i c\u00f3 h\u00ecnh d\u1ea1ng v\u00e0 k\u00edch th\u01b0\u1edbc \u0111\u1ed3ng \u0111\u1ec1u, c\u00f3 l\u1ee3i cho vi\u1ec7c cho \u0103n v\u00e0 ti\u00eau h\u00f3a v\u00e0 h\u1ea5p th\u1ee5 c\u00e1.<\/li>    <li>C\u00e1c vi\u00ean th\u1ee9c \u0103n c\u00f3 h\u01b0\u01a1ng v\u1ecb t\u1ed1t v\u00e0 k\u1ebft c\u1ea5u c\u00e2n b\u1eb1ng, c\u00f3 l\u1ee3i cho vi\u1ec7c c\u1ea3i thi\u1ec7n s\u1ef1 th\u00e8m \u0103n v\u00e0 t\u1ed1c \u0111\u1ed9 t\u0103ng tr\u01b0\u1edfng c\u1ee7a c\u00e1.<\/li>    <li>C\u00e1c vi\u00ean th\u1ee9c \u0103n \u0111\u01b0\u1ee3c s\u1ea3n xu\u1ea5t b\u1edfi <a href=\"https:\/\/taizyagromachine.com\/product\/fish-feed-extruder\/\" target=\"_blank\" rel=\"noreferrer noopener\">m\u00e1y nu\u00f4i c\u00e1 n\u1ed5i<\/a> C\u00f3 m\u1ed9t th\u00e0nh ph\u1ea7n dinh d\u01b0\u1ee1ng c\u00e2n b\u1eb1ng, c\u00f3 th\u1ec3 \u0111\u00e1p \u1ee9ng nhu c\u1ea7u dinh d\u01b0\u1ee1ng c\u1ee7a c\u00e1c lo\u00e0i kh\u00e1c nhau v\u00e0 giai \u0111o\u1ea1n t\u0103ng tr\u01b0\u1edfng c\u1ee7a c\u00e1.<\/li>    <li>Hi\u1ec7u qu\u1ea3 s\u1ea3n xu\u1ea5t cao, c\u00f3 th\u1ec3 nh\u1eadn ra s\u1ea3n xu\u1ea5t t\u1ef1 \u0111\u1ed9ng, c\u1ea3i thi\u1ec7n hi\u1ec7u qu\u1ea3 s\u1ea3n xu\u1ea5t v\u00e0 gi\u1ea3m chi ph\u00ed s\u1ea3n xu\u1ea5t.<\/li>    <li>N\u00f3 c\u00f3 th\u1ec3 t\u1ea1o ra c\u00e1c vi\u00ean th\u1ee9c \u0103n c\u1ee7a c\u00e1c th\u00f4ng s\u1ed1 k\u1ef9 thu\u1eadt v\u00e0 h\u00ecnh d\u1ea1ng kh\u00e1c nhau, c\u00f3 th\u1ec3 \u0111\u00e1p \u1ee9ng nhu c\u1ea7u cho \u0103n c\u1ee7a c\u00e1c lo\u1ea1i c\u00e1 kh\u00e1c nhau.<\/li>    <li>C\u00e1c vi\u00ean th\u1ee9c \u0103n \u0111\u01b0\u1ee3c h\u00ecnh th\u00e0nh v\u1eefng ch\u1eafc v\u00e0 c\u00f3 kh\u1ea3 n\u0103ng ch\u1ed1ng n\u01b0\u1edbc t\u1ed1t, c\u00f3 th\u1ec3 l\u00e0m gi\u1ea3m ch\u1ea5t th\u1ea3i th\u1ee9c \u0103n v\u00e0 \u00f4 nhi\u1ec5m n\u01b0\u1edbc.<\/li> <\/ol>    <h2 class=\"wp-block-heading\"><strong>Tr\u01b0\u1eddng h\u1ee3p th\u00e0nh c\u00f4ng: 300-350kg\/h D\u00e2y chuy\u1ec1n s\u1ea3n xu\u1ea5t th\u1ee9c \u0103n cho c\u00e1 \u0111\u01b0\u1ee3c b\u00e1n cho \u1ea4n \u0110\u1ed9<\/strong><\/h2>    <p>M\u1ed9t nh\u00e0 cung c\u1ea5p t\u1eeb \u1ea4n \u0110\u1ed9 \u0111\u00e3 mua m\u1ed9t d\u00f2ng x\u1eed l\u00fd th\u1ee9c \u0103n cho c\u00e1 300-350 kg\/h \u0111\u1ec3 s\u1ea3n xu\u1ea5t vi\u00ean c\u00e1 ch\u1ea5t l\u01b0\u1ee3ng cao \u0111\u1ec3 \u0111\u00e1p \u1ee9ng nhu c\u1ea7u th\u1ecb tr\u01b0\u1eddng \u0111\u1ecba ph\u01b0\u01a1ng. <\/p>    <p>D\u00f2ng \u0111\u01b0\u1ee3c thi\u1ebft k\u1ebf c\u1ea9n th\u1eadn v\u00e0 s\u1ea3n xu\u1ea5t \u0111\u1ec3 \u0111\u00e1p \u1ee9ng c\u00e1c y\u00eau c\u1ea7u s\u1ea3n xu\u1ea5t c\u01b0\u1eddng \u0111\u1ed9 cao v\u00e0 hi\u1ec7u qu\u1ea3 cao. <\/p>    <p>Kh\u00e1ch h\u00e0ng \u0111\u00e1nh gi\u00e1 cao ch\u1ea5t l\u01b0\u1ee3ng v\u00e0 s\u1ef1 \u1ed5n \u0111\u1ecbnh c\u1ee7a d\u00f2ng, v\u00e0 c\u0169ng b\u00e0y t\u1ecf r\u1eb1ng h\u1ecd s\u1ebd ti\u1ebfp t\u1ee5c h\u1ee3p t\u00e1c v\u1edbi ch\u00fang t\u00f4i \u0111\u1ec3 c\u00f9ng nhau ph\u00e1t tri\u1ec3n th\u1ecb tr\u01b0\u1eddng \u0111\u1ecba ph\u01b0\u01a1ng.<\/p>    <figure class=\"wp-block-gallery aligncenter has-nested-images columns-default is-cropped wp-block-gallery-4 is-layout-flex wp-block-gallery-is-layout-flex\"> <figure class=\"wp-block-image size-large\"><img loading=\"lazy\" decoding=\"async\" width=\"600\" height=\"540\" data-id=\"547\" src=\"https:\/\/fishfoodmachinery.com\/wp-content\/uploads\/2023\/05\/fish-feed-pellet-machine-for-sale.webp\" alt=\"B\u00e1n m\u00e1y vi\u00ean th\u1ee9c \u0103n c\u00e1\" class=\"wp-image-547\" title=\"\" srcset=\"https:\/\/fishfoodmachinery.com\/wp-content\/uploads\/2023\/05\/fish-feed-pellet-machine-for-sale.webp 600w, https:\/\/fishfoodmachinery.com\/wp-content\/uploads\/2023\/05\/fish-feed-pellet-machine-for-sale-300x270.webp 300w\" sizes=\"auto, (max-width: 600px) 100vw, 600px\" \/><figcaption class=\"wp-element-caption\">B\u00e1n m\u00e1y vi\u00ean th\u1ee9c \u0103n c\u00e1<\/figcaption><\/figure>    <figure class=\"wp-block-image size-large\"><img loading=\"lazy\" decoding=\"async\" width=\"600\" height=\"540\" data-id=\"548\" src=\"https:\/\/fishfoodmachinery.com\/wp-content\/uploads\/2023\/05\/package-and-shipping.webp\" alt=\"\u0111\u00f3ng g\u00f3i v\u00e0 v\u1eadn chuy\u1ec3n\" class=\"wp-image-548\" title=\"\" srcset=\"https:\/\/fishfoodmachinery.com\/wp-content\/uploads\/2023\/05\/package-and-shipping.webp 600w, https:\/\/fishfoodmachinery.com\/wp-content\/uploads\/2023\/05\/package-and-shipping-300x270.webp 300w\" sizes=\"auto, (max-width: 600px) 100vw, 600px\" \/><figcaption class=\"wp-element-caption\">G\u00f3i v\u00e0 v\u1eadn chuy\u1ec3n<\/figcaption><\/figure> <\/figure>","protected":false},"excerpt":{"rendered":"<p>D\u00e2y chuy\u1ec1n ch\u1ebf bi\u1ebfn th\u1ee9c \u0103n cho c\u00e1 \u0111\u01b0\u1ee3c thi\u1ebft k\u1ebf \u0111\u1ec3 s\u1ea3n xu\u1ea5t th\u1ee9c \u0103n vi\u00ean cho c\u00e1 c\u1ee1 l\u1edbn v\u1edbi c\u00f4ng su\u1ea5t 180-600kg\/gi\u1edd, t\u1eeb b\u1ed9t ng\u00f4, c\u00e1m g\u1ea1o,.. <\/p>","protected":false},"author":1,"featured_media":518,"parent":0,"template":"","tags":[24],"product-type":[7],"class_list":["post-515","product","type-product","status-publish","has-post-thumbnail","hentry","tag-fish-feed","product-type-production-line"],"_links":{"self":[{"href":"https:\/\/fishfoodmachinery.com\/vi\/wp-json\/wp\/v2\/product\/515","targetHints":{"allow":["GET"]}}],"collection":[{"href":"https:\/\/fishfoodmachinery.com\/vi\/wp-json\/wp\/v2\/product"}],"about":[{"href":"https:\/\/fishfoodmachinery.com\/vi\/wp-json\/wp\/v2\/types\/product"}],"author":[{"embeddable":true,"href":"https:\/\/fishfoodmachinery.com\/vi\/wp-json\/wp\/v2\/users\/1"}],"wp:featuredmedia":[{"embeddable":true,"href":"https:\/\/fishfoodmachinery.com\/vi\/wp-json\/wp\/v2\/media\/518"}],"wp:attachment":[{"href":"https:\/\/fishfoodmachinery.com\/vi\/wp-json\/wp\/v2\/media?parent=515"}],"wp:term":[{"taxonomy":"post_tag","embeddable":true,"href":"https:\/\/fishfoodmachinery.com\/vi\/wp-json\/wp\/v2\/tags?post=515"},{"taxonomy":"product-type","embeddable":true,"href":"https:\/\/fishfoodmachinery.com\/vi\/wp-json\/wp\/v2\/product-type?post=515"}],"curies":[{"name":"wp","href":"https:\/\/api.w.org\/{rel}","templated":true}]}}