{"id":61,"date":"2022-09-06T06:23:56","date_gmt":"2022-09-06T06:23:56","guid":{"rendered":"https:\/\/fishfoodmachinery.com\/?post_type=product&#038;p=61"},"modified":"2025-03-14T17:53:16","modified_gmt":"2025-03-14T09:53:16","slug":"dog-food-making-machine","status":"publish","type":"product","link":"https:\/\/fishfoodmachinery.com\/vi\/product\/dog-food-making-machine\/","title":{"rendered":"M\u00e1y l\u00e0m th\u1ee9c \u0103n cho ch\u00f3 | m\u00e1y th\u1ee9c \u0103n cho th\u00fa c\u01b0ng"},"content":{"rendered":"<p>M\u00e1y l\u00e0m th\u1ee9c \u0103n cho ch\u00f3 n\u00e0y \u0111\u01b0\u1ee3c s\u1eed d\u1ee5ng \u0111\u1ec3 s\u1ea3n xu\u1ea5t th\u1ee9c \u0103n cho c\u00e1c v\u1eadt nu\u00f4i kh\u00e1c nhau, ch\u1eb3ng h\u1ea1n nh\u01b0 m\u00e8o, ch\u00f3, r\u00f9a, v\u1eb9t, v.v ... M\u00e1y th\u1ef1c ph\u1ea9m th\u00fa c\u01b0ng c\u00f3 nhi\u1ec1u kh\u1ea3 n\u0103ng kh\u00e1c nhau v\u00e0 c\u00f3 th\u1ec3 \u0111\u01b0\u1ee3c trang b\u1ecb d\u00e2y chuy\u1ec1n s\u1ea3n xu\u1ea5t vi\u00ean th\u1ee9c \u0103n t\u01b0\u01a1ng \u1ee9ng. M\u00e1y th\u1ef1c ph\u1ea9m ch\u00f3 n\u00e0y c\u00f3 th\u1ec3 s\u1ea3n xu\u1ea5t nhi\u1ec1u lo\u1ea1i th\u1ee9c \u0103n cho th\u00fa c\u01b0ng c\u00f3 h\u00ecnh d\u1ea1ng \u0111\u1eb7c bi\u1ec7t, r\u1ea5t h\u1ea5p d\u1eabn cho v\u1eadt nu\u00f4i. Ngo\u00e0i ra, th\u1ee9c \u0103n \u0111\u01b0\u1ee3c s\u1ea3n xu\u1ea5t r\u1ea5t gi\u00e0u gi\u00e1 tr\u1ecb dinh d\u01b0\u1ee1ng, c\u00f3 l\u1ee3i cho s\u1ef1 ph\u00e1t tri\u1ec3n c\u1ee7a \u0111\u1ed9ng v\u1eadt. N\u1ebfu b\u1ea1n quan t\u00e2m \u0111\u1ebfn lo\u1ea1i m\u00e1y n\u00e0y, ch\u00e0o m\u1eebng b\u1ea1n s\u1ebd li\u00ean h\u1ec7 v\u1edbi ch\u00fang t\u00f4i!<\/p>    <figure class=\"wp-block-embed is-type-video is-provider-youtube wp-block-embed-youtube wp-embed-aspect-16-9 wp-has-aspect-ratio\"><div class=\"wp-block-embed__wrapper\"> <iframe loading=\"lazy\" title=\"S\u1ea3n xu\u1ea5t th\u1ee9c \u0103n cho v\u1eadt nu\u00f4i ch\u1ea5t l\u01b0\u1ee3ng cao | M\u00e1y \u0103n cho c\u00e1 cho ch\u00f3 &amp; m\u00e8o l\u00e0m th\u1ee9c \u0103n t\u1eeb Trung Qu\u1ed1c\" width=\"500\" height=\"281\" src=\"https:\/\/www.youtube.com\/embed\/Fl3OMKCRPe0?feature=oembed\" frameborder=\"0\" allow=\"accelerometer; autoplay; clipboard-write; encrypted-media; gyroscope; picture-in-picture; web-share\" referrerpolicy=\"strict-origin-when-cross-origin\" allowfullscreen><\/iframe> <\/div><figcaption class=\"wp-element-caption\">M\u00e1y th\u1ef1c ph\u1ea9m<\/figcaption><\/figure>    <h2 class=\"wp-block-heading\" id=\"h-advantages-of-the-dog-food-making-machine\"><strong>\u01afu \u0111i\u1ec3m c\u1ee7a m\u00e1y l\u00e0m th\u1ee9c \u0103n cho ch\u00f3<\/strong><strong><\/strong><\/h2>    <ol class=\"wp-block-list\"> <li>M\u1ed9t lo\u1ea1t c\u00e1c \u1ee9ng d\u1ee5ng. M\u00e1y th\u1ef1c ph\u1ea9m ch\u00f3 t\u1ef1 \u0111\u1ed9ng c\u00f3 th\u1ec3 s\u1ea3n xu\u1ea5t vi\u00ean th\u1ee9c \u0103n cho ch\u00f3, m\u00e8o, r\u00f9a, v\u1eb9t, c\u00e1, v.v.<\/li>    <li>Kh\u1ea3 n\u0103ng kh\u00e1c nhau. Ng\u01b0\u1eddi b\u00e1n m\u00e1y \u0111\u00f9n th\u1ee9c \u0103n th\u00fa c\u01b0ng n\u00e0y c\u00f3 c\u00f4ng su\u1ea5t t\u1eeb \u200b\u200b40kg m\u1ed7i gi\u1edd \u0111\u1ebfn 350kg m\u1ed7i gi\u1edd. T\u1ea5t nhi\u00ean, n\u1ebfu b\u1ea1n mu\u1ed1n c\u00f3 c\u00f4ng su\u1ea5t l\u1edbn h\u01a1n, ch\u00fang t\u00f4i c\u0169ng c\u00f3 th\u1ec3 cung c\u1ea5p thi\u1ebft b\u1ecb s\u1ea3n xu\u1ea5t th\u1ee9c \u0103n cho ch\u00f3.<\/li>    <li>H\u00ecnh d\u1ea1ng vi\u00ean th\u1ee9c \u0103n phong ph\u00fa. C\u00e1c <a href=\"https:\/\/fishfoodmachinery.com\/vi\/product\/floating-fish-feed-machine\/\" target=\"_blank\" rel=\"noreferrer noopener\">Ch\u00f3 Th\u1ee9c \u0103n \u0111\u00f9n<\/a> C\u00f3 c\u00e1c m\u00f4 h\u00ecnh kh\u00e1c nhau \u0111\u1ec3 t\u1ea1o ra h\u00ecnh d\u1ea1ng th\u1ee9c \u0103n h\u1ea5p d\u1eabn v\u00e0 \u0111\u1eb9p.<\/li>    <li>S\u1ea3n xu\u1ea5t th\u1ee9c \u0103n ph\u00f9 h\u1ee3p v\u1edbi h\u01b0\u01a1ng v\u1ecb c\u1ee7a \u0111\u1ed9ng v\u1eadt. Nh\u00e0 s\u1ea3n xu\u1ea5t th\u1ee9c \u0103n cho ch\u00f3 n\u00e0y c\u00f3 th\u1ec3 s\u1ea3n xu\u1ea5t lo\u1ea1i th\u1ee9c \u0103n n\u00e0y, ph\u00f9 h\u1ee3p h\u01a1n v\u1edbi h\u01b0\u01a1ng v\u1ecb c\u1ee7a th\u1ee9c \u0103n ch\u0103n nu\u00f4i.<\/li> <\/ol>   <div class=\"wp-block-image\"> <figure class=\"aligncenter size-full\"><img loading=\"lazy\" decoding=\"async\" width=\"720\" height=\"540\" src=\"https:\/\/fishfoodmachinery.com\/wp-content\/uploads\/2022\/09\/feed-pellet-machine-in-stock.webp\" alt=\"Feed Pellet Machine trong kho\" class=\"wp-image-129\" title=\"\" srcset=\"https:\/\/fishfoodmachinery.com\/wp-content\/uploads\/2022\/09\/feed-pellet-machine-in-stock.webp 720w, https:\/\/fishfoodmachinery.com\/wp-content\/uploads\/2022\/09\/feed-pellet-machine-in-stock-300x225.webp 300w\" sizes=\"auto, (max-width: 720px) 100vw, 720px\" \/><figcaption class=\"wp-element-caption\">Feed Pellet Machine trong kho<\/figcaption><\/figure> <\/div>   <h2 class=\"wp-block-heading\" id=\"h-why-produce-dog-food\"><strong>T\u1ea1i sao l\u1ea1i s\u1ea3n xu\u1ea5t th\u1ee9c \u0103n cho ch\u00f3?<\/strong><\/h2>    <p>B\u1edfi v\u00ec th\u1ee9c \u0103n cho ch\u00f3 \u0111\u01b0\u1ee3c s\u1ea3n xu\u1ea5t b\u1edfi m\u00e1y l\u00e0m th\u1ee9c \u0103n cho ch\u00f3 c\u00f3 r\u1ea5t nhi\u1ec1u l\u1ee3i th\u1ebf.<\/p>    <ol class=\"wp-block-list\"> <li>Th\u1ee9c \u0103n cho ch\u00f3 ch\u1ee9a c\u00e1c ch\u1ea5t dinh d\u01b0\u1ee1ng gi\u00fap c\u1ea3i thi\u1ec7n mi\u1ec5n d\u1ecbch cho ch\u00f3, c\u00f3 th\u1ec3 c\u1ea3i thi\u1ec7n \u0111\u00e1ng k\u1ec3 kh\u1ea3 n\u0103ng ch\u1ed1ng l\u1ea1i b\u1ec7nh t\u1eadt c\u1ee7a ch\u00f3, kh\u00f4ng d\u1ec5 b\u1ecb \u1ed1m v\u00e0 k\u00e9o d\u00e0i tu\u1ed5i th\u1ecd c\u1ee7a ch\u00f3.<\/li>    <li>Th\u1ee9c \u0103n cho ch\u00f3 c\u00f3 \u0111\u1ed9 \u1ea9m th\u1ea5p, d\u1ec5 d\u00e0ng l\u01b0u tr\u1eef, kh\u00f4ng d\u1ec5 l\u00e0m h\u1ecfng nh\u1eefng l\u1ee3i th\u1ebf. \u0110i\u1ec1u n\u00e0y c\u00f3 th\u1ec3 \u0111\u1ea3m b\u1ea3o an to\u00e0n th\u1ef1c ph\u1ea9m c\u1ee7a v\u1eadt nu\u00f4i, \u0111\u1ec3 tr\u00e1nh v\u1eadt nu\u00f4i v\u00ec vi\u1ec7c nh\u1eb7t th\u1ef1c ph\u1ea9m \u0111\u00e3 h\u1ebft h\u1ea1n, m\u1ed1c, h\u01b0 h\u1ecfng do nhi\u1ec1u lo\u1ea1i b\u1ec7nh g\u00e2y ra.<\/li>    <li>M\u1ed9t lo\u1ea1t c\u00e1c th\u00f4ng s\u1ed1 k\u1ef9 thu\u1eadt \u0111\u00f3ng g\u00f3i th\u1ee9c \u0103n cho ch\u00f3, \u0111\u01a1n gi\u1ea3n \u0111\u1ec3 s\u1eed d\u1ee5ng, d\u1ec5 mang theo, c\u00f3 th\u1ec3 g\u1eb7p nhau trong c\u00e1c m\u00f4i tr\u01b0\u1eddng kh\u00e1c nhau c\u00f3 th\u1ec3 \u0111\u1ec3 th\u00fa c\u01b0ng \u0103n th\u1ee9c \u0103n ngon nh\u1ea5t.<\/li> <\/ol>   <div class=\"wp-block-image\"> <figure class=\"aligncenter size-full\"><img loading=\"lazy\" decoding=\"async\" width=\"720\" height=\"200\" src=\"https:\/\/fishfoodmachinery.com\/wp-content\/uploads\/2022\/09\/pet-food-products.webp\" alt=\"s\u1ea3n ph\u1ea9m th\u1ee9c \u0103n cho th\u00fa c\u01b0ng\" class=\"wp-image-124\" title=\"\" srcset=\"https:\/\/fishfoodmachinery.com\/wp-content\/uploads\/2022\/09\/pet-food-products.webp 720w, https:\/\/fishfoodmachinery.com\/wp-content\/uploads\/2022\/09\/pet-food-products-300x83.webp 300w\" sizes=\"auto, (max-width: 720px) 100vw, 720px\" \/><figcaption class=\"wp-element-caption\">s\u1ea3n ph\u1ea9m th\u1ee9c \u0103n cho th\u00fa c\u01b0ng<\/figcaption><\/figure> <\/div>   <h2 class=\"wp-block-heading\" id=\"h-taizy-machinery-the-top-choice-for-dog-food-making-machine\"><strong>M\u00e1y m\u00f3c Taizy-S\u1ef1 l\u1ef1a ch\u1ecdn h\u00e0ng \u0111\u1ea7u cho m\u00e1y l\u00e0m th\u1ee9c \u0103n cho ch\u00f3<\/strong><strong><\/strong><\/h2>    <ul class=\"wp-block-list\"> <li>T\u00edch h\u1ee3p v\u1edbi s\u1ea3n xu\u1ea5t v\u00e0 b\u00e1n h\u00e0ng. C\u00f4ng ty Taizy c\u00f3 kinh doanh s\u1ea3n xu\u1ea5t v\u00e0 giao d\u1ecbch c\u00f9ng nhau, chuy\u00ean nghi\u1ec7p h\u01a1n trong ng\u00e0nh c\u00f4ng nghi\u1ec7p th\u1ee9c \u0103n.<\/li>    <li>Gi\u00e1 c\u1ea1nh tranh. B\u1edfi v\u00ec ch\u00fang t\u00f4i c\u00f3 nh\u00e0 m\u00e1y ri\u00eang c\u1ee7a m\u00ecnh, v\u00e0 ch\u00fang t\u00f4i ch\u00fa \u00fd \u0111\u1ebfn ch\u1ea5t l\u01b0\u1ee3ng m\u00e1y. M\u00e1y l\u00e0m th\u1ee9c \u0103n cho m\u00e8o c\u00f3 l\u1ee3i th\u1ebf v\u1ec1 gi\u00e1. So v\u1edbi c\u00e1c c\u00f4ng ty kh\u00e1c, Taizy Machine \u0111\u1ec3 l\u00e0m th\u1ee9c \u0103n cho ch\u00f3 c\u00f3 gi\u00e1 r\u1ebb v\u00e0 ch\u1ea5t l\u01b0\u1ee3ng t\u1ed1t.<\/li>    <li>Th\u1eddi gian b\u1ea3o h\u00e0nh m\u1ed9t n\u0103m. Sau khi mua m\u00e1y ch\u1ebf bi\u1ebfn th\u1ee9c \u0103n cho th\u00fa c\u01b0ng, b\u1ea1n s\u1ebd c\u00f3 th\u1eddi gian b\u1ea3o h\u00e0nh m\u1ed9t n\u0103m.<\/li>    <li>D\u1ecbch v\u1ee5 h\u1ed7 tr\u1ee3. Ch\u00fang t\u00f4i c\u0169ng cung c\u1ea5p d\u1ecbch v\u1ee5 tr\u1ef1c tuy\u1ebfn, h\u1ed7 tr\u1ee3 video, h\u01b0\u1edbng d\u1eabn s\u1eed d\u1ee5ng m\u00e1y, v.v.<\/li> <\/ul>    <h2 class=\"wp-block-heading\" id=\"h-successful-case-the-dog-food-machine-for-sale-to-angola\"><strong>Tr\u01b0\u1eddng h\u1ee3p th\u00e0nh c\u00f4ng: <a href=\"https:\/\/taizyagromachine.com\/info\/dog-food-making-machine-sold-to-angola\/?swcfpc=1\" target=\"_blank\" rel=\"noreferrer noopener\">M\u00e1y th\u1ee9c \u0103n cho ch\u00f3 \u0111\u1ec3 b\u00e1n cho Angola<\/a><\/strong><\/h2>    <p>Kh\u00e1ch h\u00e0ng c\u1ee7a Angola \u0111\u00e3 h\u1ecfi v\u1ec1 m\u00e1y s\u1ea3n xu\u1ea5t th\u1ee9c \u0103n cho ch\u00f3. B\u1edfi v\u00ec anh ta c\u00f3 m\u1ed9t nh\u00e0 m\u00e1y th\u1ee9c \u0103n \u0111\u1ec3 b\u00e1n th\u1ee9c \u0103n cho th\u00fa c\u01b0ng kh\u00e1c nhau. Gi\u00e1m \u0111\u1ed1c b\u00e1n h\u00e0ng c\u1ee7a ch\u00fang t\u00f4i \u0111\u00e3 gi\u1edbi thi\u1ec7u m\u00e1y th\u1ef1c ph\u1ea9m th\u00fa c\u01b0ng c\u1ee7a ch\u00fang t\u00f4i Detailly v\u00e0 g\u1eedi th\u00f4ng tin m\u00e1y c\u00f3 li\u00ean quan. Kh\u00e1ch h\u00e0ng Angola \u0111\u00e3 y\u00eau c\u1ea7u m\u1ed9t s\u1ed1 chi ti\u1ebft m\u00e1y, ch\u1eb3ng h\u1ea1n nh\u01b0 m\u00f4 h\u00ecnh, s\u1ee9c m\u1ea1nh, v.v. Sau khi x\u00e1c nh\u1eadn t\u1ea5t c\u1ea3 c\u00e1c chi ti\u1ebft, ch\u00fang t\u00f4i \u0111\u00e3 k\u00fd th\u1ecfa thu\u1eadn.<\/p>   <div class=\"wp-block-image\"> <figure class=\"aligncenter size-full\"><img loading=\"lazy\" decoding=\"async\" width=\"720\" height=\"540\" src=\"https:\/\/fishfoodmachinery.com\/wp-content\/uploads\/2022\/09\/pet-food-machine-package.webp\" alt=\"G\u00f3i m\u00e1y th\u1ef1c ph\u1ea9m th\u00fa c\u01b0ng\" class=\"wp-image-132\" title=\"\" srcset=\"https:\/\/fishfoodmachinery.com\/wp-content\/uploads\/2022\/09\/pet-food-machine-package.webp 720w, https:\/\/fishfoodmachinery.com\/wp-content\/uploads\/2022\/09\/pet-food-machine-package-300x225.webp 300w\" sizes=\"auto, (max-width: 720px) 100vw, 720px\" \/><figcaption class=\"wp-element-caption\">G\u00f3i m\u00e1y th\u1ef1c ph\u1ea9m th\u00fa c\u01b0ng<\/figcaption><\/figure> <\/div>   <h2 class=\"wp-block-heading\" id=\"h-technical-parameters-of-commercial-dog-good-making-machine\"><strong>Th\u00f4ng s\u1ed1 k\u1ef9 thu\u1eadt c\u1ee7a m\u00e1y l\u00e0m t\u1ed1t cho ch\u00f3 th\u01b0\u01a1ng m\u1ea1i<\/strong><strong><\/strong><\/h2>    <figure class=\"wp-block-table\"><table><tbody><tr><td>Ng\u01b0\u1eddi m\u1eabu<\/td><td>Dung t\u00edch<\/td><td>Ngu\u1ed3n \u0111i\u1ec7n ch\u00ednh<\/td><td>C\u00f4ng su\u1ea5t c\u1eaft<\/td><td>Ngu\u1ed3n cung c\u1ea5p th\u1ee9c \u0103n<\/td><td>\u0110\u01b0\u1eddng k\u00ednh tr\u1ee5c v\u00edt<\/td><td>K\u00edch c\u1ee1<\/td><td>C\u00e2n n\u1eb7ng<\/td><\/tr><tr><td>DGP-40<\/td><td>40-50kg\/gi\u1edd<\/td><td>7,5kW<\/td><td>0,4kW<\/td><td>0,4kW<\/td><td>40mm<\/td><td>1260*860*1250mm<\/td><td>290kg<\/td><\/tr><tr><td>DGP-60<\/td><td>150kg\/gi\u1edd<\/td><td>15kW<\/td><td>0,4kW<\/td><td>0,4kW<\/td><td>60mm<\/td><td>1450*950*1430mm<\/td><td>480kg<\/td><\/tr><tr><td>DGP-70<\/td><td>180-250kg\/gi\u1edd<\/td><td>18,5kW<\/td><td>0,4kW<\/td><td>0,4kW<\/td><td>70mm<\/td><td>1600*1400*1450mm<\/td><td>600kg<\/td><\/tr><tr><td>DGP-80<\/td><td>300-350kg\/gi\u1edd<\/td><td>22kW<\/td><td>0,4kW<\/td><td>0,4kW<\/td><td>80mm<\/td><td>1850*1470*1500m<\/td><td>800kg<\/td><\/tr><\/tbody><\/table><figcaption class=\"wp-element-caption\">D\u1eef li\u1ec7u c\u1ee7a m\u00e1y l\u00e0m th\u1ee9c \u0103n cho ch\u00f3 v\u00e0 m\u00e8o<\/figcaption><\/figure>    <h2 class=\"wp-block-heading\"><strong>Video l\u00e0m vi\u1ec7c c\u1ee7a m\u00e1y l\u00e0m th\u1ee9c \u0103n cho ch\u00f3<\/strong><\/h2>    <figure class=\"wp-block-embed is-type-video is-provider-youtube wp-block-embed-youtube wp-embed-aspect-16-9 wp-has-aspect-ratio\"><div class=\"wp-block-embed__wrapper\"> <iframe loading=\"lazy\" title=\"M\u00e1y l\u00e0m th\u1ee9c \u0103n cho ch\u00f3 | M\u00e1y ch\u1ebf bi\u1ebfn th\u1ee9c \u0103n cho th\u00fa c\u01b0ng | M\u00e1y th\u1ee9c \u0103n c\u00e1 #petfood\" width=\"500\" height=\"281\" src=\"https:\/\/www.youtube.com\/embed\/mtaRugKvzg0?feature=oembed\" frameborder=\"0\" allow=\"accelerometer; autoplay; clipboard-write; encrypted-media; gyroscope; picture-in-picture; web-share\" referrerpolicy=\"strict-origin-when-cross-origin\" allowfullscreen><\/iframe> <\/div><figcaption class=\"wp-element-caption\">M\u00e1y l\u00e0m th\u1ee9c \u0103n cho ch\u00f3<\/figcaption><\/figure>","protected":false},"excerpt":{"rendered":"<p>This dog food making machine is used to produce feed for various pets, such as cats, dogs, turtles, parrots, etc. The pet food machine has various capacities and can be equipped with the corresponding feed pellet production line. This dog food machine can produce various kinds of peculiar-shaped pet food, which is very attractive for [&hellip;]<\/p>\n","protected":false},"author":1,"featured_media":126,"parent":0,"template":"","tags":[24,13,11,17],"product-type":[8],"class_list":["post-61","product","type-product","status-publish","has-post-thumbnail","hentry","tag-fish-feed","tag-fish-feed-extruder-machine","tag-floating-fish-feed-machine","tag-new-type-fish-feed-extruder-machine","product-type-fish-feed-pellet-machine"],"_links":{"self":[{"href":"https:\/\/fishfoodmachinery.com\/vi\/wp-json\/wp\/v2\/product\/61","targetHints":{"allow":["GET"]}}],"collection":[{"href":"https:\/\/fishfoodmachinery.com\/vi\/wp-json\/wp\/v2\/product"}],"about":[{"href":"https:\/\/fishfoodmachinery.com\/vi\/wp-json\/wp\/v2\/types\/product"}],"author":[{"embeddable":true,"href":"https:\/\/fishfoodmachinery.com\/vi\/wp-json\/wp\/v2\/users\/1"}],"wp:featuredmedia":[{"embeddable":true,"href":"https:\/\/fishfoodmachinery.com\/vi\/wp-json\/wp\/v2\/media\/126"}],"wp:attachment":[{"href":"https:\/\/fishfoodmachinery.com\/vi\/wp-json\/wp\/v2\/media?parent=61"}],"wp:term":[{"taxonomy":"post_tag","embeddable":true,"href":"https:\/\/fishfoodmachinery.com\/vi\/wp-json\/wp\/v2\/tags?post=61"},{"taxonomy":"product-type","embeddable":true,"href":"https:\/\/fishfoodmachinery.com\/vi\/wp-json\/wp\/v2\/product-type?post=61"}],"curies":[{"name":"wp","href":"https:\/\/api.w.org\/{rel}","templated":true}]}}