{"id":63,"date":"2022-09-06T06:27:36","date_gmt":"2022-09-06T06:27:36","guid":{"rendered":"https:\/\/fishfoodmachinery.com\/?post_type=product&#038;p=63"},"modified":"2024-06-11T16:55:30","modified_gmt":"2024-06-11T08:55:30","slug":"animal-feed-pellet-machine-for-sale","status":"publish","type":"product","link":"https:\/\/fishfoodmachinery.com\/vi\/product\/animal-feed-pellet-machine-for-sale\/","title":{"rendered":"M\u00e1y \u00e9p vi\u00ean th\u1ee9c \u0103n ch\u0103n nu\u00f4i cho g\u00e0, b\u00f2, c\u1eebu, v\u1ecbt, th\u1ecf"},"content":{"rendered":"<p class=\"translation-block\"><strong>M\u00e1y \u00e9p vi\u00ean th\u1ee9c \u0103n ch\u0103n nu\u00f4i<\/strong>, c\u00f2n \u0111\u01b0\u1ee3c g\u1ecdi l\u00e0 m\u00e1y \u00e9p vi\u00ean khu\u00f4n ph\u1eb3ng, m\u00e1y \u00e9p vi\u00ean th\u1ee9c \u0103n, ch\u1ee7 y\u1ebfu \u0111\u01b0\u1ee3c s\u1eed d\u1ee5ng \u0111\u1ec3 s\u1ea3n xu\u1ea5t c\u00e1c lo\u1ea1i th\u1ee9c \u0103n ch\u0103n nu\u00f4i kh\u00e1c nhau, nh\u01b0 gia s\u00fac, th\u1ecf, l\u1ee3n, g\u00e0, c\u1eebu, v.v. <\/p>    <p>C\u00f4ng su\u1ea5t s\u1ea3n xu\u1ea5t dao \u0111\u1ed9ng t\u1eeb 120kg m\u1ed7i gi\u1edd \u0111\u1ebfn 1200kg m\u1ed7i gi\u1edd. V\u00ec v\u1eady, b\u1ea5t k\u1ec3 k\u00edch th\u01b0\u1edbc c\u1ee7a nh\u00e0 m\u00e1y ho\u1eb7c th\u1ee9c \u0103n ch\u0103n nu\u00f4i c\u1ee7a b\u1ea1n, m\u00e1y vi\u00ean th\u1ee9c \u0103n gia s\u00fac c\u1ee7a ch\u00fang t\u00f4i s\u1ebd lu\u00f4n \u0111\u00e1p \u1ee9ng nhu c\u1ea7u c\u1ee7a b\u1ea1n.<\/p>    <p>B\u00ean c\u1ea1nh \u0111\u00f3, thi\u1ebft b\u1ecb vi\u00ean c\u1ee7a ch\u00fang t\u00f4i c\u00f3 ch\u1ee9ng ch\u1ec9 CE. V\u00e0 ch\u00fang th\u01b0\u1eddng \u0111\u01b0\u1ee3c b\u00e1n v\u1edbi s\u1ed1 l\u01b0\u1ee3ng l\u1edbn. N\u1ebfu b\u1ea1n quan t\u00e2m \u0111\u1ebfn lo\u1ea1i m\u00e1y n\u00e0y, h\u00e3y li\u00ean l\u1ea1c v\u1edbi ch\u00fang t\u00f4i\uff01<\/p>    <figure class=\"wp-block-embed is-type-video is-provider-youtube wp-block-embed-youtube wp-embed-aspect-16-9 wp-has-aspect-ratio\"><div class=\"wp-block-embed__wrapper\"> <iframe loading=\"lazy\" title=\"B\u00e1n h\u00e0ng th\u1ee9c \u0103n n\u00f3ng Mill cho th\u1ee9c \u0103n gia c\u1ea7m, th\u1ee9c \u0103n gia s\u00fac, th\u1ee9c \u0103n th\u1ecf: M\u00e1y l\u00e0m th\u1ee9c \u0103n \u0111\u1ed9ng v\u1eadt\" width=\"500\" height=\"281\" src=\"https:\/\/www.youtube.com\/embed\/9AQQHeaSnsM?feature=oembed\" frameborder=\"0\" allow=\"accelerometer; autoplay; clipboard-write; encrypted-media; gyroscope; picture-in-picture; web-share\" referrerpolicy=\"strict-origin-when-cross-origin\" allowfullscreen><\/iframe> <\/div><figcaption class=\"wp-element-caption\">Video l\u00e0m vi\u1ec7c c\u1ee7a m\u00e1y l\u00e0m vi\u00ean th\u1ee9c \u0103n \u0111\u1ed9ng v\u1eadt<\/figcaption><\/figure>    <h2 class=\"wp-block-heading\" id=\"h-applications-of-the-animal-feed-pellets-making-machine\"><strong>C\u00e1c \u1ee9ng d\u1ee5ng c\u1ee7a m\u00e1y l\u00e0m th\u1ee9c \u0103n cho \u0111\u1ed9ng v\u1eadt<\/strong><strong><\/strong><\/h2>    <p class=\"translation-block\">M\u00e1y \u00e9p vi\u00ean th\u1ee9c \u0103n ch\u0103n nu\u00f4i c\u00f3 nhi\u1ec1u \u1ee9ng d\u1ee5ng, vi\u00ean th\u1ee9c \u0103n cho \u0111\u1ed9ng v\u1eadt. Chi ti\u1ebft \u0111\u01b0\u1ee3c li\u1ec7t k\u00ea nh\u01b0 d\u01b0\u1edbi \u0111\u00e2y:<\/p>   <div class=\"wp-block-image\"> <figure class=\"aligncenter size-full\"><img loading=\"lazy\" decoding=\"async\" width=\"750\" height=\"710\" src=\"https:\/\/fishfoodmachinery.com\/wp-content\/uploads\/2022\/09\/cattle-poultry-feed-pellets-making.webp\" alt=\"Gia s\u00fac, l\u00e0m cho th\u1ee9c \u0103n gia c\u1ea7m l\u00e0m\" class=\"wp-image-135\" title=\"\" srcset=\"https:\/\/fishfoodmachinery.com\/wp-content\/uploads\/2022\/09\/cattle-poultry-feed-pellets-making.webp 750w, https:\/\/fishfoodmachinery.com\/wp-content\/uploads\/2022\/09\/cattle-poultry-feed-pellets-making-300x284.webp 300w\" sizes=\"auto, (max-width: 750px) 100vw, 750px\" \/><figcaption class=\"wp-element-caption\">Gia s\u00fac, l\u00e0m cho th\u1ee9c \u0103n gia c\u1ea7m l\u00e0m<\/figcaption><\/figure> <\/div>   <h2 class=\"wp-block-heading\" id=\"h-commercial-animal-feed-pellet-machine-for-sale\"><strong>B\u00e1n m\u00e1y vi\u00ean th\u1ee9c \u0103n cho \u0111\u1ed9ng v\u1eadt th\u01b0\u01a1ng m\u1ea1i<\/strong><strong><\/strong><\/h2>    <h3 class=\"wp-block-heading\" id=\"h-1st-type-electric-chicken-feed-pellet-machine\"><strong>Lo\u1ea1i \u0111\u1ea7u ti\u00ean: M\u00e1y nh\u00fang th\u1ee9c \u0103n g\u00e0 \u0111i\u1ec7n<\/strong><\/h3>    <figure class=\"wp-block-gallery aligncenter has-nested-images columns-default is-cropped wp-block-gallery-2 is-layout-flex wp-block-gallery-is-layout-flex\"> <figure class=\"wp-block-image size-large\"><img loading=\"lazy\" decoding=\"async\" width=\"720\" height=\"540\" data-id=\"137\" src=\"https:\/\/fishfoodmachinery.com\/wp-content\/uploads\/2022\/09\/electric-motor-chicken-feed-pellet-machine.webp\" alt=\"m\u00e1y l\u00e0m vi\u00ean th\u1ee9c \u0103n cho g\u00e0 b\u1eb1ng \u0111\u1ed9ng c\u01a1 \u0111i\u1ec7n\" class=\"wp-image-137\" title=\"\" srcset=\"https:\/\/fishfoodmachinery.com\/wp-content\/uploads\/2022\/09\/electric-motor-chicken-feed-pellet-machine.webp 720w, https:\/\/fishfoodmachinery.com\/wp-content\/uploads\/2022\/09\/electric-motor-chicken-feed-pellet-machine-300x225.webp 300w\" sizes=\"auto, (max-width: 720px) 100vw, 720px\" \/><figcaption class=\"wp-element-caption\">M\u00e1y d\u00f9ng thu\u1ed1c nung \u0111i\u1ec7n \u0111\u1ed9ng c\u01a1 \u0111\u1ed9ng c\u01a1<\/figcaption><\/figure>    <figure class=\"wp-block-image size-large\"><img loading=\"lazy\" decoding=\"async\" width=\"2560\" height=\"1920\" data-id=\"138\" src=\"https:\/\/fishfoodmachinery.com\/wp-content\/uploads\/2022\/09\/integrated-electric-poultry-feed-pellet-machine.webp\" alt=\"m\u00e1y \u00e9p vi\u00ean th\u1ee9c \u0103n gia c\u1ea7m \u0111i\u1ec7n t\u00edch h\u1ee3p\" class=\"wp-image-138\" title=\"\" srcset=\"https:\/\/fishfoodmachinery.com\/wp-content\/uploads\/2022\/09\/integrated-electric-poultry-feed-pellet-machine.webp 2560w, https:\/\/fishfoodmachinery.com\/wp-content\/uploads\/2022\/09\/integrated-electric-poultry-feed-pellet-machine-300x225.webp 300w, https:\/\/fishfoodmachinery.com\/wp-content\/uploads\/2022\/09\/integrated-electric-poultry-feed-pellet-machine-1024x768.webp 1024w, https:\/\/fishfoodmachinery.com\/wp-content\/uploads\/2022\/09\/integrated-electric-poultry-feed-pellet-machine-768x576.webp 768w, https:\/\/fishfoodmachinery.com\/wp-content\/uploads\/2022\/09\/integrated-electric-poultry-feed-pellet-machine-1536x1152.webp 1536w, https:\/\/fishfoodmachinery.com\/wp-content\/uploads\/2022\/09\/integrated-electric-poultry-feed-pellet-machine-2048x1536.webp 2048w\" sizes=\"auto, (max-width: 2560px) 100vw, 2560px\" \/><figcaption class=\"wp-element-caption\">T\u00edch h\u1ee3p m\u00e1y \u0103n gia c\u1ea7m \u0111i\u1ec7n<\/figcaption><\/figure> <\/figure>    <h3 class=\"wp-block-heading\" id=\"h-2nd-type-diesel-engine-rabbit-pellet-making-machine\"><strong>Lo\u1ea1i th\u1ee9 2: M\u00e1y l\u00e0m vi\u00ean th\u1ecf \u0111\u1ed9ng c\u01a1 diesel<\/strong><\/h3>   <div class=\"wp-block-image\"> <figure class=\"aligncenter size-full\"><img loading=\"lazy\" decoding=\"async\" width=\"720\" height=\"540\" src=\"https:\/\/fishfoodmachinery.com\/wp-content\/uploads\/2022\/09\/diesel-engine-feed-pellet-mill.webp\" alt=\"\u0111\u1ed9ng c\u01a1 diesel Feed Pellet Mill\" class=\"wp-image-140\" title=\"\" srcset=\"https:\/\/fishfoodmachinery.com\/wp-content\/uploads\/2022\/09\/diesel-engine-feed-pellet-mill.webp 720w, https:\/\/fishfoodmachinery.com\/wp-content\/uploads\/2022\/09\/diesel-engine-feed-pellet-mill-300x225.webp 300w\" sizes=\"auto, (max-width: 720px) 100vw, 720px\" \/><figcaption class=\"wp-element-caption\">\u0111\u1ed9ng c\u01a1 diesel Feed Pellet Mill<\/figcaption><\/figure> <\/div>   <h3 class=\"wp-block-heading\" id=\"h-3rd-type-gasoline-rabbit-pellet-making-machine\"><strong>Lo\u1ea1i th\u1ee9 3: M\u00e1y l\u00e0m vi\u00ean th\u1ecf x\u0103ng<\/strong><\/h3>    <figure class=\"wp-block-gallery aligncenter has-nested-images columns-default is-cropped wp-block-gallery-3 is-layout-flex wp-block-gallery-is-layout-flex\"> <figure class=\"wp-block-image size-large\"><img loading=\"lazy\" decoding=\"async\" width=\"720\" height=\"540\" data-id=\"141\" src=\"https:\/\/fishfoodmachinery.com\/wp-content\/uploads\/2022\/09\/gasoline-engine-feed-pellet-mill.webp\" alt=\"m\u00e1y \u00e9p vi\u00ean th\u1ee9c \u0103n b\u1eb1ng \u0111\u1ed9ng c\u01a1 x\u0103ng\" class=\"wp-image-141\" title=\"\" srcset=\"https:\/\/fishfoodmachinery.com\/wp-content\/uploads\/2022\/09\/gasoline-engine-feed-pellet-mill.webp 720w, https:\/\/fishfoodmachinery.com\/wp-content\/uploads\/2022\/09\/gasoline-engine-feed-pellet-mill-300x225.webp 300w\" sizes=\"auto, (max-width: 720px) 100vw, 720px\" \/><figcaption class=\"wp-element-caption\">M\u00e1y nghi\u1ec1n th\u1ee9c \u0103n \u0111\u1ed9ng c\u01a1 x\u0103ng<\/figcaption><\/figure>    <figure class=\"wp-block-image size-large\"><img loading=\"lazy\" decoding=\"async\" width=\"720\" height=\"540\" data-id=\"142\" src=\"https:\/\/fishfoodmachinery.com\/wp-content\/uploads\/2022\/09\/gasoline-engine-flat-die-pellet-mill.webp\" alt=\"m\u00e1y \u00e9p vi\u00ean ph\u1eb3ng b\u1eb1ng \u0111\u1ed9ng c\u01a1 x\u0103ng\" class=\"wp-image-142\" title=\"\" srcset=\"https:\/\/fishfoodmachinery.com\/wp-content\/uploads\/2022\/09\/gasoline-engine-flat-die-pellet-mill.webp 720w, https:\/\/fishfoodmachinery.com\/wp-content\/uploads\/2022\/09\/gasoline-engine-flat-die-pellet-mill-300x225.webp 300w\" sizes=\"auto, (max-width: 720px) 100vw, 720px\" \/><figcaption class=\"wp-element-caption\">M\u00e1y l\u00e0m vi\u00ean d\u1ea7u b\u1eb1ng ph\u1eb3ng \u0111\u1ed9ng c\u01a1 x\u0103ng<\/figcaption><\/figure> <\/figure>    <h3 class=\"wp-block-heading\" id=\"h-4th-type-pto-driven-goat-feed-pellet-making-machine\"><strong>Lo\u1ea1i th\u1ee9 4: M\u00e1y ch\u1ebf t\u1ea1o th\u1ee9c \u0103n cho d\u00ea do PTO \u0111i\u1ec1u khi\u1ec3n<\/strong><\/h3>   <div class=\"wp-block-image\"> <figure class=\"aligncenter size-full\"><img loading=\"lazy\" decoding=\"async\" width=\"720\" height=\"540\" src=\"https:\/\/fishfoodmachinery.com\/wp-content\/uploads\/2022\/09\/PTO-driven-feed-pellet-making-machine.webp\" alt=\"M\u00e1y l\u00e0m vi\u00ean th\u1ee9c \u0103n \u0111\u01b0\u1ee3c \u0111i\u1ec1u khi\u1ec3n PTO\" class=\"wp-image-145\" title=\"\" srcset=\"https:\/\/fishfoodmachinery.com\/wp-content\/uploads\/2022\/09\/PTO-driven-feed-pellet-making-machine.webp 720w, https:\/\/fishfoodmachinery.com\/wp-content\/uploads\/2022\/09\/PTO-driven-feed-pellet-making-machine-300x225.webp 300w\" sizes=\"auto, (max-width: 720px) 100vw, 720px\" \/><figcaption class=\"wp-element-caption\">M\u00e1y l\u00e0m vi\u00ean th\u1ee9c \u0103n \u0111\u01b0\u1ee3c \u0111i\u1ec1u khi\u1ec3n PTO<\/figcaption><\/figure> <\/div>   <h2 class=\"wp-block-heading\" id=\"h-spotlights-of-the-cattle-feed-pellet-machine\"><strong>\u0110\u00e8n chi\u1ebfu s\u00e1ng c\u1ee7a m\u00e1y nh\u00fang th\u1ee9c \u0103n gia s\u00fac<\/strong><strong><\/strong><\/h2>    <ol class=\"wp-block-list\" style=\"list-style-type:1\"> <li>C\u00e1c nh\u00e0 m\u00e1y th\u1ee9c \u0103n cho g\u00e0 c\u00f3 m\u1ed9t ho\u1ea1t \u0111\u1ed9ng nh\u1eb9, d\u1ec5 d\u00e0ng v\u00e0 c\u1ea5u tr\u00fac \u0111\u01a1n gi\u1ea3n.<\/li>    <li>M\u00e1y \u0103n th\u1ee9c \u0103n \u0111\u1ed9ng v\u1eadt n\u00e0y c\u00f3 th\u1ec3 s\u1ea3n xu\u1ea5t th\u1ee9c \u0103n gia s\u00fac, th\u1ee9c \u0103n d\u00ea, th\u1ee9c \u0103n th\u1ecf, th\u1ee9c \u0103n l\u1ee3n, th\u1ee9c \u0103n th\u1ecf, v.v.<\/li>    <li>C\u00f4ng su\u1ea5t thay \u0111\u1ed5i t\u1eeb 120kg \u0111\u1ebfn 1200kg. N\u1ebfu b\u1ea1n mu\u1ed1n d\u00e2y chuy\u1ec1n s\u1ea3n xu\u1ea5t, ch\u00fang t\u00f4i c\u0169ng c\u00f3 s\u1eb5n nh\u00e0 m\u00e1y th\u1ee9c \u0103n gia s\u00fac.<\/li> <\/ol>    <h2 class=\"wp-block-heading\" id=\"h-technical-parameters-of-the-animal-feed-pellet-machine\"><strong>C\u00e1c th\u00f4ng s\u1ed1 k\u1ef9 thu\u1eadt c\u1ee7a m\u00e1y nh\u00fang th\u1ee9c \u0103n \u0111\u1ed9ng v\u1eadt<\/strong><strong><\/strong><\/h2>    <figure class=\"wp-block-table\"><table><tbody><tr><td>Ng\u01b0\u1eddi m\u1eabu&nbsp;<\/td><td>Dung t\u00edch<\/td><td>Quy\u1ec1n l\u1ef1c<\/td><td>\u0110\u01b0\u1eddng k\u00ednh t\u1ea5m khu\u00f4n<\/td><td>K\u00edch c\u1ee1<\/td><td>C\u00e2n n\u1eb7ng<\/td><\/tr><tr><td>KL-120<\/td><td>120kg\/h<\/td><td>3kw<\/td><td>120mm<\/td><td>750*320*610mm<\/td><td>100kg<\/td><\/tr><tr><td>KL-150<\/td><td>150kg\/gi\u1edd<\/td><td>3kw<\/td><td>150mm<\/td><td>750*350*650mm<\/td><td>190kg<\/td><\/tr><tr><td>KL-210<\/td><td>400kg\/h<\/td><td>7,5kW<\/td><td>210mm<\/td><td>1000*450*960mm<\/td><td>230kg<\/td><\/tr><tr><td>KBL-260<\/td><td>800kg\/h<\/td><td>15kW<\/td><td>260mm<\/td><td>1460*460*1150mm<\/td><td>360kg<\/td><\/tr><tr><td>KBL-300<\/td><td>1000-1200kg\/h<\/td><td>22kW<\/td><td>300mm<\/td><td>1360*570*1150mm<\/td><td>450kg<\/td><\/tr><\/tbody><\/table><figcaption class=\"wp-element-caption\">Th\u00f4ng s\u1ed1 Pelletizer Feed<\/figcaption><\/figure>    <h2 class=\"wp-block-heading\" id=\"h-consumable-parts-of-the-poultry-animal-feed-pellet-machine\"><strong>C\u00e1c b\u1ed9 ph\u1eadn ti\u00eau th\u1ee5 c\u1ee7a m\u00e1y nh\u00fang th\u1ee9c \u0103n gia c\u1ea7m<\/strong><\/h2>    <p class=\"translation-block\"><strong>Con l\u0103n \u00e9p v\u00e0 \u0111\u0129a khu\u00f4n<\/strong><\/p>    <p>Tr\u00ean \u0111\u00e2y l\u00e0 c\u00e1c v\u1eadt li\u1ec7u ti\u00eau th\u1ee5. V\u00ec v\u1eady, khi b\u1ea1n s\u1eed d\u1ee5ng nh\u00e0 m\u00e1y th\u1ee9c \u0103n c\u1ee7a th\u1ecf, h\u00e3y ch\u00fa \u00fd \u0111\u1ebfn ph\u1ea7n n\u00e0y.<\/p>   <div class=\"wp-block-image\"> <figure class=\"aligncenter size-full\"><img loading=\"lazy\" decoding=\"async\" width=\"720\" height=\"500\" src=\"https:\/\/fishfoodmachinery.com\/wp-content\/uploads\/2022\/09\/press-roller-and-mould-plate.webp\" alt=\"Nh\u1ea5n con l\u0103n v\u00e0 t\u1ea5m khu\u00f4n\" class=\"wp-image-147\" title=\"\" srcset=\"https:\/\/fishfoodmachinery.com\/wp-content\/uploads\/2022\/09\/press-roller-and-mould-plate.webp 720w, https:\/\/fishfoodmachinery.com\/wp-content\/uploads\/2022\/09\/press-roller-and-mould-plate-300x208.webp 300w\" sizes=\"auto, (max-width: 720px) 100vw, 720px\" \/><figcaption class=\"wp-element-caption\">Nh\u1ea5n con l\u0103n v\u00e0 t\u1ea5m khu\u00f4n<\/figcaption><\/figure> <\/div>   <h2 class=\"wp-block-heading\" id=\"h-start-a-mini-production-line-for-feed-pellets\"><strong>B\u1eaft \u0111\u1ea7u m\u1ed9t d\u00e2y chuy\u1ec1n s\u1ea3n xu\u1ea5t mini cho c\u00e1c vi\u00ean th\u1ee9c \u0103n<\/strong><strong><\/strong><\/h2>    <p>Tr\u00ean th\u1ef1c t\u1ebf, n\u1ebfu b\u1ea1n c\u00f3 \u0111\u1ee7 ng\u00e2n s\u00e1ch, b\u1ea1n c\u00f3 th\u1ec3 xem x\u00e9t vi\u1ec7c mua m\u1ed9t d\u00e2y chuy\u1ec1n s\u1ea3n xu\u1ea5t vi\u00ean th\u1ee9c \u0103n \u0111\u1ed9ng v\u1eadt \u0111\u01a1n gi\u1ea3n.<\/p>    <p>M\u00e1y c\u1eaft Chaff\/M\u00e1y nghi\u1ec1n c\u1ecf\/M\u00e1y c\u1eaft v\u00e0 M\u00e1y xay h\u1ea1t \u2192 M\u00e1y tr\u1ed9n \u2192 Ph\u1ec5u \u2192 M\u00e1y Pellet th\u1ee9c \u0103n \u0111\u1ed9ng v\u1eadt<\/p>    <p>M\u1ed9t c\u00e1i \u0111\u01a1n gi\u1ea3n: M\u00e1y xay h\u1ea1t C\u1eaft Chaff k\u1ebft h\u1ee3p \u2192 M\u00e1y nghi\u1ec1n vi\u00ean th\u1ee9c \u0103n \u0111\u1ed9ng v\u1eadt<\/p>    <p>\u00a0\u00a0\u00a0\u00a0\u00a0\u00a0\u00a0\u00a0\u00a0\u00a0 9Fq \u2192 m\u00e1y ch\u1ebf t\u1ea1o th\u1ee9c \u0103n d\u00ea<\/p>    <h2 class=\"wp-block-heading\" id=\"h-successful-case-the-animal-food-pellet-machine-shipping-to-nigeria\"><strong>Tr\u01b0\u1eddng h\u1ee3p th\u00e0nh c\u00f4ng: M\u00e1y th\u1ef1c ph\u1ea9m \u0111\u1ed9ng v\u1eadt v\u1eadn chuy\u1ec3n \u0111\u1ebfn Nigeria<\/strong><\/h2>    <p class=\"translation-block\">Kh\u00e1ch h\u00e0ng Nigeria ban \u0111\u1ea7u t\u00ecm ki\u1ebfm <a href=\"https:\/\/fishfoodmachinery.com\/vi\/product\/floating-fish-feed-machine\/\" target=\"_blank\" rel=\"noreferrer noopener\">m\u00e1y l\u00e0m th\u1ee9c \u0103n c\u00e1 n\u1ed5i<\/a> \u0111\u1ec3 s\u1ea3n xu\u1ea5t th\u1ee9c \u0103n cho g\u00e0. Trong qu\u00e1 tr\u00ecnh trao \u0111\u1ed5i, ng\u01b0\u1eddi qu\u1ea3n l\u00fd b\u00e1n h\u00e0ng c\u1ee7a ch\u00fang t\u00f4i bi\u1ebft \u0111\u01b0\u1ee3c r\u1eb1ng ng\u00e2n s\u00e1ch c\u1ee7a anh \u1ea5y kh\u00f4ng \u0111\u1ee7. Do \u0111\u00f3, ng\u01b0\u1eddi qu\u1ea3n l\u00fd b\u00e1n h\u00e0ng \u0111\u00e3 gi\u1edbi thi\u1ec7u m\u00e1y l\u00e0m vi\u00ean th\u1ee9c \u0103n ch\u0103n nu\u00f4i. <\/p>    <p>M\u00e1y l\u00e0m vi\u00ean g\u00e0 n\u00e0y c\u00f3 gi\u00e1 thu\u1eadn l\u1ee3i v\u00e0 c\u00f9ng m\u1ed9t ch\u1ee9c n\u0103ng. Th\u00f4ng qua cu\u1ed9c tr\u00f2 chuy\u1ec7n, kh\u00e1ch h\u00e0ng Nigeria bi\u1ebft m\u00e1y v\u00e0 th\u00edch nh\u00e0 m\u00e1y th\u1ee9c \u0103n n\u00e0y. Cu\u1ed1i c\u00f9ng, anh \u0111\u00e3 \u0111\u1eb7t h\u00e0ng 5 b\u1ed9 v\u00e0 y\u00eau c\u1ea7u ch\u00fang \u0111\u01b0\u1ee3c chuy\u1ec3n \u0111\u1ebfn Nigeria.<\/p>   <div class=\"wp-block-image\"> <figure class=\"aligncenter size-full\"><img loading=\"lazy\" decoding=\"async\" width=\"750\" height=\"562\" src=\"https:\/\/fishfoodmachinery.com\/wp-content\/uploads\/2022\/09\/feed-pellet-making-machine-in-stock.webp\" alt=\"M\u00e1y l\u00e0m vi\u00ean th\u1ee9c \u0103n trong kho\" class=\"wp-image-146\" title=\"\" srcset=\"https:\/\/fishfoodmachinery.com\/wp-content\/uploads\/2022\/09\/feed-pellet-making-machine-in-stock.webp 750w, https:\/\/fishfoodmachinery.com\/wp-content\/uploads\/2022\/09\/feed-pellet-making-machine-in-stock-300x225.webp 300w\" sizes=\"auto, (max-width: 750px) 100vw, 750px\" \/><figcaption class=\"wp-element-caption\">M\u00e1y l\u00e0m vi\u00ean th\u1ee9c \u0103n trong kho<\/figcaption><\/figure> <\/div>   <h2 class=\"wp-block-heading\"><strong>Li\u00ean h\u1ec7 v\u1edbi ch\u00fang t\u00f4i \u0111\u1ec3 bi\u1ebft th\u00eam chi ti\u1ebft m\u00e1y!<\/strong><\/h2>    <p class=\"translation-block\">B\u1ea1n c\u00f3 mu\u1ed1n m\u1ed9t m\u00e1y \u00e9p vi\u00ean hi\u1ec7u qu\u1ea3 v\u1ec1 chi ph\u00ed cho s\u1ea3n xu\u1ea5t <a href=\"https:\/\/en.wikipedia.org\/wiki\/Animal_feed\" target=\"_blank\" rel=\"noopener\">th\u1ee9c \u0103n ch\u0103n nu\u00f4i<\/a> kh\u00f4ng? N\u1ebfu c\u00f3, h\u00e3y li\u00ean h\u1ec7 v\u1edbi ch\u00fang t\u00f4i v\u00e0 ch\u00fang t\u00f4i s\u1ebd cung c\u1ea5p cho b\u1ea1n gi\u1ea3i ph\u00e1p t\u1ed1i \u01b0u.<\/p>","protected":false},"excerpt":{"rendered":"<p>M\u00e1y \u00e9p vi\u00ean th\u1ee9c \u0103n ch\u0103n nu\u00f4i ch\u1ee7 y\u1ebfu \u0111\u01b0\u1ee3c s\u1eed d\u1ee5ng \u0111\u1ec3 s\u1ea3n xu\u1ea5t c\u00e1c lo\u1ea1i th\u1ee9c \u0103n cho \u0111\u1ed9ng v\u1eadt kh\u00e1c nhau, ch\u1eb3ng h\u1ea1n nh\u01b0 gia s\u00fac, th\u1ecf, l\u1ee3n, g\u00e0 v\u00e0 c\u1eebu, v\u1edbi c\u00f4ng su\u1ea5t t\u1eeb 120-1200kg\/h.<\/p>","protected":false},"author":1,"featured_media":134,"parent":0,"template":"","tags":[53],"product-type":[9],"class_list":["post-63","product","type-product","status-publish","has-post-thumbnail","hentry","tag-animal-feed","product-type-animal-feed-pellet-machine"],"_links":{"self":[{"href":"https:\/\/fishfoodmachinery.com\/vi\/wp-json\/wp\/v2\/product\/63","targetHints":{"allow":["GET"]}}],"collection":[{"href":"https:\/\/fishfoodmachinery.com\/vi\/wp-json\/wp\/v2\/product"}],"about":[{"href":"https:\/\/fishfoodmachinery.com\/vi\/wp-json\/wp\/v2\/types\/product"}],"author":[{"embeddable":true,"href":"https:\/\/fishfoodmachinery.com\/vi\/wp-json\/wp\/v2\/users\/1"}],"wp:featuredmedia":[{"embeddable":true,"href":"https:\/\/fishfoodmachinery.com\/vi\/wp-json\/wp\/v2\/media\/134"}],"wp:attachment":[{"href":"https:\/\/fishfoodmachinery.com\/vi\/wp-json\/wp\/v2\/media?parent=63"}],"wp:term":[{"taxonomy":"post_tag","embeddable":true,"href":"https:\/\/fishfoodmachinery.com\/vi\/wp-json\/wp\/v2\/tags?post=63"},{"taxonomy":"product-type","embeddable":true,"href":"https:\/\/fishfoodmachinery.com\/vi\/wp-json\/wp\/v2\/product-type?post=63"}],"curies":[{"name":"wp","href":"https:\/\/api.w.org\/{rel}","templated":true}]}}