{"id":67,"date":"2022-09-06T06:31:46","date_gmt":"2022-09-06T06:31:46","guid":{"rendered":"https:\/\/fishfoodmachinery.com\/?post_type=product&#038;p=67"},"modified":"2024-12-23T11:19:31","modified_gmt":"2024-12-23T03:19:31","slug":"new-type-fish-pellet-making-machine","status":"publish","type":"product","link":"https:\/\/fishfoodmachinery.com\/vi\/product\/new-type-fish-pellet-making-machine\/","title":{"rendered":"M\u00e1y l\u00e0m vi\u00ean c\u00e1 lo\u1ea1i m\u1edbi"},"content":{"rendered":"<p class=\"translation-block\">M\u00e1y l\u00e0m vi\u00ean th\u1ee9c \u0103n cho c\u00e1 n\u00e0y \u0111\u01b0\u1ee3c thi\u1ebft k\u1ebf m\u1edbi d\u1ef1a tr\u00ean<a href=\"https:\/\/fishfoodmachinery.com\/vi\/product\/floating-fish-feed-machine\/\" target=\"_blank\" rel=\"noreferrer noopener\"> m\u00e1y l\u00e0m th\u1ee9c \u0103n n\u1ed5i cho c\u00e1<\/a> tr\u01b0\u1edbc \u0111\u00f3. M\u00e1y nghi\u1ec1n vi\u00ean th\u1ee9c \u0103n cho c\u00e1 n\u00e0y c\u00f3 c\u1ea5u tr\u00fac t\u00edch h\u1ee3p, thu\u1eadn ti\u1ec7n h\u01a1n v\u00e0 d\u1ec5 s\u1eed d\u1ee5ng. N\u00f3 c\u00f3 c\u00f9ng ch\u1ee9c n\u0103ng: s\u1ea3n xu\u1ea5t nhi\u1ec1u lo\u1ea1i vi\u00ean th\u1ee9c \u0103n. M\u00e1y ch\u1ebf bi\u1ebfn th\u1ee9c \u0103n cho c\u00e1 \u0111\u01b0\u1ee3c s\u1ea3n xu\u1ea5t d\u01b0\u1edbi h\u1ec7 th\u1ed1ng ki\u1ec3m so\u00e1t ch\u1ea5t l\u01b0\u1ee3ng nghi\u00eam ng\u1eb7t, v\u00ec v\u1eady, ch\u1ea5t l\u01b0\u1ee3ng m\u00e1y l\u00e0 t\u1ed1t. B\u00ean c\u1ea1nh \u0111\u00f3, m\u00e1y l\u00e0m th\u1ee9c \u0103n n\u1ed5i cho c\u00e1 c\u1ee7a Taizy \u0111\u00e3 \u0111\u01b0\u1ee3c xu\u1ea5t kh\u1ea9u sang Peru, Angola, Niger, Ghana, v.v. N\u1ebfu b\u1ea1n quan t\u00e2m, h\u00e3y li\u00ean h\u1ec7 v\u1edbi ch\u00fang t\u00f4i ngay l\u1eadp t\u1ee9c \u0111\u1ec3 bi\u1ebft th\u00eam th\u00f4ng tin!<\/p>    <h2 class=\"wp-block-heading\" id=\"h-structure-of-the-floating-fish-pellet-making-machine\"><strong>C\u1ea5u t\u1ea1o c\u1ee7a m\u00e1y l\u00e0m vi\u00ean c\u00e1 n\u1ed5i<\/strong><\/h2>    <p class=\"translation-block\">Th\u1ef1c t\u1ebf, th\u00e0nh ph\u1ea7n c\u1ee7a <a href=\"https:\/\/taizyagromachine.com\/product\/fish-feed-extruder\/\" target=\"_blank\" rel=\"noreferrer noopener\">m\u00e1y l\u00e0m th\u1ee9c \u0103n cho c\u00e1 b\u00e1n<\/a> r\u1ea5t d\u1ec5 hi\u1ec3u. Thi\u1ebft b\u1ecb \u0111i\u1ec1u khi\u1ec3n c\u1ee7a m\u00e1y \u1edf trong t\u00ecnh tr\u1ea1ng \u0111\u00f3ng. Vi\u1ec7c \u0111i\u1ec1u khi\u1ec3n m\u00e1y ch\u1ec9 c\u1ea7n v\u1eadn h\u00e0nh b\u1ea3ng \u0111i\u1ec1u khi\u1ec3n b\u00ean ngo\u00e0i. Theo quy tr\u00ecnh s\u1ea3n xu\u1ea5t, m\u00e1y bao g\u1ed3m c\u00e1c b\u1ed9 ph\u1eadn ch\u00ednh l\u00e0 \u0111\u1ea7u v\u00e0o, gia nhi\u1ec7t, dao c\u1eaft v\u00e0 \u0111\u1ea7u ra.<\/p>   <div class=\"wp-block-image\"> <figure class=\"aligncenter size-full\"><img loading=\"lazy\" decoding=\"async\" width=\"720\" height=\"540\" src=\"https:\/\/fishfoodmachinery.com\/wp-content\/uploads\/2022\/09\/floating-fish-feed-pellet-machine-structure.webp\" alt=\"C\u1ea5u tr\u00fac m\u00e1y \u00e9p vi\u00ean th\u1ee9c \u0103n cho c\u00e1 n\u1ed5i\" class=\"wp-image-153\" title=\"\" srcset=\"https:\/\/fishfoodmachinery.com\/wp-content\/uploads\/2022\/09\/floating-fish-feed-pellet-machine-structure.webp 720w, https:\/\/fishfoodmachinery.com\/wp-content\/uploads\/2022\/09\/floating-fish-feed-pellet-machine-structure-300x225.webp 300w\" sizes=\"auto, (max-width: 720px) 100vw, 720px\" \/><figcaption class=\"wp-element-caption\">C\u1ea5u tr\u00fac m\u00e1y \u00e9p vi\u00ean th\u1ee9c \u0103n cho c\u00e1 n\u1ed5i<\/figcaption><\/figure> <\/div>   <h2 class=\"wp-block-heading\" id=\"h-advantages-of-the-fish-feed-pellet-making-machine\"><strong>\u01afu \u0111i\u1ec3m c\u1ee7a m\u00e1y l\u00e0m th\u1ee9c \u0103n vi\u00ean cho c\u00e1<\/strong><strong><\/strong><\/h2>    <ul class=\"wp-block-list\" type=\"1\"> <li>C\u1ea5u tr\u00fac \u0111\u01a1n gi\u1ea3n, kh\u1ea3 n\u0103ng th\u00edch \u1ee9ng r\u1ed9ng.<\/li>    <li>Kh\u00f4ng gian s\u00e0n \u00edt h\u01a1n v\u00e0 ti\u1ebfng \u1ed3n th\u1ea5p.<\/li>    <li>Th\u1ee9c \u0103n vi\u00ean c\u00f3 l\u1ee3i h\u01a1n cho vi\u1ec7c l\u01b0u tr\u1eef.<\/li>    <li>Cho v\u1eadt nu\u00f4i \u0103n c\u00f3 th\u1ec3 thu \u0111\u01b0\u1ee3c l\u1ee3i \u00edch kinh t\u1ebf cao h\u01a1n.<\/li>    <li>C\u00e1c vi\u00ean th\u1ee9c \u0103n \u0111\u01b0\u1ee3c s\u1ea3n xu\u1ea5t c\u00f3 b\u1ec1 m\u1eb7t m\u1ecbn v\u00e0 ch\u00edn b\u00ean trong, c\u00f3 th\u1ec3 c\u1ea3i thi\u1ec7n qu\u00e1 tr\u00ecnh ti\u00eau h\u00f3a v\u00e0 h\u1ea5p thu ch\u1ea5t dinh d\u01b0\u1ee1ng.<\/li>    <li>Qu\u00e1 tr\u00ecnh h\u00ecnh th\u00e0nh vi\u00ean c\u1ee7a m\u00e1y l\u00e0m vi\u00ean c\u00e1 c\u00f3 th\u1ec3 gi\u1ea3m c\u00e1c b\u1ec7nh v\u1ec1 h\u1ec7 ti\u00eau h\u00f3a c\u1ee7a nhi\u1ec1u lo\u1ea1i c\u00f4n tr\u00f9ng.<\/li> <\/ul>    <h2 class=\"wp-block-heading\" id=\"h-what-are-the-spotlights-of-the-new-type-fish-feed-pelleting-machine\"><strong>\u0110i\u1ec3m n\u1ed5i b\u1eadt c\u1ee7a m\u00e1y \u00e9p vi\u00ean th\u1ee9c \u0103n cho c\u00e1 lo\u1ea1i m\u1edbi l\u00e0 g\u00ec\uff1f<\/strong><\/h2>    <ul class=\"wp-block-list\" type=\"1\"> <li>C\u1ea5u tr\u00fac m\u00e1y t\u00edch h\u1ee3p, \u0111\u1ed9 \u1ed3n th\u1ea5p.<\/li>    <li>Thao t\u00e1c d\u1ec5 d\u00e0ng, ch\u1ec9 thao t\u00e1c tr\u00ean b\u1ea3ng \u0111i\u1ec1u khi\u1ec3n.<\/li>    <li>S\u1eed d\u1ee5ng m\u00e1y thu\u1eadn ti\u1ec7n h\u01a1n.<\/li>    <li>\u0110\u01a1n gi\u1ea3n \u0111\u1ec3 thay th\u1ebf khu\u00f4n.<\/li>    <li>C\u00f4ng ngh\u1ec7 ti\u00ean ti\u1ebfn, t\u1ea1o ra th\u1ee9c \u0103n th\u01a1m ngon, h\u1ea5p d\u1eabn h\u01a1n.<\/li> <\/ul>   <div class=\"wp-block-image\"> <figure class=\"aligncenter size-full\"><img loading=\"lazy\" decoding=\"async\" width=\"720\" height=\"540\" src=\"https:\/\/fishfoodmachinery.com\/wp-content\/uploads\/2022\/09\/newly-designed-fish-pellet-machine.webp\" alt=\"m\u00e1y \u00e9p vi\u00ean c\u00e1 \u0111\u01b0\u1ee3c thi\u1ebft k\u1ebf m\u1edbi\" class=\"wp-image-155\" title=\"\" srcset=\"https:\/\/fishfoodmachinery.com\/wp-content\/uploads\/2022\/09\/newly-designed-fish-pellet-machine.webp 720w, https:\/\/fishfoodmachinery.com\/wp-content\/uploads\/2022\/09\/newly-designed-fish-pellet-machine-300x225.webp 300w\" sizes=\"auto, (max-width: 720px) 100vw, 720px\" \/><figcaption class=\"wp-element-caption\">m\u00e1y \u00e9p vi\u00ean c\u00e1 \u0111\u01b0\u1ee3c thi\u1ebft k\u1ebf m\u1edbi<\/figcaption><\/figure> <\/div>   <h2 class=\"wp-block-heading\" id=\"h-successful-case-floating-fish-feed-pellet-machine-delivered-to-cote-d-ivoire\"><strong>Tr\u01b0\u1eddng h\u1ee3p th\u00e0nh c\u00f4ng: m\u00e1y l\u00e0m vi\u00ean th\u1ee9c \u0103n n\u1ed5i cho c\u00e1 \u0111\u01b0\u1ee3c giao \u0111\u1ebfn C\u00f4te d\u2019Ivoire.<\/strong><\/h2>    <p>Kh\u00e1ch h\u00e0ng n\u00e0y l\u00e0 kh\u00e1ch h\u00e0ng th\u01b0\u1eddng xuy\u00ean. L\u1ea7n n\u00e0y l\u00e0 mua l\u1ea1i. V\u00ec v\u1eady, ch\u00fang t\u00f4i \u0111\u00e3 gi\u1edbi thi\u1ec7u m\u00e1y nghi\u1ec1n th\u1ee9c \u0103n vi\u00ean m\u1edbi cho c\u00e1 c\u1ee7a m\u00ecnh cho anh \u1ea5y. Ngo\u00e0i ra, ch\u00fang t\u00f4i c\u00f2n gi\u1edbi thi\u1ec7u c\u00e1c t\u00ednh n\u0103ng \u01b0u vi\u1ec7t c\u1ee7a m\u00e1y l\u00e0m vi\u00ean c\u00e1 m\u1edbi n\u00e0y. V\u00ec h\u1ee3p t\u00e1c l\u00e2u d\u00e0i, t\u1ea1o d\u1ef1ng \u0111\u01b0\u1ee3c ni\u1ec1m tin n\u00ean kh\u00e1ch h\u00e0ng \u0111\u00e3 \u0111\u1eb7t h\u00e0ng.\u00a0Sau khi nh\u1eadn m\u00e1y v\u00e0 s\u1eed d\u1ee5ng m\u1ed9t th\u1eddi gian, anh cho bi\u1ebft ph\u1ea3n h\u1ed3i c\u1ee7a kh\u00e1ch h\u00e0ng \u0111\u1eb7c bi\u1ec7t t\u1ed1t v\u00e0 \u0111\u00e2y l\u00e0 m\u1ed9t chi\u1ebfc m\u00e1y r\u1ea5t thi\u1ebft th\u1ef1c.<\/p>   <div class=\"wp-block-image\"> <figure class=\"aligncenter size-full\"><img loading=\"lazy\" decoding=\"async\" width=\"720\" height=\"540\" src=\"https:\/\/fishfoodmachinery.com\/wp-content\/uploads\/2022\/09\/new-type-floating-fish-food-machine-in-stock.webp\" alt=\"m\u00e1y l\u00e0m th\u1ee9c \u0103n cho c\u00e1 n\u1ed5i lo\u1ea1i m\u1edbi trong kho\" class=\"wp-image-156\" title=\"\" srcset=\"https:\/\/fishfoodmachinery.com\/wp-content\/uploads\/2022\/09\/new-type-floating-fish-food-machine-in-stock.webp 720w, https:\/\/fishfoodmachinery.com\/wp-content\/uploads\/2022\/09\/new-type-floating-fish-food-machine-in-stock-300x225.webp 300w\" sizes=\"auto, (max-width: 720px) 100vw, 720px\" \/><figcaption class=\"wp-element-caption\">m\u00e1y l\u00e0m th\u1ee9c \u0103n cho c\u00e1 n\u1ed5i lo\u1ea1i m\u1edbi trong kho<\/figcaption><\/figure> <\/div>   <h2 class=\"wp-block-heading\" id=\"h-technical-parameters-of-the-commercial-fish-pellet-making-machine\"><strong>Th\u00f4ng s\u1ed1 k\u1ef9 thu\u1eadt c\u1ee7a m\u00e1y l\u00e0m vi\u00ean c\u00e1 th\u01b0\u01a1ng m\u1ea1i<\/strong><strong><\/strong><\/h2>    <figure class=\"wp-block-table\"><table><tbody><tr><td>Ng\u01b0\u1eddi m\u1eabu<\/td><td>Dung t\u00edch<\/td><td>Ngu\u1ed3n \u0111i\u1ec7n ch\u00ednh<\/td><td>C\u00f4ng su\u1ea5t c\u1eaft<\/td><td>Ngu\u1ed3n cung c\u1ea5p th\u1ee9c \u0103n<\/td><td>\u0110\u01b0\u1eddng k\u00ednh tr\u1ee5c v\u00edt<\/td><td>K\u00edch c\u1ee1<\/td><td>C\u00e2n n\u1eb7ng<\/td><\/tr><tr><td>DGP-40<\/td><td>40-50kg\/gi\u1edd<\/td><td>7,5kW<\/td><td>0,4kW<\/td><td>0,4kW<\/td><td>40mm<\/td><td>1260*860*1250mm<\/td><td>290kg<\/td><\/tr><tr><td>DGP-60<\/td><td>150kg\/gi\u1edd<\/td><td>15kW<\/td><td>0,4kW<\/td><td>0,4kW<\/td><td>60mm<\/td><td>1450*950*1430mm<\/td><td>480kg<\/td><\/tr><tr><td>DGP-70<\/td><td>180-250kg\/gi\u1edd<\/td><td>18,5kW<\/td><td>0,4kW<\/td><td>0,4kW<\/td><td>70mm<\/td><td>1600*1400*1450mm<\/td><td>600kg<\/td><\/tr><tr><td>DGP-80<\/td><td>300-350kg\/gi\u1edd<\/td><td>22kW<\/td><td>0,4kW<\/td><td>0,4kW<\/td><td>80mm<\/td><td>1850*1470*1500m<\/td><td>800kg<\/td><\/tr><\/tbody><\/table><\/figure>","protected":false},"excerpt":{"rendered":"<p>This fish pellet making machine is newly designed on the basis of the previous floating fish food making machine. This fish pellet mill has an integrated structure, more convenient and easy to use. It has the same function: produce various feed pellets. The fish food processing machine is manufactured under the strict quality control system, [&hellip;]<\/p>\n","protected":false},"author":1,"featured_media":150,"parent":0,"template":"","tags":[24,20,10,19],"product-type":[8],"class_list":["post-67","product","type-product","status-publish","has-post-thumbnail","hentry","tag-fish-feed","tag-fish-feed-pellet-machine","tag-floating-fish-feed-production-line","tag-pet-food-making-machine","product-type-fish-feed-pellet-machine"],"_links":{"self":[{"href":"https:\/\/fishfoodmachinery.com\/vi\/wp-json\/wp\/v2\/product\/67","targetHints":{"allow":["GET"]}}],"collection":[{"href":"https:\/\/fishfoodmachinery.com\/vi\/wp-json\/wp\/v2\/product"}],"about":[{"href":"https:\/\/fishfoodmachinery.com\/vi\/wp-json\/wp\/v2\/types\/product"}],"author":[{"embeddable":true,"href":"https:\/\/fishfoodmachinery.com\/vi\/wp-json\/wp\/v2\/users\/1"}],"wp:featuredmedia":[{"embeddable":true,"href":"https:\/\/fishfoodmachinery.com\/vi\/wp-json\/wp\/v2\/media\/150"}],"wp:attachment":[{"href":"https:\/\/fishfoodmachinery.com\/vi\/wp-json\/wp\/v2\/media?parent=67"}],"wp:term":[{"taxonomy":"post_tag","embeddable":true,"href":"https:\/\/fishfoodmachinery.com\/vi\/wp-json\/wp\/v2\/tags?post=67"},{"taxonomy":"product-type","embeddable":true,"href":"https:\/\/fishfoodmachinery.com\/vi\/wp-json\/wp\/v2\/product-type?post=67"}],"curies":[{"name":"wp","href":"https:\/\/api.w.org\/{rel}","templated":true}]}}