{"id":70,"date":"2022-09-06T06:34:15","date_gmt":"2022-09-06T06:34:15","guid":{"rendered":"https:\/\/fishfoodmachinery.com\/?post_type=product&#038;p=70"},"modified":"2024-12-23T11:19:50","modified_gmt":"2024-12-23T03:19:50","slug":"dry-type-fish-feed-extruder-machine","status":"publish","type":"product","link":"https:\/\/fishfoodmachinery.com\/vi\/product\/dry-type-fish-feed-extruder-machine\/","title":{"rendered":"M\u00e1y \u0111\u00f9n th\u1ee9c \u0103n cho c\u00e1 lo\u1ea1i kh\u00f4"},"content":{"rendered":"<p class=\"translation-block\">M\u00e1y \u0111\u00f9n th\u1ee9c \u0103n cho c\u00e1 n\u00e0y \u0111\u01b0\u1ee3c s\u1eed d\u1ee5ng \u0111\u1ec3 s\u1ea3n xu\u1ea5t vi\u00ean th\u1ee9c \u0103n cho c\u00e1 b\u1eb1ng ph\u01b0\u01a1ng ph\u00e1p kh\u00f4. N\u00f3 ch\u1ee7 y\u1ebfu t\u00e1ch bi\u1ec7t v\u1edbi khu v\u1ef1c s\u1ea3n xu\u1ea5t vi\u00ean th\u1ee9c \u0103n cho c\u00e1 \u01b0\u1edbt. Ph\u01b0\u01a1ng ph\u00e1p kh\u00f4 c\u1ee7a <a href=\"https:\/\/taizyagromachine.com\/product\/fish-feed-extruder\/?swcfpc=1\" target=\"_blank\" rel=\"noreferrer noopener\">m\u00e1y l\u00e0m ph\u1ed3ng th\u1ee9c \u0103n cho c\u00e1<\/a> n\u00e0y tr\u1ef1c ti\u1ebfp nghi\u1ec1n v\u00e0 tr\u1ed9n nguy\u00ean li\u1ec7u th\u00f4 r\u1ed3i th\u1ed5i th\u00e0nh vi\u00ean, r\u1ea5t ti\u1ec7n l\u1ee3i v\u00e0 hi\u1ec7u qu\u1ea3. N\u1ebfu b\u1ea1n quan t\u00e2m \u0111\u1ebfn lo\u1ea1i m\u00e1y n\u00e0y, h\u00e3y li\u00ean h\u1ec7 v\u1edbi ch\u00fang t\u00f4i!<\/p>    <h2 class=\"wp-block-heading\" id=\"h-why-use-dry-puffing-instead-of-wet-puffing\"><strong>T\u1ea1i sao ph\u1ea3i s\u1eed d\u1ee5ng ph\u1ed3ng kh\u00f4 thay v\u00ec ph\u1ed3ng \u01b0\u1edbt?<\/strong><strong><\/strong><\/h2>    <ul class=\"wp-block-list\" type=\"1\"> <li>C\u1ea3i thi\u1ec7n t\u1ed1c \u0111\u1ed9 s\u1eed d\u1ee5ng ti\u00eau h\u00f3a c\u1ee7a v\u1eadt li\u1ec7u.\u00a0C\u00e1c v\u1eadt li\u1ec7u \u0111\u01b0\u1ee3c th\u1ef1c hi\u1ec7n tr\u1ef1c ti\u1ebfp v\u00e0 t\u1ef7 l\u1ec7 s\u1eed d\u1ee5ng \u0111\u01b0\u1ee3c t\u0103ng l\u00ean.<\/li>    <li>Gi\u1ea3m h\u00e0m l\u01b0\u1ee3ng vi khu\u1ea9n c\u1ee7a v\u1eadt li\u1ec7u.\u00a0B\u1edfi v\u00ec n\u00f3 l\u00e0 m\u1ed9t nhi\u1ec7t \u0111\u1ed9 cao t\u1ee9c th\u00ec, n\u00f3 c\u00f3 th\u1ec3 l\u00e0m gi\u1ea3m vi khu\u1ea9n \u1edf m\u1ed9t m\u1ee9c \u0111\u1ed9 n\u00e0o \u0111\u00f3.<\/li> <\/ul>   <div class=\"wp-block-image\"> <figure class=\"aligncenter size-full\"><img loading=\"lazy\" decoding=\"async\" width=\"720\" height=\"720\" src=\"https:\/\/fishfoodmachinery.com\/wp-content\/uploads\/2022\/09\/fish-feed-pellet-machine.webp\" alt=\"m\u00e1y \u00e9p vi\u00ean th\u1ee9c \u0103n cho c\u00e1\" class=\"wp-image-113\" title=\"\" srcset=\"https:\/\/fishfoodmachinery.com\/wp-content\/uploads\/2022\/09\/fish-feed-pellet-machine.webp 720w, https:\/\/fishfoodmachinery.com\/wp-content\/uploads\/2022\/09\/fish-feed-pellet-machine-300x300.webp 300w, https:\/\/fishfoodmachinery.com\/wp-content\/uploads\/2022\/09\/fish-feed-pellet-machine-150x150.webp 150w\" sizes=\"auto, (max-width: 720px) 100vw, 720px\" \/><figcaption class=\"wp-element-caption\">m\u00e1y \u00e9p vi\u00ean th\u1ee9c \u0103n cho c\u00e1<\/figcaption><\/figure> <\/div>   <h2 class=\"wp-block-heading\" id=\"h-taizy-machinery-the-top-fish-feed-extruder-machine-manufacturer-supplier\"><strong><a href=\"https:\/\/fishfoodmachinery.com\/vi\/about-us\/\" target=\"_blank\" rel=\"noreferrer noopener\">M\u00e1y m\u00f3c Taizy<\/a>\u2013 nh\u00e0 s\u1ea3n xu\u1ea5t v\u00e0 cung c\u1ea5p m\u00e1y \u00e9p th\u1ee9c \u0103n cho c\u00e1 h\u00e0ng \u0111\u1ea7u<\/strong><\/h2>    <ol class=\"wp-block-list\" type=\"1\"> <li>Cung c\u1ea5p c\u00e1c m\u00e1y ho\u00e0n ch\u1ec9nh. B\u1edfi v\u00ec \u1edf Taizy, ch\u00fang t\u00f4i kh\u00f4ng ch\u1ec9 c\u00f3 m\u00e1y nh\u00fang th\u1ee9c \u0103n c\u00e1 kh\u00f4 duy nh\u1ea5t m\u00e0 c\u00f2n cung c\u1ea5p d\u00e2y chuy\u1ec1n s\u1ea3n xu\u1ea5t th\u1ee9c \u0103n cho c\u00e1. B\u1ea1n c\u00f3 th\u1ec3 mua nh\u1eefng g\u00ec b\u1ea1n c\u1ea7n c\u00f9ng m\u1ed9t l\u00fac, r\u1ea5t thu\u1eadn ti\u1ec7n.<\/li>    <li>Nh\u00e2n vi\u00ean b\u00e1n h\u00e0ng chuy\u00ean nghi\u1ec7p. Nh\u00e2n vi\u00ean c\u1ee7a ch\u00fang t\u00f4i r\u1ea5t quen thu\u1ed9c v\u1edbi m\u00e1y \u0111\u00f9n th\u1ee9c \u0103n th\u00fa c\u01b0ng, h\u1ecd c\u00f3 th\u1ec3 \u0111\u1ec1 xu\u1ea5t c\u01a1 s\u1edf m\u00e1y ph\u00f9 h\u1ee3p nh\u1ea5t theo y\u00eau c\u1ea7u c\u1ee7a b\u1ea1n.<\/li>    <li>Gi\u00e1 c\u1ea1nh tranh. Ch\u00fang t\u00f4i \u0111\u01b0\u1ee3c t\u00edch h\u1ee3p v\u1edbi vi\u1ec7c s\u1ea3n xu\u1ea5t v\u00e0 cung c\u1ea5p, v\u00ec v\u1eady m\u00e1y c\u1ee7a ch\u00fang t\u00f4i c\u00f3 l\u1ee3i th\u1ebf v\u1ec1 gi\u00e1.<\/li>    <li>D\u1ecbch v\u1ee5 sau b\u00e1n h\u00e0ng. Taizy c\u0169ng cung c\u1ea5p d\u1ecbch v\u1ee5 sau b\u00e1n h\u00e0ng \u0111\u1ec3 h\u1ed7 tr\u1ee3 doanh nghi\u1ec7p c\u1ee7a kh\u00e1ch h\u00e0ng, s\u1eed d\u1ee5ng m\u00e1y m\u1ed9t c\u00e1ch tr\u01a1n tru.<\/li> <\/ol>    <h2 class=\"wp-block-heading\" id=\"h-how-to-purchase-taizy-fish-feed-extruder-machine\"><strong>L\u00e0m th\u1ebf n\u00e0o \u0111\u1ec3 mua m\u00e1y \u00e9p \u0111\u00f9n c\u00e1 Taizy?<\/strong><\/h2>    <p>Khi b\u1ea1n quan t\u00e2m \u0111\u1ebfn vi\u1ec7c mua m\u1ed9t nh\u00e0 m\u00e1y th\u1ee9c \u0103n c\u00e1, b\u1ea1n c\u00f3 th\u1ec3 mua n\u00f3 t\u1eeb ph\u00eda ch\u00fang t\u00f4i b\u1eb1ng c\u00e1ch l\u00e0m theo m\u1ed9t v\u00e0i b\u01b0\u1edbc.<\/p>    <ul class=\"wp-block-list\"> <li>Li\u00ean h\u1ec7 v\u1edbi ch\u00fang t\u00f4i: Th\u00f4ng qua WhatsApp ho\u1eb7c email c\u00f3 s\u1eb5n.<\/li>    <li>S\u1eafp x\u1ebfp m\u1ed9t ng\u01b0\u1eddi qu\u1ea3n l\u00fd b\u00e1n h\u00e0ng: Ch\u00fang t\u00f4i s\u1ebd s\u1eafp x\u1ebfp m\u1ed9t ng\u01b0\u1eddi chuy\u00ean nghi\u1ec7p \u0111\u1ec3 giao di\u1ec7n v\u1edbi b\u1ea1n v\u00e0 gi\u1edbi thi\u1ec7u th\u00f4ng tin m\u00e1y c\u00f3 li\u00ean quan.<\/li>    <li>\u0110\u1eb7t h\u00e0ng: Ng\u01b0\u1eddi mua s\u1ebd x\u00e1c \u0111\u1ecbnh chi ti\u1ebft c\u1ee7a m\u00e1y th\u00f4ng qua giao ti\u1ebfp.<\/li>    <li>K\u00fd h\u1ee3p \u0111\u1ed3ng: k\u00fd h\u1ee3p \u0111\u1ed3ng \u0111\u1eb7t h\u00e0ng v\u00e0 x\u00e1c \u0111\u1ecbnh ph\u01b0\u01a1ng th\u1ee9c thanh to\u00e1n v\u00e0 c\u00e1c v\u1ea5n \u0111\u1ec1 kh\u00e1c.<\/li>    <li>S\u1ea3n xu\u1ea5t v\u00e0 thanh to\u00e1n: Thanh to\u00e1n ti\u1ec1n g\u1eedi v\u00e0 b\u1eaft \u0111\u1ea7u s\u1ea3n xu\u1ea5t m\u00e1y; Sau khi s\u1ea3n xu\u1ea5t k\u1ebft th\u00fac, h\u00e3y tr\u1ea3 s\u1ed1 d\u01b0 v\u00e0 s\u1eafp x\u1ebfp vi\u1ec7c giao h\u00e0ng.<\/li>    <li>Giao th\u00f4ng v\u1eadn t\u1ea3i: Sau khi t\u1ea5t c\u1ea3 c\u00e1c quy tr\u00ecnh tr\u00ean \u0111\u01b0\u1ee3c ho\u00e0n th\u00e0nh, ch\u00fang t\u00f4i s\u1ebd \u0111\u00f3ng g\u00f3i m\u00e1y v\u00e0 n\u00f3 s\u1ebd \u0111\u1ebfn \u0111\u00edch c\u1ee7a b\u1ea1n b\u1eb1ng \u0111\u01b0\u1eddng bi\u1ec3n (n\u00f3i chung).<\/li> <\/ul>   <div class=\"wp-block-image\"> <figure class=\"aligncenter size-full\"><img loading=\"lazy\" decoding=\"async\" width=\"720\" height=\"350\" src=\"https:\/\/fishfoodmachinery.com\/wp-content\/uploads\/2022\/09\/fish-feed-pellet-mill-in-stock.webp\" alt=\"Fish Feed Pellet Mill trong kho\" class=\"wp-image-161\" title=\"\" srcset=\"https:\/\/fishfoodmachinery.com\/wp-content\/uploads\/2022\/09\/fish-feed-pellet-mill-in-stock.webp 720w, https:\/\/fishfoodmachinery.com\/wp-content\/uploads\/2022\/09\/fish-feed-pellet-mill-in-stock-300x146.webp 300w\" sizes=\"auto, (max-width: 720px) 100vw, 720px\" \/><figcaption class=\"wp-element-caption\">Fish Feed Pellet Mill trong kho<\/figcaption><\/figure> <\/div>   <h2 class=\"wp-block-heading\" id=\"h-successful-case-100-150kg-h-fish-feed-pellet-mill-exported-to-peru\"><strong><strong>Tr\u01b0\u1eddng h\u1ee3p th\u00e0nh c\u00f4ng: 100-150kg\/h Pellet Mill \u0111\u01b0\u1ee3c xu\u1ea5t kh\u1ea9u sang Peru<\/strong><\/strong><\/h2>    <p>M\u00e1y l\u00e0m th\u1ee9c \u0103n cho c\u00e1 n\u1ed5i ki\u1ec3u kh\u00f4 c\u1ee7a ch\u00fang t\u00f4i r\u1ea5t ph\u1ed5 bi\u1ebfn \u0111\u1ebfn n\u1ed7i ch\u00fang t\u00f4i th\u01b0\u1eddng \u0111\u01b0a c\u00e1c nh\u00e0 ph\u00e2n ph\u1ed1i mua n\u00f3 t\u1eeb ch\u00fang t\u00f4i. Kh\u00e1ch h\u00e0ng c\u1ee7a Peru n\u00e0y l\u00e0 m\u1ed9t \u0111\u1ea1i l\u00fd \u0111\u00e3 nh\u1eadp m\u00e1y n\u00e0y t\u1eeb Taizy tr\u01b0\u1edbc \u0111\u00f3 v\u00e0 \u0111\u00e3 b\u00e1n n\u00f3 r\u1ea5t t\u1ed1t, v\u00ec v\u1eady anh \u1ea5y \u0111\u00e3 mua l\u1ea1i t\u1eeb ch\u00fang t\u00f4i l\u1ea7n n\u00e0y. \u00d4ng cho bi\u1ebft m\u00e1y c\u1ee7a ch\u00fang t\u00f4i c\u00f3 hi\u1ec7u su\u1ea5t t\u1ed1t, hi\u1ec7u qu\u1ea3 cao v\u00e0 \u1ee9ng d\u1ee5ng r\u1ed9ng, v\u00e0 kh\u00e1ch h\u00e0ng th\u00edch m\u00e1y n\u00e0y r\u1ea5t nhi\u1ec1u.<\/p>   <div class=\"wp-block-image\"> <figure class=\"aligncenter size-full\"><img loading=\"lazy\" decoding=\"async\" width=\"720\" height=\"540\" src=\"https:\/\/fishfoodmachinery.com\/wp-content\/uploads\/2022\/09\/fish-feed-extruder-machine-manufacturer.webp\" alt=\"nh\u00e0 s\u1ea3n xu\u1ea5t m\u00e1y \u0111\u00f9n c\u00e1 c\u1ea5p c\u00e1\" class=\"wp-image-160\" title=\"\" srcset=\"https:\/\/fishfoodmachinery.com\/wp-content\/uploads\/2022\/09\/fish-feed-extruder-machine-manufacturer.webp 720w, https:\/\/fishfoodmachinery.com\/wp-content\/uploads\/2022\/09\/fish-feed-extruder-machine-manufacturer-300x225.webp 300w\" sizes=\"auto, (max-width: 720px) 100vw, 720px\" \/><figcaption class=\"wp-element-caption\">nh\u00e0 s\u1ea3n xu\u1ea5t m\u00e1y \u0111\u00f9n c\u00e1 c\u1ea5p c\u00e1<\/figcaption><\/figure> <\/div>   <h2 class=\"wp-block-heading\" id=\"h-technical-parameters-of-the-floating-fish-feed-extruder-machine\"><strong>C\u00e1c th\u00f4ng s\u1ed1 k\u1ef9 thu\u1eadt c\u1ee7a <a href=\"https:\/\/fishfoodmachinery.com\/vi\/product\/floating-fish-feed-machine\/\" target=\"_blank\" rel=\"noreferrer noopener\">C\u00e1 n\u1ed5i th\u1ee9c \u0103n m\u00e1y \u0111\u00f9n<\/a><\/strong><\/h2>    <figure class=\"wp-block-table\"><table><tbody><tr><td>Ng\u01b0\u1eddi m\u1eabu<\/td><td>Dung t\u00edch<\/td><td>Ngu\u1ed3n \u0111i\u1ec7n ch\u00ednh<\/td><td>C\u00f4ng su\u1ea5t c\u1eaft<\/td><td>Ngu\u1ed3n cung c\u1ea5p th\u1ee9c \u0103n<\/td><td>\u0110\u01b0\u1eddng k\u00ednh tr\u1ee5c v\u00edt<\/td><td>K\u00edch c\u1ee1<\/td><td>C\u00e2n n\u1eb7ng<\/td><\/tr><tr><td>DGP-40<\/td><td>40-50kg\/gi\u1edd<\/td><td>7,5kW<\/td><td>0,4kW<\/td><td>0,4kW<\/td><td>40mm<\/td><td>1260*860*1250mm<\/td><td>290kg<\/td><\/tr><tr><td>DGP-60<\/td><td>150kg\/gi\u1edd<\/td><td>15kW<\/td><td>0,4kW<\/td><td>0,4kW<\/td><td>60mm<\/td><td>1450*950*1430mm<\/td><td>480kg<\/td><\/tr><tr><td>DGP-70<\/td><td>180-250kg\/gi\u1edd<\/td><td>18,5kW<\/td><td>0,4kW<\/td><td>0,4kW<\/td><td>70mm<\/td><td>1600*1400*1450mm<\/td><td>600kg<\/td><\/tr><tr><td>DGP-80<\/td><td>300-350kg\/gi\u1edd<\/td><td>22kW<\/td><td>0,4kW<\/td><td>0,4kW<\/td><td>80mm<\/td><td>1850*1470*1500m<\/td><td>800kg<\/td><\/tr><\/tbody><\/table><\/figure>    <h2 class=\"wp-block-heading\"><strong>Video l\u00e0m vi\u1ec7c c\u1ee7a m\u00e1y \u0111\u00f9n th\u1ee9c \u0103n c\u00e1 kh\u00f4<\/strong><\/h2>    <figure class=\"wp-block-embed is-type-video is-provider-youtube wp-block-embed-youtube wp-embed-aspect-16-9 wp-has-aspect-ratio\"><div class=\"wp-block-embed__wrapper\"> <iframe loading=\"lazy\" title=\"C\u00e1 n\u1ed5i th\u1ee9c \u0103n m\u00e1y \u0111\u00f9n | Lo\u1ea1i c\u00e1 n\u1ed5i DOAATIATION FEED M\u00c1Y #FISHFEED\" width=\"500\" height=\"281\" src=\"https:\/\/www.youtube.com\/embed\/XbMUnzECEDo?feature=oembed\" frameborder=\"0\" allow=\"accelerometer; autoplay; clipboard-write; encrypted-media; gyroscope; picture-in-picture; web-share\" referrerpolicy=\"strict-origin-when-cross-origin\" allowfullscreen><\/iframe> <\/div><\/figure>","protected":false},"excerpt":{"rendered":"<p>This fish feed extruder machine&nbsp;is used for the production of fish food pellets by the dry method. It is mainly separated from the wet fish food pellet production area. This dry method of fish food puffing machine directly crushed and mixed raw materials directly puffed into pellets, very convenient and efficient. If you are interested [&hellip;]<\/p>\n","protected":false},"author":1,"featured_media":157,"parent":0,"template":"","tags":[15,24,23,10,22,21],"product-type":[8],"class_list":["post-70","product","type-product","status-publish","has-post-thumbnail","hentry","tag-animal-feed-pellet-machine","tag-fish-feed","tag-floating-fish-feed-pellet-machine","tag-floating-fish-feed-production-line","tag-new-type-fish-feed-pellet-machine","tag-pet-food-machine","product-type-fish-feed-pellet-machine"],"_links":{"self":[{"href":"https:\/\/fishfoodmachinery.com\/vi\/wp-json\/wp\/v2\/product\/70","targetHints":{"allow":["GET"]}}],"collection":[{"href":"https:\/\/fishfoodmachinery.com\/vi\/wp-json\/wp\/v2\/product"}],"about":[{"href":"https:\/\/fishfoodmachinery.com\/vi\/wp-json\/wp\/v2\/types\/product"}],"author":[{"embeddable":true,"href":"https:\/\/fishfoodmachinery.com\/vi\/wp-json\/wp\/v2\/users\/1"}],"wp:featuredmedia":[{"embeddable":true,"href":"https:\/\/fishfoodmachinery.com\/vi\/wp-json\/wp\/v2\/media\/157"}],"wp:attachment":[{"href":"https:\/\/fishfoodmachinery.com\/vi\/wp-json\/wp\/v2\/media?parent=70"}],"wp:term":[{"taxonomy":"post_tag","embeddable":true,"href":"https:\/\/fishfoodmachinery.com\/vi\/wp-json\/wp\/v2\/tags?post=70"},{"taxonomy":"product-type","embeddable":true,"href":"https:\/\/fishfoodmachinery.com\/vi\/wp-json\/wp\/v2\/product-type?post=70"}],"curies":[{"name":"wp","href":"https:\/\/api.w.org\/{rel}","templated":true}]}}