{"id":706,"date":"2023-09-22T17:06:06","date_gmt":"2023-09-22T09:06:06","guid":{"rendered":"https:\/\/fishfoodmachinery.com\/?post_type=product&#038;p=706"},"modified":"2024-06-13T18:27:02","modified_gmt":"2024-06-13T10:27:02","slug":"feed-pellet-production-line","status":"publish","type":"product","link":"https:\/\/fishfoodmachinery.com\/vi\/product\/feed-pellet-production-line\/","title":{"rendered":"Nh\u00e0 m\u00e1y s\u1ea3n xu\u1ea5t th\u1ee9c \u0103n vi\u00ean ch\u0103n nu\u00f4i gia s\u00fac, g\u00e0"},"content":{"rendered":"<p class=\"translation-block\"><strong>D\u00e2y chuy\u1ec1n s\u1ea3n xu\u1ea5t vi\u00ean th\u1ee9c \u0103n<\/strong> \u0111\u01b0\u1ee3c s\u1eed d\u1ee5ng \u0111\u1eb7c bi\u1ec7t \u0111\u1ec3 ch\u1ebf bi\u1ebfn c\u00e1c lo\u1ea1i th\u1ee9c \u0103n cho \u0111\u1ed9ng v\u1eadt kh\u00e1c nhau, ch\u1eb3ng h\u1ea1n nh\u01b0 th\u1ee9c \u0103n cho g\u00e0, th\u1ee9c \u0103n cho gia s\u00fac, v.v. N\u00f3 bao g\u1ed3m m\u1ed9t s\u1ed1 quy tr\u00ecnh nh\u01b0 nghi\u1ec1n nguy\u00ean li\u1ec7u th\u00f4, tr\u1ed9n, \u00e9p, l\u00e0m m\u00e1t v\u00e0 \u0111\u00f3ng g\u00f3i. <\/p>    <p>C\u00f4ng su\u1ea5t dao \u0111\u1ed9ng t\u1eeb 150kg\/h \u0111\u1ebfn 800kg\/h, c\u00f3 th\u1ec3 \u0111\u00e1p \u1ee9ng c\u00e1c nh\u00e0 m\u00e1y th\u1ee9c \u0103n t\u1eeb quy m\u00f4 nh\u1ecf \u0111\u1ebfn quy m\u00f4 l\u1edbn.<\/p>   <div class=\"wp-block-image\"> <figure class=\"aligncenter size-full\"><img loading=\"lazy\" decoding=\"async\" width=\"720\" height=\"540\" src=\"https:\/\/fishfoodmachinery.com\/wp-content\/uploads\/2023\/09\/animal-feed-pellet-production-line-.webp\" alt=\"d\u00e2y chuy\u1ec1n s\u1ea3n xu\u1ea5t vi\u00ean th\u1ee9c \u0103n \u0111\u1ed9ng v\u1eadt\" class=\"wp-image-716\" title=\"\" srcset=\"https:\/\/fishfoodmachinery.com\/wp-content\/uploads\/2023\/09\/animal-feed-pellet-production-line-.webp 720w, https:\/\/fishfoodmachinery.com\/wp-content\/uploads\/2023\/09\/animal-feed-pellet-production-line--300x225.webp 300w\" sizes=\"auto, (max-width: 720px) 100vw, 720px\" \/><figcaption class=\"wp-element-caption\">d\u00e2y chuy\u1ec1n s\u1ea3n xu\u1ea5t vi\u00ean th\u1ee9c \u0103n \u0111\u1ed9ng v\u1eadt <\/figcaption><\/figure> <\/div>   <p>Th\u00f4ng qua d\u00e2y chuy\u1ec1n s\u1ea3n xu\u1ea5t n\u00e0y, c\u00e1c nguy\u00ean li\u1ec7u th\u00f4 kh\u00e1c nhau, ch\u1eb3ng h\u1ea1n nh\u01b0 ng\u0169 c\u1ed1c, protein, vitamin, v.v., c\u00f3 th\u1ec3 \u0111\u01b0\u1ee3c x\u1eed l\u00fd v\u00e0 bi\u1ebfn th\u00e0nh th\u1ee9c \u0103n h\u1ea1t ch\u1ea5t l\u01b0\u1ee3ng cao, \u0111\u1ed3ng \u0111\u1ec1u, ph\u00f9 h\u1ee3p cho c\u00e1c l\u0129nh v\u1ef1c sinh s\u1ea3n kh\u00e1c nhau, nh\u01b0 gia c\u1ea7m, ch\u0103n nu\u00f4i, nu\u00f4i tr\u1ed3ng th\u1ee7y s\u1ea3n v\u00e0 s\u1edbm. <\/p>    <p>Vi\u1ec7c t\u1ef1 \u0111\u1ed9ng h\u00f3a v\u00e0 hi\u1ec7u qu\u1ea3 cao c\u1ee7a d\u00e2y chuy\u1ec1n s\u1ea3n xu\u1ea5t vi\u00ean th\u1ee9c \u0103n cho \u0111\u1ed9ng v\u1eadt c\u1ea3i thi\u1ec7n ch\u1ea5t l\u01b0\u1ee3ng v\u00e0 n\u0103ng su\u1ea5t s\u1ea3n xu\u1ea5t th\u1ee9c \u0103n v\u00e0 gi\u00fap ng\u00e0nh n\u00f4ng nghi\u1ec7p cung c\u1ea5p th\u1ee9c \u0103n l\u00e0nh m\u1ea1nh v\u00e0 b\u1ed5 d\u01b0\u1ee1ng h\u01a1n.<\/p>    <h2 class=\"wp-block-heading\"><strong>S\u1ef1 c\u1ea7n thi\u1ebft ph\u1ea3i l\u00e0m vi\u00ean cho th\u1ee9c \u0103n cho \u0111\u1ed9ng v\u1eadt<\/strong><\/h2>    <p>S\u1ea3n xu\u1ea5t vi\u00ean th\u1ee9c \u0103n l\u00e0 m\u1ed9t ph\u1ea7n c\u1ea7n thi\u1ebft c\u1ee7a ch\u0103n nu\u00f4i v\u00e0 ch\u0103n nu\u00f4i gia c\u1ea7m hi\u1ec7n \u0111\u1ea1i. N\u00f3 \u0111\u1ea3m b\u1ea3o r\u1eb1ng \u0111\u1ed9ng v\u1eadt nu\u00f4i nh\u1eadn \u0111\u01b0\u1ee3c dinh d\u01b0\u1ee1ng to\u00e0n di\u1ec7n b\u1eb1ng c\u00e1ch d\u00f9ng nhi\u1ec1u lo\u1ea1i nguy\u00ean li\u1ec7u th\u00f4, bao g\u1ed3m ng\u0169 c\u1ed1c, protein, vitamin, v.v., v\u00e0 x\u1eed l\u00fd khoa h\u1ecdc ch\u00fang th\u00e0nh th\u1ee9c \u0103n h\u1ea1t th\u1ed1ng nh\u1ea5t. <\/p>    <p>\u0110i\u1ec1u n\u00e0y kh\u00f4ng ch\u1ec9 l\u00e0m t\u0103ng t\u1ed1c \u0111\u1ed9 t\u0103ng tr\u01b0\u1edfng v\u00e0 tr\u1ecdng l\u01b0\u1ee3ng c\u1ee7a v\u1eadt nu\u00f4i v\u00e0 gia c\u1ea7m, m\u00e0 c\u00f2n t\u0103ng c\u01b0\u1eddng ch\u1ea5t l\u01b0\u1ee3ng s\u1ea3n ph\u1ea9m. S\u1ef1 \u0111\u1ed3ng nh\u1ea5t c\u1ee7a c\u00e1c h\u1ea1t th\u1ee9c \u0103n l\u00e0m gi\u1ea3m s\u1ef1 l\u00e3ng ph\u00ed th\u1ee9c \u0103n v\u00e0 gi\u1ea3m \u00f4 nhi\u1ec5m m\u00f4i tr\u01b0\u1eddng.<\/p>   <div class=\"wp-block-image\"> <figure class=\"aligncenter size-full\"><img loading=\"lazy\" decoding=\"async\" width=\"720\" height=\"540\" src=\"https:\/\/fishfoodmachinery.com\/wp-content\/uploads\/2023\/09\/animal-feed-pellet-plant-machine.webp\" alt=\"m\u00e1y th\u1ef1c v\u1eadt th\u1ee9c \u0103n cho \u0111\u1ed9ng v\u1eadt\" class=\"wp-image-717\" title=\"\" srcset=\"https:\/\/fishfoodmachinery.com\/wp-content\/uploads\/2023\/09\/animal-feed-pellet-plant-machine.webp 720w, https:\/\/fishfoodmachinery.com\/wp-content\/uploads\/2023\/09\/animal-feed-pellet-plant-machine-300x225.webp 300w\" sizes=\"auto, (max-width: 720px) 100vw, 720px\" \/><figcaption class=\"wp-element-caption\">m\u00e1y th\u1ef1c v\u1eadt th\u1ee9c \u0103n cho \u0111\u1ed9ng v\u1eadt<\/figcaption><\/figure> <\/div>   <p>Ngo\u00e0i ra, t\u1ef1 \u0111\u1ed9ng h\u00f3a d\u00f2ng th\u1ee9c \u0103n gi\u00fap c\u1ea3i thi\u1ec7n hi\u1ec7u qu\u1ea3 s\u1ea3n xu\u1ea5t v\u00e0 gi\u1ea3m chi ph\u00ed s\u1ea3n xu\u1ea5t. <\/p>    <p>Do \u0111\u00f3, s\u1ea3n xu\u1ea5t vi\u00ean th\u1ee9c \u0103n l\u00e0 \u0111i\u1ec1u c\u1ea7n thi\u1ebft \u0111\u1ec3 \u0111\u00e1p \u1ee9ng nhu c\u1ea7u canh t\u00e1c ng\u00e0y c\u00e0ng t\u0103ng v\u00e0 c\u1ea3i thi\u1ec7n an to\u00e0n th\u1ef1c ph\u1ea9m v\u00e0 canh t\u00e1c b\u1ec1n v\u1eefng.<\/p>    <h2 class=\"wp-block-heading\"><strong>Quy tr\u00ecnh s\u1ea3n xu\u1ea5t vi\u00ean th\u1ee9c \u0103n<\/strong><\/h2>   <div id=\"rank-math-howto\" class=\"rank-math-block\" > <div class=\"rank-math-howto-description\">  <p>Qu\u00e1 tr\u00ecnh d\u00e2y chuy\u1ec1n s\u1ea3n xu\u1ea5t vi\u00ean th\u1ee9c \u0103n gia s\u00fac bao g\u1ed3m c\u00e1c b\u01b0\u1edbc sau: chu\u1ea9n b\u1ecb nguy\u00ean li\u1ec7u th\u00f4, nghi\u1ec1n nguy\u00ean li\u1ec7u th\u00f4, tr\u1ed9n, \u0111\u00fac vi\u00ean, l\u00e0m m\u00e1t v\u00e0 \u0111\u00f3ng g\u00f3i.<\/p>  <\/div>  <div class=\"rank-math-steps\"> <div id=\"howto-step-1695372539563\" class=\"rank-math-step\"> <h3 class=\"rank-math-step-title\">Chu\u1ea9n b\u1ecb nguy\u00ean li\u1ec7u<\/h3> <div class=\"rank-math-step-content\"><p>Chu\u1ea9n b\u1ecb nguy\u00ean li\u1ec7u th\u00f4 c\u1ee7a b\u1ea1n \u0111\u1ec3 s\u1ea3n xu\u1ea5t c\u00e1c vi\u00ean th\u1ee9c \u0103n nh\u01b0 ng\u0169 c\u1ed1c, h\u1ea1t ng\u00f4, c\u00e1m g\u1ea1o, v.v.<\/p> <\/div> <\/div> <div id=\"howto-step-1695372599965\" class=\"rank-math-step\"> <h3 class=\"rank-math-step-title\">Nghi\u1ec1n n\u00e1t<\/h3> <div class=\"rank-math-step-content\"><p>C\u00e1c th\u00e0nh ph\u1ea7n \u0111\u00e3 chu\u1ea9n b\u1ecb \u0111\u01b0\u1ee3c nghi\u1ec1n n\u00e1t \u0111\u1ec3 t\u1ea1o th\u00e0nh c\u00e1c h\u1ea1t m\u1ecbn.<\/p> <\/div> <\/div> <div id=\"howto-step-1695372621269\" class=\"rank-math-step\"> <h3 class=\"rank-math-step-title\">Tr\u1ed9n l\u1eabn<\/h3> <div class=\"rank-math-step-content\"><p>C\u00e1c th\u00e0nh ph\u1ea7n nghi\u1ec1n n\u00e1t \u0111\u01b0\u1ee3c tr\u1ed9n k\u1ef9 v\u00e0 sau \u0111\u00f3 c\u00e1c ch\u1ea5t dinh d\u01b0\u1ee1ng b\u1ea1n mu\u1ed1n th\u00eam, ch\u1eb3ng h\u1ea1n nh\u01b0 protein, vitamin, v.v., \u0111\u01b0\u1ee3c th\u00eam v\u00e0o.<\/p> <\/div> <\/div> <div id=\"howto-step-1695372626381\" class=\"rank-math-step\"> <h3 class=\"rank-math-step-title\">\u0110\u00fac<\/h3> <div class=\"rank-math-step-content\"><p class=\"translation-block\">Sau khi tr\u1ed9n, vi\u00ean th\u1ee9c \u0103n \u0111\u01b0\u1ee3c s\u1ea3n xu\u1ea5t b\u1eb1ng c\u00e1ch s\u1eed d\u1ee5ng m\u1ed9t <a href=\"https:\/\/fishfoodmachinery.com\/vi\/product\/animal-feed-pellet-machine-for-sale\/\">m\u00e1y \u00e9p vi\u00ean ph\u1eb3ng<\/a>. Nhi\u1ec7t \u0111\u1ed9 v\u00e0 \u00e1p su\u1ea5t cao cho ph\u00e9p s\u1ea3n xu\u1ea5t vi\u00ean th\u1ee9c \u0103n v\u1edbi k\u00edch th\u01b0\u1edbc v\u00e0 chi\u1ec1u d\u00e0i mong mu\u1ed1n.<\/p> <\/div> <\/div> <div id=\"howto-step-1695372634629\" class=\"rank-math-step\"> <h3 class=\"rank-math-step-title\">L\u00e0m m\u00e1t<\/h3> <div class=\"rank-math-step-content\"><p>Sau \u0111\u00f3, c\u00e1c vi\u00ean c\u1ea7n \u0111\u01b0\u1ee3c l\u00e0m m\u00e1t \u0111\u1ec3 c\u1ea3i thi\u1ec7n tu\u1ed5i th\u1ecd l\u01b0u tr\u1eef.<\/p> <\/div> <\/div> <div id=\"howto-step-1695372642285\" class=\"rank-math-step\"> <h3 class=\"rank-math-step-title\">Bao b\u00ec<\/h3> <div class=\"rank-math-step-content\"><p>Cu\u1ed1i c\u00f9ng, c\u00e1c vi\u00ean th\u1ee9c \u0103n \u0111\u01b0\u1ee3c c\u00e2n v\u00e0 \u0111\u00f3ng g\u00f3i b\u1edfi m\u00e1y g\u00f3i \u0111\u1ecbnh l\u01b0\u1ee3ng. Sau \u0111\u00f3, b\u1ea1n c\u00f3 th\u1ec3 b\u00e1n vi\u00ean th\u1ee9c \u0103n \u0111\u1ec3 ki\u1ebfm l\u1ee3i nhu\u1eadn.<\/p> <\/div> <\/div> <\/div> <\/div>       <h2 class=\"wp-block-heading\"><strong>Thi\u1ebft b\u1ecb \u0111\u01b0\u1ee3c s\u1eed d\u1ee5ng trong d\u00e2y chuy\u1ec1n s\u1ea3n xu\u1ea5t vi\u00ean th\u1ee9c \u0103n \u0111\u1ed9ng v\u1eadt<\/strong><\/h2>    <div class=\"wp-block-columns is-layout-flex wp-container-core-columns-is-layout-9d6595d7 wp-block-columns-is-layout-flex\"> <div class=\"wp-block-column is-layout-flow wp-block-column-is-layout-flow\"> <figure class=\"wp-block-image size-full\"><img loading=\"lazy\" decoding=\"async\" width=\"720\" height=\"540\" src=\"https:\/\/fishfoodmachinery.com\/wp-content\/uploads\/2023\/09\/crushing-machine.webp\" alt=\"m\u00e1y nghi\u1ec1n\" class=\"wp-image-718\" title=\"\" srcset=\"https:\/\/fishfoodmachinery.com\/wp-content\/uploads\/2023\/09\/crushing-machine.webp 720w, https:\/\/fishfoodmachinery.com\/wp-content\/uploads\/2023\/09\/crushing-machine-300x225.webp 300w\" sizes=\"auto, (max-width: 720px) 100vw, 720px\" \/><figcaption class=\"wp-element-caption\">M\u00e1y nghi\u1ec1n<\/figcaption><\/figure> <\/div>    <div class=\"wp-block-column is-vertically-aligned-center is-layout-flow wp-block-column-is-layout-flow\"> <p class=\"has-text-align-center translation-block\"><strong>M\u00e1y nghi\u1ec1n b\u00faa<\/strong><\/p> <\/div> <\/div>    <div class=\"wp-block-columns is-layout-flex wp-container-core-columns-is-layout-9d6595d7 wp-block-columns-is-layout-flex\"> <div class=\"wp-block-column is-vertically-aligned-center is-layout-flow wp-block-column-is-layout-flow\"> <p class=\"has-text-align-center translation-block\"><strong>M\u00e1y tr\u1ed9n<\/strong><\/p> <\/div>    <div class=\"wp-block-column is-layout-flow wp-block-column-is-layout-flow\"> <figure class=\"wp-block-image size-full\"><img loading=\"lazy\" decoding=\"async\" width=\"720\" height=\"540\" src=\"https:\/\/fishfoodmachinery.com\/wp-content\/uploads\/2023\/09\/mixer.webp\" alt=\"m\u00e1y tr\u1ed9n\" class=\"wp-image-719\" title=\"\" srcset=\"https:\/\/fishfoodmachinery.com\/wp-content\/uploads\/2023\/09\/mixer.webp 720w, https:\/\/fishfoodmachinery.com\/wp-content\/uploads\/2023\/09\/mixer-300x225.webp 300w\" sizes=\"auto, (max-width: 720px) 100vw, 720px\" \/><figcaption class=\"wp-element-caption\">M\u00e1y tr\u1ed9n<\/figcaption><\/figure> <\/div> <\/div>    <div class=\"wp-block-columns is-layout-flex wp-container-core-columns-is-layout-9d6595d7 wp-block-columns-is-layout-flex\"> <div class=\"wp-block-column is-layout-flow wp-block-column-is-layout-flow\"> <figure class=\"wp-block-image size-full\"><img loading=\"lazy\" decoding=\"async\" width=\"720\" height=\"540\" src=\"https:\/\/fishfoodmachinery.com\/wp-content\/uploads\/2023\/09\/feed-pellet-machine.webp\" alt=\"Feed Pellet Machine\" class=\"wp-image-723\" title=\"\" srcset=\"https:\/\/fishfoodmachinery.com\/wp-content\/uploads\/2023\/09\/feed-pellet-machine.webp 720w, https:\/\/fishfoodmachinery.com\/wp-content\/uploads\/2023\/09\/feed-pellet-machine-300x225.webp 300w\" sizes=\"auto, (max-width: 720px) 100vw, 720px\" \/><figcaption class=\"wp-element-caption\">Feed Pellet Machine<\/figcaption><\/figure> <\/div>    <div class=\"wp-block-column is-vertically-aligned-center is-layout-flow wp-block-column-is-layout-flow\"> <p class=\"has-text-align-center translation-block\"><strong>M\u00e1y \u00e9p vi\u00ean th\u1ee9c \u0103n cho gia s\u00fac<\/strong><\/p> <\/div> <\/div>    <div class=\"wp-block-columns is-layout-flex wp-container-core-columns-is-layout-9d6595d7 wp-block-columns-is-layout-flex\"> <div class=\"wp-block-column is-vertically-aligned-center is-layout-flow wp-block-column-is-layout-flow\"> <p class=\"has-text-align-center translation-block\"><strong>M\u00e1y \u0111\u00f3ng g\u00f3i<\/strong><\/p> <\/div>    <div class=\"wp-block-column is-layout-flow wp-block-column-is-layout-flow\"> <figure class=\"wp-block-image size-full\"><img loading=\"lazy\" decoding=\"async\" width=\"720\" height=\"540\" src=\"https:\/\/fishfoodmachinery.com\/wp-content\/uploads\/2023\/09\/packaging-machine.webp\" alt=\"m\u00e1y \u0111\u00f3ng g\u00f3i\" class=\"wp-image-725\" title=\"\" srcset=\"https:\/\/fishfoodmachinery.com\/wp-content\/uploads\/2023\/09\/packaging-machine.webp 720w, https:\/\/fishfoodmachinery.com\/wp-content\/uploads\/2023\/09\/packaging-machine-300x225.webp 300w\" sizes=\"auto, (max-width: 720px) 100vw, 720px\" \/><figcaption class=\"wp-element-caption\">M\u00e1y \u0111\u00f3ng g\u00f3i<\/figcaption><\/figure> <\/div> <\/div>    <h2 class=\"wp-block-heading\"><strong>C\u00e1c t\u00ednh n\u0103ng c\u1ee7a d\u00e2y chuy\u1ec1n s\u1ea3n xu\u1ea5t vi\u00ean th\u1ee9c \u0103n g\u00e0<\/strong><\/h2>   <div class=\"wp-block-image\"> <figure class=\"aligncenter size-full\"><img loading=\"lazy\" decoding=\"async\" width=\"720\" height=\"540\" src=\"https:\/\/fishfoodmachinery.com\/wp-content\/uploads\/2023\/09\/cattle-feed-pellet-production-line.webp\" alt=\"d\u00e2y chuy\u1ec1n s\u1ea3n xu\u1ea5t vi\u00ean th\u1ee9c \u0103n gia s\u00fac\" class=\"wp-image-727\" title=\"\" srcset=\"https:\/\/fishfoodmachinery.com\/wp-content\/uploads\/2023\/09\/cattle-feed-pellet-production-line.webp 720w, https:\/\/fishfoodmachinery.com\/wp-content\/uploads\/2023\/09\/cattle-feed-pellet-production-line-300x225.webp 300w\" sizes=\"auto, (max-width: 720px) 100vw, 720px\" \/><figcaption class=\"wp-element-caption\">d\u00e2y chuy\u1ec1n s\u1ea3n xu\u1ea5t vi\u00ean th\u1ee9c \u0103n gia s\u00fac<\/figcaption><\/figure> <\/div>   <ul class=\"wp-block-list\"> <li>Ho\u1ea1t \u0111\u1ed9ng ho\u00e0n to\u00e0n t\u1ef1 \u0111\u1ed9ng v\u1edbi hi\u1ec7u qu\u1ea3 s\u1ea3n xu\u1ea5t cao;<\/li>    <li>T\u00ednh linh ho\u1ea1t, l\u00e0m cho c\u00e1c lo\u1ea1i vi\u00ean th\u1ee9c \u0103n kh\u00e1c nhau;<\/li>    <li>Vi\u00ean \u0111\u1ed3ng \u0111\u1ec1u, gi\u00e0u ch\u1ea5t dinh d\u01b0\u1ee1ng, d\u1ec5 ti\u00eau h\u00f3a v\u00e0 h\u1ea5p th\u1ee5;<\/li>    <li>Qu\u00e1 tr\u00ecnh s\u1ea3n xu\u1ea5t c\u00f3 th\u1ec3 ki\u1ec3m so\u00e1t, s\u1eed d\u1ee5ng cao nguy\u00ean li\u1ec7u th\u00f4; <\/li>    <li>Ti\u1ebft ki\u1ec7m nh\u00e2n l\u1ef1c v\u00e0 chi ph\u00ed n\u0103ng l\u01b0\u1ee3ng;<\/li>    <li>N\u00f3 c\u00f3 th\u1ec3 \u0111\u01b0\u1ee3c t\u00f9y ch\u1ec9nh theo c\u00e1c nhu c\u1ea7u kh\u00e1c nhau v\u00e0 ph\u00f9 h\u1ee3p cho t\u1ea5t c\u1ea3 c\u00e1c quy m\u00f4 c\u1ee7a canh t\u00e1c.<\/li> <\/ul>    <p>Nh\u1eefng t\u00ednh n\u0103ng n\u00e0y l\u00e0m cho d\u00e2y chuy\u1ec1n s\u1ea3n xu\u1ea5t vi\u00ean th\u1ee9c \u0103n g\u00e0 tr\u1edf th\u00e0nh m\u1ed9t l\u1ef1a ch\u1ecdn l\u00fd t\u01b0\u1edfng \u0111\u1ec3 c\u1ea3i thi\u1ec7n ch\u1ea5t l\u01b0\u1ee3ng th\u1ee9c \u0103n, gi\u1ea3m chi ph\u00ed s\u1ea3n xu\u1ea5t v\u00e0 t\u0103ng hi\u1ec7u qu\u1ea3 n\u00f4ng nghi\u1ec7p.<\/p>    <h2 class=\"wp-block-heading\"><strong>S\u1ef1 kh\u00e1c bi\u1ec7t gi\u1eefa d\u00e2y chuy\u1ec1n s\u1ea3n xu\u1ea5t vi\u00ean th\u1ee9c \u0103n v\u00e0 d\u00f2ng th\u1ee9c \u0103n n\u1ed5i<\/strong><\/h2>    <p class=\"translation-block\">S\u1ef1 kh\u00e1c bi\u1ec7t ch\u00ednh n\u1eb1m \u1edf m\u1ee5c ti\u00eau s\u1ea3n xu\u1ea5t. Nh\u00e0 m\u00e1y s\u1ea3n xu\u1ea5t th\u1ee9c \u0103n cho g\u00e0 ch\u1ee7 y\u1ebfu \u0111\u01b0\u1ee3c s\u1eed d\u1ee5ng \u0111\u1ec3 s\u1ea3n xu\u1ea5t th\u1ee9c \u0103n vi\u00ean cho gia c\u1ea7m, gia s\u00fac, v.v., t\u1eadp trung v\u00e0o s\u1ef1 \u0111\u1ed3ng nh\u1ea5t v\u00e0 \u1ed5n \u0111\u1ecbnh c\u1ee7a vi\u00ean th\u1ee9c \u0103n. <a href=\"https:\/\/fishfoodmachinery.com\/vi\/product\/small-floating-fish-feed-production-line\/\">D\u00e2y chuy\u1ec1n ch\u1ebf bi\u1ebfn th\u1ee9c \u0103n cho c\u00e1<\/a>, ng\u01b0\u1ee3c l\u1ea1i, t\u1eadp trung v\u00e0o s\u1ea3n xu\u1ea5t th\u1ee9c \u0103n ph\u00f9 h\u1ee3p cho c\u00e1 tr\u00f4i n\u1ed5i trong n\u01b0\u1edbc, v\u1edbi tr\u1ecdng t\u00e2m l\u00e0 \u0111\u1ed9 n\u1ed5i v\u00e0 s\u1ef1 \u1ed5n \u0111\u1ecbnh c\u1ee7a vi\u00ean th\u1ee9c \u0103n trong n\u01b0\u1edbc.<\/p>    <h2 class=\"wp-block-heading\"><strong>C\u00e1c tr\u01b0\u1eddng h\u1ee3p th\u00e0nh c\u00f4ng c\u1ee7a th\u1ef1c v\u1eadt l\u00e0m th\u1ee9c \u0103n cho \u0111\u1ed9ng v\u1eadt <\/strong><\/h2>    <div class=\"wp-block-columns is-layout-flex wp-container-core-columns-is-layout-9d6595d7 wp-block-columns-is-layout-flex\"> <div class=\"wp-block-column is-layout-flow wp-block-column-is-layout-flow\"> <figure class=\"wp-block-embed is-type-wp-embed is-provider-fish-feed-pellet-machine wp-block-embed-fish-feed-pellet-machine\"><div class=\"wp-block-embed__wrapper\"> <blockquote class=\"wp-embedded-content\" data-secret=\"h8Rl9dtQNv\"><a href=\"https:\/\/fishfoodmachinery.com\/vi\/Info\/feed-pellet-machine-algeria\/\">Xu\u1ea5t kh\u1ea9u m\u00e1y Pellet sang Algeria<\/a><\/blockquote><iframe loading=\"lazy\" class=\"wp-embedded-content\" sandbox=\"allow-scripts\" security=\"restricted\" style=\"position: absolute; clip: rect(1px, 1px, 1px, 1px);\" title=\"Xu\u1ea5t kh\u1ea9u m\u00e1y nh\u00fang th\u1ee9c \u0103n sang Algeria - m\u00e1y nh\u00fang th\u1ee9c \u0103n c\u00e1\" src=\"https:\/\/fishfoodmachinery.com\/Info\/feed-pellet-machine-algeria\/embed\/#?secret=nI6q9ClzxY#?secret=h8Rl9dtQNv\" data-secret=\"h8Rl9dtQNv\" width=\"500\" height=\"282\" frameborder=\"0\" marginwidth=\"0\" marginheight=\"0\" scrolling=\"no\"><\/iframe> <\/div><\/figure> <\/div>    <div class=\"wp-block-column is-layout-flow wp-block-column-is-layout-flow\"> <figure class=\"wp-block-embed is-type-wp-embed is-provider-fish-feed-pellet-machine wp-block-embed-fish-feed-pellet-machine\"><div class=\"wp-block-embed__wrapper\"> <blockquote class=\"wp-embedded-content\" data-secret=\"d1ELJxwe6e\"><a href=\"https:\/\/fishfoodmachinery.com\/vi\/Info\/feed-pellet-making-machine-chile\/\">Model 400 M\u00e1y l\u00e0m vi\u00ean th\u1ee9c \u0103n \u0111\u01b0\u1ee3c b\u00e1n cho Chile<\/a><\/blockquote><iframe loading=\"lazy\" class=\"wp-embedded-content\" sandbox=\"allow-scripts\" security=\"restricted\" style=\"position: absolute; clip: rect(1px, 1px, 1px, 1px);\" title=\"M\u1eabu m\u00e1y l\u00e0m th\u1ee9c \u0103n c\u1ee7a m\u00f4 h\u00ecnh 400\" src=\"https:\/\/fishfoodmachinery.com\/Info\/feed-pellet-making-machine-chile\/embed\/#?secret=NJjjlCpLI0#?secret=d1ELJxwe6e\" data-secret=\"d1ELJxwe6e\" width=\"500\" height=\"282\" frameborder=\"0\" marginwidth=\"0\" marginheight=\"0\" scrolling=\"no\"><\/iframe> <\/div><\/figure> <\/div> <\/div>    <div class=\"wp-block-columns is-layout-flex wp-container-core-columns-is-layout-9d6595d7 wp-block-columns-is-layout-flex\"> <div class=\"wp-block-column is-layout-flow wp-block-column-is-layout-flow\"> <figure class=\"wp-block-embed is-type-wp-embed is-provider-fish-feed-pellet-machine wp-block-embed-fish-feed-pellet-machine\"><div class=\"wp-block-embed__wrapper\"> <blockquote class=\"wp-embedded-content\" data-secret=\"RoP94Xx2xj\"><a href=\"https:\/\/fishfoodmachinery.com\/vi\/Info\/feed-pellet-mill-machine-ecuador\/\">\u0110\u1ea1i l\u00fd Ecuador mua m\u00e1y nghi\u1ec1n th\u1ee9c \u0103n vi\u00ean \u0111\u1ec3 m\u1edf r\u1ed9ng th\u1ecb tr\u01b0\u1eddng \u0111\u1ecba ph\u01b0\u01a1ng<\/a><\/blockquote><iframe loading=\"lazy\" class=\"wp-embedded-content\" sandbox=\"allow-scripts\" security=\"restricted\" style=\"position: absolute; clip: rect(1px, 1px, 1px, 1px);\" title=\"\u0110\u1ea1i l\u00fd Ecuador mua m\u00e1y l\u00e0m th\u1ee9c \u0103n m\u00e1y nghi\u1ec1n \u0111\u1ec3 m\u1edf r\u1ed9ng th\u1ecb tr\u01b0\u1eddng \u0111\u1ecba ph\u01b0\u01a1ng.\" src=\"https:\/\/fishfoodmachinery.com\/Info\/feed-pellet-mill-machine-ecuador\/embed\/#?secret=SgPAomtInY#?secret=RoP94Xx2xj\" data-secret=\"RoP94Xx2xj\" width=\"500\" height=\"282\" frameborder=\"0\" marginwidth=\"0\" marginheight=\"0\" scrolling=\"no\"><\/iframe> <\/div><\/figure> <\/div>    <div class=\"wp-block-column is-layout-flow wp-block-column-is-layout-flow\"> <figure class=\"wp-block-embed is-type-wp-embed is-provider-fish-feed-pellet-machine wp-block-embed-fish-feed-pellet-machine\"><div class=\"wp-block-embed__wrapper\"> <blockquote class=\"wp-embedded-content\" data-secret=\"Nfm0fZbbm8\"><a href=\"https:\/\/fishfoodmachinery.com\/vi\/Info\/flat-die-feed-pellet-mill-dominican-rep\/\">2000kg\/h Flat Die Feed Pellet Mill \u0111\u01b0\u1ee3c b\u00e1n cho C\u1ed9ng h\u00f2a Dominican<\/a><\/blockquote><iframe loading=\"lazy\" class=\"wp-embedded-content\" sandbox=\"allow-scripts\" security=\"restricted\" style=\"position: absolute; clip: rect(1px, 1px, 1px, 1px);\" title=\"C\u1ea5m 2000kg\/h Flat Die Feed Pellet Mill \u0111\u01b0\u1ee3c b\u00e1n cho C\u1ed9ng h\u00f2a Dominican -\" src=\"https:\/\/fishfoodmachinery.com\/Info\/flat-die-feed-pellet-mill-dominican-rep\/embed\/#?secret=89542NVbsh#?secret=Nfm0fZbbm8\" data-secret=\"Nfm0fZbbm8\" width=\"500\" height=\"282\" frameborder=\"0\" marginwidth=\"0\" marginheight=\"0\" scrolling=\"no\"><\/iframe> <\/div><\/figure> <\/div> <\/div>    <h2 class=\"wp-block-heading\"><strong>D\u1eef li\u1ec7u k\u1ef9 thu\u1eadt c\u1ee7a d\u00e2y chuy\u1ec1n s\u1ea3n xu\u1ea5t vi\u00ean th\u1ee9c \u0103n<\/strong><\/h2>    <p class=\"translation-block\"><strong>Th\u01b0\u01a1ng hi\u1ec7u<\/strong>: Taizy<\/p>    <p class=\"translation-block\"><strong>T\u00ean d\u00e2y chuy\u1ec1n<\/strong>: D\u00e2y chuy\u1ec1n s\u1ea3n xu\u1ea5t vi\u00ean th\u1ee9c \u0103n cho gia s\u00fac<\/p>    <p class=\"translation-block\"><strong>C\u00f4ng su\u1ea5t<\/strong>: 150kg\/h-800kg\/h<\/p>    <p class=\"translation-block\"><strong>Thi\u1ebft b\u1ecb trong nh\u00e0 m\u00e1y s\u1ea3n xu\u1ea5t vi\u00ean th\u1ee9c \u0103n cho gia s\u00fac<\/strong>: 9FQ, m\u00e1y tr\u1ed9n, <a href=\"https:\/\/fishfoodmachinery.com\/vi\/product\/animal-feed-pellet-machine-for-sale\/\">m\u00e1y \u00e9p vi\u00ean th\u1ee9c \u0103n cho gia s\u00fac<\/a>, m\u00e1y l\u00e0m m\u00e1t, m\u00e1y \u0111\u00f3ng g\u00f3i<\/p>    <p class=\"translation-block\"><strong>Vi\u00ean th\u1ee9c \u0103n s\u1ea3n xu\u1ea5t ra<\/strong>: <a href=\"https:\/\/en.wikipedia.org\/wiki\/Poultry\" target=\"_blank\" rel=\"noopener\">Gia c\u1ea7m<\/a>, g\u00e0, gia s\u00fac, c\u1eebu, d\u00ea, th\u1ecf, v.v.<\/p>","protected":false},"excerpt":{"rendered":"<p>D\u00e2y chuy\u1ec1n s\u1ea3n xu\u1ea5t th\u1ee9c \u0103n vi\u00ean chuy\u00ean d\u00f9ng \u0111\u1ec3 ch\u1ebf bi\u1ebfn c\u00e1c lo\u1ea1i th\u1ee9c \u0103n ch\u0103n nu\u00f4i kh\u00e1c nhau nh\u01b0 th\u1ee9c \u0103n cho g\u00e0, th\u1ee9c \u0103n gia s\u00fac, v.v., v\u1edbi c\u00f4ng su\u1ea5t 150-800 kg\/h.<\/p>","protected":false},"author":1,"featured_media":707,"parent":0,"template":"","tags":[53],"product-type":[7],"class_list":["post-706","product","type-product","status-publish","has-post-thumbnail","hentry","tag-animal-feed","product-type-production-line"],"_links":{"self":[{"href":"https:\/\/fishfoodmachinery.com\/vi\/wp-json\/wp\/v2\/product\/706","targetHints":{"allow":["GET"]}}],"collection":[{"href":"https:\/\/fishfoodmachinery.com\/vi\/wp-json\/wp\/v2\/product"}],"about":[{"href":"https:\/\/fishfoodmachinery.com\/vi\/wp-json\/wp\/v2\/types\/product"}],"author":[{"embeddable":true,"href":"https:\/\/fishfoodmachinery.com\/vi\/wp-json\/wp\/v2\/users\/1"}],"wp:featuredmedia":[{"embeddable":true,"href":"https:\/\/fishfoodmachinery.com\/vi\/wp-json\/wp\/v2\/media\/707"}],"wp:attachment":[{"href":"https:\/\/fishfoodmachinery.com\/vi\/wp-json\/wp\/v2\/media?parent=706"}],"wp:term":[{"taxonomy":"post_tag","embeddable":true,"href":"https:\/\/fishfoodmachinery.com\/vi\/wp-json\/wp\/v2\/tags?post=706"},{"taxonomy":"product-type","embeddable":true,"href":"https:\/\/fishfoodmachinery.com\/vi\/wp-json\/wp\/v2\/product-type?post=706"}],"curies":[{"name":"wp","href":"https:\/\/api.w.org\/{rel}","templated":true}]}}